{"id":58268,"date":"2026-04-28T18:16:37","date_gmt":"2026-04-28T16:16:37","guid":{"rendered":"https:\/\/www.koonings.com\/product\/martina-liana-ml1704iq11\/"},"modified":"2025-06-05T12:46:19","modified_gmt":"2025-06-05T10:46:19","slug":"martina-liana-ml1704iq11","status":"publish","type":"product","link":"https:\/\/www.koonings.com\/de\/product\/martina-liana-ml1704iq11\/","title":{"rendered":"Martina Liana ML1704IQ11"},"content":{"rendered":"<p>Eine Couture-Vision wird mit dem Stil 1704 zum Leben erweckt: ein wundersch\u00f6nes romantisches Prinzessinnen-Ballkleid, das reich mit vertr\u00e4umten 3D-Blumendetails verziert ist. Der schlichte Ausschnitt geht in ein tadellos geschneidertes Korsettmieder \u00fcber, w\u00e4hrend abnehmbare schulterfreie Organzatr\u00e4ger in Form von Bl\u00fctenbl\u00e4ttern die Figur umrahmen. Die taillierte Baskettentaille geht in einen epischen Ballkleidrock \u00fcber, der optional mit glitzerndem Glitzert\u00fcll und floral akzentuierten Overlays versehen ist und zu einer langen, atemberaubenden Schleppe ausl\u00e4uft, die einem K\u00f6nigshaus w\u00fcrdig ist. Dieses bescheidene, aber bezaubernde Hochzeitskleid aus Spitze ist f\u00fcr die romantische Braut gemacht, die ein romantisches Hochzeitskleid sucht, das so einzigartig ist wie sie selbst. Dieses Hochzeitskleid ist in gro\u00dfen Gr\u00f6\u00dfen und mit ungef\u00fcttertem oder gef\u00fcttertem Oberteil erh\u00e4ltlich.    <\/p>\n","protected":false},"featured_media":43610,"template":"","meta":{"_acf_changed":false,"ghostkit_customizer_options":"","ghostkit_custom_css":"","ghostkit_custom_js_head":"","ghostkit_custom_js_foot":"","ghostkit_typography":""},"productdetails":[379,376],"productneck":[352],"productcolor":[392],"maat":[],"productsupplier":[431],"productsleeve":[359],"productcategory":[18],"productsilhouette":[388],"productstyle":[372],"class_list":["post-58268","product","type-product","status-publish","has-post-thumbnail","hentry","productdetails-379","productdetails-376","productneck-352","productcolor-392","productsupplier-martina-liana","productsleeve-359","productcategory-trouwjurken","productsilhouette-388","productstyle-372"],"acf":[],"yoast_head":"<!-- This site is optimized with the Yoast SEO plugin v27.3 - https:\/\/yoast.com\/product\/yoast-seo-wordpress\/ -->\n<title>Martina Liana ML1704IQ11 | Koonings<\/title>\n<meta name=\"description\" content=\"Eine Couture-Vision wird mit dem Stil 1704 zum Leben erweckt: ein wundersch\u00f6nes romantisches Prinzessinnen-Ballkleid, das reich mit vertr\u00e4umten 3D-Blumendetails verziert ist. Der schlichte Ausschnitt geht in ein tadellos geschneidertes Korsettmieder \u00fcber, w\u00e4hrend abnehmbare schulterfreie Organzatr\u00e4ger in Form von Bl\u00fctenbl\u00e4ttern die Figur umrahmen. Die taillierte Baskettentaille geht in einen epischen Ballkleidrock \u00fcber, der optional mit glitzerndem Glitzert\u00fcll und floral akzentuierten Overlays versehen ist und zu einer langen, atemberaubenden Schleppe ausl\u00e4uft, die einem K\u00f6nigshaus w\u00fcrdig ist. Dieses bescheidene, aber bezaubernde Hochzeitskleid aus Spitze ist f\u00fcr die romantische Braut gemacht, die ein romantisches Hochzeitskleid sucht, das so einzigartig ist wie sie selbst. Dieses Hochzeitskleid ist in gro\u00dfen Gr\u00f6\u00dfen und mit ungef\u00fcttertem oder gef\u00fcttertem Oberteil erh\u00e4ltlich.\" \/>\n<meta name=\"robots\" content=\"index, follow, max-snippet:-1, max-image-preview:large, max-video-preview:-1\" \/>\n<link rel=\"canonical\" href=\"https:\/\/www.koonings.com\/de\/product\/martina-liana-ml1704iq11\/\" \/>\n<meta property=\"og:locale\" content=\"de_DE\" \/>\n<meta property=\"og:type\" content=\"article\" \/>\n<meta property=\"og:title\" content=\"Martina Liana ML1704IQ11 | Koonings\" \/>\n<meta property=\"og:description\" content=\"Eine Couture-Vision wird mit dem Stil 1704 zum Leben erweckt: ein wundersch\u00f6nes romantisches Prinzessinnen-Ballkleid, das reich mit vertr\u00e4umten 3D-Blumendetails verziert ist. Der schlichte Ausschnitt geht in ein tadellos geschneidertes Korsettmieder \u00fcber, w\u00e4hrend abnehmbare schulterfreie Organzatr\u00e4ger in Form von Bl\u00fctenbl\u00e4ttern die Figur umrahmen. Die taillierte Baskettentaille geht in einen epischen Ballkleidrock \u00fcber, der optional mit glitzerndem Glitzert\u00fcll und floral akzentuierten Overlays versehen ist und zu einer langen, atemberaubenden Schleppe ausl\u00e4uft, die einem K\u00f6nigshaus w\u00fcrdig ist. Dieses bescheidene, aber bezaubernde Hochzeitskleid aus Spitze ist f\u00fcr die romantische Braut gemacht, die ein romantisches Hochzeitskleid sucht, das so einzigartig ist wie sie selbst. Dieses Hochzeitskleid ist in gro\u00dfen Gr\u00f6\u00dfen und mit ungef\u00fcttertem oder gef\u00fcttertem Oberteil erh\u00e4ltlich.\" \/>\n<meta property=\"og:url\" content=\"https:\/\/www.koonings.com\/de\/product\/martina-liana-ml1704iq11\/\" \/>\n<meta property=\"og:site_name\" content=\"Koonings\" \/>\n<meta property=\"article:publisher\" content=\"https:\/\/www.facebook.com\/kooningstheweddingpalace\" \/>\n<meta property=\"og:image\" content=\"https:\/\/www.koonings.com\/wp-content\/uploads\/2024\/11\/40270_f1059d3d12cdea7af5ccc1fea631e61b58483afbc63cc0027db20c09abc3e2d604581b52.jpeg\" \/>\n\t<meta property=\"og:image:width\" content=\"1264\" \/>\n\t<meta property=\"og:image:height\" content=\"1790\" \/>\n\t<meta property=\"og:image:type\" content=\"image\/jpeg\" \/>\n<meta name=\"twitter:card\" content=\"summary_large_image\" \/>\n<meta name=\"twitter:label1\" content=\"Gesch\u00e4tzte Lesezeit\" \/>\n\t<meta name=\"twitter:data1\" content=\"1\u00a0Minute\" \/>\n<script type=\"application\/ld+json\" class=\"yoast-schema-graph\">{\"@context\":\"https:\\\/\\\/schema.org\",\"@graph\":[{\"@type\":\"WebPage\",\"@id\":\"https:\\\/\\\/www.koonings.com\\\/de\\\/product\\\/martina-liana-ml1704iq11\\\/\",\"url\":\"https:\\\/\\\/www.koonings.com\\\/de\\\/product\\\/martina-liana-ml1704iq11\\\/\",\"name\":\"Martina Liana ML1704IQ11 | Koonings\",\"isPartOf\":{\"@id\":\"https:\\\/\\\/www.koonings.com\\\/de\\\/#website\"},\"primaryImageOfPage\":{\"@id\":\"https:\\\/\\\/www.koonings.com\\\/de\\\/product\\\/martina-liana-ml1704iq11\\\/#primaryimage\"},\"image\":{\"@id\":\"https:\\\/\\\/www.koonings.com\\\/de\\\/product\\\/martina-liana-ml1704iq11\\\/#primaryimage\"},\"thumbnailUrl\":\"https:\\\/\\\/www.koonings.com\\\/wp-content\\\/uploads\\\/2024\\\/11\\\/40270_f1059d3d12cdea7af5ccc1fea631e61b58483afbc63cc0027db20c09abc3e2d604581b52.jpeg\",\"datePublished\":\"2026-04-28T16:16:37+00:00\",\"description\":\"Eine Couture-Vision wird mit dem Stil 1704 zum Leben erweckt: ein wundersch\u00f6nes romantisches Prinzessinnen-Ballkleid, das reich mit vertr\u00e4umten 3D-Blumendetails verziert ist. Der schlichte Ausschnitt geht in ein tadellos geschneidertes Korsettmieder \u00fcber, w\u00e4hrend abnehmbare schulterfreie Organzatr\u00e4ger in Form von Bl\u00fctenbl\u00e4ttern die Figur umrahmen. Die taillierte Baskettentaille geht in einen epischen Ballkleidrock \u00fcber, der optional mit glitzerndem Glitzert\u00fcll und floral akzentuierten Overlays versehen ist und zu einer langen, atemberaubenden Schleppe ausl\u00e4uft, die einem K\u00f6nigshaus w\u00fcrdig ist. Dieses bescheidene, aber bezaubernde Hochzeitskleid aus Spitze ist f\u00fcr die romantische Braut gemacht, die ein romantisches Hochzeitskleid sucht, das so einzigartig ist wie sie selbst. Dieses Hochzeitskleid ist in gro\u00dfen Gr\u00f6\u00dfen und mit ungef\u00fcttertem oder gef\u00fcttertem Oberteil erh\u00e4ltlich.\",\"breadcrumb\":{\"@id\":\"https:\\\/\\\/www.koonings.com\\\/de\\\/product\\\/martina-liana-ml1704iq11\\\/#breadcrumb\"},\"inLanguage\":\"de\",\"potentialAction\":[{\"@type\":\"ReadAction\",\"target\":[\"https:\\\/\\\/www.koonings.com\\\/de\\\/product\\\/martina-liana-ml1704iq11\\\/\"]}]},{\"@type\":\"ImageObject\",\"inLanguage\":\"de\",\"@id\":\"https:\\\/\\\/www.koonings.com\\\/de\\\/product\\\/martina-liana-ml1704iq11\\\/#primaryimage\",\"url\":\"https:\\\/\\\/www.koonings.com\\\/wp-content\\\/uploads\\\/2024\\\/11\\\/40270_f1059d3d12cdea7af5ccc1fea631e61b58483afbc63cc0027db20c09abc3e2d604581b52.jpeg\",\"contentUrl\":\"https:\\\/\\\/www.koonings.com\\\/wp-content\\\/uploads\\\/2024\\\/11\\\/40270_f1059d3d12cdea7af5ccc1fea631e61b58483afbc63cc0027db20c09abc3e2d604581b52.jpeg\",\"width\":1264,\"height\":1790},{\"@type\":\"BreadcrumbList\",\"@id\":\"https:\\\/\\\/www.koonings.com\\\/de\\\/product\\\/martina-liana-ml1704iq11\\\/#breadcrumb\",\"itemListElement\":[{\"@type\":\"ListItem\",\"position\":1,\"name\":\"Home\",\"item\":\"https:\\\/\\\/www.koonings.com\\\/de\\\/\"},{\"@type\":\"ListItem\",\"position\":2,\"name\":\"Martina Liana ML1704IQ11\"}]},{\"@type\":\"WebSite\",\"@id\":\"https:\\\/\\\/www.koonings.com\\\/de\\\/#website\",\"url\":\"https:\\\/\\\/www.koonings.com\\\/de\\\/\",\"name\":\"Koonings\",\"description\":\"De grootste bruidsmodewinkel ter wereld\",\"publisher\":{\"@id\":\"https:\\\/\\\/www.koonings.com\\\/de\\\/#organization\"},\"potentialAction\":[{\"@type\":\"SearchAction\",\"target\":{\"@type\":\"EntryPoint\",\"urlTemplate\":\"https:\\\/\\\/www.koonings.com\\\/de\\\/?s={search_term_string}\"},\"query-input\":{\"@type\":\"PropertyValueSpecification\",\"valueRequired\":true,\"valueName\":\"search_term_string\"}}],\"inLanguage\":\"de\"},{\"@type\":\"Organization\",\"@id\":\"https:\\\/\\\/www.koonings.com\\\/de\\\/#organization\",\"name\":\"Koonings\",\"url\":\"https:\\\/\\\/www.koonings.com\\\/de\\\/\",\"logo\":{\"@type\":\"ImageObject\",\"inLanguage\":\"de\",\"@id\":\"https:\\\/\\\/www.koonings.com\\\/de\\\/#\\\/schema\\\/logo\\\/image\\\/\",\"url\":\"https:\\\/\\\/www.koonings.com\\\/wp-content\\\/uploads\\\/2024\\\/07\\\/logo.png\",\"contentUrl\":\"https:\\\/\\\/www.koonings.com\\\/wp-content\\\/uploads\\\/2024\\\/07\\\/logo.png\",\"width\":600,\"height\":428,\"caption\":\"Koonings\"},\"image\":{\"@id\":\"https:\\\/\\\/www.koonings.com\\\/de\\\/#\\\/schema\\\/logo\\\/image\\\/\"},\"sameAs\":[\"https:\\\/\\\/www.facebook.com\\\/kooningstheweddingpalace\",\"https:\\\/\\\/www.instagram.com\\\/kooningstheweddingpalace\",\"https:\\\/\\\/www.pinterest.com\\\/koonings\",\"https:\\\/\\\/www.youtube.com\\\/kooningstheweddingpalace\"]}]}<\/script>\n<!-- \/ Yoast SEO plugin. -->","yoast_head_json":{"title":"Martina Liana ML1704IQ11 | Koonings","description":"Eine Couture-Vision wird mit dem Stil 1704 zum Leben erweckt: ein wundersch\u00f6nes romantisches Prinzessinnen-Ballkleid, das reich mit vertr\u00e4umten 3D-Blumendetails verziert ist. Der schlichte Ausschnitt geht in ein tadellos geschneidertes Korsettmieder \u00fcber, w\u00e4hrend abnehmbare schulterfreie Organzatr\u00e4ger in Form von Bl\u00fctenbl\u00e4ttern die Figur umrahmen. Die taillierte Baskettentaille geht in einen epischen Ballkleidrock \u00fcber, der optional mit glitzerndem Glitzert\u00fcll und floral akzentuierten Overlays versehen ist und zu einer langen, atemberaubenden Schleppe ausl\u00e4uft, die einem K\u00f6nigshaus w\u00fcrdig ist. Dieses bescheidene, aber bezaubernde Hochzeitskleid aus Spitze ist f\u00fcr die romantische Braut gemacht, die ein romantisches Hochzeitskleid sucht, das so einzigartig ist wie sie selbst. Dieses Hochzeitskleid ist in gro\u00dfen Gr\u00f6\u00dfen und mit ungef\u00fcttertem oder gef\u00fcttertem Oberteil erh\u00e4ltlich.","robots":{"index":"index","follow":"follow","max-snippet":"max-snippet:-1","max-image-preview":"max-image-preview:large","max-video-preview":"max-video-preview:-1"},"canonical":"https:\/\/www.koonings.com\/de\/product\/martina-liana-ml1704iq11\/","og_locale":"de_DE","og_type":"article","og_title":"Martina Liana ML1704IQ11 | Koonings","og_description":"Eine Couture-Vision wird mit dem Stil 1704 zum Leben erweckt: ein wundersch\u00f6nes romantisches Prinzessinnen-Ballkleid, das reich mit vertr\u00e4umten 3D-Blumendetails verziert ist. Der schlichte Ausschnitt geht in ein tadellos geschneidertes Korsettmieder \u00fcber, w\u00e4hrend abnehmbare schulterfreie Organzatr\u00e4ger in Form von Bl\u00fctenbl\u00e4ttern die Figur umrahmen. Die taillierte Baskettentaille geht in einen epischen Ballkleidrock \u00fcber, der optional mit glitzerndem Glitzert\u00fcll und floral akzentuierten Overlays versehen ist und zu einer langen, atemberaubenden Schleppe ausl\u00e4uft, die einem K\u00f6nigshaus w\u00fcrdig ist. Dieses bescheidene, aber bezaubernde Hochzeitskleid aus Spitze ist f\u00fcr die romantische Braut gemacht, die ein romantisches Hochzeitskleid sucht, das so einzigartig ist wie sie selbst. Dieses Hochzeitskleid ist in gro\u00dfen Gr\u00f6\u00dfen und mit ungef\u00fcttertem oder gef\u00fcttertem Oberteil erh\u00e4ltlich.","og_url":"https:\/\/www.koonings.com\/de\/product\/martina-liana-ml1704iq11\/","og_site_name":"Koonings","article_publisher":"https:\/\/www.facebook.com\/kooningstheweddingpalace","og_image":[{"width":1264,"height":1790,"url":"https:\/\/www.koonings.com\/wp-content\/uploads\/2024\/11\/40270_f1059d3d12cdea7af5ccc1fea631e61b58483afbc63cc0027db20c09abc3e2d604581b52.jpeg","type":"image\/jpeg"}],"twitter_card":"summary_large_image","twitter_misc":{"Gesch\u00e4tzte Lesezeit":"1\u00a0Minute"},"schema":{"@context":"https:\/\/schema.org","@graph":[{"@type":"WebPage","@id":"https:\/\/www.koonings.com\/de\/product\/martina-liana-ml1704iq11\/","url":"https:\/\/www.koonings.com\/de\/product\/martina-liana-ml1704iq11\/","name":"Martina Liana ML1704IQ11 | Koonings","isPartOf":{"@id":"https:\/\/www.koonings.com\/de\/#website"},"primaryImageOfPage":{"@id":"https:\/\/www.koonings.com\/de\/product\/martina-liana-ml1704iq11\/#primaryimage"},"image":{"@id":"https:\/\/www.koonings.com\/de\/product\/martina-liana-ml1704iq11\/#primaryimage"},"thumbnailUrl":"https:\/\/www.koonings.com\/wp-content\/uploads\/2024\/11\/40270_f1059d3d12cdea7af5ccc1fea631e61b58483afbc63cc0027db20c09abc3e2d604581b52.jpeg","datePublished":"2026-04-28T16:16:37+00:00","description":"Eine Couture-Vision wird mit dem Stil 1704 zum Leben erweckt: ein wundersch\u00f6nes romantisches Prinzessinnen-Ballkleid, das reich mit vertr\u00e4umten 3D-Blumendetails verziert ist. Der schlichte Ausschnitt geht in ein tadellos geschneidertes Korsettmieder \u00fcber, w\u00e4hrend abnehmbare schulterfreie Organzatr\u00e4ger in Form von Bl\u00fctenbl\u00e4ttern die Figur umrahmen. Die taillierte Baskettentaille geht in einen epischen Ballkleidrock \u00fcber, der optional mit glitzerndem Glitzert\u00fcll und floral akzentuierten Overlays versehen ist und zu einer langen, atemberaubenden Schleppe ausl\u00e4uft, die einem K\u00f6nigshaus w\u00fcrdig ist. Dieses bescheidene, aber bezaubernde Hochzeitskleid aus Spitze ist f\u00fcr die romantische Braut gemacht, die ein romantisches Hochzeitskleid sucht, das so einzigartig ist wie sie selbst. Dieses Hochzeitskleid ist in gro\u00dfen Gr\u00f6\u00dfen und mit ungef\u00fcttertem oder gef\u00fcttertem Oberteil erh\u00e4ltlich.","breadcrumb":{"@id":"https:\/\/www.koonings.com\/de\/product\/martina-liana-ml1704iq11\/#breadcrumb"},"inLanguage":"de","potentialAction":[{"@type":"ReadAction","target":["https:\/\/www.koonings.com\/de\/product\/martina-liana-ml1704iq11\/"]}]},{"@type":"ImageObject","inLanguage":"de","@id":"https:\/\/www.koonings.com\/de\/product\/martina-liana-ml1704iq11\/#primaryimage","url":"https:\/\/www.koonings.com\/wp-content\/uploads\/2024\/11\/40270_f1059d3d12cdea7af5ccc1fea631e61b58483afbc63cc0027db20c09abc3e2d604581b52.jpeg","contentUrl":"https:\/\/www.koonings.com\/wp-content\/uploads\/2024\/11\/40270_f1059d3d12cdea7af5ccc1fea631e61b58483afbc63cc0027db20c09abc3e2d604581b52.jpeg","width":1264,"height":1790},{"@type":"BreadcrumbList","@id":"https:\/\/www.koonings.com\/de\/product\/martina-liana-ml1704iq11\/#breadcrumb","itemListElement":[{"@type":"ListItem","position":1,"name":"Home","item":"https:\/\/www.koonings.com\/de\/"},{"@type":"ListItem","position":2,"name":"Martina Liana ML1704IQ11"}]},{"@type":"WebSite","@id":"https:\/\/www.koonings.com\/de\/#website","url":"https:\/\/www.koonings.com\/de\/","name":"Koonings","description":"De grootste bruidsmodewinkel ter wereld","publisher":{"@id":"https:\/\/www.koonings.com\/de\/#organization"},"potentialAction":[{"@type":"SearchAction","target":{"@type":"EntryPoint","urlTemplate":"https:\/\/www.koonings.com\/de\/?s={search_term_string}"},"query-input":{"@type":"PropertyValueSpecification","valueRequired":true,"valueName":"search_term_string"}}],"inLanguage":"de"},{"@type":"Organization","@id":"https:\/\/www.koonings.com\/de\/#organization","name":"Koonings","url":"https:\/\/www.koonings.com\/de\/","logo":{"@type":"ImageObject","inLanguage":"de","@id":"https:\/\/www.koonings.com\/de\/#\/schema\/logo\/image\/","url":"https:\/\/www.koonings.com\/wp-content\/uploads\/2024\/07\/logo.png","contentUrl":"https:\/\/www.koonings.com\/wp-content\/uploads\/2024\/07\/logo.png","width":600,"height":428,"caption":"Koonings"},"image":{"@id":"https:\/\/www.koonings.com\/de\/#\/schema\/logo\/image\/"},"sameAs":["https:\/\/www.facebook.com\/kooningstheweddingpalace","https:\/\/www.instagram.com\/kooningstheweddingpalace","https:\/\/www.pinterest.com\/koonings","https:\/\/www.youtube.com\/kooningstheweddingpalace"]}]}},"_links":{"self":[{"href":"https:\/\/www.koonings.com\/de\/wp-json\/wp\/v2\/product\/58268","targetHints":{"allow":["GET"]}}],"collection":[{"href":"https:\/\/www.koonings.com\/de\/wp-json\/wp\/v2\/product"}],"about":[{"href":"https:\/\/www.koonings.com\/de\/wp-json\/wp\/v2\/types\/product"}],"wp:featuredmedia":[{"embeddable":true,"href":"https:\/\/www.koonings.com\/de\/wp-json\/wp\/v2\/media\/43610"}],"wp:attachment":[{"href":"https:\/\/www.koonings.com\/de\/wp-json\/wp\/v2\/media?parent=58268"}],"wp:term":[{"taxonomy":"productdetails","embeddable":true,"href":"https:\/\/www.koonings.com\/de\/wp-json\/wp\/v2\/productdetails?post=58268"},{"taxonomy":"productneck","embeddable":true,"href":"https:\/\/www.koonings.com\/de\/wp-json\/wp\/v2\/productneck?post=58268"},{"taxonomy":"productcolor","embeddable":true,"href":"https:\/\/www.koonings.com\/de\/wp-json\/wp\/v2\/productcolor?post=58268"},{"taxonomy":"maat","embeddable":true,"href":"https:\/\/www.koonings.com\/de\/wp-json\/wp\/v2\/maat?post=58268"},{"taxonomy":"productsupplier","embeddable":true,"href":"https:\/\/www.koonings.com\/de\/wp-json\/wp\/v2\/productsupplier?post=58268"},{"taxonomy":"productsleeve","embeddable":true,"href":"https:\/\/www.koonings.com\/de\/wp-json\/wp\/v2\/productsleeve?post=58268"},{"taxonomy":"productcategory","embeddable":true,"href":"https:\/\/www.koonings.com\/de\/wp-json\/wp\/v2\/productcategory?post=58268"},{"taxonomy":"productsilhouette","embeddable":true,"href":"https:\/\/www.koonings.com\/de\/wp-json\/wp\/v2\/productsilhouette?post=58268"},{"taxonomy":"productstyle","embeddable":true,"href":"https:\/\/www.koonings.com\/de\/wp-json\/wp\/v2\/productstyle?post=58268"}],"curies":[{"name":"wp","href":"https:\/\/api.w.org\/{rel}","templated":true}]}}