{"id":58265,"date":"2026-04-14T16:18:19","date_gmt":"2026-04-14T14:18:19","guid":{"rendered":"https:\/\/www.koonings.com\/product\/stella-york-7868cr11\/"},"modified":"2025-06-05T12:46:17","modified_gmt":"2025-06-05T10:46:17","slug":"stella-york-7868cr11","status":"publish","type":"product","link":"https:\/\/www.koonings.com\/de\/product\/stella-york-7868cr11\/","title":{"rendered":"Stella York 7868CR11"},"content":{"rendered":"<p>Das elegante und gewagte Modell 7868 verleiht dem klassischen Hochzeitskleid aus floraler Spitze einen sexy und modernen Touch. Enge Spaghettitr\u00e4ger zieren die Schultern und treffen auf den quadratischen Ausschnitt eines durchsichtigen Miederteils aus floraler Spitze. Dezente Korsettst\u00e4bchen erg\u00e4nzen die geformten N\u00e4hte des s\u00e4ulenf\u00f6rmigen Rocks und wickeln sich um den R\u00fccken, um einen schmeichelhaften R\u00fcckenausschnitt zu enth\u00fcllen. Luxuri\u00f6ser Cr\u00eape umspielt die Figur, bevor er in eine zarte und romantisch geformte Schleppe aus Spitze \u00fcbergeht.   <\/p>\n","protected":false},"featured_media":43660,"template":"","meta":{"_acf_changed":false,"ghostkit_customizer_options":"","ghostkit_custom_css":"","ghostkit_custom_js_head":"","ghostkit_custom_js_foot":"","ghostkit_typography":""},"productdetails":[376],"productneck":[352],"productcolor":[392],"maat":[],"productsupplier":[442],"productsleeve":[359],"productcategory":[18],"productsilhouette":[389],"productstyle":[369,370],"class_list":["post-58265","product","type-product","status-publish","has-post-thumbnail","hentry","productdetails-376","productneck-352","productcolor-392","productsupplier-stella-york","productsleeve-359","productcategory-trouwjurken","productsilhouette-389","productstyle-369","productstyle-370"],"acf":[],"yoast_head":"<!-- This site is optimized with the Yoast SEO plugin v27.3 - https:\/\/yoast.com\/product\/yoast-seo-wordpress\/ -->\n<title>Stella York 7868CR11 | Koonings<\/title>\n<meta name=\"description\" content=\"Das elegante und gewagte Modell 7868 verleiht dem klassischen Hochzeitskleid aus floraler Spitze einen sexy und modernen Touch. Enge Spaghettitr\u00e4ger zieren die Schultern und treffen auf den quadratischen Ausschnitt eines durchsichtigen Miederteils aus floraler Spitze. Dezente Korsettst\u00e4bchen erg\u00e4nzen die geformten N\u00e4hte des s\u00e4ulenf\u00f6rmigen Rocks und wickeln sich um den R\u00fccken, um einen schmeichelhaften R\u00fcckenausschnitt zu enth\u00fcllen. Luxuri\u00f6ser Cr\u00eape umspielt die Figur, bevor er in eine zarte und romantisch geformte Schleppe aus Spitze \u00fcbergeht.\" \/>\n<meta name=\"robots\" content=\"index, follow, max-snippet:-1, max-image-preview:large, max-video-preview:-1\" \/>\n<link rel=\"canonical\" href=\"https:\/\/www.koonings.com\/de\/product\/stella-york-7868cr11\/\" \/>\n<meta property=\"og:locale\" content=\"de_DE\" \/>\n<meta property=\"og:type\" content=\"article\" \/>\n<meta property=\"og:title\" content=\"Stella York 7868CR11 | Koonings\" \/>\n<meta property=\"og:description\" content=\"Das elegante und gewagte Modell 7868 verleiht dem klassischen Hochzeitskleid aus floraler Spitze einen sexy und modernen Touch. Enge Spaghettitr\u00e4ger zieren die Schultern und treffen auf den quadratischen Ausschnitt eines durchsichtigen Miederteils aus floraler Spitze. Dezente Korsettst\u00e4bchen erg\u00e4nzen die geformten N\u00e4hte des s\u00e4ulenf\u00f6rmigen Rocks und wickeln sich um den R\u00fccken, um einen schmeichelhaften R\u00fcckenausschnitt zu enth\u00fcllen. Luxuri\u00f6ser Cr\u00eape umspielt die Figur, bevor er in eine zarte und romantisch geformte Schleppe aus Spitze \u00fcbergeht.\" \/>\n<meta property=\"og:url\" content=\"https:\/\/www.koonings.com\/de\/product\/stella-york-7868cr11\/\" \/>\n<meta property=\"og:site_name\" content=\"Koonings\" \/>\n<meta property=\"article:publisher\" content=\"https:\/\/www.facebook.com\/kooningstheweddingpalace\" \/>\n<meta property=\"og:image\" content=\"https:\/\/www.koonings.com\/wp-content\/uploads\/2024\/11\/40273_3819b99fcf61729eb7e60b100277050cbce6b2e3736e57e0af58a0ab38853a70aac9711d.jpeg\" \/>\n\t<meta property=\"og:image:width\" content=\"1340\" \/>\n\t<meta property=\"og:image:height\" content=\"1896\" \/>\n\t<meta property=\"og:image:type\" content=\"image\/jpeg\" \/>\n<meta name=\"twitter:card\" content=\"summary_large_image\" \/>\n<script type=\"application\/ld+json\" class=\"yoast-schema-graph\">{\"@context\":\"https:\\\/\\\/schema.org\",\"@graph\":[{\"@type\":\"WebPage\",\"@id\":\"https:\\\/\\\/www.koonings.com\\\/de\\\/product\\\/stella-york-7868cr11\\\/\",\"url\":\"https:\\\/\\\/www.koonings.com\\\/de\\\/product\\\/stella-york-7868cr11\\\/\",\"name\":\"Stella York 7868CR11 | Koonings\",\"isPartOf\":{\"@id\":\"https:\\\/\\\/www.koonings.com\\\/de\\\/#website\"},\"primaryImageOfPage\":{\"@id\":\"https:\\\/\\\/www.koonings.com\\\/de\\\/product\\\/stella-york-7868cr11\\\/#primaryimage\"},\"image\":{\"@id\":\"https:\\\/\\\/www.koonings.com\\\/de\\\/product\\\/stella-york-7868cr11\\\/#primaryimage\"},\"thumbnailUrl\":\"https:\\\/\\\/www.koonings.com\\\/wp-content\\\/uploads\\\/2024\\\/11\\\/40273_3819b99fcf61729eb7e60b100277050cbce6b2e3736e57e0af58a0ab38853a70aac9711d.jpeg\",\"datePublished\":\"2026-04-14T14:18:19+00:00\",\"description\":\"Das elegante und gewagte Modell 7868 verleiht dem klassischen Hochzeitskleid aus floraler Spitze einen sexy und modernen Touch. Enge Spaghettitr\u00e4ger zieren die Schultern und treffen auf den quadratischen Ausschnitt eines durchsichtigen Miederteils aus floraler Spitze. Dezente Korsettst\u00e4bchen erg\u00e4nzen die geformten N\u00e4hte des s\u00e4ulenf\u00f6rmigen Rocks und wickeln sich um den R\u00fccken, um einen schmeichelhaften R\u00fcckenausschnitt zu enth\u00fcllen. Luxuri\u00f6ser Cr\u00eape umspielt die Figur, bevor er in eine zarte und romantisch geformte Schleppe aus Spitze \u00fcbergeht.\",\"breadcrumb\":{\"@id\":\"https:\\\/\\\/www.koonings.com\\\/de\\\/product\\\/stella-york-7868cr11\\\/#breadcrumb\"},\"inLanguage\":\"de\",\"potentialAction\":[{\"@type\":\"ReadAction\",\"target\":[\"https:\\\/\\\/www.koonings.com\\\/de\\\/product\\\/stella-york-7868cr11\\\/\"]}]},{\"@type\":\"ImageObject\",\"inLanguage\":\"de\",\"@id\":\"https:\\\/\\\/www.koonings.com\\\/de\\\/product\\\/stella-york-7868cr11\\\/#primaryimage\",\"url\":\"https:\\\/\\\/www.koonings.com\\\/wp-content\\\/uploads\\\/2024\\\/11\\\/40273_3819b99fcf61729eb7e60b100277050cbce6b2e3736e57e0af58a0ab38853a70aac9711d.jpeg\",\"contentUrl\":\"https:\\\/\\\/www.koonings.com\\\/wp-content\\\/uploads\\\/2024\\\/11\\\/40273_3819b99fcf61729eb7e60b100277050cbce6b2e3736e57e0af58a0ab38853a70aac9711d.jpeg\",\"width\":1340,\"height\":1896},{\"@type\":\"BreadcrumbList\",\"@id\":\"https:\\\/\\\/www.koonings.com\\\/de\\\/product\\\/stella-york-7868cr11\\\/#breadcrumb\",\"itemListElement\":[{\"@type\":\"ListItem\",\"position\":1,\"name\":\"Home\",\"item\":\"https:\\\/\\\/www.koonings.com\\\/de\\\/\"},{\"@type\":\"ListItem\",\"position\":2,\"name\":\"Stella York 7868CR11\"}]},{\"@type\":\"WebSite\",\"@id\":\"https:\\\/\\\/www.koonings.com\\\/de\\\/#website\",\"url\":\"https:\\\/\\\/www.koonings.com\\\/de\\\/\",\"name\":\"Koonings\",\"description\":\"De grootste bruidsmodewinkel ter wereld\",\"publisher\":{\"@id\":\"https:\\\/\\\/www.koonings.com\\\/de\\\/#organization\"},\"potentialAction\":[{\"@type\":\"SearchAction\",\"target\":{\"@type\":\"EntryPoint\",\"urlTemplate\":\"https:\\\/\\\/www.koonings.com\\\/de\\\/?s={search_term_string}\"},\"query-input\":{\"@type\":\"PropertyValueSpecification\",\"valueRequired\":true,\"valueName\":\"search_term_string\"}}],\"inLanguage\":\"de\"},{\"@type\":\"Organization\",\"@id\":\"https:\\\/\\\/www.koonings.com\\\/de\\\/#organization\",\"name\":\"Koonings\",\"url\":\"https:\\\/\\\/www.koonings.com\\\/de\\\/\",\"logo\":{\"@type\":\"ImageObject\",\"inLanguage\":\"de\",\"@id\":\"https:\\\/\\\/www.koonings.com\\\/de\\\/#\\\/schema\\\/logo\\\/image\\\/\",\"url\":\"https:\\\/\\\/www.koonings.com\\\/wp-content\\\/uploads\\\/2024\\\/07\\\/logo.png\",\"contentUrl\":\"https:\\\/\\\/www.koonings.com\\\/wp-content\\\/uploads\\\/2024\\\/07\\\/logo.png\",\"width\":600,\"height\":428,\"caption\":\"Koonings\"},\"image\":{\"@id\":\"https:\\\/\\\/www.koonings.com\\\/de\\\/#\\\/schema\\\/logo\\\/image\\\/\"},\"sameAs\":[\"https:\\\/\\\/www.facebook.com\\\/kooningstheweddingpalace\",\"https:\\\/\\\/www.instagram.com\\\/kooningstheweddingpalace\",\"https:\\\/\\\/www.pinterest.com\\\/koonings\",\"https:\\\/\\\/www.youtube.com\\\/kooningstheweddingpalace\"]}]}<\/script>\n<!-- \/ Yoast SEO plugin. -->","yoast_head_json":{"title":"Stella York 7868CR11 | Koonings","description":"Das elegante und gewagte Modell 7868 verleiht dem klassischen Hochzeitskleid aus floraler Spitze einen sexy und modernen Touch. Enge Spaghettitr\u00e4ger zieren die Schultern und treffen auf den quadratischen Ausschnitt eines durchsichtigen Miederteils aus floraler Spitze. Dezente Korsettst\u00e4bchen erg\u00e4nzen die geformten N\u00e4hte des s\u00e4ulenf\u00f6rmigen Rocks und wickeln sich um den R\u00fccken, um einen schmeichelhaften R\u00fcckenausschnitt zu enth\u00fcllen. Luxuri\u00f6ser Cr\u00eape umspielt die Figur, bevor er in eine zarte und romantisch geformte Schleppe aus Spitze \u00fcbergeht.","robots":{"index":"index","follow":"follow","max-snippet":"max-snippet:-1","max-image-preview":"max-image-preview:large","max-video-preview":"max-video-preview:-1"},"canonical":"https:\/\/www.koonings.com\/de\/product\/stella-york-7868cr11\/","og_locale":"de_DE","og_type":"article","og_title":"Stella York 7868CR11 | Koonings","og_description":"Das elegante und gewagte Modell 7868 verleiht dem klassischen Hochzeitskleid aus floraler Spitze einen sexy und modernen Touch. Enge Spaghettitr\u00e4ger zieren die Schultern und treffen auf den quadratischen Ausschnitt eines durchsichtigen Miederteils aus floraler Spitze. Dezente Korsettst\u00e4bchen erg\u00e4nzen die geformten N\u00e4hte des s\u00e4ulenf\u00f6rmigen Rocks und wickeln sich um den R\u00fccken, um einen schmeichelhaften R\u00fcckenausschnitt zu enth\u00fcllen. Luxuri\u00f6ser Cr\u00eape umspielt die Figur, bevor er in eine zarte und romantisch geformte Schleppe aus Spitze \u00fcbergeht.","og_url":"https:\/\/www.koonings.com\/de\/product\/stella-york-7868cr11\/","og_site_name":"Koonings","article_publisher":"https:\/\/www.facebook.com\/kooningstheweddingpalace","og_image":[{"width":1340,"height":1896,"url":"https:\/\/www.koonings.com\/wp-content\/uploads\/2024\/11\/40273_3819b99fcf61729eb7e60b100277050cbce6b2e3736e57e0af58a0ab38853a70aac9711d.jpeg","type":"image\/jpeg"}],"twitter_card":"summary_large_image","schema":{"@context":"https:\/\/schema.org","@graph":[{"@type":"WebPage","@id":"https:\/\/www.koonings.com\/de\/product\/stella-york-7868cr11\/","url":"https:\/\/www.koonings.com\/de\/product\/stella-york-7868cr11\/","name":"Stella York 7868CR11 | Koonings","isPartOf":{"@id":"https:\/\/www.koonings.com\/de\/#website"},"primaryImageOfPage":{"@id":"https:\/\/www.koonings.com\/de\/product\/stella-york-7868cr11\/#primaryimage"},"image":{"@id":"https:\/\/www.koonings.com\/de\/product\/stella-york-7868cr11\/#primaryimage"},"thumbnailUrl":"https:\/\/www.koonings.com\/wp-content\/uploads\/2024\/11\/40273_3819b99fcf61729eb7e60b100277050cbce6b2e3736e57e0af58a0ab38853a70aac9711d.jpeg","datePublished":"2026-04-14T14:18:19+00:00","description":"Das elegante und gewagte Modell 7868 verleiht dem klassischen Hochzeitskleid aus floraler Spitze einen sexy und modernen Touch. Enge Spaghettitr\u00e4ger zieren die Schultern und treffen auf den quadratischen Ausschnitt eines durchsichtigen Miederteils aus floraler Spitze. Dezente Korsettst\u00e4bchen erg\u00e4nzen die geformten N\u00e4hte des s\u00e4ulenf\u00f6rmigen Rocks und wickeln sich um den R\u00fccken, um einen schmeichelhaften R\u00fcckenausschnitt zu enth\u00fcllen. Luxuri\u00f6ser Cr\u00eape umspielt die Figur, bevor er in eine zarte und romantisch geformte Schleppe aus Spitze \u00fcbergeht.","breadcrumb":{"@id":"https:\/\/www.koonings.com\/de\/product\/stella-york-7868cr11\/#breadcrumb"},"inLanguage":"de","potentialAction":[{"@type":"ReadAction","target":["https:\/\/www.koonings.com\/de\/product\/stella-york-7868cr11\/"]}]},{"@type":"ImageObject","inLanguage":"de","@id":"https:\/\/www.koonings.com\/de\/product\/stella-york-7868cr11\/#primaryimage","url":"https:\/\/www.koonings.com\/wp-content\/uploads\/2024\/11\/40273_3819b99fcf61729eb7e60b100277050cbce6b2e3736e57e0af58a0ab38853a70aac9711d.jpeg","contentUrl":"https:\/\/www.koonings.com\/wp-content\/uploads\/2024\/11\/40273_3819b99fcf61729eb7e60b100277050cbce6b2e3736e57e0af58a0ab38853a70aac9711d.jpeg","width":1340,"height":1896},{"@type":"BreadcrumbList","@id":"https:\/\/www.koonings.com\/de\/product\/stella-york-7868cr11\/#breadcrumb","itemListElement":[{"@type":"ListItem","position":1,"name":"Home","item":"https:\/\/www.koonings.com\/de\/"},{"@type":"ListItem","position":2,"name":"Stella York 7868CR11"}]},{"@type":"WebSite","@id":"https:\/\/www.koonings.com\/de\/#website","url":"https:\/\/www.koonings.com\/de\/","name":"Koonings","description":"De grootste bruidsmodewinkel ter wereld","publisher":{"@id":"https:\/\/www.koonings.com\/de\/#organization"},"potentialAction":[{"@type":"SearchAction","target":{"@type":"EntryPoint","urlTemplate":"https:\/\/www.koonings.com\/de\/?s={search_term_string}"},"query-input":{"@type":"PropertyValueSpecification","valueRequired":true,"valueName":"search_term_string"}}],"inLanguage":"de"},{"@type":"Organization","@id":"https:\/\/www.koonings.com\/de\/#organization","name":"Koonings","url":"https:\/\/www.koonings.com\/de\/","logo":{"@type":"ImageObject","inLanguage":"de","@id":"https:\/\/www.koonings.com\/de\/#\/schema\/logo\/image\/","url":"https:\/\/www.koonings.com\/wp-content\/uploads\/2024\/07\/logo.png","contentUrl":"https:\/\/www.koonings.com\/wp-content\/uploads\/2024\/07\/logo.png","width":600,"height":428,"caption":"Koonings"},"image":{"@id":"https:\/\/www.koonings.com\/de\/#\/schema\/logo\/image\/"},"sameAs":["https:\/\/www.facebook.com\/kooningstheweddingpalace","https:\/\/www.instagram.com\/kooningstheweddingpalace","https:\/\/www.pinterest.com\/koonings","https:\/\/www.youtube.com\/kooningstheweddingpalace"]}]}},"_links":{"self":[{"href":"https:\/\/www.koonings.com\/de\/wp-json\/wp\/v2\/product\/58265","targetHints":{"allow":["GET"]}}],"collection":[{"href":"https:\/\/www.koonings.com\/de\/wp-json\/wp\/v2\/product"}],"about":[{"href":"https:\/\/www.koonings.com\/de\/wp-json\/wp\/v2\/types\/product"}],"wp:featuredmedia":[{"embeddable":true,"href":"https:\/\/www.koonings.com\/de\/wp-json\/wp\/v2\/media\/43660"}],"wp:attachment":[{"href":"https:\/\/www.koonings.com\/de\/wp-json\/wp\/v2\/media?parent=58265"}],"wp:term":[{"taxonomy":"productdetails","embeddable":true,"href":"https:\/\/www.koonings.com\/de\/wp-json\/wp\/v2\/productdetails?post=58265"},{"taxonomy":"productneck","embeddable":true,"href":"https:\/\/www.koonings.com\/de\/wp-json\/wp\/v2\/productneck?post=58265"},{"taxonomy":"productcolor","embeddable":true,"href":"https:\/\/www.koonings.com\/de\/wp-json\/wp\/v2\/productcolor?post=58265"},{"taxonomy":"maat","embeddable":true,"href":"https:\/\/www.koonings.com\/de\/wp-json\/wp\/v2\/maat?post=58265"},{"taxonomy":"productsupplier","embeddable":true,"href":"https:\/\/www.koonings.com\/de\/wp-json\/wp\/v2\/productsupplier?post=58265"},{"taxonomy":"productsleeve","embeddable":true,"href":"https:\/\/www.koonings.com\/de\/wp-json\/wp\/v2\/productsleeve?post=58265"},{"taxonomy":"productcategory","embeddable":true,"href":"https:\/\/www.koonings.com\/de\/wp-json\/wp\/v2\/productcategory?post=58265"},{"taxonomy":"productsilhouette","embeddable":true,"href":"https:\/\/www.koonings.com\/de\/wp-json\/wp\/v2\/productsilhouette?post=58265"},{"taxonomy":"productstyle","embeddable":true,"href":"https:\/\/www.koonings.com\/de\/wp-json\/wp\/v2\/productstyle?post=58265"}],"curies":[{"name":"wp","href":"https:\/\/api.w.org\/{rel}","templated":true}]}}