{"id":58251,"date":"2026-05-06T15:17:01","date_gmt":"2026-05-06T13:17:01","guid":{"rendered":"https:\/\/www.koonings.com\/product\/modeca-curves-dembee-c\/"},"modified":"2026-02-16T14:38:49","modified_gmt":"2026-02-16T13:38:49","slug":"modeca-curves-dembee-c","status":"publish","type":"product","link":"https:\/\/www.koonings.com\/de\/product\/modeca-curves-dembee-c\/","title":{"rendered":"Modeca Kurven Dembee-C"},"content":{"rendered":"<p>Tanzen Sie auf Wolken in diesem m\u00fchelos schneidigen A-Linien-Kleid von Dembee-C, das f\u00fcr die modebewusste und kurvige Braut entworfen wurde. Das bezaubernde Mieder aus Illusionsspitze stiehlt das Rampenlicht mit seinem zarten Rundhalsausschnitt, der zu zarten, mit 3D-Blumen verzierten Perlen besetzten Tr\u00e4gern f\u00fchrt. Dembee-C sorgt f\u00fcr einen Hauch von Vielseitigkeit und wird mit abnehmbaren langen \u00c4rmeln aus Illusionsspitze geliefert, mit denen die Braut ihren Look individuell gestalten kann. Dieses Kleid ist auch mit einfarbigem T\u00fcll erh\u00e4ltlich &#8211; Dembee-CA.   <\/p>\n","protected":false},"featured_media":43748,"template":"","meta":{"_acf_changed":false,"ghostkit_customizer_options":"","ghostkit_custom_css":"","ghostkit_custom_js_head":"","ghostkit_custom_js_foot":"","ghostkit_typography":""},"productdetails":[381],"productneck":[352],"productcolor":[393,392],"maat":[375],"productsupplier":[439],"productsleeve":[359],"productcategory":[18],"productsilhouette":[384],"productstyle":[366],"class_list":["post-58251","product","type-product","status-publish","has-post-thumbnail","hentry","productdetails-381","productneck-352","productcolor-393","productcolor-392","maat-375","productsupplier-modeca-curves","productsleeve-359","productcategory-trouwjurken","productsilhouette-384","productstyle-366"],"acf":[],"yoast_head":"<!-- This site is optimized with the Yoast SEO plugin v27.3 - https:\/\/yoast.com\/product\/yoast-seo-wordpress\/ -->\n<title>Modeca Kurven Dembee-C | Koonings<\/title>\n<meta name=\"description\" content=\"Tanzen Sie auf Wolken in diesem m\u00fchelos schneidigen A-Linien-Kleid von Dembee-C, das f\u00fcr die modebewusste und kurvige Braut entworfen wurde. Das bezaubernde Mieder aus Illusionsspitze stiehlt das Rampenlicht mit seinem zarten Rundhalsausschnitt, der zu zarten, mit 3D-Blumen verzierten Perlen besetzten Tr\u00e4gern f\u00fchrt. Dembee-C sorgt f\u00fcr einen Hauch von Vielseitigkeit und wird mit abnehmbaren langen \u00c4rmeln aus Illusionsspitze geliefert, mit denen die Braut ihren Look individuell gestalten kann. Dieses Kleid ist auch mit einfarbigem T\u00fcll erh\u00e4ltlich - Dembee-CA.\" \/>\n<meta name=\"robots\" content=\"index, follow, max-snippet:-1, max-image-preview:large, max-video-preview:-1\" \/>\n<link rel=\"canonical\" href=\"https:\/\/www.koonings.com\/de\/product\/modeca-curves-dembee-c\/\" \/>\n<meta property=\"og:locale\" content=\"de_DE\" \/>\n<meta property=\"og:type\" content=\"article\" \/>\n<meta property=\"og:title\" content=\"Modeca Kurven Dembee-C | Koonings\" \/>\n<meta property=\"og:description\" content=\"Tanzen Sie auf Wolken in diesem m\u00fchelos schneidigen A-Linien-Kleid von Dembee-C, das f\u00fcr die modebewusste und kurvige Braut entworfen wurde. Das bezaubernde Mieder aus Illusionsspitze stiehlt das Rampenlicht mit seinem zarten Rundhalsausschnitt, der zu zarten, mit 3D-Blumen verzierten Perlen besetzten Tr\u00e4gern f\u00fchrt. Dembee-C sorgt f\u00fcr einen Hauch von Vielseitigkeit und wird mit abnehmbaren langen \u00c4rmeln aus Illusionsspitze geliefert, mit denen die Braut ihren Look individuell gestalten kann. Dieses Kleid ist auch mit einfarbigem T\u00fcll erh\u00e4ltlich - Dembee-CA.\" \/>\n<meta property=\"og:url\" content=\"https:\/\/www.koonings.com\/de\/product\/modeca-curves-dembee-c\/\" \/>\n<meta property=\"og:site_name\" content=\"Koonings\" \/>\n<meta property=\"article:publisher\" content=\"https:\/\/www.facebook.com\/kooningstheweddingpalace\" \/>\n<meta property=\"og:image\" content=\"https:\/\/www.koonings.com\/wp-content\/uploads\/2024\/11\/40316_d80706734d28e6daffb3eaf7197fb9e16c09d962e8f189fa7d5048dcd24bd8d4d9a15d5c.jpeg\" \/>\n\t<meta property=\"og:image:width\" content=\"832\" \/>\n\t<meta property=\"og:image:height\" content=\"1176\" \/>\n\t<meta property=\"og:image:type\" content=\"image\/jpeg\" \/>\n<meta name=\"twitter:card\" content=\"summary_large_image\" \/>\n<script type=\"application\/ld+json\" class=\"yoast-schema-graph\">{\"@context\":\"https:\\\/\\\/schema.org\",\"@graph\":[{\"@type\":\"WebPage\",\"@id\":\"https:\\\/\\\/www.koonings.com\\\/de\\\/product\\\/modeca-curves-dembee-c\\\/\",\"url\":\"https:\\\/\\\/www.koonings.com\\\/de\\\/product\\\/modeca-curves-dembee-c\\\/\",\"name\":\"Modeca Kurven Dembee-C | Koonings\",\"isPartOf\":{\"@id\":\"https:\\\/\\\/www.koonings.com\\\/de\\\/#website\"},\"primaryImageOfPage\":{\"@id\":\"https:\\\/\\\/www.koonings.com\\\/de\\\/product\\\/modeca-curves-dembee-c\\\/#primaryimage\"},\"image\":{\"@id\":\"https:\\\/\\\/www.koonings.com\\\/de\\\/product\\\/modeca-curves-dembee-c\\\/#primaryimage\"},\"thumbnailUrl\":\"https:\\\/\\\/www.koonings.com\\\/wp-content\\\/uploads\\\/2024\\\/11\\\/40316_d80706734d28e6daffb3eaf7197fb9e16c09d962e8f189fa7d5048dcd24bd8d4d9a15d5c.jpeg\",\"datePublished\":\"2026-05-06T13:17:01+00:00\",\"description\":\"Tanzen Sie auf Wolken in diesem m\u00fchelos schneidigen A-Linien-Kleid von Dembee-C, das f\u00fcr die modebewusste und kurvige Braut entworfen wurde. Das bezaubernde Mieder aus Illusionsspitze stiehlt das Rampenlicht mit seinem zarten Rundhalsausschnitt, der zu zarten, mit 3D-Blumen verzierten Perlen besetzten Tr\u00e4gern f\u00fchrt. Dembee-C sorgt f\u00fcr einen Hauch von Vielseitigkeit und wird mit abnehmbaren langen \u00c4rmeln aus Illusionsspitze geliefert, mit denen die Braut ihren Look individuell gestalten kann. Dieses Kleid ist auch mit einfarbigem T\u00fcll erh\u00e4ltlich - Dembee-CA.\",\"breadcrumb\":{\"@id\":\"https:\\\/\\\/www.koonings.com\\\/de\\\/product\\\/modeca-curves-dembee-c\\\/#breadcrumb\"},\"inLanguage\":\"de\",\"potentialAction\":[{\"@type\":\"ReadAction\",\"target\":[\"https:\\\/\\\/www.koonings.com\\\/de\\\/product\\\/modeca-curves-dembee-c\\\/\"]}]},{\"@type\":\"ImageObject\",\"inLanguage\":\"de\",\"@id\":\"https:\\\/\\\/www.koonings.com\\\/de\\\/product\\\/modeca-curves-dembee-c\\\/#primaryimage\",\"url\":\"https:\\\/\\\/www.koonings.com\\\/wp-content\\\/uploads\\\/2024\\\/11\\\/40316_d80706734d28e6daffb3eaf7197fb9e16c09d962e8f189fa7d5048dcd24bd8d4d9a15d5c.jpeg\",\"contentUrl\":\"https:\\\/\\\/www.koonings.com\\\/wp-content\\\/uploads\\\/2024\\\/11\\\/40316_d80706734d28e6daffb3eaf7197fb9e16c09d962e8f189fa7d5048dcd24bd8d4d9a15d5c.jpeg\",\"width\":832,\"height\":1176},{\"@type\":\"BreadcrumbList\",\"@id\":\"https:\\\/\\\/www.koonings.com\\\/de\\\/product\\\/modeca-curves-dembee-c\\\/#breadcrumb\",\"itemListElement\":[{\"@type\":\"ListItem\",\"position\":1,\"name\":\"Home\",\"item\":\"https:\\\/\\\/www.koonings.com\\\/de\\\/\"},{\"@type\":\"ListItem\",\"position\":2,\"name\":\"Modeca Kurven Dembee-C\"}]},{\"@type\":\"WebSite\",\"@id\":\"https:\\\/\\\/www.koonings.com\\\/de\\\/#website\",\"url\":\"https:\\\/\\\/www.koonings.com\\\/de\\\/\",\"name\":\"Koonings\",\"description\":\"De grootste bruidsmodewinkel ter wereld\",\"publisher\":{\"@id\":\"https:\\\/\\\/www.koonings.com\\\/de\\\/#organization\"},\"potentialAction\":[{\"@type\":\"SearchAction\",\"target\":{\"@type\":\"EntryPoint\",\"urlTemplate\":\"https:\\\/\\\/www.koonings.com\\\/de\\\/?s={search_term_string}\"},\"query-input\":{\"@type\":\"PropertyValueSpecification\",\"valueRequired\":true,\"valueName\":\"search_term_string\"}}],\"inLanguage\":\"de\"},{\"@type\":\"Organization\",\"@id\":\"https:\\\/\\\/www.koonings.com\\\/de\\\/#organization\",\"name\":\"Koonings\",\"url\":\"https:\\\/\\\/www.koonings.com\\\/de\\\/\",\"logo\":{\"@type\":\"ImageObject\",\"inLanguage\":\"de\",\"@id\":\"https:\\\/\\\/www.koonings.com\\\/de\\\/#\\\/schema\\\/logo\\\/image\\\/\",\"url\":\"https:\\\/\\\/www.koonings.com\\\/wp-content\\\/uploads\\\/2024\\\/07\\\/logo.png\",\"contentUrl\":\"https:\\\/\\\/www.koonings.com\\\/wp-content\\\/uploads\\\/2024\\\/07\\\/logo.png\",\"width\":600,\"height\":428,\"caption\":\"Koonings\"},\"image\":{\"@id\":\"https:\\\/\\\/www.koonings.com\\\/de\\\/#\\\/schema\\\/logo\\\/image\\\/\"},\"sameAs\":[\"https:\\\/\\\/www.facebook.com\\\/kooningstheweddingpalace\",\"https:\\\/\\\/www.instagram.com\\\/kooningstheweddingpalace\",\"https:\\\/\\\/www.pinterest.com\\\/koonings\",\"https:\\\/\\\/www.youtube.com\\\/kooningstheweddingpalace\"]}]}<\/script>\n<!-- \/ Yoast SEO plugin. -->","yoast_head_json":{"title":"Modeca Kurven Dembee-C | Koonings","description":"Tanzen Sie auf Wolken in diesem m\u00fchelos schneidigen A-Linien-Kleid von Dembee-C, das f\u00fcr die modebewusste und kurvige Braut entworfen wurde. Das bezaubernde Mieder aus Illusionsspitze stiehlt das Rampenlicht mit seinem zarten Rundhalsausschnitt, der zu zarten, mit 3D-Blumen verzierten Perlen besetzten Tr\u00e4gern f\u00fchrt. Dembee-C sorgt f\u00fcr einen Hauch von Vielseitigkeit und wird mit abnehmbaren langen \u00c4rmeln aus Illusionsspitze geliefert, mit denen die Braut ihren Look individuell gestalten kann. Dieses Kleid ist auch mit einfarbigem T\u00fcll erh\u00e4ltlich - Dembee-CA.","robots":{"index":"index","follow":"follow","max-snippet":"max-snippet:-1","max-image-preview":"max-image-preview:large","max-video-preview":"max-video-preview:-1"},"canonical":"https:\/\/www.koonings.com\/de\/product\/modeca-curves-dembee-c\/","og_locale":"de_DE","og_type":"article","og_title":"Modeca Kurven Dembee-C | Koonings","og_description":"Tanzen Sie auf Wolken in diesem m\u00fchelos schneidigen A-Linien-Kleid von Dembee-C, das f\u00fcr die modebewusste und kurvige Braut entworfen wurde. Das bezaubernde Mieder aus Illusionsspitze stiehlt das Rampenlicht mit seinem zarten Rundhalsausschnitt, der zu zarten, mit 3D-Blumen verzierten Perlen besetzten Tr\u00e4gern f\u00fchrt. Dembee-C sorgt f\u00fcr einen Hauch von Vielseitigkeit und wird mit abnehmbaren langen \u00c4rmeln aus Illusionsspitze geliefert, mit denen die Braut ihren Look individuell gestalten kann. Dieses Kleid ist auch mit einfarbigem T\u00fcll erh\u00e4ltlich - Dembee-CA.","og_url":"https:\/\/www.koonings.com\/de\/product\/modeca-curves-dembee-c\/","og_site_name":"Koonings","article_publisher":"https:\/\/www.facebook.com\/kooningstheweddingpalace","og_image":[{"width":832,"height":1176,"url":"https:\/\/www.koonings.com\/wp-content\/uploads\/2024\/11\/40316_d80706734d28e6daffb3eaf7197fb9e16c09d962e8f189fa7d5048dcd24bd8d4d9a15d5c.jpeg","type":"image\/jpeg"}],"twitter_card":"summary_large_image","schema":{"@context":"https:\/\/schema.org","@graph":[{"@type":"WebPage","@id":"https:\/\/www.koonings.com\/de\/product\/modeca-curves-dembee-c\/","url":"https:\/\/www.koonings.com\/de\/product\/modeca-curves-dembee-c\/","name":"Modeca Kurven Dembee-C | Koonings","isPartOf":{"@id":"https:\/\/www.koonings.com\/de\/#website"},"primaryImageOfPage":{"@id":"https:\/\/www.koonings.com\/de\/product\/modeca-curves-dembee-c\/#primaryimage"},"image":{"@id":"https:\/\/www.koonings.com\/de\/product\/modeca-curves-dembee-c\/#primaryimage"},"thumbnailUrl":"https:\/\/www.koonings.com\/wp-content\/uploads\/2024\/11\/40316_d80706734d28e6daffb3eaf7197fb9e16c09d962e8f189fa7d5048dcd24bd8d4d9a15d5c.jpeg","datePublished":"2026-05-06T13:17:01+00:00","description":"Tanzen Sie auf Wolken in diesem m\u00fchelos schneidigen A-Linien-Kleid von Dembee-C, das f\u00fcr die modebewusste und kurvige Braut entworfen wurde. Das bezaubernde Mieder aus Illusionsspitze stiehlt das Rampenlicht mit seinem zarten Rundhalsausschnitt, der zu zarten, mit 3D-Blumen verzierten Perlen besetzten Tr\u00e4gern f\u00fchrt. Dembee-C sorgt f\u00fcr einen Hauch von Vielseitigkeit und wird mit abnehmbaren langen \u00c4rmeln aus Illusionsspitze geliefert, mit denen die Braut ihren Look individuell gestalten kann. Dieses Kleid ist auch mit einfarbigem T\u00fcll erh\u00e4ltlich - Dembee-CA.","breadcrumb":{"@id":"https:\/\/www.koonings.com\/de\/product\/modeca-curves-dembee-c\/#breadcrumb"},"inLanguage":"de","potentialAction":[{"@type":"ReadAction","target":["https:\/\/www.koonings.com\/de\/product\/modeca-curves-dembee-c\/"]}]},{"@type":"ImageObject","inLanguage":"de","@id":"https:\/\/www.koonings.com\/de\/product\/modeca-curves-dembee-c\/#primaryimage","url":"https:\/\/www.koonings.com\/wp-content\/uploads\/2024\/11\/40316_d80706734d28e6daffb3eaf7197fb9e16c09d962e8f189fa7d5048dcd24bd8d4d9a15d5c.jpeg","contentUrl":"https:\/\/www.koonings.com\/wp-content\/uploads\/2024\/11\/40316_d80706734d28e6daffb3eaf7197fb9e16c09d962e8f189fa7d5048dcd24bd8d4d9a15d5c.jpeg","width":832,"height":1176},{"@type":"BreadcrumbList","@id":"https:\/\/www.koonings.com\/de\/product\/modeca-curves-dembee-c\/#breadcrumb","itemListElement":[{"@type":"ListItem","position":1,"name":"Home","item":"https:\/\/www.koonings.com\/de\/"},{"@type":"ListItem","position":2,"name":"Modeca Kurven Dembee-C"}]},{"@type":"WebSite","@id":"https:\/\/www.koonings.com\/de\/#website","url":"https:\/\/www.koonings.com\/de\/","name":"Koonings","description":"De grootste bruidsmodewinkel ter wereld","publisher":{"@id":"https:\/\/www.koonings.com\/de\/#organization"},"potentialAction":[{"@type":"SearchAction","target":{"@type":"EntryPoint","urlTemplate":"https:\/\/www.koonings.com\/de\/?s={search_term_string}"},"query-input":{"@type":"PropertyValueSpecification","valueRequired":true,"valueName":"search_term_string"}}],"inLanguage":"de"},{"@type":"Organization","@id":"https:\/\/www.koonings.com\/de\/#organization","name":"Koonings","url":"https:\/\/www.koonings.com\/de\/","logo":{"@type":"ImageObject","inLanguage":"de","@id":"https:\/\/www.koonings.com\/de\/#\/schema\/logo\/image\/","url":"https:\/\/www.koonings.com\/wp-content\/uploads\/2024\/07\/logo.png","contentUrl":"https:\/\/www.koonings.com\/wp-content\/uploads\/2024\/07\/logo.png","width":600,"height":428,"caption":"Koonings"},"image":{"@id":"https:\/\/www.koonings.com\/de\/#\/schema\/logo\/image\/"},"sameAs":["https:\/\/www.facebook.com\/kooningstheweddingpalace","https:\/\/www.instagram.com\/kooningstheweddingpalace","https:\/\/www.pinterest.com\/koonings","https:\/\/www.youtube.com\/kooningstheweddingpalace"]}]}},"_links":{"self":[{"href":"https:\/\/www.koonings.com\/de\/wp-json\/wp\/v2\/product\/58251","targetHints":{"allow":["GET"]}}],"collection":[{"href":"https:\/\/www.koonings.com\/de\/wp-json\/wp\/v2\/product"}],"about":[{"href":"https:\/\/www.koonings.com\/de\/wp-json\/wp\/v2\/types\/product"}],"wp:featuredmedia":[{"embeddable":true,"href":"https:\/\/www.koonings.com\/de\/wp-json\/wp\/v2\/media\/43748"}],"wp:attachment":[{"href":"https:\/\/www.koonings.com\/de\/wp-json\/wp\/v2\/media?parent=58251"}],"wp:term":[{"taxonomy":"productdetails","embeddable":true,"href":"https:\/\/www.koonings.com\/de\/wp-json\/wp\/v2\/productdetails?post=58251"},{"taxonomy":"productneck","embeddable":true,"href":"https:\/\/www.koonings.com\/de\/wp-json\/wp\/v2\/productneck?post=58251"},{"taxonomy":"productcolor","embeddable":true,"href":"https:\/\/www.koonings.com\/de\/wp-json\/wp\/v2\/productcolor?post=58251"},{"taxonomy":"maat","embeddable":true,"href":"https:\/\/www.koonings.com\/de\/wp-json\/wp\/v2\/maat?post=58251"},{"taxonomy":"productsupplier","embeddable":true,"href":"https:\/\/www.koonings.com\/de\/wp-json\/wp\/v2\/productsupplier?post=58251"},{"taxonomy":"productsleeve","embeddable":true,"href":"https:\/\/www.koonings.com\/de\/wp-json\/wp\/v2\/productsleeve?post=58251"},{"taxonomy":"productcategory","embeddable":true,"href":"https:\/\/www.koonings.com\/de\/wp-json\/wp\/v2\/productcategory?post=58251"},{"taxonomy":"productsilhouette","embeddable":true,"href":"https:\/\/www.koonings.com\/de\/wp-json\/wp\/v2\/productsilhouette?post=58251"},{"taxonomy":"productstyle","embeddable":true,"href":"https:\/\/www.koonings.com\/de\/wp-json\/wp\/v2\/productstyle?post=58251"}],"curies":[{"name":"wp","href":"https:\/\/api.w.org\/{rel}","templated":true}]}}