{"id":58249,"date":"2026-04-28T18:16:47","date_gmt":"2026-04-28T16:16:47","guid":{"rendered":"https:\/\/www.koonings.com\/product\/modeca-dottie-c\/"},"modified":"2025-06-05T13:01:55","modified_gmt":"2025-06-05T11:01:55","slug":"modeca-dottie-c","status":"publish","type":"product","link":"https:\/\/www.koonings.com\/de\/product\/modeca-dottie-c\/","title":{"rendered":"Modeca Dottie-C"},"content":{"rendered":"<p>Dottie-C ist ein Mikado-Ballkleid, das die Kurven einer modernen Prinzessin hervorhebt. Mit wundersch\u00f6ner Perlenspitze, die sorgf\u00e4ltig auf dem Mieder und den Ausschnitten platziert wurde, ist dieses Kleid ein wahres Meisterwerk an Eleganz und Charme. Dottie-C hat abnehmbare lange \u00c4rmel, so dass Sie Ihren Look ganz einfach individuell gestalten k\u00f6nnen. Ein k\u00fchner Schlitz im Rock verleiht diesem runden Brautlook einen Hauch von Drama.   <\/p>\n","protected":false},"featured_media":43778,"template":"","meta":{"_acf_changed":false,"ghostkit_customizer_options":"","ghostkit_custom_css":"","ghostkit_custom_js_head":"","ghostkit_custom_js_foot":"","ghostkit_typography":""},"productdetails":[378],"productneck":[356],"productcolor":[393,392],"maat":[375],"productsupplier":[434],"productsleeve":[359],"productcategory":[18],"productsilhouette":[388],"productstyle":[372],"class_list":["post-58249","product","type-product","status-publish","has-post-thumbnail","hentry","productdetails-378","productneck-356","productcolor-393","productcolor-392","maat-375","productsupplier-modeca","productsleeve-359","productcategory-trouwjurken","productsilhouette-388","productstyle-372"],"acf":[],"yoast_head":"<!-- This site is optimized with the Yoast SEO plugin v27.3 - https:\/\/yoast.com\/product\/yoast-seo-wordpress\/ -->\n<title>Modeca Dottie-C | Koonings<\/title>\n<meta name=\"description\" content=\"Dottie-C ist ein Mikado-Ballkleid, das die Kurven einer modernen Prinzessin hervorhebt. Mit wundersch\u00f6ner Perlenspitze, die sorgf\u00e4ltig auf dem Mieder und den Ausschnitten platziert wurde, ist dieses Kleid ein wahres Meisterwerk an Eleganz und Charme. Dottie-C hat abnehmbare lange \u00c4rmel, so dass Sie Ihren Look ganz einfach individuell gestalten k\u00f6nnen. Ein k\u00fchner Schlitz im Rock verleiht diesem runden Brautlook einen Hauch von Drama.\" \/>\n<meta name=\"robots\" content=\"index, follow, max-snippet:-1, max-image-preview:large, max-video-preview:-1\" \/>\n<link rel=\"canonical\" href=\"https:\/\/www.koonings.com\/de\/product\/modeca-dottie-c\/\" \/>\n<meta property=\"og:locale\" content=\"de_DE\" \/>\n<meta property=\"og:type\" content=\"article\" \/>\n<meta property=\"og:title\" content=\"Modeca Dottie-C | Koonings\" \/>\n<meta property=\"og:description\" content=\"Dottie-C ist ein Mikado-Ballkleid, das die Kurven einer modernen Prinzessin hervorhebt. Mit wundersch\u00f6ner Perlenspitze, die sorgf\u00e4ltig auf dem Mieder und den Ausschnitten platziert wurde, ist dieses Kleid ein wahres Meisterwerk an Eleganz und Charme. Dottie-C hat abnehmbare lange \u00c4rmel, so dass Sie Ihren Look ganz einfach individuell gestalten k\u00f6nnen. Ein k\u00fchner Schlitz im Rock verleiht diesem runden Brautlook einen Hauch von Drama.\" \/>\n<meta property=\"og:url\" content=\"https:\/\/www.koonings.com\/de\/product\/modeca-dottie-c\/\" \/>\n<meta property=\"og:site_name\" content=\"Koonings\" \/>\n<meta property=\"article:publisher\" content=\"https:\/\/www.facebook.com\/kooningstheweddingpalace\" \/>\n<meta property=\"og:image\" content=\"https:\/\/www.koonings.com\/wp-content\/uploads\/2024\/11\/40318_037adf51338cf9b4a18f16010b5c49e191b0df65ab6ea8350afa43c6a47046f48876d4d0.jpeg\" \/>\n\t<meta property=\"og:image:width\" content=\"829\" \/>\n\t<meta property=\"og:image:height\" content=\"1171\" \/>\n\t<meta property=\"og:image:type\" content=\"image\/jpeg\" \/>\n<meta name=\"twitter:card\" content=\"summary_large_image\" \/>\n<script type=\"application\/ld+json\" class=\"yoast-schema-graph\">{\"@context\":\"https:\\\/\\\/schema.org\",\"@graph\":[{\"@type\":\"WebPage\",\"@id\":\"https:\\\/\\\/www.koonings.com\\\/de\\\/product\\\/modeca-dottie-c\\\/\",\"url\":\"https:\\\/\\\/www.koonings.com\\\/de\\\/product\\\/modeca-dottie-c\\\/\",\"name\":\"Modeca Dottie-C | Koonings\",\"isPartOf\":{\"@id\":\"https:\\\/\\\/www.koonings.com\\\/de\\\/#website\"},\"primaryImageOfPage\":{\"@id\":\"https:\\\/\\\/www.koonings.com\\\/de\\\/product\\\/modeca-dottie-c\\\/#primaryimage\"},\"image\":{\"@id\":\"https:\\\/\\\/www.koonings.com\\\/de\\\/product\\\/modeca-dottie-c\\\/#primaryimage\"},\"thumbnailUrl\":\"https:\\\/\\\/www.koonings.com\\\/wp-content\\\/uploads\\\/2024\\\/11\\\/40318_037adf51338cf9b4a18f16010b5c49e191b0df65ab6ea8350afa43c6a47046f48876d4d0.jpeg\",\"datePublished\":\"2026-04-28T16:16:47+00:00\",\"description\":\"Dottie-C ist ein Mikado-Ballkleid, das die Kurven einer modernen Prinzessin hervorhebt. Mit wundersch\u00f6ner Perlenspitze, die sorgf\u00e4ltig auf dem Mieder und den Ausschnitten platziert wurde, ist dieses Kleid ein wahres Meisterwerk an Eleganz und Charme. Dottie-C hat abnehmbare lange \u00c4rmel, so dass Sie Ihren Look ganz einfach individuell gestalten k\u00f6nnen. Ein k\u00fchner Schlitz im Rock verleiht diesem runden Brautlook einen Hauch von Drama.\",\"breadcrumb\":{\"@id\":\"https:\\\/\\\/www.koonings.com\\\/de\\\/product\\\/modeca-dottie-c\\\/#breadcrumb\"},\"inLanguage\":\"de\",\"potentialAction\":[{\"@type\":\"ReadAction\",\"target\":[\"https:\\\/\\\/www.koonings.com\\\/de\\\/product\\\/modeca-dottie-c\\\/\"]}]},{\"@type\":\"ImageObject\",\"inLanguage\":\"de\",\"@id\":\"https:\\\/\\\/www.koonings.com\\\/de\\\/product\\\/modeca-dottie-c\\\/#primaryimage\",\"url\":\"https:\\\/\\\/www.koonings.com\\\/wp-content\\\/uploads\\\/2024\\\/11\\\/40318_037adf51338cf9b4a18f16010b5c49e191b0df65ab6ea8350afa43c6a47046f48876d4d0.jpeg\",\"contentUrl\":\"https:\\\/\\\/www.koonings.com\\\/wp-content\\\/uploads\\\/2024\\\/11\\\/40318_037adf51338cf9b4a18f16010b5c49e191b0df65ab6ea8350afa43c6a47046f48876d4d0.jpeg\",\"width\":829,\"height\":1171},{\"@type\":\"BreadcrumbList\",\"@id\":\"https:\\\/\\\/www.koonings.com\\\/de\\\/product\\\/modeca-dottie-c\\\/#breadcrumb\",\"itemListElement\":[{\"@type\":\"ListItem\",\"position\":1,\"name\":\"Home\",\"item\":\"https:\\\/\\\/www.koonings.com\\\/de\\\/\"},{\"@type\":\"ListItem\",\"position\":2,\"name\":\"Modeca Dottie-C\"}]},{\"@type\":\"WebSite\",\"@id\":\"https:\\\/\\\/www.koonings.com\\\/de\\\/#website\",\"url\":\"https:\\\/\\\/www.koonings.com\\\/de\\\/\",\"name\":\"Koonings\",\"description\":\"De grootste bruidsmodewinkel ter wereld\",\"publisher\":{\"@id\":\"https:\\\/\\\/www.koonings.com\\\/de\\\/#organization\"},\"potentialAction\":[{\"@type\":\"SearchAction\",\"target\":{\"@type\":\"EntryPoint\",\"urlTemplate\":\"https:\\\/\\\/www.koonings.com\\\/de\\\/?s={search_term_string}\"},\"query-input\":{\"@type\":\"PropertyValueSpecification\",\"valueRequired\":true,\"valueName\":\"search_term_string\"}}],\"inLanguage\":\"de\"},{\"@type\":\"Organization\",\"@id\":\"https:\\\/\\\/www.koonings.com\\\/de\\\/#organization\",\"name\":\"Koonings\",\"url\":\"https:\\\/\\\/www.koonings.com\\\/de\\\/\",\"logo\":{\"@type\":\"ImageObject\",\"inLanguage\":\"de\",\"@id\":\"https:\\\/\\\/www.koonings.com\\\/de\\\/#\\\/schema\\\/logo\\\/image\\\/\",\"url\":\"https:\\\/\\\/www.koonings.com\\\/wp-content\\\/uploads\\\/2024\\\/07\\\/logo.png\",\"contentUrl\":\"https:\\\/\\\/www.koonings.com\\\/wp-content\\\/uploads\\\/2024\\\/07\\\/logo.png\",\"width\":600,\"height\":428,\"caption\":\"Koonings\"},\"image\":{\"@id\":\"https:\\\/\\\/www.koonings.com\\\/de\\\/#\\\/schema\\\/logo\\\/image\\\/\"},\"sameAs\":[\"https:\\\/\\\/www.facebook.com\\\/kooningstheweddingpalace\",\"https:\\\/\\\/www.instagram.com\\\/kooningstheweddingpalace\",\"https:\\\/\\\/www.pinterest.com\\\/koonings\",\"https:\\\/\\\/www.youtube.com\\\/kooningstheweddingpalace\"]}]}<\/script>\n<!-- \/ Yoast SEO plugin. -->","yoast_head_json":{"title":"Modeca Dottie-C | Koonings","description":"Dottie-C ist ein Mikado-Ballkleid, das die Kurven einer modernen Prinzessin hervorhebt. Mit wundersch\u00f6ner Perlenspitze, die sorgf\u00e4ltig auf dem Mieder und den Ausschnitten platziert wurde, ist dieses Kleid ein wahres Meisterwerk an Eleganz und Charme. Dottie-C hat abnehmbare lange \u00c4rmel, so dass Sie Ihren Look ganz einfach individuell gestalten k\u00f6nnen. Ein k\u00fchner Schlitz im Rock verleiht diesem runden Brautlook einen Hauch von Drama.","robots":{"index":"index","follow":"follow","max-snippet":"max-snippet:-1","max-image-preview":"max-image-preview:large","max-video-preview":"max-video-preview:-1"},"canonical":"https:\/\/www.koonings.com\/de\/product\/modeca-dottie-c\/","og_locale":"de_DE","og_type":"article","og_title":"Modeca Dottie-C | Koonings","og_description":"Dottie-C ist ein Mikado-Ballkleid, das die Kurven einer modernen Prinzessin hervorhebt. Mit wundersch\u00f6ner Perlenspitze, die sorgf\u00e4ltig auf dem Mieder und den Ausschnitten platziert wurde, ist dieses Kleid ein wahres Meisterwerk an Eleganz und Charme. Dottie-C hat abnehmbare lange \u00c4rmel, so dass Sie Ihren Look ganz einfach individuell gestalten k\u00f6nnen. Ein k\u00fchner Schlitz im Rock verleiht diesem runden Brautlook einen Hauch von Drama.","og_url":"https:\/\/www.koonings.com\/de\/product\/modeca-dottie-c\/","og_site_name":"Koonings","article_publisher":"https:\/\/www.facebook.com\/kooningstheweddingpalace","og_image":[{"width":829,"height":1171,"url":"https:\/\/www.koonings.com\/wp-content\/uploads\/2024\/11\/40318_037adf51338cf9b4a18f16010b5c49e191b0df65ab6ea8350afa43c6a47046f48876d4d0.jpeg","type":"image\/jpeg"}],"twitter_card":"summary_large_image","schema":{"@context":"https:\/\/schema.org","@graph":[{"@type":"WebPage","@id":"https:\/\/www.koonings.com\/de\/product\/modeca-dottie-c\/","url":"https:\/\/www.koonings.com\/de\/product\/modeca-dottie-c\/","name":"Modeca Dottie-C | Koonings","isPartOf":{"@id":"https:\/\/www.koonings.com\/de\/#website"},"primaryImageOfPage":{"@id":"https:\/\/www.koonings.com\/de\/product\/modeca-dottie-c\/#primaryimage"},"image":{"@id":"https:\/\/www.koonings.com\/de\/product\/modeca-dottie-c\/#primaryimage"},"thumbnailUrl":"https:\/\/www.koonings.com\/wp-content\/uploads\/2024\/11\/40318_037adf51338cf9b4a18f16010b5c49e191b0df65ab6ea8350afa43c6a47046f48876d4d0.jpeg","datePublished":"2026-04-28T16:16:47+00:00","description":"Dottie-C ist ein Mikado-Ballkleid, das die Kurven einer modernen Prinzessin hervorhebt. Mit wundersch\u00f6ner Perlenspitze, die sorgf\u00e4ltig auf dem Mieder und den Ausschnitten platziert wurde, ist dieses Kleid ein wahres Meisterwerk an Eleganz und Charme. Dottie-C hat abnehmbare lange \u00c4rmel, so dass Sie Ihren Look ganz einfach individuell gestalten k\u00f6nnen. Ein k\u00fchner Schlitz im Rock verleiht diesem runden Brautlook einen Hauch von Drama.","breadcrumb":{"@id":"https:\/\/www.koonings.com\/de\/product\/modeca-dottie-c\/#breadcrumb"},"inLanguage":"de","potentialAction":[{"@type":"ReadAction","target":["https:\/\/www.koonings.com\/de\/product\/modeca-dottie-c\/"]}]},{"@type":"ImageObject","inLanguage":"de","@id":"https:\/\/www.koonings.com\/de\/product\/modeca-dottie-c\/#primaryimage","url":"https:\/\/www.koonings.com\/wp-content\/uploads\/2024\/11\/40318_037adf51338cf9b4a18f16010b5c49e191b0df65ab6ea8350afa43c6a47046f48876d4d0.jpeg","contentUrl":"https:\/\/www.koonings.com\/wp-content\/uploads\/2024\/11\/40318_037adf51338cf9b4a18f16010b5c49e191b0df65ab6ea8350afa43c6a47046f48876d4d0.jpeg","width":829,"height":1171},{"@type":"BreadcrumbList","@id":"https:\/\/www.koonings.com\/de\/product\/modeca-dottie-c\/#breadcrumb","itemListElement":[{"@type":"ListItem","position":1,"name":"Home","item":"https:\/\/www.koonings.com\/de\/"},{"@type":"ListItem","position":2,"name":"Modeca Dottie-C"}]},{"@type":"WebSite","@id":"https:\/\/www.koonings.com\/de\/#website","url":"https:\/\/www.koonings.com\/de\/","name":"Koonings","description":"De grootste bruidsmodewinkel ter wereld","publisher":{"@id":"https:\/\/www.koonings.com\/de\/#organization"},"potentialAction":[{"@type":"SearchAction","target":{"@type":"EntryPoint","urlTemplate":"https:\/\/www.koonings.com\/de\/?s={search_term_string}"},"query-input":{"@type":"PropertyValueSpecification","valueRequired":true,"valueName":"search_term_string"}}],"inLanguage":"de"},{"@type":"Organization","@id":"https:\/\/www.koonings.com\/de\/#organization","name":"Koonings","url":"https:\/\/www.koonings.com\/de\/","logo":{"@type":"ImageObject","inLanguage":"de","@id":"https:\/\/www.koonings.com\/de\/#\/schema\/logo\/image\/","url":"https:\/\/www.koonings.com\/wp-content\/uploads\/2024\/07\/logo.png","contentUrl":"https:\/\/www.koonings.com\/wp-content\/uploads\/2024\/07\/logo.png","width":600,"height":428,"caption":"Koonings"},"image":{"@id":"https:\/\/www.koonings.com\/de\/#\/schema\/logo\/image\/"},"sameAs":["https:\/\/www.facebook.com\/kooningstheweddingpalace","https:\/\/www.instagram.com\/kooningstheweddingpalace","https:\/\/www.pinterest.com\/koonings","https:\/\/www.youtube.com\/kooningstheweddingpalace"]}]}},"_links":{"self":[{"href":"https:\/\/www.koonings.com\/de\/wp-json\/wp\/v2\/product\/58249","targetHints":{"allow":["GET"]}}],"collection":[{"href":"https:\/\/www.koonings.com\/de\/wp-json\/wp\/v2\/product"}],"about":[{"href":"https:\/\/www.koonings.com\/de\/wp-json\/wp\/v2\/types\/product"}],"wp:featuredmedia":[{"embeddable":true,"href":"https:\/\/www.koonings.com\/de\/wp-json\/wp\/v2\/media\/43778"}],"wp:attachment":[{"href":"https:\/\/www.koonings.com\/de\/wp-json\/wp\/v2\/media?parent=58249"}],"wp:term":[{"taxonomy":"productdetails","embeddable":true,"href":"https:\/\/www.koonings.com\/de\/wp-json\/wp\/v2\/productdetails?post=58249"},{"taxonomy":"productneck","embeddable":true,"href":"https:\/\/www.koonings.com\/de\/wp-json\/wp\/v2\/productneck?post=58249"},{"taxonomy":"productcolor","embeddable":true,"href":"https:\/\/www.koonings.com\/de\/wp-json\/wp\/v2\/productcolor?post=58249"},{"taxonomy":"maat","embeddable":true,"href":"https:\/\/www.koonings.com\/de\/wp-json\/wp\/v2\/maat?post=58249"},{"taxonomy":"productsupplier","embeddable":true,"href":"https:\/\/www.koonings.com\/de\/wp-json\/wp\/v2\/productsupplier?post=58249"},{"taxonomy":"productsleeve","embeddable":true,"href":"https:\/\/www.koonings.com\/de\/wp-json\/wp\/v2\/productsleeve?post=58249"},{"taxonomy":"productcategory","embeddable":true,"href":"https:\/\/www.koonings.com\/de\/wp-json\/wp\/v2\/productcategory?post=58249"},{"taxonomy":"productsilhouette","embeddable":true,"href":"https:\/\/www.koonings.com\/de\/wp-json\/wp\/v2\/productsilhouette?post=58249"},{"taxonomy":"productstyle","embeddable":true,"href":"https:\/\/www.koonings.com\/de\/wp-json\/wp\/v2\/productstyle?post=58249"}],"curies":[{"name":"wp","href":"https:\/\/api.w.org\/{rel}","templated":true}]}}