{"id":58232,"date":"2026-04-14T16:18:28","date_gmt":"2026-04-14T14:18:28","guid":{"rendered":"https:\/\/www.koonings.com\/product\/modeca-curves-eloise-c\/"},"modified":"2025-06-05T13:01:59","modified_gmt":"2025-06-05T11:01:59","slug":"modeca-curves-eloise-c","status":"publish","type":"product","link":"https:\/\/www.koonings.com\/de\/product\/modeca-curves-eloise-c\/","title":{"rendered":"Modeca Curves Eloise-C"},"content":{"rendered":"<p>Eloise-C ist speziell f\u00fcr die kurvige Braut zugeschnitten. Dieses Kleid hat eine schmeichelhafte A-Linien-Silhouette, einen glitzernden T\u00fcllrock und ein wundersch\u00f6nes Mieder, das dezent mit Paillettenspitze verziert ist. F\u00fcr mehr Vielseitigkeit und verspieltes Flair sind abnehmbare Flatter\u00e4rmel im Lieferumfang enthalten, mit denen Sie Ihren Look ganz einfach individuell gestalten k\u00f6nnen. Dieses Kleid ist auch mit einfarbigem T\u00fcll erh\u00e4ltlich &#8211; Eloise-CA.   <\/p>\n","protected":false},"featured_media":43821,"template":"","meta":{"_acf_changed":false,"ghostkit_customizer_options":"","ghostkit_custom_css":"","ghostkit_custom_js_head":"","ghostkit_custom_js_foot":"","ghostkit_typography":""},"productdetails":[379,381],"productneck":[356],"productcolor":[393,392],"maat":[375],"productsupplier":[439],"productsleeve":[359],"productcategory":[18],"productsilhouette":[384],"productstyle":[366],"class_list":["post-58232","product","type-product","status-publish","has-post-thumbnail","hentry","productdetails-379","productdetails-381","productneck-356","productcolor-393","productcolor-392","maat-375","productsupplier-modeca-curves","productsleeve-359","productcategory-trouwjurken","productsilhouette-384","productstyle-366"],"acf":[],"yoast_head":"<!-- This site is optimized with the Yoast SEO plugin v27.3 - https:\/\/yoast.com\/product\/yoast-seo-wordpress\/ -->\n<title>Modeca Curves Eloise-C | Koonings<\/title>\n<meta name=\"description\" content=\"Eloise-C ist speziell f\u00fcr die kurvige Braut zugeschnitten. Dieses Kleid hat eine schmeichelhafte A-Linien-Silhouette, einen glitzernden T\u00fcllrock und ein wundersch\u00f6nes Mieder, das dezent mit Paillettenspitze verziert ist. F\u00fcr mehr Vielseitigkeit und verspieltes Flair sind abnehmbare Flatter\u00e4rmel im Lieferumfang enthalten, mit denen Sie Ihren Look ganz einfach individuell gestalten k\u00f6nnen. Dieses Kleid ist auch mit einfarbigem T\u00fcll erh\u00e4ltlich - Eloise-CA.\" \/>\n<meta name=\"robots\" content=\"index, follow, max-snippet:-1, max-image-preview:large, max-video-preview:-1\" \/>\n<link rel=\"canonical\" href=\"https:\/\/www.koonings.com\/de\/product\/modeca-curves-eloise-c\/\" \/>\n<meta property=\"og:locale\" content=\"de_DE\" \/>\n<meta property=\"og:type\" content=\"article\" \/>\n<meta property=\"og:title\" content=\"Modeca Curves Eloise-C | Koonings\" \/>\n<meta property=\"og:description\" content=\"Eloise-C ist speziell f\u00fcr die kurvige Braut zugeschnitten. Dieses Kleid hat eine schmeichelhafte A-Linien-Silhouette, einen glitzernden T\u00fcllrock und ein wundersch\u00f6nes Mieder, das dezent mit Paillettenspitze verziert ist. F\u00fcr mehr Vielseitigkeit und verspieltes Flair sind abnehmbare Flatter\u00e4rmel im Lieferumfang enthalten, mit denen Sie Ihren Look ganz einfach individuell gestalten k\u00f6nnen. Dieses Kleid ist auch mit einfarbigem T\u00fcll erh\u00e4ltlich - Eloise-CA.\" \/>\n<meta property=\"og:url\" content=\"https:\/\/www.koonings.com\/de\/product\/modeca-curves-eloise-c\/\" \/>\n<meta property=\"og:site_name\" content=\"Koonings\" \/>\n<meta property=\"article:publisher\" content=\"https:\/\/www.facebook.com\/kooningstheweddingpalace\" \/>\n<meta property=\"og:image\" content=\"https:\/\/www.koonings.com\/wp-content\/uploads\/2024\/11\/40321_778a729e46b88133d2ff068063f72cdeb1165bf5e20f0d1ba44d3eea1a591b4f118095a3.jpeg\" \/>\n\t<meta property=\"og:image:width\" content=\"686\" \/>\n\t<meta property=\"og:image:height\" content=\"970\" \/>\n\t<meta property=\"og:image:type\" content=\"image\/jpeg\" \/>\n<meta name=\"twitter:card\" content=\"summary_large_image\" \/>\n<script type=\"application\/ld+json\" class=\"yoast-schema-graph\">{\"@context\":\"https:\\\/\\\/schema.org\",\"@graph\":[{\"@type\":\"WebPage\",\"@id\":\"https:\\\/\\\/www.koonings.com\\\/de\\\/product\\\/modeca-curves-eloise-c\\\/\",\"url\":\"https:\\\/\\\/www.koonings.com\\\/de\\\/product\\\/modeca-curves-eloise-c\\\/\",\"name\":\"Modeca Curves Eloise-C | Koonings\",\"isPartOf\":{\"@id\":\"https:\\\/\\\/www.koonings.com\\\/de\\\/#website\"},\"primaryImageOfPage\":{\"@id\":\"https:\\\/\\\/www.koonings.com\\\/de\\\/product\\\/modeca-curves-eloise-c\\\/#primaryimage\"},\"image\":{\"@id\":\"https:\\\/\\\/www.koonings.com\\\/de\\\/product\\\/modeca-curves-eloise-c\\\/#primaryimage\"},\"thumbnailUrl\":\"https:\\\/\\\/www.koonings.com\\\/wp-content\\\/uploads\\\/2024\\\/11\\\/40321_778a729e46b88133d2ff068063f72cdeb1165bf5e20f0d1ba44d3eea1a591b4f118095a3.jpeg\",\"datePublished\":\"2026-04-14T14:18:28+00:00\",\"description\":\"Eloise-C ist speziell f\u00fcr die kurvige Braut zugeschnitten. Dieses Kleid hat eine schmeichelhafte A-Linien-Silhouette, einen glitzernden T\u00fcllrock und ein wundersch\u00f6nes Mieder, das dezent mit Paillettenspitze verziert ist. F\u00fcr mehr Vielseitigkeit und verspieltes Flair sind abnehmbare Flatter\u00e4rmel im Lieferumfang enthalten, mit denen Sie Ihren Look ganz einfach individuell gestalten k\u00f6nnen. Dieses Kleid ist auch mit einfarbigem T\u00fcll erh\u00e4ltlich - Eloise-CA.\",\"breadcrumb\":{\"@id\":\"https:\\\/\\\/www.koonings.com\\\/de\\\/product\\\/modeca-curves-eloise-c\\\/#breadcrumb\"},\"inLanguage\":\"de\",\"potentialAction\":[{\"@type\":\"ReadAction\",\"target\":[\"https:\\\/\\\/www.koonings.com\\\/de\\\/product\\\/modeca-curves-eloise-c\\\/\"]}]},{\"@type\":\"ImageObject\",\"inLanguage\":\"de\",\"@id\":\"https:\\\/\\\/www.koonings.com\\\/de\\\/product\\\/modeca-curves-eloise-c\\\/#primaryimage\",\"url\":\"https:\\\/\\\/www.koonings.com\\\/wp-content\\\/uploads\\\/2024\\\/11\\\/40321_778a729e46b88133d2ff068063f72cdeb1165bf5e20f0d1ba44d3eea1a591b4f118095a3.jpeg\",\"contentUrl\":\"https:\\\/\\\/www.koonings.com\\\/wp-content\\\/uploads\\\/2024\\\/11\\\/40321_778a729e46b88133d2ff068063f72cdeb1165bf5e20f0d1ba44d3eea1a591b4f118095a3.jpeg\",\"width\":686,\"height\":970},{\"@type\":\"BreadcrumbList\",\"@id\":\"https:\\\/\\\/www.koonings.com\\\/de\\\/product\\\/modeca-curves-eloise-c\\\/#breadcrumb\",\"itemListElement\":[{\"@type\":\"ListItem\",\"position\":1,\"name\":\"Home\",\"item\":\"https:\\\/\\\/www.koonings.com\\\/de\\\/\"},{\"@type\":\"ListItem\",\"position\":2,\"name\":\"Modeca Curves Eloise-C\"}]},{\"@type\":\"WebSite\",\"@id\":\"https:\\\/\\\/www.koonings.com\\\/de\\\/#website\",\"url\":\"https:\\\/\\\/www.koonings.com\\\/de\\\/\",\"name\":\"Koonings\",\"description\":\"De grootste bruidsmodewinkel ter wereld\",\"publisher\":{\"@id\":\"https:\\\/\\\/www.koonings.com\\\/de\\\/#organization\"},\"potentialAction\":[{\"@type\":\"SearchAction\",\"target\":{\"@type\":\"EntryPoint\",\"urlTemplate\":\"https:\\\/\\\/www.koonings.com\\\/de\\\/?s={search_term_string}\"},\"query-input\":{\"@type\":\"PropertyValueSpecification\",\"valueRequired\":true,\"valueName\":\"search_term_string\"}}],\"inLanguage\":\"de\"},{\"@type\":\"Organization\",\"@id\":\"https:\\\/\\\/www.koonings.com\\\/de\\\/#organization\",\"name\":\"Koonings\",\"url\":\"https:\\\/\\\/www.koonings.com\\\/de\\\/\",\"logo\":{\"@type\":\"ImageObject\",\"inLanguage\":\"de\",\"@id\":\"https:\\\/\\\/www.koonings.com\\\/de\\\/#\\\/schema\\\/logo\\\/image\\\/\",\"url\":\"https:\\\/\\\/www.koonings.com\\\/wp-content\\\/uploads\\\/2024\\\/07\\\/logo.png\",\"contentUrl\":\"https:\\\/\\\/www.koonings.com\\\/wp-content\\\/uploads\\\/2024\\\/07\\\/logo.png\",\"width\":600,\"height\":428,\"caption\":\"Koonings\"},\"image\":{\"@id\":\"https:\\\/\\\/www.koonings.com\\\/de\\\/#\\\/schema\\\/logo\\\/image\\\/\"},\"sameAs\":[\"https:\\\/\\\/www.facebook.com\\\/kooningstheweddingpalace\",\"https:\\\/\\\/www.instagram.com\\\/kooningstheweddingpalace\",\"https:\\\/\\\/www.pinterest.com\\\/koonings\",\"https:\\\/\\\/www.youtube.com\\\/kooningstheweddingpalace\"]}]}<\/script>\n<!-- \/ Yoast SEO plugin. -->","yoast_head_json":{"title":"Modeca Curves Eloise-C | Koonings","description":"Eloise-C ist speziell f\u00fcr die kurvige Braut zugeschnitten. Dieses Kleid hat eine schmeichelhafte A-Linien-Silhouette, einen glitzernden T\u00fcllrock und ein wundersch\u00f6nes Mieder, das dezent mit Paillettenspitze verziert ist. F\u00fcr mehr Vielseitigkeit und verspieltes Flair sind abnehmbare Flatter\u00e4rmel im Lieferumfang enthalten, mit denen Sie Ihren Look ganz einfach individuell gestalten k\u00f6nnen. Dieses Kleid ist auch mit einfarbigem T\u00fcll erh\u00e4ltlich - Eloise-CA.","robots":{"index":"index","follow":"follow","max-snippet":"max-snippet:-1","max-image-preview":"max-image-preview:large","max-video-preview":"max-video-preview:-1"},"canonical":"https:\/\/www.koonings.com\/de\/product\/modeca-curves-eloise-c\/","og_locale":"de_DE","og_type":"article","og_title":"Modeca Curves Eloise-C | Koonings","og_description":"Eloise-C ist speziell f\u00fcr die kurvige Braut zugeschnitten. Dieses Kleid hat eine schmeichelhafte A-Linien-Silhouette, einen glitzernden T\u00fcllrock und ein wundersch\u00f6nes Mieder, das dezent mit Paillettenspitze verziert ist. F\u00fcr mehr Vielseitigkeit und verspieltes Flair sind abnehmbare Flatter\u00e4rmel im Lieferumfang enthalten, mit denen Sie Ihren Look ganz einfach individuell gestalten k\u00f6nnen. Dieses Kleid ist auch mit einfarbigem T\u00fcll erh\u00e4ltlich - Eloise-CA.","og_url":"https:\/\/www.koonings.com\/de\/product\/modeca-curves-eloise-c\/","og_site_name":"Koonings","article_publisher":"https:\/\/www.facebook.com\/kooningstheweddingpalace","og_image":[{"width":686,"height":970,"url":"https:\/\/www.koonings.com\/wp-content\/uploads\/2024\/11\/40321_778a729e46b88133d2ff068063f72cdeb1165bf5e20f0d1ba44d3eea1a591b4f118095a3.jpeg","type":"image\/jpeg"}],"twitter_card":"summary_large_image","schema":{"@context":"https:\/\/schema.org","@graph":[{"@type":"WebPage","@id":"https:\/\/www.koonings.com\/de\/product\/modeca-curves-eloise-c\/","url":"https:\/\/www.koonings.com\/de\/product\/modeca-curves-eloise-c\/","name":"Modeca Curves Eloise-C | Koonings","isPartOf":{"@id":"https:\/\/www.koonings.com\/de\/#website"},"primaryImageOfPage":{"@id":"https:\/\/www.koonings.com\/de\/product\/modeca-curves-eloise-c\/#primaryimage"},"image":{"@id":"https:\/\/www.koonings.com\/de\/product\/modeca-curves-eloise-c\/#primaryimage"},"thumbnailUrl":"https:\/\/www.koonings.com\/wp-content\/uploads\/2024\/11\/40321_778a729e46b88133d2ff068063f72cdeb1165bf5e20f0d1ba44d3eea1a591b4f118095a3.jpeg","datePublished":"2026-04-14T14:18:28+00:00","description":"Eloise-C ist speziell f\u00fcr die kurvige Braut zugeschnitten. Dieses Kleid hat eine schmeichelhafte A-Linien-Silhouette, einen glitzernden T\u00fcllrock und ein wundersch\u00f6nes Mieder, das dezent mit Paillettenspitze verziert ist. F\u00fcr mehr Vielseitigkeit und verspieltes Flair sind abnehmbare Flatter\u00e4rmel im Lieferumfang enthalten, mit denen Sie Ihren Look ganz einfach individuell gestalten k\u00f6nnen. Dieses Kleid ist auch mit einfarbigem T\u00fcll erh\u00e4ltlich - Eloise-CA.","breadcrumb":{"@id":"https:\/\/www.koonings.com\/de\/product\/modeca-curves-eloise-c\/#breadcrumb"},"inLanguage":"de","potentialAction":[{"@type":"ReadAction","target":["https:\/\/www.koonings.com\/de\/product\/modeca-curves-eloise-c\/"]}]},{"@type":"ImageObject","inLanguage":"de","@id":"https:\/\/www.koonings.com\/de\/product\/modeca-curves-eloise-c\/#primaryimage","url":"https:\/\/www.koonings.com\/wp-content\/uploads\/2024\/11\/40321_778a729e46b88133d2ff068063f72cdeb1165bf5e20f0d1ba44d3eea1a591b4f118095a3.jpeg","contentUrl":"https:\/\/www.koonings.com\/wp-content\/uploads\/2024\/11\/40321_778a729e46b88133d2ff068063f72cdeb1165bf5e20f0d1ba44d3eea1a591b4f118095a3.jpeg","width":686,"height":970},{"@type":"BreadcrumbList","@id":"https:\/\/www.koonings.com\/de\/product\/modeca-curves-eloise-c\/#breadcrumb","itemListElement":[{"@type":"ListItem","position":1,"name":"Home","item":"https:\/\/www.koonings.com\/de\/"},{"@type":"ListItem","position":2,"name":"Modeca Curves Eloise-C"}]},{"@type":"WebSite","@id":"https:\/\/www.koonings.com\/de\/#website","url":"https:\/\/www.koonings.com\/de\/","name":"Koonings","description":"De grootste bruidsmodewinkel ter wereld","publisher":{"@id":"https:\/\/www.koonings.com\/de\/#organization"},"potentialAction":[{"@type":"SearchAction","target":{"@type":"EntryPoint","urlTemplate":"https:\/\/www.koonings.com\/de\/?s={search_term_string}"},"query-input":{"@type":"PropertyValueSpecification","valueRequired":true,"valueName":"search_term_string"}}],"inLanguage":"de"},{"@type":"Organization","@id":"https:\/\/www.koonings.com\/de\/#organization","name":"Koonings","url":"https:\/\/www.koonings.com\/de\/","logo":{"@type":"ImageObject","inLanguage":"de","@id":"https:\/\/www.koonings.com\/de\/#\/schema\/logo\/image\/","url":"https:\/\/www.koonings.com\/wp-content\/uploads\/2024\/07\/logo.png","contentUrl":"https:\/\/www.koonings.com\/wp-content\/uploads\/2024\/07\/logo.png","width":600,"height":428,"caption":"Koonings"},"image":{"@id":"https:\/\/www.koonings.com\/de\/#\/schema\/logo\/image\/"},"sameAs":["https:\/\/www.facebook.com\/kooningstheweddingpalace","https:\/\/www.instagram.com\/kooningstheweddingpalace","https:\/\/www.pinterest.com\/koonings","https:\/\/www.youtube.com\/kooningstheweddingpalace"]}]}},"_links":{"self":[{"href":"https:\/\/www.koonings.com\/de\/wp-json\/wp\/v2\/product\/58232","targetHints":{"allow":["GET"]}}],"collection":[{"href":"https:\/\/www.koonings.com\/de\/wp-json\/wp\/v2\/product"}],"about":[{"href":"https:\/\/www.koonings.com\/de\/wp-json\/wp\/v2\/types\/product"}],"wp:featuredmedia":[{"embeddable":true,"href":"https:\/\/www.koonings.com\/de\/wp-json\/wp\/v2\/media\/43821"}],"wp:attachment":[{"href":"https:\/\/www.koonings.com\/de\/wp-json\/wp\/v2\/media?parent=58232"}],"wp:term":[{"taxonomy":"productdetails","embeddable":true,"href":"https:\/\/www.koonings.com\/de\/wp-json\/wp\/v2\/productdetails?post=58232"},{"taxonomy":"productneck","embeddable":true,"href":"https:\/\/www.koonings.com\/de\/wp-json\/wp\/v2\/productneck?post=58232"},{"taxonomy":"productcolor","embeddable":true,"href":"https:\/\/www.koonings.com\/de\/wp-json\/wp\/v2\/productcolor?post=58232"},{"taxonomy":"maat","embeddable":true,"href":"https:\/\/www.koonings.com\/de\/wp-json\/wp\/v2\/maat?post=58232"},{"taxonomy":"productsupplier","embeddable":true,"href":"https:\/\/www.koonings.com\/de\/wp-json\/wp\/v2\/productsupplier?post=58232"},{"taxonomy":"productsleeve","embeddable":true,"href":"https:\/\/www.koonings.com\/de\/wp-json\/wp\/v2\/productsleeve?post=58232"},{"taxonomy":"productcategory","embeddable":true,"href":"https:\/\/www.koonings.com\/de\/wp-json\/wp\/v2\/productcategory?post=58232"},{"taxonomy":"productsilhouette","embeddable":true,"href":"https:\/\/www.koonings.com\/de\/wp-json\/wp\/v2\/productsilhouette?post=58232"},{"taxonomy":"productstyle","embeddable":true,"href":"https:\/\/www.koonings.com\/de\/wp-json\/wp\/v2\/productstyle?post=58232"}],"curies":[{"name":"wp","href":"https:\/\/api.w.org\/{rel}","templated":true}]}}