{"id":58228,"date":"2026-04-21T18:18:16","date_gmt":"2026-04-21T16:18:16","guid":{"rendered":"https:\/\/www.koonings.com\/product\/modeca-dinette\/"},"modified":"2025-06-05T13:04:22","modified_gmt":"2025-06-05T11:04:22","slug":"modeca-dinette","status":"publish","type":"product","link":"https:\/\/www.koonings.com\/de\/product\/modeca-dinette\/","title":{"rendered":"Modeca Dinette"},"content":{"rendered":"<p>Bringen Sie Ihren Brautstil zum Leben in diesem wundersch\u00f6nen Hochzeitskleid aus Cr\u00eape mit tiefem V-Ausschnitt. Das auff\u00e4lligste Merkmal des Dinette Kleides sind die Illusionsausschnitte an den Seiten, die mit glitzerndem T\u00fcll akzentuiert sind und diesem modischen Stil einen modernen Touch verleihen. Ein dezenter G\u00fcrtel mit einer kleinen Schleife in der Taille rundet diesen einzigartigen Brautlook ab.  <\/p>\n","protected":false},"featured_media":43881,"template":"","meta":{"_acf_changed":false,"ghostkit_customizer_options":"","ghostkit_custom_css":"","ghostkit_custom_js_head":"","ghostkit_custom_js_foot":"","ghostkit_typography":""},"productdetails":[],"productneck":[356],"productcolor":[393,392],"maat":[],"productsupplier":[434],"productsleeve":[359],"productcategory":[18],"productsilhouette":[389],"productstyle":[370],"class_list":["post-58228","product","type-product","status-publish","has-post-thumbnail","hentry","productneck-356","productcolor-393","productcolor-392","productsupplier-modeca","productsleeve-359","productcategory-trouwjurken","productsilhouette-389","productstyle-370"],"acf":[],"yoast_head":"<!-- This site is optimized with the Yoast SEO plugin v27.3 - https:\/\/yoast.com\/product\/yoast-seo-wordpress\/ -->\n<title>Modeca Dinette | Koonings<\/title>\n<meta name=\"description\" content=\"Bringen Sie Ihren Brautstil zum Leben in diesem wundersch\u00f6nen Hochzeitskleid aus Cr\u00eape mit tiefem V-Ausschnitt. Das auff\u00e4lligste Merkmal des Dinette Kleides sind die Illusionsausschnitte an den Seiten, die mit glitzerndem T\u00fcll akzentuiert sind und diesem modischen Stil einen modernen Touch verleihen. Ein dezenter G\u00fcrtel mit einer kleinen Schleife in der Taille rundet diesen einzigartigen Brautlook ab.\" \/>\n<meta name=\"robots\" content=\"index, follow, max-snippet:-1, max-image-preview:large, max-video-preview:-1\" \/>\n<link rel=\"canonical\" href=\"https:\/\/www.koonings.com\/de\/product\/modeca-dinette\/\" \/>\n<meta property=\"og:locale\" content=\"de_DE\" \/>\n<meta property=\"og:type\" content=\"article\" \/>\n<meta property=\"og:title\" content=\"Modeca Dinette | Koonings\" \/>\n<meta property=\"og:description\" content=\"Bringen Sie Ihren Brautstil zum Leben in diesem wundersch\u00f6nen Hochzeitskleid aus Cr\u00eape mit tiefem V-Ausschnitt. Das auff\u00e4lligste Merkmal des Dinette Kleides sind die Illusionsausschnitte an den Seiten, die mit glitzerndem T\u00fcll akzentuiert sind und diesem modischen Stil einen modernen Touch verleihen. Ein dezenter G\u00fcrtel mit einer kleinen Schleife in der Taille rundet diesen einzigartigen Brautlook ab.\" \/>\n<meta property=\"og:url\" content=\"https:\/\/www.koonings.com\/de\/product\/modeca-dinette\/\" \/>\n<meta property=\"og:site_name\" content=\"Koonings\" \/>\n<meta property=\"article:publisher\" content=\"https:\/\/www.facebook.com\/kooningstheweddingpalace\" \/>\n<meta property=\"og:image\" content=\"https:\/\/www.koonings.com\/wp-content\/uploads\/2024\/11\/40325_09c339a950ef2b5a90aa679eba3a4e8d4d39945a3eee02c08ac3062a53ab700b025d650d.jpeg\" \/>\n\t<meta property=\"og:image:width\" content=\"805\" \/>\n\t<meta property=\"og:image:height\" content=\"1140\" \/>\n\t<meta property=\"og:image:type\" content=\"image\/jpeg\" \/>\n<meta name=\"twitter:card\" content=\"summary_large_image\" \/>\n<script type=\"application\/ld+json\" class=\"yoast-schema-graph\">{\"@context\":\"https:\\\/\\\/schema.org\",\"@graph\":[{\"@type\":\"WebPage\",\"@id\":\"https:\\\/\\\/www.koonings.com\\\/de\\\/product\\\/modeca-dinette\\\/\",\"url\":\"https:\\\/\\\/www.koonings.com\\\/de\\\/product\\\/modeca-dinette\\\/\",\"name\":\"Modeca Dinette | Koonings\",\"isPartOf\":{\"@id\":\"https:\\\/\\\/www.koonings.com\\\/de\\\/#website\"},\"primaryImageOfPage\":{\"@id\":\"https:\\\/\\\/www.koonings.com\\\/de\\\/product\\\/modeca-dinette\\\/#primaryimage\"},\"image\":{\"@id\":\"https:\\\/\\\/www.koonings.com\\\/de\\\/product\\\/modeca-dinette\\\/#primaryimage\"},\"thumbnailUrl\":\"https:\\\/\\\/www.koonings.com\\\/wp-content\\\/uploads\\\/2024\\\/11\\\/40325_09c339a950ef2b5a90aa679eba3a4e8d4d39945a3eee02c08ac3062a53ab700b025d650d.jpeg\",\"datePublished\":\"2026-04-21T16:18:16+00:00\",\"description\":\"Bringen Sie Ihren Brautstil zum Leben in diesem wundersch\u00f6nen Hochzeitskleid aus Cr\u00eape mit tiefem V-Ausschnitt. Das auff\u00e4lligste Merkmal des Dinette Kleides sind die Illusionsausschnitte an den Seiten, die mit glitzerndem T\u00fcll akzentuiert sind und diesem modischen Stil einen modernen Touch verleihen. Ein dezenter G\u00fcrtel mit einer kleinen Schleife in der Taille rundet diesen einzigartigen Brautlook ab.\",\"breadcrumb\":{\"@id\":\"https:\\\/\\\/www.koonings.com\\\/de\\\/product\\\/modeca-dinette\\\/#breadcrumb\"},\"inLanguage\":\"de\",\"potentialAction\":[{\"@type\":\"ReadAction\",\"target\":[\"https:\\\/\\\/www.koonings.com\\\/de\\\/product\\\/modeca-dinette\\\/\"]}]},{\"@type\":\"ImageObject\",\"inLanguage\":\"de\",\"@id\":\"https:\\\/\\\/www.koonings.com\\\/de\\\/product\\\/modeca-dinette\\\/#primaryimage\",\"url\":\"https:\\\/\\\/www.koonings.com\\\/wp-content\\\/uploads\\\/2024\\\/11\\\/40325_09c339a950ef2b5a90aa679eba3a4e8d4d39945a3eee02c08ac3062a53ab700b025d650d.jpeg\",\"contentUrl\":\"https:\\\/\\\/www.koonings.com\\\/wp-content\\\/uploads\\\/2024\\\/11\\\/40325_09c339a950ef2b5a90aa679eba3a4e8d4d39945a3eee02c08ac3062a53ab700b025d650d.jpeg\",\"width\":805,\"height\":1140},{\"@type\":\"BreadcrumbList\",\"@id\":\"https:\\\/\\\/www.koonings.com\\\/de\\\/product\\\/modeca-dinette\\\/#breadcrumb\",\"itemListElement\":[{\"@type\":\"ListItem\",\"position\":1,\"name\":\"Home\",\"item\":\"https:\\\/\\\/www.koonings.com\\\/de\\\/\"},{\"@type\":\"ListItem\",\"position\":2,\"name\":\"Modeca Dinette\"}]},{\"@type\":\"WebSite\",\"@id\":\"https:\\\/\\\/www.koonings.com\\\/de\\\/#website\",\"url\":\"https:\\\/\\\/www.koonings.com\\\/de\\\/\",\"name\":\"Koonings\",\"description\":\"De grootste bruidsmodewinkel ter wereld\",\"publisher\":{\"@id\":\"https:\\\/\\\/www.koonings.com\\\/de\\\/#organization\"},\"potentialAction\":[{\"@type\":\"SearchAction\",\"target\":{\"@type\":\"EntryPoint\",\"urlTemplate\":\"https:\\\/\\\/www.koonings.com\\\/de\\\/?s={search_term_string}\"},\"query-input\":{\"@type\":\"PropertyValueSpecification\",\"valueRequired\":true,\"valueName\":\"search_term_string\"}}],\"inLanguage\":\"de\"},{\"@type\":\"Organization\",\"@id\":\"https:\\\/\\\/www.koonings.com\\\/de\\\/#organization\",\"name\":\"Koonings\",\"url\":\"https:\\\/\\\/www.koonings.com\\\/de\\\/\",\"logo\":{\"@type\":\"ImageObject\",\"inLanguage\":\"de\",\"@id\":\"https:\\\/\\\/www.koonings.com\\\/de\\\/#\\\/schema\\\/logo\\\/image\\\/\",\"url\":\"https:\\\/\\\/www.koonings.com\\\/wp-content\\\/uploads\\\/2024\\\/07\\\/logo.png\",\"contentUrl\":\"https:\\\/\\\/www.koonings.com\\\/wp-content\\\/uploads\\\/2024\\\/07\\\/logo.png\",\"width\":600,\"height\":428,\"caption\":\"Koonings\"},\"image\":{\"@id\":\"https:\\\/\\\/www.koonings.com\\\/de\\\/#\\\/schema\\\/logo\\\/image\\\/\"},\"sameAs\":[\"https:\\\/\\\/www.facebook.com\\\/kooningstheweddingpalace\",\"https:\\\/\\\/www.instagram.com\\\/kooningstheweddingpalace\",\"https:\\\/\\\/www.pinterest.com\\\/koonings\",\"https:\\\/\\\/www.youtube.com\\\/kooningstheweddingpalace\"]}]}<\/script>\n<!-- \/ Yoast SEO plugin. -->","yoast_head_json":{"title":"Modeca Dinette | Koonings","description":"Bringen Sie Ihren Brautstil zum Leben in diesem wundersch\u00f6nen Hochzeitskleid aus Cr\u00eape mit tiefem V-Ausschnitt. Das auff\u00e4lligste Merkmal des Dinette Kleides sind die Illusionsausschnitte an den Seiten, die mit glitzerndem T\u00fcll akzentuiert sind und diesem modischen Stil einen modernen Touch verleihen. Ein dezenter G\u00fcrtel mit einer kleinen Schleife in der Taille rundet diesen einzigartigen Brautlook ab.","robots":{"index":"index","follow":"follow","max-snippet":"max-snippet:-1","max-image-preview":"max-image-preview:large","max-video-preview":"max-video-preview:-1"},"canonical":"https:\/\/www.koonings.com\/de\/product\/modeca-dinette\/","og_locale":"de_DE","og_type":"article","og_title":"Modeca Dinette | Koonings","og_description":"Bringen Sie Ihren Brautstil zum Leben in diesem wundersch\u00f6nen Hochzeitskleid aus Cr\u00eape mit tiefem V-Ausschnitt. Das auff\u00e4lligste Merkmal des Dinette Kleides sind die Illusionsausschnitte an den Seiten, die mit glitzerndem T\u00fcll akzentuiert sind und diesem modischen Stil einen modernen Touch verleihen. Ein dezenter G\u00fcrtel mit einer kleinen Schleife in der Taille rundet diesen einzigartigen Brautlook ab.","og_url":"https:\/\/www.koonings.com\/de\/product\/modeca-dinette\/","og_site_name":"Koonings","article_publisher":"https:\/\/www.facebook.com\/kooningstheweddingpalace","og_image":[{"width":805,"height":1140,"url":"https:\/\/www.koonings.com\/wp-content\/uploads\/2024\/11\/40325_09c339a950ef2b5a90aa679eba3a4e8d4d39945a3eee02c08ac3062a53ab700b025d650d.jpeg","type":"image\/jpeg"}],"twitter_card":"summary_large_image","schema":{"@context":"https:\/\/schema.org","@graph":[{"@type":"WebPage","@id":"https:\/\/www.koonings.com\/de\/product\/modeca-dinette\/","url":"https:\/\/www.koonings.com\/de\/product\/modeca-dinette\/","name":"Modeca Dinette | Koonings","isPartOf":{"@id":"https:\/\/www.koonings.com\/de\/#website"},"primaryImageOfPage":{"@id":"https:\/\/www.koonings.com\/de\/product\/modeca-dinette\/#primaryimage"},"image":{"@id":"https:\/\/www.koonings.com\/de\/product\/modeca-dinette\/#primaryimage"},"thumbnailUrl":"https:\/\/www.koonings.com\/wp-content\/uploads\/2024\/11\/40325_09c339a950ef2b5a90aa679eba3a4e8d4d39945a3eee02c08ac3062a53ab700b025d650d.jpeg","datePublished":"2026-04-21T16:18:16+00:00","description":"Bringen Sie Ihren Brautstil zum Leben in diesem wundersch\u00f6nen Hochzeitskleid aus Cr\u00eape mit tiefem V-Ausschnitt. Das auff\u00e4lligste Merkmal des Dinette Kleides sind die Illusionsausschnitte an den Seiten, die mit glitzerndem T\u00fcll akzentuiert sind und diesem modischen Stil einen modernen Touch verleihen. Ein dezenter G\u00fcrtel mit einer kleinen Schleife in der Taille rundet diesen einzigartigen Brautlook ab.","breadcrumb":{"@id":"https:\/\/www.koonings.com\/de\/product\/modeca-dinette\/#breadcrumb"},"inLanguage":"de","potentialAction":[{"@type":"ReadAction","target":["https:\/\/www.koonings.com\/de\/product\/modeca-dinette\/"]}]},{"@type":"ImageObject","inLanguage":"de","@id":"https:\/\/www.koonings.com\/de\/product\/modeca-dinette\/#primaryimage","url":"https:\/\/www.koonings.com\/wp-content\/uploads\/2024\/11\/40325_09c339a950ef2b5a90aa679eba3a4e8d4d39945a3eee02c08ac3062a53ab700b025d650d.jpeg","contentUrl":"https:\/\/www.koonings.com\/wp-content\/uploads\/2024\/11\/40325_09c339a950ef2b5a90aa679eba3a4e8d4d39945a3eee02c08ac3062a53ab700b025d650d.jpeg","width":805,"height":1140},{"@type":"BreadcrumbList","@id":"https:\/\/www.koonings.com\/de\/product\/modeca-dinette\/#breadcrumb","itemListElement":[{"@type":"ListItem","position":1,"name":"Home","item":"https:\/\/www.koonings.com\/de\/"},{"@type":"ListItem","position":2,"name":"Modeca Dinette"}]},{"@type":"WebSite","@id":"https:\/\/www.koonings.com\/de\/#website","url":"https:\/\/www.koonings.com\/de\/","name":"Koonings","description":"De grootste bruidsmodewinkel ter wereld","publisher":{"@id":"https:\/\/www.koonings.com\/de\/#organization"},"potentialAction":[{"@type":"SearchAction","target":{"@type":"EntryPoint","urlTemplate":"https:\/\/www.koonings.com\/de\/?s={search_term_string}"},"query-input":{"@type":"PropertyValueSpecification","valueRequired":true,"valueName":"search_term_string"}}],"inLanguage":"de"},{"@type":"Organization","@id":"https:\/\/www.koonings.com\/de\/#organization","name":"Koonings","url":"https:\/\/www.koonings.com\/de\/","logo":{"@type":"ImageObject","inLanguage":"de","@id":"https:\/\/www.koonings.com\/de\/#\/schema\/logo\/image\/","url":"https:\/\/www.koonings.com\/wp-content\/uploads\/2024\/07\/logo.png","contentUrl":"https:\/\/www.koonings.com\/wp-content\/uploads\/2024\/07\/logo.png","width":600,"height":428,"caption":"Koonings"},"image":{"@id":"https:\/\/www.koonings.com\/de\/#\/schema\/logo\/image\/"},"sameAs":["https:\/\/www.facebook.com\/kooningstheweddingpalace","https:\/\/www.instagram.com\/kooningstheweddingpalace","https:\/\/www.pinterest.com\/koonings","https:\/\/www.youtube.com\/kooningstheweddingpalace"]}]}},"_links":{"self":[{"href":"https:\/\/www.koonings.com\/de\/wp-json\/wp\/v2\/product\/58228","targetHints":{"allow":["GET"]}}],"collection":[{"href":"https:\/\/www.koonings.com\/de\/wp-json\/wp\/v2\/product"}],"about":[{"href":"https:\/\/www.koonings.com\/de\/wp-json\/wp\/v2\/types\/product"}],"wp:featuredmedia":[{"embeddable":true,"href":"https:\/\/www.koonings.com\/de\/wp-json\/wp\/v2\/media\/43881"}],"wp:attachment":[{"href":"https:\/\/www.koonings.com\/de\/wp-json\/wp\/v2\/media?parent=58228"}],"wp:term":[{"taxonomy":"productdetails","embeddable":true,"href":"https:\/\/www.koonings.com\/de\/wp-json\/wp\/v2\/productdetails?post=58228"},{"taxonomy":"productneck","embeddable":true,"href":"https:\/\/www.koonings.com\/de\/wp-json\/wp\/v2\/productneck?post=58228"},{"taxonomy":"productcolor","embeddable":true,"href":"https:\/\/www.koonings.com\/de\/wp-json\/wp\/v2\/productcolor?post=58228"},{"taxonomy":"maat","embeddable":true,"href":"https:\/\/www.koonings.com\/de\/wp-json\/wp\/v2\/maat?post=58228"},{"taxonomy":"productsupplier","embeddable":true,"href":"https:\/\/www.koonings.com\/de\/wp-json\/wp\/v2\/productsupplier?post=58228"},{"taxonomy":"productsleeve","embeddable":true,"href":"https:\/\/www.koonings.com\/de\/wp-json\/wp\/v2\/productsleeve?post=58228"},{"taxonomy":"productcategory","embeddable":true,"href":"https:\/\/www.koonings.com\/de\/wp-json\/wp\/v2\/productcategory?post=58228"},{"taxonomy":"productsilhouette","embeddable":true,"href":"https:\/\/www.koonings.com\/de\/wp-json\/wp\/v2\/productsilhouette?post=58228"},{"taxonomy":"productstyle","embeddable":true,"href":"https:\/\/www.koonings.com\/de\/wp-json\/wp\/v2\/productstyle?post=58228"}],"curies":[{"name":"wp","href":"https:\/\/api.w.org\/{rel}","templated":true}]}}