{"id":58217,"date":"2026-04-21T18:18:33","date_gmt":"2026-04-21T16:18:33","guid":{"rendered":"https:\/\/www.koonings.com\/product\/randy-fenoli-ginny\/"},"modified":"2025-06-05T13:04:40","modified_gmt":"2025-06-05T11:04:40","slug":"randy-fenoli-ginny","status":"publish","type":"product","link":"https:\/\/www.koonings.com\/de\/product\/randy-fenoli-ginny\/","title":{"rendered":"Randy Fenoli Ginny"},"content":{"rendered":"<p>Ginny ist ein romantisches und feminines Trompetenkleid. Das Mieder hat einen breiten V-Ausschnitt und ist mit St\u00e4bchen besetzt. Die Vorderseite des Mieders geht nahtlos in einen tiefen V-Ausschnitt mit Spitzen\u00fcberlagerung \u00fcber. Vertr\u00e4umte Spitze mit Blumendruck und 3D-Blumenapplikationen sind \u00fcber das ganze Kleid verstreut. Eine Schicht aus schimmerndem T\u00fcll unter der Spitze verleiht dem Kleid eine zus\u00e4tzliche Dimension des Glanzes. Prinzessinnenn\u00e4hte entlang des R\u00fcckenteils des Kleides betonen die Figur. Ginny hat eine wundersch\u00f6ne Schleppe, die mit der gleichen Spitze wie der Rest des Kleides ges\u00e4umt ist. Dieses Kleid kann tr\u00e4gerlos oder mit passenden abnehmbaren Tr\u00e4gern auf der Schulter oder off-shoulder getragen werden. Die Tr\u00e4ger k\u00f6nnen separat bestellt werden.        <\/p>\n","protected":false},"featured_media":43907,"template":"","meta":{"_acf_changed":false,"ghostkit_customizer_options":"","ghostkit_custom_css":"","ghostkit_custom_js_head":"","ghostkit_custom_js_foot":"","ghostkit_typography":""},"productdetails":[376],"productneck":[354],"productcolor":[393,392],"maat":[],"productsupplier":[422],"productsleeve":[],"productcategory":[18],"productsilhouette":[390],"productstyle":[366],"class_list":["post-58217","product","type-product","status-publish","has-post-thumbnail","hentry","productdetails-376","productneck-354","productcolor-393","productcolor-392","productsupplier-randy-fenoli","productcategory-trouwjurken","productsilhouette-390","productstyle-366"],"acf":[],"yoast_head":"<!-- This site is optimized with the Yoast SEO plugin v27.3 - https:\/\/yoast.com\/product\/yoast-seo-wordpress\/ -->\n<title>Randy Fenoli Ginny | Koonings<\/title>\n<meta name=\"description\" content=\"Ginny ist ein romantisches und feminines Trompetenkleid. Das Mieder hat einen breiten V-Ausschnitt und ist mit St\u00e4bchen besetzt. Die Vorderseite des Mieders geht nahtlos in einen tiefen V-Ausschnitt mit Spitzen\u00fcberlagerung \u00fcber. Vertr\u00e4umte Spitze mit Blumendruck und 3D-Blumenapplikationen sind \u00fcber das ganze Kleid verstreut. Eine Schicht aus schimmerndem T\u00fcll unter der Spitze verleiht dem Kleid eine zus\u00e4tzliche Dimension des Glanzes. Prinzessinnenn\u00e4hte entlang des R\u00fcckenteils des Kleides betonen die Figur. Ginny hat eine wundersch\u00f6ne Schleppe, die mit der gleichen Spitze wie der Rest des Kleides ges\u00e4umt ist. Dieses Kleid kann tr\u00e4gerlos oder mit passenden abnehmbaren Tr\u00e4gern auf der Schulter oder off-shoulder getragen werden. Die Tr\u00e4ger k\u00f6nnen separat bestellt werden.\" \/>\n<meta name=\"robots\" content=\"index, follow, max-snippet:-1, max-image-preview:large, max-video-preview:-1\" \/>\n<link rel=\"canonical\" href=\"https:\/\/www.koonings.com\/de\/product\/randy-fenoli-ginny\/\" \/>\n<meta property=\"og:locale\" content=\"de_DE\" \/>\n<meta property=\"og:type\" content=\"article\" \/>\n<meta property=\"og:title\" content=\"Randy Fenoli Ginny | Koonings\" \/>\n<meta property=\"og:description\" content=\"Ginny ist ein romantisches und feminines Trompetenkleid. Das Mieder hat einen breiten V-Ausschnitt und ist mit St\u00e4bchen besetzt. Die Vorderseite des Mieders geht nahtlos in einen tiefen V-Ausschnitt mit Spitzen\u00fcberlagerung \u00fcber. Vertr\u00e4umte Spitze mit Blumendruck und 3D-Blumenapplikationen sind \u00fcber das ganze Kleid verstreut. Eine Schicht aus schimmerndem T\u00fcll unter der Spitze verleiht dem Kleid eine zus\u00e4tzliche Dimension des Glanzes. Prinzessinnenn\u00e4hte entlang des R\u00fcckenteils des Kleides betonen die Figur. Ginny hat eine wundersch\u00f6ne Schleppe, die mit der gleichen Spitze wie der Rest des Kleides ges\u00e4umt ist. Dieses Kleid kann tr\u00e4gerlos oder mit passenden abnehmbaren Tr\u00e4gern auf der Schulter oder off-shoulder getragen werden. Die Tr\u00e4ger k\u00f6nnen separat bestellt werden.\" \/>\n<meta property=\"og:url\" content=\"https:\/\/www.koonings.com\/de\/product\/randy-fenoli-ginny\/\" \/>\n<meta property=\"og:site_name\" content=\"Koonings\" \/>\n<meta property=\"article:publisher\" content=\"https:\/\/www.facebook.com\/kooningstheweddingpalace\" \/>\n<meta property=\"og:image\" content=\"https:\/\/www.koonings.com\/wp-content\/uploads\/2024\/11\/40392_e6bfde2339a20b47778e165fbea2fac31794c8eb966baa51f540e77f81447c1a790fb0e5-724x1024.jpeg\" \/>\n\t<meta property=\"og:image:width\" content=\"724\" \/>\n\t<meta property=\"og:image:height\" content=\"1024\" \/>\n\t<meta property=\"og:image:type\" content=\"image\/jpeg\" \/>\n<meta name=\"twitter:card\" content=\"summary_large_image\" \/>\n<meta name=\"twitter:label1\" content=\"Gesch\u00e4tzte Lesezeit\" \/>\n\t<meta name=\"twitter:data1\" content=\"1\u00a0Minute\" \/>\n<script type=\"application\/ld+json\" class=\"yoast-schema-graph\">{\"@context\":\"https:\\\/\\\/schema.org\",\"@graph\":[{\"@type\":\"WebPage\",\"@id\":\"https:\\\/\\\/www.koonings.com\\\/de\\\/product\\\/randy-fenoli-ginny\\\/\",\"url\":\"https:\\\/\\\/www.koonings.com\\\/de\\\/product\\\/randy-fenoli-ginny\\\/\",\"name\":\"Randy Fenoli Ginny | Koonings\",\"isPartOf\":{\"@id\":\"https:\\\/\\\/www.koonings.com\\\/de\\\/#website\"},\"primaryImageOfPage\":{\"@id\":\"https:\\\/\\\/www.koonings.com\\\/de\\\/product\\\/randy-fenoli-ginny\\\/#primaryimage\"},\"image\":{\"@id\":\"https:\\\/\\\/www.koonings.com\\\/de\\\/product\\\/randy-fenoli-ginny\\\/#primaryimage\"},\"thumbnailUrl\":\"https:\\\/\\\/www.koonings.com\\\/wp-content\\\/uploads\\\/2024\\\/11\\\/40392_e6bfde2339a20b47778e165fbea2fac31794c8eb966baa51f540e77f81447c1a790fb0e5.jpeg\",\"datePublished\":\"2026-04-21T16:18:33+00:00\",\"description\":\"Ginny ist ein romantisches und feminines Trompetenkleid. Das Mieder hat einen breiten V-Ausschnitt und ist mit St\u00e4bchen besetzt. Die Vorderseite des Mieders geht nahtlos in einen tiefen V-Ausschnitt mit Spitzen\u00fcberlagerung \u00fcber. Vertr\u00e4umte Spitze mit Blumendruck und 3D-Blumenapplikationen sind \u00fcber das ganze Kleid verstreut. Eine Schicht aus schimmerndem T\u00fcll unter der Spitze verleiht dem Kleid eine zus\u00e4tzliche Dimension des Glanzes. Prinzessinnenn\u00e4hte entlang des R\u00fcckenteils des Kleides betonen die Figur. Ginny hat eine wundersch\u00f6ne Schleppe, die mit der gleichen Spitze wie der Rest des Kleides ges\u00e4umt ist. Dieses Kleid kann tr\u00e4gerlos oder mit passenden abnehmbaren Tr\u00e4gern auf der Schulter oder off-shoulder getragen werden. Die Tr\u00e4ger k\u00f6nnen separat bestellt werden.\",\"breadcrumb\":{\"@id\":\"https:\\\/\\\/www.koonings.com\\\/de\\\/product\\\/randy-fenoli-ginny\\\/#breadcrumb\"},\"inLanguage\":\"de\",\"potentialAction\":[{\"@type\":\"ReadAction\",\"target\":[\"https:\\\/\\\/www.koonings.com\\\/de\\\/product\\\/randy-fenoli-ginny\\\/\"]}]},{\"@type\":\"ImageObject\",\"inLanguage\":\"de\",\"@id\":\"https:\\\/\\\/www.koonings.com\\\/de\\\/product\\\/randy-fenoli-ginny\\\/#primaryimage\",\"url\":\"https:\\\/\\\/www.koonings.com\\\/wp-content\\\/uploads\\\/2024\\\/11\\\/40392_e6bfde2339a20b47778e165fbea2fac31794c8eb966baa51f540e77f81447c1a790fb0e5.jpeg\",\"contentUrl\":\"https:\\\/\\\/www.koonings.com\\\/wp-content\\\/uploads\\\/2024\\\/11\\\/40392_e6bfde2339a20b47778e165fbea2fac31794c8eb966baa51f540e77f81447c1a790fb0e5.jpeg\",\"width\":1509,\"height\":2134},{\"@type\":\"BreadcrumbList\",\"@id\":\"https:\\\/\\\/www.koonings.com\\\/de\\\/product\\\/randy-fenoli-ginny\\\/#breadcrumb\",\"itemListElement\":[{\"@type\":\"ListItem\",\"position\":1,\"name\":\"Home\",\"item\":\"https:\\\/\\\/www.koonings.com\\\/de\\\/\"},{\"@type\":\"ListItem\",\"position\":2,\"name\":\"Randy Fenoli Ginny\"}]},{\"@type\":\"WebSite\",\"@id\":\"https:\\\/\\\/www.koonings.com\\\/de\\\/#website\",\"url\":\"https:\\\/\\\/www.koonings.com\\\/de\\\/\",\"name\":\"Koonings\",\"description\":\"De grootste bruidsmodewinkel ter wereld\",\"publisher\":{\"@id\":\"https:\\\/\\\/www.koonings.com\\\/de\\\/#organization\"},\"potentialAction\":[{\"@type\":\"SearchAction\",\"target\":{\"@type\":\"EntryPoint\",\"urlTemplate\":\"https:\\\/\\\/www.koonings.com\\\/de\\\/?s={search_term_string}\"},\"query-input\":{\"@type\":\"PropertyValueSpecification\",\"valueRequired\":true,\"valueName\":\"search_term_string\"}}],\"inLanguage\":\"de\"},{\"@type\":\"Organization\",\"@id\":\"https:\\\/\\\/www.koonings.com\\\/de\\\/#organization\",\"name\":\"Koonings\",\"url\":\"https:\\\/\\\/www.koonings.com\\\/de\\\/\",\"logo\":{\"@type\":\"ImageObject\",\"inLanguage\":\"de\",\"@id\":\"https:\\\/\\\/www.koonings.com\\\/de\\\/#\\\/schema\\\/logo\\\/image\\\/\",\"url\":\"https:\\\/\\\/www.koonings.com\\\/wp-content\\\/uploads\\\/2024\\\/07\\\/logo.png\",\"contentUrl\":\"https:\\\/\\\/www.koonings.com\\\/wp-content\\\/uploads\\\/2024\\\/07\\\/logo.png\",\"width\":600,\"height\":428,\"caption\":\"Koonings\"},\"image\":{\"@id\":\"https:\\\/\\\/www.koonings.com\\\/de\\\/#\\\/schema\\\/logo\\\/image\\\/\"},\"sameAs\":[\"https:\\\/\\\/www.facebook.com\\\/kooningstheweddingpalace\",\"https:\\\/\\\/www.instagram.com\\\/kooningstheweddingpalace\",\"https:\\\/\\\/www.pinterest.com\\\/koonings\",\"https:\\\/\\\/www.youtube.com\\\/kooningstheweddingpalace\"]}]}<\/script>\n<!-- \/ Yoast SEO plugin. -->","yoast_head_json":{"title":"Randy Fenoli Ginny | Koonings","description":"Ginny ist ein romantisches und feminines Trompetenkleid. Das Mieder hat einen breiten V-Ausschnitt und ist mit St\u00e4bchen besetzt. Die Vorderseite des Mieders geht nahtlos in einen tiefen V-Ausschnitt mit Spitzen\u00fcberlagerung \u00fcber. Vertr\u00e4umte Spitze mit Blumendruck und 3D-Blumenapplikationen sind \u00fcber das ganze Kleid verstreut. Eine Schicht aus schimmerndem T\u00fcll unter der Spitze verleiht dem Kleid eine zus\u00e4tzliche Dimension des Glanzes. Prinzessinnenn\u00e4hte entlang des R\u00fcckenteils des Kleides betonen die Figur. Ginny hat eine wundersch\u00f6ne Schleppe, die mit der gleichen Spitze wie der Rest des Kleides ges\u00e4umt ist. Dieses Kleid kann tr\u00e4gerlos oder mit passenden abnehmbaren Tr\u00e4gern auf der Schulter oder off-shoulder getragen werden. Die Tr\u00e4ger k\u00f6nnen separat bestellt werden.","robots":{"index":"index","follow":"follow","max-snippet":"max-snippet:-1","max-image-preview":"max-image-preview:large","max-video-preview":"max-video-preview:-1"},"canonical":"https:\/\/www.koonings.com\/de\/product\/randy-fenoli-ginny\/","og_locale":"de_DE","og_type":"article","og_title":"Randy Fenoli Ginny | Koonings","og_description":"Ginny ist ein romantisches und feminines Trompetenkleid. Das Mieder hat einen breiten V-Ausschnitt und ist mit St\u00e4bchen besetzt. Die Vorderseite des Mieders geht nahtlos in einen tiefen V-Ausschnitt mit Spitzen\u00fcberlagerung \u00fcber. Vertr\u00e4umte Spitze mit Blumendruck und 3D-Blumenapplikationen sind \u00fcber das ganze Kleid verstreut. Eine Schicht aus schimmerndem T\u00fcll unter der Spitze verleiht dem Kleid eine zus\u00e4tzliche Dimension des Glanzes. Prinzessinnenn\u00e4hte entlang des R\u00fcckenteils des Kleides betonen die Figur. Ginny hat eine wundersch\u00f6ne Schleppe, die mit der gleichen Spitze wie der Rest des Kleides ges\u00e4umt ist. Dieses Kleid kann tr\u00e4gerlos oder mit passenden abnehmbaren Tr\u00e4gern auf der Schulter oder off-shoulder getragen werden. Die Tr\u00e4ger k\u00f6nnen separat bestellt werden.","og_url":"https:\/\/www.koonings.com\/de\/product\/randy-fenoli-ginny\/","og_site_name":"Koonings","article_publisher":"https:\/\/www.facebook.com\/kooningstheweddingpalace","og_image":[{"width":724,"height":1024,"url":"https:\/\/www.koonings.com\/wp-content\/uploads\/2024\/11\/40392_e6bfde2339a20b47778e165fbea2fac31794c8eb966baa51f540e77f81447c1a790fb0e5-724x1024.jpeg","type":"image\/jpeg"}],"twitter_card":"summary_large_image","twitter_misc":{"Gesch\u00e4tzte Lesezeit":"1\u00a0Minute"},"schema":{"@context":"https:\/\/schema.org","@graph":[{"@type":"WebPage","@id":"https:\/\/www.koonings.com\/de\/product\/randy-fenoli-ginny\/","url":"https:\/\/www.koonings.com\/de\/product\/randy-fenoli-ginny\/","name":"Randy Fenoli Ginny | Koonings","isPartOf":{"@id":"https:\/\/www.koonings.com\/de\/#website"},"primaryImageOfPage":{"@id":"https:\/\/www.koonings.com\/de\/product\/randy-fenoli-ginny\/#primaryimage"},"image":{"@id":"https:\/\/www.koonings.com\/de\/product\/randy-fenoli-ginny\/#primaryimage"},"thumbnailUrl":"https:\/\/www.koonings.com\/wp-content\/uploads\/2024\/11\/40392_e6bfde2339a20b47778e165fbea2fac31794c8eb966baa51f540e77f81447c1a790fb0e5.jpeg","datePublished":"2026-04-21T16:18:33+00:00","description":"Ginny ist ein romantisches und feminines Trompetenkleid. Das Mieder hat einen breiten V-Ausschnitt und ist mit St\u00e4bchen besetzt. Die Vorderseite des Mieders geht nahtlos in einen tiefen V-Ausschnitt mit Spitzen\u00fcberlagerung \u00fcber. Vertr\u00e4umte Spitze mit Blumendruck und 3D-Blumenapplikationen sind \u00fcber das ganze Kleid verstreut. Eine Schicht aus schimmerndem T\u00fcll unter der Spitze verleiht dem Kleid eine zus\u00e4tzliche Dimension des Glanzes. Prinzessinnenn\u00e4hte entlang des R\u00fcckenteils des Kleides betonen die Figur. Ginny hat eine wundersch\u00f6ne Schleppe, die mit der gleichen Spitze wie der Rest des Kleides ges\u00e4umt ist. Dieses Kleid kann tr\u00e4gerlos oder mit passenden abnehmbaren Tr\u00e4gern auf der Schulter oder off-shoulder getragen werden. Die Tr\u00e4ger k\u00f6nnen separat bestellt werden.","breadcrumb":{"@id":"https:\/\/www.koonings.com\/de\/product\/randy-fenoli-ginny\/#breadcrumb"},"inLanguage":"de","potentialAction":[{"@type":"ReadAction","target":["https:\/\/www.koonings.com\/de\/product\/randy-fenoli-ginny\/"]}]},{"@type":"ImageObject","inLanguage":"de","@id":"https:\/\/www.koonings.com\/de\/product\/randy-fenoli-ginny\/#primaryimage","url":"https:\/\/www.koonings.com\/wp-content\/uploads\/2024\/11\/40392_e6bfde2339a20b47778e165fbea2fac31794c8eb966baa51f540e77f81447c1a790fb0e5.jpeg","contentUrl":"https:\/\/www.koonings.com\/wp-content\/uploads\/2024\/11\/40392_e6bfde2339a20b47778e165fbea2fac31794c8eb966baa51f540e77f81447c1a790fb0e5.jpeg","width":1509,"height":2134},{"@type":"BreadcrumbList","@id":"https:\/\/www.koonings.com\/de\/product\/randy-fenoli-ginny\/#breadcrumb","itemListElement":[{"@type":"ListItem","position":1,"name":"Home","item":"https:\/\/www.koonings.com\/de\/"},{"@type":"ListItem","position":2,"name":"Randy Fenoli Ginny"}]},{"@type":"WebSite","@id":"https:\/\/www.koonings.com\/de\/#website","url":"https:\/\/www.koonings.com\/de\/","name":"Koonings","description":"De grootste bruidsmodewinkel ter wereld","publisher":{"@id":"https:\/\/www.koonings.com\/de\/#organization"},"potentialAction":[{"@type":"SearchAction","target":{"@type":"EntryPoint","urlTemplate":"https:\/\/www.koonings.com\/de\/?s={search_term_string}"},"query-input":{"@type":"PropertyValueSpecification","valueRequired":true,"valueName":"search_term_string"}}],"inLanguage":"de"},{"@type":"Organization","@id":"https:\/\/www.koonings.com\/de\/#organization","name":"Koonings","url":"https:\/\/www.koonings.com\/de\/","logo":{"@type":"ImageObject","inLanguage":"de","@id":"https:\/\/www.koonings.com\/de\/#\/schema\/logo\/image\/","url":"https:\/\/www.koonings.com\/wp-content\/uploads\/2024\/07\/logo.png","contentUrl":"https:\/\/www.koonings.com\/wp-content\/uploads\/2024\/07\/logo.png","width":600,"height":428,"caption":"Koonings"},"image":{"@id":"https:\/\/www.koonings.com\/de\/#\/schema\/logo\/image\/"},"sameAs":["https:\/\/www.facebook.com\/kooningstheweddingpalace","https:\/\/www.instagram.com\/kooningstheweddingpalace","https:\/\/www.pinterest.com\/koonings","https:\/\/www.youtube.com\/kooningstheweddingpalace"]}]}},"_links":{"self":[{"href":"https:\/\/www.koonings.com\/de\/wp-json\/wp\/v2\/product\/58217","targetHints":{"allow":["GET"]}}],"collection":[{"href":"https:\/\/www.koonings.com\/de\/wp-json\/wp\/v2\/product"}],"about":[{"href":"https:\/\/www.koonings.com\/de\/wp-json\/wp\/v2\/types\/product"}],"wp:featuredmedia":[{"embeddable":true,"href":"https:\/\/www.koonings.com\/de\/wp-json\/wp\/v2\/media\/43907"}],"wp:attachment":[{"href":"https:\/\/www.koonings.com\/de\/wp-json\/wp\/v2\/media?parent=58217"}],"wp:term":[{"taxonomy":"productdetails","embeddable":true,"href":"https:\/\/www.koonings.com\/de\/wp-json\/wp\/v2\/productdetails?post=58217"},{"taxonomy":"productneck","embeddable":true,"href":"https:\/\/www.koonings.com\/de\/wp-json\/wp\/v2\/productneck?post=58217"},{"taxonomy":"productcolor","embeddable":true,"href":"https:\/\/www.koonings.com\/de\/wp-json\/wp\/v2\/productcolor?post=58217"},{"taxonomy":"maat","embeddable":true,"href":"https:\/\/www.koonings.com\/de\/wp-json\/wp\/v2\/maat?post=58217"},{"taxonomy":"productsupplier","embeddable":true,"href":"https:\/\/www.koonings.com\/de\/wp-json\/wp\/v2\/productsupplier?post=58217"},{"taxonomy":"productsleeve","embeddable":true,"href":"https:\/\/www.koonings.com\/de\/wp-json\/wp\/v2\/productsleeve?post=58217"},{"taxonomy":"productcategory","embeddable":true,"href":"https:\/\/www.koonings.com\/de\/wp-json\/wp\/v2\/productcategory?post=58217"},{"taxonomy":"productsilhouette","embeddable":true,"href":"https:\/\/www.koonings.com\/de\/wp-json\/wp\/v2\/productsilhouette?post=58217"},{"taxonomy":"productstyle","embeddable":true,"href":"https:\/\/www.koonings.com\/de\/wp-json\/wp\/v2\/productstyle?post=58217"}],"curies":[{"name":"wp","href":"https:\/\/api.w.org\/{rel}","templated":true}]}}