{"id":58216,"date":"2026-04-28T18:18:10","date_gmt":"2026-04-28T16:18:10","guid":{"rendered":"https:\/\/www.koonings.com\/product\/randy-fenoli-hollis\/"},"modified":"2025-06-05T13:04:16","modified_gmt":"2025-06-05T11:04:16","slug":"randy-fenoli-hollis","status":"publish","type":"product","link":"https:\/\/www.koonings.com\/de\/product\/randy-fenoli-hollis\/","title":{"rendered":"Randy Fenoli Hollis"},"content":{"rendered":"<p>Das Brautkleid Hollis von Randy Fenoli Bridal, erh\u00e4ltlich bei Koonings The Wedding Palace, ist ein atemberaubendes Design, das Raffinesse und Romantik ausstrahlt. Dieses Kleid hat eine wundersch\u00f6ne A-Linien-Silhouette, die sanft \u00fcber den K\u00f6rper f\u00e4llt und einen eleganten Look erzeugt. Das Design hat einen sch\u00f6nen herzf\u00f6rmigen Ausschnitt und ist mit zarten Spitzendetails verziert, die die romantische Stimmung noch verst\u00e4rken. Der detaillierte R\u00fccken, oft mit einem h\u00fcbschen Knopfverschluss, sorgt f\u00fcr ein raffiniertes Finish. Das Modell Hollis bietet die perfekte Balance zwischen modern und klassisch und ist ideal f\u00fcr die Braut, die einen zeitlosen Look f\u00fcr ihren besonderen Tag sucht. Erh\u00e4ltlich bei Koonings The Wedding Palace, wo Sie dieses wundersch\u00f6ne Kleid in der richtigen Gr\u00f6\u00dfe anprobieren und individuell anpassen k\u00f6nnen.     <\/p>\n","protected":false},"featured_media":43953,"template":"","meta":{"_acf_changed":false,"ghostkit_customizer_options":"","ghostkit_custom_css":"","ghostkit_custom_js_head":"","ghostkit_custom_js_foot":"","ghostkit_typography":""},"productdetails":[],"productneck":[355],"productcolor":[393,392],"maat":[],"productsupplier":[422],"productsleeve":[359],"productcategory":[18],"productsilhouette":[388],"productstyle":[372,366],"class_list":["post-58216","product","type-product","status-publish","has-post-thumbnail","hentry","productneck-355","productcolor-393","productcolor-392","productsupplier-randy-fenoli","productsleeve-359","productcategory-trouwjurken","productsilhouette-388","productstyle-372","productstyle-366"],"acf":[],"yoast_head":"<!-- This site is optimized with the Yoast SEO plugin v27.3 - https:\/\/yoast.com\/product\/yoast-seo-wordpress\/ -->\n<title>Randy Fenoli Hollis | Koonings<\/title>\n<meta name=\"description\" content=\"Das Brautkleid Hollis von Randy Fenoli Bridal, erh\u00e4ltlich bei Koonings The Wedding Palace, ist ein atemberaubendes Design, das Raffinesse und Romantik ausstrahlt. Dieses Kleid hat eine wundersch\u00f6ne A-Linien-Silhouette, die sanft \u00fcber den K\u00f6rper f\u00e4llt und einen eleganten Look erzeugt. Das Design hat einen sch\u00f6nen herzf\u00f6rmigen Ausschnitt und ist mit zarten Spitzendetails verziert, die die romantische Stimmung noch verst\u00e4rken. Der detaillierte R\u00fccken, oft mit einem h\u00fcbschen Knopfverschluss, sorgt f\u00fcr ein raffiniertes Finish. Das Modell Hollis bietet die perfekte Balance zwischen modern und klassisch und ist ideal f\u00fcr die Braut, die einen zeitlosen Look f\u00fcr ihren besonderen Tag sucht. Erh\u00e4ltlich bei Koonings The Wedding Palace, wo Sie dieses wundersch\u00f6ne Kleid in der richtigen Gr\u00f6\u00dfe anprobieren und individuell anpassen k\u00f6nnen.\" \/>\n<meta name=\"robots\" content=\"index, follow, max-snippet:-1, max-image-preview:large, max-video-preview:-1\" \/>\n<link rel=\"canonical\" href=\"https:\/\/www.koonings.com\/de\/product\/randy-fenoli-hollis\/\" \/>\n<meta property=\"og:locale\" content=\"de_DE\" \/>\n<meta property=\"og:type\" content=\"article\" \/>\n<meta property=\"og:title\" content=\"Randy Fenoli Hollis | Koonings\" \/>\n<meta property=\"og:description\" content=\"Das Brautkleid Hollis von Randy Fenoli Bridal, erh\u00e4ltlich bei Koonings The Wedding Palace, ist ein atemberaubendes Design, das Raffinesse und Romantik ausstrahlt. Dieses Kleid hat eine wundersch\u00f6ne A-Linien-Silhouette, die sanft \u00fcber den K\u00f6rper f\u00e4llt und einen eleganten Look erzeugt. Das Design hat einen sch\u00f6nen herzf\u00f6rmigen Ausschnitt und ist mit zarten Spitzendetails verziert, die die romantische Stimmung noch verst\u00e4rken. Der detaillierte R\u00fccken, oft mit einem h\u00fcbschen Knopfverschluss, sorgt f\u00fcr ein raffiniertes Finish. Das Modell Hollis bietet die perfekte Balance zwischen modern und klassisch und ist ideal f\u00fcr die Braut, die einen zeitlosen Look f\u00fcr ihren besonderen Tag sucht. Erh\u00e4ltlich bei Koonings The Wedding Palace, wo Sie dieses wundersch\u00f6ne Kleid in der richtigen Gr\u00f6\u00dfe anprobieren und individuell anpassen k\u00f6nnen.\" \/>\n<meta property=\"og:url\" content=\"https:\/\/www.koonings.com\/de\/product\/randy-fenoli-hollis\/\" \/>\n<meta property=\"og:site_name\" content=\"Koonings\" \/>\n<meta property=\"article:publisher\" content=\"https:\/\/www.facebook.com\/kooningstheweddingpalace\" \/>\n<meta property=\"og:image\" content=\"https:\/\/www.koonings.com\/wp-content\/uploads\/2024\/11\/40394_3a9f37def60e011e028caea1d94e9bf43eecb03cfa289cd48a00d720ab6306c7cf7bdf08.jpeg\" \/>\n\t<meta property=\"og:image:width\" content=\"1622\" \/>\n\t<meta property=\"og:image:height\" content=\"2295\" \/>\n\t<meta property=\"og:image:type\" content=\"image\/jpeg\" \/>\n<meta name=\"twitter:card\" content=\"summary_large_image\" \/>\n<meta name=\"twitter:label1\" content=\"Gesch\u00e4tzte Lesezeit\" \/>\n\t<meta name=\"twitter:data1\" content=\"1\u00a0Minute\" \/>\n<script type=\"application\/ld+json\" class=\"yoast-schema-graph\">{\"@context\":\"https:\\\/\\\/schema.org\",\"@graph\":[{\"@type\":\"WebPage\",\"@id\":\"https:\\\/\\\/www.koonings.com\\\/de\\\/product\\\/randy-fenoli-hollis\\\/\",\"url\":\"https:\\\/\\\/www.koonings.com\\\/de\\\/product\\\/randy-fenoli-hollis\\\/\",\"name\":\"Randy Fenoli Hollis | Koonings\",\"isPartOf\":{\"@id\":\"https:\\\/\\\/www.koonings.com\\\/de\\\/#website\"},\"primaryImageOfPage\":{\"@id\":\"https:\\\/\\\/www.koonings.com\\\/de\\\/product\\\/randy-fenoli-hollis\\\/#primaryimage\"},\"image\":{\"@id\":\"https:\\\/\\\/www.koonings.com\\\/de\\\/product\\\/randy-fenoli-hollis\\\/#primaryimage\"},\"thumbnailUrl\":\"https:\\\/\\\/www.koonings.com\\\/wp-content\\\/uploads\\\/2024\\\/11\\\/40394_3a9f37def60e011e028caea1d94e9bf43eecb03cfa289cd48a00d720ab6306c7cf7bdf08.jpeg\",\"datePublished\":\"2026-04-28T16:18:10+00:00\",\"description\":\"Das Brautkleid Hollis von Randy Fenoli Bridal, erh\u00e4ltlich bei Koonings The Wedding Palace, ist ein atemberaubendes Design, das Raffinesse und Romantik ausstrahlt. Dieses Kleid hat eine wundersch\u00f6ne A-Linien-Silhouette, die sanft \u00fcber den K\u00f6rper f\u00e4llt und einen eleganten Look erzeugt. Das Design hat einen sch\u00f6nen herzf\u00f6rmigen Ausschnitt und ist mit zarten Spitzendetails verziert, die die romantische Stimmung noch verst\u00e4rken. Der detaillierte R\u00fccken, oft mit einem h\u00fcbschen Knopfverschluss, sorgt f\u00fcr ein raffiniertes Finish. Das Modell Hollis bietet die perfekte Balance zwischen modern und klassisch und ist ideal f\u00fcr die Braut, die einen zeitlosen Look f\u00fcr ihren besonderen Tag sucht. Erh\u00e4ltlich bei Koonings The Wedding Palace, wo Sie dieses wundersch\u00f6ne Kleid in der richtigen Gr\u00f6\u00dfe anprobieren und individuell anpassen k\u00f6nnen.\",\"breadcrumb\":{\"@id\":\"https:\\\/\\\/www.koonings.com\\\/de\\\/product\\\/randy-fenoli-hollis\\\/#breadcrumb\"},\"inLanguage\":\"de\",\"potentialAction\":[{\"@type\":\"ReadAction\",\"target\":[\"https:\\\/\\\/www.koonings.com\\\/de\\\/product\\\/randy-fenoli-hollis\\\/\"]}]},{\"@type\":\"ImageObject\",\"inLanguage\":\"de\",\"@id\":\"https:\\\/\\\/www.koonings.com\\\/de\\\/product\\\/randy-fenoli-hollis\\\/#primaryimage\",\"url\":\"https:\\\/\\\/www.koonings.com\\\/wp-content\\\/uploads\\\/2024\\\/11\\\/40394_3a9f37def60e011e028caea1d94e9bf43eecb03cfa289cd48a00d720ab6306c7cf7bdf08.jpeg\",\"contentUrl\":\"https:\\\/\\\/www.koonings.com\\\/wp-content\\\/uploads\\\/2024\\\/11\\\/40394_3a9f37def60e011e028caea1d94e9bf43eecb03cfa289cd48a00d720ab6306c7cf7bdf08.jpeg\",\"width\":1622,\"height\":2295},{\"@type\":\"BreadcrumbList\",\"@id\":\"https:\\\/\\\/www.koonings.com\\\/de\\\/product\\\/randy-fenoli-hollis\\\/#breadcrumb\",\"itemListElement\":[{\"@type\":\"ListItem\",\"position\":1,\"name\":\"Home\",\"item\":\"https:\\\/\\\/www.koonings.com\\\/de\\\/\"},{\"@type\":\"ListItem\",\"position\":2,\"name\":\"Randy Fenoli Hollis\"}]},{\"@type\":\"WebSite\",\"@id\":\"https:\\\/\\\/www.koonings.com\\\/de\\\/#website\",\"url\":\"https:\\\/\\\/www.koonings.com\\\/de\\\/\",\"name\":\"Koonings\",\"description\":\"De grootste bruidsmodewinkel ter wereld\",\"publisher\":{\"@id\":\"https:\\\/\\\/www.koonings.com\\\/de\\\/#organization\"},\"potentialAction\":[{\"@type\":\"SearchAction\",\"target\":{\"@type\":\"EntryPoint\",\"urlTemplate\":\"https:\\\/\\\/www.koonings.com\\\/de\\\/?s={search_term_string}\"},\"query-input\":{\"@type\":\"PropertyValueSpecification\",\"valueRequired\":true,\"valueName\":\"search_term_string\"}}],\"inLanguage\":\"de\"},{\"@type\":\"Organization\",\"@id\":\"https:\\\/\\\/www.koonings.com\\\/de\\\/#organization\",\"name\":\"Koonings\",\"url\":\"https:\\\/\\\/www.koonings.com\\\/de\\\/\",\"logo\":{\"@type\":\"ImageObject\",\"inLanguage\":\"de\",\"@id\":\"https:\\\/\\\/www.koonings.com\\\/de\\\/#\\\/schema\\\/logo\\\/image\\\/\",\"url\":\"https:\\\/\\\/www.koonings.com\\\/wp-content\\\/uploads\\\/2024\\\/07\\\/logo.png\",\"contentUrl\":\"https:\\\/\\\/www.koonings.com\\\/wp-content\\\/uploads\\\/2024\\\/07\\\/logo.png\",\"width\":600,\"height\":428,\"caption\":\"Koonings\"},\"image\":{\"@id\":\"https:\\\/\\\/www.koonings.com\\\/de\\\/#\\\/schema\\\/logo\\\/image\\\/\"},\"sameAs\":[\"https:\\\/\\\/www.facebook.com\\\/kooningstheweddingpalace\",\"https:\\\/\\\/www.instagram.com\\\/kooningstheweddingpalace\",\"https:\\\/\\\/www.pinterest.com\\\/koonings\",\"https:\\\/\\\/www.youtube.com\\\/kooningstheweddingpalace\"]}]}<\/script>\n<!-- \/ Yoast SEO plugin. -->","yoast_head_json":{"title":"Randy Fenoli Hollis | Koonings","description":"Das Brautkleid Hollis von Randy Fenoli Bridal, erh\u00e4ltlich bei Koonings The Wedding Palace, ist ein atemberaubendes Design, das Raffinesse und Romantik ausstrahlt. Dieses Kleid hat eine wundersch\u00f6ne A-Linien-Silhouette, die sanft \u00fcber den K\u00f6rper f\u00e4llt und einen eleganten Look erzeugt. Das Design hat einen sch\u00f6nen herzf\u00f6rmigen Ausschnitt und ist mit zarten Spitzendetails verziert, die die romantische Stimmung noch verst\u00e4rken. Der detaillierte R\u00fccken, oft mit einem h\u00fcbschen Knopfverschluss, sorgt f\u00fcr ein raffiniertes Finish. Das Modell Hollis bietet die perfekte Balance zwischen modern und klassisch und ist ideal f\u00fcr die Braut, die einen zeitlosen Look f\u00fcr ihren besonderen Tag sucht. Erh\u00e4ltlich bei Koonings The Wedding Palace, wo Sie dieses wundersch\u00f6ne Kleid in der richtigen Gr\u00f6\u00dfe anprobieren und individuell anpassen k\u00f6nnen.","robots":{"index":"index","follow":"follow","max-snippet":"max-snippet:-1","max-image-preview":"max-image-preview:large","max-video-preview":"max-video-preview:-1"},"canonical":"https:\/\/www.koonings.com\/de\/product\/randy-fenoli-hollis\/","og_locale":"de_DE","og_type":"article","og_title":"Randy Fenoli Hollis | Koonings","og_description":"Das Brautkleid Hollis von Randy Fenoli Bridal, erh\u00e4ltlich bei Koonings The Wedding Palace, ist ein atemberaubendes Design, das Raffinesse und Romantik ausstrahlt. Dieses Kleid hat eine wundersch\u00f6ne A-Linien-Silhouette, die sanft \u00fcber den K\u00f6rper f\u00e4llt und einen eleganten Look erzeugt. Das Design hat einen sch\u00f6nen herzf\u00f6rmigen Ausschnitt und ist mit zarten Spitzendetails verziert, die die romantische Stimmung noch verst\u00e4rken. Der detaillierte R\u00fccken, oft mit einem h\u00fcbschen Knopfverschluss, sorgt f\u00fcr ein raffiniertes Finish. Das Modell Hollis bietet die perfekte Balance zwischen modern und klassisch und ist ideal f\u00fcr die Braut, die einen zeitlosen Look f\u00fcr ihren besonderen Tag sucht. Erh\u00e4ltlich bei Koonings The Wedding Palace, wo Sie dieses wundersch\u00f6ne Kleid in der richtigen Gr\u00f6\u00dfe anprobieren und individuell anpassen k\u00f6nnen.","og_url":"https:\/\/www.koonings.com\/de\/product\/randy-fenoli-hollis\/","og_site_name":"Koonings","article_publisher":"https:\/\/www.facebook.com\/kooningstheweddingpalace","og_image":[{"width":1622,"height":2295,"url":"https:\/\/www.koonings.com\/wp-content\/uploads\/2024\/11\/40394_3a9f37def60e011e028caea1d94e9bf43eecb03cfa289cd48a00d720ab6306c7cf7bdf08.jpeg","type":"image\/jpeg"}],"twitter_card":"summary_large_image","twitter_misc":{"Gesch\u00e4tzte Lesezeit":"1\u00a0Minute"},"schema":{"@context":"https:\/\/schema.org","@graph":[{"@type":"WebPage","@id":"https:\/\/www.koonings.com\/de\/product\/randy-fenoli-hollis\/","url":"https:\/\/www.koonings.com\/de\/product\/randy-fenoli-hollis\/","name":"Randy Fenoli Hollis | Koonings","isPartOf":{"@id":"https:\/\/www.koonings.com\/de\/#website"},"primaryImageOfPage":{"@id":"https:\/\/www.koonings.com\/de\/product\/randy-fenoli-hollis\/#primaryimage"},"image":{"@id":"https:\/\/www.koonings.com\/de\/product\/randy-fenoli-hollis\/#primaryimage"},"thumbnailUrl":"https:\/\/www.koonings.com\/wp-content\/uploads\/2024\/11\/40394_3a9f37def60e011e028caea1d94e9bf43eecb03cfa289cd48a00d720ab6306c7cf7bdf08.jpeg","datePublished":"2026-04-28T16:18:10+00:00","description":"Das Brautkleid Hollis von Randy Fenoli Bridal, erh\u00e4ltlich bei Koonings The Wedding Palace, ist ein atemberaubendes Design, das Raffinesse und Romantik ausstrahlt. Dieses Kleid hat eine wundersch\u00f6ne A-Linien-Silhouette, die sanft \u00fcber den K\u00f6rper f\u00e4llt und einen eleganten Look erzeugt. Das Design hat einen sch\u00f6nen herzf\u00f6rmigen Ausschnitt und ist mit zarten Spitzendetails verziert, die die romantische Stimmung noch verst\u00e4rken. Der detaillierte R\u00fccken, oft mit einem h\u00fcbschen Knopfverschluss, sorgt f\u00fcr ein raffiniertes Finish. Das Modell Hollis bietet die perfekte Balance zwischen modern und klassisch und ist ideal f\u00fcr die Braut, die einen zeitlosen Look f\u00fcr ihren besonderen Tag sucht. Erh\u00e4ltlich bei Koonings The Wedding Palace, wo Sie dieses wundersch\u00f6ne Kleid in der richtigen Gr\u00f6\u00dfe anprobieren und individuell anpassen k\u00f6nnen.","breadcrumb":{"@id":"https:\/\/www.koonings.com\/de\/product\/randy-fenoli-hollis\/#breadcrumb"},"inLanguage":"de","potentialAction":[{"@type":"ReadAction","target":["https:\/\/www.koonings.com\/de\/product\/randy-fenoli-hollis\/"]}]},{"@type":"ImageObject","inLanguage":"de","@id":"https:\/\/www.koonings.com\/de\/product\/randy-fenoli-hollis\/#primaryimage","url":"https:\/\/www.koonings.com\/wp-content\/uploads\/2024\/11\/40394_3a9f37def60e011e028caea1d94e9bf43eecb03cfa289cd48a00d720ab6306c7cf7bdf08.jpeg","contentUrl":"https:\/\/www.koonings.com\/wp-content\/uploads\/2024\/11\/40394_3a9f37def60e011e028caea1d94e9bf43eecb03cfa289cd48a00d720ab6306c7cf7bdf08.jpeg","width":1622,"height":2295},{"@type":"BreadcrumbList","@id":"https:\/\/www.koonings.com\/de\/product\/randy-fenoli-hollis\/#breadcrumb","itemListElement":[{"@type":"ListItem","position":1,"name":"Home","item":"https:\/\/www.koonings.com\/de\/"},{"@type":"ListItem","position":2,"name":"Randy Fenoli Hollis"}]},{"@type":"WebSite","@id":"https:\/\/www.koonings.com\/de\/#website","url":"https:\/\/www.koonings.com\/de\/","name":"Koonings","description":"De grootste bruidsmodewinkel ter wereld","publisher":{"@id":"https:\/\/www.koonings.com\/de\/#organization"},"potentialAction":[{"@type":"SearchAction","target":{"@type":"EntryPoint","urlTemplate":"https:\/\/www.koonings.com\/de\/?s={search_term_string}"},"query-input":{"@type":"PropertyValueSpecification","valueRequired":true,"valueName":"search_term_string"}}],"inLanguage":"de"},{"@type":"Organization","@id":"https:\/\/www.koonings.com\/de\/#organization","name":"Koonings","url":"https:\/\/www.koonings.com\/de\/","logo":{"@type":"ImageObject","inLanguage":"de","@id":"https:\/\/www.koonings.com\/de\/#\/schema\/logo\/image\/","url":"https:\/\/www.koonings.com\/wp-content\/uploads\/2024\/07\/logo.png","contentUrl":"https:\/\/www.koonings.com\/wp-content\/uploads\/2024\/07\/logo.png","width":600,"height":428,"caption":"Koonings"},"image":{"@id":"https:\/\/www.koonings.com\/de\/#\/schema\/logo\/image\/"},"sameAs":["https:\/\/www.facebook.com\/kooningstheweddingpalace","https:\/\/www.instagram.com\/kooningstheweddingpalace","https:\/\/www.pinterest.com\/koonings","https:\/\/www.youtube.com\/kooningstheweddingpalace"]}]}},"_links":{"self":[{"href":"https:\/\/www.koonings.com\/de\/wp-json\/wp\/v2\/product\/58216","targetHints":{"allow":["GET"]}}],"collection":[{"href":"https:\/\/www.koonings.com\/de\/wp-json\/wp\/v2\/product"}],"about":[{"href":"https:\/\/www.koonings.com\/de\/wp-json\/wp\/v2\/types\/product"}],"wp:featuredmedia":[{"embeddable":true,"href":"https:\/\/www.koonings.com\/de\/wp-json\/wp\/v2\/media\/43953"}],"wp:attachment":[{"href":"https:\/\/www.koonings.com\/de\/wp-json\/wp\/v2\/media?parent=58216"}],"wp:term":[{"taxonomy":"productdetails","embeddable":true,"href":"https:\/\/www.koonings.com\/de\/wp-json\/wp\/v2\/productdetails?post=58216"},{"taxonomy":"productneck","embeddable":true,"href":"https:\/\/www.koonings.com\/de\/wp-json\/wp\/v2\/productneck?post=58216"},{"taxonomy":"productcolor","embeddable":true,"href":"https:\/\/www.koonings.com\/de\/wp-json\/wp\/v2\/productcolor?post=58216"},{"taxonomy":"maat","embeddable":true,"href":"https:\/\/www.koonings.com\/de\/wp-json\/wp\/v2\/maat?post=58216"},{"taxonomy":"productsupplier","embeddable":true,"href":"https:\/\/www.koonings.com\/de\/wp-json\/wp\/v2\/productsupplier?post=58216"},{"taxonomy":"productsleeve","embeddable":true,"href":"https:\/\/www.koonings.com\/de\/wp-json\/wp\/v2\/productsleeve?post=58216"},{"taxonomy":"productcategory","embeddable":true,"href":"https:\/\/www.koonings.com\/de\/wp-json\/wp\/v2\/productcategory?post=58216"},{"taxonomy":"productsilhouette","embeddable":true,"href":"https:\/\/www.koonings.com\/de\/wp-json\/wp\/v2\/productsilhouette?post=58216"},{"taxonomy":"productstyle","embeddable":true,"href":"https:\/\/www.koonings.com\/de\/wp-json\/wp\/v2\/productstyle?post=58216"}],"curies":[{"name":"wp","href":"https:\/\/api.w.org\/{rel}","templated":true}]}}