{"id":58204,"date":"2026-04-28T18:18:10","date_gmt":"2026-04-28T16:18:10","guid":{"rendered":"https:\/\/www.koonings.com\/product\/randy-fenoli-goddess\/"},"modified":"2025-06-05T13:04:45","modified_gmt":"2025-06-05T11:04:45","slug":"randy-fenoli-goddess","status":"publish","type":"product","link":"https:\/\/www.koonings.com\/de\/product\/randy-fenoli-goddess\/","title":{"rendered":"Randy Fenoli Goddess"},"content":{"rendered":"<p>Goddess ist ein glamour\u00f6ses Ballkleid aus schimmerndem T\u00fcll mit wundersch\u00f6nen Details. Es hat einen tiefen herzf\u00f6rmigen Ausschnitt, der in einen mittleren R\u00fcckenausschnitt \u00fcbergeht. Das Mieder hat vorne und hinten eine Baskettentaille. Der Rock ist an der Taille in Falten gelegt, was f\u00fcr einen dramatischen Effekt sorgt. Schimmernde Applikationen und dreidimensionale Bl\u00e4tter sind auf dem gesamten Kleid angebracht, verdichten sich am Mieder und tropfen durch den Rock bis zur Schleppe. Goddess hat einen hohen Schlitz im Rock f\u00fcr einen Hauch von Sexiness. Ein Besatz aus Rosshaar entlang des unteren Teils hilft, den Saum und die Schleppe zu definieren.      <\/p>\n","protected":false},"featured_media":43995,"template":"","meta":{"_acf_changed":false,"ghostkit_customizer_options":"","ghostkit_custom_css":"","ghostkit_custom_js_head":"","ghostkit_custom_js_foot":"","ghostkit_typography":""},"productdetails":[379,378],"productneck":[354,355],"productcolor":[393,392],"maat":[],"productsupplier":[422],"productsleeve":[],"productcategory":[18],"productsilhouette":[388],"productstyle":[372,366],"class_list":["post-58204","product","type-product","status-publish","has-post-thumbnail","hentry","productdetails-379","productdetails-378","productneck-354","productneck-355","productcolor-393","productcolor-392","productsupplier-randy-fenoli","productcategory-trouwjurken","productsilhouette-388","productstyle-372","productstyle-366"],"acf":[],"yoast_head":"<!-- This site is optimized with the Yoast SEO plugin v27.3 - https:\/\/yoast.com\/product\/yoast-seo-wordpress\/ -->\n<title>Randy Fenoli Goddess | Koonings<\/title>\n<meta name=\"description\" content=\"Goddess ist ein glamour\u00f6ses Ballkleid aus schimmerndem T\u00fcll mit wundersch\u00f6nen Details. Es hat einen tiefen herzf\u00f6rmigen Ausschnitt, der in einen mittleren R\u00fcckenausschnitt \u00fcbergeht. Das Mieder hat vorne und hinten eine Baskettentaille. Der Rock ist an der Taille in Falten gelegt, was f\u00fcr einen dramatischen Effekt sorgt. Schimmernde Applikationen und dreidimensionale Bl\u00e4tter sind auf dem gesamten Kleid angebracht, verdichten sich am Mieder und tropfen durch den Rock bis zur Schleppe. Goddess hat einen hohen Schlitz im Rock f\u00fcr einen Hauch von Sexiness. Ein Besatz aus Rosshaar entlang des unteren Teils hilft, den Saum und die Schleppe zu definieren.\" \/>\n<meta name=\"robots\" content=\"index, follow, max-snippet:-1, max-image-preview:large, max-video-preview:-1\" \/>\n<link rel=\"canonical\" href=\"https:\/\/www.koonings.com\/de\/product\/randy-fenoli-goddess\/\" \/>\n<meta property=\"og:locale\" content=\"de_DE\" \/>\n<meta property=\"og:type\" content=\"article\" \/>\n<meta property=\"og:title\" content=\"Randy Fenoli Goddess | Koonings\" \/>\n<meta property=\"og:description\" content=\"Goddess ist ein glamour\u00f6ses Ballkleid aus schimmerndem T\u00fcll mit wundersch\u00f6nen Details. Es hat einen tiefen herzf\u00f6rmigen Ausschnitt, der in einen mittleren R\u00fcckenausschnitt \u00fcbergeht. Das Mieder hat vorne und hinten eine Baskettentaille. Der Rock ist an der Taille in Falten gelegt, was f\u00fcr einen dramatischen Effekt sorgt. Schimmernde Applikationen und dreidimensionale Bl\u00e4tter sind auf dem gesamten Kleid angebracht, verdichten sich am Mieder und tropfen durch den Rock bis zur Schleppe. Goddess hat einen hohen Schlitz im Rock f\u00fcr einen Hauch von Sexiness. Ein Besatz aus Rosshaar entlang des unteren Teils hilft, den Saum und die Schleppe zu definieren.\" \/>\n<meta property=\"og:url\" content=\"https:\/\/www.koonings.com\/de\/product\/randy-fenoli-goddess\/\" \/>\n<meta property=\"og:site_name\" content=\"Koonings\" \/>\n<meta property=\"article:publisher\" content=\"https:\/\/www.facebook.com\/kooningstheweddingpalace\" \/>\n<meta property=\"og:image\" content=\"https:\/\/www.koonings.com\/wp-content\/uploads\/2024\/11\/40397_61a4dc775197b5689db7a51935a64a6f4348e6c972be527e12ea5ef447d9d6a0147844aa-724x1024.jpeg\" \/>\n\t<meta property=\"og:image:width\" content=\"724\" \/>\n\t<meta property=\"og:image:height\" content=\"1024\" \/>\n\t<meta property=\"og:image:type\" content=\"image\/jpeg\" \/>\n<meta name=\"twitter:card\" content=\"summary_large_image\" \/>\n<meta name=\"twitter:label1\" content=\"Gesch\u00e4tzte Lesezeit\" \/>\n\t<meta name=\"twitter:data1\" content=\"1\u00a0Minute\" \/>\n<script type=\"application\/ld+json\" class=\"yoast-schema-graph\">{\"@context\":\"https:\\\/\\\/schema.org\",\"@graph\":[{\"@type\":\"WebPage\",\"@id\":\"https:\\\/\\\/www.koonings.com\\\/de\\\/product\\\/randy-fenoli-goddess\\\/\",\"url\":\"https:\\\/\\\/www.koonings.com\\\/de\\\/product\\\/randy-fenoli-goddess\\\/\",\"name\":\"Randy Fenoli Goddess | Koonings\",\"isPartOf\":{\"@id\":\"https:\\\/\\\/www.koonings.com\\\/de\\\/#website\"},\"primaryImageOfPage\":{\"@id\":\"https:\\\/\\\/www.koonings.com\\\/de\\\/product\\\/randy-fenoli-goddess\\\/#primaryimage\"},\"image\":{\"@id\":\"https:\\\/\\\/www.koonings.com\\\/de\\\/product\\\/randy-fenoli-goddess\\\/#primaryimage\"},\"thumbnailUrl\":\"https:\\\/\\\/www.koonings.com\\\/wp-content\\\/uploads\\\/2024\\\/11\\\/40397_61a4dc775197b5689db7a51935a64a6f4348e6c972be527e12ea5ef447d9d6a0147844aa.jpeg\",\"datePublished\":\"2026-04-28T16:18:10+00:00\",\"description\":\"Goddess ist ein glamour\u00f6ses Ballkleid aus schimmerndem T\u00fcll mit wundersch\u00f6nen Details. Es hat einen tiefen herzf\u00f6rmigen Ausschnitt, der in einen mittleren R\u00fcckenausschnitt \u00fcbergeht. Das Mieder hat vorne und hinten eine Baskettentaille. Der Rock ist an der Taille in Falten gelegt, was f\u00fcr einen dramatischen Effekt sorgt. Schimmernde Applikationen und dreidimensionale Bl\u00e4tter sind auf dem gesamten Kleid angebracht, verdichten sich am Mieder und tropfen durch den Rock bis zur Schleppe. Goddess hat einen hohen Schlitz im Rock f\u00fcr einen Hauch von Sexiness. Ein Besatz aus Rosshaar entlang des unteren Teils hilft, den Saum und die Schleppe zu definieren.\",\"breadcrumb\":{\"@id\":\"https:\\\/\\\/www.koonings.com\\\/de\\\/product\\\/randy-fenoli-goddess\\\/#breadcrumb\"},\"inLanguage\":\"de\",\"potentialAction\":[{\"@type\":\"ReadAction\",\"target\":[\"https:\\\/\\\/www.koonings.com\\\/de\\\/product\\\/randy-fenoli-goddess\\\/\"]}]},{\"@type\":\"ImageObject\",\"inLanguage\":\"de\",\"@id\":\"https:\\\/\\\/www.koonings.com\\\/de\\\/product\\\/randy-fenoli-goddess\\\/#primaryimage\",\"url\":\"https:\\\/\\\/www.koonings.com\\\/wp-content\\\/uploads\\\/2024\\\/11\\\/40397_61a4dc775197b5689db7a51935a64a6f4348e6c972be527e12ea5ef447d9d6a0147844aa.jpeg\",\"contentUrl\":\"https:\\\/\\\/www.koonings.com\\\/wp-content\\\/uploads\\\/2024\\\/11\\\/40397_61a4dc775197b5689db7a51935a64a6f4348e6c972be527e12ea5ef447d9d6a0147844aa.jpeg\",\"width\":1631,\"height\":2307},{\"@type\":\"BreadcrumbList\",\"@id\":\"https:\\\/\\\/www.koonings.com\\\/de\\\/product\\\/randy-fenoli-goddess\\\/#breadcrumb\",\"itemListElement\":[{\"@type\":\"ListItem\",\"position\":1,\"name\":\"Home\",\"item\":\"https:\\\/\\\/www.koonings.com\\\/de\\\/\"},{\"@type\":\"ListItem\",\"position\":2,\"name\":\"Randy Fenoli Goddess\"}]},{\"@type\":\"WebSite\",\"@id\":\"https:\\\/\\\/www.koonings.com\\\/de\\\/#website\",\"url\":\"https:\\\/\\\/www.koonings.com\\\/de\\\/\",\"name\":\"Koonings\",\"description\":\"De grootste bruidsmodewinkel ter wereld\",\"publisher\":{\"@id\":\"https:\\\/\\\/www.koonings.com\\\/de\\\/#organization\"},\"potentialAction\":[{\"@type\":\"SearchAction\",\"target\":{\"@type\":\"EntryPoint\",\"urlTemplate\":\"https:\\\/\\\/www.koonings.com\\\/de\\\/?s={search_term_string}\"},\"query-input\":{\"@type\":\"PropertyValueSpecification\",\"valueRequired\":true,\"valueName\":\"search_term_string\"}}],\"inLanguage\":\"de\"},{\"@type\":\"Organization\",\"@id\":\"https:\\\/\\\/www.koonings.com\\\/de\\\/#organization\",\"name\":\"Koonings\",\"url\":\"https:\\\/\\\/www.koonings.com\\\/de\\\/\",\"logo\":{\"@type\":\"ImageObject\",\"inLanguage\":\"de\",\"@id\":\"https:\\\/\\\/www.koonings.com\\\/de\\\/#\\\/schema\\\/logo\\\/image\\\/\",\"url\":\"https:\\\/\\\/www.koonings.com\\\/wp-content\\\/uploads\\\/2024\\\/07\\\/logo.png\",\"contentUrl\":\"https:\\\/\\\/www.koonings.com\\\/wp-content\\\/uploads\\\/2024\\\/07\\\/logo.png\",\"width\":600,\"height\":428,\"caption\":\"Koonings\"},\"image\":{\"@id\":\"https:\\\/\\\/www.koonings.com\\\/de\\\/#\\\/schema\\\/logo\\\/image\\\/\"},\"sameAs\":[\"https:\\\/\\\/www.facebook.com\\\/kooningstheweddingpalace\",\"https:\\\/\\\/www.instagram.com\\\/kooningstheweddingpalace\",\"https:\\\/\\\/www.pinterest.com\\\/koonings\",\"https:\\\/\\\/www.youtube.com\\\/kooningstheweddingpalace\"]}]}<\/script>\n<!-- \/ Yoast SEO plugin. -->","yoast_head_json":{"title":"Randy Fenoli Goddess | Koonings","description":"Goddess ist ein glamour\u00f6ses Ballkleid aus schimmerndem T\u00fcll mit wundersch\u00f6nen Details. Es hat einen tiefen herzf\u00f6rmigen Ausschnitt, der in einen mittleren R\u00fcckenausschnitt \u00fcbergeht. Das Mieder hat vorne und hinten eine Baskettentaille. Der Rock ist an der Taille in Falten gelegt, was f\u00fcr einen dramatischen Effekt sorgt. Schimmernde Applikationen und dreidimensionale Bl\u00e4tter sind auf dem gesamten Kleid angebracht, verdichten sich am Mieder und tropfen durch den Rock bis zur Schleppe. Goddess hat einen hohen Schlitz im Rock f\u00fcr einen Hauch von Sexiness. Ein Besatz aus Rosshaar entlang des unteren Teils hilft, den Saum und die Schleppe zu definieren.","robots":{"index":"index","follow":"follow","max-snippet":"max-snippet:-1","max-image-preview":"max-image-preview:large","max-video-preview":"max-video-preview:-1"},"canonical":"https:\/\/www.koonings.com\/de\/product\/randy-fenoli-goddess\/","og_locale":"de_DE","og_type":"article","og_title":"Randy Fenoli Goddess | Koonings","og_description":"Goddess ist ein glamour\u00f6ses Ballkleid aus schimmerndem T\u00fcll mit wundersch\u00f6nen Details. Es hat einen tiefen herzf\u00f6rmigen Ausschnitt, der in einen mittleren R\u00fcckenausschnitt \u00fcbergeht. Das Mieder hat vorne und hinten eine Baskettentaille. Der Rock ist an der Taille in Falten gelegt, was f\u00fcr einen dramatischen Effekt sorgt. Schimmernde Applikationen und dreidimensionale Bl\u00e4tter sind auf dem gesamten Kleid angebracht, verdichten sich am Mieder und tropfen durch den Rock bis zur Schleppe. Goddess hat einen hohen Schlitz im Rock f\u00fcr einen Hauch von Sexiness. Ein Besatz aus Rosshaar entlang des unteren Teils hilft, den Saum und die Schleppe zu definieren.","og_url":"https:\/\/www.koonings.com\/de\/product\/randy-fenoli-goddess\/","og_site_name":"Koonings","article_publisher":"https:\/\/www.facebook.com\/kooningstheweddingpalace","og_image":[{"width":724,"height":1024,"url":"https:\/\/www.koonings.com\/wp-content\/uploads\/2024\/11\/40397_61a4dc775197b5689db7a51935a64a6f4348e6c972be527e12ea5ef447d9d6a0147844aa-724x1024.jpeg","type":"image\/jpeg"}],"twitter_card":"summary_large_image","twitter_misc":{"Gesch\u00e4tzte Lesezeit":"1\u00a0Minute"},"schema":{"@context":"https:\/\/schema.org","@graph":[{"@type":"WebPage","@id":"https:\/\/www.koonings.com\/de\/product\/randy-fenoli-goddess\/","url":"https:\/\/www.koonings.com\/de\/product\/randy-fenoli-goddess\/","name":"Randy Fenoli Goddess | Koonings","isPartOf":{"@id":"https:\/\/www.koonings.com\/de\/#website"},"primaryImageOfPage":{"@id":"https:\/\/www.koonings.com\/de\/product\/randy-fenoli-goddess\/#primaryimage"},"image":{"@id":"https:\/\/www.koonings.com\/de\/product\/randy-fenoli-goddess\/#primaryimage"},"thumbnailUrl":"https:\/\/www.koonings.com\/wp-content\/uploads\/2024\/11\/40397_61a4dc775197b5689db7a51935a64a6f4348e6c972be527e12ea5ef447d9d6a0147844aa.jpeg","datePublished":"2026-04-28T16:18:10+00:00","description":"Goddess ist ein glamour\u00f6ses Ballkleid aus schimmerndem T\u00fcll mit wundersch\u00f6nen Details. Es hat einen tiefen herzf\u00f6rmigen Ausschnitt, der in einen mittleren R\u00fcckenausschnitt \u00fcbergeht. Das Mieder hat vorne und hinten eine Baskettentaille. Der Rock ist an der Taille in Falten gelegt, was f\u00fcr einen dramatischen Effekt sorgt. Schimmernde Applikationen und dreidimensionale Bl\u00e4tter sind auf dem gesamten Kleid angebracht, verdichten sich am Mieder und tropfen durch den Rock bis zur Schleppe. Goddess hat einen hohen Schlitz im Rock f\u00fcr einen Hauch von Sexiness. Ein Besatz aus Rosshaar entlang des unteren Teils hilft, den Saum und die Schleppe zu definieren.","breadcrumb":{"@id":"https:\/\/www.koonings.com\/de\/product\/randy-fenoli-goddess\/#breadcrumb"},"inLanguage":"de","potentialAction":[{"@type":"ReadAction","target":["https:\/\/www.koonings.com\/de\/product\/randy-fenoli-goddess\/"]}]},{"@type":"ImageObject","inLanguage":"de","@id":"https:\/\/www.koonings.com\/de\/product\/randy-fenoli-goddess\/#primaryimage","url":"https:\/\/www.koonings.com\/wp-content\/uploads\/2024\/11\/40397_61a4dc775197b5689db7a51935a64a6f4348e6c972be527e12ea5ef447d9d6a0147844aa.jpeg","contentUrl":"https:\/\/www.koonings.com\/wp-content\/uploads\/2024\/11\/40397_61a4dc775197b5689db7a51935a64a6f4348e6c972be527e12ea5ef447d9d6a0147844aa.jpeg","width":1631,"height":2307},{"@type":"BreadcrumbList","@id":"https:\/\/www.koonings.com\/de\/product\/randy-fenoli-goddess\/#breadcrumb","itemListElement":[{"@type":"ListItem","position":1,"name":"Home","item":"https:\/\/www.koonings.com\/de\/"},{"@type":"ListItem","position":2,"name":"Randy Fenoli Goddess"}]},{"@type":"WebSite","@id":"https:\/\/www.koonings.com\/de\/#website","url":"https:\/\/www.koonings.com\/de\/","name":"Koonings","description":"De grootste bruidsmodewinkel ter wereld","publisher":{"@id":"https:\/\/www.koonings.com\/de\/#organization"},"potentialAction":[{"@type":"SearchAction","target":{"@type":"EntryPoint","urlTemplate":"https:\/\/www.koonings.com\/de\/?s={search_term_string}"},"query-input":{"@type":"PropertyValueSpecification","valueRequired":true,"valueName":"search_term_string"}}],"inLanguage":"de"},{"@type":"Organization","@id":"https:\/\/www.koonings.com\/de\/#organization","name":"Koonings","url":"https:\/\/www.koonings.com\/de\/","logo":{"@type":"ImageObject","inLanguage":"de","@id":"https:\/\/www.koonings.com\/de\/#\/schema\/logo\/image\/","url":"https:\/\/www.koonings.com\/wp-content\/uploads\/2024\/07\/logo.png","contentUrl":"https:\/\/www.koonings.com\/wp-content\/uploads\/2024\/07\/logo.png","width":600,"height":428,"caption":"Koonings"},"image":{"@id":"https:\/\/www.koonings.com\/de\/#\/schema\/logo\/image\/"},"sameAs":["https:\/\/www.facebook.com\/kooningstheweddingpalace","https:\/\/www.instagram.com\/kooningstheweddingpalace","https:\/\/www.pinterest.com\/koonings","https:\/\/www.youtube.com\/kooningstheweddingpalace"]}]}},"_links":{"self":[{"href":"https:\/\/www.koonings.com\/de\/wp-json\/wp\/v2\/product\/58204","targetHints":{"allow":["GET"]}}],"collection":[{"href":"https:\/\/www.koonings.com\/de\/wp-json\/wp\/v2\/product"}],"about":[{"href":"https:\/\/www.koonings.com\/de\/wp-json\/wp\/v2\/types\/product"}],"wp:featuredmedia":[{"embeddable":true,"href":"https:\/\/www.koonings.com\/de\/wp-json\/wp\/v2\/media\/43995"}],"wp:attachment":[{"href":"https:\/\/www.koonings.com\/de\/wp-json\/wp\/v2\/media?parent=58204"}],"wp:term":[{"taxonomy":"productdetails","embeddable":true,"href":"https:\/\/www.koonings.com\/de\/wp-json\/wp\/v2\/productdetails?post=58204"},{"taxonomy":"productneck","embeddable":true,"href":"https:\/\/www.koonings.com\/de\/wp-json\/wp\/v2\/productneck?post=58204"},{"taxonomy":"productcolor","embeddable":true,"href":"https:\/\/www.koonings.com\/de\/wp-json\/wp\/v2\/productcolor?post=58204"},{"taxonomy":"maat","embeddable":true,"href":"https:\/\/www.koonings.com\/de\/wp-json\/wp\/v2\/maat?post=58204"},{"taxonomy":"productsupplier","embeddable":true,"href":"https:\/\/www.koonings.com\/de\/wp-json\/wp\/v2\/productsupplier?post=58204"},{"taxonomy":"productsleeve","embeddable":true,"href":"https:\/\/www.koonings.com\/de\/wp-json\/wp\/v2\/productsleeve?post=58204"},{"taxonomy":"productcategory","embeddable":true,"href":"https:\/\/www.koonings.com\/de\/wp-json\/wp\/v2\/productcategory?post=58204"},{"taxonomy":"productsilhouette","embeddable":true,"href":"https:\/\/www.koonings.com\/de\/wp-json\/wp\/v2\/productsilhouette?post=58204"},{"taxonomy":"productstyle","embeddable":true,"href":"https:\/\/www.koonings.com\/de\/wp-json\/wp\/v2\/productstyle?post=58204"}],"curies":[{"name":"wp","href":"https:\/\/api.w.org\/{rel}","templated":true}]}}