{"id":58201,"date":"2026-04-28T18:18:11","date_gmt":"2026-04-28T16:18:11","guid":{"rendered":"https:\/\/www.koonings.com\/product\/randy-fenoli-gretchen\/"},"modified":"2025-06-05T13:05:17","modified_gmt":"2025-06-05T11:05:17","slug":"randy-fenoli-gretchen","status":"publish","type":"product","link":"https:\/\/www.koonings.com\/de\/product\/randy-fenoli-gretchen\/","title":{"rendered":"Randy Fenoli Gretchen"},"content":{"rendered":"<p>Gretchen ist ein engelsgleiches, weiches A-Linien-Kleid aus T\u00fcll mit schimmernden Details. Das Mieder hat einen quadratischen, herzf\u00f6rmigen Ausschnitt, der in einen niedrigen, runden R\u00fccken \u00fcbergeht. Es ist vollst\u00e4ndig mit einem funkelnden, floralen Perlenmuster verziert, das bis zur Taille hinunterl\u00e4uft. Lagen von schimmerndem T\u00fcll im Faltenrock verleihen ihm einen \u00e4therischen Look, der jede Braut zum Strahlen bringt. Weitere Designdetails sind die Kristallkn\u00f6pfe in der hinteren Mitte und der hohe Schlitz im Rock. Gretchen hat au\u00dferdem abnehmbare lange \u00c4rmel aus Illusionsnetz. Die \u00c4rmel sind am Mieder, an den Manschetten und am Oberarm mit passenden floralen Verzierungen versehen. Diese \u00c4rmel k\u00f6nnen sowohl zusammen mit dem Kleid als auch separat verkauft werden.       <\/p>\n","protected":false},"featured_media":44045,"template":"","meta":{"_acf_changed":false,"ghostkit_customizer_options":"","ghostkit_custom_css":"","ghostkit_custom_js_head":"","ghostkit_custom_js_foot":"","ghostkit_typography":""},"productdetails":[378,381],"productneck":[356],"productcolor":[393,392],"maat":[],"productsupplier":[422],"productsleeve":[359],"productcategory":[18],"productsilhouette":[384],"productstyle":[366],"class_list":["post-58201","product","type-product","status-publish","has-post-thumbnail","hentry","productdetails-378","productdetails-381","productneck-356","productcolor-393","productcolor-392","productsupplier-randy-fenoli","productsleeve-359","productcategory-trouwjurken","productsilhouette-384","productstyle-366"],"acf":[],"yoast_head":"<!-- This site is optimized with the Yoast SEO plugin v27.3 - https:\/\/yoast.com\/product\/yoast-seo-wordpress\/ -->\n<title>Randy Fenoli Gretchen | Koonings<\/title>\n<meta name=\"description\" content=\"Gretchen ist ein engelsgleiches, weiches A-Linien-Kleid aus T\u00fcll mit schimmernden Details. Das Mieder hat einen quadratischen, herzf\u00f6rmigen Ausschnitt, der in einen niedrigen, runden R\u00fccken \u00fcbergeht. Es ist vollst\u00e4ndig mit einem funkelnden, floralen Perlenmuster verziert, das bis zur Taille hinunterl\u00e4uft. Lagen von schimmerndem T\u00fcll im Faltenrock verleihen ihm einen \u00e4therischen Look, der jede Braut zum Strahlen bringt. Weitere Designdetails sind die Kristallkn\u00f6pfe in der hinteren Mitte und der hohe Schlitz im Rock. Gretchen hat au\u00dferdem abnehmbare lange \u00c4rmel aus Illusionsnetz. Die \u00c4rmel sind am Mieder, an den Manschetten und am Oberarm mit passenden floralen Verzierungen versehen. Diese \u00c4rmel k\u00f6nnen sowohl zusammen mit dem Kleid als auch separat verkauft werden.\" \/>\n<meta name=\"robots\" content=\"index, follow, max-snippet:-1, max-image-preview:large, max-video-preview:-1\" \/>\n<link rel=\"canonical\" href=\"https:\/\/www.koonings.com\/de\/product\/randy-fenoli-gretchen\/\" \/>\n<meta property=\"og:locale\" content=\"de_DE\" \/>\n<meta property=\"og:type\" content=\"article\" \/>\n<meta property=\"og:title\" content=\"Randy Fenoli Gretchen | Koonings\" \/>\n<meta property=\"og:description\" content=\"Gretchen ist ein engelsgleiches, weiches A-Linien-Kleid aus T\u00fcll mit schimmernden Details. Das Mieder hat einen quadratischen, herzf\u00f6rmigen Ausschnitt, der in einen niedrigen, runden R\u00fccken \u00fcbergeht. Es ist vollst\u00e4ndig mit einem funkelnden, floralen Perlenmuster verziert, das bis zur Taille hinunterl\u00e4uft. Lagen von schimmerndem T\u00fcll im Faltenrock verleihen ihm einen \u00e4therischen Look, der jede Braut zum Strahlen bringt. Weitere Designdetails sind die Kristallkn\u00f6pfe in der hinteren Mitte und der hohe Schlitz im Rock. Gretchen hat au\u00dferdem abnehmbare lange \u00c4rmel aus Illusionsnetz. Die \u00c4rmel sind am Mieder, an den Manschetten und am Oberarm mit passenden floralen Verzierungen versehen. Diese \u00c4rmel k\u00f6nnen sowohl zusammen mit dem Kleid als auch separat verkauft werden.\" \/>\n<meta property=\"og:url\" content=\"https:\/\/www.koonings.com\/de\/product\/randy-fenoli-gretchen\/\" \/>\n<meta property=\"og:site_name\" content=\"Koonings\" \/>\n<meta property=\"article:publisher\" content=\"https:\/\/www.facebook.com\/kooningstheweddingpalace\" \/>\n<meta property=\"og:image\" content=\"https:\/\/www.koonings.com\/wp-content\/uploads\/2024\/11\/40399_afd2ea560b7970e5e3f7ad73246e3c98c8a87236075590479b643f8e2019839fb2380035-724x1024.jpeg\" \/>\n\t<meta property=\"og:image:width\" content=\"724\" \/>\n\t<meta property=\"og:image:height\" content=\"1024\" \/>\n\t<meta property=\"og:image:type\" content=\"image\/jpeg\" \/>\n<meta name=\"twitter:card\" content=\"summary_large_image\" \/>\n<meta name=\"twitter:label1\" content=\"Gesch\u00e4tzte Lesezeit\" \/>\n\t<meta name=\"twitter:data1\" content=\"1\u00a0Minute\" \/>\n<script type=\"application\/ld+json\" class=\"yoast-schema-graph\">{\"@context\":\"https:\\\/\\\/schema.org\",\"@graph\":[{\"@type\":\"WebPage\",\"@id\":\"https:\\\/\\\/www.koonings.com\\\/de\\\/product\\\/randy-fenoli-gretchen\\\/\",\"url\":\"https:\\\/\\\/www.koonings.com\\\/de\\\/product\\\/randy-fenoli-gretchen\\\/\",\"name\":\"Randy Fenoli Gretchen | Koonings\",\"isPartOf\":{\"@id\":\"https:\\\/\\\/www.koonings.com\\\/de\\\/#website\"},\"primaryImageOfPage\":{\"@id\":\"https:\\\/\\\/www.koonings.com\\\/de\\\/product\\\/randy-fenoli-gretchen\\\/#primaryimage\"},\"image\":{\"@id\":\"https:\\\/\\\/www.koonings.com\\\/de\\\/product\\\/randy-fenoli-gretchen\\\/#primaryimage\"},\"thumbnailUrl\":\"https:\\\/\\\/www.koonings.com\\\/wp-content\\\/uploads\\\/2024\\\/11\\\/40399_afd2ea560b7970e5e3f7ad73246e3c98c8a87236075590479b643f8e2019839fb2380035.jpeg\",\"datePublished\":\"2026-04-28T16:18:11+00:00\",\"description\":\"Gretchen ist ein engelsgleiches, weiches A-Linien-Kleid aus T\u00fcll mit schimmernden Details. Das Mieder hat einen quadratischen, herzf\u00f6rmigen Ausschnitt, der in einen niedrigen, runden R\u00fccken \u00fcbergeht. Es ist vollst\u00e4ndig mit einem funkelnden, floralen Perlenmuster verziert, das bis zur Taille hinunterl\u00e4uft. Lagen von schimmerndem T\u00fcll im Faltenrock verleihen ihm einen \u00e4therischen Look, der jede Braut zum Strahlen bringt. Weitere Designdetails sind die Kristallkn\u00f6pfe in der hinteren Mitte und der hohe Schlitz im Rock. Gretchen hat au\u00dferdem abnehmbare lange \u00c4rmel aus Illusionsnetz. Die \u00c4rmel sind am Mieder, an den Manschetten und am Oberarm mit passenden floralen Verzierungen versehen. Diese \u00c4rmel k\u00f6nnen sowohl zusammen mit dem Kleid als auch separat verkauft werden.\",\"breadcrumb\":{\"@id\":\"https:\\\/\\\/www.koonings.com\\\/de\\\/product\\\/randy-fenoli-gretchen\\\/#breadcrumb\"},\"inLanguage\":\"de\",\"potentialAction\":[{\"@type\":\"ReadAction\",\"target\":[\"https:\\\/\\\/www.koonings.com\\\/de\\\/product\\\/randy-fenoli-gretchen\\\/\"]}]},{\"@type\":\"ImageObject\",\"inLanguage\":\"de\",\"@id\":\"https:\\\/\\\/www.koonings.com\\\/de\\\/product\\\/randy-fenoli-gretchen\\\/#primaryimage\",\"url\":\"https:\\\/\\\/www.koonings.com\\\/wp-content\\\/uploads\\\/2024\\\/11\\\/40399_afd2ea560b7970e5e3f7ad73246e3c98c8a87236075590479b643f8e2019839fb2380035.jpeg\",\"contentUrl\":\"https:\\\/\\\/www.koonings.com\\\/wp-content\\\/uploads\\\/2024\\\/11\\\/40399_afd2ea560b7970e5e3f7ad73246e3c98c8a87236075590479b643f8e2019839fb2380035.jpeg\",\"width\":1419,\"height\":2006},{\"@type\":\"BreadcrumbList\",\"@id\":\"https:\\\/\\\/www.koonings.com\\\/de\\\/product\\\/randy-fenoli-gretchen\\\/#breadcrumb\",\"itemListElement\":[{\"@type\":\"ListItem\",\"position\":1,\"name\":\"Home\",\"item\":\"https:\\\/\\\/www.koonings.com\\\/de\\\/\"},{\"@type\":\"ListItem\",\"position\":2,\"name\":\"Randy Fenoli Gretchen\"}]},{\"@type\":\"WebSite\",\"@id\":\"https:\\\/\\\/www.koonings.com\\\/de\\\/#website\",\"url\":\"https:\\\/\\\/www.koonings.com\\\/de\\\/\",\"name\":\"Koonings\",\"description\":\"De grootste bruidsmodewinkel ter wereld\",\"publisher\":{\"@id\":\"https:\\\/\\\/www.koonings.com\\\/de\\\/#organization\"},\"potentialAction\":[{\"@type\":\"SearchAction\",\"target\":{\"@type\":\"EntryPoint\",\"urlTemplate\":\"https:\\\/\\\/www.koonings.com\\\/de\\\/?s={search_term_string}\"},\"query-input\":{\"@type\":\"PropertyValueSpecification\",\"valueRequired\":true,\"valueName\":\"search_term_string\"}}],\"inLanguage\":\"de\"},{\"@type\":\"Organization\",\"@id\":\"https:\\\/\\\/www.koonings.com\\\/de\\\/#organization\",\"name\":\"Koonings\",\"url\":\"https:\\\/\\\/www.koonings.com\\\/de\\\/\",\"logo\":{\"@type\":\"ImageObject\",\"inLanguage\":\"de\",\"@id\":\"https:\\\/\\\/www.koonings.com\\\/de\\\/#\\\/schema\\\/logo\\\/image\\\/\",\"url\":\"https:\\\/\\\/www.koonings.com\\\/wp-content\\\/uploads\\\/2024\\\/07\\\/logo.png\",\"contentUrl\":\"https:\\\/\\\/www.koonings.com\\\/wp-content\\\/uploads\\\/2024\\\/07\\\/logo.png\",\"width\":600,\"height\":428,\"caption\":\"Koonings\"},\"image\":{\"@id\":\"https:\\\/\\\/www.koonings.com\\\/de\\\/#\\\/schema\\\/logo\\\/image\\\/\"},\"sameAs\":[\"https:\\\/\\\/www.facebook.com\\\/kooningstheweddingpalace\",\"https:\\\/\\\/www.instagram.com\\\/kooningstheweddingpalace\",\"https:\\\/\\\/www.pinterest.com\\\/koonings\",\"https:\\\/\\\/www.youtube.com\\\/kooningstheweddingpalace\"]}]}<\/script>\n<!-- \/ Yoast SEO plugin. -->","yoast_head_json":{"title":"Randy Fenoli Gretchen | Koonings","description":"Gretchen ist ein engelsgleiches, weiches A-Linien-Kleid aus T\u00fcll mit schimmernden Details. Das Mieder hat einen quadratischen, herzf\u00f6rmigen Ausschnitt, der in einen niedrigen, runden R\u00fccken \u00fcbergeht. Es ist vollst\u00e4ndig mit einem funkelnden, floralen Perlenmuster verziert, das bis zur Taille hinunterl\u00e4uft. Lagen von schimmerndem T\u00fcll im Faltenrock verleihen ihm einen \u00e4therischen Look, der jede Braut zum Strahlen bringt. Weitere Designdetails sind die Kristallkn\u00f6pfe in der hinteren Mitte und der hohe Schlitz im Rock. Gretchen hat au\u00dferdem abnehmbare lange \u00c4rmel aus Illusionsnetz. Die \u00c4rmel sind am Mieder, an den Manschetten und am Oberarm mit passenden floralen Verzierungen versehen. Diese \u00c4rmel k\u00f6nnen sowohl zusammen mit dem Kleid als auch separat verkauft werden.","robots":{"index":"index","follow":"follow","max-snippet":"max-snippet:-1","max-image-preview":"max-image-preview:large","max-video-preview":"max-video-preview:-1"},"canonical":"https:\/\/www.koonings.com\/de\/product\/randy-fenoli-gretchen\/","og_locale":"de_DE","og_type":"article","og_title":"Randy Fenoli Gretchen | Koonings","og_description":"Gretchen ist ein engelsgleiches, weiches A-Linien-Kleid aus T\u00fcll mit schimmernden Details. Das Mieder hat einen quadratischen, herzf\u00f6rmigen Ausschnitt, der in einen niedrigen, runden R\u00fccken \u00fcbergeht. Es ist vollst\u00e4ndig mit einem funkelnden, floralen Perlenmuster verziert, das bis zur Taille hinunterl\u00e4uft. Lagen von schimmerndem T\u00fcll im Faltenrock verleihen ihm einen \u00e4therischen Look, der jede Braut zum Strahlen bringt. Weitere Designdetails sind die Kristallkn\u00f6pfe in der hinteren Mitte und der hohe Schlitz im Rock. Gretchen hat au\u00dferdem abnehmbare lange \u00c4rmel aus Illusionsnetz. Die \u00c4rmel sind am Mieder, an den Manschetten und am Oberarm mit passenden floralen Verzierungen versehen. Diese \u00c4rmel k\u00f6nnen sowohl zusammen mit dem Kleid als auch separat verkauft werden.","og_url":"https:\/\/www.koonings.com\/de\/product\/randy-fenoli-gretchen\/","og_site_name":"Koonings","article_publisher":"https:\/\/www.facebook.com\/kooningstheweddingpalace","og_image":[{"width":724,"height":1024,"url":"https:\/\/www.koonings.com\/wp-content\/uploads\/2024\/11\/40399_afd2ea560b7970e5e3f7ad73246e3c98c8a87236075590479b643f8e2019839fb2380035-724x1024.jpeg","type":"image\/jpeg"}],"twitter_card":"summary_large_image","twitter_misc":{"Gesch\u00e4tzte Lesezeit":"1\u00a0Minute"},"schema":{"@context":"https:\/\/schema.org","@graph":[{"@type":"WebPage","@id":"https:\/\/www.koonings.com\/de\/product\/randy-fenoli-gretchen\/","url":"https:\/\/www.koonings.com\/de\/product\/randy-fenoli-gretchen\/","name":"Randy Fenoli Gretchen | Koonings","isPartOf":{"@id":"https:\/\/www.koonings.com\/de\/#website"},"primaryImageOfPage":{"@id":"https:\/\/www.koonings.com\/de\/product\/randy-fenoli-gretchen\/#primaryimage"},"image":{"@id":"https:\/\/www.koonings.com\/de\/product\/randy-fenoli-gretchen\/#primaryimage"},"thumbnailUrl":"https:\/\/www.koonings.com\/wp-content\/uploads\/2024\/11\/40399_afd2ea560b7970e5e3f7ad73246e3c98c8a87236075590479b643f8e2019839fb2380035.jpeg","datePublished":"2026-04-28T16:18:11+00:00","description":"Gretchen ist ein engelsgleiches, weiches A-Linien-Kleid aus T\u00fcll mit schimmernden Details. Das Mieder hat einen quadratischen, herzf\u00f6rmigen Ausschnitt, der in einen niedrigen, runden R\u00fccken \u00fcbergeht. Es ist vollst\u00e4ndig mit einem funkelnden, floralen Perlenmuster verziert, das bis zur Taille hinunterl\u00e4uft. Lagen von schimmerndem T\u00fcll im Faltenrock verleihen ihm einen \u00e4therischen Look, der jede Braut zum Strahlen bringt. Weitere Designdetails sind die Kristallkn\u00f6pfe in der hinteren Mitte und der hohe Schlitz im Rock. Gretchen hat au\u00dferdem abnehmbare lange \u00c4rmel aus Illusionsnetz. Die \u00c4rmel sind am Mieder, an den Manschetten und am Oberarm mit passenden floralen Verzierungen versehen. Diese \u00c4rmel k\u00f6nnen sowohl zusammen mit dem Kleid als auch separat verkauft werden.","breadcrumb":{"@id":"https:\/\/www.koonings.com\/de\/product\/randy-fenoli-gretchen\/#breadcrumb"},"inLanguage":"de","potentialAction":[{"@type":"ReadAction","target":["https:\/\/www.koonings.com\/de\/product\/randy-fenoli-gretchen\/"]}]},{"@type":"ImageObject","inLanguage":"de","@id":"https:\/\/www.koonings.com\/de\/product\/randy-fenoli-gretchen\/#primaryimage","url":"https:\/\/www.koonings.com\/wp-content\/uploads\/2024\/11\/40399_afd2ea560b7970e5e3f7ad73246e3c98c8a87236075590479b643f8e2019839fb2380035.jpeg","contentUrl":"https:\/\/www.koonings.com\/wp-content\/uploads\/2024\/11\/40399_afd2ea560b7970e5e3f7ad73246e3c98c8a87236075590479b643f8e2019839fb2380035.jpeg","width":1419,"height":2006},{"@type":"BreadcrumbList","@id":"https:\/\/www.koonings.com\/de\/product\/randy-fenoli-gretchen\/#breadcrumb","itemListElement":[{"@type":"ListItem","position":1,"name":"Home","item":"https:\/\/www.koonings.com\/de\/"},{"@type":"ListItem","position":2,"name":"Randy Fenoli Gretchen"}]},{"@type":"WebSite","@id":"https:\/\/www.koonings.com\/de\/#website","url":"https:\/\/www.koonings.com\/de\/","name":"Koonings","description":"De grootste bruidsmodewinkel ter wereld","publisher":{"@id":"https:\/\/www.koonings.com\/de\/#organization"},"potentialAction":[{"@type":"SearchAction","target":{"@type":"EntryPoint","urlTemplate":"https:\/\/www.koonings.com\/de\/?s={search_term_string}"},"query-input":{"@type":"PropertyValueSpecification","valueRequired":true,"valueName":"search_term_string"}}],"inLanguage":"de"},{"@type":"Organization","@id":"https:\/\/www.koonings.com\/de\/#organization","name":"Koonings","url":"https:\/\/www.koonings.com\/de\/","logo":{"@type":"ImageObject","inLanguage":"de","@id":"https:\/\/www.koonings.com\/de\/#\/schema\/logo\/image\/","url":"https:\/\/www.koonings.com\/wp-content\/uploads\/2024\/07\/logo.png","contentUrl":"https:\/\/www.koonings.com\/wp-content\/uploads\/2024\/07\/logo.png","width":600,"height":428,"caption":"Koonings"},"image":{"@id":"https:\/\/www.koonings.com\/de\/#\/schema\/logo\/image\/"},"sameAs":["https:\/\/www.facebook.com\/kooningstheweddingpalace","https:\/\/www.instagram.com\/kooningstheweddingpalace","https:\/\/www.pinterest.com\/koonings","https:\/\/www.youtube.com\/kooningstheweddingpalace"]}]}},"_links":{"self":[{"href":"https:\/\/www.koonings.com\/de\/wp-json\/wp\/v2\/product\/58201","targetHints":{"allow":["GET"]}}],"collection":[{"href":"https:\/\/www.koonings.com\/de\/wp-json\/wp\/v2\/product"}],"about":[{"href":"https:\/\/www.koonings.com\/de\/wp-json\/wp\/v2\/types\/product"}],"wp:featuredmedia":[{"embeddable":true,"href":"https:\/\/www.koonings.com\/de\/wp-json\/wp\/v2\/media\/44045"}],"wp:attachment":[{"href":"https:\/\/www.koonings.com\/de\/wp-json\/wp\/v2\/media?parent=58201"}],"wp:term":[{"taxonomy":"productdetails","embeddable":true,"href":"https:\/\/www.koonings.com\/de\/wp-json\/wp\/v2\/productdetails?post=58201"},{"taxonomy":"productneck","embeddable":true,"href":"https:\/\/www.koonings.com\/de\/wp-json\/wp\/v2\/productneck?post=58201"},{"taxonomy":"productcolor","embeddable":true,"href":"https:\/\/www.koonings.com\/de\/wp-json\/wp\/v2\/productcolor?post=58201"},{"taxonomy":"maat","embeddable":true,"href":"https:\/\/www.koonings.com\/de\/wp-json\/wp\/v2\/maat?post=58201"},{"taxonomy":"productsupplier","embeddable":true,"href":"https:\/\/www.koonings.com\/de\/wp-json\/wp\/v2\/productsupplier?post=58201"},{"taxonomy":"productsleeve","embeddable":true,"href":"https:\/\/www.koonings.com\/de\/wp-json\/wp\/v2\/productsleeve?post=58201"},{"taxonomy":"productcategory","embeddable":true,"href":"https:\/\/www.koonings.com\/de\/wp-json\/wp\/v2\/productcategory?post=58201"},{"taxonomy":"productsilhouette","embeddable":true,"href":"https:\/\/www.koonings.com\/de\/wp-json\/wp\/v2\/productsilhouette?post=58201"},{"taxonomy":"productstyle","embeddable":true,"href":"https:\/\/www.koonings.com\/de\/wp-json\/wp\/v2\/productstyle?post=58201"}],"curies":[{"name":"wp","href":"https:\/\/api.w.org\/{rel}","templated":true}]}}