{"id":58182,"date":"2026-05-06T15:18:28","date_gmt":"2026-05-06T13:18:28","guid":{"rendered":"https:\/\/www.koonings.com\/product\/stella-york-7899zz11\/"},"modified":"2025-06-05T13:05:22","modified_gmt":"2025-06-05T11:05:22","slug":"stella-york-7899zz11","status":"publish","type":"product","link":"https:\/\/www.koonings.com\/de\/product\/stella-york-7899zz11\/","title":{"rendered":"Stella York 7899ZZ11"},"content":{"rendered":"<p>Verwandeln Sie den Gang in einen Laufsteg in diesem modischen A-Linien Brautkleid mit Taschen. Style 7899 hat enge Schultertr\u00e4ger mit einer handgefertigten Schleife auf jeder Schulter, die den eleganten Rundhalsausschnitt erg\u00e4nzt. Wundersch\u00f6ne florale Spitze umh\u00fcllt das durchsichtige Mieder und geht in zarte Spitzenapplikationen \u00fcber, die den schicken, weichen A-Linien-Rock mit Seitentaschen und einem oberschenkelhohen Beinschlitz schm\u00fccken. Dieses luxuri\u00f6se A-Linien-Hochzeitskleid liegt voll im Trend und bietet Romantik mit einem modernen Designer-Akzent. Dieses Hochzeitskleid ist auch in gro\u00dfen Gr\u00f6\u00dfen erh\u00e4ltlich.    <\/p>\n","protected":false},"featured_media":44208,"template":"","meta":{"_acf_changed":false,"ghostkit_customizer_options":"","ghostkit_custom_css":"","ghostkit_custom_js_head":"","ghostkit_custom_js_foot":"","ghostkit_typography":""},"productdetails":[379,376,378],"productneck":[353],"productcolor":[392],"maat":[],"productsupplier":[442],"productsleeve":[359],"productcategory":[18],"productsilhouette":[384],"productstyle":[366,370],"class_list":["post-58182","product","type-product","status-publish","has-post-thumbnail","hentry","productdetails-379","productdetails-376","productdetails-378","productneck-353","productcolor-392","productsupplier-stella-york","productsleeve-359","productcategory-trouwjurken","productsilhouette-384","productstyle-366","productstyle-370"],"acf":[],"yoast_head":"<!-- This site is optimized with the Yoast SEO plugin v27.3 - https:\/\/yoast.com\/product\/yoast-seo-wordpress\/ -->\n<title>Stella York 7899ZZ11 | Koonings<\/title>\n<meta name=\"description\" content=\"Verwandeln Sie den Gang in einen Laufsteg in diesem modischen A-Linien Brautkleid mit Taschen. Style 7899 hat enge Schultertr\u00e4ger mit einer handgefertigten Schleife auf jeder Schulter, die den eleganten Rundhalsausschnitt erg\u00e4nzt. Wundersch\u00f6ne florale Spitze umh\u00fcllt das durchsichtige Mieder und geht in zarte Spitzenapplikationen \u00fcber, die den schicken, weichen A-Linien-Rock mit Seitentaschen und einem oberschenkelhohen Beinschlitz schm\u00fccken. Dieses luxuri\u00f6se A-Linien-Hochzeitskleid liegt voll im Trend und bietet Romantik mit einem modernen Designer-Akzent. Dieses Hochzeitskleid ist auch in gro\u00dfen Gr\u00f6\u00dfen erh\u00e4ltlich.\" \/>\n<meta name=\"robots\" content=\"index, follow, max-snippet:-1, max-image-preview:large, max-video-preview:-1\" \/>\n<link rel=\"canonical\" href=\"https:\/\/www.koonings.com\/de\/product\/stella-york-7899zz11\/\" \/>\n<meta property=\"og:locale\" content=\"de_DE\" \/>\n<meta property=\"og:type\" content=\"article\" \/>\n<meta property=\"og:title\" content=\"Stella York 7899ZZ11 | Koonings\" \/>\n<meta property=\"og:description\" content=\"Verwandeln Sie den Gang in einen Laufsteg in diesem modischen A-Linien Brautkleid mit Taschen. Style 7899 hat enge Schultertr\u00e4ger mit einer handgefertigten Schleife auf jeder Schulter, die den eleganten Rundhalsausschnitt erg\u00e4nzt. Wundersch\u00f6ne florale Spitze umh\u00fcllt das durchsichtige Mieder und geht in zarte Spitzenapplikationen \u00fcber, die den schicken, weichen A-Linien-Rock mit Seitentaschen und einem oberschenkelhohen Beinschlitz schm\u00fccken. Dieses luxuri\u00f6se A-Linien-Hochzeitskleid liegt voll im Trend und bietet Romantik mit einem modernen Designer-Akzent. Dieses Hochzeitskleid ist auch in gro\u00dfen Gr\u00f6\u00dfen erh\u00e4ltlich.\" \/>\n<meta property=\"og:url\" content=\"https:\/\/www.koonings.com\/de\/product\/stella-york-7899zz11\/\" \/>\n<meta property=\"og:site_name\" content=\"Koonings\" \/>\n<meta property=\"article:publisher\" content=\"https:\/\/www.facebook.com\/kooningstheweddingpalace\" \/>\n<meta property=\"og:image\" content=\"https:\/\/www.koonings.com\/wp-content\/uploads\/2024\/11\/40418_aa66ed8e5edf6320ddfb95d631e4bde18b5c5c348a09b64af6d44f6aa6469b484f15ab40.jpeg\" \/>\n\t<meta property=\"og:image:width\" content=\"1365\" \/>\n\t<meta property=\"og:image:height\" content=\"1932\" \/>\n\t<meta property=\"og:image:type\" content=\"image\/jpeg\" \/>\n<meta name=\"twitter:card\" content=\"summary_large_image\" \/>\n<script type=\"application\/ld+json\" class=\"yoast-schema-graph\">{\"@context\":\"https:\\\/\\\/schema.org\",\"@graph\":[{\"@type\":\"WebPage\",\"@id\":\"https:\\\/\\\/www.koonings.com\\\/de\\\/product\\\/stella-york-7899zz11\\\/\",\"url\":\"https:\\\/\\\/www.koonings.com\\\/de\\\/product\\\/stella-york-7899zz11\\\/\",\"name\":\"Stella York 7899ZZ11 | Koonings\",\"isPartOf\":{\"@id\":\"https:\\\/\\\/www.koonings.com\\\/de\\\/#website\"},\"primaryImageOfPage\":{\"@id\":\"https:\\\/\\\/www.koonings.com\\\/de\\\/product\\\/stella-york-7899zz11\\\/#primaryimage\"},\"image\":{\"@id\":\"https:\\\/\\\/www.koonings.com\\\/de\\\/product\\\/stella-york-7899zz11\\\/#primaryimage\"},\"thumbnailUrl\":\"https:\\\/\\\/www.koonings.com\\\/wp-content\\\/uploads\\\/2024\\\/11\\\/40418_aa66ed8e5edf6320ddfb95d631e4bde18b5c5c348a09b64af6d44f6aa6469b484f15ab40.jpeg\",\"datePublished\":\"2026-05-06T13:18:28+00:00\",\"description\":\"Verwandeln Sie den Gang in einen Laufsteg in diesem modischen A-Linien Brautkleid mit Taschen. Style 7899 hat enge Schultertr\u00e4ger mit einer handgefertigten Schleife auf jeder Schulter, die den eleganten Rundhalsausschnitt erg\u00e4nzt. Wundersch\u00f6ne florale Spitze umh\u00fcllt das durchsichtige Mieder und geht in zarte Spitzenapplikationen \u00fcber, die den schicken, weichen A-Linien-Rock mit Seitentaschen und einem oberschenkelhohen Beinschlitz schm\u00fccken. Dieses luxuri\u00f6se A-Linien-Hochzeitskleid liegt voll im Trend und bietet Romantik mit einem modernen Designer-Akzent. Dieses Hochzeitskleid ist auch in gro\u00dfen Gr\u00f6\u00dfen erh\u00e4ltlich.\",\"breadcrumb\":{\"@id\":\"https:\\\/\\\/www.koonings.com\\\/de\\\/product\\\/stella-york-7899zz11\\\/#breadcrumb\"},\"inLanguage\":\"de\",\"potentialAction\":[{\"@type\":\"ReadAction\",\"target\":[\"https:\\\/\\\/www.koonings.com\\\/de\\\/product\\\/stella-york-7899zz11\\\/\"]}]},{\"@type\":\"ImageObject\",\"inLanguage\":\"de\",\"@id\":\"https:\\\/\\\/www.koonings.com\\\/de\\\/product\\\/stella-york-7899zz11\\\/#primaryimage\",\"url\":\"https:\\\/\\\/www.koonings.com\\\/wp-content\\\/uploads\\\/2024\\\/11\\\/40418_aa66ed8e5edf6320ddfb95d631e4bde18b5c5c348a09b64af6d44f6aa6469b484f15ab40.jpeg\",\"contentUrl\":\"https:\\\/\\\/www.koonings.com\\\/wp-content\\\/uploads\\\/2024\\\/11\\\/40418_aa66ed8e5edf6320ddfb95d631e4bde18b5c5c348a09b64af6d44f6aa6469b484f15ab40.jpeg\",\"width\":1365,\"height\":1932},{\"@type\":\"BreadcrumbList\",\"@id\":\"https:\\\/\\\/www.koonings.com\\\/de\\\/product\\\/stella-york-7899zz11\\\/#breadcrumb\",\"itemListElement\":[{\"@type\":\"ListItem\",\"position\":1,\"name\":\"Home\",\"item\":\"https:\\\/\\\/www.koonings.com\\\/de\\\/\"},{\"@type\":\"ListItem\",\"position\":2,\"name\":\"Stella York 7899ZZ11\"}]},{\"@type\":\"WebSite\",\"@id\":\"https:\\\/\\\/www.koonings.com\\\/de\\\/#website\",\"url\":\"https:\\\/\\\/www.koonings.com\\\/de\\\/\",\"name\":\"Koonings\",\"description\":\"De grootste bruidsmodewinkel ter wereld\",\"publisher\":{\"@id\":\"https:\\\/\\\/www.koonings.com\\\/de\\\/#organization\"},\"potentialAction\":[{\"@type\":\"SearchAction\",\"target\":{\"@type\":\"EntryPoint\",\"urlTemplate\":\"https:\\\/\\\/www.koonings.com\\\/de\\\/?s={search_term_string}\"},\"query-input\":{\"@type\":\"PropertyValueSpecification\",\"valueRequired\":true,\"valueName\":\"search_term_string\"}}],\"inLanguage\":\"de\"},{\"@type\":\"Organization\",\"@id\":\"https:\\\/\\\/www.koonings.com\\\/de\\\/#organization\",\"name\":\"Koonings\",\"url\":\"https:\\\/\\\/www.koonings.com\\\/de\\\/\",\"logo\":{\"@type\":\"ImageObject\",\"inLanguage\":\"de\",\"@id\":\"https:\\\/\\\/www.koonings.com\\\/de\\\/#\\\/schema\\\/logo\\\/image\\\/\",\"url\":\"https:\\\/\\\/www.koonings.com\\\/wp-content\\\/uploads\\\/2024\\\/07\\\/logo.png\",\"contentUrl\":\"https:\\\/\\\/www.koonings.com\\\/wp-content\\\/uploads\\\/2024\\\/07\\\/logo.png\",\"width\":600,\"height\":428,\"caption\":\"Koonings\"},\"image\":{\"@id\":\"https:\\\/\\\/www.koonings.com\\\/de\\\/#\\\/schema\\\/logo\\\/image\\\/\"},\"sameAs\":[\"https:\\\/\\\/www.facebook.com\\\/kooningstheweddingpalace\",\"https:\\\/\\\/www.instagram.com\\\/kooningstheweddingpalace\",\"https:\\\/\\\/www.pinterest.com\\\/koonings\",\"https:\\\/\\\/www.youtube.com\\\/kooningstheweddingpalace\"]}]}<\/script>\n<!-- \/ Yoast SEO plugin. -->","yoast_head_json":{"title":"Stella York 7899ZZ11 | Koonings","description":"Verwandeln Sie den Gang in einen Laufsteg in diesem modischen A-Linien Brautkleid mit Taschen. Style 7899 hat enge Schultertr\u00e4ger mit einer handgefertigten Schleife auf jeder Schulter, die den eleganten Rundhalsausschnitt erg\u00e4nzt. Wundersch\u00f6ne florale Spitze umh\u00fcllt das durchsichtige Mieder und geht in zarte Spitzenapplikationen \u00fcber, die den schicken, weichen A-Linien-Rock mit Seitentaschen und einem oberschenkelhohen Beinschlitz schm\u00fccken. Dieses luxuri\u00f6se A-Linien-Hochzeitskleid liegt voll im Trend und bietet Romantik mit einem modernen Designer-Akzent. Dieses Hochzeitskleid ist auch in gro\u00dfen Gr\u00f6\u00dfen erh\u00e4ltlich.","robots":{"index":"index","follow":"follow","max-snippet":"max-snippet:-1","max-image-preview":"max-image-preview:large","max-video-preview":"max-video-preview:-1"},"canonical":"https:\/\/www.koonings.com\/de\/product\/stella-york-7899zz11\/","og_locale":"de_DE","og_type":"article","og_title":"Stella York 7899ZZ11 | Koonings","og_description":"Verwandeln Sie den Gang in einen Laufsteg in diesem modischen A-Linien Brautkleid mit Taschen. Style 7899 hat enge Schultertr\u00e4ger mit einer handgefertigten Schleife auf jeder Schulter, die den eleganten Rundhalsausschnitt erg\u00e4nzt. Wundersch\u00f6ne florale Spitze umh\u00fcllt das durchsichtige Mieder und geht in zarte Spitzenapplikationen \u00fcber, die den schicken, weichen A-Linien-Rock mit Seitentaschen und einem oberschenkelhohen Beinschlitz schm\u00fccken. Dieses luxuri\u00f6se A-Linien-Hochzeitskleid liegt voll im Trend und bietet Romantik mit einem modernen Designer-Akzent. Dieses Hochzeitskleid ist auch in gro\u00dfen Gr\u00f6\u00dfen erh\u00e4ltlich.","og_url":"https:\/\/www.koonings.com\/de\/product\/stella-york-7899zz11\/","og_site_name":"Koonings","article_publisher":"https:\/\/www.facebook.com\/kooningstheweddingpalace","og_image":[{"width":1365,"height":1932,"url":"https:\/\/www.koonings.com\/wp-content\/uploads\/2024\/11\/40418_aa66ed8e5edf6320ddfb95d631e4bde18b5c5c348a09b64af6d44f6aa6469b484f15ab40.jpeg","type":"image\/jpeg"}],"twitter_card":"summary_large_image","schema":{"@context":"https:\/\/schema.org","@graph":[{"@type":"WebPage","@id":"https:\/\/www.koonings.com\/de\/product\/stella-york-7899zz11\/","url":"https:\/\/www.koonings.com\/de\/product\/stella-york-7899zz11\/","name":"Stella York 7899ZZ11 | Koonings","isPartOf":{"@id":"https:\/\/www.koonings.com\/de\/#website"},"primaryImageOfPage":{"@id":"https:\/\/www.koonings.com\/de\/product\/stella-york-7899zz11\/#primaryimage"},"image":{"@id":"https:\/\/www.koonings.com\/de\/product\/stella-york-7899zz11\/#primaryimage"},"thumbnailUrl":"https:\/\/www.koonings.com\/wp-content\/uploads\/2024\/11\/40418_aa66ed8e5edf6320ddfb95d631e4bde18b5c5c348a09b64af6d44f6aa6469b484f15ab40.jpeg","datePublished":"2026-05-06T13:18:28+00:00","description":"Verwandeln Sie den Gang in einen Laufsteg in diesem modischen A-Linien Brautkleid mit Taschen. Style 7899 hat enge Schultertr\u00e4ger mit einer handgefertigten Schleife auf jeder Schulter, die den eleganten Rundhalsausschnitt erg\u00e4nzt. Wundersch\u00f6ne florale Spitze umh\u00fcllt das durchsichtige Mieder und geht in zarte Spitzenapplikationen \u00fcber, die den schicken, weichen A-Linien-Rock mit Seitentaschen und einem oberschenkelhohen Beinschlitz schm\u00fccken. Dieses luxuri\u00f6se A-Linien-Hochzeitskleid liegt voll im Trend und bietet Romantik mit einem modernen Designer-Akzent. Dieses Hochzeitskleid ist auch in gro\u00dfen Gr\u00f6\u00dfen erh\u00e4ltlich.","breadcrumb":{"@id":"https:\/\/www.koonings.com\/de\/product\/stella-york-7899zz11\/#breadcrumb"},"inLanguage":"de","potentialAction":[{"@type":"ReadAction","target":["https:\/\/www.koonings.com\/de\/product\/stella-york-7899zz11\/"]}]},{"@type":"ImageObject","inLanguage":"de","@id":"https:\/\/www.koonings.com\/de\/product\/stella-york-7899zz11\/#primaryimage","url":"https:\/\/www.koonings.com\/wp-content\/uploads\/2024\/11\/40418_aa66ed8e5edf6320ddfb95d631e4bde18b5c5c348a09b64af6d44f6aa6469b484f15ab40.jpeg","contentUrl":"https:\/\/www.koonings.com\/wp-content\/uploads\/2024\/11\/40418_aa66ed8e5edf6320ddfb95d631e4bde18b5c5c348a09b64af6d44f6aa6469b484f15ab40.jpeg","width":1365,"height":1932},{"@type":"BreadcrumbList","@id":"https:\/\/www.koonings.com\/de\/product\/stella-york-7899zz11\/#breadcrumb","itemListElement":[{"@type":"ListItem","position":1,"name":"Home","item":"https:\/\/www.koonings.com\/de\/"},{"@type":"ListItem","position":2,"name":"Stella York 7899ZZ11"}]},{"@type":"WebSite","@id":"https:\/\/www.koonings.com\/de\/#website","url":"https:\/\/www.koonings.com\/de\/","name":"Koonings","description":"De grootste bruidsmodewinkel ter wereld","publisher":{"@id":"https:\/\/www.koonings.com\/de\/#organization"},"potentialAction":[{"@type":"SearchAction","target":{"@type":"EntryPoint","urlTemplate":"https:\/\/www.koonings.com\/de\/?s={search_term_string}"},"query-input":{"@type":"PropertyValueSpecification","valueRequired":true,"valueName":"search_term_string"}}],"inLanguage":"de"},{"@type":"Organization","@id":"https:\/\/www.koonings.com\/de\/#organization","name":"Koonings","url":"https:\/\/www.koonings.com\/de\/","logo":{"@type":"ImageObject","inLanguage":"de","@id":"https:\/\/www.koonings.com\/de\/#\/schema\/logo\/image\/","url":"https:\/\/www.koonings.com\/wp-content\/uploads\/2024\/07\/logo.png","contentUrl":"https:\/\/www.koonings.com\/wp-content\/uploads\/2024\/07\/logo.png","width":600,"height":428,"caption":"Koonings"},"image":{"@id":"https:\/\/www.koonings.com\/de\/#\/schema\/logo\/image\/"},"sameAs":["https:\/\/www.facebook.com\/kooningstheweddingpalace","https:\/\/www.instagram.com\/kooningstheweddingpalace","https:\/\/www.pinterest.com\/koonings","https:\/\/www.youtube.com\/kooningstheweddingpalace"]}]}},"_links":{"self":[{"href":"https:\/\/www.koonings.com\/de\/wp-json\/wp\/v2\/product\/58182","targetHints":{"allow":["GET"]}}],"collection":[{"href":"https:\/\/www.koonings.com\/de\/wp-json\/wp\/v2\/product"}],"about":[{"href":"https:\/\/www.koonings.com\/de\/wp-json\/wp\/v2\/types\/product"}],"wp:featuredmedia":[{"embeddable":true,"href":"https:\/\/www.koonings.com\/de\/wp-json\/wp\/v2\/media\/44208"}],"wp:attachment":[{"href":"https:\/\/www.koonings.com\/de\/wp-json\/wp\/v2\/media?parent=58182"}],"wp:term":[{"taxonomy":"productdetails","embeddable":true,"href":"https:\/\/www.koonings.com\/de\/wp-json\/wp\/v2\/productdetails?post=58182"},{"taxonomy":"productneck","embeddable":true,"href":"https:\/\/www.koonings.com\/de\/wp-json\/wp\/v2\/productneck?post=58182"},{"taxonomy":"productcolor","embeddable":true,"href":"https:\/\/www.koonings.com\/de\/wp-json\/wp\/v2\/productcolor?post=58182"},{"taxonomy":"maat","embeddable":true,"href":"https:\/\/www.koonings.com\/de\/wp-json\/wp\/v2\/maat?post=58182"},{"taxonomy":"productsupplier","embeddable":true,"href":"https:\/\/www.koonings.com\/de\/wp-json\/wp\/v2\/productsupplier?post=58182"},{"taxonomy":"productsleeve","embeddable":true,"href":"https:\/\/www.koonings.com\/de\/wp-json\/wp\/v2\/productsleeve?post=58182"},{"taxonomy":"productcategory","embeddable":true,"href":"https:\/\/www.koonings.com\/de\/wp-json\/wp\/v2\/productcategory?post=58182"},{"taxonomy":"productsilhouette","embeddable":true,"href":"https:\/\/www.koonings.com\/de\/wp-json\/wp\/v2\/productsilhouette?post=58182"},{"taxonomy":"productstyle","embeddable":true,"href":"https:\/\/www.koonings.com\/de\/wp-json\/wp\/v2\/productstyle?post=58182"}],"curies":[{"name":"wp","href":"https:\/\/api.w.org\/{rel}","templated":true}]}}