{"id":58181,"date":"2026-04-28T18:18:15","date_gmt":"2026-04-28T16:18:15","guid":{"rendered":"https:\/\/www.koonings.com\/product\/stella-york-7901zz12\/"},"modified":"2025-06-05T13:05:16","modified_gmt":"2025-06-05T11:05:16","slug":"stella-york-7901zz12","status":"publish","type":"product","link":"https:\/\/www.koonings.com\/de\/product\/stella-york-7901zz12\/","title":{"rendered":"Stella York 7901ZZ12"},"content":{"rendered":"<p>Dezentes Drama trifft auf moderne Eleganz in Stil 7901: ein m\u00fchelos luxuri\u00f6ses Chiffon-Hochzeitskleid mit abnehmbaren langen \u00c4rmeln. Die abnehmbaren \u00c4rmel, die sowohl schulterfrei als auch schulterfrei getragen werden k\u00f6nnen, treffen auf ein schickes Mieder mit rundem Ausschnitt und einer dezenten Reihe stoffbezogener Kn\u00f6pfe am R\u00fccken. Die weiche A-Linien-Silhouette umspielt die Figur sanft und sorgt f\u00fcr eine flie\u00dfende Silhouette, die bei jeder Bewegung anmutig gleitet. F\u00fcr die Braut, die an atemberaubende Schlichtheit glaubt, bietet dieses Blousonkleid mit abnehmbaren \u00c4rmeln Romantik durch tadellose Raffinesse. Dieses Hochzeitskleid ist auch in gro\u00dfen Gr\u00f6\u00dfen erh\u00e4ltlich.    <\/p>\n","protected":false},"featured_media":44134,"template":"","meta":{"_acf_changed":false,"ghostkit_customizer_options":"","ghostkit_custom_css":"","ghostkit_custom_js_head":"","ghostkit_custom_js_foot":"","ghostkit_typography":""},"productdetails":[378],"productneck":[353,354],"productcolor":[392],"maat":[],"productsupplier":[442],"productsleeve":[357],"productcategory":[18],"productsilhouette":[384],"productstyle":[371,370],"class_list":["post-58181","product","type-product","status-publish","has-post-thumbnail","hentry","productdetails-378","productneck-353","productneck-354","productcolor-392","productsupplier-stella-york","productsleeve-357","productcategory-trouwjurken","productsilhouette-384","productstyle-371","productstyle-370"],"acf":[],"yoast_head":"<!-- This site is optimized with the Yoast SEO plugin v27.3 - https:\/\/yoast.com\/product\/yoast-seo-wordpress\/ -->\n<title>Stella York 7901ZZ12 | Koonings<\/title>\n<meta name=\"description\" content=\"Dezentes Drama trifft auf moderne Eleganz in Stil 7901: ein m\u00fchelos luxuri\u00f6ses Chiffon-Hochzeitskleid mit abnehmbaren langen \u00c4rmeln. Die abnehmbaren \u00c4rmel, die sowohl schulterfrei als auch schulterfrei getragen werden k\u00f6nnen, treffen auf ein schickes Mieder mit rundem Ausschnitt und einer dezenten Reihe stoffbezogener Kn\u00f6pfe am R\u00fccken. Die weiche A-Linien-Silhouette umspielt die Figur sanft und sorgt f\u00fcr eine flie\u00dfende Silhouette, die bei jeder Bewegung anmutig gleitet. F\u00fcr die Braut, die an atemberaubende Schlichtheit glaubt, bietet dieses Blousonkleid mit abnehmbaren \u00c4rmeln Romantik durch tadellose Raffinesse. Dieses Hochzeitskleid ist auch in gro\u00dfen Gr\u00f6\u00dfen erh\u00e4ltlich.\" \/>\n<meta name=\"robots\" content=\"index, follow, max-snippet:-1, max-image-preview:large, max-video-preview:-1\" \/>\n<link rel=\"canonical\" href=\"https:\/\/www.koonings.com\/de\/product\/stella-york-7901zz12\/\" \/>\n<meta property=\"og:locale\" content=\"de_DE\" \/>\n<meta property=\"og:type\" content=\"article\" \/>\n<meta property=\"og:title\" content=\"Stella York 7901ZZ12 | Koonings\" \/>\n<meta property=\"og:description\" content=\"Dezentes Drama trifft auf moderne Eleganz in Stil 7901: ein m\u00fchelos luxuri\u00f6ses Chiffon-Hochzeitskleid mit abnehmbaren langen \u00c4rmeln. Die abnehmbaren \u00c4rmel, die sowohl schulterfrei als auch schulterfrei getragen werden k\u00f6nnen, treffen auf ein schickes Mieder mit rundem Ausschnitt und einer dezenten Reihe stoffbezogener Kn\u00f6pfe am R\u00fccken. Die weiche A-Linien-Silhouette umspielt die Figur sanft und sorgt f\u00fcr eine flie\u00dfende Silhouette, die bei jeder Bewegung anmutig gleitet. F\u00fcr die Braut, die an atemberaubende Schlichtheit glaubt, bietet dieses Blousonkleid mit abnehmbaren \u00c4rmeln Romantik durch tadellose Raffinesse. Dieses Hochzeitskleid ist auch in gro\u00dfen Gr\u00f6\u00dfen erh\u00e4ltlich.\" \/>\n<meta property=\"og:url\" content=\"https:\/\/www.koonings.com\/de\/product\/stella-york-7901zz12\/\" \/>\n<meta property=\"og:site_name\" content=\"Koonings\" \/>\n<meta property=\"article:publisher\" content=\"https:\/\/www.facebook.com\/kooningstheweddingpalace\" \/>\n<meta property=\"og:image\" content=\"https:\/\/www.koonings.com\/wp-content\/uploads\/2024\/11\/40415_2d66fb4fa6f0897725d4f56ddf59ce5a5a0d4cbc4254d672bfbeedb784f7e306db378b3d.jpeg\" \/>\n\t<meta property=\"og:image:width\" content=\"1351\" \/>\n\t<meta property=\"og:image:height\" content=\"1915\" \/>\n\t<meta property=\"og:image:type\" content=\"image\/jpeg\" \/>\n<meta name=\"twitter:card\" content=\"summary_large_image\" \/>\n<meta name=\"twitter:label1\" content=\"Gesch\u00e4tzte Lesezeit\" \/>\n\t<meta name=\"twitter:data1\" content=\"1\u00a0Minute\" \/>\n<script type=\"application\/ld+json\" class=\"yoast-schema-graph\">{\"@context\":\"https:\\\/\\\/schema.org\",\"@graph\":[{\"@type\":\"WebPage\",\"@id\":\"https:\\\/\\\/www.koonings.com\\\/de\\\/product\\\/stella-york-7901zz12\\\/\",\"url\":\"https:\\\/\\\/www.koonings.com\\\/de\\\/product\\\/stella-york-7901zz12\\\/\",\"name\":\"Stella York 7901ZZ12 | Koonings\",\"isPartOf\":{\"@id\":\"https:\\\/\\\/www.koonings.com\\\/de\\\/#website\"},\"primaryImageOfPage\":{\"@id\":\"https:\\\/\\\/www.koonings.com\\\/de\\\/product\\\/stella-york-7901zz12\\\/#primaryimage\"},\"image\":{\"@id\":\"https:\\\/\\\/www.koonings.com\\\/de\\\/product\\\/stella-york-7901zz12\\\/#primaryimage\"},\"thumbnailUrl\":\"https:\\\/\\\/www.koonings.com\\\/wp-content\\\/uploads\\\/2024\\\/11\\\/40415_2d66fb4fa6f0897725d4f56ddf59ce5a5a0d4cbc4254d672bfbeedb784f7e306db378b3d.jpeg\",\"datePublished\":\"2026-04-28T16:18:15+00:00\",\"description\":\"Dezentes Drama trifft auf moderne Eleganz in Stil 7901: ein m\u00fchelos luxuri\u00f6ses Chiffon-Hochzeitskleid mit abnehmbaren langen \u00c4rmeln. Die abnehmbaren \u00c4rmel, die sowohl schulterfrei als auch schulterfrei getragen werden k\u00f6nnen, treffen auf ein schickes Mieder mit rundem Ausschnitt und einer dezenten Reihe stoffbezogener Kn\u00f6pfe am R\u00fccken. Die weiche A-Linien-Silhouette umspielt die Figur sanft und sorgt f\u00fcr eine flie\u00dfende Silhouette, die bei jeder Bewegung anmutig gleitet. F\u00fcr die Braut, die an atemberaubende Schlichtheit glaubt, bietet dieses Blousonkleid mit abnehmbaren \u00c4rmeln Romantik durch tadellose Raffinesse. Dieses Hochzeitskleid ist auch in gro\u00dfen Gr\u00f6\u00dfen erh\u00e4ltlich.\",\"breadcrumb\":{\"@id\":\"https:\\\/\\\/www.koonings.com\\\/de\\\/product\\\/stella-york-7901zz12\\\/#breadcrumb\"},\"inLanguage\":\"de\",\"potentialAction\":[{\"@type\":\"ReadAction\",\"target\":[\"https:\\\/\\\/www.koonings.com\\\/de\\\/product\\\/stella-york-7901zz12\\\/\"]}]},{\"@type\":\"ImageObject\",\"inLanguage\":\"de\",\"@id\":\"https:\\\/\\\/www.koonings.com\\\/de\\\/product\\\/stella-york-7901zz12\\\/#primaryimage\",\"url\":\"https:\\\/\\\/www.koonings.com\\\/wp-content\\\/uploads\\\/2024\\\/11\\\/40415_2d66fb4fa6f0897725d4f56ddf59ce5a5a0d4cbc4254d672bfbeedb784f7e306db378b3d.jpeg\",\"contentUrl\":\"https:\\\/\\\/www.koonings.com\\\/wp-content\\\/uploads\\\/2024\\\/11\\\/40415_2d66fb4fa6f0897725d4f56ddf59ce5a5a0d4cbc4254d672bfbeedb784f7e306db378b3d.jpeg\",\"width\":1351,\"height\":1915},{\"@type\":\"BreadcrumbList\",\"@id\":\"https:\\\/\\\/www.koonings.com\\\/de\\\/product\\\/stella-york-7901zz12\\\/#breadcrumb\",\"itemListElement\":[{\"@type\":\"ListItem\",\"position\":1,\"name\":\"Home\",\"item\":\"https:\\\/\\\/www.koonings.com\\\/de\\\/\"},{\"@type\":\"ListItem\",\"position\":2,\"name\":\"Stella York 7901ZZ12\"}]},{\"@type\":\"WebSite\",\"@id\":\"https:\\\/\\\/www.koonings.com\\\/de\\\/#website\",\"url\":\"https:\\\/\\\/www.koonings.com\\\/de\\\/\",\"name\":\"Koonings\",\"description\":\"De grootste bruidsmodewinkel ter wereld\",\"publisher\":{\"@id\":\"https:\\\/\\\/www.koonings.com\\\/de\\\/#organization\"},\"potentialAction\":[{\"@type\":\"SearchAction\",\"target\":{\"@type\":\"EntryPoint\",\"urlTemplate\":\"https:\\\/\\\/www.koonings.com\\\/de\\\/?s={search_term_string}\"},\"query-input\":{\"@type\":\"PropertyValueSpecification\",\"valueRequired\":true,\"valueName\":\"search_term_string\"}}],\"inLanguage\":\"de\"},{\"@type\":\"Organization\",\"@id\":\"https:\\\/\\\/www.koonings.com\\\/de\\\/#organization\",\"name\":\"Koonings\",\"url\":\"https:\\\/\\\/www.koonings.com\\\/de\\\/\",\"logo\":{\"@type\":\"ImageObject\",\"inLanguage\":\"de\",\"@id\":\"https:\\\/\\\/www.koonings.com\\\/de\\\/#\\\/schema\\\/logo\\\/image\\\/\",\"url\":\"https:\\\/\\\/www.koonings.com\\\/wp-content\\\/uploads\\\/2024\\\/07\\\/logo.png\",\"contentUrl\":\"https:\\\/\\\/www.koonings.com\\\/wp-content\\\/uploads\\\/2024\\\/07\\\/logo.png\",\"width\":600,\"height\":428,\"caption\":\"Koonings\"},\"image\":{\"@id\":\"https:\\\/\\\/www.koonings.com\\\/de\\\/#\\\/schema\\\/logo\\\/image\\\/\"},\"sameAs\":[\"https:\\\/\\\/www.facebook.com\\\/kooningstheweddingpalace\",\"https:\\\/\\\/www.instagram.com\\\/kooningstheweddingpalace\",\"https:\\\/\\\/www.pinterest.com\\\/koonings\",\"https:\\\/\\\/www.youtube.com\\\/kooningstheweddingpalace\"]}]}<\/script>\n<!-- \/ Yoast SEO plugin. -->","yoast_head_json":{"title":"Stella York 7901ZZ12 | Koonings","description":"Dezentes Drama trifft auf moderne Eleganz in Stil 7901: ein m\u00fchelos luxuri\u00f6ses Chiffon-Hochzeitskleid mit abnehmbaren langen \u00c4rmeln. Die abnehmbaren \u00c4rmel, die sowohl schulterfrei als auch schulterfrei getragen werden k\u00f6nnen, treffen auf ein schickes Mieder mit rundem Ausschnitt und einer dezenten Reihe stoffbezogener Kn\u00f6pfe am R\u00fccken. Die weiche A-Linien-Silhouette umspielt die Figur sanft und sorgt f\u00fcr eine flie\u00dfende Silhouette, die bei jeder Bewegung anmutig gleitet. F\u00fcr die Braut, die an atemberaubende Schlichtheit glaubt, bietet dieses Blousonkleid mit abnehmbaren \u00c4rmeln Romantik durch tadellose Raffinesse. Dieses Hochzeitskleid ist auch in gro\u00dfen Gr\u00f6\u00dfen erh\u00e4ltlich.","robots":{"index":"index","follow":"follow","max-snippet":"max-snippet:-1","max-image-preview":"max-image-preview:large","max-video-preview":"max-video-preview:-1"},"canonical":"https:\/\/www.koonings.com\/de\/product\/stella-york-7901zz12\/","og_locale":"de_DE","og_type":"article","og_title":"Stella York 7901ZZ12 | Koonings","og_description":"Dezentes Drama trifft auf moderne Eleganz in Stil 7901: ein m\u00fchelos luxuri\u00f6ses Chiffon-Hochzeitskleid mit abnehmbaren langen \u00c4rmeln. Die abnehmbaren \u00c4rmel, die sowohl schulterfrei als auch schulterfrei getragen werden k\u00f6nnen, treffen auf ein schickes Mieder mit rundem Ausschnitt und einer dezenten Reihe stoffbezogener Kn\u00f6pfe am R\u00fccken. Die weiche A-Linien-Silhouette umspielt die Figur sanft und sorgt f\u00fcr eine flie\u00dfende Silhouette, die bei jeder Bewegung anmutig gleitet. F\u00fcr die Braut, die an atemberaubende Schlichtheit glaubt, bietet dieses Blousonkleid mit abnehmbaren \u00c4rmeln Romantik durch tadellose Raffinesse. Dieses Hochzeitskleid ist auch in gro\u00dfen Gr\u00f6\u00dfen erh\u00e4ltlich.","og_url":"https:\/\/www.koonings.com\/de\/product\/stella-york-7901zz12\/","og_site_name":"Koonings","article_publisher":"https:\/\/www.facebook.com\/kooningstheweddingpalace","og_image":[{"width":1351,"height":1915,"url":"https:\/\/www.koonings.com\/wp-content\/uploads\/2024\/11\/40415_2d66fb4fa6f0897725d4f56ddf59ce5a5a0d4cbc4254d672bfbeedb784f7e306db378b3d.jpeg","type":"image\/jpeg"}],"twitter_card":"summary_large_image","twitter_misc":{"Gesch\u00e4tzte Lesezeit":"1\u00a0Minute"},"schema":{"@context":"https:\/\/schema.org","@graph":[{"@type":"WebPage","@id":"https:\/\/www.koonings.com\/de\/product\/stella-york-7901zz12\/","url":"https:\/\/www.koonings.com\/de\/product\/stella-york-7901zz12\/","name":"Stella York 7901ZZ12 | Koonings","isPartOf":{"@id":"https:\/\/www.koonings.com\/de\/#website"},"primaryImageOfPage":{"@id":"https:\/\/www.koonings.com\/de\/product\/stella-york-7901zz12\/#primaryimage"},"image":{"@id":"https:\/\/www.koonings.com\/de\/product\/stella-york-7901zz12\/#primaryimage"},"thumbnailUrl":"https:\/\/www.koonings.com\/wp-content\/uploads\/2024\/11\/40415_2d66fb4fa6f0897725d4f56ddf59ce5a5a0d4cbc4254d672bfbeedb784f7e306db378b3d.jpeg","datePublished":"2026-04-28T16:18:15+00:00","description":"Dezentes Drama trifft auf moderne Eleganz in Stil 7901: ein m\u00fchelos luxuri\u00f6ses Chiffon-Hochzeitskleid mit abnehmbaren langen \u00c4rmeln. Die abnehmbaren \u00c4rmel, die sowohl schulterfrei als auch schulterfrei getragen werden k\u00f6nnen, treffen auf ein schickes Mieder mit rundem Ausschnitt und einer dezenten Reihe stoffbezogener Kn\u00f6pfe am R\u00fccken. Die weiche A-Linien-Silhouette umspielt die Figur sanft und sorgt f\u00fcr eine flie\u00dfende Silhouette, die bei jeder Bewegung anmutig gleitet. F\u00fcr die Braut, die an atemberaubende Schlichtheit glaubt, bietet dieses Blousonkleid mit abnehmbaren \u00c4rmeln Romantik durch tadellose Raffinesse. Dieses Hochzeitskleid ist auch in gro\u00dfen Gr\u00f6\u00dfen erh\u00e4ltlich.","breadcrumb":{"@id":"https:\/\/www.koonings.com\/de\/product\/stella-york-7901zz12\/#breadcrumb"},"inLanguage":"de","potentialAction":[{"@type":"ReadAction","target":["https:\/\/www.koonings.com\/de\/product\/stella-york-7901zz12\/"]}]},{"@type":"ImageObject","inLanguage":"de","@id":"https:\/\/www.koonings.com\/de\/product\/stella-york-7901zz12\/#primaryimage","url":"https:\/\/www.koonings.com\/wp-content\/uploads\/2024\/11\/40415_2d66fb4fa6f0897725d4f56ddf59ce5a5a0d4cbc4254d672bfbeedb784f7e306db378b3d.jpeg","contentUrl":"https:\/\/www.koonings.com\/wp-content\/uploads\/2024\/11\/40415_2d66fb4fa6f0897725d4f56ddf59ce5a5a0d4cbc4254d672bfbeedb784f7e306db378b3d.jpeg","width":1351,"height":1915},{"@type":"BreadcrumbList","@id":"https:\/\/www.koonings.com\/de\/product\/stella-york-7901zz12\/#breadcrumb","itemListElement":[{"@type":"ListItem","position":1,"name":"Home","item":"https:\/\/www.koonings.com\/de\/"},{"@type":"ListItem","position":2,"name":"Stella York 7901ZZ12"}]},{"@type":"WebSite","@id":"https:\/\/www.koonings.com\/de\/#website","url":"https:\/\/www.koonings.com\/de\/","name":"Koonings","description":"De grootste bruidsmodewinkel ter wereld","publisher":{"@id":"https:\/\/www.koonings.com\/de\/#organization"},"potentialAction":[{"@type":"SearchAction","target":{"@type":"EntryPoint","urlTemplate":"https:\/\/www.koonings.com\/de\/?s={search_term_string}"},"query-input":{"@type":"PropertyValueSpecification","valueRequired":true,"valueName":"search_term_string"}}],"inLanguage":"de"},{"@type":"Organization","@id":"https:\/\/www.koonings.com\/de\/#organization","name":"Koonings","url":"https:\/\/www.koonings.com\/de\/","logo":{"@type":"ImageObject","inLanguage":"de","@id":"https:\/\/www.koonings.com\/de\/#\/schema\/logo\/image\/","url":"https:\/\/www.koonings.com\/wp-content\/uploads\/2024\/07\/logo.png","contentUrl":"https:\/\/www.koonings.com\/wp-content\/uploads\/2024\/07\/logo.png","width":600,"height":428,"caption":"Koonings"},"image":{"@id":"https:\/\/www.koonings.com\/de\/#\/schema\/logo\/image\/"},"sameAs":["https:\/\/www.facebook.com\/kooningstheweddingpalace","https:\/\/www.instagram.com\/kooningstheweddingpalace","https:\/\/www.pinterest.com\/koonings","https:\/\/www.youtube.com\/kooningstheweddingpalace"]}]}},"_links":{"self":[{"href":"https:\/\/www.koonings.com\/de\/wp-json\/wp\/v2\/product\/58181","targetHints":{"allow":["GET"]}}],"collection":[{"href":"https:\/\/www.koonings.com\/de\/wp-json\/wp\/v2\/product"}],"about":[{"href":"https:\/\/www.koonings.com\/de\/wp-json\/wp\/v2\/types\/product"}],"wp:featuredmedia":[{"embeddable":true,"href":"https:\/\/www.koonings.com\/de\/wp-json\/wp\/v2\/media\/44134"}],"wp:attachment":[{"href":"https:\/\/www.koonings.com\/de\/wp-json\/wp\/v2\/media?parent=58181"}],"wp:term":[{"taxonomy":"productdetails","embeddable":true,"href":"https:\/\/www.koonings.com\/de\/wp-json\/wp\/v2\/productdetails?post=58181"},{"taxonomy":"productneck","embeddable":true,"href":"https:\/\/www.koonings.com\/de\/wp-json\/wp\/v2\/productneck?post=58181"},{"taxonomy":"productcolor","embeddable":true,"href":"https:\/\/www.koonings.com\/de\/wp-json\/wp\/v2\/productcolor?post=58181"},{"taxonomy":"maat","embeddable":true,"href":"https:\/\/www.koonings.com\/de\/wp-json\/wp\/v2\/maat?post=58181"},{"taxonomy":"productsupplier","embeddable":true,"href":"https:\/\/www.koonings.com\/de\/wp-json\/wp\/v2\/productsupplier?post=58181"},{"taxonomy":"productsleeve","embeddable":true,"href":"https:\/\/www.koonings.com\/de\/wp-json\/wp\/v2\/productsleeve?post=58181"},{"taxonomy":"productcategory","embeddable":true,"href":"https:\/\/www.koonings.com\/de\/wp-json\/wp\/v2\/productcategory?post=58181"},{"taxonomy":"productsilhouette","embeddable":true,"href":"https:\/\/www.koonings.com\/de\/wp-json\/wp\/v2\/productsilhouette?post=58181"},{"taxonomy":"productstyle","embeddable":true,"href":"https:\/\/www.koonings.com\/de\/wp-json\/wp\/v2\/productstyle?post=58181"}],"curies":[{"name":"wp","href":"https:\/\/api.w.org\/{rel}","templated":true}]}}