{"id":58180,"date":"2025-12-15T00:30:11","date_gmt":"2025-12-14T23:30:11","guid":{"rendered":"https:\/\/www.koonings.com\/product\/stella-york-7941cq11\/"},"modified":"2026-02-03T18:37:05","modified_gmt":"2026-02-03T17:37:05","slug":"stella-york-7941cq11","status":"publish","type":"product","link":"https:\/\/www.koonings.com\/de\/product\/stella-york-7941cq11\/","title":{"rendered":"Stella York 7941CQ11"},"content":{"rendered":"<p>Der bezaubernde Stil 7941 schimmert mit einer extravaganten Pr\u00e4sentation von verziertem Glitzert\u00fcll und floraler Spitze den Gang entlang. Das glitzernde, taillierte Hochzeitskleid hat romantische Spaghettitr\u00e4ger aus Spitze, die in einen schmeichelhaften Rundhalsausschnitt \u00fcbergehen. Das taillierte Oberteil ist mit verschiedenen Schlitzen erh\u00e4ltlich, die zu den seitlichen Ausschnitten aus Spitze und dem tiefen Illusionsr\u00fccken aus Spitze passen. Von der Taille aus erstrecken sich handgefertigte Spitzenapplikationen \u00fcber den schimmernden, ausgestellten Rock, der optional mit einem Beinschlitz f\u00fcr zus\u00e4tzlichen Charme sorgt. Dieses wundersch\u00f6ne Brautkleid mit rundem Halsausschnitt und einer wundersch\u00f6n geformten Schleppe ist ein glamour\u00f6ses Statement an diesem besonderen Tag. Dieses Kleid ist mit oder ohne Glitzer-T\u00fcllrock erh\u00e4ltlich.     <\/p>\n","protected":false},"featured_media":44259,"template":"","meta":{"_acf_changed":false,"ghostkit_customizer_options":"","ghostkit_custom_css":"","ghostkit_custom_js_head":"","ghostkit_custom_js_foot":"","ghostkit_typography":""},"productdetails":[377,378,381],"productneck":[352],"productcolor":[392],"maat":[],"productsupplier":[442],"productsleeve":[359],"productcategory":[18],"productsilhouette":[389],"productstyle":[366],"class_list":["post-58180","product","type-product","status-publish","has-post-thumbnail","hentry","productdetails-377","productdetails-378","productdetails-381","productneck-352","productcolor-392","productsupplier-stella-york","productsleeve-359","productcategory-trouwjurken","productsilhouette-389","productstyle-366"],"acf":[],"yoast_head":"<!-- This site is optimized with the Yoast SEO plugin v27.3 - https:\/\/yoast.com\/product\/yoast-seo-wordpress\/ -->\n<title>Stella York 7941CQ11 | Koonings<\/title>\n<meta name=\"description\" content=\"Der bezaubernde Stil 7941 schimmert mit einer extravaganten Pr\u00e4sentation von verziertem Glitzert\u00fcll und floraler Spitze den Gang entlang. Das glitzernde, taillierte Hochzeitskleid hat romantische Spaghettitr\u00e4ger aus Spitze, die in einen schmeichelhaften Rundhalsausschnitt \u00fcbergehen. Das taillierte Oberteil ist mit verschiedenen Schlitzen erh\u00e4ltlich, die zu den seitlichen Ausschnitten aus Spitze und dem tiefen Illusionsr\u00fccken aus Spitze passen. Von der Taille aus erstrecken sich handgefertigte Spitzenapplikationen \u00fcber den schimmernden, ausgestellten Rock mit optionalem Beinschlitz f\u00fcr zus\u00e4tzlichen Charme. Dieses wundersch\u00f6ne Brautkleid mit rundem Halsausschnitt und einer wundersch\u00f6n geformten Schleppe ist ein glamour\u00f6ses Statement an diesem besonderen Tag. Dieses Kleid ist mit oder ohne Glitzer-T\u00fcllrock erh\u00e4ltlich.\" \/>\n<meta name=\"robots\" content=\"index, follow, max-snippet:-1, max-image-preview:large, max-video-preview:-1\" \/>\n<link rel=\"canonical\" href=\"https:\/\/www.koonings.com\/de\/product\/stella-york-7941cq11\/\" \/>\n<meta property=\"og:locale\" content=\"de_DE\" \/>\n<meta property=\"og:type\" content=\"article\" \/>\n<meta property=\"og:title\" content=\"Stella York 7941CQ11 | Koonings\" \/>\n<meta property=\"og:description\" content=\"Der bezaubernde Stil 7941 schimmert mit einer extravaganten Pr\u00e4sentation von verziertem Glitzert\u00fcll und floraler Spitze den Gang entlang. Das glitzernde, taillierte Hochzeitskleid hat romantische Spaghettitr\u00e4ger aus Spitze, die in einen schmeichelhaften Rundhalsausschnitt \u00fcbergehen. Das taillierte Oberteil ist mit verschiedenen Schlitzen erh\u00e4ltlich, die zu den seitlichen Ausschnitten aus Spitze und dem tiefen Illusionsr\u00fccken aus Spitze passen. Von der Taille aus erstrecken sich handgefertigte Spitzenapplikationen \u00fcber den schimmernden, ausgestellten Rock mit optionalem Beinschlitz f\u00fcr zus\u00e4tzlichen Charme. Dieses wundersch\u00f6ne Brautkleid mit rundem Halsausschnitt und einer wundersch\u00f6n geformten Schleppe ist ein glamour\u00f6ses Statement an diesem besonderen Tag. Dieses Kleid ist mit oder ohne Glitzer-T\u00fcllrock erh\u00e4ltlich.\" \/>\n<meta property=\"og:url\" content=\"https:\/\/www.koonings.com\/de\/product\/stella-york-7941cq11\/\" \/>\n<meta property=\"og:site_name\" content=\"Koonings\" \/>\n<meta property=\"article:publisher\" content=\"https:\/\/www.facebook.com\/kooningstheweddingpalace\" \/>\n<meta property=\"article:modified_time\" content=\"2026-02-03T17:37:05+00:00\" \/>\n<meta property=\"og:image\" content=\"https:\/\/www.koonings.com\/wp-content\/uploads\/2024\/11\/40423_f9ec51f721b5600f354ea393616f65651663be637c5b66dc5e17f079e3adbb17604999c0.jpeg\" \/>\n\t<meta property=\"og:image:width\" content=\"1394\" \/>\n\t<meta property=\"og:image:height\" content=\"1975\" \/>\n\t<meta property=\"og:image:type\" content=\"image\/jpeg\" \/>\n<meta name=\"twitter:card\" content=\"summary_large_image\" \/>\n<meta name=\"twitter:label1\" content=\"Gesch\u00e4tzte Lesezeit\" \/>\n\t<meta name=\"twitter:data1\" content=\"1\u00a0Minute\" \/>\n<script type=\"application\/ld+json\" class=\"yoast-schema-graph\">{\"@context\":\"https:\\\/\\\/schema.org\",\"@graph\":[{\"@type\":\"WebPage\",\"@id\":\"https:\\\/\\\/www.koonings.com\\\/de\\\/product\\\/stella-york-7941cq11\\\/\",\"url\":\"https:\\\/\\\/www.koonings.com\\\/de\\\/product\\\/stella-york-7941cq11\\\/\",\"name\":\"Stella York 7941CQ11 | Koonings\",\"isPartOf\":{\"@id\":\"https:\\\/\\\/www.koonings.com\\\/de\\\/#website\"},\"primaryImageOfPage\":{\"@id\":\"https:\\\/\\\/www.koonings.com\\\/de\\\/product\\\/stella-york-7941cq11\\\/#primaryimage\"},\"image\":{\"@id\":\"https:\\\/\\\/www.koonings.com\\\/de\\\/product\\\/stella-york-7941cq11\\\/#primaryimage\"},\"thumbnailUrl\":\"https:\\\/\\\/www.koonings.com\\\/wp-content\\\/uploads\\\/2024\\\/11\\\/40423_f9ec51f721b5600f354ea393616f65651663be637c5b66dc5e17f079e3adbb17604999c0.jpeg\",\"datePublished\":\"2025-12-14T23:30:11+00:00\",\"dateModified\":\"2026-02-03T17:37:05+00:00\",\"description\":\"Der bezaubernde Stil 7941 schimmert mit einer extravaganten Pr\u00e4sentation von verziertem Glitzert\u00fcll und floraler Spitze den Gang entlang. Das glitzernde, taillierte Hochzeitskleid hat romantische Spaghettitr\u00e4ger aus Spitze, die in einen schmeichelhaften Rundhalsausschnitt \u00fcbergehen. Das taillierte Oberteil ist mit verschiedenen Schlitzen erh\u00e4ltlich, die zu den seitlichen Ausschnitten aus Spitze und dem tiefen Illusionsr\u00fccken aus Spitze passen. Von der Taille aus erstrecken sich handgefertigte Spitzenapplikationen \u00fcber den schimmernden, ausgestellten Rock mit optionalem Beinschlitz f\u00fcr zus\u00e4tzlichen Charme. Dieses wundersch\u00f6ne Brautkleid mit rundem Halsausschnitt und einer wundersch\u00f6n geformten Schleppe ist ein glamour\u00f6ses Statement an diesem besonderen Tag. Dieses Kleid ist mit oder ohne Glitzer-T\u00fcllrock erh\u00e4ltlich.\",\"breadcrumb\":{\"@id\":\"https:\\\/\\\/www.koonings.com\\\/de\\\/product\\\/stella-york-7941cq11\\\/#breadcrumb\"},\"inLanguage\":\"de\",\"potentialAction\":[{\"@type\":\"ReadAction\",\"target\":[\"https:\\\/\\\/www.koonings.com\\\/de\\\/product\\\/stella-york-7941cq11\\\/\"]}]},{\"@type\":\"ImageObject\",\"inLanguage\":\"de\",\"@id\":\"https:\\\/\\\/www.koonings.com\\\/de\\\/product\\\/stella-york-7941cq11\\\/#primaryimage\",\"url\":\"https:\\\/\\\/www.koonings.com\\\/wp-content\\\/uploads\\\/2024\\\/11\\\/40423_f9ec51f721b5600f354ea393616f65651663be637c5b66dc5e17f079e3adbb17604999c0.jpeg\",\"contentUrl\":\"https:\\\/\\\/www.koonings.com\\\/wp-content\\\/uploads\\\/2024\\\/11\\\/40423_f9ec51f721b5600f354ea393616f65651663be637c5b66dc5e17f079e3adbb17604999c0.jpeg\",\"width\":1394,\"height\":1975},{\"@type\":\"BreadcrumbList\",\"@id\":\"https:\\\/\\\/www.koonings.com\\\/de\\\/product\\\/stella-york-7941cq11\\\/#breadcrumb\",\"itemListElement\":[{\"@type\":\"ListItem\",\"position\":1,\"name\":\"Home\",\"item\":\"https:\\\/\\\/www.koonings.com\\\/de\\\/\"},{\"@type\":\"ListItem\",\"position\":2,\"name\":\"Stella York 7941CQ11\"}]},{\"@type\":\"WebSite\",\"@id\":\"https:\\\/\\\/www.koonings.com\\\/de\\\/#website\",\"url\":\"https:\\\/\\\/www.koonings.com\\\/de\\\/\",\"name\":\"Koonings\",\"description\":\"De grootste bruidsmodewinkel ter wereld\",\"publisher\":{\"@id\":\"https:\\\/\\\/www.koonings.com\\\/de\\\/#organization\"},\"potentialAction\":[{\"@type\":\"SearchAction\",\"target\":{\"@type\":\"EntryPoint\",\"urlTemplate\":\"https:\\\/\\\/www.koonings.com\\\/de\\\/?s={search_term_string}\"},\"query-input\":{\"@type\":\"PropertyValueSpecification\",\"valueRequired\":true,\"valueName\":\"search_term_string\"}}],\"inLanguage\":\"de\"},{\"@type\":\"Organization\",\"@id\":\"https:\\\/\\\/www.koonings.com\\\/de\\\/#organization\",\"name\":\"Koonings\",\"url\":\"https:\\\/\\\/www.koonings.com\\\/de\\\/\",\"logo\":{\"@type\":\"ImageObject\",\"inLanguage\":\"de\",\"@id\":\"https:\\\/\\\/www.koonings.com\\\/de\\\/#\\\/schema\\\/logo\\\/image\\\/\",\"url\":\"https:\\\/\\\/www.koonings.com\\\/wp-content\\\/uploads\\\/2024\\\/07\\\/logo.png\",\"contentUrl\":\"https:\\\/\\\/www.koonings.com\\\/wp-content\\\/uploads\\\/2024\\\/07\\\/logo.png\",\"width\":600,\"height\":428,\"caption\":\"Koonings\"},\"image\":{\"@id\":\"https:\\\/\\\/www.koonings.com\\\/de\\\/#\\\/schema\\\/logo\\\/image\\\/\"},\"sameAs\":[\"https:\\\/\\\/www.facebook.com\\\/kooningstheweddingpalace\",\"https:\\\/\\\/www.instagram.com\\\/kooningstheweddingpalace\",\"https:\\\/\\\/www.pinterest.com\\\/koonings\",\"https:\\\/\\\/www.youtube.com\\\/kooningstheweddingpalace\"]}]}<\/script>\n<!-- \/ Yoast SEO plugin. -->","yoast_head_json":{"title":"Stella York 7941CQ11 | Koonings","description":"Der bezaubernde Stil 7941 schimmert mit einer extravaganten Pr\u00e4sentation von verziertem Glitzert\u00fcll und floraler Spitze den Gang entlang. Das glitzernde, taillierte Hochzeitskleid hat romantische Spaghettitr\u00e4ger aus Spitze, die in einen schmeichelhaften Rundhalsausschnitt \u00fcbergehen. Das taillierte Oberteil ist mit verschiedenen Schlitzen erh\u00e4ltlich, die zu den seitlichen Ausschnitten aus Spitze und dem tiefen Illusionsr\u00fccken aus Spitze passen. Von der Taille aus erstrecken sich handgefertigte Spitzenapplikationen \u00fcber den schimmernden, ausgestellten Rock mit optionalem Beinschlitz f\u00fcr zus\u00e4tzlichen Charme. Dieses wundersch\u00f6ne Brautkleid mit rundem Halsausschnitt und einer wundersch\u00f6n geformten Schleppe ist ein glamour\u00f6ses Statement an diesem besonderen Tag. Dieses Kleid ist mit oder ohne Glitzer-T\u00fcllrock erh\u00e4ltlich.","robots":{"index":"index","follow":"follow","max-snippet":"max-snippet:-1","max-image-preview":"max-image-preview:large","max-video-preview":"max-video-preview:-1"},"canonical":"https:\/\/www.koonings.com\/de\/product\/stella-york-7941cq11\/","og_locale":"de_DE","og_type":"article","og_title":"Stella York 7941CQ11 | Koonings","og_description":"Der bezaubernde Stil 7941 schimmert mit einer extravaganten Pr\u00e4sentation von verziertem Glitzert\u00fcll und floraler Spitze den Gang entlang. Das glitzernde, taillierte Hochzeitskleid hat romantische Spaghettitr\u00e4ger aus Spitze, die in einen schmeichelhaften Rundhalsausschnitt \u00fcbergehen. Das taillierte Oberteil ist mit verschiedenen Schlitzen erh\u00e4ltlich, die zu den seitlichen Ausschnitten aus Spitze und dem tiefen Illusionsr\u00fccken aus Spitze passen. Von der Taille aus erstrecken sich handgefertigte Spitzenapplikationen \u00fcber den schimmernden, ausgestellten Rock mit optionalem Beinschlitz f\u00fcr zus\u00e4tzlichen Charme. Dieses wundersch\u00f6ne Brautkleid mit rundem Halsausschnitt und einer wundersch\u00f6n geformten Schleppe ist ein glamour\u00f6ses Statement an diesem besonderen Tag. Dieses Kleid ist mit oder ohne Glitzer-T\u00fcllrock erh\u00e4ltlich.","og_url":"https:\/\/www.koonings.com\/de\/product\/stella-york-7941cq11\/","og_site_name":"Koonings","article_publisher":"https:\/\/www.facebook.com\/kooningstheweddingpalace","article_modified_time":"2026-02-03T17:37:05+00:00","og_image":[{"width":1394,"height":1975,"url":"https:\/\/www.koonings.com\/wp-content\/uploads\/2024\/11\/40423_f9ec51f721b5600f354ea393616f65651663be637c5b66dc5e17f079e3adbb17604999c0.jpeg","type":"image\/jpeg"}],"twitter_card":"summary_large_image","twitter_misc":{"Gesch\u00e4tzte Lesezeit":"1\u00a0Minute"},"schema":{"@context":"https:\/\/schema.org","@graph":[{"@type":"WebPage","@id":"https:\/\/www.koonings.com\/de\/product\/stella-york-7941cq11\/","url":"https:\/\/www.koonings.com\/de\/product\/stella-york-7941cq11\/","name":"Stella York 7941CQ11 | Koonings","isPartOf":{"@id":"https:\/\/www.koonings.com\/de\/#website"},"primaryImageOfPage":{"@id":"https:\/\/www.koonings.com\/de\/product\/stella-york-7941cq11\/#primaryimage"},"image":{"@id":"https:\/\/www.koonings.com\/de\/product\/stella-york-7941cq11\/#primaryimage"},"thumbnailUrl":"https:\/\/www.koonings.com\/wp-content\/uploads\/2024\/11\/40423_f9ec51f721b5600f354ea393616f65651663be637c5b66dc5e17f079e3adbb17604999c0.jpeg","datePublished":"2025-12-14T23:30:11+00:00","dateModified":"2026-02-03T17:37:05+00:00","description":"Der bezaubernde Stil 7941 schimmert mit einer extravaganten Pr\u00e4sentation von verziertem Glitzert\u00fcll und floraler Spitze den Gang entlang. Das glitzernde, taillierte Hochzeitskleid hat romantische Spaghettitr\u00e4ger aus Spitze, die in einen schmeichelhaften Rundhalsausschnitt \u00fcbergehen. Das taillierte Oberteil ist mit verschiedenen Schlitzen erh\u00e4ltlich, die zu den seitlichen Ausschnitten aus Spitze und dem tiefen Illusionsr\u00fccken aus Spitze passen. Von der Taille aus erstrecken sich handgefertigte Spitzenapplikationen \u00fcber den schimmernden, ausgestellten Rock mit optionalem Beinschlitz f\u00fcr zus\u00e4tzlichen Charme. Dieses wundersch\u00f6ne Brautkleid mit rundem Halsausschnitt und einer wundersch\u00f6n geformten Schleppe ist ein glamour\u00f6ses Statement an diesem besonderen Tag. Dieses Kleid ist mit oder ohne Glitzer-T\u00fcllrock erh\u00e4ltlich.","breadcrumb":{"@id":"https:\/\/www.koonings.com\/de\/product\/stella-york-7941cq11\/#breadcrumb"},"inLanguage":"de","potentialAction":[{"@type":"ReadAction","target":["https:\/\/www.koonings.com\/de\/product\/stella-york-7941cq11\/"]}]},{"@type":"ImageObject","inLanguage":"de","@id":"https:\/\/www.koonings.com\/de\/product\/stella-york-7941cq11\/#primaryimage","url":"https:\/\/www.koonings.com\/wp-content\/uploads\/2024\/11\/40423_f9ec51f721b5600f354ea393616f65651663be637c5b66dc5e17f079e3adbb17604999c0.jpeg","contentUrl":"https:\/\/www.koonings.com\/wp-content\/uploads\/2024\/11\/40423_f9ec51f721b5600f354ea393616f65651663be637c5b66dc5e17f079e3adbb17604999c0.jpeg","width":1394,"height":1975},{"@type":"BreadcrumbList","@id":"https:\/\/www.koonings.com\/de\/product\/stella-york-7941cq11\/#breadcrumb","itemListElement":[{"@type":"ListItem","position":1,"name":"Home","item":"https:\/\/www.koonings.com\/de\/"},{"@type":"ListItem","position":2,"name":"Stella York 7941CQ11"}]},{"@type":"WebSite","@id":"https:\/\/www.koonings.com\/de\/#website","url":"https:\/\/www.koonings.com\/de\/","name":"Koonings","description":"De grootste bruidsmodewinkel ter wereld","publisher":{"@id":"https:\/\/www.koonings.com\/de\/#organization"},"potentialAction":[{"@type":"SearchAction","target":{"@type":"EntryPoint","urlTemplate":"https:\/\/www.koonings.com\/de\/?s={search_term_string}"},"query-input":{"@type":"PropertyValueSpecification","valueRequired":true,"valueName":"search_term_string"}}],"inLanguage":"de"},{"@type":"Organization","@id":"https:\/\/www.koonings.com\/de\/#organization","name":"Koonings","url":"https:\/\/www.koonings.com\/de\/","logo":{"@type":"ImageObject","inLanguage":"de","@id":"https:\/\/www.koonings.com\/de\/#\/schema\/logo\/image\/","url":"https:\/\/www.koonings.com\/wp-content\/uploads\/2024\/07\/logo.png","contentUrl":"https:\/\/www.koonings.com\/wp-content\/uploads\/2024\/07\/logo.png","width":600,"height":428,"caption":"Koonings"},"image":{"@id":"https:\/\/www.koonings.com\/de\/#\/schema\/logo\/image\/"},"sameAs":["https:\/\/www.facebook.com\/kooningstheweddingpalace","https:\/\/www.instagram.com\/kooningstheweddingpalace","https:\/\/www.pinterest.com\/koonings","https:\/\/www.youtube.com\/kooningstheweddingpalace"]}]}},"_links":{"self":[{"href":"https:\/\/www.koonings.com\/de\/wp-json\/wp\/v2\/product\/58180","targetHints":{"allow":["GET"]}}],"collection":[{"href":"https:\/\/www.koonings.com\/de\/wp-json\/wp\/v2\/product"}],"about":[{"href":"https:\/\/www.koonings.com\/de\/wp-json\/wp\/v2\/types\/product"}],"wp:featuredmedia":[{"embeddable":true,"href":"https:\/\/www.koonings.com\/de\/wp-json\/wp\/v2\/media\/44259"}],"wp:attachment":[{"href":"https:\/\/www.koonings.com\/de\/wp-json\/wp\/v2\/media?parent=58180"}],"wp:term":[{"taxonomy":"productdetails","embeddable":true,"href":"https:\/\/www.koonings.com\/de\/wp-json\/wp\/v2\/productdetails?post=58180"},{"taxonomy":"productneck","embeddable":true,"href":"https:\/\/www.koonings.com\/de\/wp-json\/wp\/v2\/productneck?post=58180"},{"taxonomy":"productcolor","embeddable":true,"href":"https:\/\/www.koonings.com\/de\/wp-json\/wp\/v2\/productcolor?post=58180"},{"taxonomy":"maat","embeddable":true,"href":"https:\/\/www.koonings.com\/de\/wp-json\/wp\/v2\/maat?post=58180"},{"taxonomy":"productsupplier","embeddable":true,"href":"https:\/\/www.koonings.com\/de\/wp-json\/wp\/v2\/productsupplier?post=58180"},{"taxonomy":"productsleeve","embeddable":true,"href":"https:\/\/www.koonings.com\/de\/wp-json\/wp\/v2\/productsleeve?post=58180"},{"taxonomy":"productcategory","embeddable":true,"href":"https:\/\/www.koonings.com\/de\/wp-json\/wp\/v2\/productcategory?post=58180"},{"taxonomy":"productsilhouette","embeddable":true,"href":"https:\/\/www.koonings.com\/de\/wp-json\/wp\/v2\/productsilhouette?post=58180"},{"taxonomy":"productstyle","embeddable":true,"href":"https:\/\/www.koonings.com\/de\/wp-json\/wp\/v2\/productstyle?post=58180"}],"curies":[{"name":"wp","href":"https:\/\/api.w.org\/{rel}","templated":true}]}}