{"id":58174,"date":"2026-05-06T15:18:31","date_gmt":"2026-05-06T13:18:31","guid":{"rendered":"https:\/\/www.koonings.com\/product\/martina-liana-ml1787iv11\/"},"modified":"2025-06-05T13:05:19","modified_gmt":"2025-06-05T11:05:19","slug":"martina-liana-ml1787iv11","status":"publish","type":"product","link":"https:\/\/www.koonings.com\/de\/product\/martina-liana-ml1787iv11\/","title":{"rendered":"Martina Liana ML1787IV11"},"content":{"rendered":"<p>Machen Sie einen unvergesslichen Auftritt in diesem sexy und modischen Hochzeitskleid. Stil 1787 hat einen hohen Neckholder-Ausschnitt aus wundersch\u00f6ner, wellenf\u00f6rmiger, grafischer Spitze, die an einem durchsichtigen, mit Perlenstickerei und funkelnden Akzenten verzierten Mieder befestigt ist. Auf der R\u00fcckseite rahmen schimmernde Spitzenmotive einen niedrigen r\u00fcckenfreien Ausschnitt ein, der zu einer Reihe von zeitlosen, stoffbezogenen Kn\u00f6pfen f\u00fchrt. Die schlanke S\u00e4ulensilhouette umschmeichelt jede Kurve mit flie\u00dfendem Cr\u00eape-Stoff, bevor sie in einen langen und dramatischen Couture-Ausschnitt aus Glitzert\u00fcll und grafischen Spitzenapplikationen \u00fcbergeht, der dieses sinnliche, laufstegtaugliche Hochzeitskleid vollendet.   <\/p>\n","protected":false},"featured_media":44296,"template":"","meta":{"_acf_changed":false,"ghostkit_customizer_options":"","ghostkit_custom_css":"","ghostkit_custom_js_head":"","ghostkit_custom_js_foot":"","ghostkit_typography":""},"productdetails":[376],"productneck":[350,356],"productcolor":[393,392],"maat":[],"productsupplier":[431],"productsleeve":[360],"productcategory":[18],"productsilhouette":[387],"productstyle":[370],"class_list":["post-58174","product","type-product","status-publish","has-post-thumbnail","hentry","productdetails-376","productneck-350","productneck-356","productcolor-393","productcolor-392","productsupplier-martina-liana","productsleeve-360","productcategory-trouwjurken","productsilhouette-387","productstyle-370"],"acf":[],"yoast_head":"<!-- This site is optimized with the Yoast SEO plugin v27.3 - https:\/\/yoast.com\/product\/yoast-seo-wordpress\/ -->\n<title>Martina Liana ML1787IV11 | Koonings<\/title>\n<meta name=\"description\" content=\"Machen Sie einen unvergesslichen Auftritt in diesem sexy und modischen Hochzeitskleid. Stil 1787 hat einen hohen Neckholder-Ausschnitt aus wundersch\u00f6ner, wellenf\u00f6rmiger, grafischer Spitze, die an einem durchsichtigen, mit Perlenstickerei und funkelnden Akzenten verzierten Mieder befestigt ist. Auf der R\u00fcckseite rahmen schimmernde Spitzenmotive einen niedrigen r\u00fcckenfreien Ausschnitt ein, der zu einer Reihe von zeitlosen, stoffbezogenen Kn\u00f6pfen f\u00fchrt. Die schlanke S\u00e4ulensilhouette umschmeichelt jede Kurve mit flie\u00dfendem Cr\u00eape-Stoff, bevor sie in einen langen und dramatischen Couture-Ausschnitt aus Glitzert\u00fcll und grafischen Spitzenapplikationen \u00fcbergeht, der dieses sinnliche, laufstegtaugliche Hochzeitskleid vollendet.\" \/>\n<meta name=\"robots\" content=\"index, follow, max-snippet:-1, max-image-preview:large, max-video-preview:-1\" \/>\n<link rel=\"canonical\" href=\"https:\/\/www.koonings.com\/de\/product\/martina-liana-ml1787iv11\/\" \/>\n<meta property=\"og:locale\" content=\"de_DE\" \/>\n<meta property=\"og:type\" content=\"article\" \/>\n<meta property=\"og:title\" content=\"Martina Liana ML1787IV11 | Koonings\" \/>\n<meta property=\"og:description\" content=\"Machen Sie einen unvergesslichen Auftritt in diesem sexy und modischen Hochzeitskleid. Stil 1787 hat einen hohen Neckholder-Ausschnitt aus wundersch\u00f6ner, wellenf\u00f6rmiger, grafischer Spitze, die an einem durchsichtigen, mit Perlenstickerei und funkelnden Akzenten verzierten Mieder befestigt ist. Auf der R\u00fcckseite rahmen schimmernde Spitzenmotive einen niedrigen r\u00fcckenfreien Ausschnitt ein, der zu einer Reihe von zeitlosen, stoffbezogenen Kn\u00f6pfen f\u00fchrt. Die schlanke S\u00e4ulensilhouette umschmeichelt jede Kurve mit flie\u00dfendem Cr\u00eape-Stoff, bevor sie in einen langen und dramatischen Couture-Ausschnitt aus Glitzert\u00fcll und grafischen Spitzenapplikationen \u00fcbergeht, der dieses sinnliche, laufstegtaugliche Hochzeitskleid vollendet.\" \/>\n<meta property=\"og:url\" content=\"https:\/\/www.koonings.com\/de\/product\/martina-liana-ml1787iv11\/\" \/>\n<meta property=\"og:site_name\" content=\"Koonings\" \/>\n<meta property=\"article:publisher\" content=\"https:\/\/www.facebook.com\/kooningstheweddingpalace\" \/>\n<meta property=\"og:image\" content=\"https:\/\/www.koonings.com\/wp-content\/uploads\/2024\/11\/40432_0a9f9312fd650ed675465c2205bdc8856be90937f8def0c3af908cc49b48d10e48d0a7ec.jpeg\" \/>\n\t<meta property=\"og:image:width\" content=\"1492\" \/>\n\t<meta property=\"og:image:height\" content=\"2114\" \/>\n\t<meta property=\"og:image:type\" content=\"image\/jpeg\" \/>\n<meta name=\"twitter:card\" content=\"summary_large_image\" \/>\n<script type=\"application\/ld+json\" class=\"yoast-schema-graph\">{\"@context\":\"https:\\\/\\\/schema.org\",\"@graph\":[{\"@type\":\"WebPage\",\"@id\":\"https:\\\/\\\/www.koonings.com\\\/de\\\/product\\\/martina-liana-ml1787iv11\\\/\",\"url\":\"https:\\\/\\\/www.koonings.com\\\/de\\\/product\\\/martina-liana-ml1787iv11\\\/\",\"name\":\"Martina Liana ML1787IV11 | Koonings\",\"isPartOf\":{\"@id\":\"https:\\\/\\\/www.koonings.com\\\/de\\\/#website\"},\"primaryImageOfPage\":{\"@id\":\"https:\\\/\\\/www.koonings.com\\\/de\\\/product\\\/martina-liana-ml1787iv11\\\/#primaryimage\"},\"image\":{\"@id\":\"https:\\\/\\\/www.koonings.com\\\/de\\\/product\\\/martina-liana-ml1787iv11\\\/#primaryimage\"},\"thumbnailUrl\":\"https:\\\/\\\/www.koonings.com\\\/wp-content\\\/uploads\\\/2024\\\/11\\\/40432_0a9f9312fd650ed675465c2205bdc8856be90937f8def0c3af908cc49b48d10e48d0a7ec.jpeg\",\"datePublished\":\"2026-05-06T13:18:31+00:00\",\"description\":\"Machen Sie einen unvergesslichen Auftritt in diesem sexy und modischen Hochzeitskleid. Stil 1787 hat einen hohen Neckholder-Ausschnitt aus wundersch\u00f6ner, wellenf\u00f6rmiger, grafischer Spitze, die an einem durchsichtigen, mit Perlenstickerei und funkelnden Akzenten verzierten Mieder befestigt ist. Auf der R\u00fcckseite rahmen schimmernde Spitzenmotive einen niedrigen r\u00fcckenfreien Ausschnitt ein, der zu einer Reihe von zeitlosen, stoffbezogenen Kn\u00f6pfen f\u00fchrt. Die schlanke S\u00e4ulensilhouette umschmeichelt jede Kurve mit flie\u00dfendem Cr\u00eape-Stoff, bevor sie in einen langen und dramatischen Couture-Ausschnitt aus Glitzert\u00fcll und grafischen Spitzenapplikationen \u00fcbergeht, der dieses sinnliche, laufstegtaugliche Hochzeitskleid vollendet.\",\"breadcrumb\":{\"@id\":\"https:\\\/\\\/www.koonings.com\\\/de\\\/product\\\/martina-liana-ml1787iv11\\\/#breadcrumb\"},\"inLanguage\":\"de\",\"potentialAction\":[{\"@type\":\"ReadAction\",\"target\":[\"https:\\\/\\\/www.koonings.com\\\/de\\\/product\\\/martina-liana-ml1787iv11\\\/\"]}]},{\"@type\":\"ImageObject\",\"inLanguage\":\"de\",\"@id\":\"https:\\\/\\\/www.koonings.com\\\/de\\\/product\\\/martina-liana-ml1787iv11\\\/#primaryimage\",\"url\":\"https:\\\/\\\/www.koonings.com\\\/wp-content\\\/uploads\\\/2024\\\/11\\\/40432_0a9f9312fd650ed675465c2205bdc8856be90937f8def0c3af908cc49b48d10e48d0a7ec.jpeg\",\"contentUrl\":\"https:\\\/\\\/www.koonings.com\\\/wp-content\\\/uploads\\\/2024\\\/11\\\/40432_0a9f9312fd650ed675465c2205bdc8856be90937f8def0c3af908cc49b48d10e48d0a7ec.jpeg\",\"width\":1492,\"height\":2114},{\"@type\":\"BreadcrumbList\",\"@id\":\"https:\\\/\\\/www.koonings.com\\\/de\\\/product\\\/martina-liana-ml1787iv11\\\/#breadcrumb\",\"itemListElement\":[{\"@type\":\"ListItem\",\"position\":1,\"name\":\"Home\",\"item\":\"https:\\\/\\\/www.koonings.com\\\/de\\\/\"},{\"@type\":\"ListItem\",\"position\":2,\"name\":\"Martina Liana ML1787IV11\"}]},{\"@type\":\"WebSite\",\"@id\":\"https:\\\/\\\/www.koonings.com\\\/de\\\/#website\",\"url\":\"https:\\\/\\\/www.koonings.com\\\/de\\\/\",\"name\":\"Koonings\",\"description\":\"De grootste bruidsmodewinkel ter wereld\",\"publisher\":{\"@id\":\"https:\\\/\\\/www.koonings.com\\\/de\\\/#organization\"},\"potentialAction\":[{\"@type\":\"SearchAction\",\"target\":{\"@type\":\"EntryPoint\",\"urlTemplate\":\"https:\\\/\\\/www.koonings.com\\\/de\\\/?s={search_term_string}\"},\"query-input\":{\"@type\":\"PropertyValueSpecification\",\"valueRequired\":true,\"valueName\":\"search_term_string\"}}],\"inLanguage\":\"de\"},{\"@type\":\"Organization\",\"@id\":\"https:\\\/\\\/www.koonings.com\\\/de\\\/#organization\",\"name\":\"Koonings\",\"url\":\"https:\\\/\\\/www.koonings.com\\\/de\\\/\",\"logo\":{\"@type\":\"ImageObject\",\"inLanguage\":\"de\",\"@id\":\"https:\\\/\\\/www.koonings.com\\\/de\\\/#\\\/schema\\\/logo\\\/image\\\/\",\"url\":\"https:\\\/\\\/www.koonings.com\\\/wp-content\\\/uploads\\\/2024\\\/07\\\/logo.png\",\"contentUrl\":\"https:\\\/\\\/www.koonings.com\\\/wp-content\\\/uploads\\\/2024\\\/07\\\/logo.png\",\"width\":600,\"height\":428,\"caption\":\"Koonings\"},\"image\":{\"@id\":\"https:\\\/\\\/www.koonings.com\\\/de\\\/#\\\/schema\\\/logo\\\/image\\\/\"},\"sameAs\":[\"https:\\\/\\\/www.facebook.com\\\/kooningstheweddingpalace\",\"https:\\\/\\\/www.instagram.com\\\/kooningstheweddingpalace\",\"https:\\\/\\\/www.pinterest.com\\\/koonings\",\"https:\\\/\\\/www.youtube.com\\\/kooningstheweddingpalace\"]}]}<\/script>\n<!-- \/ Yoast SEO plugin. -->","yoast_head_json":{"title":"Martina Liana ML1787IV11 | Koonings","description":"Machen Sie einen unvergesslichen Auftritt in diesem sexy und modischen Hochzeitskleid. Stil 1787 hat einen hohen Neckholder-Ausschnitt aus wundersch\u00f6ner, wellenf\u00f6rmiger, grafischer Spitze, die an einem durchsichtigen, mit Perlenstickerei und funkelnden Akzenten verzierten Mieder befestigt ist. Auf der R\u00fcckseite rahmen schimmernde Spitzenmotive einen niedrigen r\u00fcckenfreien Ausschnitt ein, der zu einer Reihe von zeitlosen, stoffbezogenen Kn\u00f6pfen f\u00fchrt. Die schlanke S\u00e4ulensilhouette umschmeichelt jede Kurve mit flie\u00dfendem Cr\u00eape-Stoff, bevor sie in einen langen und dramatischen Couture-Ausschnitt aus Glitzert\u00fcll und grafischen Spitzenapplikationen \u00fcbergeht, der dieses sinnliche, laufstegtaugliche Hochzeitskleid vollendet.","robots":{"index":"index","follow":"follow","max-snippet":"max-snippet:-1","max-image-preview":"max-image-preview:large","max-video-preview":"max-video-preview:-1"},"canonical":"https:\/\/www.koonings.com\/de\/product\/martina-liana-ml1787iv11\/","og_locale":"de_DE","og_type":"article","og_title":"Martina Liana ML1787IV11 | Koonings","og_description":"Machen Sie einen unvergesslichen Auftritt in diesem sexy und modischen Hochzeitskleid. Stil 1787 hat einen hohen Neckholder-Ausschnitt aus wundersch\u00f6ner, wellenf\u00f6rmiger, grafischer Spitze, die an einem durchsichtigen, mit Perlenstickerei und funkelnden Akzenten verzierten Mieder befestigt ist. Auf der R\u00fcckseite rahmen schimmernde Spitzenmotive einen niedrigen r\u00fcckenfreien Ausschnitt ein, der zu einer Reihe von zeitlosen, stoffbezogenen Kn\u00f6pfen f\u00fchrt. Die schlanke S\u00e4ulensilhouette umschmeichelt jede Kurve mit flie\u00dfendem Cr\u00eape-Stoff, bevor sie in einen langen und dramatischen Couture-Ausschnitt aus Glitzert\u00fcll und grafischen Spitzenapplikationen \u00fcbergeht, der dieses sinnliche, laufstegtaugliche Hochzeitskleid vollendet.","og_url":"https:\/\/www.koonings.com\/de\/product\/martina-liana-ml1787iv11\/","og_site_name":"Koonings","article_publisher":"https:\/\/www.facebook.com\/kooningstheweddingpalace","og_image":[{"width":1492,"height":2114,"url":"https:\/\/www.koonings.com\/wp-content\/uploads\/2024\/11\/40432_0a9f9312fd650ed675465c2205bdc8856be90937f8def0c3af908cc49b48d10e48d0a7ec.jpeg","type":"image\/jpeg"}],"twitter_card":"summary_large_image","schema":{"@context":"https:\/\/schema.org","@graph":[{"@type":"WebPage","@id":"https:\/\/www.koonings.com\/de\/product\/martina-liana-ml1787iv11\/","url":"https:\/\/www.koonings.com\/de\/product\/martina-liana-ml1787iv11\/","name":"Martina Liana ML1787IV11 | Koonings","isPartOf":{"@id":"https:\/\/www.koonings.com\/de\/#website"},"primaryImageOfPage":{"@id":"https:\/\/www.koonings.com\/de\/product\/martina-liana-ml1787iv11\/#primaryimage"},"image":{"@id":"https:\/\/www.koonings.com\/de\/product\/martina-liana-ml1787iv11\/#primaryimage"},"thumbnailUrl":"https:\/\/www.koonings.com\/wp-content\/uploads\/2024\/11\/40432_0a9f9312fd650ed675465c2205bdc8856be90937f8def0c3af908cc49b48d10e48d0a7ec.jpeg","datePublished":"2026-05-06T13:18:31+00:00","description":"Machen Sie einen unvergesslichen Auftritt in diesem sexy und modischen Hochzeitskleid. Stil 1787 hat einen hohen Neckholder-Ausschnitt aus wundersch\u00f6ner, wellenf\u00f6rmiger, grafischer Spitze, die an einem durchsichtigen, mit Perlenstickerei und funkelnden Akzenten verzierten Mieder befestigt ist. Auf der R\u00fcckseite rahmen schimmernde Spitzenmotive einen niedrigen r\u00fcckenfreien Ausschnitt ein, der zu einer Reihe von zeitlosen, stoffbezogenen Kn\u00f6pfen f\u00fchrt. Die schlanke S\u00e4ulensilhouette umschmeichelt jede Kurve mit flie\u00dfendem Cr\u00eape-Stoff, bevor sie in einen langen und dramatischen Couture-Ausschnitt aus Glitzert\u00fcll und grafischen Spitzenapplikationen \u00fcbergeht, der dieses sinnliche, laufstegtaugliche Hochzeitskleid vollendet.","breadcrumb":{"@id":"https:\/\/www.koonings.com\/de\/product\/martina-liana-ml1787iv11\/#breadcrumb"},"inLanguage":"de","potentialAction":[{"@type":"ReadAction","target":["https:\/\/www.koonings.com\/de\/product\/martina-liana-ml1787iv11\/"]}]},{"@type":"ImageObject","inLanguage":"de","@id":"https:\/\/www.koonings.com\/de\/product\/martina-liana-ml1787iv11\/#primaryimage","url":"https:\/\/www.koonings.com\/wp-content\/uploads\/2024\/11\/40432_0a9f9312fd650ed675465c2205bdc8856be90937f8def0c3af908cc49b48d10e48d0a7ec.jpeg","contentUrl":"https:\/\/www.koonings.com\/wp-content\/uploads\/2024\/11\/40432_0a9f9312fd650ed675465c2205bdc8856be90937f8def0c3af908cc49b48d10e48d0a7ec.jpeg","width":1492,"height":2114},{"@type":"BreadcrumbList","@id":"https:\/\/www.koonings.com\/de\/product\/martina-liana-ml1787iv11\/#breadcrumb","itemListElement":[{"@type":"ListItem","position":1,"name":"Home","item":"https:\/\/www.koonings.com\/de\/"},{"@type":"ListItem","position":2,"name":"Martina Liana ML1787IV11"}]},{"@type":"WebSite","@id":"https:\/\/www.koonings.com\/de\/#website","url":"https:\/\/www.koonings.com\/de\/","name":"Koonings","description":"De grootste bruidsmodewinkel ter wereld","publisher":{"@id":"https:\/\/www.koonings.com\/de\/#organization"},"potentialAction":[{"@type":"SearchAction","target":{"@type":"EntryPoint","urlTemplate":"https:\/\/www.koonings.com\/de\/?s={search_term_string}"},"query-input":{"@type":"PropertyValueSpecification","valueRequired":true,"valueName":"search_term_string"}}],"inLanguage":"de"},{"@type":"Organization","@id":"https:\/\/www.koonings.com\/de\/#organization","name":"Koonings","url":"https:\/\/www.koonings.com\/de\/","logo":{"@type":"ImageObject","inLanguage":"de","@id":"https:\/\/www.koonings.com\/de\/#\/schema\/logo\/image\/","url":"https:\/\/www.koonings.com\/wp-content\/uploads\/2024\/07\/logo.png","contentUrl":"https:\/\/www.koonings.com\/wp-content\/uploads\/2024\/07\/logo.png","width":600,"height":428,"caption":"Koonings"},"image":{"@id":"https:\/\/www.koonings.com\/de\/#\/schema\/logo\/image\/"},"sameAs":["https:\/\/www.facebook.com\/kooningstheweddingpalace","https:\/\/www.instagram.com\/kooningstheweddingpalace","https:\/\/www.pinterest.com\/koonings","https:\/\/www.youtube.com\/kooningstheweddingpalace"]}]}},"_links":{"self":[{"href":"https:\/\/www.koonings.com\/de\/wp-json\/wp\/v2\/product\/58174","targetHints":{"allow":["GET"]}}],"collection":[{"href":"https:\/\/www.koonings.com\/de\/wp-json\/wp\/v2\/product"}],"about":[{"href":"https:\/\/www.koonings.com\/de\/wp-json\/wp\/v2\/types\/product"}],"wp:featuredmedia":[{"embeddable":true,"href":"https:\/\/www.koonings.com\/de\/wp-json\/wp\/v2\/media\/44296"}],"wp:attachment":[{"href":"https:\/\/www.koonings.com\/de\/wp-json\/wp\/v2\/media?parent=58174"}],"wp:term":[{"taxonomy":"productdetails","embeddable":true,"href":"https:\/\/www.koonings.com\/de\/wp-json\/wp\/v2\/productdetails?post=58174"},{"taxonomy":"productneck","embeddable":true,"href":"https:\/\/www.koonings.com\/de\/wp-json\/wp\/v2\/productneck?post=58174"},{"taxonomy":"productcolor","embeddable":true,"href":"https:\/\/www.koonings.com\/de\/wp-json\/wp\/v2\/productcolor?post=58174"},{"taxonomy":"maat","embeddable":true,"href":"https:\/\/www.koonings.com\/de\/wp-json\/wp\/v2\/maat?post=58174"},{"taxonomy":"productsupplier","embeddable":true,"href":"https:\/\/www.koonings.com\/de\/wp-json\/wp\/v2\/productsupplier?post=58174"},{"taxonomy":"productsleeve","embeddable":true,"href":"https:\/\/www.koonings.com\/de\/wp-json\/wp\/v2\/productsleeve?post=58174"},{"taxonomy":"productcategory","embeddable":true,"href":"https:\/\/www.koonings.com\/de\/wp-json\/wp\/v2\/productcategory?post=58174"},{"taxonomy":"productsilhouette","embeddable":true,"href":"https:\/\/www.koonings.com\/de\/wp-json\/wp\/v2\/productsilhouette?post=58174"},{"taxonomy":"productstyle","embeddable":true,"href":"https:\/\/www.koonings.com\/de\/wp-json\/wp\/v2\/productstyle?post=58174"}],"curies":[{"name":"wp","href":"https:\/\/api.w.org\/{rel}","templated":true}]}}