{"id":58136,"date":"2026-04-10T16:18:48","date_gmt":"2026-04-10T14:18:48","guid":{"rendered":"https:\/\/www.koonings.com\/product\/martina-liana-ml1767zz11\/"},"modified":"2025-06-05T13:07:36","modified_gmt":"2025-06-05T11:07:36","slug":"martina-liana-ml1767zz11","status":"publish","type":"product","link":"https:\/\/www.koonings.com\/de\/product\/martina-liana-ml1767zz11\/","title":{"rendered":"Martina Liana ML1767ZZ11"},"content":{"rendered":"<p>Eleganz trifft auf zeitgen\u00f6ssisches Flair im Stil 1767: ein modernes, ausgestelltes Brautkleid aus Spitze f\u00fcr die modebewusste Braut. Zarte Spaghettitr\u00e4ger aus T\u00fcll zieren einen schicken quadratischen Ausschnitt auf einem Mieder aus durchsichtiger Spitze, w\u00e4hrend geschmackvolle florale 3D-Akzente die makellos geschneiderte Fit-and-Flare-Silhouette zieren. Der tiefe R\u00fcckenausschnitt geht in eine Reihe von stoffbezogenen Kn\u00f6pfen \u00fcber, die \u00fcber die leicht gefaltete H\u00fcfte verlaufen und die nat\u00fcrlichen Kurven betonen, bis der anschlie\u00dfende Rock in einer schaumigen Kaskade ausl\u00e4uft, die mit der charakteristischen floralen Spitze des Kleides verziert ist. Der spitzenverzierte Saum geht in eine volle, flie\u00dfende Schleppe \u00fcber, die beim Gang zum Altar alle Blicke auf sich ziehen wird. Dieses Kleid ist auch in gro\u00dfen Gr\u00f6\u00dfen erh\u00e4ltlich.    <\/p>\n","protected":false},"featured_media":44497,"template":"","meta":{"_acf_changed":false,"ghostkit_customizer_options":"","ghostkit_custom_css":"","ghostkit_custom_js_head":"","ghostkit_custom_js_foot":"","ghostkit_typography":""},"productdetails":[379,376,381],"productneck":[352],"productcolor":[393,392],"maat":[],"productsupplier":[431],"productsleeve":[359],"productcategory":[18],"productsilhouette":[387],"productstyle":[366],"class_list":["post-58136","product","type-product","status-publish","has-post-thumbnail","hentry","productdetails-379","productdetails-376","productdetails-381","productneck-352","productcolor-393","productcolor-392","productsupplier-martina-liana","productsleeve-359","productcategory-trouwjurken","productsilhouette-387","productstyle-366"],"acf":[],"yoast_head":"<!-- This site is optimized with the Yoast SEO plugin v27.3 - https:\/\/yoast.com\/product\/yoast-seo-wordpress\/ -->\n<title>Martina Liana ML1767ZZ11 | Koonings<\/title>\n<meta name=\"description\" content=\"Eleganz trifft auf zeitgen\u00f6ssisches Flair im Stil 1767: ein modernes, ausgestelltes Brautkleid aus Spitze f\u00fcr die modebewusste Braut. Zarte Spaghettitr\u00e4ger aus T\u00fcll zieren einen schicken quadratischen Ausschnitt auf einem Mieder aus durchsichtiger Spitze, w\u00e4hrend geschmackvolle florale 3D-Akzente die makellos geschneiderte Fit-and-Flare-Silhouette zieren. Der tiefe R\u00fcckenausschnitt geht in eine Reihe von stoffbezogenen Kn\u00f6pfen \u00fcber, die \u00fcber die leicht gefaltete H\u00fcfte verlaufen und die nat\u00fcrlichen Kurven betonen, bis der anschlie\u00dfende Rock in einer schaumigen Kaskade ausl\u00e4uft, die mit der charakteristischen floralen Spitze des Kleides verziert ist. Der spitzenverzierte Saum geht in eine volle, flie\u00dfende Schleppe \u00fcber, die beim Gang zum Altar alle Blicke auf sich ziehen wird. Dieses Kleid ist auch in gro\u00dfen Gr\u00f6\u00dfen erh\u00e4ltlich.\" \/>\n<meta name=\"robots\" content=\"index, follow, max-snippet:-1, max-image-preview:large, max-video-preview:-1\" \/>\n<link rel=\"canonical\" href=\"https:\/\/www.koonings.com\/de\/product\/martina-liana-ml1767zz11\/\" \/>\n<meta property=\"og:locale\" content=\"de_DE\" \/>\n<meta property=\"og:type\" content=\"article\" \/>\n<meta property=\"og:title\" content=\"Martina Liana ML1767ZZ11 | Koonings\" \/>\n<meta property=\"og:description\" content=\"Eleganz trifft auf zeitgen\u00f6ssisches Flair im Stil 1767: ein modernes, ausgestelltes Brautkleid aus Spitze f\u00fcr die modebewusste Braut. Zarte Spaghettitr\u00e4ger aus T\u00fcll zieren einen schicken quadratischen Ausschnitt auf einem Mieder aus durchsichtiger Spitze, w\u00e4hrend geschmackvolle florale 3D-Akzente die makellos geschneiderte Fit-and-Flare-Silhouette zieren. Der tiefe R\u00fcckenausschnitt geht in eine Reihe von stoffbezogenen Kn\u00f6pfen \u00fcber, die \u00fcber die leicht gefaltete H\u00fcfte verlaufen und die nat\u00fcrlichen Kurven betonen, bis der anschlie\u00dfende Rock in einer schaumigen Kaskade ausl\u00e4uft, die mit der charakteristischen floralen Spitze des Kleides verziert ist. Der spitzenverzierte Saum geht in eine volle, flie\u00dfende Schleppe \u00fcber, die beim Gang zum Altar alle Blicke auf sich ziehen wird. Dieses Kleid ist auch in gro\u00dfen Gr\u00f6\u00dfen erh\u00e4ltlich.\" \/>\n<meta property=\"og:url\" content=\"https:\/\/www.koonings.com\/de\/product\/martina-liana-ml1767zz11\/\" \/>\n<meta property=\"og:site_name\" content=\"Koonings\" \/>\n<meta property=\"article:publisher\" content=\"https:\/\/www.facebook.com\/kooningstheweddingpalace\" \/>\n<meta property=\"og:image\" content=\"https:\/\/www.koonings.com\/wp-content\/uploads\/2024\/11\/40481_4243ec69fea851af30b92e983f577e64abc89d6e67a00c63c40f5b9e8bd3f60390eabed7.jpeg\" \/>\n\t<meta property=\"og:image:width\" content=\"1500\" \/>\n\t<meta property=\"og:image:height\" content=\"2119\" \/>\n\t<meta property=\"og:image:type\" content=\"image\/jpeg\" \/>\n<meta name=\"twitter:card\" content=\"summary_large_image\" \/>\n<meta name=\"twitter:label1\" content=\"Gesch\u00e4tzte Lesezeit\" \/>\n\t<meta name=\"twitter:data1\" content=\"1\u00a0Minute\" \/>\n<script type=\"application\/ld+json\" class=\"yoast-schema-graph\">{\"@context\":\"https:\\\/\\\/schema.org\",\"@graph\":[{\"@type\":\"WebPage\",\"@id\":\"https:\\\/\\\/www.koonings.com\\\/de\\\/product\\\/martina-liana-ml1767zz11\\\/\",\"url\":\"https:\\\/\\\/www.koonings.com\\\/de\\\/product\\\/martina-liana-ml1767zz11\\\/\",\"name\":\"Martina Liana ML1767ZZ11 | Koonings\",\"isPartOf\":{\"@id\":\"https:\\\/\\\/www.koonings.com\\\/de\\\/#website\"},\"primaryImageOfPage\":{\"@id\":\"https:\\\/\\\/www.koonings.com\\\/de\\\/product\\\/martina-liana-ml1767zz11\\\/#primaryimage\"},\"image\":{\"@id\":\"https:\\\/\\\/www.koonings.com\\\/de\\\/product\\\/martina-liana-ml1767zz11\\\/#primaryimage\"},\"thumbnailUrl\":\"https:\\\/\\\/www.koonings.com\\\/wp-content\\\/uploads\\\/2024\\\/11\\\/40481_4243ec69fea851af30b92e983f577e64abc89d6e67a00c63c40f5b9e8bd3f60390eabed7.jpeg\",\"datePublished\":\"2026-04-10T14:18:48+00:00\",\"description\":\"Eleganz trifft auf zeitgen\u00f6ssisches Flair im Stil 1767: ein modernes, ausgestelltes Brautkleid aus Spitze f\u00fcr die modebewusste Braut. Zarte Spaghettitr\u00e4ger aus T\u00fcll zieren einen schicken quadratischen Ausschnitt auf einem Mieder aus durchsichtiger Spitze, w\u00e4hrend geschmackvolle florale 3D-Akzente die makellos geschneiderte Fit-and-Flare-Silhouette zieren. Der tiefe R\u00fcckenausschnitt geht in eine Reihe von stoffbezogenen Kn\u00f6pfen \u00fcber, die \u00fcber die leicht gefaltete H\u00fcfte verlaufen und die nat\u00fcrlichen Kurven betonen, bis der anschlie\u00dfende Rock in einer schaumigen Kaskade ausl\u00e4uft, die mit der charakteristischen floralen Spitze des Kleides verziert ist. Der spitzenverzierte Saum geht in eine volle, flie\u00dfende Schleppe \u00fcber, die beim Gang zum Altar alle Blicke auf sich ziehen wird. Dieses Kleid ist auch in gro\u00dfen Gr\u00f6\u00dfen erh\u00e4ltlich.\",\"breadcrumb\":{\"@id\":\"https:\\\/\\\/www.koonings.com\\\/de\\\/product\\\/martina-liana-ml1767zz11\\\/#breadcrumb\"},\"inLanguage\":\"de\",\"potentialAction\":[{\"@type\":\"ReadAction\",\"target\":[\"https:\\\/\\\/www.koonings.com\\\/de\\\/product\\\/martina-liana-ml1767zz11\\\/\"]}]},{\"@type\":\"ImageObject\",\"inLanguage\":\"de\",\"@id\":\"https:\\\/\\\/www.koonings.com\\\/de\\\/product\\\/martina-liana-ml1767zz11\\\/#primaryimage\",\"url\":\"https:\\\/\\\/www.koonings.com\\\/wp-content\\\/uploads\\\/2024\\\/11\\\/40481_4243ec69fea851af30b92e983f577e64abc89d6e67a00c63c40f5b9e8bd3f60390eabed7.jpeg\",\"contentUrl\":\"https:\\\/\\\/www.koonings.com\\\/wp-content\\\/uploads\\\/2024\\\/11\\\/40481_4243ec69fea851af30b92e983f577e64abc89d6e67a00c63c40f5b9e8bd3f60390eabed7.jpeg\",\"width\":1500,\"height\":2119},{\"@type\":\"BreadcrumbList\",\"@id\":\"https:\\\/\\\/www.koonings.com\\\/de\\\/product\\\/martina-liana-ml1767zz11\\\/#breadcrumb\",\"itemListElement\":[{\"@type\":\"ListItem\",\"position\":1,\"name\":\"Home\",\"item\":\"https:\\\/\\\/www.koonings.com\\\/de\\\/\"},{\"@type\":\"ListItem\",\"position\":2,\"name\":\"Martina Liana ML1767ZZ11\"}]},{\"@type\":\"WebSite\",\"@id\":\"https:\\\/\\\/www.koonings.com\\\/de\\\/#website\",\"url\":\"https:\\\/\\\/www.koonings.com\\\/de\\\/\",\"name\":\"Koonings\",\"description\":\"De grootste bruidsmodewinkel ter wereld\",\"publisher\":{\"@id\":\"https:\\\/\\\/www.koonings.com\\\/de\\\/#organization\"},\"potentialAction\":[{\"@type\":\"SearchAction\",\"target\":{\"@type\":\"EntryPoint\",\"urlTemplate\":\"https:\\\/\\\/www.koonings.com\\\/de\\\/?s={search_term_string}\"},\"query-input\":{\"@type\":\"PropertyValueSpecification\",\"valueRequired\":true,\"valueName\":\"search_term_string\"}}],\"inLanguage\":\"de\"},{\"@type\":\"Organization\",\"@id\":\"https:\\\/\\\/www.koonings.com\\\/de\\\/#organization\",\"name\":\"Koonings\",\"url\":\"https:\\\/\\\/www.koonings.com\\\/de\\\/\",\"logo\":{\"@type\":\"ImageObject\",\"inLanguage\":\"de\",\"@id\":\"https:\\\/\\\/www.koonings.com\\\/de\\\/#\\\/schema\\\/logo\\\/image\\\/\",\"url\":\"https:\\\/\\\/www.koonings.com\\\/wp-content\\\/uploads\\\/2024\\\/07\\\/logo.png\",\"contentUrl\":\"https:\\\/\\\/www.koonings.com\\\/wp-content\\\/uploads\\\/2024\\\/07\\\/logo.png\",\"width\":600,\"height\":428,\"caption\":\"Koonings\"},\"image\":{\"@id\":\"https:\\\/\\\/www.koonings.com\\\/de\\\/#\\\/schema\\\/logo\\\/image\\\/\"},\"sameAs\":[\"https:\\\/\\\/www.facebook.com\\\/kooningstheweddingpalace\",\"https:\\\/\\\/www.instagram.com\\\/kooningstheweddingpalace\",\"https:\\\/\\\/www.pinterest.com\\\/koonings\",\"https:\\\/\\\/www.youtube.com\\\/kooningstheweddingpalace\"]}]}<\/script>\n<!-- \/ Yoast SEO plugin. -->","yoast_head_json":{"title":"Martina Liana ML1767ZZ11 | Koonings","description":"Eleganz trifft auf zeitgen\u00f6ssisches Flair im Stil 1767: ein modernes, ausgestelltes Brautkleid aus Spitze f\u00fcr die modebewusste Braut. Zarte Spaghettitr\u00e4ger aus T\u00fcll zieren einen schicken quadratischen Ausschnitt auf einem Mieder aus durchsichtiger Spitze, w\u00e4hrend geschmackvolle florale 3D-Akzente die makellos geschneiderte Fit-and-Flare-Silhouette zieren. Der tiefe R\u00fcckenausschnitt geht in eine Reihe von stoffbezogenen Kn\u00f6pfen \u00fcber, die \u00fcber die leicht gefaltete H\u00fcfte verlaufen und die nat\u00fcrlichen Kurven betonen, bis der anschlie\u00dfende Rock in einer schaumigen Kaskade ausl\u00e4uft, die mit der charakteristischen floralen Spitze des Kleides verziert ist. Der spitzenverzierte Saum geht in eine volle, flie\u00dfende Schleppe \u00fcber, die beim Gang zum Altar alle Blicke auf sich ziehen wird. Dieses Kleid ist auch in gro\u00dfen Gr\u00f6\u00dfen erh\u00e4ltlich.","robots":{"index":"index","follow":"follow","max-snippet":"max-snippet:-1","max-image-preview":"max-image-preview:large","max-video-preview":"max-video-preview:-1"},"canonical":"https:\/\/www.koonings.com\/de\/product\/martina-liana-ml1767zz11\/","og_locale":"de_DE","og_type":"article","og_title":"Martina Liana ML1767ZZ11 | Koonings","og_description":"Eleganz trifft auf zeitgen\u00f6ssisches Flair im Stil 1767: ein modernes, ausgestelltes Brautkleid aus Spitze f\u00fcr die modebewusste Braut. Zarte Spaghettitr\u00e4ger aus T\u00fcll zieren einen schicken quadratischen Ausschnitt auf einem Mieder aus durchsichtiger Spitze, w\u00e4hrend geschmackvolle florale 3D-Akzente die makellos geschneiderte Fit-and-Flare-Silhouette zieren. Der tiefe R\u00fcckenausschnitt geht in eine Reihe von stoffbezogenen Kn\u00f6pfen \u00fcber, die \u00fcber die leicht gefaltete H\u00fcfte verlaufen und die nat\u00fcrlichen Kurven betonen, bis der anschlie\u00dfende Rock in einer schaumigen Kaskade ausl\u00e4uft, die mit der charakteristischen floralen Spitze des Kleides verziert ist. Der spitzenverzierte Saum geht in eine volle, flie\u00dfende Schleppe \u00fcber, die beim Gang zum Altar alle Blicke auf sich ziehen wird. Dieses Kleid ist auch in gro\u00dfen Gr\u00f6\u00dfen erh\u00e4ltlich.","og_url":"https:\/\/www.koonings.com\/de\/product\/martina-liana-ml1767zz11\/","og_site_name":"Koonings","article_publisher":"https:\/\/www.facebook.com\/kooningstheweddingpalace","og_image":[{"width":1500,"height":2119,"url":"https:\/\/www.koonings.com\/wp-content\/uploads\/2024\/11\/40481_4243ec69fea851af30b92e983f577e64abc89d6e67a00c63c40f5b9e8bd3f60390eabed7.jpeg","type":"image\/jpeg"}],"twitter_card":"summary_large_image","twitter_misc":{"Gesch\u00e4tzte Lesezeit":"1\u00a0Minute"},"schema":{"@context":"https:\/\/schema.org","@graph":[{"@type":"WebPage","@id":"https:\/\/www.koonings.com\/de\/product\/martina-liana-ml1767zz11\/","url":"https:\/\/www.koonings.com\/de\/product\/martina-liana-ml1767zz11\/","name":"Martina Liana ML1767ZZ11 | Koonings","isPartOf":{"@id":"https:\/\/www.koonings.com\/de\/#website"},"primaryImageOfPage":{"@id":"https:\/\/www.koonings.com\/de\/product\/martina-liana-ml1767zz11\/#primaryimage"},"image":{"@id":"https:\/\/www.koonings.com\/de\/product\/martina-liana-ml1767zz11\/#primaryimage"},"thumbnailUrl":"https:\/\/www.koonings.com\/wp-content\/uploads\/2024\/11\/40481_4243ec69fea851af30b92e983f577e64abc89d6e67a00c63c40f5b9e8bd3f60390eabed7.jpeg","datePublished":"2026-04-10T14:18:48+00:00","description":"Eleganz trifft auf zeitgen\u00f6ssisches Flair im Stil 1767: ein modernes, ausgestelltes Brautkleid aus Spitze f\u00fcr die modebewusste Braut. Zarte Spaghettitr\u00e4ger aus T\u00fcll zieren einen schicken quadratischen Ausschnitt auf einem Mieder aus durchsichtiger Spitze, w\u00e4hrend geschmackvolle florale 3D-Akzente die makellos geschneiderte Fit-and-Flare-Silhouette zieren. Der tiefe R\u00fcckenausschnitt geht in eine Reihe von stoffbezogenen Kn\u00f6pfen \u00fcber, die \u00fcber die leicht gefaltete H\u00fcfte verlaufen und die nat\u00fcrlichen Kurven betonen, bis der anschlie\u00dfende Rock in einer schaumigen Kaskade ausl\u00e4uft, die mit der charakteristischen floralen Spitze des Kleides verziert ist. Der spitzenverzierte Saum geht in eine volle, flie\u00dfende Schleppe \u00fcber, die beim Gang zum Altar alle Blicke auf sich ziehen wird. Dieses Kleid ist auch in gro\u00dfen Gr\u00f6\u00dfen erh\u00e4ltlich.","breadcrumb":{"@id":"https:\/\/www.koonings.com\/de\/product\/martina-liana-ml1767zz11\/#breadcrumb"},"inLanguage":"de","potentialAction":[{"@type":"ReadAction","target":["https:\/\/www.koonings.com\/de\/product\/martina-liana-ml1767zz11\/"]}]},{"@type":"ImageObject","inLanguage":"de","@id":"https:\/\/www.koonings.com\/de\/product\/martina-liana-ml1767zz11\/#primaryimage","url":"https:\/\/www.koonings.com\/wp-content\/uploads\/2024\/11\/40481_4243ec69fea851af30b92e983f577e64abc89d6e67a00c63c40f5b9e8bd3f60390eabed7.jpeg","contentUrl":"https:\/\/www.koonings.com\/wp-content\/uploads\/2024\/11\/40481_4243ec69fea851af30b92e983f577e64abc89d6e67a00c63c40f5b9e8bd3f60390eabed7.jpeg","width":1500,"height":2119},{"@type":"BreadcrumbList","@id":"https:\/\/www.koonings.com\/de\/product\/martina-liana-ml1767zz11\/#breadcrumb","itemListElement":[{"@type":"ListItem","position":1,"name":"Home","item":"https:\/\/www.koonings.com\/de\/"},{"@type":"ListItem","position":2,"name":"Martina Liana ML1767ZZ11"}]},{"@type":"WebSite","@id":"https:\/\/www.koonings.com\/de\/#website","url":"https:\/\/www.koonings.com\/de\/","name":"Koonings","description":"De grootste bruidsmodewinkel ter wereld","publisher":{"@id":"https:\/\/www.koonings.com\/de\/#organization"},"potentialAction":[{"@type":"SearchAction","target":{"@type":"EntryPoint","urlTemplate":"https:\/\/www.koonings.com\/de\/?s={search_term_string}"},"query-input":{"@type":"PropertyValueSpecification","valueRequired":true,"valueName":"search_term_string"}}],"inLanguage":"de"},{"@type":"Organization","@id":"https:\/\/www.koonings.com\/de\/#organization","name":"Koonings","url":"https:\/\/www.koonings.com\/de\/","logo":{"@type":"ImageObject","inLanguage":"de","@id":"https:\/\/www.koonings.com\/de\/#\/schema\/logo\/image\/","url":"https:\/\/www.koonings.com\/wp-content\/uploads\/2024\/07\/logo.png","contentUrl":"https:\/\/www.koonings.com\/wp-content\/uploads\/2024\/07\/logo.png","width":600,"height":428,"caption":"Koonings"},"image":{"@id":"https:\/\/www.koonings.com\/de\/#\/schema\/logo\/image\/"},"sameAs":["https:\/\/www.facebook.com\/kooningstheweddingpalace","https:\/\/www.instagram.com\/kooningstheweddingpalace","https:\/\/www.pinterest.com\/koonings","https:\/\/www.youtube.com\/kooningstheweddingpalace"]}]}},"_links":{"self":[{"href":"https:\/\/www.koonings.com\/de\/wp-json\/wp\/v2\/product\/58136","targetHints":{"allow":["GET"]}}],"collection":[{"href":"https:\/\/www.koonings.com\/de\/wp-json\/wp\/v2\/product"}],"about":[{"href":"https:\/\/www.koonings.com\/de\/wp-json\/wp\/v2\/types\/product"}],"wp:featuredmedia":[{"embeddable":true,"href":"https:\/\/www.koonings.com\/de\/wp-json\/wp\/v2\/media\/44497"}],"wp:attachment":[{"href":"https:\/\/www.koonings.com\/de\/wp-json\/wp\/v2\/media?parent=58136"}],"wp:term":[{"taxonomy":"productdetails","embeddable":true,"href":"https:\/\/www.koonings.com\/de\/wp-json\/wp\/v2\/productdetails?post=58136"},{"taxonomy":"productneck","embeddable":true,"href":"https:\/\/www.koonings.com\/de\/wp-json\/wp\/v2\/productneck?post=58136"},{"taxonomy":"productcolor","embeddable":true,"href":"https:\/\/www.koonings.com\/de\/wp-json\/wp\/v2\/productcolor?post=58136"},{"taxonomy":"maat","embeddable":true,"href":"https:\/\/www.koonings.com\/de\/wp-json\/wp\/v2\/maat?post=58136"},{"taxonomy":"productsupplier","embeddable":true,"href":"https:\/\/www.koonings.com\/de\/wp-json\/wp\/v2\/productsupplier?post=58136"},{"taxonomy":"productsleeve","embeddable":true,"href":"https:\/\/www.koonings.com\/de\/wp-json\/wp\/v2\/productsleeve?post=58136"},{"taxonomy":"productcategory","embeddable":true,"href":"https:\/\/www.koonings.com\/de\/wp-json\/wp\/v2\/productcategory?post=58136"},{"taxonomy":"productsilhouette","embeddable":true,"href":"https:\/\/www.koonings.com\/de\/wp-json\/wp\/v2\/productsilhouette?post=58136"},{"taxonomy":"productstyle","embeddable":true,"href":"https:\/\/www.koonings.com\/de\/wp-json\/wp\/v2\/productstyle?post=58136"}],"curies":[{"name":"wp","href":"https:\/\/api.w.org\/{rel}","templated":true}]}}