{"id":58109,"date":"2026-04-28T18:18:33","date_gmt":"2026-04-28T16:18:33","guid":{"rendered":"https:\/\/www.koonings.com\/product\/modeca-curves-esmee-c\/"},"modified":"2025-06-05T13:08:12","modified_gmt":"2025-06-05T11:08:12","slug":"modeca-curves-esmee-c","status":"publish","type":"product","link":"https:\/\/www.koonings.com\/de\/product\/modeca-curves-esmee-c\/","title":{"rendered":"Modeca Curves Esmee-C"},"content":{"rendered":"<p>Esmee-C ist ein bezauberndes Ballkleid mit einem modernen Twist, perfekt f\u00fcr die Braut mit Kurven, die sich traut, ein Statement zu setzen. Dieses bezaubernde Kleid ist mit auff\u00e4lliger schwarzer Paillettenspitze verziert, die sich anmutig bis zu den langen transparenten \u00c4rmeln fortsetzt und einen faszinierenden Kontrast zu dem glatten Stoff bildet. Versteckte Taschen bieten sowohl Stil als auch Funktionalit\u00e4t.  <\/p>\n","protected":false},"featured_media":44669,"template":"","meta":{"_acf_changed":false,"ghostkit_customizer_options":"","ghostkit_custom_css":"","ghostkit_custom_js_head":"","ghostkit_custom_js_foot":"","ghostkit_typography":""},"productdetails":[379],"productneck":[356],"productcolor":[394,392],"maat":[375],"productsupplier":[439],"productsleeve":[359,362],"productcategory":[18],"productsilhouette":[388],"productstyle":[371,372],"class_list":["post-58109","product","type-product","status-publish","has-post-thumbnail","hentry","productdetails-379","productneck-356","productcolor-394","productcolor-392","maat-375","productsupplier-modeca-curves","productsleeve-359","productsleeve-362","productcategory-trouwjurken","productsilhouette-388","productstyle-371","productstyle-372"],"acf":[],"yoast_head":"<!-- This site is optimized with the Yoast SEO plugin v27.3 - https:\/\/yoast.com\/product\/yoast-seo-wordpress\/ -->\n<title>Modeca Curves Esmee-C | Koonings<\/title>\n<meta name=\"description\" content=\"Esmee-C ist ein bezauberndes Ballkleid mit einem modernen Twist, perfekt f\u00fcr die Braut mit Kurven, die sich traut, ein Statement zu setzen. Dieses bezaubernde Kleid ist mit auff\u00e4lliger schwarzer Paillettenspitze verziert, die sich anmutig bis zu den langen transparenten \u00c4rmeln fortsetzt und einen faszinierenden Kontrast zu dem glatten Stoff bildet. Versteckte Taschen bieten sowohl Stil als auch Funktionalit\u00e4t.\" \/>\n<meta name=\"robots\" content=\"index, follow, max-snippet:-1, max-image-preview:large, max-video-preview:-1\" \/>\n<link rel=\"canonical\" href=\"https:\/\/www.koonings.com\/de\/product\/modeca-curves-esmee-c\/\" \/>\n<meta property=\"og:locale\" content=\"de_DE\" \/>\n<meta property=\"og:type\" content=\"article\" \/>\n<meta property=\"og:title\" content=\"Modeca Curves Esmee-C | Koonings\" \/>\n<meta property=\"og:description\" content=\"Esmee-C ist ein bezauberndes Ballkleid mit einem modernen Twist, perfekt f\u00fcr die Braut mit Kurven, die sich traut, ein Statement zu setzen. Dieses bezaubernde Kleid ist mit auff\u00e4lliger schwarzer Paillettenspitze verziert, die sich anmutig bis zu den langen transparenten \u00c4rmeln fortsetzt und einen faszinierenden Kontrast zu dem glatten Stoff bildet. Versteckte Taschen bieten sowohl Stil als auch Funktionalit\u00e4t.\" \/>\n<meta property=\"og:url\" content=\"https:\/\/www.koonings.com\/de\/product\/modeca-curves-esmee-c\/\" \/>\n<meta property=\"og:site_name\" content=\"Koonings\" \/>\n<meta property=\"article:publisher\" content=\"https:\/\/www.facebook.com\/kooningstheweddingpalace\" \/>\n<meta property=\"og:image\" content=\"https:\/\/www.koonings.com\/wp-content\/uploads\/2024\/11\/40499_15c08f969f51d1a112037eb2d98e2af4e395c2a8c47be23a9456b427b333c0a2189298aa.jpeg\" \/>\n\t<meta property=\"og:image:width\" content=\"655\" \/>\n\t<meta property=\"og:image:height\" content=\"927\" \/>\n\t<meta property=\"og:image:type\" content=\"image\/jpeg\" \/>\n<meta name=\"twitter:card\" content=\"summary_large_image\" \/>\n<script type=\"application\/ld+json\" class=\"yoast-schema-graph\">{\"@context\":\"https:\\\/\\\/schema.org\",\"@graph\":[{\"@type\":\"WebPage\",\"@id\":\"https:\\\/\\\/www.koonings.com\\\/de\\\/product\\\/modeca-curves-esmee-c\\\/\",\"url\":\"https:\\\/\\\/www.koonings.com\\\/de\\\/product\\\/modeca-curves-esmee-c\\\/\",\"name\":\"Modeca Curves Esmee-C | Koonings\",\"isPartOf\":{\"@id\":\"https:\\\/\\\/www.koonings.com\\\/de\\\/#website\"},\"primaryImageOfPage\":{\"@id\":\"https:\\\/\\\/www.koonings.com\\\/de\\\/product\\\/modeca-curves-esmee-c\\\/#primaryimage\"},\"image\":{\"@id\":\"https:\\\/\\\/www.koonings.com\\\/de\\\/product\\\/modeca-curves-esmee-c\\\/#primaryimage\"},\"thumbnailUrl\":\"https:\\\/\\\/www.koonings.com\\\/wp-content\\\/uploads\\\/2024\\\/11\\\/40499_15c08f969f51d1a112037eb2d98e2af4e395c2a8c47be23a9456b427b333c0a2189298aa.jpeg\",\"datePublished\":\"2026-04-28T16:18:33+00:00\",\"description\":\"Esmee-C ist ein bezauberndes Ballkleid mit einem modernen Twist, perfekt f\u00fcr die Braut mit Kurven, die sich traut, ein Statement zu setzen. Dieses bezaubernde Kleid ist mit auff\u00e4lliger schwarzer Paillettenspitze verziert, die sich anmutig bis zu den langen transparenten \u00c4rmeln fortsetzt und einen faszinierenden Kontrast zu dem glatten Stoff bildet. Versteckte Taschen bieten sowohl Stil als auch Funktionalit\u00e4t.\",\"breadcrumb\":{\"@id\":\"https:\\\/\\\/www.koonings.com\\\/de\\\/product\\\/modeca-curves-esmee-c\\\/#breadcrumb\"},\"inLanguage\":\"de\",\"potentialAction\":[{\"@type\":\"ReadAction\",\"target\":[\"https:\\\/\\\/www.koonings.com\\\/de\\\/product\\\/modeca-curves-esmee-c\\\/\"]}]},{\"@type\":\"ImageObject\",\"inLanguage\":\"de\",\"@id\":\"https:\\\/\\\/www.koonings.com\\\/de\\\/product\\\/modeca-curves-esmee-c\\\/#primaryimage\",\"url\":\"https:\\\/\\\/www.koonings.com\\\/wp-content\\\/uploads\\\/2024\\\/11\\\/40499_15c08f969f51d1a112037eb2d98e2af4e395c2a8c47be23a9456b427b333c0a2189298aa.jpeg\",\"contentUrl\":\"https:\\\/\\\/www.koonings.com\\\/wp-content\\\/uploads\\\/2024\\\/11\\\/40499_15c08f969f51d1a112037eb2d98e2af4e395c2a8c47be23a9456b427b333c0a2189298aa.jpeg\",\"width\":655,\"height\":927},{\"@type\":\"BreadcrumbList\",\"@id\":\"https:\\\/\\\/www.koonings.com\\\/de\\\/product\\\/modeca-curves-esmee-c\\\/#breadcrumb\",\"itemListElement\":[{\"@type\":\"ListItem\",\"position\":1,\"name\":\"Home\",\"item\":\"https:\\\/\\\/www.koonings.com\\\/de\\\/\"},{\"@type\":\"ListItem\",\"position\":2,\"name\":\"Modeca Curves Esmee-C\"}]},{\"@type\":\"WebSite\",\"@id\":\"https:\\\/\\\/www.koonings.com\\\/de\\\/#website\",\"url\":\"https:\\\/\\\/www.koonings.com\\\/de\\\/\",\"name\":\"Koonings\",\"description\":\"De grootste bruidsmodewinkel ter wereld\",\"publisher\":{\"@id\":\"https:\\\/\\\/www.koonings.com\\\/de\\\/#organization\"},\"potentialAction\":[{\"@type\":\"SearchAction\",\"target\":{\"@type\":\"EntryPoint\",\"urlTemplate\":\"https:\\\/\\\/www.koonings.com\\\/de\\\/?s={search_term_string}\"},\"query-input\":{\"@type\":\"PropertyValueSpecification\",\"valueRequired\":true,\"valueName\":\"search_term_string\"}}],\"inLanguage\":\"de\"},{\"@type\":\"Organization\",\"@id\":\"https:\\\/\\\/www.koonings.com\\\/de\\\/#organization\",\"name\":\"Koonings\",\"url\":\"https:\\\/\\\/www.koonings.com\\\/de\\\/\",\"logo\":{\"@type\":\"ImageObject\",\"inLanguage\":\"de\",\"@id\":\"https:\\\/\\\/www.koonings.com\\\/de\\\/#\\\/schema\\\/logo\\\/image\\\/\",\"url\":\"https:\\\/\\\/www.koonings.com\\\/wp-content\\\/uploads\\\/2024\\\/07\\\/logo.png\",\"contentUrl\":\"https:\\\/\\\/www.koonings.com\\\/wp-content\\\/uploads\\\/2024\\\/07\\\/logo.png\",\"width\":600,\"height\":428,\"caption\":\"Koonings\"},\"image\":{\"@id\":\"https:\\\/\\\/www.koonings.com\\\/de\\\/#\\\/schema\\\/logo\\\/image\\\/\"},\"sameAs\":[\"https:\\\/\\\/www.facebook.com\\\/kooningstheweddingpalace\",\"https:\\\/\\\/www.instagram.com\\\/kooningstheweddingpalace\",\"https:\\\/\\\/www.pinterest.com\\\/koonings\",\"https:\\\/\\\/www.youtube.com\\\/kooningstheweddingpalace\"]}]}<\/script>\n<!-- \/ Yoast SEO plugin. -->","yoast_head_json":{"title":"Modeca Curves Esmee-C | Koonings","description":"Esmee-C ist ein bezauberndes Ballkleid mit einem modernen Twist, perfekt f\u00fcr die Braut mit Kurven, die sich traut, ein Statement zu setzen. Dieses bezaubernde Kleid ist mit auff\u00e4lliger schwarzer Paillettenspitze verziert, die sich anmutig bis zu den langen transparenten \u00c4rmeln fortsetzt und einen faszinierenden Kontrast zu dem glatten Stoff bildet. Versteckte Taschen bieten sowohl Stil als auch Funktionalit\u00e4t.","robots":{"index":"index","follow":"follow","max-snippet":"max-snippet:-1","max-image-preview":"max-image-preview:large","max-video-preview":"max-video-preview:-1"},"canonical":"https:\/\/www.koonings.com\/de\/product\/modeca-curves-esmee-c\/","og_locale":"de_DE","og_type":"article","og_title":"Modeca Curves Esmee-C | Koonings","og_description":"Esmee-C ist ein bezauberndes Ballkleid mit einem modernen Twist, perfekt f\u00fcr die Braut mit Kurven, die sich traut, ein Statement zu setzen. Dieses bezaubernde Kleid ist mit auff\u00e4lliger schwarzer Paillettenspitze verziert, die sich anmutig bis zu den langen transparenten \u00c4rmeln fortsetzt und einen faszinierenden Kontrast zu dem glatten Stoff bildet. Versteckte Taschen bieten sowohl Stil als auch Funktionalit\u00e4t.","og_url":"https:\/\/www.koonings.com\/de\/product\/modeca-curves-esmee-c\/","og_site_name":"Koonings","article_publisher":"https:\/\/www.facebook.com\/kooningstheweddingpalace","og_image":[{"width":655,"height":927,"url":"https:\/\/www.koonings.com\/wp-content\/uploads\/2024\/11\/40499_15c08f969f51d1a112037eb2d98e2af4e395c2a8c47be23a9456b427b333c0a2189298aa.jpeg","type":"image\/jpeg"}],"twitter_card":"summary_large_image","schema":{"@context":"https:\/\/schema.org","@graph":[{"@type":"WebPage","@id":"https:\/\/www.koonings.com\/de\/product\/modeca-curves-esmee-c\/","url":"https:\/\/www.koonings.com\/de\/product\/modeca-curves-esmee-c\/","name":"Modeca Curves Esmee-C | Koonings","isPartOf":{"@id":"https:\/\/www.koonings.com\/de\/#website"},"primaryImageOfPage":{"@id":"https:\/\/www.koonings.com\/de\/product\/modeca-curves-esmee-c\/#primaryimage"},"image":{"@id":"https:\/\/www.koonings.com\/de\/product\/modeca-curves-esmee-c\/#primaryimage"},"thumbnailUrl":"https:\/\/www.koonings.com\/wp-content\/uploads\/2024\/11\/40499_15c08f969f51d1a112037eb2d98e2af4e395c2a8c47be23a9456b427b333c0a2189298aa.jpeg","datePublished":"2026-04-28T16:18:33+00:00","description":"Esmee-C ist ein bezauberndes Ballkleid mit einem modernen Twist, perfekt f\u00fcr die Braut mit Kurven, die sich traut, ein Statement zu setzen. Dieses bezaubernde Kleid ist mit auff\u00e4lliger schwarzer Paillettenspitze verziert, die sich anmutig bis zu den langen transparenten \u00c4rmeln fortsetzt und einen faszinierenden Kontrast zu dem glatten Stoff bildet. Versteckte Taschen bieten sowohl Stil als auch Funktionalit\u00e4t.","breadcrumb":{"@id":"https:\/\/www.koonings.com\/de\/product\/modeca-curves-esmee-c\/#breadcrumb"},"inLanguage":"de","potentialAction":[{"@type":"ReadAction","target":["https:\/\/www.koonings.com\/de\/product\/modeca-curves-esmee-c\/"]}]},{"@type":"ImageObject","inLanguage":"de","@id":"https:\/\/www.koonings.com\/de\/product\/modeca-curves-esmee-c\/#primaryimage","url":"https:\/\/www.koonings.com\/wp-content\/uploads\/2024\/11\/40499_15c08f969f51d1a112037eb2d98e2af4e395c2a8c47be23a9456b427b333c0a2189298aa.jpeg","contentUrl":"https:\/\/www.koonings.com\/wp-content\/uploads\/2024\/11\/40499_15c08f969f51d1a112037eb2d98e2af4e395c2a8c47be23a9456b427b333c0a2189298aa.jpeg","width":655,"height":927},{"@type":"BreadcrumbList","@id":"https:\/\/www.koonings.com\/de\/product\/modeca-curves-esmee-c\/#breadcrumb","itemListElement":[{"@type":"ListItem","position":1,"name":"Home","item":"https:\/\/www.koonings.com\/de\/"},{"@type":"ListItem","position":2,"name":"Modeca Curves Esmee-C"}]},{"@type":"WebSite","@id":"https:\/\/www.koonings.com\/de\/#website","url":"https:\/\/www.koonings.com\/de\/","name":"Koonings","description":"De grootste bruidsmodewinkel ter wereld","publisher":{"@id":"https:\/\/www.koonings.com\/de\/#organization"},"potentialAction":[{"@type":"SearchAction","target":{"@type":"EntryPoint","urlTemplate":"https:\/\/www.koonings.com\/de\/?s={search_term_string}"},"query-input":{"@type":"PropertyValueSpecification","valueRequired":true,"valueName":"search_term_string"}}],"inLanguage":"de"},{"@type":"Organization","@id":"https:\/\/www.koonings.com\/de\/#organization","name":"Koonings","url":"https:\/\/www.koonings.com\/de\/","logo":{"@type":"ImageObject","inLanguage":"de","@id":"https:\/\/www.koonings.com\/de\/#\/schema\/logo\/image\/","url":"https:\/\/www.koonings.com\/wp-content\/uploads\/2024\/07\/logo.png","contentUrl":"https:\/\/www.koonings.com\/wp-content\/uploads\/2024\/07\/logo.png","width":600,"height":428,"caption":"Koonings"},"image":{"@id":"https:\/\/www.koonings.com\/de\/#\/schema\/logo\/image\/"},"sameAs":["https:\/\/www.facebook.com\/kooningstheweddingpalace","https:\/\/www.instagram.com\/kooningstheweddingpalace","https:\/\/www.pinterest.com\/koonings","https:\/\/www.youtube.com\/kooningstheweddingpalace"]}]}},"_links":{"self":[{"href":"https:\/\/www.koonings.com\/de\/wp-json\/wp\/v2\/product\/58109","targetHints":{"allow":["GET"]}}],"collection":[{"href":"https:\/\/www.koonings.com\/de\/wp-json\/wp\/v2\/product"}],"about":[{"href":"https:\/\/www.koonings.com\/de\/wp-json\/wp\/v2\/types\/product"}],"wp:featuredmedia":[{"embeddable":true,"href":"https:\/\/www.koonings.com\/de\/wp-json\/wp\/v2\/media\/44669"}],"wp:attachment":[{"href":"https:\/\/www.koonings.com\/de\/wp-json\/wp\/v2\/media?parent=58109"}],"wp:term":[{"taxonomy":"productdetails","embeddable":true,"href":"https:\/\/www.koonings.com\/de\/wp-json\/wp\/v2\/productdetails?post=58109"},{"taxonomy":"productneck","embeddable":true,"href":"https:\/\/www.koonings.com\/de\/wp-json\/wp\/v2\/productneck?post=58109"},{"taxonomy":"productcolor","embeddable":true,"href":"https:\/\/www.koonings.com\/de\/wp-json\/wp\/v2\/productcolor?post=58109"},{"taxonomy":"maat","embeddable":true,"href":"https:\/\/www.koonings.com\/de\/wp-json\/wp\/v2\/maat?post=58109"},{"taxonomy":"productsupplier","embeddable":true,"href":"https:\/\/www.koonings.com\/de\/wp-json\/wp\/v2\/productsupplier?post=58109"},{"taxonomy":"productsleeve","embeddable":true,"href":"https:\/\/www.koonings.com\/de\/wp-json\/wp\/v2\/productsleeve?post=58109"},{"taxonomy":"productcategory","embeddable":true,"href":"https:\/\/www.koonings.com\/de\/wp-json\/wp\/v2\/productcategory?post=58109"},{"taxonomy":"productsilhouette","embeddable":true,"href":"https:\/\/www.koonings.com\/de\/wp-json\/wp\/v2\/productsilhouette?post=58109"},{"taxonomy":"productstyle","embeddable":true,"href":"https:\/\/www.koonings.com\/de\/wp-json\/wp\/v2\/productstyle?post=58109"}],"curies":[{"name":"wp","href":"https:\/\/api.w.org\/{rel}","templated":true}]}}