{"id":58104,"date":"2026-05-06T15:18:49","date_gmt":"2026-05-06T13:18:49","guid":{"rendered":"https:\/\/www.koonings.com\/product\/modeca-edith\/"},"modified":"2025-06-05T13:17:44","modified_gmt":"2025-06-05T11:17:44","slug":"modeca-edith","status":"publish","type":"product","link":"https:\/\/www.koonings.com\/de\/product\/modeca-edith\/","title":{"rendered":"Modeca Edith"},"content":{"rendered":"<p>Lernen Sie Edith kennen, ein atemberaubendes Ballkleid, das m\u00fchelos klassischen Charme mit modernen Details verbindet. Der tiefe V-Ausschnitt und das mit Paillettenspitze verzierte Illusionsmieder sind das Herzst\u00fcck dieses Entwurfs, w\u00e4hrend zarte, perlenbesetzte Tr\u00e4ger einen Hauch von Raffinesse verleihen. Perfekt f\u00fcr die Braut, die zeitlose Eleganz mit einem modernen Twist sucht.  <\/p>\n","protected":false},"featured_media":75914,"template":"","meta":{"_acf_changed":false,"ghostkit_customizer_options":"","ghostkit_custom_css":"","ghostkit_custom_js_head":"","ghostkit_custom_js_foot":"","ghostkit_typography":""},"productdetails":[381],"productneck":[356],"productcolor":[393,392],"maat":[],"productsupplier":[434],"productsleeve":[359],"productcategory":[18],"productsilhouette":[384],"productstyle":[369,371],"class_list":["post-58104","product","type-product","status-publish","has-post-thumbnail","hentry","productdetails-381","productneck-356","productcolor-393","productcolor-392","productsupplier-modeca","productsleeve-359","productcategory-trouwjurken","productsilhouette-384","productstyle-369","productstyle-371"],"acf":[],"yoast_head":"<!-- This site is optimized with the Yoast SEO plugin v27.3 - https:\/\/yoast.com\/product\/yoast-seo-wordpress\/ -->\n<title>Modeca Edith | Koonings<\/title>\n<meta name=\"description\" content=\"Lernen Sie Edith kennen, ein atemberaubendes Ballkleid, das m\u00fchelos klassischen Charme mit modernen Details verbindet. Der tiefe V-Ausschnitt und das mit Paillettenspitze verzierte Illusionsmieder sind das Herzst\u00fcck dieses Entwurfs, w\u00e4hrend zarte, perlenbesetzte Tr\u00e4ger einen Hauch von Raffinesse verleihen. Perfekt f\u00fcr die Braut, die zeitlose Eleganz mit einem modernen Twist sucht.\" \/>\n<meta name=\"robots\" content=\"index, follow, max-snippet:-1, max-image-preview:large, max-video-preview:-1\" \/>\n<link rel=\"canonical\" href=\"https:\/\/www.koonings.com\/de\/product\/modeca-edith\/\" \/>\n<meta property=\"og:locale\" content=\"de_DE\" \/>\n<meta property=\"og:type\" content=\"article\" \/>\n<meta property=\"og:title\" content=\"Modeca Edith | Koonings\" \/>\n<meta property=\"og:description\" content=\"Lernen Sie Edith kennen, ein atemberaubendes Ballkleid, das m\u00fchelos klassischen Charme mit modernen Details verbindet. Der tiefe V-Ausschnitt und das mit Paillettenspitze verzierte Illusionsmieder sind das Herzst\u00fcck dieses Entwurfs, w\u00e4hrend zarte, perlenbesetzte Tr\u00e4ger einen Hauch von Raffinesse verleihen. Perfekt f\u00fcr die Braut, die zeitlose Eleganz mit einem modernen Twist sucht.\" \/>\n<meta property=\"og:url\" content=\"https:\/\/www.koonings.com\/de\/product\/modeca-edith\/\" \/>\n<meta property=\"og:site_name\" content=\"Koonings\" \/>\n<meta property=\"article:publisher\" content=\"https:\/\/www.facebook.com\/kooningstheweddingpalace\" \/>\n<meta property=\"og:image\" content=\"https:\/\/www.koonings.com\/wp-content\/uploads\/2024\/11\/40501_6eaf01320665f3d6234678ecfce29e1f282cc99baf542b99e071b33a7743242b949a5f0c.jpeg\" \/>\n\t<meta property=\"og:image:width\" content=\"724\" \/>\n\t<meta property=\"og:image:height\" content=\"1025\" \/>\n\t<meta property=\"og:image:type\" content=\"image\/jpeg\" \/>\n<meta name=\"twitter:card\" content=\"summary_large_image\" \/>\n<script type=\"application\/ld+json\" class=\"yoast-schema-graph\">{\"@context\":\"https:\\\/\\\/schema.org\",\"@graph\":[{\"@type\":\"WebPage\",\"@id\":\"https:\\\/\\\/www.koonings.com\\\/de\\\/product\\\/modeca-edith\\\/\",\"url\":\"https:\\\/\\\/www.koonings.com\\\/de\\\/product\\\/modeca-edith\\\/\",\"name\":\"Modeca Edith | Koonings\",\"isPartOf\":{\"@id\":\"https:\\\/\\\/www.koonings.com\\\/de\\\/#website\"},\"primaryImageOfPage\":{\"@id\":\"https:\\\/\\\/www.koonings.com\\\/de\\\/product\\\/modeca-edith\\\/#primaryimage\"},\"image\":{\"@id\":\"https:\\\/\\\/www.koonings.com\\\/de\\\/product\\\/modeca-edith\\\/#primaryimage\"},\"thumbnailUrl\":\"https:\\\/\\\/www.koonings.com\\\/wp-content\\\/uploads\\\/2024\\\/11\\\/40501_6eaf01320665f3d6234678ecfce29e1f282cc99baf542b99e071b33a7743242b949a5f0c.jpeg\",\"datePublished\":\"2026-05-06T13:18:49+00:00\",\"description\":\"Lernen Sie Edith kennen, ein atemberaubendes Ballkleid, das m\u00fchelos klassischen Charme mit modernen Details verbindet. Der tiefe V-Ausschnitt und das mit Paillettenspitze verzierte Illusionsmieder sind das Herzst\u00fcck dieses Entwurfs, w\u00e4hrend zarte, perlenbesetzte Tr\u00e4ger einen Hauch von Raffinesse verleihen. Perfekt f\u00fcr die Braut, die zeitlose Eleganz mit einem modernen Twist sucht.\",\"breadcrumb\":{\"@id\":\"https:\\\/\\\/www.koonings.com\\\/de\\\/product\\\/modeca-edith\\\/#breadcrumb\"},\"inLanguage\":\"de\",\"potentialAction\":[{\"@type\":\"ReadAction\",\"target\":[\"https:\\\/\\\/www.koonings.com\\\/de\\\/product\\\/modeca-edith\\\/\"]}]},{\"@type\":\"ImageObject\",\"inLanguage\":\"de\",\"@id\":\"https:\\\/\\\/www.koonings.com\\\/de\\\/product\\\/modeca-edith\\\/#primaryimage\",\"url\":\"https:\\\/\\\/www.koonings.com\\\/wp-content\\\/uploads\\\/2024\\\/11\\\/40501_6eaf01320665f3d6234678ecfce29e1f282cc99baf542b99e071b33a7743242b949a5f0c.jpeg\",\"contentUrl\":\"https:\\\/\\\/www.koonings.com\\\/wp-content\\\/uploads\\\/2024\\\/11\\\/40501_6eaf01320665f3d6234678ecfce29e1f282cc99baf542b99e071b33a7743242b949a5f0c.jpeg\",\"width\":724,\"height\":1025},{\"@type\":\"BreadcrumbList\",\"@id\":\"https:\\\/\\\/www.koonings.com\\\/de\\\/product\\\/modeca-edith\\\/#breadcrumb\",\"itemListElement\":[{\"@type\":\"ListItem\",\"position\":1,\"name\":\"Home\",\"item\":\"https:\\\/\\\/www.koonings.com\\\/de\\\/\"},{\"@type\":\"ListItem\",\"position\":2,\"name\":\"Modeca Edith\"}]},{\"@type\":\"WebSite\",\"@id\":\"https:\\\/\\\/www.koonings.com\\\/de\\\/#website\",\"url\":\"https:\\\/\\\/www.koonings.com\\\/de\\\/\",\"name\":\"Koonings\",\"description\":\"De grootste bruidsmodewinkel ter wereld\",\"publisher\":{\"@id\":\"https:\\\/\\\/www.koonings.com\\\/de\\\/#organization\"},\"potentialAction\":[{\"@type\":\"SearchAction\",\"target\":{\"@type\":\"EntryPoint\",\"urlTemplate\":\"https:\\\/\\\/www.koonings.com\\\/de\\\/?s={search_term_string}\"},\"query-input\":{\"@type\":\"PropertyValueSpecification\",\"valueRequired\":true,\"valueName\":\"search_term_string\"}}],\"inLanguage\":\"de\"},{\"@type\":\"Organization\",\"@id\":\"https:\\\/\\\/www.koonings.com\\\/de\\\/#organization\",\"name\":\"Koonings\",\"url\":\"https:\\\/\\\/www.koonings.com\\\/de\\\/\",\"logo\":{\"@type\":\"ImageObject\",\"inLanguage\":\"de\",\"@id\":\"https:\\\/\\\/www.koonings.com\\\/de\\\/#\\\/schema\\\/logo\\\/image\\\/\",\"url\":\"https:\\\/\\\/www.koonings.com\\\/wp-content\\\/uploads\\\/2024\\\/07\\\/logo.png\",\"contentUrl\":\"https:\\\/\\\/www.koonings.com\\\/wp-content\\\/uploads\\\/2024\\\/07\\\/logo.png\",\"width\":600,\"height\":428,\"caption\":\"Koonings\"},\"image\":{\"@id\":\"https:\\\/\\\/www.koonings.com\\\/de\\\/#\\\/schema\\\/logo\\\/image\\\/\"},\"sameAs\":[\"https:\\\/\\\/www.facebook.com\\\/kooningstheweddingpalace\",\"https:\\\/\\\/www.instagram.com\\\/kooningstheweddingpalace\",\"https:\\\/\\\/www.pinterest.com\\\/koonings\",\"https:\\\/\\\/www.youtube.com\\\/kooningstheweddingpalace\"]}]}<\/script>\n<!-- \/ Yoast SEO plugin. -->","yoast_head_json":{"title":"Modeca Edith | Koonings","description":"Lernen Sie Edith kennen, ein atemberaubendes Ballkleid, das m\u00fchelos klassischen Charme mit modernen Details verbindet. Der tiefe V-Ausschnitt und das mit Paillettenspitze verzierte Illusionsmieder sind das Herzst\u00fcck dieses Entwurfs, w\u00e4hrend zarte, perlenbesetzte Tr\u00e4ger einen Hauch von Raffinesse verleihen. Perfekt f\u00fcr die Braut, die zeitlose Eleganz mit einem modernen Twist sucht.","robots":{"index":"index","follow":"follow","max-snippet":"max-snippet:-1","max-image-preview":"max-image-preview:large","max-video-preview":"max-video-preview:-1"},"canonical":"https:\/\/www.koonings.com\/de\/product\/modeca-edith\/","og_locale":"de_DE","og_type":"article","og_title":"Modeca Edith | Koonings","og_description":"Lernen Sie Edith kennen, ein atemberaubendes Ballkleid, das m\u00fchelos klassischen Charme mit modernen Details verbindet. Der tiefe V-Ausschnitt und das mit Paillettenspitze verzierte Illusionsmieder sind das Herzst\u00fcck dieses Entwurfs, w\u00e4hrend zarte, perlenbesetzte Tr\u00e4ger einen Hauch von Raffinesse verleihen. Perfekt f\u00fcr die Braut, die zeitlose Eleganz mit einem modernen Twist sucht.","og_url":"https:\/\/www.koonings.com\/de\/product\/modeca-edith\/","og_site_name":"Koonings","article_publisher":"https:\/\/www.facebook.com\/kooningstheweddingpalace","og_image":[{"width":724,"height":1025,"url":"https:\/\/www.koonings.com\/wp-content\/uploads\/2024\/11\/40501_6eaf01320665f3d6234678ecfce29e1f282cc99baf542b99e071b33a7743242b949a5f0c.jpeg","type":"image\/jpeg"}],"twitter_card":"summary_large_image","schema":{"@context":"https:\/\/schema.org","@graph":[{"@type":"WebPage","@id":"https:\/\/www.koonings.com\/de\/product\/modeca-edith\/","url":"https:\/\/www.koonings.com\/de\/product\/modeca-edith\/","name":"Modeca Edith | Koonings","isPartOf":{"@id":"https:\/\/www.koonings.com\/de\/#website"},"primaryImageOfPage":{"@id":"https:\/\/www.koonings.com\/de\/product\/modeca-edith\/#primaryimage"},"image":{"@id":"https:\/\/www.koonings.com\/de\/product\/modeca-edith\/#primaryimage"},"thumbnailUrl":"https:\/\/www.koonings.com\/wp-content\/uploads\/2024\/11\/40501_6eaf01320665f3d6234678ecfce29e1f282cc99baf542b99e071b33a7743242b949a5f0c.jpeg","datePublished":"2026-05-06T13:18:49+00:00","description":"Lernen Sie Edith kennen, ein atemberaubendes Ballkleid, das m\u00fchelos klassischen Charme mit modernen Details verbindet. Der tiefe V-Ausschnitt und das mit Paillettenspitze verzierte Illusionsmieder sind das Herzst\u00fcck dieses Entwurfs, w\u00e4hrend zarte, perlenbesetzte Tr\u00e4ger einen Hauch von Raffinesse verleihen. Perfekt f\u00fcr die Braut, die zeitlose Eleganz mit einem modernen Twist sucht.","breadcrumb":{"@id":"https:\/\/www.koonings.com\/de\/product\/modeca-edith\/#breadcrumb"},"inLanguage":"de","potentialAction":[{"@type":"ReadAction","target":["https:\/\/www.koonings.com\/de\/product\/modeca-edith\/"]}]},{"@type":"ImageObject","inLanguage":"de","@id":"https:\/\/www.koonings.com\/de\/product\/modeca-edith\/#primaryimage","url":"https:\/\/www.koonings.com\/wp-content\/uploads\/2024\/11\/40501_6eaf01320665f3d6234678ecfce29e1f282cc99baf542b99e071b33a7743242b949a5f0c.jpeg","contentUrl":"https:\/\/www.koonings.com\/wp-content\/uploads\/2024\/11\/40501_6eaf01320665f3d6234678ecfce29e1f282cc99baf542b99e071b33a7743242b949a5f0c.jpeg","width":724,"height":1025},{"@type":"BreadcrumbList","@id":"https:\/\/www.koonings.com\/de\/product\/modeca-edith\/#breadcrumb","itemListElement":[{"@type":"ListItem","position":1,"name":"Home","item":"https:\/\/www.koonings.com\/de\/"},{"@type":"ListItem","position":2,"name":"Modeca Edith"}]},{"@type":"WebSite","@id":"https:\/\/www.koonings.com\/de\/#website","url":"https:\/\/www.koonings.com\/de\/","name":"Koonings","description":"De grootste bruidsmodewinkel ter wereld","publisher":{"@id":"https:\/\/www.koonings.com\/de\/#organization"},"potentialAction":[{"@type":"SearchAction","target":{"@type":"EntryPoint","urlTemplate":"https:\/\/www.koonings.com\/de\/?s={search_term_string}"},"query-input":{"@type":"PropertyValueSpecification","valueRequired":true,"valueName":"search_term_string"}}],"inLanguage":"de"},{"@type":"Organization","@id":"https:\/\/www.koonings.com\/de\/#organization","name":"Koonings","url":"https:\/\/www.koonings.com\/de\/","logo":{"@type":"ImageObject","inLanguage":"de","@id":"https:\/\/www.koonings.com\/de\/#\/schema\/logo\/image\/","url":"https:\/\/www.koonings.com\/wp-content\/uploads\/2024\/07\/logo.png","contentUrl":"https:\/\/www.koonings.com\/wp-content\/uploads\/2024\/07\/logo.png","width":600,"height":428,"caption":"Koonings"},"image":{"@id":"https:\/\/www.koonings.com\/de\/#\/schema\/logo\/image\/"},"sameAs":["https:\/\/www.facebook.com\/kooningstheweddingpalace","https:\/\/www.instagram.com\/kooningstheweddingpalace","https:\/\/www.pinterest.com\/koonings","https:\/\/www.youtube.com\/kooningstheweddingpalace"]}]}},"_links":{"self":[{"href":"https:\/\/www.koonings.com\/de\/wp-json\/wp\/v2\/product\/58104","targetHints":{"allow":["GET"]}}],"collection":[{"href":"https:\/\/www.koonings.com\/de\/wp-json\/wp\/v2\/product"}],"about":[{"href":"https:\/\/www.koonings.com\/de\/wp-json\/wp\/v2\/types\/product"}],"wp:featuredmedia":[{"embeddable":true,"href":"https:\/\/www.koonings.com\/de\/wp-json\/wp\/v2\/media\/75914"}],"wp:attachment":[{"href":"https:\/\/www.koonings.com\/de\/wp-json\/wp\/v2\/media?parent=58104"}],"wp:term":[{"taxonomy":"productdetails","embeddable":true,"href":"https:\/\/www.koonings.com\/de\/wp-json\/wp\/v2\/productdetails?post=58104"},{"taxonomy":"productneck","embeddable":true,"href":"https:\/\/www.koonings.com\/de\/wp-json\/wp\/v2\/productneck?post=58104"},{"taxonomy":"productcolor","embeddable":true,"href":"https:\/\/www.koonings.com\/de\/wp-json\/wp\/v2\/productcolor?post=58104"},{"taxonomy":"maat","embeddable":true,"href":"https:\/\/www.koonings.com\/de\/wp-json\/wp\/v2\/maat?post=58104"},{"taxonomy":"productsupplier","embeddable":true,"href":"https:\/\/www.koonings.com\/de\/wp-json\/wp\/v2\/productsupplier?post=58104"},{"taxonomy":"productsleeve","embeddable":true,"href":"https:\/\/www.koonings.com\/de\/wp-json\/wp\/v2\/productsleeve?post=58104"},{"taxonomy":"productcategory","embeddable":true,"href":"https:\/\/www.koonings.com\/de\/wp-json\/wp\/v2\/productcategory?post=58104"},{"taxonomy":"productsilhouette","embeddable":true,"href":"https:\/\/www.koonings.com\/de\/wp-json\/wp\/v2\/productsilhouette?post=58104"},{"taxonomy":"productstyle","embeddable":true,"href":"https:\/\/www.koonings.com\/de\/wp-json\/wp\/v2\/productstyle?post=58104"}],"curies":[{"name":"wp","href":"https:\/\/api.w.org\/{rel}","templated":true}]}}