{"id":58070,"date":"2026-05-06T15:14:17","date_gmt":"2026-05-06T13:14:17","guid":{"rendered":"https:\/\/www.koonings.com\/product\/milla-nova-giorgia\/"},"modified":"2025-06-05T12:42:36","modified_gmt":"2025-06-05T10:42:36","slug":"milla-nova-giorgia","status":"publish","type":"product","link":"https:\/\/www.koonings.com\/de\/product\/milla-nova-giorgia\/","title":{"rendered":"Milla Nova Giorgia"},"content":{"rendered":"<p>Ein einzigartiges kurzes Kleid, das komplett mit sch\u00f6ner Spitze, 3D-Blumen und Federn bedeckt ist. Der gerade Ausschnitt geht in sch\u00f6ne schulterfreie lange \u00c4rmel \u00fcber und hat einen Korsettverschluss auf der R\u00fcckseite. Sehen Sie sich die anderen kurzen Kleider von Giorgia und Milla Nova in unserem Shop-in-Shop an.  <\/p>\n","protected":false},"featured_media":40952,"template":"","meta":{"_acf_changed":false,"ghostkit_customizer_options":"","ghostkit_custom_css":"","ghostkit_custom_js_head":"","ghostkit_custom_js_foot":"","ghostkit_typography":""},"productdetails":[376],"productneck":[352],"productcolor":[392],"maat":[],"productsupplier":[446],"productsleeve":[362],"productcategory":[18],"productsilhouette":[386],"productstyle":[367,371],"class_list":["post-58070","product","type-product","status-publish","has-post-thumbnail","hentry","productdetails-376","productneck-352","productcolor-392","productsupplier-milla-nova","productsleeve-362","productcategory-trouwjurken","productsilhouette-386","productstyle-367","productstyle-371"],"acf":[],"yoast_head":"<!-- This site is optimized with the Yoast SEO plugin v27.3 - https:\/\/yoast.com\/product\/yoast-seo-wordpress\/ -->\n<title>Milla Nova Giorgia | Koonings<\/title>\n<meta name=\"description\" content=\"Ein einzigartiges kurzes Kleid, das komplett mit sch\u00f6ner Spitze, 3D-Blumen und Federn bedeckt ist. Der gerade Ausschnitt geht in sch\u00f6ne schulterfreie lange \u00c4rmel \u00fcber und hat einen Korsettverschluss auf der R\u00fcckseite. Sehen Sie sich die anderen kurzen Kleider von Giorgia und Milla Nova in unserem Shop-in-Shop an.\" \/>\n<meta name=\"robots\" content=\"index, follow, max-snippet:-1, max-image-preview:large, max-video-preview:-1\" \/>\n<link rel=\"canonical\" href=\"https:\/\/www.koonings.com\/de\/product\/milla-nova-giorgia\/\" \/>\n<meta property=\"og:locale\" content=\"de_DE\" \/>\n<meta property=\"og:type\" content=\"article\" \/>\n<meta property=\"og:title\" content=\"Milla Nova Giorgia | Koonings\" \/>\n<meta property=\"og:description\" content=\"Ein einzigartiges kurzes Kleid, das komplett mit sch\u00f6ner Spitze, 3D-Blumen und Federn bedeckt ist. Der gerade Ausschnitt geht in sch\u00f6ne schulterfreie lange \u00c4rmel \u00fcber und hat einen Korsettverschluss auf der R\u00fcckseite. Sehen Sie sich die anderen kurzen Kleider von Giorgia und Milla Nova in unserem Shop-in-Shop an.\" \/>\n<meta property=\"og:url\" content=\"https:\/\/www.koonings.com\/de\/product\/milla-nova-giorgia\/\" \/>\n<meta property=\"og:site_name\" content=\"Koonings\" \/>\n<meta property=\"article:publisher\" content=\"https:\/\/www.facebook.com\/kooningstheweddingpalace\" \/>\n<meta property=\"og:image\" content=\"https:\/\/www.koonings.com\/wp-content\/uploads\/2024\/11\/39493_30eacd11545af0894ef1a23b7e7f123814769141cbf66ed0232f33486c8a20a936126e5f-scaled.jpeg\" \/>\n\t<meta property=\"og:image:width\" content=\"1707\" \/>\n\t<meta property=\"og:image:height\" content=\"2560\" \/>\n\t<meta property=\"og:image:type\" content=\"image\/jpeg\" \/>\n<meta name=\"twitter:card\" content=\"summary_large_image\" \/>\n<script type=\"application\/ld+json\" class=\"yoast-schema-graph\">{\"@context\":\"https:\\\/\\\/schema.org\",\"@graph\":[{\"@type\":\"WebPage\",\"@id\":\"https:\\\/\\\/www.koonings.com\\\/de\\\/product\\\/milla-nova-giorgia\\\/\",\"url\":\"https:\\\/\\\/www.koonings.com\\\/de\\\/product\\\/milla-nova-giorgia\\\/\",\"name\":\"Milla Nova Giorgia | Koonings\",\"isPartOf\":{\"@id\":\"https:\\\/\\\/www.koonings.com\\\/de\\\/#website\"},\"primaryImageOfPage\":{\"@id\":\"https:\\\/\\\/www.koonings.com\\\/de\\\/product\\\/milla-nova-giorgia\\\/#primaryimage\"},\"image\":{\"@id\":\"https:\\\/\\\/www.koonings.com\\\/de\\\/product\\\/milla-nova-giorgia\\\/#primaryimage\"},\"thumbnailUrl\":\"https:\\\/\\\/www.koonings.com\\\/wp-content\\\/uploads\\\/2024\\\/11\\\/39493_30eacd11545af0894ef1a23b7e7f123814769141cbf66ed0232f33486c8a20a936126e5f-scaled.jpeg\",\"datePublished\":\"2026-05-06T13:14:17+00:00\",\"description\":\"Ein einzigartiges kurzes Kleid, das komplett mit sch\u00f6ner Spitze, 3D-Blumen und Federn bedeckt ist. Der gerade Ausschnitt geht in sch\u00f6ne schulterfreie lange \u00c4rmel \u00fcber und hat einen Korsettverschluss auf der R\u00fcckseite. Sehen Sie sich die anderen kurzen Kleider von Giorgia und Milla Nova in unserem Shop-in-Shop an.\",\"breadcrumb\":{\"@id\":\"https:\\\/\\\/www.koonings.com\\\/de\\\/product\\\/milla-nova-giorgia\\\/#breadcrumb\"},\"inLanguage\":\"de\",\"potentialAction\":[{\"@type\":\"ReadAction\",\"target\":[\"https:\\\/\\\/www.koonings.com\\\/de\\\/product\\\/milla-nova-giorgia\\\/\"]}]},{\"@type\":\"ImageObject\",\"inLanguage\":\"de\",\"@id\":\"https:\\\/\\\/www.koonings.com\\\/de\\\/product\\\/milla-nova-giorgia\\\/#primaryimage\",\"url\":\"https:\\\/\\\/www.koonings.com\\\/wp-content\\\/uploads\\\/2024\\\/11\\\/39493_30eacd11545af0894ef1a23b7e7f123814769141cbf66ed0232f33486c8a20a936126e5f-scaled.jpeg\",\"contentUrl\":\"https:\\\/\\\/www.koonings.com\\\/wp-content\\\/uploads\\\/2024\\\/11\\\/39493_30eacd11545af0894ef1a23b7e7f123814769141cbf66ed0232f33486c8a20a936126e5f-scaled.jpeg\",\"width\":1707,\"height\":2560},{\"@type\":\"BreadcrumbList\",\"@id\":\"https:\\\/\\\/www.koonings.com\\\/de\\\/product\\\/milla-nova-giorgia\\\/#breadcrumb\",\"itemListElement\":[{\"@type\":\"ListItem\",\"position\":1,\"name\":\"Home\",\"item\":\"https:\\\/\\\/www.koonings.com\\\/de\\\/\"},{\"@type\":\"ListItem\",\"position\":2,\"name\":\"Milla Nova Giorgia\"}]},{\"@type\":\"WebSite\",\"@id\":\"https:\\\/\\\/www.koonings.com\\\/de\\\/#website\",\"url\":\"https:\\\/\\\/www.koonings.com\\\/de\\\/\",\"name\":\"Koonings\",\"description\":\"De grootste bruidsmodewinkel ter wereld\",\"publisher\":{\"@id\":\"https:\\\/\\\/www.koonings.com\\\/de\\\/#organization\"},\"potentialAction\":[{\"@type\":\"SearchAction\",\"target\":{\"@type\":\"EntryPoint\",\"urlTemplate\":\"https:\\\/\\\/www.koonings.com\\\/de\\\/?s={search_term_string}\"},\"query-input\":{\"@type\":\"PropertyValueSpecification\",\"valueRequired\":true,\"valueName\":\"search_term_string\"}}],\"inLanguage\":\"de\"},{\"@type\":\"Organization\",\"@id\":\"https:\\\/\\\/www.koonings.com\\\/de\\\/#organization\",\"name\":\"Koonings\",\"url\":\"https:\\\/\\\/www.koonings.com\\\/de\\\/\",\"logo\":{\"@type\":\"ImageObject\",\"inLanguage\":\"de\",\"@id\":\"https:\\\/\\\/www.koonings.com\\\/de\\\/#\\\/schema\\\/logo\\\/image\\\/\",\"url\":\"https:\\\/\\\/www.koonings.com\\\/wp-content\\\/uploads\\\/2024\\\/07\\\/logo.png\",\"contentUrl\":\"https:\\\/\\\/www.koonings.com\\\/wp-content\\\/uploads\\\/2024\\\/07\\\/logo.png\",\"width\":600,\"height\":428,\"caption\":\"Koonings\"},\"image\":{\"@id\":\"https:\\\/\\\/www.koonings.com\\\/de\\\/#\\\/schema\\\/logo\\\/image\\\/\"},\"sameAs\":[\"https:\\\/\\\/www.facebook.com\\\/kooningstheweddingpalace\",\"https:\\\/\\\/www.instagram.com\\\/kooningstheweddingpalace\",\"https:\\\/\\\/www.pinterest.com\\\/koonings\",\"https:\\\/\\\/www.youtube.com\\\/kooningstheweddingpalace\"]}]}<\/script>\n<!-- \/ Yoast SEO plugin. -->","yoast_head_json":{"title":"Milla Nova Giorgia | Koonings","description":"Ein einzigartiges kurzes Kleid, das komplett mit sch\u00f6ner Spitze, 3D-Blumen und Federn bedeckt ist. Der gerade Ausschnitt geht in sch\u00f6ne schulterfreie lange \u00c4rmel \u00fcber und hat einen Korsettverschluss auf der R\u00fcckseite. Sehen Sie sich die anderen kurzen Kleider von Giorgia und Milla Nova in unserem Shop-in-Shop an.","robots":{"index":"index","follow":"follow","max-snippet":"max-snippet:-1","max-image-preview":"max-image-preview:large","max-video-preview":"max-video-preview:-1"},"canonical":"https:\/\/www.koonings.com\/de\/product\/milla-nova-giorgia\/","og_locale":"de_DE","og_type":"article","og_title":"Milla Nova Giorgia | Koonings","og_description":"Ein einzigartiges kurzes Kleid, das komplett mit sch\u00f6ner Spitze, 3D-Blumen und Federn bedeckt ist. Der gerade Ausschnitt geht in sch\u00f6ne schulterfreie lange \u00c4rmel \u00fcber und hat einen Korsettverschluss auf der R\u00fcckseite. Sehen Sie sich die anderen kurzen Kleider von Giorgia und Milla Nova in unserem Shop-in-Shop an.","og_url":"https:\/\/www.koonings.com\/de\/product\/milla-nova-giorgia\/","og_site_name":"Koonings","article_publisher":"https:\/\/www.facebook.com\/kooningstheweddingpalace","og_image":[{"width":1707,"height":2560,"url":"https:\/\/www.koonings.com\/wp-content\/uploads\/2024\/11\/39493_30eacd11545af0894ef1a23b7e7f123814769141cbf66ed0232f33486c8a20a936126e5f-scaled.jpeg","type":"image\/jpeg"}],"twitter_card":"summary_large_image","schema":{"@context":"https:\/\/schema.org","@graph":[{"@type":"WebPage","@id":"https:\/\/www.koonings.com\/de\/product\/milla-nova-giorgia\/","url":"https:\/\/www.koonings.com\/de\/product\/milla-nova-giorgia\/","name":"Milla Nova Giorgia | Koonings","isPartOf":{"@id":"https:\/\/www.koonings.com\/de\/#website"},"primaryImageOfPage":{"@id":"https:\/\/www.koonings.com\/de\/product\/milla-nova-giorgia\/#primaryimage"},"image":{"@id":"https:\/\/www.koonings.com\/de\/product\/milla-nova-giorgia\/#primaryimage"},"thumbnailUrl":"https:\/\/www.koonings.com\/wp-content\/uploads\/2024\/11\/39493_30eacd11545af0894ef1a23b7e7f123814769141cbf66ed0232f33486c8a20a936126e5f-scaled.jpeg","datePublished":"2026-05-06T13:14:17+00:00","description":"Ein einzigartiges kurzes Kleid, das komplett mit sch\u00f6ner Spitze, 3D-Blumen und Federn bedeckt ist. Der gerade Ausschnitt geht in sch\u00f6ne schulterfreie lange \u00c4rmel \u00fcber und hat einen Korsettverschluss auf der R\u00fcckseite. Sehen Sie sich die anderen kurzen Kleider von Giorgia und Milla Nova in unserem Shop-in-Shop an.","breadcrumb":{"@id":"https:\/\/www.koonings.com\/de\/product\/milla-nova-giorgia\/#breadcrumb"},"inLanguage":"de","potentialAction":[{"@type":"ReadAction","target":["https:\/\/www.koonings.com\/de\/product\/milla-nova-giorgia\/"]}]},{"@type":"ImageObject","inLanguage":"de","@id":"https:\/\/www.koonings.com\/de\/product\/milla-nova-giorgia\/#primaryimage","url":"https:\/\/www.koonings.com\/wp-content\/uploads\/2024\/11\/39493_30eacd11545af0894ef1a23b7e7f123814769141cbf66ed0232f33486c8a20a936126e5f-scaled.jpeg","contentUrl":"https:\/\/www.koonings.com\/wp-content\/uploads\/2024\/11\/39493_30eacd11545af0894ef1a23b7e7f123814769141cbf66ed0232f33486c8a20a936126e5f-scaled.jpeg","width":1707,"height":2560},{"@type":"BreadcrumbList","@id":"https:\/\/www.koonings.com\/de\/product\/milla-nova-giorgia\/#breadcrumb","itemListElement":[{"@type":"ListItem","position":1,"name":"Home","item":"https:\/\/www.koonings.com\/de\/"},{"@type":"ListItem","position":2,"name":"Milla Nova Giorgia"}]},{"@type":"WebSite","@id":"https:\/\/www.koonings.com\/de\/#website","url":"https:\/\/www.koonings.com\/de\/","name":"Koonings","description":"De grootste bruidsmodewinkel ter wereld","publisher":{"@id":"https:\/\/www.koonings.com\/de\/#organization"},"potentialAction":[{"@type":"SearchAction","target":{"@type":"EntryPoint","urlTemplate":"https:\/\/www.koonings.com\/de\/?s={search_term_string}"},"query-input":{"@type":"PropertyValueSpecification","valueRequired":true,"valueName":"search_term_string"}}],"inLanguage":"de"},{"@type":"Organization","@id":"https:\/\/www.koonings.com\/de\/#organization","name":"Koonings","url":"https:\/\/www.koonings.com\/de\/","logo":{"@type":"ImageObject","inLanguage":"de","@id":"https:\/\/www.koonings.com\/de\/#\/schema\/logo\/image\/","url":"https:\/\/www.koonings.com\/wp-content\/uploads\/2024\/07\/logo.png","contentUrl":"https:\/\/www.koonings.com\/wp-content\/uploads\/2024\/07\/logo.png","width":600,"height":428,"caption":"Koonings"},"image":{"@id":"https:\/\/www.koonings.com\/de\/#\/schema\/logo\/image\/"},"sameAs":["https:\/\/www.facebook.com\/kooningstheweddingpalace","https:\/\/www.instagram.com\/kooningstheweddingpalace","https:\/\/www.pinterest.com\/koonings","https:\/\/www.youtube.com\/kooningstheweddingpalace"]}]}},"_links":{"self":[{"href":"https:\/\/www.koonings.com\/de\/wp-json\/wp\/v2\/product\/58070","targetHints":{"allow":["GET"]}}],"collection":[{"href":"https:\/\/www.koonings.com\/de\/wp-json\/wp\/v2\/product"}],"about":[{"href":"https:\/\/www.koonings.com\/de\/wp-json\/wp\/v2\/types\/product"}],"wp:featuredmedia":[{"embeddable":true,"href":"https:\/\/www.koonings.com\/de\/wp-json\/wp\/v2\/media\/40952"}],"wp:attachment":[{"href":"https:\/\/www.koonings.com\/de\/wp-json\/wp\/v2\/media?parent=58070"}],"wp:term":[{"taxonomy":"productdetails","embeddable":true,"href":"https:\/\/www.koonings.com\/de\/wp-json\/wp\/v2\/productdetails?post=58070"},{"taxonomy":"productneck","embeddable":true,"href":"https:\/\/www.koonings.com\/de\/wp-json\/wp\/v2\/productneck?post=58070"},{"taxonomy":"productcolor","embeddable":true,"href":"https:\/\/www.koonings.com\/de\/wp-json\/wp\/v2\/productcolor?post=58070"},{"taxonomy":"maat","embeddable":true,"href":"https:\/\/www.koonings.com\/de\/wp-json\/wp\/v2\/maat?post=58070"},{"taxonomy":"productsupplier","embeddable":true,"href":"https:\/\/www.koonings.com\/de\/wp-json\/wp\/v2\/productsupplier?post=58070"},{"taxonomy":"productsleeve","embeddable":true,"href":"https:\/\/www.koonings.com\/de\/wp-json\/wp\/v2\/productsleeve?post=58070"},{"taxonomy":"productcategory","embeddable":true,"href":"https:\/\/www.koonings.com\/de\/wp-json\/wp\/v2\/productcategory?post=58070"},{"taxonomy":"productsilhouette","embeddable":true,"href":"https:\/\/www.koonings.com\/de\/wp-json\/wp\/v2\/productsilhouette?post=58070"},{"taxonomy":"productstyle","embeddable":true,"href":"https:\/\/www.koonings.com\/de\/wp-json\/wp\/v2\/productstyle?post=58070"}],"curies":[{"name":"wp","href":"https:\/\/api.w.org\/{rel}","templated":true}]}}