{"id":58045,"date":"2026-05-06T15:14:22","date_gmt":"2026-05-06T13:14:22","guid":{"rendered":"https:\/\/www.koonings.com\/product\/herve-paris-cassandra\/"},"modified":"2025-06-05T12:42:45","modified_gmt":"2025-06-05T10:42:45","slug":"herve-paris-cassandra","status":"publish","type":"product","link":"https:\/\/www.koonings.com\/de\/product\/herve-paris-cassandra\/","title":{"rendered":"Herve Paris Cassandra"},"content":{"rendered":"<p>Tauchen Sie ein in die bezaubernde Welt des Cassandra Kleides. Ein Kleid, das den ultimativen romantischen Look verk\u00f6rpert. Das Oberteil besteht aus exklusiver Spitze von GBS Herve Paris, die mit einem Schl\u00fcsselloch am R\u00fccken und Fl\u00fcgel\u00e4rmeln versehen ist. Erh\u00e4ltlich mit einem schlichten Chiffonrock f\u00fcr die Braut, die ein kleines Extra hinzuf\u00fcgen m\u00f6chte. Mit Cassandra werden Sie f\u00fcr Staunen sorgen und einen bleibenden Eindruck hinterlassen.    <\/p>\n","protected":false},"featured_media":41148,"template":"","meta":{"_acf_changed":false,"ghostkit_customizer_options":"","ghostkit_custom_css":"","ghostkit_custom_js_head":"","ghostkit_custom_js_foot":"","ghostkit_typography":""},"productdetails":[],"productneck":[356],"productcolor":[393,394],"maat":[],"productsupplier":[424],"productsleeve":[359],"productcategory":[18],"productsilhouette":[384],"productstyle":[],"class_list":["post-58045","product","type-product","status-publish","has-post-thumbnail","hentry","productneck-356","productcolor-393","productcolor-394","productsupplier-herve-paris","productsleeve-359","productcategory-trouwjurken","productsilhouette-384"],"acf":[],"yoast_head":"<!-- This site is optimized with the Yoast SEO plugin v27.3 - https:\/\/yoast.com\/product\/yoast-seo-wordpress\/ -->\n<title>Herve Paris Cassandra | Koonings<\/title>\n<meta name=\"description\" content=\"Tauchen Sie ein in die bezaubernde Welt des Cassandra Kleides. Ein Kleid, das den ultimativen romantischen Look verk\u00f6rpert. Das Oberteil besteht aus exklusiver Spitze von GBS Herve Paris, die mit einem Schl\u00fcsselloch am R\u00fccken und Fl\u00fcgel\u00e4rmeln versehen ist. Erh\u00e4ltlich mit einem schlichten Chiffonrock f\u00fcr die Braut, die ein kleines Extra hinzuf\u00fcgen m\u00f6chte. Mit Cassandra werden Sie f\u00fcr Staunen sorgen und einen bleibenden Eindruck hinterlassen.\" \/>\n<meta name=\"robots\" content=\"index, follow, max-snippet:-1, max-image-preview:large, max-video-preview:-1\" \/>\n<link rel=\"canonical\" href=\"https:\/\/www.koonings.com\/de\/product\/herve-paris-cassandra\/\" \/>\n<meta property=\"og:locale\" content=\"de_DE\" \/>\n<meta property=\"og:type\" content=\"article\" \/>\n<meta property=\"og:title\" content=\"Herve Paris Cassandra | Koonings\" \/>\n<meta property=\"og:description\" content=\"Tauchen Sie ein in die bezaubernde Welt des Cassandra Kleides. Ein Kleid, das den ultimativen romantischen Look verk\u00f6rpert. Das Oberteil besteht aus exklusiver Spitze von GBS Herve Paris, die mit einem Schl\u00fcsselloch am R\u00fccken und Fl\u00fcgel\u00e4rmeln versehen ist. Erh\u00e4ltlich mit einem schlichten Chiffonrock f\u00fcr die Braut, die ein kleines Extra hinzuf\u00fcgen m\u00f6chte. Mit Cassandra werden Sie f\u00fcr Staunen sorgen und einen bleibenden Eindruck hinterlassen.\" \/>\n<meta property=\"og:url\" content=\"https:\/\/www.koonings.com\/de\/product\/herve-paris-cassandra\/\" \/>\n<meta property=\"og:site_name\" content=\"Koonings\" \/>\n<meta property=\"article:publisher\" content=\"https:\/\/www.facebook.com\/kooningstheweddingpalace\" \/>\n<meta property=\"og:image\" content=\"https:\/\/www.koonings.com\/wp-content\/uploads\/2024\/11\/39531_6cb711ba04b9a02e408cd758485f99f224b62ce26225d88c5370e31f70fc6de0aea967f4-scaled.jpeg\" \/>\n\t<meta property=\"og:image:width\" content=\"1814\" \/>\n\t<meta property=\"og:image:height\" content=\"2560\" \/>\n\t<meta property=\"og:image:type\" content=\"image\/jpeg\" \/>\n<meta name=\"twitter:card\" content=\"summary_large_image\" \/>\n<script type=\"application\/ld+json\" class=\"yoast-schema-graph\">{\"@context\":\"https:\\\/\\\/schema.org\",\"@graph\":[{\"@type\":\"WebPage\",\"@id\":\"https:\\\/\\\/www.koonings.com\\\/de\\\/product\\\/herve-paris-cassandra\\\/\",\"url\":\"https:\\\/\\\/www.koonings.com\\\/de\\\/product\\\/herve-paris-cassandra\\\/\",\"name\":\"Herve Paris Cassandra | Koonings\",\"isPartOf\":{\"@id\":\"https:\\\/\\\/www.koonings.com\\\/de\\\/#website\"},\"primaryImageOfPage\":{\"@id\":\"https:\\\/\\\/www.koonings.com\\\/de\\\/product\\\/herve-paris-cassandra\\\/#primaryimage\"},\"image\":{\"@id\":\"https:\\\/\\\/www.koonings.com\\\/de\\\/product\\\/herve-paris-cassandra\\\/#primaryimage\"},\"thumbnailUrl\":\"https:\\\/\\\/www.koonings.com\\\/wp-content\\\/uploads\\\/2024\\\/11\\\/39531_6cb711ba04b9a02e408cd758485f99f224b62ce26225d88c5370e31f70fc6de0aea967f4-scaled.jpeg\",\"datePublished\":\"2026-05-06T13:14:22+00:00\",\"description\":\"Tauchen Sie ein in die bezaubernde Welt des Cassandra Kleides. Ein Kleid, das den ultimativen romantischen Look verk\u00f6rpert. Das Oberteil besteht aus exklusiver Spitze von GBS Herve Paris, die mit einem Schl\u00fcsselloch am R\u00fccken und Fl\u00fcgel\u00e4rmeln versehen ist. Erh\u00e4ltlich mit einem schlichten Chiffonrock f\u00fcr die Braut, die ein kleines Extra hinzuf\u00fcgen m\u00f6chte. Mit Cassandra werden Sie f\u00fcr Staunen sorgen und einen bleibenden Eindruck hinterlassen.\",\"breadcrumb\":{\"@id\":\"https:\\\/\\\/www.koonings.com\\\/de\\\/product\\\/herve-paris-cassandra\\\/#breadcrumb\"},\"inLanguage\":\"de\",\"potentialAction\":[{\"@type\":\"ReadAction\",\"target\":[\"https:\\\/\\\/www.koonings.com\\\/de\\\/product\\\/herve-paris-cassandra\\\/\"]}]},{\"@type\":\"ImageObject\",\"inLanguage\":\"de\",\"@id\":\"https:\\\/\\\/www.koonings.com\\\/de\\\/product\\\/herve-paris-cassandra\\\/#primaryimage\",\"url\":\"https:\\\/\\\/www.koonings.com\\\/wp-content\\\/uploads\\\/2024\\\/11\\\/39531_6cb711ba04b9a02e408cd758485f99f224b62ce26225d88c5370e31f70fc6de0aea967f4-scaled.jpeg\",\"contentUrl\":\"https:\\\/\\\/www.koonings.com\\\/wp-content\\\/uploads\\\/2024\\\/11\\\/39531_6cb711ba04b9a02e408cd758485f99f224b62ce26225d88c5370e31f70fc6de0aea967f4-scaled.jpeg\",\"width\":1814,\"height\":2560},{\"@type\":\"BreadcrumbList\",\"@id\":\"https:\\\/\\\/www.koonings.com\\\/de\\\/product\\\/herve-paris-cassandra\\\/#breadcrumb\",\"itemListElement\":[{\"@type\":\"ListItem\",\"position\":1,\"name\":\"Home\",\"item\":\"https:\\\/\\\/www.koonings.com\\\/de\\\/\"},{\"@type\":\"ListItem\",\"position\":2,\"name\":\"Herve Paris Cassandra\"}]},{\"@type\":\"WebSite\",\"@id\":\"https:\\\/\\\/www.koonings.com\\\/de\\\/#website\",\"url\":\"https:\\\/\\\/www.koonings.com\\\/de\\\/\",\"name\":\"Koonings\",\"description\":\"De grootste bruidsmodewinkel ter wereld\",\"publisher\":{\"@id\":\"https:\\\/\\\/www.koonings.com\\\/de\\\/#organization\"},\"potentialAction\":[{\"@type\":\"SearchAction\",\"target\":{\"@type\":\"EntryPoint\",\"urlTemplate\":\"https:\\\/\\\/www.koonings.com\\\/de\\\/?s={search_term_string}\"},\"query-input\":{\"@type\":\"PropertyValueSpecification\",\"valueRequired\":true,\"valueName\":\"search_term_string\"}}],\"inLanguage\":\"de\"},{\"@type\":\"Organization\",\"@id\":\"https:\\\/\\\/www.koonings.com\\\/de\\\/#organization\",\"name\":\"Koonings\",\"url\":\"https:\\\/\\\/www.koonings.com\\\/de\\\/\",\"logo\":{\"@type\":\"ImageObject\",\"inLanguage\":\"de\",\"@id\":\"https:\\\/\\\/www.koonings.com\\\/de\\\/#\\\/schema\\\/logo\\\/image\\\/\",\"url\":\"https:\\\/\\\/www.koonings.com\\\/wp-content\\\/uploads\\\/2024\\\/07\\\/logo.png\",\"contentUrl\":\"https:\\\/\\\/www.koonings.com\\\/wp-content\\\/uploads\\\/2024\\\/07\\\/logo.png\",\"width\":600,\"height\":428,\"caption\":\"Koonings\"},\"image\":{\"@id\":\"https:\\\/\\\/www.koonings.com\\\/de\\\/#\\\/schema\\\/logo\\\/image\\\/\"},\"sameAs\":[\"https:\\\/\\\/www.facebook.com\\\/kooningstheweddingpalace\",\"https:\\\/\\\/www.instagram.com\\\/kooningstheweddingpalace\",\"https:\\\/\\\/www.pinterest.com\\\/koonings\",\"https:\\\/\\\/www.youtube.com\\\/kooningstheweddingpalace\"]}]}<\/script>\n<!-- \/ Yoast SEO plugin. -->","yoast_head_json":{"title":"Herve Paris Cassandra | Koonings","description":"Tauchen Sie ein in die bezaubernde Welt des Cassandra Kleides. Ein Kleid, das den ultimativen romantischen Look verk\u00f6rpert. Das Oberteil besteht aus exklusiver Spitze von GBS Herve Paris, die mit einem Schl\u00fcsselloch am R\u00fccken und Fl\u00fcgel\u00e4rmeln versehen ist. Erh\u00e4ltlich mit einem schlichten Chiffonrock f\u00fcr die Braut, die ein kleines Extra hinzuf\u00fcgen m\u00f6chte. Mit Cassandra werden Sie f\u00fcr Staunen sorgen und einen bleibenden Eindruck hinterlassen.","robots":{"index":"index","follow":"follow","max-snippet":"max-snippet:-1","max-image-preview":"max-image-preview:large","max-video-preview":"max-video-preview:-1"},"canonical":"https:\/\/www.koonings.com\/de\/product\/herve-paris-cassandra\/","og_locale":"de_DE","og_type":"article","og_title":"Herve Paris Cassandra | Koonings","og_description":"Tauchen Sie ein in die bezaubernde Welt des Cassandra Kleides. Ein Kleid, das den ultimativen romantischen Look verk\u00f6rpert. Das Oberteil besteht aus exklusiver Spitze von GBS Herve Paris, die mit einem Schl\u00fcsselloch am R\u00fccken und Fl\u00fcgel\u00e4rmeln versehen ist. Erh\u00e4ltlich mit einem schlichten Chiffonrock f\u00fcr die Braut, die ein kleines Extra hinzuf\u00fcgen m\u00f6chte. Mit Cassandra werden Sie f\u00fcr Staunen sorgen und einen bleibenden Eindruck hinterlassen.","og_url":"https:\/\/www.koonings.com\/de\/product\/herve-paris-cassandra\/","og_site_name":"Koonings","article_publisher":"https:\/\/www.facebook.com\/kooningstheweddingpalace","og_image":[{"width":1814,"height":2560,"url":"https:\/\/www.koonings.com\/wp-content\/uploads\/2024\/11\/39531_6cb711ba04b9a02e408cd758485f99f224b62ce26225d88c5370e31f70fc6de0aea967f4-scaled.jpeg","type":"image\/jpeg"}],"twitter_card":"summary_large_image","schema":{"@context":"https:\/\/schema.org","@graph":[{"@type":"WebPage","@id":"https:\/\/www.koonings.com\/de\/product\/herve-paris-cassandra\/","url":"https:\/\/www.koonings.com\/de\/product\/herve-paris-cassandra\/","name":"Herve Paris Cassandra | Koonings","isPartOf":{"@id":"https:\/\/www.koonings.com\/de\/#website"},"primaryImageOfPage":{"@id":"https:\/\/www.koonings.com\/de\/product\/herve-paris-cassandra\/#primaryimage"},"image":{"@id":"https:\/\/www.koonings.com\/de\/product\/herve-paris-cassandra\/#primaryimage"},"thumbnailUrl":"https:\/\/www.koonings.com\/wp-content\/uploads\/2024\/11\/39531_6cb711ba04b9a02e408cd758485f99f224b62ce26225d88c5370e31f70fc6de0aea967f4-scaled.jpeg","datePublished":"2026-05-06T13:14:22+00:00","description":"Tauchen Sie ein in die bezaubernde Welt des Cassandra Kleides. Ein Kleid, das den ultimativen romantischen Look verk\u00f6rpert. Das Oberteil besteht aus exklusiver Spitze von GBS Herve Paris, die mit einem Schl\u00fcsselloch am R\u00fccken und Fl\u00fcgel\u00e4rmeln versehen ist. Erh\u00e4ltlich mit einem schlichten Chiffonrock f\u00fcr die Braut, die ein kleines Extra hinzuf\u00fcgen m\u00f6chte. Mit Cassandra werden Sie f\u00fcr Staunen sorgen und einen bleibenden Eindruck hinterlassen.","breadcrumb":{"@id":"https:\/\/www.koonings.com\/de\/product\/herve-paris-cassandra\/#breadcrumb"},"inLanguage":"de","potentialAction":[{"@type":"ReadAction","target":["https:\/\/www.koonings.com\/de\/product\/herve-paris-cassandra\/"]}]},{"@type":"ImageObject","inLanguage":"de","@id":"https:\/\/www.koonings.com\/de\/product\/herve-paris-cassandra\/#primaryimage","url":"https:\/\/www.koonings.com\/wp-content\/uploads\/2024\/11\/39531_6cb711ba04b9a02e408cd758485f99f224b62ce26225d88c5370e31f70fc6de0aea967f4-scaled.jpeg","contentUrl":"https:\/\/www.koonings.com\/wp-content\/uploads\/2024\/11\/39531_6cb711ba04b9a02e408cd758485f99f224b62ce26225d88c5370e31f70fc6de0aea967f4-scaled.jpeg","width":1814,"height":2560},{"@type":"BreadcrumbList","@id":"https:\/\/www.koonings.com\/de\/product\/herve-paris-cassandra\/#breadcrumb","itemListElement":[{"@type":"ListItem","position":1,"name":"Home","item":"https:\/\/www.koonings.com\/de\/"},{"@type":"ListItem","position":2,"name":"Herve Paris Cassandra"}]},{"@type":"WebSite","@id":"https:\/\/www.koonings.com\/de\/#website","url":"https:\/\/www.koonings.com\/de\/","name":"Koonings","description":"De grootste bruidsmodewinkel ter wereld","publisher":{"@id":"https:\/\/www.koonings.com\/de\/#organization"},"potentialAction":[{"@type":"SearchAction","target":{"@type":"EntryPoint","urlTemplate":"https:\/\/www.koonings.com\/de\/?s={search_term_string}"},"query-input":{"@type":"PropertyValueSpecification","valueRequired":true,"valueName":"search_term_string"}}],"inLanguage":"de"},{"@type":"Organization","@id":"https:\/\/www.koonings.com\/de\/#organization","name":"Koonings","url":"https:\/\/www.koonings.com\/de\/","logo":{"@type":"ImageObject","inLanguage":"de","@id":"https:\/\/www.koonings.com\/de\/#\/schema\/logo\/image\/","url":"https:\/\/www.koonings.com\/wp-content\/uploads\/2024\/07\/logo.png","contentUrl":"https:\/\/www.koonings.com\/wp-content\/uploads\/2024\/07\/logo.png","width":600,"height":428,"caption":"Koonings"},"image":{"@id":"https:\/\/www.koonings.com\/de\/#\/schema\/logo\/image\/"},"sameAs":["https:\/\/www.facebook.com\/kooningstheweddingpalace","https:\/\/www.instagram.com\/kooningstheweddingpalace","https:\/\/www.pinterest.com\/koonings","https:\/\/www.youtube.com\/kooningstheweddingpalace"]}]}},"_links":{"self":[{"href":"https:\/\/www.koonings.com\/de\/wp-json\/wp\/v2\/product\/58045","targetHints":{"allow":["GET"]}}],"collection":[{"href":"https:\/\/www.koonings.com\/de\/wp-json\/wp\/v2\/product"}],"about":[{"href":"https:\/\/www.koonings.com\/de\/wp-json\/wp\/v2\/types\/product"}],"wp:featuredmedia":[{"embeddable":true,"href":"https:\/\/www.koonings.com\/de\/wp-json\/wp\/v2\/media\/41148"}],"wp:attachment":[{"href":"https:\/\/www.koonings.com\/de\/wp-json\/wp\/v2\/media?parent=58045"}],"wp:term":[{"taxonomy":"productdetails","embeddable":true,"href":"https:\/\/www.koonings.com\/de\/wp-json\/wp\/v2\/productdetails?post=58045"},{"taxonomy":"productneck","embeddable":true,"href":"https:\/\/www.koonings.com\/de\/wp-json\/wp\/v2\/productneck?post=58045"},{"taxonomy":"productcolor","embeddable":true,"href":"https:\/\/www.koonings.com\/de\/wp-json\/wp\/v2\/productcolor?post=58045"},{"taxonomy":"maat","embeddable":true,"href":"https:\/\/www.koonings.com\/de\/wp-json\/wp\/v2\/maat?post=58045"},{"taxonomy":"productsupplier","embeddable":true,"href":"https:\/\/www.koonings.com\/de\/wp-json\/wp\/v2\/productsupplier?post=58045"},{"taxonomy":"productsleeve","embeddable":true,"href":"https:\/\/www.koonings.com\/de\/wp-json\/wp\/v2\/productsleeve?post=58045"},{"taxonomy":"productcategory","embeddable":true,"href":"https:\/\/www.koonings.com\/de\/wp-json\/wp\/v2\/productcategory?post=58045"},{"taxonomy":"productsilhouette","embeddable":true,"href":"https:\/\/www.koonings.com\/de\/wp-json\/wp\/v2\/productsilhouette?post=58045"},{"taxonomy":"productstyle","embeddable":true,"href":"https:\/\/www.koonings.com\/de\/wp-json\/wp\/v2\/productstyle?post=58045"}],"curies":[{"name":"wp","href":"https:\/\/api.w.org\/{rel}","templated":true}]}}