{"id":58040,"date":"2026-05-06T15:14:23","date_gmt":"2026-05-06T13:14:23","guid":{"rendered":"https:\/\/www.koonings.com\/product\/pronovias-fashion-group-antelope-pr122aw2\/"},"modified":"2025-06-05T12:42:43","modified_gmt":"2025-06-05T10:42:43","slug":"pronovias-fashion-group-antelope-pr122aw2","status":"publish","type":"product","link":"https:\/\/www.koonings.com\/de\/product\/pronovias-fashion-group-antelope-pr122aw2\/","title":{"rendered":"Pronovias Fashion Group Antelope PR122AW2"},"content":{"rendered":"<p>Dieses atemberaubende Kleid ist Teil der We Do Eco Kollektion nachhaltiger Brautkleider von Pronovias. Die subtilen Puff\u00e4rmel dieses Hochzeitskleides aus Cr\u00eape machen dieses Kleid super elegant. Vor allem in Kombination mit dem besonders tief ausgeschnittenen Dekollet\u00e9 und der kurzen Schleppe ist es ein atemberaubendes Kleid.  <\/p>\n","protected":false},"featured_media":41173,"template":"","meta":{"_acf_changed":false,"ghostkit_customizer_options":"","ghostkit_custom_css":"","ghostkit_custom_js_head":"","ghostkit_custom_js_foot":"","ghostkit_typography":""},"productdetails":[],"productneck":[356],"productcolor":[392],"maat":[],"productsupplier":[430],"productsleeve":[362],"productcategory":[18],"productsilhouette":[387],"productstyle":[365,371],"class_list":["post-58040","product","type-product","status-publish","has-post-thumbnail","hentry","productneck-356","productcolor-392","productsupplier-pronovias-fashion-group","productsleeve-362","productcategory-trouwjurken","productsilhouette-387","productstyle-365","productstyle-371"],"acf":[],"yoast_head":"<!-- This site is optimized with the Yoast SEO plugin v27.3 - https:\/\/yoast.com\/product\/yoast-seo-wordpress\/ -->\n<title>Pronovias Fashion Group Antelope PR122AW2 | Koonings<\/title>\n<meta name=\"description\" content=\"Dieses atemberaubende Kleid ist Teil der We Do Eco Kollektion nachhaltiger Brautkleider von Pronovias. Die subtilen Puff\u00e4rmel dieses Hochzeitskleides aus Cr\u00eape machen dieses Kleid super elegant. Vor allem in Kombination mit dem besonders tief ausgeschnittenen Dekollet\u00e9 und der kurzen Schleppe ist es ein atemberaubendes Kleid.\" \/>\n<meta name=\"robots\" content=\"index, follow, max-snippet:-1, max-image-preview:large, max-video-preview:-1\" \/>\n<link rel=\"canonical\" href=\"https:\/\/www.koonings.com\/de\/product\/pronovias-fashion-group-antelope-pr122aw2\/\" \/>\n<meta property=\"og:locale\" content=\"de_DE\" \/>\n<meta property=\"og:type\" content=\"article\" \/>\n<meta property=\"og:title\" content=\"Pronovias Fashion Group Antelope PR122AW2 | Koonings\" \/>\n<meta property=\"og:description\" content=\"Dieses atemberaubende Kleid ist Teil der We Do Eco Kollektion nachhaltiger Brautkleider von Pronovias. Die subtilen Puff\u00e4rmel dieses Hochzeitskleides aus Cr\u00eape machen dieses Kleid super elegant. Vor allem in Kombination mit dem besonders tief ausgeschnittenen Dekollet\u00e9 und der kurzen Schleppe ist es ein atemberaubendes Kleid.\" \/>\n<meta property=\"og:url\" content=\"https:\/\/www.koonings.com\/de\/product\/pronovias-fashion-group-antelope-pr122aw2\/\" \/>\n<meta property=\"og:site_name\" content=\"Koonings\" \/>\n<meta property=\"article:publisher\" content=\"https:\/\/www.facebook.com\/kooningstheweddingpalace\" \/>\n<meta property=\"og:image\" content=\"https:\/\/www.koonings.com\/wp-content\/uploads\/2024\/11\/39538_c51c4c194fe1ac91487cf403cac7a9c12c0a71a7904e2dbaa3bdae1292cdc799a6dbe773.jpeg\" \/>\n\t<meta property=\"og:image:width\" content=\"300\" \/>\n\t<meta property=\"og:image:height\" content=\"450\" \/>\n\t<meta property=\"og:image:type\" content=\"image\/jpeg\" \/>\n<meta name=\"twitter:card\" content=\"summary_large_image\" \/>\n<script type=\"application\/ld+json\" class=\"yoast-schema-graph\">{\"@context\":\"https:\\\/\\\/schema.org\",\"@graph\":[{\"@type\":\"WebPage\",\"@id\":\"https:\\\/\\\/www.koonings.com\\\/de\\\/product\\\/pronovias-fashion-group-antelope-pr122aw2\\\/\",\"url\":\"https:\\\/\\\/www.koonings.com\\\/de\\\/product\\\/pronovias-fashion-group-antelope-pr122aw2\\\/\",\"name\":\"Pronovias Fashion Group Antelope PR122AW2 | Koonings\",\"isPartOf\":{\"@id\":\"https:\\\/\\\/www.koonings.com\\\/de\\\/#website\"},\"primaryImageOfPage\":{\"@id\":\"https:\\\/\\\/www.koonings.com\\\/de\\\/product\\\/pronovias-fashion-group-antelope-pr122aw2\\\/#primaryimage\"},\"image\":{\"@id\":\"https:\\\/\\\/www.koonings.com\\\/de\\\/product\\\/pronovias-fashion-group-antelope-pr122aw2\\\/#primaryimage\"},\"thumbnailUrl\":\"https:\\\/\\\/www.koonings.com\\\/wp-content\\\/uploads\\\/2024\\\/11\\\/39538_c51c4c194fe1ac91487cf403cac7a9c12c0a71a7904e2dbaa3bdae1292cdc799a6dbe773.jpeg\",\"datePublished\":\"2026-05-06T13:14:23+00:00\",\"description\":\"Dieses atemberaubende Kleid ist Teil der We Do Eco Kollektion nachhaltiger Brautkleider von Pronovias. Die subtilen Puff\u00e4rmel dieses Hochzeitskleides aus Cr\u00eape machen dieses Kleid super elegant. Vor allem in Kombination mit dem besonders tief ausgeschnittenen Dekollet\u00e9 und der kurzen Schleppe ist es ein atemberaubendes Kleid.\",\"breadcrumb\":{\"@id\":\"https:\\\/\\\/www.koonings.com\\\/de\\\/product\\\/pronovias-fashion-group-antelope-pr122aw2\\\/#breadcrumb\"},\"inLanguage\":\"de\",\"potentialAction\":[{\"@type\":\"ReadAction\",\"target\":[\"https:\\\/\\\/www.koonings.com\\\/de\\\/product\\\/pronovias-fashion-group-antelope-pr122aw2\\\/\"]}]},{\"@type\":\"ImageObject\",\"inLanguage\":\"de\",\"@id\":\"https:\\\/\\\/www.koonings.com\\\/de\\\/product\\\/pronovias-fashion-group-antelope-pr122aw2\\\/#primaryimage\",\"url\":\"https:\\\/\\\/www.koonings.com\\\/wp-content\\\/uploads\\\/2024\\\/11\\\/39538_c51c4c194fe1ac91487cf403cac7a9c12c0a71a7904e2dbaa3bdae1292cdc799a6dbe773.jpeg\",\"contentUrl\":\"https:\\\/\\\/www.koonings.com\\\/wp-content\\\/uploads\\\/2024\\\/11\\\/39538_c51c4c194fe1ac91487cf403cac7a9c12c0a71a7904e2dbaa3bdae1292cdc799a6dbe773.jpeg\",\"width\":300,\"height\":450},{\"@type\":\"BreadcrumbList\",\"@id\":\"https:\\\/\\\/www.koonings.com\\\/de\\\/product\\\/pronovias-fashion-group-antelope-pr122aw2\\\/#breadcrumb\",\"itemListElement\":[{\"@type\":\"ListItem\",\"position\":1,\"name\":\"Home\",\"item\":\"https:\\\/\\\/www.koonings.com\\\/de\\\/\"},{\"@type\":\"ListItem\",\"position\":2,\"name\":\"Pronovias Fashion Group Antelope PR122AW2\"}]},{\"@type\":\"WebSite\",\"@id\":\"https:\\\/\\\/www.koonings.com\\\/de\\\/#website\",\"url\":\"https:\\\/\\\/www.koonings.com\\\/de\\\/\",\"name\":\"Koonings\",\"description\":\"De grootste bruidsmodewinkel ter wereld\",\"publisher\":{\"@id\":\"https:\\\/\\\/www.koonings.com\\\/de\\\/#organization\"},\"potentialAction\":[{\"@type\":\"SearchAction\",\"target\":{\"@type\":\"EntryPoint\",\"urlTemplate\":\"https:\\\/\\\/www.koonings.com\\\/de\\\/?s={search_term_string}\"},\"query-input\":{\"@type\":\"PropertyValueSpecification\",\"valueRequired\":true,\"valueName\":\"search_term_string\"}}],\"inLanguage\":\"de\"},{\"@type\":\"Organization\",\"@id\":\"https:\\\/\\\/www.koonings.com\\\/de\\\/#organization\",\"name\":\"Koonings\",\"url\":\"https:\\\/\\\/www.koonings.com\\\/de\\\/\",\"logo\":{\"@type\":\"ImageObject\",\"inLanguage\":\"de\",\"@id\":\"https:\\\/\\\/www.koonings.com\\\/de\\\/#\\\/schema\\\/logo\\\/image\\\/\",\"url\":\"https:\\\/\\\/www.koonings.com\\\/wp-content\\\/uploads\\\/2024\\\/07\\\/logo.png\",\"contentUrl\":\"https:\\\/\\\/www.koonings.com\\\/wp-content\\\/uploads\\\/2024\\\/07\\\/logo.png\",\"width\":600,\"height\":428,\"caption\":\"Koonings\"},\"image\":{\"@id\":\"https:\\\/\\\/www.koonings.com\\\/de\\\/#\\\/schema\\\/logo\\\/image\\\/\"},\"sameAs\":[\"https:\\\/\\\/www.facebook.com\\\/kooningstheweddingpalace\",\"https:\\\/\\\/www.instagram.com\\\/kooningstheweddingpalace\",\"https:\\\/\\\/www.pinterest.com\\\/koonings\",\"https:\\\/\\\/www.youtube.com\\\/kooningstheweddingpalace\"]}]}<\/script>\n<!-- \/ Yoast SEO plugin. -->","yoast_head_json":{"title":"Pronovias Fashion Group Antelope PR122AW2 | Koonings","description":"Dieses atemberaubende Kleid ist Teil der We Do Eco Kollektion nachhaltiger Brautkleider von Pronovias. Die subtilen Puff\u00e4rmel dieses Hochzeitskleides aus Cr\u00eape machen dieses Kleid super elegant. Vor allem in Kombination mit dem besonders tief ausgeschnittenen Dekollet\u00e9 und der kurzen Schleppe ist es ein atemberaubendes Kleid.","robots":{"index":"index","follow":"follow","max-snippet":"max-snippet:-1","max-image-preview":"max-image-preview:large","max-video-preview":"max-video-preview:-1"},"canonical":"https:\/\/www.koonings.com\/de\/product\/pronovias-fashion-group-antelope-pr122aw2\/","og_locale":"de_DE","og_type":"article","og_title":"Pronovias Fashion Group Antelope PR122AW2 | Koonings","og_description":"Dieses atemberaubende Kleid ist Teil der We Do Eco Kollektion nachhaltiger Brautkleider von Pronovias. Die subtilen Puff\u00e4rmel dieses Hochzeitskleides aus Cr\u00eape machen dieses Kleid super elegant. Vor allem in Kombination mit dem besonders tief ausgeschnittenen Dekollet\u00e9 und der kurzen Schleppe ist es ein atemberaubendes Kleid.","og_url":"https:\/\/www.koonings.com\/de\/product\/pronovias-fashion-group-antelope-pr122aw2\/","og_site_name":"Koonings","article_publisher":"https:\/\/www.facebook.com\/kooningstheweddingpalace","og_image":[{"width":300,"height":450,"url":"https:\/\/www.koonings.com\/wp-content\/uploads\/2024\/11\/39538_c51c4c194fe1ac91487cf403cac7a9c12c0a71a7904e2dbaa3bdae1292cdc799a6dbe773.jpeg","type":"image\/jpeg"}],"twitter_card":"summary_large_image","schema":{"@context":"https:\/\/schema.org","@graph":[{"@type":"WebPage","@id":"https:\/\/www.koonings.com\/de\/product\/pronovias-fashion-group-antelope-pr122aw2\/","url":"https:\/\/www.koonings.com\/de\/product\/pronovias-fashion-group-antelope-pr122aw2\/","name":"Pronovias Fashion Group Antelope PR122AW2 | Koonings","isPartOf":{"@id":"https:\/\/www.koonings.com\/de\/#website"},"primaryImageOfPage":{"@id":"https:\/\/www.koonings.com\/de\/product\/pronovias-fashion-group-antelope-pr122aw2\/#primaryimage"},"image":{"@id":"https:\/\/www.koonings.com\/de\/product\/pronovias-fashion-group-antelope-pr122aw2\/#primaryimage"},"thumbnailUrl":"https:\/\/www.koonings.com\/wp-content\/uploads\/2024\/11\/39538_c51c4c194fe1ac91487cf403cac7a9c12c0a71a7904e2dbaa3bdae1292cdc799a6dbe773.jpeg","datePublished":"2026-05-06T13:14:23+00:00","description":"Dieses atemberaubende Kleid ist Teil der We Do Eco Kollektion nachhaltiger Brautkleider von Pronovias. Die subtilen Puff\u00e4rmel dieses Hochzeitskleides aus Cr\u00eape machen dieses Kleid super elegant. Vor allem in Kombination mit dem besonders tief ausgeschnittenen Dekollet\u00e9 und der kurzen Schleppe ist es ein atemberaubendes Kleid.","breadcrumb":{"@id":"https:\/\/www.koonings.com\/de\/product\/pronovias-fashion-group-antelope-pr122aw2\/#breadcrumb"},"inLanguage":"de","potentialAction":[{"@type":"ReadAction","target":["https:\/\/www.koonings.com\/de\/product\/pronovias-fashion-group-antelope-pr122aw2\/"]}]},{"@type":"ImageObject","inLanguage":"de","@id":"https:\/\/www.koonings.com\/de\/product\/pronovias-fashion-group-antelope-pr122aw2\/#primaryimage","url":"https:\/\/www.koonings.com\/wp-content\/uploads\/2024\/11\/39538_c51c4c194fe1ac91487cf403cac7a9c12c0a71a7904e2dbaa3bdae1292cdc799a6dbe773.jpeg","contentUrl":"https:\/\/www.koonings.com\/wp-content\/uploads\/2024\/11\/39538_c51c4c194fe1ac91487cf403cac7a9c12c0a71a7904e2dbaa3bdae1292cdc799a6dbe773.jpeg","width":300,"height":450},{"@type":"BreadcrumbList","@id":"https:\/\/www.koonings.com\/de\/product\/pronovias-fashion-group-antelope-pr122aw2\/#breadcrumb","itemListElement":[{"@type":"ListItem","position":1,"name":"Home","item":"https:\/\/www.koonings.com\/de\/"},{"@type":"ListItem","position":2,"name":"Pronovias Fashion Group Antelope PR122AW2"}]},{"@type":"WebSite","@id":"https:\/\/www.koonings.com\/de\/#website","url":"https:\/\/www.koonings.com\/de\/","name":"Koonings","description":"De grootste bruidsmodewinkel ter wereld","publisher":{"@id":"https:\/\/www.koonings.com\/de\/#organization"},"potentialAction":[{"@type":"SearchAction","target":{"@type":"EntryPoint","urlTemplate":"https:\/\/www.koonings.com\/de\/?s={search_term_string}"},"query-input":{"@type":"PropertyValueSpecification","valueRequired":true,"valueName":"search_term_string"}}],"inLanguage":"de"},{"@type":"Organization","@id":"https:\/\/www.koonings.com\/de\/#organization","name":"Koonings","url":"https:\/\/www.koonings.com\/de\/","logo":{"@type":"ImageObject","inLanguage":"de","@id":"https:\/\/www.koonings.com\/de\/#\/schema\/logo\/image\/","url":"https:\/\/www.koonings.com\/wp-content\/uploads\/2024\/07\/logo.png","contentUrl":"https:\/\/www.koonings.com\/wp-content\/uploads\/2024\/07\/logo.png","width":600,"height":428,"caption":"Koonings"},"image":{"@id":"https:\/\/www.koonings.com\/de\/#\/schema\/logo\/image\/"},"sameAs":["https:\/\/www.facebook.com\/kooningstheweddingpalace","https:\/\/www.instagram.com\/kooningstheweddingpalace","https:\/\/www.pinterest.com\/koonings","https:\/\/www.youtube.com\/kooningstheweddingpalace"]}]}},"_links":{"self":[{"href":"https:\/\/www.koonings.com\/de\/wp-json\/wp\/v2\/product\/58040","targetHints":{"allow":["GET"]}}],"collection":[{"href":"https:\/\/www.koonings.com\/de\/wp-json\/wp\/v2\/product"}],"about":[{"href":"https:\/\/www.koonings.com\/de\/wp-json\/wp\/v2\/types\/product"}],"wp:featuredmedia":[{"embeddable":true,"href":"https:\/\/www.koonings.com\/de\/wp-json\/wp\/v2\/media\/41173"}],"wp:attachment":[{"href":"https:\/\/www.koonings.com\/de\/wp-json\/wp\/v2\/media?parent=58040"}],"wp:term":[{"taxonomy":"productdetails","embeddable":true,"href":"https:\/\/www.koonings.com\/de\/wp-json\/wp\/v2\/productdetails?post=58040"},{"taxonomy":"productneck","embeddable":true,"href":"https:\/\/www.koonings.com\/de\/wp-json\/wp\/v2\/productneck?post=58040"},{"taxonomy":"productcolor","embeddable":true,"href":"https:\/\/www.koonings.com\/de\/wp-json\/wp\/v2\/productcolor?post=58040"},{"taxonomy":"maat","embeddable":true,"href":"https:\/\/www.koonings.com\/de\/wp-json\/wp\/v2\/maat?post=58040"},{"taxonomy":"productsupplier","embeddable":true,"href":"https:\/\/www.koonings.com\/de\/wp-json\/wp\/v2\/productsupplier?post=58040"},{"taxonomy":"productsleeve","embeddable":true,"href":"https:\/\/www.koonings.com\/de\/wp-json\/wp\/v2\/productsleeve?post=58040"},{"taxonomy":"productcategory","embeddable":true,"href":"https:\/\/www.koonings.com\/de\/wp-json\/wp\/v2\/productcategory?post=58040"},{"taxonomy":"productsilhouette","embeddable":true,"href":"https:\/\/www.koonings.com\/de\/wp-json\/wp\/v2\/productsilhouette?post=58040"},{"taxonomy":"productstyle","embeddable":true,"href":"https:\/\/www.koonings.com\/de\/wp-json\/wp\/v2\/productstyle?post=58040"}],"curies":[{"name":"wp","href":"https:\/\/api.w.org\/{rel}","templated":true}]}}