{"id":58017,"date":"2026-05-06T15:14:26","date_gmt":"2026-05-06T13:14:26","guid":{"rendered":"https:\/\/www.koonings.com\/product\/enzoani-tyra\/"},"modified":"2025-06-05T12:42:56","modified_gmt":"2025-06-05T10:42:56","slug":"enzoani-tyra","status":"publish","type":"product","link":"https:\/\/www.koonings.com\/de\/product\/enzoani-tyra\/","title":{"rendered":"Enzoani Tyra"},"content":{"rendered":"<p>Wir k\u00f6nnen uns gar nicht sattsehen an diesem g\u00f6ttlichen Meerjungfrauenkleid mit verzierten Perlen und zarter bestickter botanischer Spitze. Die Schicht aus weicher Chantilly-Spitze und schimmerndem Glitzert\u00fcll mit der schmeichelhaften, dessous\u00e4hnlichen Taillierung am Mieder sorgt f\u00fcr einen aufsehenerregenden Look. Die Illusion von Spitze am R\u00fccken geht in eine wundersch\u00f6ne Schleppe aus Spitze und T\u00fcll \u00fcber. Kombinieren Sie dieses Kleid mit den abnehmbaren, schulterfreien Tr\u00e4gern mit gestickten Blumenmustern f\u00fcr einen besonders raffinierten Touch.   <\/p>\n","protected":false},"featured_media":41284,"template":"","meta":{"_acf_changed":false,"ghostkit_customizer_options":"","ghostkit_custom_css":"","ghostkit_custom_js_head":"","ghostkit_custom_js_foot":"","ghostkit_typography":""},"productdetails":[379,377,376,381],"productneck":[354],"productcolor":[393,392],"maat":[],"productsupplier":[406],"productsleeve":[361],"productcategory":[18],"productsilhouette":[387],"productstyle":[366],"class_list":["post-58017","product","type-product","status-publish","has-post-thumbnail","hentry","productdetails-379","productdetails-377","productdetails-376","productdetails-381","productneck-354","productcolor-393","productcolor-392","productsupplier-enzoani","productsleeve-361","productcategory-trouwjurken","productsilhouette-387","productstyle-366"],"acf":[],"yoast_head":"<!-- This site is optimized with the Yoast SEO plugin v27.3 - https:\/\/yoast.com\/product\/yoast-seo-wordpress\/ -->\n<title>Enzoani Tyra | Koonings<\/title>\n<meta name=\"description\" content=\"Wir k\u00f6nnen uns gar nicht sattsehen an diesem g\u00f6ttlichen Meerjungfrauenkleid mit verzierten Perlen und zarter bestickter botanischer Spitze. Die Schicht aus weicher Chantilly-Spitze und schimmerndem Glitzert\u00fcll mit der schmeichelhaften, dessous\u00e4hnlichen Taillierung am Mieder sorgt f\u00fcr einen aufsehenerregenden Look. Die Illusion von Spitze am R\u00fccken geht in eine wundersch\u00f6ne Schleppe aus Spitze und T\u00fcll \u00fcber. Kombinieren Sie dieses Kleid mit den abnehmbaren, schulterfreien Tr\u00e4gern mit gestickten Blumenmustern f\u00fcr einen besonders raffinierten Touch.\" \/>\n<meta name=\"robots\" content=\"index, follow, max-snippet:-1, max-image-preview:large, max-video-preview:-1\" \/>\n<link rel=\"canonical\" href=\"https:\/\/www.koonings.com\/de\/product\/enzoani-tyra\/\" \/>\n<meta property=\"og:locale\" content=\"de_DE\" \/>\n<meta property=\"og:type\" content=\"article\" \/>\n<meta property=\"og:title\" content=\"Enzoani Tyra | Koonings\" \/>\n<meta property=\"og:description\" content=\"Wir k\u00f6nnen uns gar nicht sattsehen an diesem g\u00f6ttlichen Meerjungfrauenkleid mit verzierten Perlen und zarter bestickter botanischer Spitze. Die Schicht aus weicher Chantilly-Spitze und schimmerndem Glitzert\u00fcll mit der schmeichelhaften, dessous\u00e4hnlichen Taillierung am Mieder sorgt f\u00fcr einen aufsehenerregenden Look. Die Illusion von Spitze am R\u00fccken geht in eine wundersch\u00f6ne Schleppe aus Spitze und T\u00fcll \u00fcber. Kombinieren Sie dieses Kleid mit den abnehmbaren, schulterfreien Tr\u00e4gern mit gestickten Blumenmustern f\u00fcr einen besonders raffinierten Touch.\" \/>\n<meta property=\"og:url\" content=\"https:\/\/www.koonings.com\/de\/product\/enzoani-tyra\/\" \/>\n<meta property=\"og:site_name\" content=\"Koonings\" \/>\n<meta property=\"article:publisher\" content=\"https:\/\/www.facebook.com\/kooningstheweddingpalace\" \/>\n<meta property=\"og:image\" content=\"https:\/\/www.koonings.com\/wp-content\/uploads\/2024\/11\/39547_1d92fa67c0c02a35fd4e1e98e1a4264778e183c10c9048903e3886c74cc4fc16cb692eae.jpeg\" \/>\n\t<meta property=\"og:image:width\" content=\"1035\" \/>\n\t<meta property=\"og:image:height\" content=\"1380\" \/>\n\t<meta property=\"og:image:type\" content=\"image\/jpeg\" \/>\n<meta name=\"twitter:card\" content=\"summary_large_image\" \/>\n<script type=\"application\/ld+json\" class=\"yoast-schema-graph\">{\"@context\":\"https:\\\/\\\/schema.org\",\"@graph\":[{\"@type\":\"WebPage\",\"@id\":\"https:\\\/\\\/www.koonings.com\\\/de\\\/product\\\/enzoani-tyra\\\/\",\"url\":\"https:\\\/\\\/www.koonings.com\\\/de\\\/product\\\/enzoani-tyra\\\/\",\"name\":\"Enzoani Tyra | Koonings\",\"isPartOf\":{\"@id\":\"https:\\\/\\\/www.koonings.com\\\/de\\\/#website\"},\"primaryImageOfPage\":{\"@id\":\"https:\\\/\\\/www.koonings.com\\\/de\\\/product\\\/enzoani-tyra\\\/#primaryimage\"},\"image\":{\"@id\":\"https:\\\/\\\/www.koonings.com\\\/de\\\/product\\\/enzoani-tyra\\\/#primaryimage\"},\"thumbnailUrl\":\"https:\\\/\\\/www.koonings.com\\\/wp-content\\\/uploads\\\/2024\\\/11\\\/39547_1d92fa67c0c02a35fd4e1e98e1a4264778e183c10c9048903e3886c74cc4fc16cb692eae.jpeg\",\"datePublished\":\"2026-05-06T13:14:26+00:00\",\"description\":\"Wir k\u00f6nnen uns gar nicht sattsehen an diesem g\u00f6ttlichen Meerjungfrauenkleid mit verzierten Perlen und zarter bestickter botanischer Spitze. Die Schicht aus weicher Chantilly-Spitze und schimmerndem Glitzert\u00fcll mit der schmeichelhaften, dessous\u00e4hnlichen Taillierung am Mieder sorgt f\u00fcr einen aufsehenerregenden Look. Die Illusion von Spitze am R\u00fccken geht in eine wundersch\u00f6ne Schleppe aus Spitze und T\u00fcll \u00fcber. Kombinieren Sie dieses Kleid mit den abnehmbaren, schulterfreien Tr\u00e4gern mit gestickten Blumenmustern f\u00fcr einen besonders raffinierten Touch.\",\"breadcrumb\":{\"@id\":\"https:\\\/\\\/www.koonings.com\\\/de\\\/product\\\/enzoani-tyra\\\/#breadcrumb\"},\"inLanguage\":\"de\",\"potentialAction\":[{\"@type\":\"ReadAction\",\"target\":[\"https:\\\/\\\/www.koonings.com\\\/de\\\/product\\\/enzoani-tyra\\\/\"]}]},{\"@type\":\"ImageObject\",\"inLanguage\":\"de\",\"@id\":\"https:\\\/\\\/www.koonings.com\\\/de\\\/product\\\/enzoani-tyra\\\/#primaryimage\",\"url\":\"https:\\\/\\\/www.koonings.com\\\/wp-content\\\/uploads\\\/2024\\\/11\\\/39547_1d92fa67c0c02a35fd4e1e98e1a4264778e183c10c9048903e3886c74cc4fc16cb692eae.jpeg\",\"contentUrl\":\"https:\\\/\\\/www.koonings.com\\\/wp-content\\\/uploads\\\/2024\\\/11\\\/39547_1d92fa67c0c02a35fd4e1e98e1a4264778e183c10c9048903e3886c74cc4fc16cb692eae.jpeg\",\"width\":1035,\"height\":1380},{\"@type\":\"BreadcrumbList\",\"@id\":\"https:\\\/\\\/www.koonings.com\\\/de\\\/product\\\/enzoani-tyra\\\/#breadcrumb\",\"itemListElement\":[{\"@type\":\"ListItem\",\"position\":1,\"name\":\"Home\",\"item\":\"https:\\\/\\\/www.koonings.com\\\/de\\\/\"},{\"@type\":\"ListItem\",\"position\":2,\"name\":\"Enzoani Tyra\"}]},{\"@type\":\"WebSite\",\"@id\":\"https:\\\/\\\/www.koonings.com\\\/de\\\/#website\",\"url\":\"https:\\\/\\\/www.koonings.com\\\/de\\\/\",\"name\":\"Koonings\",\"description\":\"De grootste bruidsmodewinkel ter wereld\",\"publisher\":{\"@id\":\"https:\\\/\\\/www.koonings.com\\\/de\\\/#organization\"},\"potentialAction\":[{\"@type\":\"SearchAction\",\"target\":{\"@type\":\"EntryPoint\",\"urlTemplate\":\"https:\\\/\\\/www.koonings.com\\\/de\\\/?s={search_term_string}\"},\"query-input\":{\"@type\":\"PropertyValueSpecification\",\"valueRequired\":true,\"valueName\":\"search_term_string\"}}],\"inLanguage\":\"de\"},{\"@type\":\"Organization\",\"@id\":\"https:\\\/\\\/www.koonings.com\\\/de\\\/#organization\",\"name\":\"Koonings\",\"url\":\"https:\\\/\\\/www.koonings.com\\\/de\\\/\",\"logo\":{\"@type\":\"ImageObject\",\"inLanguage\":\"de\",\"@id\":\"https:\\\/\\\/www.koonings.com\\\/de\\\/#\\\/schema\\\/logo\\\/image\\\/\",\"url\":\"https:\\\/\\\/www.koonings.com\\\/wp-content\\\/uploads\\\/2024\\\/07\\\/logo.png\",\"contentUrl\":\"https:\\\/\\\/www.koonings.com\\\/wp-content\\\/uploads\\\/2024\\\/07\\\/logo.png\",\"width\":600,\"height\":428,\"caption\":\"Koonings\"},\"image\":{\"@id\":\"https:\\\/\\\/www.koonings.com\\\/de\\\/#\\\/schema\\\/logo\\\/image\\\/\"},\"sameAs\":[\"https:\\\/\\\/www.facebook.com\\\/kooningstheweddingpalace\",\"https:\\\/\\\/www.instagram.com\\\/kooningstheweddingpalace\",\"https:\\\/\\\/www.pinterest.com\\\/koonings\",\"https:\\\/\\\/www.youtube.com\\\/kooningstheweddingpalace\"]}]}<\/script>\n<!-- \/ Yoast SEO plugin. -->","yoast_head_json":{"title":"Enzoani Tyra | Koonings","description":"Wir k\u00f6nnen uns gar nicht sattsehen an diesem g\u00f6ttlichen Meerjungfrauenkleid mit verzierten Perlen und zarter bestickter botanischer Spitze. Die Schicht aus weicher Chantilly-Spitze und schimmerndem Glitzert\u00fcll mit der schmeichelhaften, dessous\u00e4hnlichen Taillierung am Mieder sorgt f\u00fcr einen aufsehenerregenden Look. Die Illusion von Spitze am R\u00fccken geht in eine wundersch\u00f6ne Schleppe aus Spitze und T\u00fcll \u00fcber. Kombinieren Sie dieses Kleid mit den abnehmbaren, schulterfreien Tr\u00e4gern mit gestickten Blumenmustern f\u00fcr einen besonders raffinierten Touch.","robots":{"index":"index","follow":"follow","max-snippet":"max-snippet:-1","max-image-preview":"max-image-preview:large","max-video-preview":"max-video-preview:-1"},"canonical":"https:\/\/www.koonings.com\/de\/product\/enzoani-tyra\/","og_locale":"de_DE","og_type":"article","og_title":"Enzoani Tyra | Koonings","og_description":"Wir k\u00f6nnen uns gar nicht sattsehen an diesem g\u00f6ttlichen Meerjungfrauenkleid mit verzierten Perlen und zarter bestickter botanischer Spitze. Die Schicht aus weicher Chantilly-Spitze und schimmerndem Glitzert\u00fcll mit der schmeichelhaften, dessous\u00e4hnlichen Taillierung am Mieder sorgt f\u00fcr einen aufsehenerregenden Look. Die Illusion von Spitze am R\u00fccken geht in eine wundersch\u00f6ne Schleppe aus Spitze und T\u00fcll \u00fcber. Kombinieren Sie dieses Kleid mit den abnehmbaren, schulterfreien Tr\u00e4gern mit gestickten Blumenmustern f\u00fcr einen besonders raffinierten Touch.","og_url":"https:\/\/www.koonings.com\/de\/product\/enzoani-tyra\/","og_site_name":"Koonings","article_publisher":"https:\/\/www.facebook.com\/kooningstheweddingpalace","og_image":[{"width":1035,"height":1380,"url":"https:\/\/www.koonings.com\/wp-content\/uploads\/2024\/11\/39547_1d92fa67c0c02a35fd4e1e98e1a4264778e183c10c9048903e3886c74cc4fc16cb692eae.jpeg","type":"image\/jpeg"}],"twitter_card":"summary_large_image","schema":{"@context":"https:\/\/schema.org","@graph":[{"@type":"WebPage","@id":"https:\/\/www.koonings.com\/de\/product\/enzoani-tyra\/","url":"https:\/\/www.koonings.com\/de\/product\/enzoani-tyra\/","name":"Enzoani Tyra | Koonings","isPartOf":{"@id":"https:\/\/www.koonings.com\/de\/#website"},"primaryImageOfPage":{"@id":"https:\/\/www.koonings.com\/de\/product\/enzoani-tyra\/#primaryimage"},"image":{"@id":"https:\/\/www.koonings.com\/de\/product\/enzoani-tyra\/#primaryimage"},"thumbnailUrl":"https:\/\/www.koonings.com\/wp-content\/uploads\/2024\/11\/39547_1d92fa67c0c02a35fd4e1e98e1a4264778e183c10c9048903e3886c74cc4fc16cb692eae.jpeg","datePublished":"2026-05-06T13:14:26+00:00","description":"Wir k\u00f6nnen uns gar nicht sattsehen an diesem g\u00f6ttlichen Meerjungfrauenkleid mit verzierten Perlen und zarter bestickter botanischer Spitze. Die Schicht aus weicher Chantilly-Spitze und schimmerndem Glitzert\u00fcll mit der schmeichelhaften, dessous\u00e4hnlichen Taillierung am Mieder sorgt f\u00fcr einen aufsehenerregenden Look. Die Illusion von Spitze am R\u00fccken geht in eine wundersch\u00f6ne Schleppe aus Spitze und T\u00fcll \u00fcber. Kombinieren Sie dieses Kleid mit den abnehmbaren, schulterfreien Tr\u00e4gern mit gestickten Blumenmustern f\u00fcr einen besonders raffinierten Touch.","breadcrumb":{"@id":"https:\/\/www.koonings.com\/de\/product\/enzoani-tyra\/#breadcrumb"},"inLanguage":"de","potentialAction":[{"@type":"ReadAction","target":["https:\/\/www.koonings.com\/de\/product\/enzoani-tyra\/"]}]},{"@type":"ImageObject","inLanguage":"de","@id":"https:\/\/www.koonings.com\/de\/product\/enzoani-tyra\/#primaryimage","url":"https:\/\/www.koonings.com\/wp-content\/uploads\/2024\/11\/39547_1d92fa67c0c02a35fd4e1e98e1a4264778e183c10c9048903e3886c74cc4fc16cb692eae.jpeg","contentUrl":"https:\/\/www.koonings.com\/wp-content\/uploads\/2024\/11\/39547_1d92fa67c0c02a35fd4e1e98e1a4264778e183c10c9048903e3886c74cc4fc16cb692eae.jpeg","width":1035,"height":1380},{"@type":"BreadcrumbList","@id":"https:\/\/www.koonings.com\/de\/product\/enzoani-tyra\/#breadcrumb","itemListElement":[{"@type":"ListItem","position":1,"name":"Home","item":"https:\/\/www.koonings.com\/de\/"},{"@type":"ListItem","position":2,"name":"Enzoani Tyra"}]},{"@type":"WebSite","@id":"https:\/\/www.koonings.com\/de\/#website","url":"https:\/\/www.koonings.com\/de\/","name":"Koonings","description":"De grootste bruidsmodewinkel ter wereld","publisher":{"@id":"https:\/\/www.koonings.com\/de\/#organization"},"potentialAction":[{"@type":"SearchAction","target":{"@type":"EntryPoint","urlTemplate":"https:\/\/www.koonings.com\/de\/?s={search_term_string}"},"query-input":{"@type":"PropertyValueSpecification","valueRequired":true,"valueName":"search_term_string"}}],"inLanguage":"de"},{"@type":"Organization","@id":"https:\/\/www.koonings.com\/de\/#organization","name":"Koonings","url":"https:\/\/www.koonings.com\/de\/","logo":{"@type":"ImageObject","inLanguage":"de","@id":"https:\/\/www.koonings.com\/de\/#\/schema\/logo\/image\/","url":"https:\/\/www.koonings.com\/wp-content\/uploads\/2024\/07\/logo.png","contentUrl":"https:\/\/www.koonings.com\/wp-content\/uploads\/2024\/07\/logo.png","width":600,"height":428,"caption":"Koonings"},"image":{"@id":"https:\/\/www.koonings.com\/de\/#\/schema\/logo\/image\/"},"sameAs":["https:\/\/www.facebook.com\/kooningstheweddingpalace","https:\/\/www.instagram.com\/kooningstheweddingpalace","https:\/\/www.pinterest.com\/koonings","https:\/\/www.youtube.com\/kooningstheweddingpalace"]}]}},"_links":{"self":[{"href":"https:\/\/www.koonings.com\/de\/wp-json\/wp\/v2\/product\/58017","targetHints":{"allow":["GET"]}}],"collection":[{"href":"https:\/\/www.koonings.com\/de\/wp-json\/wp\/v2\/product"}],"about":[{"href":"https:\/\/www.koonings.com\/de\/wp-json\/wp\/v2\/types\/product"}],"wp:featuredmedia":[{"embeddable":true,"href":"https:\/\/www.koonings.com\/de\/wp-json\/wp\/v2\/media\/41284"}],"wp:attachment":[{"href":"https:\/\/www.koonings.com\/de\/wp-json\/wp\/v2\/media?parent=58017"}],"wp:term":[{"taxonomy":"productdetails","embeddable":true,"href":"https:\/\/www.koonings.com\/de\/wp-json\/wp\/v2\/productdetails?post=58017"},{"taxonomy":"productneck","embeddable":true,"href":"https:\/\/www.koonings.com\/de\/wp-json\/wp\/v2\/productneck?post=58017"},{"taxonomy":"productcolor","embeddable":true,"href":"https:\/\/www.koonings.com\/de\/wp-json\/wp\/v2\/productcolor?post=58017"},{"taxonomy":"maat","embeddable":true,"href":"https:\/\/www.koonings.com\/de\/wp-json\/wp\/v2\/maat?post=58017"},{"taxonomy":"productsupplier","embeddable":true,"href":"https:\/\/www.koonings.com\/de\/wp-json\/wp\/v2\/productsupplier?post=58017"},{"taxonomy":"productsleeve","embeddable":true,"href":"https:\/\/www.koonings.com\/de\/wp-json\/wp\/v2\/productsleeve?post=58017"},{"taxonomy":"productcategory","embeddable":true,"href":"https:\/\/www.koonings.com\/de\/wp-json\/wp\/v2\/productcategory?post=58017"},{"taxonomy":"productsilhouette","embeddable":true,"href":"https:\/\/www.koonings.com\/de\/wp-json\/wp\/v2\/productsilhouette?post=58017"},{"taxonomy":"productstyle","embeddable":true,"href":"https:\/\/www.koonings.com\/de\/wp-json\/wp\/v2\/productstyle?post=58017"}],"curies":[{"name":"wp","href":"https:\/\/api.w.org\/{rel}","templated":true}]}}