{"id":58009,"date":"2026-04-14T16:14:54","date_gmt":"2026-04-14T14:14:54","guid":{"rendered":"https:\/\/www.koonings.com\/product\/enzoani-tianna\/"},"modified":"2025-06-05T12:43:00","modified_gmt":"2025-06-05T10:43:00","slug":"enzoani-tianna","status":"publish","type":"product","link":"https:\/\/www.koonings.com\/de\/product\/enzoani-tianna\/","title":{"rendered":"Enzoani Tianna"},"content":{"rendered":"<p>Sp\u00fcren Sie die Romantik in Tianna und ihrer aktualisierten Meerjungfrauen-Silhouette. Das romantische herzf\u00f6rmige Korsettmieder, das in einen ausgestellten Rock \u00fcbergeht, ist \u00fcber und \u00fcber mit wundersch\u00f6nen, perlenbesetzten Blumenmustern, bestickter botanischer Spitze und verstreuten 3D-Bl\u00fctenbl\u00e4ttern geschm\u00fcckt. Lagen aus schimmerndem Glitzert\u00fcll und ein halbtransparentes Futter aus Chiffon verleihen diesem wundersch\u00f6nen Kleid eine auff\u00e4llige Dimension. Der Illusionskorsett-R\u00fccken und die zarten Kn\u00f6pfe verlaufen entlang der Schleppe aus Glitzert\u00fcll und Chiffon.   <\/p>\n","protected":false},"featured_media":41339,"template":"","meta":{"_acf_changed":false,"ghostkit_customizer_options":"","ghostkit_custom_css":"","ghostkit_custom_js_head":"","ghostkit_custom_js_foot":"","ghostkit_typography":""},"productdetails":[379,377,376,381],"productneck":[354],"productcolor":[393,392],"maat":[],"productsupplier":[406],"productsleeve":[],"productcategory":[18],"productsilhouette":[387],"productstyle":[366],"class_list":["post-58009","product","type-product","status-publish","has-post-thumbnail","hentry","productdetails-379","productdetails-377","productdetails-376","productdetails-381","productneck-354","productcolor-393","productcolor-392","productsupplier-enzoani","productcategory-trouwjurken","productsilhouette-387","productstyle-366"],"acf":[],"yoast_head":"<!-- This site is optimized with the Yoast SEO plugin v27.3 - https:\/\/yoast.com\/product\/yoast-seo-wordpress\/ -->\n<title>Enzoani Tianna | Koonings<\/title>\n<meta name=\"description\" content=\"Sp\u00fcren Sie die Romantik in Tianna und ihrer aktualisierten Meerjungfrauen-Silhouette. Das romantische herzf\u00f6rmige Korsettmieder, das in einen ausgestellten Rock \u00fcbergeht, ist \u00fcber und \u00fcber mit wundersch\u00f6nen, perlenbesetzten Blumenmustern, bestickter botanischer Spitze und verstreuten 3D-Bl\u00fctenbl\u00e4ttern geschm\u00fcckt. Lagen aus schimmerndem Glitzert\u00fcll und ein halbtransparentes Futter aus Chiffon verleihen diesem wundersch\u00f6nen Kleid eine auff\u00e4llige Dimension. Der Illusionskorsett-R\u00fccken und die zarten Kn\u00f6pfe verlaufen entlang der Schleppe aus Glitzert\u00fcll und Chiffon.\" \/>\n<meta name=\"robots\" content=\"index, follow, max-snippet:-1, max-image-preview:large, max-video-preview:-1\" \/>\n<link rel=\"canonical\" href=\"https:\/\/www.koonings.com\/de\/product\/enzoani-tianna\/\" \/>\n<meta property=\"og:locale\" content=\"de_DE\" \/>\n<meta property=\"og:type\" content=\"article\" \/>\n<meta property=\"og:title\" content=\"Enzoani Tianna | Koonings\" \/>\n<meta property=\"og:description\" content=\"Sp\u00fcren Sie die Romantik in Tianna und ihrer aktualisierten Meerjungfrauen-Silhouette. Das romantische herzf\u00f6rmige Korsettmieder, das in einen ausgestellten Rock \u00fcbergeht, ist \u00fcber und \u00fcber mit wundersch\u00f6nen, perlenbesetzten Blumenmustern, bestickter botanischer Spitze und verstreuten 3D-Bl\u00fctenbl\u00e4ttern geschm\u00fcckt. Lagen aus schimmerndem Glitzert\u00fcll und ein halbtransparentes Futter aus Chiffon verleihen diesem wundersch\u00f6nen Kleid eine auff\u00e4llige Dimension. Der Illusionskorsett-R\u00fccken und die zarten Kn\u00f6pfe verlaufen entlang der Schleppe aus Glitzert\u00fcll und Chiffon.\" \/>\n<meta property=\"og:url\" content=\"https:\/\/www.koonings.com\/de\/product\/enzoani-tianna\/\" \/>\n<meta property=\"og:site_name\" content=\"Koonings\" \/>\n<meta property=\"article:publisher\" content=\"https:\/\/www.facebook.com\/kooningstheweddingpalace\" \/>\n<meta property=\"og:image\" content=\"https:\/\/www.koonings.com\/wp-content\/uploads\/2024\/11\/39550_d25eb6604ff4ef107c6e3c7c744beceb0443e1c16344d5b05671b8d4b30904b3c462be9a.jpeg\" \/>\n\t<meta property=\"og:image:width\" content=\"1035\" \/>\n\t<meta property=\"og:image:height\" content=\"1380\" \/>\n\t<meta property=\"og:image:type\" content=\"image\/jpeg\" \/>\n<meta name=\"twitter:card\" content=\"summary_large_image\" \/>\n<script type=\"application\/ld+json\" class=\"yoast-schema-graph\">{\"@context\":\"https:\\\/\\\/schema.org\",\"@graph\":[{\"@type\":\"WebPage\",\"@id\":\"https:\\\/\\\/www.koonings.com\\\/de\\\/product\\\/enzoani-tianna\\\/\",\"url\":\"https:\\\/\\\/www.koonings.com\\\/de\\\/product\\\/enzoani-tianna\\\/\",\"name\":\"Enzoani Tianna | Koonings\",\"isPartOf\":{\"@id\":\"https:\\\/\\\/www.koonings.com\\\/de\\\/#website\"},\"primaryImageOfPage\":{\"@id\":\"https:\\\/\\\/www.koonings.com\\\/de\\\/product\\\/enzoani-tianna\\\/#primaryimage\"},\"image\":{\"@id\":\"https:\\\/\\\/www.koonings.com\\\/de\\\/product\\\/enzoani-tianna\\\/#primaryimage\"},\"thumbnailUrl\":\"https:\\\/\\\/www.koonings.com\\\/wp-content\\\/uploads\\\/2024\\\/11\\\/39550_d25eb6604ff4ef107c6e3c7c744beceb0443e1c16344d5b05671b8d4b30904b3c462be9a.jpeg\",\"datePublished\":\"2026-04-14T14:14:54+00:00\",\"description\":\"Sp\u00fcren Sie die Romantik in Tianna und ihrer aktualisierten Meerjungfrauen-Silhouette. Das romantische herzf\u00f6rmige Korsettmieder, das in einen ausgestellten Rock \u00fcbergeht, ist \u00fcber und \u00fcber mit wundersch\u00f6nen, perlenbesetzten Blumenmustern, bestickter botanischer Spitze und verstreuten 3D-Bl\u00fctenbl\u00e4ttern geschm\u00fcckt. Lagen aus schimmerndem Glitzert\u00fcll und ein halbtransparentes Futter aus Chiffon verleihen diesem wundersch\u00f6nen Kleid eine auff\u00e4llige Dimension. Der Illusionskorsett-R\u00fccken und die zarten Kn\u00f6pfe verlaufen entlang der Schleppe aus Glitzert\u00fcll und Chiffon.\",\"breadcrumb\":{\"@id\":\"https:\\\/\\\/www.koonings.com\\\/de\\\/product\\\/enzoani-tianna\\\/#breadcrumb\"},\"inLanguage\":\"de\",\"potentialAction\":[{\"@type\":\"ReadAction\",\"target\":[\"https:\\\/\\\/www.koonings.com\\\/de\\\/product\\\/enzoani-tianna\\\/\"]}]},{\"@type\":\"ImageObject\",\"inLanguage\":\"de\",\"@id\":\"https:\\\/\\\/www.koonings.com\\\/de\\\/product\\\/enzoani-tianna\\\/#primaryimage\",\"url\":\"https:\\\/\\\/www.koonings.com\\\/wp-content\\\/uploads\\\/2024\\\/11\\\/39550_d25eb6604ff4ef107c6e3c7c744beceb0443e1c16344d5b05671b8d4b30904b3c462be9a.jpeg\",\"contentUrl\":\"https:\\\/\\\/www.koonings.com\\\/wp-content\\\/uploads\\\/2024\\\/11\\\/39550_d25eb6604ff4ef107c6e3c7c744beceb0443e1c16344d5b05671b8d4b30904b3c462be9a.jpeg\",\"width\":1035,\"height\":1380},{\"@type\":\"BreadcrumbList\",\"@id\":\"https:\\\/\\\/www.koonings.com\\\/de\\\/product\\\/enzoani-tianna\\\/#breadcrumb\",\"itemListElement\":[{\"@type\":\"ListItem\",\"position\":1,\"name\":\"Home\",\"item\":\"https:\\\/\\\/www.koonings.com\\\/de\\\/\"},{\"@type\":\"ListItem\",\"position\":2,\"name\":\"Enzoani Tianna\"}]},{\"@type\":\"WebSite\",\"@id\":\"https:\\\/\\\/www.koonings.com\\\/de\\\/#website\",\"url\":\"https:\\\/\\\/www.koonings.com\\\/de\\\/\",\"name\":\"Koonings\",\"description\":\"De grootste bruidsmodewinkel ter wereld\",\"publisher\":{\"@id\":\"https:\\\/\\\/www.koonings.com\\\/de\\\/#organization\"},\"potentialAction\":[{\"@type\":\"SearchAction\",\"target\":{\"@type\":\"EntryPoint\",\"urlTemplate\":\"https:\\\/\\\/www.koonings.com\\\/de\\\/?s={search_term_string}\"},\"query-input\":{\"@type\":\"PropertyValueSpecification\",\"valueRequired\":true,\"valueName\":\"search_term_string\"}}],\"inLanguage\":\"de\"},{\"@type\":\"Organization\",\"@id\":\"https:\\\/\\\/www.koonings.com\\\/de\\\/#organization\",\"name\":\"Koonings\",\"url\":\"https:\\\/\\\/www.koonings.com\\\/de\\\/\",\"logo\":{\"@type\":\"ImageObject\",\"inLanguage\":\"de\",\"@id\":\"https:\\\/\\\/www.koonings.com\\\/de\\\/#\\\/schema\\\/logo\\\/image\\\/\",\"url\":\"https:\\\/\\\/www.koonings.com\\\/wp-content\\\/uploads\\\/2024\\\/07\\\/logo.png\",\"contentUrl\":\"https:\\\/\\\/www.koonings.com\\\/wp-content\\\/uploads\\\/2024\\\/07\\\/logo.png\",\"width\":600,\"height\":428,\"caption\":\"Koonings\"},\"image\":{\"@id\":\"https:\\\/\\\/www.koonings.com\\\/de\\\/#\\\/schema\\\/logo\\\/image\\\/\"},\"sameAs\":[\"https:\\\/\\\/www.facebook.com\\\/kooningstheweddingpalace\",\"https:\\\/\\\/www.instagram.com\\\/kooningstheweddingpalace\",\"https:\\\/\\\/www.pinterest.com\\\/koonings\",\"https:\\\/\\\/www.youtube.com\\\/kooningstheweddingpalace\"]}]}<\/script>\n<!-- \/ Yoast SEO plugin. -->","yoast_head_json":{"title":"Enzoani Tianna | Koonings","description":"Sp\u00fcren Sie die Romantik in Tianna und ihrer aktualisierten Meerjungfrauen-Silhouette. Das romantische herzf\u00f6rmige Korsettmieder, das in einen ausgestellten Rock \u00fcbergeht, ist \u00fcber und \u00fcber mit wundersch\u00f6nen, perlenbesetzten Blumenmustern, bestickter botanischer Spitze und verstreuten 3D-Bl\u00fctenbl\u00e4ttern geschm\u00fcckt. Lagen aus schimmerndem Glitzert\u00fcll und ein halbtransparentes Futter aus Chiffon verleihen diesem wundersch\u00f6nen Kleid eine auff\u00e4llige Dimension. Der Illusionskorsett-R\u00fccken und die zarten Kn\u00f6pfe verlaufen entlang der Schleppe aus Glitzert\u00fcll und Chiffon.","robots":{"index":"index","follow":"follow","max-snippet":"max-snippet:-1","max-image-preview":"max-image-preview:large","max-video-preview":"max-video-preview:-1"},"canonical":"https:\/\/www.koonings.com\/de\/product\/enzoani-tianna\/","og_locale":"de_DE","og_type":"article","og_title":"Enzoani Tianna | Koonings","og_description":"Sp\u00fcren Sie die Romantik in Tianna und ihrer aktualisierten Meerjungfrauen-Silhouette. Das romantische herzf\u00f6rmige Korsettmieder, das in einen ausgestellten Rock \u00fcbergeht, ist \u00fcber und \u00fcber mit wundersch\u00f6nen, perlenbesetzten Blumenmustern, bestickter botanischer Spitze und verstreuten 3D-Bl\u00fctenbl\u00e4ttern geschm\u00fcckt. Lagen aus schimmerndem Glitzert\u00fcll und ein halbtransparentes Futter aus Chiffon verleihen diesem wundersch\u00f6nen Kleid eine auff\u00e4llige Dimension. Der Illusionskorsett-R\u00fccken und die zarten Kn\u00f6pfe verlaufen entlang der Schleppe aus Glitzert\u00fcll und Chiffon.","og_url":"https:\/\/www.koonings.com\/de\/product\/enzoani-tianna\/","og_site_name":"Koonings","article_publisher":"https:\/\/www.facebook.com\/kooningstheweddingpalace","og_image":[{"width":1035,"height":1380,"url":"https:\/\/www.koonings.com\/wp-content\/uploads\/2024\/11\/39550_d25eb6604ff4ef107c6e3c7c744beceb0443e1c16344d5b05671b8d4b30904b3c462be9a.jpeg","type":"image\/jpeg"}],"twitter_card":"summary_large_image","schema":{"@context":"https:\/\/schema.org","@graph":[{"@type":"WebPage","@id":"https:\/\/www.koonings.com\/de\/product\/enzoani-tianna\/","url":"https:\/\/www.koonings.com\/de\/product\/enzoani-tianna\/","name":"Enzoani Tianna | Koonings","isPartOf":{"@id":"https:\/\/www.koonings.com\/de\/#website"},"primaryImageOfPage":{"@id":"https:\/\/www.koonings.com\/de\/product\/enzoani-tianna\/#primaryimage"},"image":{"@id":"https:\/\/www.koonings.com\/de\/product\/enzoani-tianna\/#primaryimage"},"thumbnailUrl":"https:\/\/www.koonings.com\/wp-content\/uploads\/2024\/11\/39550_d25eb6604ff4ef107c6e3c7c744beceb0443e1c16344d5b05671b8d4b30904b3c462be9a.jpeg","datePublished":"2026-04-14T14:14:54+00:00","description":"Sp\u00fcren Sie die Romantik in Tianna und ihrer aktualisierten Meerjungfrauen-Silhouette. Das romantische herzf\u00f6rmige Korsettmieder, das in einen ausgestellten Rock \u00fcbergeht, ist \u00fcber und \u00fcber mit wundersch\u00f6nen, perlenbesetzten Blumenmustern, bestickter botanischer Spitze und verstreuten 3D-Bl\u00fctenbl\u00e4ttern geschm\u00fcckt. Lagen aus schimmerndem Glitzert\u00fcll und ein halbtransparentes Futter aus Chiffon verleihen diesem wundersch\u00f6nen Kleid eine auff\u00e4llige Dimension. Der Illusionskorsett-R\u00fccken und die zarten Kn\u00f6pfe verlaufen entlang der Schleppe aus Glitzert\u00fcll und Chiffon.","breadcrumb":{"@id":"https:\/\/www.koonings.com\/de\/product\/enzoani-tianna\/#breadcrumb"},"inLanguage":"de","potentialAction":[{"@type":"ReadAction","target":["https:\/\/www.koonings.com\/de\/product\/enzoani-tianna\/"]}]},{"@type":"ImageObject","inLanguage":"de","@id":"https:\/\/www.koonings.com\/de\/product\/enzoani-tianna\/#primaryimage","url":"https:\/\/www.koonings.com\/wp-content\/uploads\/2024\/11\/39550_d25eb6604ff4ef107c6e3c7c744beceb0443e1c16344d5b05671b8d4b30904b3c462be9a.jpeg","contentUrl":"https:\/\/www.koonings.com\/wp-content\/uploads\/2024\/11\/39550_d25eb6604ff4ef107c6e3c7c744beceb0443e1c16344d5b05671b8d4b30904b3c462be9a.jpeg","width":1035,"height":1380},{"@type":"BreadcrumbList","@id":"https:\/\/www.koonings.com\/de\/product\/enzoani-tianna\/#breadcrumb","itemListElement":[{"@type":"ListItem","position":1,"name":"Home","item":"https:\/\/www.koonings.com\/de\/"},{"@type":"ListItem","position":2,"name":"Enzoani Tianna"}]},{"@type":"WebSite","@id":"https:\/\/www.koonings.com\/de\/#website","url":"https:\/\/www.koonings.com\/de\/","name":"Koonings","description":"De grootste bruidsmodewinkel ter wereld","publisher":{"@id":"https:\/\/www.koonings.com\/de\/#organization"},"potentialAction":[{"@type":"SearchAction","target":{"@type":"EntryPoint","urlTemplate":"https:\/\/www.koonings.com\/de\/?s={search_term_string}"},"query-input":{"@type":"PropertyValueSpecification","valueRequired":true,"valueName":"search_term_string"}}],"inLanguage":"de"},{"@type":"Organization","@id":"https:\/\/www.koonings.com\/de\/#organization","name":"Koonings","url":"https:\/\/www.koonings.com\/de\/","logo":{"@type":"ImageObject","inLanguage":"de","@id":"https:\/\/www.koonings.com\/de\/#\/schema\/logo\/image\/","url":"https:\/\/www.koonings.com\/wp-content\/uploads\/2024\/07\/logo.png","contentUrl":"https:\/\/www.koonings.com\/wp-content\/uploads\/2024\/07\/logo.png","width":600,"height":428,"caption":"Koonings"},"image":{"@id":"https:\/\/www.koonings.com\/de\/#\/schema\/logo\/image\/"},"sameAs":["https:\/\/www.facebook.com\/kooningstheweddingpalace","https:\/\/www.instagram.com\/kooningstheweddingpalace","https:\/\/www.pinterest.com\/koonings","https:\/\/www.youtube.com\/kooningstheweddingpalace"]}]}},"_links":{"self":[{"href":"https:\/\/www.koonings.com\/de\/wp-json\/wp\/v2\/product\/58009","targetHints":{"allow":["GET"]}}],"collection":[{"href":"https:\/\/www.koonings.com\/de\/wp-json\/wp\/v2\/product"}],"about":[{"href":"https:\/\/www.koonings.com\/de\/wp-json\/wp\/v2\/types\/product"}],"wp:featuredmedia":[{"embeddable":true,"href":"https:\/\/www.koonings.com\/de\/wp-json\/wp\/v2\/media\/41339"}],"wp:attachment":[{"href":"https:\/\/www.koonings.com\/de\/wp-json\/wp\/v2\/media?parent=58009"}],"wp:term":[{"taxonomy":"productdetails","embeddable":true,"href":"https:\/\/www.koonings.com\/de\/wp-json\/wp\/v2\/productdetails?post=58009"},{"taxonomy":"productneck","embeddable":true,"href":"https:\/\/www.koonings.com\/de\/wp-json\/wp\/v2\/productneck?post=58009"},{"taxonomy":"productcolor","embeddable":true,"href":"https:\/\/www.koonings.com\/de\/wp-json\/wp\/v2\/productcolor?post=58009"},{"taxonomy":"maat","embeddable":true,"href":"https:\/\/www.koonings.com\/de\/wp-json\/wp\/v2\/maat?post=58009"},{"taxonomy":"productsupplier","embeddable":true,"href":"https:\/\/www.koonings.com\/de\/wp-json\/wp\/v2\/productsupplier?post=58009"},{"taxonomy":"productsleeve","embeddable":true,"href":"https:\/\/www.koonings.com\/de\/wp-json\/wp\/v2\/productsleeve?post=58009"},{"taxonomy":"productcategory","embeddable":true,"href":"https:\/\/www.koonings.com\/de\/wp-json\/wp\/v2\/productcategory?post=58009"},{"taxonomy":"productsilhouette","embeddable":true,"href":"https:\/\/www.koonings.com\/de\/wp-json\/wp\/v2\/productsilhouette?post=58009"},{"taxonomy":"productstyle","embeddable":true,"href":"https:\/\/www.koonings.com\/de\/wp-json\/wp\/v2\/productstyle?post=58009"}],"curies":[{"name":"wp","href":"https:\/\/api.w.org\/{rel}","templated":true}]}}