{"id":58008,"date":"2026-04-28T18:14:17","date_gmt":"2026-04-28T16:14:17","guid":{"rendered":"https:\/\/www.koonings.com\/product\/enzoani-tulip\/"},"modified":"2025-06-05T12:43:04","modified_gmt":"2025-06-05T10:43:04","slug":"enzoani-tulip","status":"publish","type":"product","link":"https:\/\/www.koonings.com\/de\/product\/enzoani-tulip\/","title":{"rendered":"Enzoani Tulip"},"content":{"rendered":"<p>Wir sind absolut verzaubert von diesem vertr\u00e4umten Hochzeitskleid mit 3D-Perlenbl\u00e4ttern und 3D-Laserschnitt-Blumenmustern, gemischt mit Pailletten-Bl\u00fctenspitze. Der Bootsausschnitt und die dessous\u00e4hnliche Taille des Korsettmieders umrei\u00dfen Ihre Kurven und gehen in einen vertr\u00e4umten Rock mit einzigartigen Paspeldetails f\u00fcr einen verl\u00e4ngernden, schlank machenden Effekt \u00fcber. Das romantische, neue Korsett mit Schleifenverschluss verleiht der schimmernden Schleppe aus Glitzert\u00fcll eine kokette Note.  <\/p>\n","protected":false},"featured_media":41373,"template":"","meta":{"_acf_changed":false,"ghostkit_customizer_options":"","ghostkit_custom_css":"","ghostkit_custom_js_head":"","ghostkit_custom_js_foot":"","ghostkit_typography":""},"productdetails":[379,381],"productneck":[352,354],"productcolor":[393,392],"maat":[],"productsupplier":[406],"productsleeve":[],"productcategory":[18],"productsilhouette":[389],"productstyle":[370],"class_list":["post-58008","product","type-product","status-publish","has-post-thumbnail","hentry","productdetails-379","productdetails-381","productneck-352","productneck-354","productcolor-393","productcolor-392","productsupplier-enzoani","productcategory-trouwjurken","productsilhouette-389","productstyle-370"],"acf":[],"yoast_head":"<!-- This site is optimized with the Yoast SEO plugin v27.3 - https:\/\/yoast.com\/product\/yoast-seo-wordpress\/ -->\n<title>Enzoani Tulip | Koonings<\/title>\n<meta name=\"description\" content=\"Wir sind absolut verzaubert von diesem vertr\u00e4umten Hochzeitskleid mit 3D-Perlenbl\u00e4ttern und 3D-Laserschnitt-Blumenmustern, gemischt mit Pailletten-Bl\u00fctenspitze. Der Bootsausschnitt und die dessous\u00e4hnliche Taille des Korsettmieders umrei\u00dfen Ihre Kurven und gehen in einen vertr\u00e4umten Rock mit einzigartigen Paspeldetails f\u00fcr einen verl\u00e4ngernden, schlank machenden Effekt \u00fcber. Das romantische, neue Korsett mit Schleifenverschluss verleiht der schimmernden Schleppe aus Glitzert\u00fcll eine kokette Note.\" \/>\n<meta name=\"robots\" content=\"index, follow, max-snippet:-1, max-image-preview:large, max-video-preview:-1\" \/>\n<link rel=\"canonical\" href=\"https:\/\/www.koonings.com\/de\/product\/enzoani-tulip\/\" \/>\n<meta property=\"og:locale\" content=\"de_DE\" \/>\n<meta property=\"og:type\" content=\"article\" \/>\n<meta property=\"og:title\" content=\"Enzoani Tulip | Koonings\" \/>\n<meta property=\"og:description\" content=\"Wir sind absolut verzaubert von diesem vertr\u00e4umten Hochzeitskleid mit 3D-Perlenbl\u00e4ttern und 3D-Laserschnitt-Blumenmustern, gemischt mit Pailletten-Bl\u00fctenspitze. Der Bootsausschnitt und die dessous\u00e4hnliche Taille des Korsettmieders umrei\u00dfen Ihre Kurven und gehen in einen vertr\u00e4umten Rock mit einzigartigen Paspeldetails f\u00fcr einen verl\u00e4ngernden, schlank machenden Effekt \u00fcber. Das romantische, neue Korsett mit Schleifenverschluss verleiht der schimmernden Schleppe aus Glitzert\u00fcll eine kokette Note.\" \/>\n<meta property=\"og:url\" content=\"https:\/\/www.koonings.com\/de\/product\/enzoani-tulip\/\" \/>\n<meta property=\"og:site_name\" content=\"Koonings\" \/>\n<meta property=\"article:publisher\" content=\"https:\/\/www.facebook.com\/kooningstheweddingpalace\" \/>\n<meta property=\"og:image\" content=\"https:\/\/www.koonings.com\/wp-content\/uploads\/2024\/11\/39553_bc15d9583470f5292b1b8f489640cf2913bd2b678de68deb45400d8904cf8babdf89dfba.jpeg\" \/>\n\t<meta property=\"og:image:width\" content=\"1035\" \/>\n\t<meta property=\"og:image:height\" content=\"1380\" \/>\n\t<meta property=\"og:image:type\" content=\"image\/jpeg\" \/>\n<meta name=\"twitter:card\" content=\"summary_large_image\" \/>\n<script type=\"application\/ld+json\" class=\"yoast-schema-graph\">{\"@context\":\"https:\\\/\\\/schema.org\",\"@graph\":[{\"@type\":\"WebPage\",\"@id\":\"https:\\\/\\\/www.koonings.com\\\/de\\\/product\\\/enzoani-tulip\\\/\",\"url\":\"https:\\\/\\\/www.koonings.com\\\/de\\\/product\\\/enzoani-tulip\\\/\",\"name\":\"Enzoani Tulip | Koonings\",\"isPartOf\":{\"@id\":\"https:\\\/\\\/www.koonings.com\\\/de\\\/#website\"},\"primaryImageOfPage\":{\"@id\":\"https:\\\/\\\/www.koonings.com\\\/de\\\/product\\\/enzoani-tulip\\\/#primaryimage\"},\"image\":{\"@id\":\"https:\\\/\\\/www.koonings.com\\\/de\\\/product\\\/enzoani-tulip\\\/#primaryimage\"},\"thumbnailUrl\":\"https:\\\/\\\/www.koonings.com\\\/wp-content\\\/uploads\\\/2024\\\/11\\\/39553_bc15d9583470f5292b1b8f489640cf2913bd2b678de68deb45400d8904cf8babdf89dfba.jpeg\",\"datePublished\":\"2026-04-28T16:14:17+00:00\",\"description\":\"Wir sind absolut verzaubert von diesem vertr\u00e4umten Hochzeitskleid mit 3D-Perlenbl\u00e4ttern und 3D-Laserschnitt-Blumenmustern, gemischt mit Pailletten-Bl\u00fctenspitze. Der Bootsausschnitt und die dessous\u00e4hnliche Taille des Korsettmieders umrei\u00dfen Ihre Kurven und gehen in einen vertr\u00e4umten Rock mit einzigartigen Paspeldetails f\u00fcr einen verl\u00e4ngernden, schlank machenden Effekt \u00fcber. Das romantische, neue Korsett mit Schleifenverschluss verleiht der schimmernden Schleppe aus Glitzert\u00fcll eine kokette Note.\",\"breadcrumb\":{\"@id\":\"https:\\\/\\\/www.koonings.com\\\/de\\\/product\\\/enzoani-tulip\\\/#breadcrumb\"},\"inLanguage\":\"de\",\"potentialAction\":[{\"@type\":\"ReadAction\",\"target\":[\"https:\\\/\\\/www.koonings.com\\\/de\\\/product\\\/enzoani-tulip\\\/\"]}]},{\"@type\":\"ImageObject\",\"inLanguage\":\"de\",\"@id\":\"https:\\\/\\\/www.koonings.com\\\/de\\\/product\\\/enzoani-tulip\\\/#primaryimage\",\"url\":\"https:\\\/\\\/www.koonings.com\\\/wp-content\\\/uploads\\\/2024\\\/11\\\/39553_bc15d9583470f5292b1b8f489640cf2913bd2b678de68deb45400d8904cf8babdf89dfba.jpeg\",\"contentUrl\":\"https:\\\/\\\/www.koonings.com\\\/wp-content\\\/uploads\\\/2024\\\/11\\\/39553_bc15d9583470f5292b1b8f489640cf2913bd2b678de68deb45400d8904cf8babdf89dfba.jpeg\",\"width\":1035,\"height\":1380},{\"@type\":\"BreadcrumbList\",\"@id\":\"https:\\\/\\\/www.koonings.com\\\/de\\\/product\\\/enzoani-tulip\\\/#breadcrumb\",\"itemListElement\":[{\"@type\":\"ListItem\",\"position\":1,\"name\":\"Home\",\"item\":\"https:\\\/\\\/www.koonings.com\\\/de\\\/\"},{\"@type\":\"ListItem\",\"position\":2,\"name\":\"Enzoani Tulip\"}]},{\"@type\":\"WebSite\",\"@id\":\"https:\\\/\\\/www.koonings.com\\\/de\\\/#website\",\"url\":\"https:\\\/\\\/www.koonings.com\\\/de\\\/\",\"name\":\"Koonings\",\"description\":\"De grootste bruidsmodewinkel ter wereld\",\"publisher\":{\"@id\":\"https:\\\/\\\/www.koonings.com\\\/de\\\/#organization\"},\"potentialAction\":[{\"@type\":\"SearchAction\",\"target\":{\"@type\":\"EntryPoint\",\"urlTemplate\":\"https:\\\/\\\/www.koonings.com\\\/de\\\/?s={search_term_string}\"},\"query-input\":{\"@type\":\"PropertyValueSpecification\",\"valueRequired\":true,\"valueName\":\"search_term_string\"}}],\"inLanguage\":\"de\"},{\"@type\":\"Organization\",\"@id\":\"https:\\\/\\\/www.koonings.com\\\/de\\\/#organization\",\"name\":\"Koonings\",\"url\":\"https:\\\/\\\/www.koonings.com\\\/de\\\/\",\"logo\":{\"@type\":\"ImageObject\",\"inLanguage\":\"de\",\"@id\":\"https:\\\/\\\/www.koonings.com\\\/de\\\/#\\\/schema\\\/logo\\\/image\\\/\",\"url\":\"https:\\\/\\\/www.koonings.com\\\/wp-content\\\/uploads\\\/2024\\\/07\\\/logo.png\",\"contentUrl\":\"https:\\\/\\\/www.koonings.com\\\/wp-content\\\/uploads\\\/2024\\\/07\\\/logo.png\",\"width\":600,\"height\":428,\"caption\":\"Koonings\"},\"image\":{\"@id\":\"https:\\\/\\\/www.koonings.com\\\/de\\\/#\\\/schema\\\/logo\\\/image\\\/\"},\"sameAs\":[\"https:\\\/\\\/www.facebook.com\\\/kooningstheweddingpalace\",\"https:\\\/\\\/www.instagram.com\\\/kooningstheweddingpalace\",\"https:\\\/\\\/www.pinterest.com\\\/koonings\",\"https:\\\/\\\/www.youtube.com\\\/kooningstheweddingpalace\"]}]}<\/script>\n<!-- \/ Yoast SEO plugin. -->","yoast_head_json":{"title":"Enzoani Tulip | Koonings","description":"Wir sind absolut verzaubert von diesem vertr\u00e4umten Hochzeitskleid mit 3D-Perlenbl\u00e4ttern und 3D-Laserschnitt-Blumenmustern, gemischt mit Pailletten-Bl\u00fctenspitze. Der Bootsausschnitt und die dessous\u00e4hnliche Taille des Korsettmieders umrei\u00dfen Ihre Kurven und gehen in einen vertr\u00e4umten Rock mit einzigartigen Paspeldetails f\u00fcr einen verl\u00e4ngernden, schlank machenden Effekt \u00fcber. Das romantische, neue Korsett mit Schleifenverschluss verleiht der schimmernden Schleppe aus Glitzert\u00fcll eine kokette Note.","robots":{"index":"index","follow":"follow","max-snippet":"max-snippet:-1","max-image-preview":"max-image-preview:large","max-video-preview":"max-video-preview:-1"},"canonical":"https:\/\/www.koonings.com\/de\/product\/enzoani-tulip\/","og_locale":"de_DE","og_type":"article","og_title":"Enzoani Tulip | Koonings","og_description":"Wir sind absolut verzaubert von diesem vertr\u00e4umten Hochzeitskleid mit 3D-Perlenbl\u00e4ttern und 3D-Laserschnitt-Blumenmustern, gemischt mit Pailletten-Bl\u00fctenspitze. Der Bootsausschnitt und die dessous\u00e4hnliche Taille des Korsettmieders umrei\u00dfen Ihre Kurven und gehen in einen vertr\u00e4umten Rock mit einzigartigen Paspeldetails f\u00fcr einen verl\u00e4ngernden, schlank machenden Effekt \u00fcber. Das romantische, neue Korsett mit Schleifenverschluss verleiht der schimmernden Schleppe aus Glitzert\u00fcll eine kokette Note.","og_url":"https:\/\/www.koonings.com\/de\/product\/enzoani-tulip\/","og_site_name":"Koonings","article_publisher":"https:\/\/www.facebook.com\/kooningstheweddingpalace","og_image":[{"width":1035,"height":1380,"url":"https:\/\/www.koonings.com\/wp-content\/uploads\/2024\/11\/39553_bc15d9583470f5292b1b8f489640cf2913bd2b678de68deb45400d8904cf8babdf89dfba.jpeg","type":"image\/jpeg"}],"twitter_card":"summary_large_image","schema":{"@context":"https:\/\/schema.org","@graph":[{"@type":"WebPage","@id":"https:\/\/www.koonings.com\/de\/product\/enzoani-tulip\/","url":"https:\/\/www.koonings.com\/de\/product\/enzoani-tulip\/","name":"Enzoani Tulip | Koonings","isPartOf":{"@id":"https:\/\/www.koonings.com\/de\/#website"},"primaryImageOfPage":{"@id":"https:\/\/www.koonings.com\/de\/product\/enzoani-tulip\/#primaryimage"},"image":{"@id":"https:\/\/www.koonings.com\/de\/product\/enzoani-tulip\/#primaryimage"},"thumbnailUrl":"https:\/\/www.koonings.com\/wp-content\/uploads\/2024\/11\/39553_bc15d9583470f5292b1b8f489640cf2913bd2b678de68deb45400d8904cf8babdf89dfba.jpeg","datePublished":"2026-04-28T16:14:17+00:00","description":"Wir sind absolut verzaubert von diesem vertr\u00e4umten Hochzeitskleid mit 3D-Perlenbl\u00e4ttern und 3D-Laserschnitt-Blumenmustern, gemischt mit Pailletten-Bl\u00fctenspitze. Der Bootsausschnitt und die dessous\u00e4hnliche Taille des Korsettmieders umrei\u00dfen Ihre Kurven und gehen in einen vertr\u00e4umten Rock mit einzigartigen Paspeldetails f\u00fcr einen verl\u00e4ngernden, schlank machenden Effekt \u00fcber. Das romantische, neue Korsett mit Schleifenverschluss verleiht der schimmernden Schleppe aus Glitzert\u00fcll eine kokette Note.","breadcrumb":{"@id":"https:\/\/www.koonings.com\/de\/product\/enzoani-tulip\/#breadcrumb"},"inLanguage":"de","potentialAction":[{"@type":"ReadAction","target":["https:\/\/www.koonings.com\/de\/product\/enzoani-tulip\/"]}]},{"@type":"ImageObject","inLanguage":"de","@id":"https:\/\/www.koonings.com\/de\/product\/enzoani-tulip\/#primaryimage","url":"https:\/\/www.koonings.com\/wp-content\/uploads\/2024\/11\/39553_bc15d9583470f5292b1b8f489640cf2913bd2b678de68deb45400d8904cf8babdf89dfba.jpeg","contentUrl":"https:\/\/www.koonings.com\/wp-content\/uploads\/2024\/11\/39553_bc15d9583470f5292b1b8f489640cf2913bd2b678de68deb45400d8904cf8babdf89dfba.jpeg","width":1035,"height":1380},{"@type":"BreadcrumbList","@id":"https:\/\/www.koonings.com\/de\/product\/enzoani-tulip\/#breadcrumb","itemListElement":[{"@type":"ListItem","position":1,"name":"Home","item":"https:\/\/www.koonings.com\/de\/"},{"@type":"ListItem","position":2,"name":"Enzoani Tulip"}]},{"@type":"WebSite","@id":"https:\/\/www.koonings.com\/de\/#website","url":"https:\/\/www.koonings.com\/de\/","name":"Koonings","description":"De grootste bruidsmodewinkel ter wereld","publisher":{"@id":"https:\/\/www.koonings.com\/de\/#organization"},"potentialAction":[{"@type":"SearchAction","target":{"@type":"EntryPoint","urlTemplate":"https:\/\/www.koonings.com\/de\/?s={search_term_string}"},"query-input":{"@type":"PropertyValueSpecification","valueRequired":true,"valueName":"search_term_string"}}],"inLanguage":"de"},{"@type":"Organization","@id":"https:\/\/www.koonings.com\/de\/#organization","name":"Koonings","url":"https:\/\/www.koonings.com\/de\/","logo":{"@type":"ImageObject","inLanguage":"de","@id":"https:\/\/www.koonings.com\/de\/#\/schema\/logo\/image\/","url":"https:\/\/www.koonings.com\/wp-content\/uploads\/2024\/07\/logo.png","contentUrl":"https:\/\/www.koonings.com\/wp-content\/uploads\/2024\/07\/logo.png","width":600,"height":428,"caption":"Koonings"},"image":{"@id":"https:\/\/www.koonings.com\/de\/#\/schema\/logo\/image\/"},"sameAs":["https:\/\/www.facebook.com\/kooningstheweddingpalace","https:\/\/www.instagram.com\/kooningstheweddingpalace","https:\/\/www.pinterest.com\/koonings","https:\/\/www.youtube.com\/kooningstheweddingpalace"]}]}},"_links":{"self":[{"href":"https:\/\/www.koonings.com\/de\/wp-json\/wp\/v2\/product\/58008","targetHints":{"allow":["GET"]}}],"collection":[{"href":"https:\/\/www.koonings.com\/de\/wp-json\/wp\/v2\/product"}],"about":[{"href":"https:\/\/www.koonings.com\/de\/wp-json\/wp\/v2\/types\/product"}],"wp:featuredmedia":[{"embeddable":true,"href":"https:\/\/www.koonings.com\/de\/wp-json\/wp\/v2\/media\/41373"}],"wp:attachment":[{"href":"https:\/\/www.koonings.com\/de\/wp-json\/wp\/v2\/media?parent=58008"}],"wp:term":[{"taxonomy":"productdetails","embeddable":true,"href":"https:\/\/www.koonings.com\/de\/wp-json\/wp\/v2\/productdetails?post=58008"},{"taxonomy":"productneck","embeddable":true,"href":"https:\/\/www.koonings.com\/de\/wp-json\/wp\/v2\/productneck?post=58008"},{"taxonomy":"productcolor","embeddable":true,"href":"https:\/\/www.koonings.com\/de\/wp-json\/wp\/v2\/productcolor?post=58008"},{"taxonomy":"maat","embeddable":true,"href":"https:\/\/www.koonings.com\/de\/wp-json\/wp\/v2\/maat?post=58008"},{"taxonomy":"productsupplier","embeddable":true,"href":"https:\/\/www.koonings.com\/de\/wp-json\/wp\/v2\/productsupplier?post=58008"},{"taxonomy":"productsleeve","embeddable":true,"href":"https:\/\/www.koonings.com\/de\/wp-json\/wp\/v2\/productsleeve?post=58008"},{"taxonomy":"productcategory","embeddable":true,"href":"https:\/\/www.koonings.com\/de\/wp-json\/wp\/v2\/productcategory?post=58008"},{"taxonomy":"productsilhouette","embeddable":true,"href":"https:\/\/www.koonings.com\/de\/wp-json\/wp\/v2\/productsilhouette?post=58008"},{"taxonomy":"productstyle","embeddable":true,"href":"https:\/\/www.koonings.com\/de\/wp-json\/wp\/v2\/productstyle?post=58008"}],"curies":[{"name":"wp","href":"https:\/\/api.w.org\/{rel}","templated":true}]}}