{"id":57999,"date":"2026-04-28T18:14:19","date_gmt":"2026-04-28T16:14:19","guid":{"rendered":"https:\/\/www.koonings.com\/product\/enzoani-torianne-2\/"},"modified":"2025-06-05T12:43:05","modified_gmt":"2025-06-05T10:43:05","slug":"enzoani-torianne-2","status":"publish","type":"product","link":"https:\/\/www.koonings.com\/de\/product\/enzoani-torianne-2\/","title":{"rendered":"Enzoani Torianne"},"content":{"rendered":"<p>\u00dcberraschen Sie alle mit dieser sensationellen Meerjungfrauen-Silhouette mit einem neuen 3D-gestickten Spitzendesign mit Pailletten und passenden abnehmbaren Tr\u00e4gern. Die mit Pailletten bestickte Spitze auf dem Korsettmieder unter einer glitzernden Glitzert\u00fcllschicht zieht die Blicke aus allen Richtungen auf sich. Vom schmeichelhaften Bootsausschnitt bis zu den sexy seitlichen Ausschnitten &#8211; in dieser pr\u00e4chtigen Sch\u00f6nheit werden Sie sich wohlf\u00fchlen.  <\/p>\n","protected":false},"featured_media":41424,"template":"","meta":{"_acf_changed":false,"ghostkit_customizer_options":"","ghostkit_custom_css":"","ghostkit_custom_js_head":"","ghostkit_custom_js_foot":"","ghostkit_typography":""},"productdetails":[379,376,381],"productneck":[352],"productcolor":[393,392],"maat":[],"productsupplier":[406],"productsleeve":[359],"productcategory":[18],"productsilhouette":[387],"productstyle":[370],"class_list":["post-57999","product","type-product","status-publish","has-post-thumbnail","hentry","productdetails-379","productdetails-376","productdetails-381","productneck-352","productcolor-393","productcolor-392","productsupplier-enzoani","productsleeve-359","productcategory-trouwjurken","productsilhouette-387","productstyle-370"],"acf":[],"yoast_head":"<!-- This site is optimized with the Yoast SEO plugin v27.3 - https:\/\/yoast.com\/product\/yoast-seo-wordpress\/ -->\n<title>Enzoani Torianne | Koonings<\/title>\n<meta name=\"description\" content=\"\u00dcberraschen Sie alle mit dieser sensationellen Meerjungfrauen-Silhouette mit einem neuen 3D-gestickten Spitzendesign mit Pailletten und passenden abnehmbaren Tr\u00e4gern. Die mit Pailletten bestickte Spitze auf dem Korsettmieder unter einer glitzernden Glitzert\u00fcllschicht zieht die Blicke aus allen Richtungen auf sich. Vom schmeichelhaften Bootsausschnitt bis zu den sexy seitlichen Ausschnitten - in dieser pr\u00e4chtigen Sch\u00f6nheit werden Sie sich wohlf\u00fchlen.\" \/>\n<meta name=\"robots\" content=\"index, follow, max-snippet:-1, max-image-preview:large, max-video-preview:-1\" \/>\n<link rel=\"canonical\" href=\"https:\/\/www.koonings.com\/de\/product\/enzoani-torianne-2\/\" \/>\n<meta property=\"og:locale\" content=\"de_DE\" \/>\n<meta property=\"og:type\" content=\"article\" \/>\n<meta property=\"og:title\" content=\"Enzoani Torianne | Koonings\" \/>\n<meta property=\"og:description\" content=\"\u00dcberraschen Sie alle mit dieser sensationellen Meerjungfrauen-Silhouette mit einem neuen 3D-gestickten Spitzendesign mit Pailletten und passenden abnehmbaren Tr\u00e4gern. Die mit Pailletten bestickte Spitze auf dem Korsettmieder unter einer glitzernden Glitzert\u00fcllschicht zieht die Blicke aus allen Richtungen auf sich. Vom schmeichelhaften Bootsausschnitt bis zu den sexy seitlichen Ausschnitten - in dieser pr\u00e4chtigen Sch\u00f6nheit werden Sie sich wohlf\u00fchlen.\" \/>\n<meta property=\"og:url\" content=\"https:\/\/www.koonings.com\/de\/product\/enzoani-torianne-2\/\" \/>\n<meta property=\"og:site_name\" content=\"Koonings\" \/>\n<meta property=\"article:publisher\" content=\"https:\/\/www.facebook.com\/kooningstheweddingpalace\" \/>\n<meta property=\"og:image\" content=\"https:\/\/www.koonings.com\/wp-content\/uploads\/2024\/11\/39556_8515c303e6a20042abd0a0df0f8b9f8e317012f31b10f067e108e0d5618e8c95b11dceb8.jpeg\" \/>\n\t<meta property=\"og:image:width\" content=\"1035\" \/>\n\t<meta property=\"og:image:height\" content=\"1380\" \/>\n\t<meta property=\"og:image:type\" content=\"image\/jpeg\" \/>\n<meta name=\"twitter:card\" content=\"summary_large_image\" \/>\n<script type=\"application\/ld+json\" class=\"yoast-schema-graph\">{\"@context\":\"https:\\\/\\\/schema.org\",\"@graph\":[{\"@type\":\"WebPage\",\"@id\":\"https:\\\/\\\/www.koonings.com\\\/de\\\/product\\\/enzoani-torianne-2\\\/\",\"url\":\"https:\\\/\\\/www.koonings.com\\\/de\\\/product\\\/enzoani-torianne-2\\\/\",\"name\":\"Enzoani Torianne | Koonings\",\"isPartOf\":{\"@id\":\"https:\\\/\\\/www.koonings.com\\\/de\\\/#website\"},\"primaryImageOfPage\":{\"@id\":\"https:\\\/\\\/www.koonings.com\\\/de\\\/product\\\/enzoani-torianne-2\\\/#primaryimage\"},\"image\":{\"@id\":\"https:\\\/\\\/www.koonings.com\\\/de\\\/product\\\/enzoani-torianne-2\\\/#primaryimage\"},\"thumbnailUrl\":\"https:\\\/\\\/www.koonings.com\\\/wp-content\\\/uploads\\\/2024\\\/11\\\/39556_8515c303e6a20042abd0a0df0f8b9f8e317012f31b10f067e108e0d5618e8c95b11dceb8.jpeg\",\"datePublished\":\"2026-04-28T16:14:19+00:00\",\"description\":\"\u00dcberraschen Sie alle mit dieser sensationellen Meerjungfrauen-Silhouette mit einem neuen 3D-gestickten Spitzendesign mit Pailletten und passenden abnehmbaren Tr\u00e4gern. Die mit Pailletten bestickte Spitze auf dem Korsettmieder unter einer glitzernden Glitzert\u00fcllschicht zieht die Blicke aus allen Richtungen auf sich. Vom schmeichelhaften Bootsausschnitt bis zu den sexy seitlichen Ausschnitten - in dieser pr\u00e4chtigen Sch\u00f6nheit werden Sie sich wohlf\u00fchlen.\",\"breadcrumb\":{\"@id\":\"https:\\\/\\\/www.koonings.com\\\/de\\\/product\\\/enzoani-torianne-2\\\/#breadcrumb\"},\"inLanguage\":\"de\",\"potentialAction\":[{\"@type\":\"ReadAction\",\"target\":[\"https:\\\/\\\/www.koonings.com\\\/de\\\/product\\\/enzoani-torianne-2\\\/\"]}]},{\"@type\":\"ImageObject\",\"inLanguage\":\"de\",\"@id\":\"https:\\\/\\\/www.koonings.com\\\/de\\\/product\\\/enzoani-torianne-2\\\/#primaryimage\",\"url\":\"https:\\\/\\\/www.koonings.com\\\/wp-content\\\/uploads\\\/2024\\\/11\\\/39556_8515c303e6a20042abd0a0df0f8b9f8e317012f31b10f067e108e0d5618e8c95b11dceb8.jpeg\",\"contentUrl\":\"https:\\\/\\\/www.koonings.com\\\/wp-content\\\/uploads\\\/2024\\\/11\\\/39556_8515c303e6a20042abd0a0df0f8b9f8e317012f31b10f067e108e0d5618e8c95b11dceb8.jpeg\",\"width\":1035,\"height\":1380},{\"@type\":\"BreadcrumbList\",\"@id\":\"https:\\\/\\\/www.koonings.com\\\/de\\\/product\\\/enzoani-torianne-2\\\/#breadcrumb\",\"itemListElement\":[{\"@type\":\"ListItem\",\"position\":1,\"name\":\"Home\",\"item\":\"https:\\\/\\\/www.koonings.com\\\/de\\\/\"},{\"@type\":\"ListItem\",\"position\":2,\"name\":\"Enzoani Torianne\"}]},{\"@type\":\"WebSite\",\"@id\":\"https:\\\/\\\/www.koonings.com\\\/de\\\/#website\",\"url\":\"https:\\\/\\\/www.koonings.com\\\/de\\\/\",\"name\":\"Koonings\",\"description\":\"De grootste bruidsmodewinkel ter wereld\",\"publisher\":{\"@id\":\"https:\\\/\\\/www.koonings.com\\\/de\\\/#organization\"},\"potentialAction\":[{\"@type\":\"SearchAction\",\"target\":{\"@type\":\"EntryPoint\",\"urlTemplate\":\"https:\\\/\\\/www.koonings.com\\\/de\\\/?s={search_term_string}\"},\"query-input\":{\"@type\":\"PropertyValueSpecification\",\"valueRequired\":true,\"valueName\":\"search_term_string\"}}],\"inLanguage\":\"de\"},{\"@type\":\"Organization\",\"@id\":\"https:\\\/\\\/www.koonings.com\\\/de\\\/#organization\",\"name\":\"Koonings\",\"url\":\"https:\\\/\\\/www.koonings.com\\\/de\\\/\",\"logo\":{\"@type\":\"ImageObject\",\"inLanguage\":\"de\",\"@id\":\"https:\\\/\\\/www.koonings.com\\\/de\\\/#\\\/schema\\\/logo\\\/image\\\/\",\"url\":\"https:\\\/\\\/www.koonings.com\\\/wp-content\\\/uploads\\\/2024\\\/07\\\/logo.png\",\"contentUrl\":\"https:\\\/\\\/www.koonings.com\\\/wp-content\\\/uploads\\\/2024\\\/07\\\/logo.png\",\"width\":600,\"height\":428,\"caption\":\"Koonings\"},\"image\":{\"@id\":\"https:\\\/\\\/www.koonings.com\\\/de\\\/#\\\/schema\\\/logo\\\/image\\\/\"},\"sameAs\":[\"https:\\\/\\\/www.facebook.com\\\/kooningstheweddingpalace\",\"https:\\\/\\\/www.instagram.com\\\/kooningstheweddingpalace\",\"https:\\\/\\\/www.pinterest.com\\\/koonings\",\"https:\\\/\\\/www.youtube.com\\\/kooningstheweddingpalace\"]}]}<\/script>\n<!-- \/ Yoast SEO plugin. -->","yoast_head_json":{"title":"Enzoani Torianne | Koonings","description":"\u00dcberraschen Sie alle mit dieser sensationellen Meerjungfrauen-Silhouette mit einem neuen 3D-gestickten Spitzendesign mit Pailletten und passenden abnehmbaren Tr\u00e4gern. Die mit Pailletten bestickte Spitze auf dem Korsettmieder unter einer glitzernden Glitzert\u00fcllschicht zieht die Blicke aus allen Richtungen auf sich. Vom schmeichelhaften Bootsausschnitt bis zu den sexy seitlichen Ausschnitten - in dieser pr\u00e4chtigen Sch\u00f6nheit werden Sie sich wohlf\u00fchlen.","robots":{"index":"index","follow":"follow","max-snippet":"max-snippet:-1","max-image-preview":"max-image-preview:large","max-video-preview":"max-video-preview:-1"},"canonical":"https:\/\/www.koonings.com\/de\/product\/enzoani-torianne-2\/","og_locale":"de_DE","og_type":"article","og_title":"Enzoani Torianne | Koonings","og_description":"\u00dcberraschen Sie alle mit dieser sensationellen Meerjungfrauen-Silhouette mit einem neuen 3D-gestickten Spitzendesign mit Pailletten und passenden abnehmbaren Tr\u00e4gern. Die mit Pailletten bestickte Spitze auf dem Korsettmieder unter einer glitzernden Glitzert\u00fcllschicht zieht die Blicke aus allen Richtungen auf sich. Vom schmeichelhaften Bootsausschnitt bis zu den sexy seitlichen Ausschnitten - in dieser pr\u00e4chtigen Sch\u00f6nheit werden Sie sich wohlf\u00fchlen.","og_url":"https:\/\/www.koonings.com\/de\/product\/enzoani-torianne-2\/","og_site_name":"Koonings","article_publisher":"https:\/\/www.facebook.com\/kooningstheweddingpalace","og_image":[{"width":1035,"height":1380,"url":"https:\/\/www.koonings.com\/wp-content\/uploads\/2024\/11\/39556_8515c303e6a20042abd0a0df0f8b9f8e317012f31b10f067e108e0d5618e8c95b11dceb8.jpeg","type":"image\/jpeg"}],"twitter_card":"summary_large_image","schema":{"@context":"https:\/\/schema.org","@graph":[{"@type":"WebPage","@id":"https:\/\/www.koonings.com\/de\/product\/enzoani-torianne-2\/","url":"https:\/\/www.koonings.com\/de\/product\/enzoani-torianne-2\/","name":"Enzoani Torianne | Koonings","isPartOf":{"@id":"https:\/\/www.koonings.com\/de\/#website"},"primaryImageOfPage":{"@id":"https:\/\/www.koonings.com\/de\/product\/enzoani-torianne-2\/#primaryimage"},"image":{"@id":"https:\/\/www.koonings.com\/de\/product\/enzoani-torianne-2\/#primaryimage"},"thumbnailUrl":"https:\/\/www.koonings.com\/wp-content\/uploads\/2024\/11\/39556_8515c303e6a20042abd0a0df0f8b9f8e317012f31b10f067e108e0d5618e8c95b11dceb8.jpeg","datePublished":"2026-04-28T16:14:19+00:00","description":"\u00dcberraschen Sie alle mit dieser sensationellen Meerjungfrauen-Silhouette mit einem neuen 3D-gestickten Spitzendesign mit Pailletten und passenden abnehmbaren Tr\u00e4gern. Die mit Pailletten bestickte Spitze auf dem Korsettmieder unter einer glitzernden Glitzert\u00fcllschicht zieht die Blicke aus allen Richtungen auf sich. Vom schmeichelhaften Bootsausschnitt bis zu den sexy seitlichen Ausschnitten - in dieser pr\u00e4chtigen Sch\u00f6nheit werden Sie sich wohlf\u00fchlen.","breadcrumb":{"@id":"https:\/\/www.koonings.com\/de\/product\/enzoani-torianne-2\/#breadcrumb"},"inLanguage":"de","potentialAction":[{"@type":"ReadAction","target":["https:\/\/www.koonings.com\/de\/product\/enzoani-torianne-2\/"]}]},{"@type":"ImageObject","inLanguage":"de","@id":"https:\/\/www.koonings.com\/de\/product\/enzoani-torianne-2\/#primaryimage","url":"https:\/\/www.koonings.com\/wp-content\/uploads\/2024\/11\/39556_8515c303e6a20042abd0a0df0f8b9f8e317012f31b10f067e108e0d5618e8c95b11dceb8.jpeg","contentUrl":"https:\/\/www.koonings.com\/wp-content\/uploads\/2024\/11\/39556_8515c303e6a20042abd0a0df0f8b9f8e317012f31b10f067e108e0d5618e8c95b11dceb8.jpeg","width":1035,"height":1380},{"@type":"BreadcrumbList","@id":"https:\/\/www.koonings.com\/de\/product\/enzoani-torianne-2\/#breadcrumb","itemListElement":[{"@type":"ListItem","position":1,"name":"Home","item":"https:\/\/www.koonings.com\/de\/"},{"@type":"ListItem","position":2,"name":"Enzoani Torianne"}]},{"@type":"WebSite","@id":"https:\/\/www.koonings.com\/de\/#website","url":"https:\/\/www.koonings.com\/de\/","name":"Koonings","description":"De grootste bruidsmodewinkel ter wereld","publisher":{"@id":"https:\/\/www.koonings.com\/de\/#organization"},"potentialAction":[{"@type":"SearchAction","target":{"@type":"EntryPoint","urlTemplate":"https:\/\/www.koonings.com\/de\/?s={search_term_string}"},"query-input":{"@type":"PropertyValueSpecification","valueRequired":true,"valueName":"search_term_string"}}],"inLanguage":"de"},{"@type":"Organization","@id":"https:\/\/www.koonings.com\/de\/#organization","name":"Koonings","url":"https:\/\/www.koonings.com\/de\/","logo":{"@type":"ImageObject","inLanguage":"de","@id":"https:\/\/www.koonings.com\/de\/#\/schema\/logo\/image\/","url":"https:\/\/www.koonings.com\/wp-content\/uploads\/2024\/07\/logo.png","contentUrl":"https:\/\/www.koonings.com\/wp-content\/uploads\/2024\/07\/logo.png","width":600,"height":428,"caption":"Koonings"},"image":{"@id":"https:\/\/www.koonings.com\/de\/#\/schema\/logo\/image\/"},"sameAs":["https:\/\/www.facebook.com\/kooningstheweddingpalace","https:\/\/www.instagram.com\/kooningstheweddingpalace","https:\/\/www.pinterest.com\/koonings","https:\/\/www.youtube.com\/kooningstheweddingpalace"]}]}},"_links":{"self":[{"href":"https:\/\/www.koonings.com\/de\/wp-json\/wp\/v2\/product\/57999","targetHints":{"allow":["GET"]}}],"collection":[{"href":"https:\/\/www.koonings.com\/de\/wp-json\/wp\/v2\/product"}],"about":[{"href":"https:\/\/www.koonings.com\/de\/wp-json\/wp\/v2\/types\/product"}],"wp:featuredmedia":[{"embeddable":true,"href":"https:\/\/www.koonings.com\/de\/wp-json\/wp\/v2\/media\/41424"}],"wp:attachment":[{"href":"https:\/\/www.koonings.com\/de\/wp-json\/wp\/v2\/media?parent=57999"}],"wp:term":[{"taxonomy":"productdetails","embeddable":true,"href":"https:\/\/www.koonings.com\/de\/wp-json\/wp\/v2\/productdetails?post=57999"},{"taxonomy":"productneck","embeddable":true,"href":"https:\/\/www.koonings.com\/de\/wp-json\/wp\/v2\/productneck?post=57999"},{"taxonomy":"productcolor","embeddable":true,"href":"https:\/\/www.koonings.com\/de\/wp-json\/wp\/v2\/productcolor?post=57999"},{"taxonomy":"maat","embeddable":true,"href":"https:\/\/www.koonings.com\/de\/wp-json\/wp\/v2\/maat?post=57999"},{"taxonomy":"productsupplier","embeddable":true,"href":"https:\/\/www.koonings.com\/de\/wp-json\/wp\/v2\/productsupplier?post=57999"},{"taxonomy":"productsleeve","embeddable":true,"href":"https:\/\/www.koonings.com\/de\/wp-json\/wp\/v2\/productsleeve?post=57999"},{"taxonomy":"productcategory","embeddable":true,"href":"https:\/\/www.koonings.com\/de\/wp-json\/wp\/v2\/productcategory?post=57999"},{"taxonomy":"productsilhouette","embeddable":true,"href":"https:\/\/www.koonings.com\/de\/wp-json\/wp\/v2\/productsilhouette?post=57999"},{"taxonomy":"productstyle","embeddable":true,"href":"https:\/\/www.koonings.com\/de\/wp-json\/wp\/v2\/productstyle?post=57999"}],"curies":[{"name":"wp","href":"https:\/\/api.w.org\/{rel}","templated":true}]}}