{"id":57965,"date":"2025-12-15T00:24:48","date_gmt":"2025-12-14T23:24:48","guid":{"rendered":"https:\/\/www.koonings.com\/product\/jesus-peiro-2428a\/"},"modified":"2026-02-03T18:29:38","modified_gmt":"2026-02-03T17:29:38","slug":"jesus-peiro-2428a","status":"publish","type":"product","link":"https:\/\/www.koonings.com\/de\/product\/jesus-peiro-2428a\/","title":{"rendered":"Jesus Peiro 2428A"},"content":{"rendered":"<p>Dieses coole Hochzeitskleid hat einen Schalkragen mit sch\u00f6nen Drapierungen. Der Rock ist mit perlenbesetztem T\u00fcll \u00fcberzogen. Sind Sie eine zuk\u00fcnftige Braut, die Eleganz und Stil zu sch\u00e4tzen wei\u00df, die allen Trends weit voraus ist und es liebt, mit Traditionen zu brechen, indem Sie sich f\u00fcr Exzentrik entscheiden, die das Beste in Ihrer Pers\u00f6nlichkeit hervorhebt?  <\/p>\n","protected":false},"featured_media":41607,"template":"","meta":{"_acf_changed":false,"ghostkit_customizer_options":"","ghostkit_custom_css":"","ghostkit_custom_js_head":"","ghostkit_custom_js_foot":"","ghostkit_typography":""},"productdetails":[],"productneck":[355,356],"productcolor":[392],"maat":[],"productsupplier":[408],"productsleeve":[359],"productcategory":[18],"productsilhouette":[384],"productstyle":[],"class_list":["post-57965","product","type-product","status-publish","has-post-thumbnail","hentry","productneck-355","productneck-356","productcolor-392","productsupplier-jesus-peiro","productsleeve-359","productcategory-trouwjurken","productsilhouette-384"],"acf":[],"yoast_head":"<!-- This site is optimized with the Yoast SEO plugin v27.3 - https:\/\/yoast.com\/product\/yoast-seo-wordpress\/ -->\n<title>Jesus Peiro 2428A | Koonings<\/title>\n<meta name=\"description\" content=\"Dieses coole Hochzeitskleid hat einen Schalkragen mit sch\u00f6nen Drapierungen. Der Rock ist mit perlenbesetztem T\u00fcll \u00fcberzogen. Sind Sie eine zuk\u00fcnftige Braut, die Eleganz und Stil zu sch\u00e4tzen wei\u00df, die allen Trends weit voraus ist und es liebt, mit Traditionen zu brechen, indem Sie sich f\u00fcr Exzentrik entscheiden, die das Beste in Ihrer Pers\u00f6nlichkeit hervorhebt?\" \/>\n<meta name=\"robots\" content=\"index, follow, max-snippet:-1, max-image-preview:large, max-video-preview:-1\" \/>\n<link rel=\"canonical\" href=\"https:\/\/www.koonings.com\/de\/product\/jesus-peiro-2428a\/\" \/>\n<meta property=\"og:locale\" content=\"de_DE\" \/>\n<meta property=\"og:type\" content=\"article\" \/>\n<meta property=\"og:title\" content=\"Jesus Peiro 2428A | Koonings\" \/>\n<meta property=\"og:description\" content=\"Dieses coole Hochzeitskleid hat einen Schalkragen mit sch\u00f6nen Drapierungen. Der Rock ist mit perlenbesetztem T\u00fcll \u00fcberzogen. Sind Sie eine zuk\u00fcnftige Braut, die Eleganz und Stil zu sch\u00e4tzen wei\u00df, die allen Trends weit voraus ist und es liebt, mit Traditionen zu brechen, indem Sie sich f\u00fcr Exzentrik entscheiden, die das Beste in Ihrer Pers\u00f6nlichkeit hervorhebt?\" \/>\n<meta property=\"og:url\" content=\"https:\/\/www.koonings.com\/de\/product\/jesus-peiro-2428a\/\" \/>\n<meta property=\"og:site_name\" content=\"Koonings\" \/>\n<meta property=\"article:publisher\" content=\"https:\/\/www.facebook.com\/kooningstheweddingpalace\" \/>\n<meta property=\"article:modified_time\" content=\"2026-02-03T17:29:38+00:00\" \/>\n<meta property=\"og:image\" content=\"https:\/\/www.koonings.com\/wp-content\/uploads\/2024\/11\/39577_8c7a17751356c8d320f8c1ac7af8266e35b7cc95fde719be3fd6e2b094675f601969de90.jpeg\" \/>\n\t<meta property=\"og:image:width\" content=\"300\" \/>\n\t<meta property=\"og:image:height\" content=\"450\" \/>\n\t<meta property=\"og:image:type\" content=\"image\/jpeg\" \/>\n<meta name=\"twitter:card\" content=\"summary_large_image\" \/>\n<script type=\"application\/ld+json\" class=\"yoast-schema-graph\">{\"@context\":\"https:\\\/\\\/schema.org\",\"@graph\":[{\"@type\":\"WebPage\",\"@id\":\"https:\\\/\\\/www.koonings.com\\\/de\\\/product\\\/jesus-peiro-2428a\\\/\",\"url\":\"https:\\\/\\\/www.koonings.com\\\/de\\\/product\\\/jesus-peiro-2428a\\\/\",\"name\":\"Jesus Peiro 2428A | Koonings\",\"isPartOf\":{\"@id\":\"https:\\\/\\\/www.koonings.com\\\/de\\\/#website\"},\"primaryImageOfPage\":{\"@id\":\"https:\\\/\\\/www.koonings.com\\\/de\\\/product\\\/jesus-peiro-2428a\\\/#primaryimage\"},\"image\":{\"@id\":\"https:\\\/\\\/www.koonings.com\\\/de\\\/product\\\/jesus-peiro-2428a\\\/#primaryimage\"},\"thumbnailUrl\":\"https:\\\/\\\/www.koonings.com\\\/wp-content\\\/uploads\\\/2024\\\/11\\\/39577_8c7a17751356c8d320f8c1ac7af8266e35b7cc95fde719be3fd6e2b094675f601969de90.jpeg\",\"datePublished\":\"2025-12-14T23:24:48+00:00\",\"dateModified\":\"2026-02-03T17:29:38+00:00\",\"description\":\"Dieses coole Hochzeitskleid hat einen Schalkragen mit sch\u00f6nen Drapierungen. Der Rock ist mit perlenbesetztem T\u00fcll \u00fcberzogen. Sind Sie eine zuk\u00fcnftige Braut, die Eleganz und Stil zu sch\u00e4tzen wei\u00df, die allen Trends weit voraus ist und es liebt, mit Traditionen zu brechen, indem Sie sich f\u00fcr Exzentrik entscheiden, die das Beste in Ihrer Pers\u00f6nlichkeit hervorhebt?\",\"breadcrumb\":{\"@id\":\"https:\\\/\\\/www.koonings.com\\\/de\\\/product\\\/jesus-peiro-2428a\\\/#breadcrumb\"},\"inLanguage\":\"de\",\"potentialAction\":[{\"@type\":\"ReadAction\",\"target\":[\"https:\\\/\\\/www.koonings.com\\\/de\\\/product\\\/jesus-peiro-2428a\\\/\"]}]},{\"@type\":\"ImageObject\",\"inLanguage\":\"de\",\"@id\":\"https:\\\/\\\/www.koonings.com\\\/de\\\/product\\\/jesus-peiro-2428a\\\/#primaryimage\",\"url\":\"https:\\\/\\\/www.koonings.com\\\/wp-content\\\/uploads\\\/2024\\\/11\\\/39577_8c7a17751356c8d320f8c1ac7af8266e35b7cc95fde719be3fd6e2b094675f601969de90.jpeg\",\"contentUrl\":\"https:\\\/\\\/www.koonings.com\\\/wp-content\\\/uploads\\\/2024\\\/11\\\/39577_8c7a17751356c8d320f8c1ac7af8266e35b7cc95fde719be3fd6e2b094675f601969de90.jpeg\",\"width\":300,\"height\":450},{\"@type\":\"BreadcrumbList\",\"@id\":\"https:\\\/\\\/www.koonings.com\\\/de\\\/product\\\/jesus-peiro-2428a\\\/#breadcrumb\",\"itemListElement\":[{\"@type\":\"ListItem\",\"position\":1,\"name\":\"Home\",\"item\":\"https:\\\/\\\/www.koonings.com\\\/de\\\/\"},{\"@type\":\"ListItem\",\"position\":2,\"name\":\"Jesus Peiro 2428A\"}]},{\"@type\":\"WebSite\",\"@id\":\"https:\\\/\\\/www.koonings.com\\\/de\\\/#website\",\"url\":\"https:\\\/\\\/www.koonings.com\\\/de\\\/\",\"name\":\"Koonings\",\"description\":\"De grootste bruidsmodewinkel ter wereld\",\"publisher\":{\"@id\":\"https:\\\/\\\/www.koonings.com\\\/de\\\/#organization\"},\"potentialAction\":[{\"@type\":\"SearchAction\",\"target\":{\"@type\":\"EntryPoint\",\"urlTemplate\":\"https:\\\/\\\/www.koonings.com\\\/de\\\/?s={search_term_string}\"},\"query-input\":{\"@type\":\"PropertyValueSpecification\",\"valueRequired\":true,\"valueName\":\"search_term_string\"}}],\"inLanguage\":\"de\"},{\"@type\":\"Organization\",\"@id\":\"https:\\\/\\\/www.koonings.com\\\/de\\\/#organization\",\"name\":\"Koonings\",\"url\":\"https:\\\/\\\/www.koonings.com\\\/de\\\/\",\"logo\":{\"@type\":\"ImageObject\",\"inLanguage\":\"de\",\"@id\":\"https:\\\/\\\/www.koonings.com\\\/de\\\/#\\\/schema\\\/logo\\\/image\\\/\",\"url\":\"https:\\\/\\\/www.koonings.com\\\/wp-content\\\/uploads\\\/2024\\\/07\\\/logo.png\",\"contentUrl\":\"https:\\\/\\\/www.koonings.com\\\/wp-content\\\/uploads\\\/2024\\\/07\\\/logo.png\",\"width\":600,\"height\":428,\"caption\":\"Koonings\"},\"image\":{\"@id\":\"https:\\\/\\\/www.koonings.com\\\/de\\\/#\\\/schema\\\/logo\\\/image\\\/\"},\"sameAs\":[\"https:\\\/\\\/www.facebook.com\\\/kooningstheweddingpalace\",\"https:\\\/\\\/www.instagram.com\\\/kooningstheweddingpalace\",\"https:\\\/\\\/www.pinterest.com\\\/koonings\",\"https:\\\/\\\/www.youtube.com\\\/kooningstheweddingpalace\"]}]}<\/script>\n<!-- \/ Yoast SEO plugin. -->","yoast_head_json":{"title":"Jesus Peiro 2428A | Koonings","description":"Dieses coole Hochzeitskleid hat einen Schalkragen mit sch\u00f6nen Drapierungen. Der Rock ist mit perlenbesetztem T\u00fcll \u00fcberzogen. Sind Sie eine zuk\u00fcnftige Braut, die Eleganz und Stil zu sch\u00e4tzen wei\u00df, die allen Trends weit voraus ist und es liebt, mit Traditionen zu brechen, indem Sie sich f\u00fcr Exzentrik entscheiden, die das Beste in Ihrer Pers\u00f6nlichkeit hervorhebt?","robots":{"index":"index","follow":"follow","max-snippet":"max-snippet:-1","max-image-preview":"max-image-preview:large","max-video-preview":"max-video-preview:-1"},"canonical":"https:\/\/www.koonings.com\/de\/product\/jesus-peiro-2428a\/","og_locale":"de_DE","og_type":"article","og_title":"Jesus Peiro 2428A | Koonings","og_description":"Dieses coole Hochzeitskleid hat einen Schalkragen mit sch\u00f6nen Drapierungen. Der Rock ist mit perlenbesetztem T\u00fcll \u00fcberzogen. Sind Sie eine zuk\u00fcnftige Braut, die Eleganz und Stil zu sch\u00e4tzen wei\u00df, die allen Trends weit voraus ist und es liebt, mit Traditionen zu brechen, indem Sie sich f\u00fcr Exzentrik entscheiden, die das Beste in Ihrer Pers\u00f6nlichkeit hervorhebt?","og_url":"https:\/\/www.koonings.com\/de\/product\/jesus-peiro-2428a\/","og_site_name":"Koonings","article_publisher":"https:\/\/www.facebook.com\/kooningstheweddingpalace","article_modified_time":"2026-02-03T17:29:38+00:00","og_image":[{"width":300,"height":450,"url":"https:\/\/www.koonings.com\/wp-content\/uploads\/2024\/11\/39577_8c7a17751356c8d320f8c1ac7af8266e35b7cc95fde719be3fd6e2b094675f601969de90.jpeg","type":"image\/jpeg"}],"twitter_card":"summary_large_image","schema":{"@context":"https:\/\/schema.org","@graph":[{"@type":"WebPage","@id":"https:\/\/www.koonings.com\/de\/product\/jesus-peiro-2428a\/","url":"https:\/\/www.koonings.com\/de\/product\/jesus-peiro-2428a\/","name":"Jesus Peiro 2428A | Koonings","isPartOf":{"@id":"https:\/\/www.koonings.com\/de\/#website"},"primaryImageOfPage":{"@id":"https:\/\/www.koonings.com\/de\/product\/jesus-peiro-2428a\/#primaryimage"},"image":{"@id":"https:\/\/www.koonings.com\/de\/product\/jesus-peiro-2428a\/#primaryimage"},"thumbnailUrl":"https:\/\/www.koonings.com\/wp-content\/uploads\/2024\/11\/39577_8c7a17751356c8d320f8c1ac7af8266e35b7cc95fde719be3fd6e2b094675f601969de90.jpeg","datePublished":"2025-12-14T23:24:48+00:00","dateModified":"2026-02-03T17:29:38+00:00","description":"Dieses coole Hochzeitskleid hat einen Schalkragen mit sch\u00f6nen Drapierungen. Der Rock ist mit perlenbesetztem T\u00fcll \u00fcberzogen. Sind Sie eine zuk\u00fcnftige Braut, die Eleganz und Stil zu sch\u00e4tzen wei\u00df, die allen Trends weit voraus ist und es liebt, mit Traditionen zu brechen, indem Sie sich f\u00fcr Exzentrik entscheiden, die das Beste in Ihrer Pers\u00f6nlichkeit hervorhebt?","breadcrumb":{"@id":"https:\/\/www.koonings.com\/de\/product\/jesus-peiro-2428a\/#breadcrumb"},"inLanguage":"de","potentialAction":[{"@type":"ReadAction","target":["https:\/\/www.koonings.com\/de\/product\/jesus-peiro-2428a\/"]}]},{"@type":"ImageObject","inLanguage":"de","@id":"https:\/\/www.koonings.com\/de\/product\/jesus-peiro-2428a\/#primaryimage","url":"https:\/\/www.koonings.com\/wp-content\/uploads\/2024\/11\/39577_8c7a17751356c8d320f8c1ac7af8266e35b7cc95fde719be3fd6e2b094675f601969de90.jpeg","contentUrl":"https:\/\/www.koonings.com\/wp-content\/uploads\/2024\/11\/39577_8c7a17751356c8d320f8c1ac7af8266e35b7cc95fde719be3fd6e2b094675f601969de90.jpeg","width":300,"height":450},{"@type":"BreadcrumbList","@id":"https:\/\/www.koonings.com\/de\/product\/jesus-peiro-2428a\/#breadcrumb","itemListElement":[{"@type":"ListItem","position":1,"name":"Home","item":"https:\/\/www.koonings.com\/de\/"},{"@type":"ListItem","position":2,"name":"Jesus Peiro 2428A"}]},{"@type":"WebSite","@id":"https:\/\/www.koonings.com\/de\/#website","url":"https:\/\/www.koonings.com\/de\/","name":"Koonings","description":"De grootste bruidsmodewinkel ter wereld","publisher":{"@id":"https:\/\/www.koonings.com\/de\/#organization"},"potentialAction":[{"@type":"SearchAction","target":{"@type":"EntryPoint","urlTemplate":"https:\/\/www.koonings.com\/de\/?s={search_term_string}"},"query-input":{"@type":"PropertyValueSpecification","valueRequired":true,"valueName":"search_term_string"}}],"inLanguage":"de"},{"@type":"Organization","@id":"https:\/\/www.koonings.com\/de\/#organization","name":"Koonings","url":"https:\/\/www.koonings.com\/de\/","logo":{"@type":"ImageObject","inLanguage":"de","@id":"https:\/\/www.koonings.com\/de\/#\/schema\/logo\/image\/","url":"https:\/\/www.koonings.com\/wp-content\/uploads\/2024\/07\/logo.png","contentUrl":"https:\/\/www.koonings.com\/wp-content\/uploads\/2024\/07\/logo.png","width":600,"height":428,"caption":"Koonings"},"image":{"@id":"https:\/\/www.koonings.com\/de\/#\/schema\/logo\/image\/"},"sameAs":["https:\/\/www.facebook.com\/kooningstheweddingpalace","https:\/\/www.instagram.com\/kooningstheweddingpalace","https:\/\/www.pinterest.com\/koonings","https:\/\/www.youtube.com\/kooningstheweddingpalace"]}]}},"_links":{"self":[{"href":"https:\/\/www.koonings.com\/de\/wp-json\/wp\/v2\/product\/57965","targetHints":{"allow":["GET"]}}],"collection":[{"href":"https:\/\/www.koonings.com\/de\/wp-json\/wp\/v2\/product"}],"about":[{"href":"https:\/\/www.koonings.com\/de\/wp-json\/wp\/v2\/types\/product"}],"wp:featuredmedia":[{"embeddable":true,"href":"https:\/\/www.koonings.com\/de\/wp-json\/wp\/v2\/media\/41607"}],"wp:attachment":[{"href":"https:\/\/www.koonings.com\/de\/wp-json\/wp\/v2\/media?parent=57965"}],"wp:term":[{"taxonomy":"productdetails","embeddable":true,"href":"https:\/\/www.koonings.com\/de\/wp-json\/wp\/v2\/productdetails?post=57965"},{"taxonomy":"productneck","embeddable":true,"href":"https:\/\/www.koonings.com\/de\/wp-json\/wp\/v2\/productneck?post=57965"},{"taxonomy":"productcolor","embeddable":true,"href":"https:\/\/www.koonings.com\/de\/wp-json\/wp\/v2\/productcolor?post=57965"},{"taxonomy":"maat","embeddable":true,"href":"https:\/\/www.koonings.com\/de\/wp-json\/wp\/v2\/maat?post=57965"},{"taxonomy":"productsupplier","embeddable":true,"href":"https:\/\/www.koonings.com\/de\/wp-json\/wp\/v2\/productsupplier?post=57965"},{"taxonomy":"productsleeve","embeddable":true,"href":"https:\/\/www.koonings.com\/de\/wp-json\/wp\/v2\/productsleeve?post=57965"},{"taxonomy":"productcategory","embeddable":true,"href":"https:\/\/www.koonings.com\/de\/wp-json\/wp\/v2\/productcategory?post=57965"},{"taxonomy":"productsilhouette","embeddable":true,"href":"https:\/\/www.koonings.com\/de\/wp-json\/wp\/v2\/productsilhouette?post=57965"},{"taxonomy":"productstyle","embeddable":true,"href":"https:\/\/www.koonings.com\/de\/wp-json\/wp\/v2\/productstyle?post=57965"}],"curies":[{"name":"wp","href":"https:\/\/api.w.org\/{rel}","templated":true}]}}