{"id":57955,"date":"2025-12-15T00:24:56","date_gmt":"2025-12-14T23:24:56","guid":{"rendered":"https:\/\/www.koonings.com\/product\/enzoani-blue-collection-omarra\/"},"modified":"2026-02-03T18:29:56","modified_gmt":"2026-02-03T17:29:56","slug":"enzoani-blue-collection-omarra","status":"publish","type":"product","link":"https:\/\/www.koonings.com\/de\/product\/enzoani-blue-collection-omarra\/","title":{"rendered":"Enzoani Blau Kollektion Omarra"},"content":{"rendered":"<p>Der Traum eines modernen M\u00e4rchenkleides wird wahr. Dieses atemberaubende Kleid in A-Linie hat einen tiefen herzf\u00f6rmigen Ausschnitt, der von zarten Spaghettitr\u00e4gern eingerahmt wird und mit zarter, bestickter Blumenspitze verziert ist. Glitzert\u00fcll sorgt f\u00fcr dezentes Funkeln und erg\u00e4nzt die vertr\u00e4umten Schichten aus weichem Organza und T\u00fcll. Ein sexy, tief ausgeschnittener R\u00fccken vervollst\u00e4ndigt den romantischen Look.   <\/p>\n","protected":false},"featured_media":41863,"template":"","meta":{"_acf_changed":false,"ghostkit_customizer_options":"","ghostkit_custom_css":"","ghostkit_custom_js_head":"","ghostkit_custom_js_foot":"","ghostkit_typography":""},"productdetails":[377,376,381],"productneck":[356],"productcolor":[393,392],"maat":[],"productsupplier":[405],"productsleeve":[359],"productcategory":[18],"productsilhouette":[384],"productstyle":[371,366],"class_list":["post-57955","product","type-product","status-publish","has-post-thumbnail","hentry","productdetails-377","productdetails-376","productdetails-381","productneck-356","productcolor-393","productcolor-392","productsupplier-enzoani-blue-collection","productsleeve-359","productcategory-trouwjurken","productsilhouette-384","productstyle-371","productstyle-366"],"acf":[],"yoast_head":"<!-- This site is optimized with the Yoast SEO plugin v27.3 - https:\/\/yoast.com\/product\/yoast-seo-wordpress\/ -->\n<title>Enzoani Blau Kollektion Omarra | Koonings<\/title>\n<meta name=\"description\" content=\"Der Traum eines modernen M\u00e4rchenkleides wird wahr. Dieses atemberaubende Kleid in A-Linie hat einen tiefen herzf\u00f6rmigen Ausschnitt, der von zarten Spaghettitr\u00e4gern eingerahmt wird und mit zarter, bestickter Blumenspitze verziert ist. Glitzert\u00fcll sorgt f\u00fcr dezentes Funkeln und erg\u00e4nzt die vertr\u00e4umten Schichten aus weichem Organza und T\u00fcll. Ein sexy, tief ausgeschnittener R\u00fccken vervollst\u00e4ndigt den romantischen Look.\" \/>\n<meta name=\"robots\" content=\"index, follow, max-snippet:-1, max-image-preview:large, max-video-preview:-1\" \/>\n<link rel=\"canonical\" href=\"https:\/\/www.koonings.com\/de\/product\/enzoani-blue-collection-omarra\/\" \/>\n<meta property=\"og:locale\" content=\"de_DE\" \/>\n<meta property=\"og:type\" content=\"article\" \/>\n<meta property=\"og:title\" content=\"Enzoani Blau Kollektion Omarra | Koonings\" \/>\n<meta property=\"og:description\" content=\"Der Traum eines modernen M\u00e4rchenkleides wird wahr. Dieses atemberaubende Kleid in A-Linie hat einen tiefen herzf\u00f6rmigen Ausschnitt, der von zarten Spaghettitr\u00e4gern eingerahmt wird und mit zarter, bestickter Blumenspitze verziert ist. Glitzert\u00fcll sorgt f\u00fcr dezentes Funkeln und erg\u00e4nzt die vertr\u00e4umten Schichten aus weichem Organza und T\u00fcll. Ein sexy, tief ausgeschnittener R\u00fccken vervollst\u00e4ndigt den romantischen Look.\" \/>\n<meta property=\"og:url\" content=\"https:\/\/www.koonings.com\/de\/product\/enzoani-blue-collection-omarra\/\" \/>\n<meta property=\"og:site_name\" content=\"Koonings\" \/>\n<meta property=\"article:publisher\" content=\"https:\/\/www.facebook.com\/kooningstheweddingpalace\" \/>\n<meta property=\"article:modified_time\" content=\"2026-02-03T17:29:56+00:00\" \/>\n<meta property=\"og:image\" content=\"https:\/\/www.koonings.com\/wp-content\/uploads\/2024\/11\/39605_2ba798346f0fe96ee1cb1b1f6b8bca585832b207ab1681b9cde400975b233133e5f59d84.jpeg\" \/>\n\t<meta property=\"og:image:width\" content=\"848\" \/>\n\t<meta property=\"og:image:height\" content=\"1201\" \/>\n\t<meta property=\"og:image:type\" content=\"image\/jpeg\" \/>\n<meta name=\"twitter:card\" content=\"summary_large_image\" \/>\n<script type=\"application\/ld+json\" class=\"yoast-schema-graph\">{\"@context\":\"https:\\\/\\\/schema.org\",\"@graph\":[{\"@type\":\"WebPage\",\"@id\":\"https:\\\/\\\/www.koonings.com\\\/de\\\/product\\\/enzoani-blue-collection-omarra\\\/\",\"url\":\"https:\\\/\\\/www.koonings.com\\\/de\\\/product\\\/enzoani-blue-collection-omarra\\\/\",\"name\":\"Enzoani Blau Kollektion Omarra | Koonings\",\"isPartOf\":{\"@id\":\"https:\\\/\\\/www.koonings.com\\\/de\\\/#website\"},\"primaryImageOfPage\":{\"@id\":\"https:\\\/\\\/www.koonings.com\\\/de\\\/product\\\/enzoani-blue-collection-omarra\\\/#primaryimage\"},\"image\":{\"@id\":\"https:\\\/\\\/www.koonings.com\\\/de\\\/product\\\/enzoani-blue-collection-omarra\\\/#primaryimage\"},\"thumbnailUrl\":\"https:\\\/\\\/www.koonings.com\\\/wp-content\\\/uploads\\\/2024\\\/11\\\/39605_2ba798346f0fe96ee1cb1b1f6b8bca585832b207ab1681b9cde400975b233133e5f59d84.jpeg\",\"datePublished\":\"2025-12-14T23:24:56+00:00\",\"dateModified\":\"2026-02-03T17:29:56+00:00\",\"description\":\"Der Traum eines modernen M\u00e4rchenkleides wird wahr. Dieses atemberaubende Kleid in A-Linie hat einen tiefen herzf\u00f6rmigen Ausschnitt, der von zarten Spaghettitr\u00e4gern eingerahmt wird und mit zarter, bestickter Blumenspitze verziert ist. Glitzert\u00fcll sorgt f\u00fcr dezentes Funkeln und erg\u00e4nzt die vertr\u00e4umten Schichten aus weichem Organza und T\u00fcll. Ein sexy, tief ausgeschnittener R\u00fccken vervollst\u00e4ndigt den romantischen Look.\",\"breadcrumb\":{\"@id\":\"https:\\\/\\\/www.koonings.com\\\/de\\\/product\\\/enzoani-blue-collection-omarra\\\/#breadcrumb\"},\"inLanguage\":\"de\",\"potentialAction\":[{\"@type\":\"ReadAction\",\"target\":[\"https:\\\/\\\/www.koonings.com\\\/de\\\/product\\\/enzoani-blue-collection-omarra\\\/\"]}]},{\"@type\":\"ImageObject\",\"inLanguage\":\"de\",\"@id\":\"https:\\\/\\\/www.koonings.com\\\/de\\\/product\\\/enzoani-blue-collection-omarra\\\/#primaryimage\",\"url\":\"https:\\\/\\\/www.koonings.com\\\/wp-content\\\/uploads\\\/2024\\\/11\\\/39605_2ba798346f0fe96ee1cb1b1f6b8bca585832b207ab1681b9cde400975b233133e5f59d84.jpeg\",\"contentUrl\":\"https:\\\/\\\/www.koonings.com\\\/wp-content\\\/uploads\\\/2024\\\/11\\\/39605_2ba798346f0fe96ee1cb1b1f6b8bca585832b207ab1681b9cde400975b233133e5f59d84.jpeg\",\"width\":848,\"height\":1201},{\"@type\":\"BreadcrumbList\",\"@id\":\"https:\\\/\\\/www.koonings.com\\\/de\\\/product\\\/enzoani-blue-collection-omarra\\\/#breadcrumb\",\"itemListElement\":[{\"@type\":\"ListItem\",\"position\":1,\"name\":\"Home\",\"item\":\"https:\\\/\\\/www.koonings.com\\\/de\\\/\"},{\"@type\":\"ListItem\",\"position\":2,\"name\":\"Enzoani Blau Kollektion Omarra\"}]},{\"@type\":\"WebSite\",\"@id\":\"https:\\\/\\\/www.koonings.com\\\/de\\\/#website\",\"url\":\"https:\\\/\\\/www.koonings.com\\\/de\\\/\",\"name\":\"Koonings\",\"description\":\"De grootste bruidsmodewinkel ter wereld\",\"publisher\":{\"@id\":\"https:\\\/\\\/www.koonings.com\\\/de\\\/#organization\"},\"potentialAction\":[{\"@type\":\"SearchAction\",\"target\":{\"@type\":\"EntryPoint\",\"urlTemplate\":\"https:\\\/\\\/www.koonings.com\\\/de\\\/?s={search_term_string}\"},\"query-input\":{\"@type\":\"PropertyValueSpecification\",\"valueRequired\":true,\"valueName\":\"search_term_string\"}}],\"inLanguage\":\"de\"},{\"@type\":\"Organization\",\"@id\":\"https:\\\/\\\/www.koonings.com\\\/de\\\/#organization\",\"name\":\"Koonings\",\"url\":\"https:\\\/\\\/www.koonings.com\\\/de\\\/\",\"logo\":{\"@type\":\"ImageObject\",\"inLanguage\":\"de\",\"@id\":\"https:\\\/\\\/www.koonings.com\\\/de\\\/#\\\/schema\\\/logo\\\/image\\\/\",\"url\":\"https:\\\/\\\/www.koonings.com\\\/wp-content\\\/uploads\\\/2024\\\/07\\\/logo.png\",\"contentUrl\":\"https:\\\/\\\/www.koonings.com\\\/wp-content\\\/uploads\\\/2024\\\/07\\\/logo.png\",\"width\":600,\"height\":428,\"caption\":\"Koonings\"},\"image\":{\"@id\":\"https:\\\/\\\/www.koonings.com\\\/de\\\/#\\\/schema\\\/logo\\\/image\\\/\"},\"sameAs\":[\"https:\\\/\\\/www.facebook.com\\\/kooningstheweddingpalace\",\"https:\\\/\\\/www.instagram.com\\\/kooningstheweddingpalace\",\"https:\\\/\\\/www.pinterest.com\\\/koonings\",\"https:\\\/\\\/www.youtube.com\\\/kooningstheweddingpalace\"]}]}<\/script>\n<!-- \/ Yoast SEO plugin. -->","yoast_head_json":{"title":"Enzoani Blau Kollektion Omarra | Koonings","description":"Der Traum eines modernen M\u00e4rchenkleides wird wahr. Dieses atemberaubende Kleid in A-Linie hat einen tiefen herzf\u00f6rmigen Ausschnitt, der von zarten Spaghettitr\u00e4gern eingerahmt wird und mit zarter, bestickter Blumenspitze verziert ist. Glitzert\u00fcll sorgt f\u00fcr dezentes Funkeln und erg\u00e4nzt die vertr\u00e4umten Schichten aus weichem Organza und T\u00fcll. Ein sexy, tief ausgeschnittener R\u00fccken vervollst\u00e4ndigt den romantischen Look.","robots":{"index":"index","follow":"follow","max-snippet":"max-snippet:-1","max-image-preview":"max-image-preview:large","max-video-preview":"max-video-preview:-1"},"canonical":"https:\/\/www.koonings.com\/de\/product\/enzoani-blue-collection-omarra\/","og_locale":"de_DE","og_type":"article","og_title":"Enzoani Blau Kollektion Omarra | Koonings","og_description":"Der Traum eines modernen M\u00e4rchenkleides wird wahr. Dieses atemberaubende Kleid in A-Linie hat einen tiefen herzf\u00f6rmigen Ausschnitt, der von zarten Spaghettitr\u00e4gern eingerahmt wird und mit zarter, bestickter Blumenspitze verziert ist. Glitzert\u00fcll sorgt f\u00fcr dezentes Funkeln und erg\u00e4nzt die vertr\u00e4umten Schichten aus weichem Organza und T\u00fcll. Ein sexy, tief ausgeschnittener R\u00fccken vervollst\u00e4ndigt den romantischen Look.","og_url":"https:\/\/www.koonings.com\/de\/product\/enzoani-blue-collection-omarra\/","og_site_name":"Koonings","article_publisher":"https:\/\/www.facebook.com\/kooningstheweddingpalace","article_modified_time":"2026-02-03T17:29:56+00:00","og_image":[{"width":848,"height":1201,"url":"https:\/\/www.koonings.com\/wp-content\/uploads\/2024\/11\/39605_2ba798346f0fe96ee1cb1b1f6b8bca585832b207ab1681b9cde400975b233133e5f59d84.jpeg","type":"image\/jpeg"}],"twitter_card":"summary_large_image","schema":{"@context":"https:\/\/schema.org","@graph":[{"@type":"WebPage","@id":"https:\/\/www.koonings.com\/de\/product\/enzoani-blue-collection-omarra\/","url":"https:\/\/www.koonings.com\/de\/product\/enzoani-blue-collection-omarra\/","name":"Enzoani Blau Kollektion Omarra | Koonings","isPartOf":{"@id":"https:\/\/www.koonings.com\/de\/#website"},"primaryImageOfPage":{"@id":"https:\/\/www.koonings.com\/de\/product\/enzoani-blue-collection-omarra\/#primaryimage"},"image":{"@id":"https:\/\/www.koonings.com\/de\/product\/enzoani-blue-collection-omarra\/#primaryimage"},"thumbnailUrl":"https:\/\/www.koonings.com\/wp-content\/uploads\/2024\/11\/39605_2ba798346f0fe96ee1cb1b1f6b8bca585832b207ab1681b9cde400975b233133e5f59d84.jpeg","datePublished":"2025-12-14T23:24:56+00:00","dateModified":"2026-02-03T17:29:56+00:00","description":"Der Traum eines modernen M\u00e4rchenkleides wird wahr. Dieses atemberaubende Kleid in A-Linie hat einen tiefen herzf\u00f6rmigen Ausschnitt, der von zarten Spaghettitr\u00e4gern eingerahmt wird und mit zarter, bestickter Blumenspitze verziert ist. Glitzert\u00fcll sorgt f\u00fcr dezentes Funkeln und erg\u00e4nzt die vertr\u00e4umten Schichten aus weichem Organza und T\u00fcll. Ein sexy, tief ausgeschnittener R\u00fccken vervollst\u00e4ndigt den romantischen Look.","breadcrumb":{"@id":"https:\/\/www.koonings.com\/de\/product\/enzoani-blue-collection-omarra\/#breadcrumb"},"inLanguage":"de","potentialAction":[{"@type":"ReadAction","target":["https:\/\/www.koonings.com\/de\/product\/enzoani-blue-collection-omarra\/"]}]},{"@type":"ImageObject","inLanguage":"de","@id":"https:\/\/www.koonings.com\/de\/product\/enzoani-blue-collection-omarra\/#primaryimage","url":"https:\/\/www.koonings.com\/wp-content\/uploads\/2024\/11\/39605_2ba798346f0fe96ee1cb1b1f6b8bca585832b207ab1681b9cde400975b233133e5f59d84.jpeg","contentUrl":"https:\/\/www.koonings.com\/wp-content\/uploads\/2024\/11\/39605_2ba798346f0fe96ee1cb1b1f6b8bca585832b207ab1681b9cde400975b233133e5f59d84.jpeg","width":848,"height":1201},{"@type":"BreadcrumbList","@id":"https:\/\/www.koonings.com\/de\/product\/enzoani-blue-collection-omarra\/#breadcrumb","itemListElement":[{"@type":"ListItem","position":1,"name":"Home","item":"https:\/\/www.koonings.com\/de\/"},{"@type":"ListItem","position":2,"name":"Enzoani Blau Kollektion Omarra"}]},{"@type":"WebSite","@id":"https:\/\/www.koonings.com\/de\/#website","url":"https:\/\/www.koonings.com\/de\/","name":"Koonings","description":"De grootste bruidsmodewinkel ter wereld","publisher":{"@id":"https:\/\/www.koonings.com\/de\/#organization"},"potentialAction":[{"@type":"SearchAction","target":{"@type":"EntryPoint","urlTemplate":"https:\/\/www.koonings.com\/de\/?s={search_term_string}"},"query-input":{"@type":"PropertyValueSpecification","valueRequired":true,"valueName":"search_term_string"}}],"inLanguage":"de"},{"@type":"Organization","@id":"https:\/\/www.koonings.com\/de\/#organization","name":"Koonings","url":"https:\/\/www.koonings.com\/de\/","logo":{"@type":"ImageObject","inLanguage":"de","@id":"https:\/\/www.koonings.com\/de\/#\/schema\/logo\/image\/","url":"https:\/\/www.koonings.com\/wp-content\/uploads\/2024\/07\/logo.png","contentUrl":"https:\/\/www.koonings.com\/wp-content\/uploads\/2024\/07\/logo.png","width":600,"height":428,"caption":"Koonings"},"image":{"@id":"https:\/\/www.koonings.com\/de\/#\/schema\/logo\/image\/"},"sameAs":["https:\/\/www.facebook.com\/kooningstheweddingpalace","https:\/\/www.instagram.com\/kooningstheweddingpalace","https:\/\/www.pinterest.com\/koonings","https:\/\/www.youtube.com\/kooningstheweddingpalace"]}]}},"_links":{"self":[{"href":"https:\/\/www.koonings.com\/de\/wp-json\/wp\/v2\/product\/57955","targetHints":{"allow":["GET"]}}],"collection":[{"href":"https:\/\/www.koonings.com\/de\/wp-json\/wp\/v2\/product"}],"about":[{"href":"https:\/\/www.koonings.com\/de\/wp-json\/wp\/v2\/types\/product"}],"wp:featuredmedia":[{"embeddable":true,"href":"https:\/\/www.koonings.com\/de\/wp-json\/wp\/v2\/media\/41863"}],"wp:attachment":[{"href":"https:\/\/www.koonings.com\/de\/wp-json\/wp\/v2\/media?parent=57955"}],"wp:term":[{"taxonomy":"productdetails","embeddable":true,"href":"https:\/\/www.koonings.com\/de\/wp-json\/wp\/v2\/productdetails?post=57955"},{"taxonomy":"productneck","embeddable":true,"href":"https:\/\/www.koonings.com\/de\/wp-json\/wp\/v2\/productneck?post=57955"},{"taxonomy":"productcolor","embeddable":true,"href":"https:\/\/www.koonings.com\/de\/wp-json\/wp\/v2\/productcolor?post=57955"},{"taxonomy":"maat","embeddable":true,"href":"https:\/\/www.koonings.com\/de\/wp-json\/wp\/v2\/maat?post=57955"},{"taxonomy":"productsupplier","embeddable":true,"href":"https:\/\/www.koonings.com\/de\/wp-json\/wp\/v2\/productsupplier?post=57955"},{"taxonomy":"productsleeve","embeddable":true,"href":"https:\/\/www.koonings.com\/de\/wp-json\/wp\/v2\/productsleeve?post=57955"},{"taxonomy":"productcategory","embeddable":true,"href":"https:\/\/www.koonings.com\/de\/wp-json\/wp\/v2\/productcategory?post=57955"},{"taxonomy":"productsilhouette","embeddable":true,"href":"https:\/\/www.koonings.com\/de\/wp-json\/wp\/v2\/productsilhouette?post=57955"},{"taxonomy":"productstyle","embeddable":true,"href":"https:\/\/www.koonings.com\/de\/wp-json\/wp\/v2\/productstyle?post=57955"}],"curies":[{"name":"wp","href":"https:\/\/api.w.org\/{rel}","templated":true}]}}