{"id":57928,"date":"2026-04-28T18:14:32","date_gmt":"2026-04-28T16:14:32","guid":{"rendered":"https:\/\/www.koonings.com\/product\/marylise-indio-1\/"},"modified":"2026-02-16T14:38:19","modified_gmt":"2026-02-16T13:38:19","slug":"marylise-indio-1","status":"publish","type":"product","link":"https:\/\/www.koonings.com\/de\/product\/marylise-indio-1\/","title":{"rendered":"Marylise Indio\/1"},"content":{"rendered":"<p>Ein elegantes Meerjungfrauenkleid aus Krepp. Das Oberteil hat einen Ausschnitt mit einem kleinen transparenten Stoff in der Mitte. Der R\u00fccken ist offen. Der Rock hat eine Schleppe und einen Schlitz auf der Vorderseite. Eine gro\u00dfe T\u00fcllschleife ziert den R\u00fccken und macht den Look noch schicker!    <\/p>\n","protected":false},"featured_media":42021,"template":"","meta":{"_acf_changed":false,"ghostkit_customizer_options":"","ghostkit_custom_css":"","ghostkit_custom_js_head":"","ghostkit_custom_js_foot":"","ghostkit_typography":""},"productdetails":[],"productneck":[356],"productcolor":[392],"maat":[],"productsupplier":[410],"productsleeve":[359],"productcategory":[18],"productsilhouette":[387],"productstyle":[364],"class_list":["post-57928","product","type-product","status-publish","has-post-thumbnail","hentry","productneck-356","productcolor-392","productsupplier-marylise","productsleeve-359","productcategory-trouwjurken","productsilhouette-387","productstyle-364"],"acf":[],"yoast_head":"<!-- This site is optimized with the Yoast SEO plugin v27.3 - https:\/\/yoast.com\/product\/yoast-seo-wordpress\/ -->\n<title>Marylise Indio\/1 | Koonings<\/title>\n<meta name=\"description\" content=\"Ein elegantes Meerjungfrauenkleid aus Krepp. Das Oberteil hat einen Ausschnitt mit einem kleinen transparenten Stoff in der Mitte. Der R\u00fccken ist offen. Der Rock hat eine Schleppe und einen Schlitz auf der Vorderseite. Eine gro\u00dfe T\u00fcllschleife ziert den R\u00fccken und macht den Look noch schicker!\" \/>\n<meta name=\"robots\" content=\"index, follow, max-snippet:-1, max-image-preview:large, max-video-preview:-1\" \/>\n<link rel=\"canonical\" href=\"https:\/\/www.koonings.com\/de\/product\/marylise-indio-1\/\" \/>\n<meta property=\"og:locale\" content=\"de_DE\" \/>\n<meta property=\"og:type\" content=\"article\" \/>\n<meta property=\"og:title\" content=\"Marylise Indio\/1 | Koonings\" \/>\n<meta property=\"og:description\" content=\"Ein elegantes Meerjungfrauenkleid aus Krepp. Das Oberteil hat einen Ausschnitt mit einem kleinen transparenten Stoff in der Mitte. Der R\u00fccken ist offen. Der Rock hat eine Schleppe und einen Schlitz auf der Vorderseite. Eine gro\u00dfe T\u00fcllschleife ziert den R\u00fccken und macht den Look noch schicker!\" \/>\n<meta property=\"og:url\" content=\"https:\/\/www.koonings.com\/de\/product\/marylise-indio-1\/\" \/>\n<meta property=\"og:site_name\" content=\"Koonings\" \/>\n<meta property=\"article:publisher\" content=\"https:\/\/www.facebook.com\/kooningstheweddingpalace\" \/>\n<meta property=\"og:image\" content=\"https:\/\/www.koonings.com\/wp-content\/uploads\/2024\/11\/39681_a4d9694abd75fd096aa4550f7e7fa494bf69c7ce4e0f0f0915b99a1708496a04e439096a-scaled.jpeg\" \/>\n\t<meta property=\"og:image:width\" content=\"1807\" \/>\n\t<meta property=\"og:image:height\" content=\"2560\" \/>\n\t<meta property=\"og:image:type\" content=\"image\/jpeg\" \/>\n<meta name=\"twitter:card\" content=\"summary_large_image\" \/>\n<script type=\"application\/ld+json\" class=\"yoast-schema-graph\">{\"@context\":\"https:\\\/\\\/schema.org\",\"@graph\":[{\"@type\":\"WebPage\",\"@id\":\"https:\\\/\\\/www.koonings.com\\\/de\\\/product\\\/marylise-indio-1\\\/\",\"url\":\"https:\\\/\\\/www.koonings.com\\\/de\\\/product\\\/marylise-indio-1\\\/\",\"name\":\"Marylise Indio\\\/1 | Koonings\",\"isPartOf\":{\"@id\":\"https:\\\/\\\/www.koonings.com\\\/de\\\/#website\"},\"primaryImageOfPage\":{\"@id\":\"https:\\\/\\\/www.koonings.com\\\/de\\\/product\\\/marylise-indio-1\\\/#primaryimage\"},\"image\":{\"@id\":\"https:\\\/\\\/www.koonings.com\\\/de\\\/product\\\/marylise-indio-1\\\/#primaryimage\"},\"thumbnailUrl\":\"https:\\\/\\\/www.koonings.com\\\/wp-content\\\/uploads\\\/2024\\\/11\\\/39681_a4d9694abd75fd096aa4550f7e7fa494bf69c7ce4e0f0f0915b99a1708496a04e439096a-scaled.jpeg\",\"datePublished\":\"2026-04-28T16:14:32+00:00\",\"description\":\"Ein elegantes Meerjungfrauenkleid aus Krepp. Das Oberteil hat einen Ausschnitt mit einem kleinen transparenten Stoff in der Mitte. Der R\u00fccken ist offen. Der Rock hat eine Schleppe und einen Schlitz auf der Vorderseite. Eine gro\u00dfe T\u00fcllschleife ziert den R\u00fccken und macht den Look noch schicker!\",\"breadcrumb\":{\"@id\":\"https:\\\/\\\/www.koonings.com\\\/de\\\/product\\\/marylise-indio-1\\\/#breadcrumb\"},\"inLanguage\":\"de\",\"potentialAction\":[{\"@type\":\"ReadAction\",\"target\":[\"https:\\\/\\\/www.koonings.com\\\/de\\\/product\\\/marylise-indio-1\\\/\"]}]},{\"@type\":\"ImageObject\",\"inLanguage\":\"de\",\"@id\":\"https:\\\/\\\/www.koonings.com\\\/de\\\/product\\\/marylise-indio-1\\\/#primaryimage\",\"url\":\"https:\\\/\\\/www.koonings.com\\\/wp-content\\\/uploads\\\/2024\\\/11\\\/39681_a4d9694abd75fd096aa4550f7e7fa494bf69c7ce4e0f0f0915b99a1708496a04e439096a-scaled.jpeg\",\"contentUrl\":\"https:\\\/\\\/www.koonings.com\\\/wp-content\\\/uploads\\\/2024\\\/11\\\/39681_a4d9694abd75fd096aa4550f7e7fa494bf69c7ce4e0f0f0915b99a1708496a04e439096a-scaled.jpeg\",\"width\":1807,\"height\":2560},{\"@type\":\"BreadcrumbList\",\"@id\":\"https:\\\/\\\/www.koonings.com\\\/de\\\/product\\\/marylise-indio-1\\\/#breadcrumb\",\"itemListElement\":[{\"@type\":\"ListItem\",\"position\":1,\"name\":\"Home\",\"item\":\"https:\\\/\\\/www.koonings.com\\\/de\\\/\"},{\"@type\":\"ListItem\",\"position\":2,\"name\":\"Marylise Indio\\\/1\"}]},{\"@type\":\"WebSite\",\"@id\":\"https:\\\/\\\/www.koonings.com\\\/de\\\/#website\",\"url\":\"https:\\\/\\\/www.koonings.com\\\/de\\\/\",\"name\":\"Koonings\",\"description\":\"De grootste bruidsmodewinkel ter wereld\",\"publisher\":{\"@id\":\"https:\\\/\\\/www.koonings.com\\\/de\\\/#organization\"},\"potentialAction\":[{\"@type\":\"SearchAction\",\"target\":{\"@type\":\"EntryPoint\",\"urlTemplate\":\"https:\\\/\\\/www.koonings.com\\\/de\\\/?s={search_term_string}\"},\"query-input\":{\"@type\":\"PropertyValueSpecification\",\"valueRequired\":true,\"valueName\":\"search_term_string\"}}],\"inLanguage\":\"de\"},{\"@type\":\"Organization\",\"@id\":\"https:\\\/\\\/www.koonings.com\\\/de\\\/#organization\",\"name\":\"Koonings\",\"url\":\"https:\\\/\\\/www.koonings.com\\\/de\\\/\",\"logo\":{\"@type\":\"ImageObject\",\"inLanguage\":\"de\",\"@id\":\"https:\\\/\\\/www.koonings.com\\\/de\\\/#\\\/schema\\\/logo\\\/image\\\/\",\"url\":\"https:\\\/\\\/www.koonings.com\\\/wp-content\\\/uploads\\\/2024\\\/07\\\/logo.png\",\"contentUrl\":\"https:\\\/\\\/www.koonings.com\\\/wp-content\\\/uploads\\\/2024\\\/07\\\/logo.png\",\"width\":600,\"height\":428,\"caption\":\"Koonings\"},\"image\":{\"@id\":\"https:\\\/\\\/www.koonings.com\\\/de\\\/#\\\/schema\\\/logo\\\/image\\\/\"},\"sameAs\":[\"https:\\\/\\\/www.facebook.com\\\/kooningstheweddingpalace\",\"https:\\\/\\\/www.instagram.com\\\/kooningstheweddingpalace\",\"https:\\\/\\\/www.pinterest.com\\\/koonings\",\"https:\\\/\\\/www.youtube.com\\\/kooningstheweddingpalace\"]}]}<\/script>\n<!-- \/ Yoast SEO plugin. -->","yoast_head_json":{"title":"Marylise Indio\/1 | Koonings","description":"Ein elegantes Meerjungfrauenkleid aus Krepp. Das Oberteil hat einen Ausschnitt mit einem kleinen transparenten Stoff in der Mitte. Der R\u00fccken ist offen. Der Rock hat eine Schleppe und einen Schlitz auf der Vorderseite. Eine gro\u00dfe T\u00fcllschleife ziert den R\u00fccken und macht den Look noch schicker!","robots":{"index":"index","follow":"follow","max-snippet":"max-snippet:-1","max-image-preview":"max-image-preview:large","max-video-preview":"max-video-preview:-1"},"canonical":"https:\/\/www.koonings.com\/de\/product\/marylise-indio-1\/","og_locale":"de_DE","og_type":"article","og_title":"Marylise Indio\/1 | Koonings","og_description":"Ein elegantes Meerjungfrauenkleid aus Krepp. Das Oberteil hat einen Ausschnitt mit einem kleinen transparenten Stoff in der Mitte. Der R\u00fccken ist offen. Der Rock hat eine Schleppe und einen Schlitz auf der Vorderseite. Eine gro\u00dfe T\u00fcllschleife ziert den R\u00fccken und macht den Look noch schicker!","og_url":"https:\/\/www.koonings.com\/de\/product\/marylise-indio-1\/","og_site_name":"Koonings","article_publisher":"https:\/\/www.facebook.com\/kooningstheweddingpalace","og_image":[{"width":1807,"height":2560,"url":"https:\/\/www.koonings.com\/wp-content\/uploads\/2024\/11\/39681_a4d9694abd75fd096aa4550f7e7fa494bf69c7ce4e0f0f0915b99a1708496a04e439096a-scaled.jpeg","type":"image\/jpeg"}],"twitter_card":"summary_large_image","schema":{"@context":"https:\/\/schema.org","@graph":[{"@type":"WebPage","@id":"https:\/\/www.koonings.com\/de\/product\/marylise-indio-1\/","url":"https:\/\/www.koonings.com\/de\/product\/marylise-indio-1\/","name":"Marylise Indio\/1 | Koonings","isPartOf":{"@id":"https:\/\/www.koonings.com\/de\/#website"},"primaryImageOfPage":{"@id":"https:\/\/www.koonings.com\/de\/product\/marylise-indio-1\/#primaryimage"},"image":{"@id":"https:\/\/www.koonings.com\/de\/product\/marylise-indio-1\/#primaryimage"},"thumbnailUrl":"https:\/\/www.koonings.com\/wp-content\/uploads\/2024\/11\/39681_a4d9694abd75fd096aa4550f7e7fa494bf69c7ce4e0f0f0915b99a1708496a04e439096a-scaled.jpeg","datePublished":"2026-04-28T16:14:32+00:00","description":"Ein elegantes Meerjungfrauenkleid aus Krepp. Das Oberteil hat einen Ausschnitt mit einem kleinen transparenten Stoff in der Mitte. Der R\u00fccken ist offen. Der Rock hat eine Schleppe und einen Schlitz auf der Vorderseite. Eine gro\u00dfe T\u00fcllschleife ziert den R\u00fccken und macht den Look noch schicker!","breadcrumb":{"@id":"https:\/\/www.koonings.com\/de\/product\/marylise-indio-1\/#breadcrumb"},"inLanguage":"de","potentialAction":[{"@type":"ReadAction","target":["https:\/\/www.koonings.com\/de\/product\/marylise-indio-1\/"]}]},{"@type":"ImageObject","inLanguage":"de","@id":"https:\/\/www.koonings.com\/de\/product\/marylise-indio-1\/#primaryimage","url":"https:\/\/www.koonings.com\/wp-content\/uploads\/2024\/11\/39681_a4d9694abd75fd096aa4550f7e7fa494bf69c7ce4e0f0f0915b99a1708496a04e439096a-scaled.jpeg","contentUrl":"https:\/\/www.koonings.com\/wp-content\/uploads\/2024\/11\/39681_a4d9694abd75fd096aa4550f7e7fa494bf69c7ce4e0f0f0915b99a1708496a04e439096a-scaled.jpeg","width":1807,"height":2560},{"@type":"BreadcrumbList","@id":"https:\/\/www.koonings.com\/de\/product\/marylise-indio-1\/#breadcrumb","itemListElement":[{"@type":"ListItem","position":1,"name":"Home","item":"https:\/\/www.koonings.com\/de\/"},{"@type":"ListItem","position":2,"name":"Marylise Indio\/1"}]},{"@type":"WebSite","@id":"https:\/\/www.koonings.com\/de\/#website","url":"https:\/\/www.koonings.com\/de\/","name":"Koonings","description":"De grootste bruidsmodewinkel ter wereld","publisher":{"@id":"https:\/\/www.koonings.com\/de\/#organization"},"potentialAction":[{"@type":"SearchAction","target":{"@type":"EntryPoint","urlTemplate":"https:\/\/www.koonings.com\/de\/?s={search_term_string}"},"query-input":{"@type":"PropertyValueSpecification","valueRequired":true,"valueName":"search_term_string"}}],"inLanguage":"de"},{"@type":"Organization","@id":"https:\/\/www.koonings.com\/de\/#organization","name":"Koonings","url":"https:\/\/www.koonings.com\/de\/","logo":{"@type":"ImageObject","inLanguage":"de","@id":"https:\/\/www.koonings.com\/de\/#\/schema\/logo\/image\/","url":"https:\/\/www.koonings.com\/wp-content\/uploads\/2024\/07\/logo.png","contentUrl":"https:\/\/www.koonings.com\/wp-content\/uploads\/2024\/07\/logo.png","width":600,"height":428,"caption":"Koonings"},"image":{"@id":"https:\/\/www.koonings.com\/de\/#\/schema\/logo\/image\/"},"sameAs":["https:\/\/www.facebook.com\/kooningstheweddingpalace","https:\/\/www.instagram.com\/kooningstheweddingpalace","https:\/\/www.pinterest.com\/koonings","https:\/\/www.youtube.com\/kooningstheweddingpalace"]}]}},"_links":{"self":[{"href":"https:\/\/www.koonings.com\/de\/wp-json\/wp\/v2\/product\/57928","targetHints":{"allow":["GET"]}}],"collection":[{"href":"https:\/\/www.koonings.com\/de\/wp-json\/wp\/v2\/product"}],"about":[{"href":"https:\/\/www.koonings.com\/de\/wp-json\/wp\/v2\/types\/product"}],"wp:featuredmedia":[{"embeddable":true,"href":"https:\/\/www.koonings.com\/de\/wp-json\/wp\/v2\/media\/42021"}],"wp:attachment":[{"href":"https:\/\/www.koonings.com\/de\/wp-json\/wp\/v2\/media?parent=57928"}],"wp:term":[{"taxonomy":"productdetails","embeddable":true,"href":"https:\/\/www.koonings.com\/de\/wp-json\/wp\/v2\/productdetails?post=57928"},{"taxonomy":"productneck","embeddable":true,"href":"https:\/\/www.koonings.com\/de\/wp-json\/wp\/v2\/productneck?post=57928"},{"taxonomy":"productcolor","embeddable":true,"href":"https:\/\/www.koonings.com\/de\/wp-json\/wp\/v2\/productcolor?post=57928"},{"taxonomy":"maat","embeddable":true,"href":"https:\/\/www.koonings.com\/de\/wp-json\/wp\/v2\/maat?post=57928"},{"taxonomy":"productsupplier","embeddable":true,"href":"https:\/\/www.koonings.com\/de\/wp-json\/wp\/v2\/productsupplier?post=57928"},{"taxonomy":"productsleeve","embeddable":true,"href":"https:\/\/www.koonings.com\/de\/wp-json\/wp\/v2\/productsleeve?post=57928"},{"taxonomy":"productcategory","embeddable":true,"href":"https:\/\/www.koonings.com\/de\/wp-json\/wp\/v2\/productcategory?post=57928"},{"taxonomy":"productsilhouette","embeddable":true,"href":"https:\/\/www.koonings.com\/de\/wp-json\/wp\/v2\/productsilhouette?post=57928"},{"taxonomy":"productstyle","embeddable":true,"href":"https:\/\/www.koonings.com\/de\/wp-json\/wp\/v2\/productstyle?post=57928"}],"curies":[{"name":"wp","href":"https:\/\/api.w.org\/{rel}","templated":true}]}}