{"id":57924,"date":"2026-05-06T15:14:44","date_gmt":"2026-05-06T13:14:44","guid":{"rendered":"https:\/\/www.koonings.com\/product\/rembo-styling-nacre-1\/"},"modified":"2025-06-05T12:43:52","modified_gmt":"2025-06-05T10:43:52","slug":"rembo-styling-nacre-1","status":"publish","type":"product","link":"https:\/\/www.koonings.com\/de\/product\/rembo-styling-nacre-1\/","title":{"rendered":"Rembo Styling Nacre\/1"},"content":{"rendered":"<p>Ein elegantes Kleid aus strapazierf\u00e4higem Cr\u00eape mit einem V-Ausschnitt. Die kurzen \u00c4rmel haben viel Volumen und sind aus besticktem T\u00fcll mit einem Blatt- und Blumenmuster gefertigt. Der R\u00fccken ist komplett offen und wird oben mit einem Knopf geschlossen. Der Rock hat eine leichte A-Linie und einen Schlitz auf der Vorderseite. Das Kleid hat eine kleine Schleppe.    <\/p>\n","protected":false},"featured_media":42034,"template":"","meta":{"_acf_changed":false,"ghostkit_customizer_options":"","ghostkit_custom_css":"","ghostkit_custom_js_head":"","ghostkit_custom_js_foot":"","ghostkit_typography":""},"productdetails":[381],"productneck":[356],"productcolor":[392],"maat":[],"productsupplier":[414],"productsleeve":[359,361],"productcategory":[18],"productsilhouette":[384,389],"productstyle":[364],"class_list":["post-57924","product","type-product","status-publish","has-post-thumbnail","hentry","productdetails-381","productneck-356","productcolor-392","productsupplier-rembo-styling","productsleeve-359","productsleeve-361","productcategory-trouwjurken","productsilhouette-384","productsilhouette-389","productstyle-364"],"acf":[],"yoast_head":"<!-- This site is optimized with the Yoast SEO plugin v27.3 - https:\/\/yoast.com\/product\/yoast-seo-wordpress\/ -->\n<title>Rembo Styling Nacre\/1 | Koonings<\/title>\n<meta name=\"description\" content=\"Ein elegantes Kleid aus strapazierf\u00e4higem Cr\u00eape mit einem V-Ausschnitt. Die kurzen \u00c4rmel haben viel Volumen und sind aus besticktem T\u00fcll mit einem Blatt- und Blumenmuster gefertigt. Der R\u00fccken ist komplett offen und wird oben mit einem Knopf geschlossen. Der Rock hat eine leichte A-Linie und einen Schlitz auf der Vorderseite. Das Kleid hat eine kleine Schleppe.\" \/>\n<meta name=\"robots\" content=\"index, follow, max-snippet:-1, max-image-preview:large, max-video-preview:-1\" \/>\n<link rel=\"canonical\" href=\"https:\/\/www.koonings.com\/de\/product\/rembo-styling-nacre-1\/\" \/>\n<meta property=\"og:locale\" content=\"de_DE\" \/>\n<meta property=\"og:type\" content=\"article\" \/>\n<meta property=\"og:title\" content=\"Rembo Styling Nacre\/1 | Koonings\" \/>\n<meta property=\"og:description\" content=\"Ein elegantes Kleid aus strapazierf\u00e4higem Cr\u00eape mit einem V-Ausschnitt. Die kurzen \u00c4rmel haben viel Volumen und sind aus besticktem T\u00fcll mit einem Blatt- und Blumenmuster gefertigt. Der R\u00fccken ist komplett offen und wird oben mit einem Knopf geschlossen. Der Rock hat eine leichte A-Linie und einen Schlitz auf der Vorderseite. Das Kleid hat eine kleine Schleppe.\" \/>\n<meta property=\"og:url\" content=\"https:\/\/www.koonings.com\/de\/product\/rembo-styling-nacre-1\/\" \/>\n<meta property=\"og:site_name\" content=\"Koonings\" \/>\n<meta property=\"article:publisher\" content=\"https:\/\/www.facebook.com\/kooningstheweddingpalace\" \/>\n<meta property=\"og:image\" content=\"https:\/\/www.koonings.com\/wp-content\/uploads\/2024\/11\/39682_1b058f34ffae570216c2baf685f148195c3d8e1b7b7ca6d573922c23d64261b407bfae74.jpeg\" \/>\n\t<meta property=\"og:image:width\" content=\"821\" \/>\n\t<meta property=\"og:image:height\" content=\"1160\" \/>\n\t<meta property=\"og:image:type\" content=\"image\/jpeg\" \/>\n<meta name=\"twitter:card\" content=\"summary_large_image\" \/>\n<script type=\"application\/ld+json\" class=\"yoast-schema-graph\">{\"@context\":\"https:\\\/\\\/schema.org\",\"@graph\":[{\"@type\":\"WebPage\",\"@id\":\"https:\\\/\\\/www.koonings.com\\\/de\\\/product\\\/rembo-styling-nacre-1\\\/\",\"url\":\"https:\\\/\\\/www.koonings.com\\\/de\\\/product\\\/rembo-styling-nacre-1\\\/\",\"name\":\"Rembo Styling Nacre\\\/1 | Koonings\",\"isPartOf\":{\"@id\":\"https:\\\/\\\/www.koonings.com\\\/de\\\/#website\"},\"primaryImageOfPage\":{\"@id\":\"https:\\\/\\\/www.koonings.com\\\/de\\\/product\\\/rembo-styling-nacre-1\\\/#primaryimage\"},\"image\":{\"@id\":\"https:\\\/\\\/www.koonings.com\\\/de\\\/product\\\/rembo-styling-nacre-1\\\/#primaryimage\"},\"thumbnailUrl\":\"https:\\\/\\\/www.koonings.com\\\/wp-content\\\/uploads\\\/2024\\\/11\\\/39682_1b058f34ffae570216c2baf685f148195c3d8e1b7b7ca6d573922c23d64261b407bfae74.jpeg\",\"datePublished\":\"2026-05-06T13:14:44+00:00\",\"description\":\"Ein elegantes Kleid aus strapazierf\u00e4higem Cr\u00eape mit einem V-Ausschnitt. Die kurzen \u00c4rmel haben viel Volumen und sind aus besticktem T\u00fcll mit einem Blatt- und Blumenmuster gefertigt. Der R\u00fccken ist komplett offen und wird oben mit einem Knopf geschlossen. Der Rock hat eine leichte A-Linie und einen Schlitz auf der Vorderseite. Das Kleid hat eine kleine Schleppe.\",\"breadcrumb\":{\"@id\":\"https:\\\/\\\/www.koonings.com\\\/de\\\/product\\\/rembo-styling-nacre-1\\\/#breadcrumb\"},\"inLanguage\":\"de\",\"potentialAction\":[{\"@type\":\"ReadAction\",\"target\":[\"https:\\\/\\\/www.koonings.com\\\/de\\\/product\\\/rembo-styling-nacre-1\\\/\"]}]},{\"@type\":\"ImageObject\",\"inLanguage\":\"de\",\"@id\":\"https:\\\/\\\/www.koonings.com\\\/de\\\/product\\\/rembo-styling-nacre-1\\\/#primaryimage\",\"url\":\"https:\\\/\\\/www.koonings.com\\\/wp-content\\\/uploads\\\/2024\\\/11\\\/39682_1b058f34ffae570216c2baf685f148195c3d8e1b7b7ca6d573922c23d64261b407bfae74.jpeg\",\"contentUrl\":\"https:\\\/\\\/www.koonings.com\\\/wp-content\\\/uploads\\\/2024\\\/11\\\/39682_1b058f34ffae570216c2baf685f148195c3d8e1b7b7ca6d573922c23d64261b407bfae74.jpeg\",\"width\":821,\"height\":1160},{\"@type\":\"BreadcrumbList\",\"@id\":\"https:\\\/\\\/www.koonings.com\\\/de\\\/product\\\/rembo-styling-nacre-1\\\/#breadcrumb\",\"itemListElement\":[{\"@type\":\"ListItem\",\"position\":1,\"name\":\"Home\",\"item\":\"https:\\\/\\\/www.koonings.com\\\/de\\\/\"},{\"@type\":\"ListItem\",\"position\":2,\"name\":\"Rembo Styling Nacre\\\/1\"}]},{\"@type\":\"WebSite\",\"@id\":\"https:\\\/\\\/www.koonings.com\\\/de\\\/#website\",\"url\":\"https:\\\/\\\/www.koonings.com\\\/de\\\/\",\"name\":\"Koonings\",\"description\":\"De grootste bruidsmodewinkel ter wereld\",\"publisher\":{\"@id\":\"https:\\\/\\\/www.koonings.com\\\/de\\\/#organization\"},\"potentialAction\":[{\"@type\":\"SearchAction\",\"target\":{\"@type\":\"EntryPoint\",\"urlTemplate\":\"https:\\\/\\\/www.koonings.com\\\/de\\\/?s={search_term_string}\"},\"query-input\":{\"@type\":\"PropertyValueSpecification\",\"valueRequired\":true,\"valueName\":\"search_term_string\"}}],\"inLanguage\":\"de\"},{\"@type\":\"Organization\",\"@id\":\"https:\\\/\\\/www.koonings.com\\\/de\\\/#organization\",\"name\":\"Koonings\",\"url\":\"https:\\\/\\\/www.koonings.com\\\/de\\\/\",\"logo\":{\"@type\":\"ImageObject\",\"inLanguage\":\"de\",\"@id\":\"https:\\\/\\\/www.koonings.com\\\/de\\\/#\\\/schema\\\/logo\\\/image\\\/\",\"url\":\"https:\\\/\\\/www.koonings.com\\\/wp-content\\\/uploads\\\/2024\\\/07\\\/logo.png\",\"contentUrl\":\"https:\\\/\\\/www.koonings.com\\\/wp-content\\\/uploads\\\/2024\\\/07\\\/logo.png\",\"width\":600,\"height\":428,\"caption\":\"Koonings\"},\"image\":{\"@id\":\"https:\\\/\\\/www.koonings.com\\\/de\\\/#\\\/schema\\\/logo\\\/image\\\/\"},\"sameAs\":[\"https:\\\/\\\/www.facebook.com\\\/kooningstheweddingpalace\",\"https:\\\/\\\/www.instagram.com\\\/kooningstheweddingpalace\",\"https:\\\/\\\/www.pinterest.com\\\/koonings\",\"https:\\\/\\\/www.youtube.com\\\/kooningstheweddingpalace\"]}]}<\/script>\n<!-- \/ Yoast SEO plugin. -->","yoast_head_json":{"title":"Rembo Styling Nacre\/1 | Koonings","description":"Ein elegantes Kleid aus strapazierf\u00e4higem Cr\u00eape mit einem V-Ausschnitt. Die kurzen \u00c4rmel haben viel Volumen und sind aus besticktem T\u00fcll mit einem Blatt- und Blumenmuster gefertigt. Der R\u00fccken ist komplett offen und wird oben mit einem Knopf geschlossen. Der Rock hat eine leichte A-Linie und einen Schlitz auf der Vorderseite. Das Kleid hat eine kleine Schleppe.","robots":{"index":"index","follow":"follow","max-snippet":"max-snippet:-1","max-image-preview":"max-image-preview:large","max-video-preview":"max-video-preview:-1"},"canonical":"https:\/\/www.koonings.com\/de\/product\/rembo-styling-nacre-1\/","og_locale":"de_DE","og_type":"article","og_title":"Rembo Styling Nacre\/1 | Koonings","og_description":"Ein elegantes Kleid aus strapazierf\u00e4higem Cr\u00eape mit einem V-Ausschnitt. Die kurzen \u00c4rmel haben viel Volumen und sind aus besticktem T\u00fcll mit einem Blatt- und Blumenmuster gefertigt. Der R\u00fccken ist komplett offen und wird oben mit einem Knopf geschlossen. Der Rock hat eine leichte A-Linie und einen Schlitz auf der Vorderseite. Das Kleid hat eine kleine Schleppe.","og_url":"https:\/\/www.koonings.com\/de\/product\/rembo-styling-nacre-1\/","og_site_name":"Koonings","article_publisher":"https:\/\/www.facebook.com\/kooningstheweddingpalace","og_image":[{"width":821,"height":1160,"url":"https:\/\/www.koonings.com\/wp-content\/uploads\/2024\/11\/39682_1b058f34ffae570216c2baf685f148195c3d8e1b7b7ca6d573922c23d64261b407bfae74.jpeg","type":"image\/jpeg"}],"twitter_card":"summary_large_image","schema":{"@context":"https:\/\/schema.org","@graph":[{"@type":"WebPage","@id":"https:\/\/www.koonings.com\/de\/product\/rembo-styling-nacre-1\/","url":"https:\/\/www.koonings.com\/de\/product\/rembo-styling-nacre-1\/","name":"Rembo Styling Nacre\/1 | Koonings","isPartOf":{"@id":"https:\/\/www.koonings.com\/de\/#website"},"primaryImageOfPage":{"@id":"https:\/\/www.koonings.com\/de\/product\/rembo-styling-nacre-1\/#primaryimage"},"image":{"@id":"https:\/\/www.koonings.com\/de\/product\/rembo-styling-nacre-1\/#primaryimage"},"thumbnailUrl":"https:\/\/www.koonings.com\/wp-content\/uploads\/2024\/11\/39682_1b058f34ffae570216c2baf685f148195c3d8e1b7b7ca6d573922c23d64261b407bfae74.jpeg","datePublished":"2026-05-06T13:14:44+00:00","description":"Ein elegantes Kleid aus strapazierf\u00e4higem Cr\u00eape mit einem V-Ausschnitt. Die kurzen \u00c4rmel haben viel Volumen und sind aus besticktem T\u00fcll mit einem Blatt- und Blumenmuster gefertigt. Der R\u00fccken ist komplett offen und wird oben mit einem Knopf geschlossen. Der Rock hat eine leichte A-Linie und einen Schlitz auf der Vorderseite. Das Kleid hat eine kleine Schleppe.","breadcrumb":{"@id":"https:\/\/www.koonings.com\/de\/product\/rembo-styling-nacre-1\/#breadcrumb"},"inLanguage":"de","potentialAction":[{"@type":"ReadAction","target":["https:\/\/www.koonings.com\/de\/product\/rembo-styling-nacre-1\/"]}]},{"@type":"ImageObject","inLanguage":"de","@id":"https:\/\/www.koonings.com\/de\/product\/rembo-styling-nacre-1\/#primaryimage","url":"https:\/\/www.koonings.com\/wp-content\/uploads\/2024\/11\/39682_1b058f34ffae570216c2baf685f148195c3d8e1b7b7ca6d573922c23d64261b407bfae74.jpeg","contentUrl":"https:\/\/www.koonings.com\/wp-content\/uploads\/2024\/11\/39682_1b058f34ffae570216c2baf685f148195c3d8e1b7b7ca6d573922c23d64261b407bfae74.jpeg","width":821,"height":1160},{"@type":"BreadcrumbList","@id":"https:\/\/www.koonings.com\/de\/product\/rembo-styling-nacre-1\/#breadcrumb","itemListElement":[{"@type":"ListItem","position":1,"name":"Home","item":"https:\/\/www.koonings.com\/de\/"},{"@type":"ListItem","position":2,"name":"Rembo Styling Nacre\/1"}]},{"@type":"WebSite","@id":"https:\/\/www.koonings.com\/de\/#website","url":"https:\/\/www.koonings.com\/de\/","name":"Koonings","description":"De grootste bruidsmodewinkel ter wereld","publisher":{"@id":"https:\/\/www.koonings.com\/de\/#organization"},"potentialAction":[{"@type":"SearchAction","target":{"@type":"EntryPoint","urlTemplate":"https:\/\/www.koonings.com\/de\/?s={search_term_string}"},"query-input":{"@type":"PropertyValueSpecification","valueRequired":true,"valueName":"search_term_string"}}],"inLanguage":"de"},{"@type":"Organization","@id":"https:\/\/www.koonings.com\/de\/#organization","name":"Koonings","url":"https:\/\/www.koonings.com\/de\/","logo":{"@type":"ImageObject","inLanguage":"de","@id":"https:\/\/www.koonings.com\/de\/#\/schema\/logo\/image\/","url":"https:\/\/www.koonings.com\/wp-content\/uploads\/2024\/07\/logo.png","contentUrl":"https:\/\/www.koonings.com\/wp-content\/uploads\/2024\/07\/logo.png","width":600,"height":428,"caption":"Koonings"},"image":{"@id":"https:\/\/www.koonings.com\/de\/#\/schema\/logo\/image\/"},"sameAs":["https:\/\/www.facebook.com\/kooningstheweddingpalace","https:\/\/www.instagram.com\/kooningstheweddingpalace","https:\/\/www.pinterest.com\/koonings","https:\/\/www.youtube.com\/kooningstheweddingpalace"]}]}},"_links":{"self":[{"href":"https:\/\/www.koonings.com\/de\/wp-json\/wp\/v2\/product\/57924","targetHints":{"allow":["GET"]}}],"collection":[{"href":"https:\/\/www.koonings.com\/de\/wp-json\/wp\/v2\/product"}],"about":[{"href":"https:\/\/www.koonings.com\/de\/wp-json\/wp\/v2\/types\/product"}],"wp:featuredmedia":[{"embeddable":true,"href":"https:\/\/www.koonings.com\/de\/wp-json\/wp\/v2\/media\/42034"}],"wp:attachment":[{"href":"https:\/\/www.koonings.com\/de\/wp-json\/wp\/v2\/media?parent=57924"}],"wp:term":[{"taxonomy":"productdetails","embeddable":true,"href":"https:\/\/www.koonings.com\/de\/wp-json\/wp\/v2\/productdetails?post=57924"},{"taxonomy":"productneck","embeddable":true,"href":"https:\/\/www.koonings.com\/de\/wp-json\/wp\/v2\/productneck?post=57924"},{"taxonomy":"productcolor","embeddable":true,"href":"https:\/\/www.koonings.com\/de\/wp-json\/wp\/v2\/productcolor?post=57924"},{"taxonomy":"maat","embeddable":true,"href":"https:\/\/www.koonings.com\/de\/wp-json\/wp\/v2\/maat?post=57924"},{"taxonomy":"productsupplier","embeddable":true,"href":"https:\/\/www.koonings.com\/de\/wp-json\/wp\/v2\/productsupplier?post=57924"},{"taxonomy":"productsleeve","embeddable":true,"href":"https:\/\/www.koonings.com\/de\/wp-json\/wp\/v2\/productsleeve?post=57924"},{"taxonomy":"productcategory","embeddable":true,"href":"https:\/\/www.koonings.com\/de\/wp-json\/wp\/v2\/productcategory?post=57924"},{"taxonomy":"productsilhouette","embeddable":true,"href":"https:\/\/www.koonings.com\/de\/wp-json\/wp\/v2\/productsilhouette?post=57924"},{"taxonomy":"productstyle","embeddable":true,"href":"https:\/\/www.koonings.com\/de\/wp-json\/wp\/v2\/productstyle?post=57924"}],"curies":[{"name":"wp","href":"https:\/\/api.w.org\/{rel}","templated":true}]}}