{"id":57917,"date":"2026-04-28T18:14:32","date_gmt":"2026-04-28T16:14:32","guid":{"rendered":"https:\/\/www.koonings.com\/product\/enzoani-blue-collection-rhea-l\/"},"modified":"2025-06-05T12:43:49","modified_gmt":"2025-06-05T10:43:49","slug":"enzoani-blue-collection-rhea-l","status":"publish","type":"product","link":"https:\/\/www.koonings.com\/de\/product\/enzoani-blue-collection-rhea-l\/","title":{"rendered":"Enzoani Blue collection Rhea-L"},"content":{"rendered":"<p>RHEA ist ein m\u00fcheloser und dennoch glamour\u00f6ser Brautlook, der Ihnen aus jedem Blickwinkel schmeichelt. Perlenbesetzte Tr\u00e4ger erg\u00e4nzen das detaillierte Mieder, das mit botanischer und floraler Perlenspitze \u00fcberzogen ist. Die verf\u00fchrerischen seitlichen Ausschnitte aus Illusionsspitze betonen Ihre Kurven, w\u00e4hrend der taillierte Cr\u00eape-Rock f\u00fcr einen eleganten und raffinierten Look sorgt. Der Illusionsr\u00fccken ist mit Perlenapplikationen versehen, die sich in einer wundersch\u00f6nen T\u00fcllschleppe fortsetzen!   <\/p>\n","protected":false},"featured_media":42047,"template":"","meta":{"_acf_changed":false,"ghostkit_customizer_options":"","ghostkit_custom_css":"","ghostkit_custom_js_head":"","ghostkit_custom_js_foot":"","ghostkit_typography":""},"productdetails":[380,383,381],"productneck":[356],"productcolor":[392],"maat":[],"productsupplier":[405],"productsleeve":[359],"productcategory":[18],"productsilhouette":[387],"productstyle":[371],"class_list":["post-57917","product","type-product","status-publish","has-post-thumbnail","hentry","productdetails-380","productdetails-383","productdetails-381","productneck-356","productcolor-392","productsupplier-enzoani-blue-collection","productsleeve-359","productcategory-trouwjurken","productsilhouette-387","productstyle-371"],"acf":[],"yoast_head":"<!-- This site is optimized with the Yoast SEO plugin v27.3 - https:\/\/yoast.com\/product\/yoast-seo-wordpress\/ -->\n<title>Enzoani Blue collection Rhea-L | Koonings<\/title>\n<meta name=\"description\" content=\"RHEA ist ein m\u00fcheloser und dennoch glamour\u00f6ser Brautlook, der Ihnen aus jedem Blickwinkel schmeichelt. Perlenbesetzte Tr\u00e4ger erg\u00e4nzen das detaillierte Mieder, das mit botanischer und floraler Perlenspitze \u00fcberzogen ist. Die verf\u00fchrerischen seitlichen Ausschnitte aus Illusionsspitze betonen Ihre Kurven, w\u00e4hrend der taillierte Cr\u00eape-Rock f\u00fcr einen eleganten und raffinierten Look sorgt. Der Illusionsr\u00fccken ist mit Perlenapplikationen versehen, die sich in einer wundersch\u00f6nen T\u00fcllschleppe fortsetzen!\" \/>\n<meta name=\"robots\" content=\"index, follow, max-snippet:-1, max-image-preview:large, max-video-preview:-1\" \/>\n<link rel=\"canonical\" href=\"https:\/\/www.koonings.com\/de\/product\/enzoani-blue-collection-rhea-l\/\" \/>\n<meta property=\"og:locale\" content=\"de_DE\" \/>\n<meta property=\"og:type\" content=\"article\" \/>\n<meta property=\"og:title\" content=\"Enzoani Blue collection Rhea-L | Koonings\" \/>\n<meta property=\"og:description\" content=\"RHEA ist ein m\u00fcheloser und dennoch glamour\u00f6ser Brautlook, der Ihnen aus jedem Blickwinkel schmeichelt. Perlenbesetzte Tr\u00e4ger erg\u00e4nzen das detaillierte Mieder, das mit botanischer und floraler Perlenspitze \u00fcberzogen ist. Die verf\u00fchrerischen seitlichen Ausschnitte aus Illusionsspitze betonen Ihre Kurven, w\u00e4hrend der taillierte Cr\u00eape-Rock f\u00fcr einen eleganten und raffinierten Look sorgt. Der Illusionsr\u00fccken ist mit Perlenapplikationen versehen, die sich in einer wundersch\u00f6nen T\u00fcllschleppe fortsetzen!\" \/>\n<meta property=\"og:url\" content=\"https:\/\/www.koonings.com\/de\/product\/enzoani-blue-collection-rhea-l\/\" \/>\n<meta property=\"og:site_name\" content=\"Koonings\" \/>\n<meta property=\"article:publisher\" content=\"https:\/\/www.facebook.com\/kooningstheweddingpalace\" \/>\n<meta property=\"og:image\" content=\"https:\/\/www.koonings.com\/wp-content\/uploads\/2024\/11\/39705_89b70201299d16f574d41284a8ee98d311865f44003613e91a2326acef93e50dd84a6c03.jpeg\" \/>\n\t<meta property=\"og:image:width\" content=\"1035\" \/>\n\t<meta property=\"og:image:height\" content=\"1380\" \/>\n\t<meta property=\"og:image:type\" content=\"image\/jpeg\" \/>\n<meta name=\"twitter:card\" content=\"summary_large_image\" \/>\n<script type=\"application\/ld+json\" class=\"yoast-schema-graph\">{\"@context\":\"https:\\\/\\\/schema.org\",\"@graph\":[{\"@type\":\"WebPage\",\"@id\":\"https:\\\/\\\/www.koonings.com\\\/de\\\/product\\\/enzoani-blue-collection-rhea-l\\\/\",\"url\":\"https:\\\/\\\/www.koonings.com\\\/de\\\/product\\\/enzoani-blue-collection-rhea-l\\\/\",\"name\":\"Enzoani Blue collection Rhea-L | Koonings\",\"isPartOf\":{\"@id\":\"https:\\\/\\\/www.koonings.com\\\/de\\\/#website\"},\"primaryImageOfPage\":{\"@id\":\"https:\\\/\\\/www.koonings.com\\\/de\\\/product\\\/enzoani-blue-collection-rhea-l\\\/#primaryimage\"},\"image\":{\"@id\":\"https:\\\/\\\/www.koonings.com\\\/de\\\/product\\\/enzoani-blue-collection-rhea-l\\\/#primaryimage\"},\"thumbnailUrl\":\"https:\\\/\\\/www.koonings.com\\\/wp-content\\\/uploads\\\/2024\\\/11\\\/39705_89b70201299d16f574d41284a8ee98d311865f44003613e91a2326acef93e50dd84a6c03.jpeg\",\"datePublished\":\"2026-04-28T16:14:32+00:00\",\"description\":\"RHEA ist ein m\u00fcheloser und dennoch glamour\u00f6ser Brautlook, der Ihnen aus jedem Blickwinkel schmeichelt. Perlenbesetzte Tr\u00e4ger erg\u00e4nzen das detaillierte Mieder, das mit botanischer und floraler Perlenspitze \u00fcberzogen ist. Die verf\u00fchrerischen seitlichen Ausschnitte aus Illusionsspitze betonen Ihre Kurven, w\u00e4hrend der taillierte Cr\u00eape-Rock f\u00fcr einen eleganten und raffinierten Look sorgt. Der Illusionsr\u00fccken ist mit Perlenapplikationen versehen, die sich in einer wundersch\u00f6nen T\u00fcllschleppe fortsetzen!\",\"breadcrumb\":{\"@id\":\"https:\\\/\\\/www.koonings.com\\\/de\\\/product\\\/enzoani-blue-collection-rhea-l\\\/#breadcrumb\"},\"inLanguage\":\"de\",\"potentialAction\":[{\"@type\":\"ReadAction\",\"target\":[\"https:\\\/\\\/www.koonings.com\\\/de\\\/product\\\/enzoani-blue-collection-rhea-l\\\/\"]}]},{\"@type\":\"ImageObject\",\"inLanguage\":\"de\",\"@id\":\"https:\\\/\\\/www.koonings.com\\\/de\\\/product\\\/enzoani-blue-collection-rhea-l\\\/#primaryimage\",\"url\":\"https:\\\/\\\/www.koonings.com\\\/wp-content\\\/uploads\\\/2024\\\/11\\\/39705_89b70201299d16f574d41284a8ee98d311865f44003613e91a2326acef93e50dd84a6c03.jpeg\",\"contentUrl\":\"https:\\\/\\\/www.koonings.com\\\/wp-content\\\/uploads\\\/2024\\\/11\\\/39705_89b70201299d16f574d41284a8ee98d311865f44003613e91a2326acef93e50dd84a6c03.jpeg\",\"width\":1035,\"height\":1380},{\"@type\":\"BreadcrumbList\",\"@id\":\"https:\\\/\\\/www.koonings.com\\\/de\\\/product\\\/enzoani-blue-collection-rhea-l\\\/#breadcrumb\",\"itemListElement\":[{\"@type\":\"ListItem\",\"position\":1,\"name\":\"Home\",\"item\":\"https:\\\/\\\/www.koonings.com\\\/de\\\/\"},{\"@type\":\"ListItem\",\"position\":2,\"name\":\"Enzoani Blue collection Rhea-L\"}]},{\"@type\":\"WebSite\",\"@id\":\"https:\\\/\\\/www.koonings.com\\\/de\\\/#website\",\"url\":\"https:\\\/\\\/www.koonings.com\\\/de\\\/\",\"name\":\"Koonings\",\"description\":\"De grootste bruidsmodewinkel ter wereld\",\"publisher\":{\"@id\":\"https:\\\/\\\/www.koonings.com\\\/de\\\/#organization\"},\"potentialAction\":[{\"@type\":\"SearchAction\",\"target\":{\"@type\":\"EntryPoint\",\"urlTemplate\":\"https:\\\/\\\/www.koonings.com\\\/de\\\/?s={search_term_string}\"},\"query-input\":{\"@type\":\"PropertyValueSpecification\",\"valueRequired\":true,\"valueName\":\"search_term_string\"}}],\"inLanguage\":\"de\"},{\"@type\":\"Organization\",\"@id\":\"https:\\\/\\\/www.koonings.com\\\/de\\\/#organization\",\"name\":\"Koonings\",\"url\":\"https:\\\/\\\/www.koonings.com\\\/de\\\/\",\"logo\":{\"@type\":\"ImageObject\",\"inLanguage\":\"de\",\"@id\":\"https:\\\/\\\/www.koonings.com\\\/de\\\/#\\\/schema\\\/logo\\\/image\\\/\",\"url\":\"https:\\\/\\\/www.koonings.com\\\/wp-content\\\/uploads\\\/2024\\\/07\\\/logo.png\",\"contentUrl\":\"https:\\\/\\\/www.koonings.com\\\/wp-content\\\/uploads\\\/2024\\\/07\\\/logo.png\",\"width\":600,\"height\":428,\"caption\":\"Koonings\"},\"image\":{\"@id\":\"https:\\\/\\\/www.koonings.com\\\/de\\\/#\\\/schema\\\/logo\\\/image\\\/\"},\"sameAs\":[\"https:\\\/\\\/www.facebook.com\\\/kooningstheweddingpalace\",\"https:\\\/\\\/www.instagram.com\\\/kooningstheweddingpalace\",\"https:\\\/\\\/www.pinterest.com\\\/koonings\",\"https:\\\/\\\/www.youtube.com\\\/kooningstheweddingpalace\"]}]}<\/script>\n<!-- \/ Yoast SEO plugin. -->","yoast_head_json":{"title":"Enzoani Blue collection Rhea-L | Koonings","description":"RHEA ist ein m\u00fcheloser und dennoch glamour\u00f6ser Brautlook, der Ihnen aus jedem Blickwinkel schmeichelt. Perlenbesetzte Tr\u00e4ger erg\u00e4nzen das detaillierte Mieder, das mit botanischer und floraler Perlenspitze \u00fcberzogen ist. Die verf\u00fchrerischen seitlichen Ausschnitte aus Illusionsspitze betonen Ihre Kurven, w\u00e4hrend der taillierte Cr\u00eape-Rock f\u00fcr einen eleganten und raffinierten Look sorgt. Der Illusionsr\u00fccken ist mit Perlenapplikationen versehen, die sich in einer wundersch\u00f6nen T\u00fcllschleppe fortsetzen!","robots":{"index":"index","follow":"follow","max-snippet":"max-snippet:-1","max-image-preview":"max-image-preview:large","max-video-preview":"max-video-preview:-1"},"canonical":"https:\/\/www.koonings.com\/de\/product\/enzoani-blue-collection-rhea-l\/","og_locale":"de_DE","og_type":"article","og_title":"Enzoani Blue collection Rhea-L | Koonings","og_description":"RHEA ist ein m\u00fcheloser und dennoch glamour\u00f6ser Brautlook, der Ihnen aus jedem Blickwinkel schmeichelt. Perlenbesetzte Tr\u00e4ger erg\u00e4nzen das detaillierte Mieder, das mit botanischer und floraler Perlenspitze \u00fcberzogen ist. Die verf\u00fchrerischen seitlichen Ausschnitte aus Illusionsspitze betonen Ihre Kurven, w\u00e4hrend der taillierte Cr\u00eape-Rock f\u00fcr einen eleganten und raffinierten Look sorgt. Der Illusionsr\u00fccken ist mit Perlenapplikationen versehen, die sich in einer wundersch\u00f6nen T\u00fcllschleppe fortsetzen!","og_url":"https:\/\/www.koonings.com\/de\/product\/enzoani-blue-collection-rhea-l\/","og_site_name":"Koonings","article_publisher":"https:\/\/www.facebook.com\/kooningstheweddingpalace","og_image":[{"width":1035,"height":1380,"url":"https:\/\/www.koonings.com\/wp-content\/uploads\/2024\/11\/39705_89b70201299d16f574d41284a8ee98d311865f44003613e91a2326acef93e50dd84a6c03.jpeg","type":"image\/jpeg"}],"twitter_card":"summary_large_image","schema":{"@context":"https:\/\/schema.org","@graph":[{"@type":"WebPage","@id":"https:\/\/www.koonings.com\/de\/product\/enzoani-blue-collection-rhea-l\/","url":"https:\/\/www.koonings.com\/de\/product\/enzoani-blue-collection-rhea-l\/","name":"Enzoani Blue collection Rhea-L | Koonings","isPartOf":{"@id":"https:\/\/www.koonings.com\/de\/#website"},"primaryImageOfPage":{"@id":"https:\/\/www.koonings.com\/de\/product\/enzoani-blue-collection-rhea-l\/#primaryimage"},"image":{"@id":"https:\/\/www.koonings.com\/de\/product\/enzoani-blue-collection-rhea-l\/#primaryimage"},"thumbnailUrl":"https:\/\/www.koonings.com\/wp-content\/uploads\/2024\/11\/39705_89b70201299d16f574d41284a8ee98d311865f44003613e91a2326acef93e50dd84a6c03.jpeg","datePublished":"2026-04-28T16:14:32+00:00","description":"RHEA ist ein m\u00fcheloser und dennoch glamour\u00f6ser Brautlook, der Ihnen aus jedem Blickwinkel schmeichelt. Perlenbesetzte Tr\u00e4ger erg\u00e4nzen das detaillierte Mieder, das mit botanischer und floraler Perlenspitze \u00fcberzogen ist. Die verf\u00fchrerischen seitlichen Ausschnitte aus Illusionsspitze betonen Ihre Kurven, w\u00e4hrend der taillierte Cr\u00eape-Rock f\u00fcr einen eleganten und raffinierten Look sorgt. Der Illusionsr\u00fccken ist mit Perlenapplikationen versehen, die sich in einer wundersch\u00f6nen T\u00fcllschleppe fortsetzen!","breadcrumb":{"@id":"https:\/\/www.koonings.com\/de\/product\/enzoani-blue-collection-rhea-l\/#breadcrumb"},"inLanguage":"de","potentialAction":[{"@type":"ReadAction","target":["https:\/\/www.koonings.com\/de\/product\/enzoani-blue-collection-rhea-l\/"]}]},{"@type":"ImageObject","inLanguage":"de","@id":"https:\/\/www.koonings.com\/de\/product\/enzoani-blue-collection-rhea-l\/#primaryimage","url":"https:\/\/www.koonings.com\/wp-content\/uploads\/2024\/11\/39705_89b70201299d16f574d41284a8ee98d311865f44003613e91a2326acef93e50dd84a6c03.jpeg","contentUrl":"https:\/\/www.koonings.com\/wp-content\/uploads\/2024\/11\/39705_89b70201299d16f574d41284a8ee98d311865f44003613e91a2326acef93e50dd84a6c03.jpeg","width":1035,"height":1380},{"@type":"BreadcrumbList","@id":"https:\/\/www.koonings.com\/de\/product\/enzoani-blue-collection-rhea-l\/#breadcrumb","itemListElement":[{"@type":"ListItem","position":1,"name":"Home","item":"https:\/\/www.koonings.com\/de\/"},{"@type":"ListItem","position":2,"name":"Enzoani Blue collection Rhea-L"}]},{"@type":"WebSite","@id":"https:\/\/www.koonings.com\/de\/#website","url":"https:\/\/www.koonings.com\/de\/","name":"Koonings","description":"De grootste bruidsmodewinkel ter wereld","publisher":{"@id":"https:\/\/www.koonings.com\/de\/#organization"},"potentialAction":[{"@type":"SearchAction","target":{"@type":"EntryPoint","urlTemplate":"https:\/\/www.koonings.com\/de\/?s={search_term_string}"},"query-input":{"@type":"PropertyValueSpecification","valueRequired":true,"valueName":"search_term_string"}}],"inLanguage":"de"},{"@type":"Organization","@id":"https:\/\/www.koonings.com\/de\/#organization","name":"Koonings","url":"https:\/\/www.koonings.com\/de\/","logo":{"@type":"ImageObject","inLanguage":"de","@id":"https:\/\/www.koonings.com\/de\/#\/schema\/logo\/image\/","url":"https:\/\/www.koonings.com\/wp-content\/uploads\/2024\/07\/logo.png","contentUrl":"https:\/\/www.koonings.com\/wp-content\/uploads\/2024\/07\/logo.png","width":600,"height":428,"caption":"Koonings"},"image":{"@id":"https:\/\/www.koonings.com\/de\/#\/schema\/logo\/image\/"},"sameAs":["https:\/\/www.facebook.com\/kooningstheweddingpalace","https:\/\/www.instagram.com\/kooningstheweddingpalace","https:\/\/www.pinterest.com\/koonings","https:\/\/www.youtube.com\/kooningstheweddingpalace"]}]}},"_links":{"self":[{"href":"https:\/\/www.koonings.com\/de\/wp-json\/wp\/v2\/product\/57917","targetHints":{"allow":["GET"]}}],"collection":[{"href":"https:\/\/www.koonings.com\/de\/wp-json\/wp\/v2\/product"}],"about":[{"href":"https:\/\/www.koonings.com\/de\/wp-json\/wp\/v2\/types\/product"}],"wp:featuredmedia":[{"embeddable":true,"href":"https:\/\/www.koonings.com\/de\/wp-json\/wp\/v2\/media\/42047"}],"wp:attachment":[{"href":"https:\/\/www.koonings.com\/de\/wp-json\/wp\/v2\/media?parent=57917"}],"wp:term":[{"taxonomy":"productdetails","embeddable":true,"href":"https:\/\/www.koonings.com\/de\/wp-json\/wp\/v2\/productdetails?post=57917"},{"taxonomy":"productneck","embeddable":true,"href":"https:\/\/www.koonings.com\/de\/wp-json\/wp\/v2\/productneck?post=57917"},{"taxonomy":"productcolor","embeddable":true,"href":"https:\/\/www.koonings.com\/de\/wp-json\/wp\/v2\/productcolor?post=57917"},{"taxonomy":"maat","embeddable":true,"href":"https:\/\/www.koonings.com\/de\/wp-json\/wp\/v2\/maat?post=57917"},{"taxonomy":"productsupplier","embeddable":true,"href":"https:\/\/www.koonings.com\/de\/wp-json\/wp\/v2\/productsupplier?post=57917"},{"taxonomy":"productsleeve","embeddable":true,"href":"https:\/\/www.koonings.com\/de\/wp-json\/wp\/v2\/productsleeve?post=57917"},{"taxonomy":"productcategory","embeddable":true,"href":"https:\/\/www.koonings.com\/de\/wp-json\/wp\/v2\/productcategory?post=57917"},{"taxonomy":"productsilhouette","embeddable":true,"href":"https:\/\/www.koonings.com\/de\/wp-json\/wp\/v2\/productsilhouette?post=57917"},{"taxonomy":"productstyle","embeddable":true,"href":"https:\/\/www.koonings.com\/de\/wp-json\/wp\/v2\/productstyle?post=57917"}],"curies":[{"name":"wp","href":"https:\/\/api.w.org\/{rel}","templated":true}]}}