{"id":57911,"date":"2026-04-14T16:16:13","date_gmt":"2026-04-14T14:16:13","guid":{"rendered":"https:\/\/www.koonings.com\/product\/enzoani-blue-collection-robyn-l\/"},"modified":"2025-06-05T12:44:02","modified_gmt":"2025-06-05T10:44:02","slug":"enzoani-blue-collection-robyn-l","status":"publish","type":"product","link":"https:\/\/www.koonings.com\/de\/product\/enzoani-blue-collection-robyn-l\/","title":{"rendered":"Enzoani Blue collection Robyn-L"},"content":{"rendered":"<p>Dieses atemberaubende Kleid in A-Linie ist wahrhaft romantisch bis ins kleinste Detail und hat uns zum Verlieben gebracht. Von den zarten, mit Perlen besetzten Spaghettitr\u00e4gern bis hin zu der schillernden, mit Perlen besetzten Blumenspitze auf dem korsettartigen Mieder ist dieses zauberhafte Kleid unvergesslich. Die abnehmbaren T\u00fcll-Tr\u00e4ger und der versteckte Gucklochschlitz mit Glitzert\u00fcll sorgen f\u00fcr einen verspielten und vertr\u00e4umten Effekt. Der R\u00fccken im Illusionskorsett-Stil mit detaillierter floraler Spitze mit Pailletten ist \u00e4u\u00dferst elegant und wird von einem bezaubernden T\u00fcllrock abgeschlossen.   <\/p>\n","protected":false},"featured_media":42064,"template":"","meta":{"_acf_changed":false,"ghostkit_customizer_options":"","ghostkit_custom_css":"","ghostkit_custom_js_head":"","ghostkit_custom_js_foot":"","ghostkit_typography":""},"productdetails":[379,378,381],"productneck":[352],"productcolor":[393,392],"maat":[],"productsupplier":[405],"productsleeve":[357,359],"productcategory":[18],"productsilhouette":[384,388],"productstyle":[],"class_list":["post-57911","product","type-product","status-publish","has-post-thumbnail","hentry","productdetails-379","productdetails-378","productdetails-381","productneck-352","productcolor-393","productcolor-392","productsupplier-enzoani-blue-collection","productsleeve-357","productsleeve-359","productcategory-trouwjurken","productsilhouette-384","productsilhouette-388"],"acf":[],"yoast_head":"<!-- This site is optimized with the Yoast SEO plugin v27.3 - https:\/\/yoast.com\/product\/yoast-seo-wordpress\/ -->\n<title>Enzoani Blue collection Robyn-L | Koonings<\/title>\n<meta name=\"description\" content=\"Dieses atemberaubende Kleid in A-Linie ist wahrhaft romantisch bis ins kleinste Detail und hat uns zum Verlieben gebracht. Von den zarten, mit Perlen besetzten Spaghettitr\u00e4gern bis hin zu der schillernden, mit Perlen besetzten Blumenspitze auf dem korsettartigen Mieder ist dieses zauberhafte Kleid unvergesslich. Die abnehmbaren T\u00fcll-Tr\u00e4ger und der versteckte Gucklochschlitz mit Glitzert\u00fcll sorgen f\u00fcr einen verspielten und vertr\u00e4umten Effekt. Der R\u00fccken im Illusionskorsett-Stil mit detaillierter floraler Spitze mit Pailletten ist \u00e4u\u00dferst elegant und wird von einem bezaubernden T\u00fcllrock abgeschlossen.\" \/>\n<meta name=\"robots\" content=\"index, follow, max-snippet:-1, max-image-preview:large, max-video-preview:-1\" \/>\n<link rel=\"canonical\" href=\"https:\/\/www.koonings.com\/de\/product\/enzoani-blue-collection-robyn-l\/\" \/>\n<meta property=\"og:locale\" content=\"de_DE\" \/>\n<meta property=\"og:type\" content=\"article\" \/>\n<meta property=\"og:title\" content=\"Enzoani Blue collection Robyn-L | Koonings\" \/>\n<meta property=\"og:description\" content=\"Dieses atemberaubende Kleid in A-Linie ist wahrhaft romantisch bis ins kleinste Detail und hat uns zum Verlieben gebracht. Von den zarten, mit Perlen besetzten Spaghettitr\u00e4gern bis hin zu der schillernden, mit Perlen besetzten Blumenspitze auf dem korsettartigen Mieder ist dieses zauberhafte Kleid unvergesslich. Die abnehmbaren T\u00fcll-Tr\u00e4ger und der versteckte Gucklochschlitz mit Glitzert\u00fcll sorgen f\u00fcr einen verspielten und vertr\u00e4umten Effekt. Der R\u00fccken im Illusionskorsett-Stil mit detaillierter floraler Spitze mit Pailletten ist \u00e4u\u00dferst elegant und wird von einem bezaubernden T\u00fcllrock abgeschlossen.\" \/>\n<meta property=\"og:url\" content=\"https:\/\/www.koonings.com\/de\/product\/enzoani-blue-collection-robyn-l\/\" \/>\n<meta property=\"og:site_name\" content=\"Koonings\" \/>\n<meta property=\"article:publisher\" content=\"https:\/\/www.facebook.com\/kooningstheweddingpalace\" \/>\n<meta property=\"og:image\" content=\"https:\/\/www.koonings.com\/wp-content\/uploads\/2024\/11\/39706_f0d9213bcc4e16a90d040a3b3a8f1bd52ab675dcd58d2fdd8b46b21212d208fb3d0ec7e2.jpeg\" \/>\n\t<meta property=\"og:image:width\" content=\"300\" \/>\n\t<meta property=\"og:image:height\" content=\"450\" \/>\n\t<meta property=\"og:image:type\" content=\"image\/jpeg\" \/>\n<meta name=\"twitter:card\" content=\"summary_large_image\" \/>\n<script type=\"application\/ld+json\" class=\"yoast-schema-graph\">{\"@context\":\"https:\\\/\\\/schema.org\",\"@graph\":[{\"@type\":\"WebPage\",\"@id\":\"https:\\\/\\\/www.koonings.com\\\/de\\\/product\\\/enzoani-blue-collection-robyn-l\\\/\",\"url\":\"https:\\\/\\\/www.koonings.com\\\/de\\\/product\\\/enzoani-blue-collection-robyn-l\\\/\",\"name\":\"Enzoani Blue collection Robyn-L | Koonings\",\"isPartOf\":{\"@id\":\"https:\\\/\\\/www.koonings.com\\\/de\\\/#website\"},\"primaryImageOfPage\":{\"@id\":\"https:\\\/\\\/www.koonings.com\\\/de\\\/product\\\/enzoani-blue-collection-robyn-l\\\/#primaryimage\"},\"image\":{\"@id\":\"https:\\\/\\\/www.koonings.com\\\/de\\\/product\\\/enzoani-blue-collection-robyn-l\\\/#primaryimage\"},\"thumbnailUrl\":\"https:\\\/\\\/www.koonings.com\\\/wp-content\\\/uploads\\\/2024\\\/11\\\/39706_f0d9213bcc4e16a90d040a3b3a8f1bd52ab675dcd58d2fdd8b46b21212d208fb3d0ec7e2.jpeg\",\"datePublished\":\"2026-04-14T14:16:13+00:00\",\"description\":\"Dieses atemberaubende Kleid in A-Linie ist wahrhaft romantisch bis ins kleinste Detail und hat uns zum Verlieben gebracht. Von den zarten, mit Perlen besetzten Spaghettitr\u00e4gern bis hin zu der schillernden, mit Perlen besetzten Blumenspitze auf dem korsettartigen Mieder ist dieses zauberhafte Kleid unvergesslich. Die abnehmbaren T\u00fcll-Tr\u00e4ger und der versteckte Gucklochschlitz mit Glitzert\u00fcll sorgen f\u00fcr einen verspielten und vertr\u00e4umten Effekt. Der R\u00fccken im Illusionskorsett-Stil mit detaillierter floraler Spitze mit Pailletten ist \u00e4u\u00dferst elegant und wird von einem bezaubernden T\u00fcllrock abgeschlossen.\",\"breadcrumb\":{\"@id\":\"https:\\\/\\\/www.koonings.com\\\/de\\\/product\\\/enzoani-blue-collection-robyn-l\\\/#breadcrumb\"},\"inLanguage\":\"de\",\"potentialAction\":[{\"@type\":\"ReadAction\",\"target\":[\"https:\\\/\\\/www.koonings.com\\\/de\\\/product\\\/enzoani-blue-collection-robyn-l\\\/\"]}]},{\"@type\":\"ImageObject\",\"inLanguage\":\"de\",\"@id\":\"https:\\\/\\\/www.koonings.com\\\/de\\\/product\\\/enzoani-blue-collection-robyn-l\\\/#primaryimage\",\"url\":\"https:\\\/\\\/www.koonings.com\\\/wp-content\\\/uploads\\\/2024\\\/11\\\/39706_f0d9213bcc4e16a90d040a3b3a8f1bd52ab675dcd58d2fdd8b46b21212d208fb3d0ec7e2.jpeg\",\"contentUrl\":\"https:\\\/\\\/www.koonings.com\\\/wp-content\\\/uploads\\\/2024\\\/11\\\/39706_f0d9213bcc4e16a90d040a3b3a8f1bd52ab675dcd58d2fdd8b46b21212d208fb3d0ec7e2.jpeg\",\"width\":300,\"height\":450},{\"@type\":\"BreadcrumbList\",\"@id\":\"https:\\\/\\\/www.koonings.com\\\/de\\\/product\\\/enzoani-blue-collection-robyn-l\\\/#breadcrumb\",\"itemListElement\":[{\"@type\":\"ListItem\",\"position\":1,\"name\":\"Home\",\"item\":\"https:\\\/\\\/www.koonings.com\\\/de\\\/\"},{\"@type\":\"ListItem\",\"position\":2,\"name\":\"Enzoani Blue collection Robyn-L\"}]},{\"@type\":\"WebSite\",\"@id\":\"https:\\\/\\\/www.koonings.com\\\/de\\\/#website\",\"url\":\"https:\\\/\\\/www.koonings.com\\\/de\\\/\",\"name\":\"Koonings\",\"description\":\"De grootste bruidsmodewinkel ter wereld\",\"publisher\":{\"@id\":\"https:\\\/\\\/www.koonings.com\\\/de\\\/#organization\"},\"potentialAction\":[{\"@type\":\"SearchAction\",\"target\":{\"@type\":\"EntryPoint\",\"urlTemplate\":\"https:\\\/\\\/www.koonings.com\\\/de\\\/?s={search_term_string}\"},\"query-input\":{\"@type\":\"PropertyValueSpecification\",\"valueRequired\":true,\"valueName\":\"search_term_string\"}}],\"inLanguage\":\"de\"},{\"@type\":\"Organization\",\"@id\":\"https:\\\/\\\/www.koonings.com\\\/de\\\/#organization\",\"name\":\"Koonings\",\"url\":\"https:\\\/\\\/www.koonings.com\\\/de\\\/\",\"logo\":{\"@type\":\"ImageObject\",\"inLanguage\":\"de\",\"@id\":\"https:\\\/\\\/www.koonings.com\\\/de\\\/#\\\/schema\\\/logo\\\/image\\\/\",\"url\":\"https:\\\/\\\/www.koonings.com\\\/wp-content\\\/uploads\\\/2024\\\/07\\\/logo.png\",\"contentUrl\":\"https:\\\/\\\/www.koonings.com\\\/wp-content\\\/uploads\\\/2024\\\/07\\\/logo.png\",\"width\":600,\"height\":428,\"caption\":\"Koonings\"},\"image\":{\"@id\":\"https:\\\/\\\/www.koonings.com\\\/de\\\/#\\\/schema\\\/logo\\\/image\\\/\"},\"sameAs\":[\"https:\\\/\\\/www.facebook.com\\\/kooningstheweddingpalace\",\"https:\\\/\\\/www.instagram.com\\\/kooningstheweddingpalace\",\"https:\\\/\\\/www.pinterest.com\\\/koonings\",\"https:\\\/\\\/www.youtube.com\\\/kooningstheweddingpalace\"]}]}<\/script>\n<!-- \/ Yoast SEO plugin. -->","yoast_head_json":{"title":"Enzoani Blue collection Robyn-L | Koonings","description":"Dieses atemberaubende Kleid in A-Linie ist wahrhaft romantisch bis ins kleinste Detail und hat uns zum Verlieben gebracht. Von den zarten, mit Perlen besetzten Spaghettitr\u00e4gern bis hin zu der schillernden, mit Perlen besetzten Blumenspitze auf dem korsettartigen Mieder ist dieses zauberhafte Kleid unvergesslich. Die abnehmbaren T\u00fcll-Tr\u00e4ger und der versteckte Gucklochschlitz mit Glitzert\u00fcll sorgen f\u00fcr einen verspielten und vertr\u00e4umten Effekt. Der R\u00fccken im Illusionskorsett-Stil mit detaillierter floraler Spitze mit Pailletten ist \u00e4u\u00dferst elegant und wird von einem bezaubernden T\u00fcllrock abgeschlossen.","robots":{"index":"index","follow":"follow","max-snippet":"max-snippet:-1","max-image-preview":"max-image-preview:large","max-video-preview":"max-video-preview:-1"},"canonical":"https:\/\/www.koonings.com\/de\/product\/enzoani-blue-collection-robyn-l\/","og_locale":"de_DE","og_type":"article","og_title":"Enzoani Blue collection Robyn-L | Koonings","og_description":"Dieses atemberaubende Kleid in A-Linie ist wahrhaft romantisch bis ins kleinste Detail und hat uns zum Verlieben gebracht. Von den zarten, mit Perlen besetzten Spaghettitr\u00e4gern bis hin zu der schillernden, mit Perlen besetzten Blumenspitze auf dem korsettartigen Mieder ist dieses zauberhafte Kleid unvergesslich. Die abnehmbaren T\u00fcll-Tr\u00e4ger und der versteckte Gucklochschlitz mit Glitzert\u00fcll sorgen f\u00fcr einen verspielten und vertr\u00e4umten Effekt. Der R\u00fccken im Illusionskorsett-Stil mit detaillierter floraler Spitze mit Pailletten ist \u00e4u\u00dferst elegant und wird von einem bezaubernden T\u00fcllrock abgeschlossen.","og_url":"https:\/\/www.koonings.com\/de\/product\/enzoani-blue-collection-robyn-l\/","og_site_name":"Koonings","article_publisher":"https:\/\/www.facebook.com\/kooningstheweddingpalace","og_image":[{"width":300,"height":450,"url":"https:\/\/www.koonings.com\/wp-content\/uploads\/2024\/11\/39706_f0d9213bcc4e16a90d040a3b3a8f1bd52ab675dcd58d2fdd8b46b21212d208fb3d0ec7e2.jpeg","type":"image\/jpeg"}],"twitter_card":"summary_large_image","schema":{"@context":"https:\/\/schema.org","@graph":[{"@type":"WebPage","@id":"https:\/\/www.koonings.com\/de\/product\/enzoani-blue-collection-robyn-l\/","url":"https:\/\/www.koonings.com\/de\/product\/enzoani-blue-collection-robyn-l\/","name":"Enzoani Blue collection Robyn-L | Koonings","isPartOf":{"@id":"https:\/\/www.koonings.com\/de\/#website"},"primaryImageOfPage":{"@id":"https:\/\/www.koonings.com\/de\/product\/enzoani-blue-collection-robyn-l\/#primaryimage"},"image":{"@id":"https:\/\/www.koonings.com\/de\/product\/enzoani-blue-collection-robyn-l\/#primaryimage"},"thumbnailUrl":"https:\/\/www.koonings.com\/wp-content\/uploads\/2024\/11\/39706_f0d9213bcc4e16a90d040a3b3a8f1bd52ab675dcd58d2fdd8b46b21212d208fb3d0ec7e2.jpeg","datePublished":"2026-04-14T14:16:13+00:00","description":"Dieses atemberaubende Kleid in A-Linie ist wahrhaft romantisch bis ins kleinste Detail und hat uns zum Verlieben gebracht. Von den zarten, mit Perlen besetzten Spaghettitr\u00e4gern bis hin zu der schillernden, mit Perlen besetzten Blumenspitze auf dem korsettartigen Mieder ist dieses zauberhafte Kleid unvergesslich. Die abnehmbaren T\u00fcll-Tr\u00e4ger und der versteckte Gucklochschlitz mit Glitzert\u00fcll sorgen f\u00fcr einen verspielten und vertr\u00e4umten Effekt. Der R\u00fccken im Illusionskorsett-Stil mit detaillierter floraler Spitze mit Pailletten ist \u00e4u\u00dferst elegant und wird von einem bezaubernden T\u00fcllrock abgeschlossen.","breadcrumb":{"@id":"https:\/\/www.koonings.com\/de\/product\/enzoani-blue-collection-robyn-l\/#breadcrumb"},"inLanguage":"de","potentialAction":[{"@type":"ReadAction","target":["https:\/\/www.koonings.com\/de\/product\/enzoani-blue-collection-robyn-l\/"]}]},{"@type":"ImageObject","inLanguage":"de","@id":"https:\/\/www.koonings.com\/de\/product\/enzoani-blue-collection-robyn-l\/#primaryimage","url":"https:\/\/www.koonings.com\/wp-content\/uploads\/2024\/11\/39706_f0d9213bcc4e16a90d040a3b3a8f1bd52ab675dcd58d2fdd8b46b21212d208fb3d0ec7e2.jpeg","contentUrl":"https:\/\/www.koonings.com\/wp-content\/uploads\/2024\/11\/39706_f0d9213bcc4e16a90d040a3b3a8f1bd52ab675dcd58d2fdd8b46b21212d208fb3d0ec7e2.jpeg","width":300,"height":450},{"@type":"BreadcrumbList","@id":"https:\/\/www.koonings.com\/de\/product\/enzoani-blue-collection-robyn-l\/#breadcrumb","itemListElement":[{"@type":"ListItem","position":1,"name":"Home","item":"https:\/\/www.koonings.com\/de\/"},{"@type":"ListItem","position":2,"name":"Enzoani Blue collection Robyn-L"}]},{"@type":"WebSite","@id":"https:\/\/www.koonings.com\/de\/#website","url":"https:\/\/www.koonings.com\/de\/","name":"Koonings","description":"De grootste bruidsmodewinkel ter wereld","publisher":{"@id":"https:\/\/www.koonings.com\/de\/#organization"},"potentialAction":[{"@type":"SearchAction","target":{"@type":"EntryPoint","urlTemplate":"https:\/\/www.koonings.com\/de\/?s={search_term_string}"},"query-input":{"@type":"PropertyValueSpecification","valueRequired":true,"valueName":"search_term_string"}}],"inLanguage":"de"},{"@type":"Organization","@id":"https:\/\/www.koonings.com\/de\/#organization","name":"Koonings","url":"https:\/\/www.koonings.com\/de\/","logo":{"@type":"ImageObject","inLanguage":"de","@id":"https:\/\/www.koonings.com\/de\/#\/schema\/logo\/image\/","url":"https:\/\/www.koonings.com\/wp-content\/uploads\/2024\/07\/logo.png","contentUrl":"https:\/\/www.koonings.com\/wp-content\/uploads\/2024\/07\/logo.png","width":600,"height":428,"caption":"Koonings"},"image":{"@id":"https:\/\/www.koonings.com\/de\/#\/schema\/logo\/image\/"},"sameAs":["https:\/\/www.facebook.com\/kooningstheweddingpalace","https:\/\/www.instagram.com\/kooningstheweddingpalace","https:\/\/www.pinterest.com\/koonings","https:\/\/www.youtube.com\/kooningstheweddingpalace"]}]}},"_links":{"self":[{"href":"https:\/\/www.koonings.com\/de\/wp-json\/wp\/v2\/product\/57911","targetHints":{"allow":["GET"]}}],"collection":[{"href":"https:\/\/www.koonings.com\/de\/wp-json\/wp\/v2\/product"}],"about":[{"href":"https:\/\/www.koonings.com\/de\/wp-json\/wp\/v2\/types\/product"}],"wp:featuredmedia":[{"embeddable":true,"href":"https:\/\/www.koonings.com\/de\/wp-json\/wp\/v2\/media\/42064"}],"wp:attachment":[{"href":"https:\/\/www.koonings.com\/de\/wp-json\/wp\/v2\/media?parent=57911"}],"wp:term":[{"taxonomy":"productdetails","embeddable":true,"href":"https:\/\/www.koonings.com\/de\/wp-json\/wp\/v2\/productdetails?post=57911"},{"taxonomy":"productneck","embeddable":true,"href":"https:\/\/www.koonings.com\/de\/wp-json\/wp\/v2\/productneck?post=57911"},{"taxonomy":"productcolor","embeddable":true,"href":"https:\/\/www.koonings.com\/de\/wp-json\/wp\/v2\/productcolor?post=57911"},{"taxonomy":"maat","embeddable":true,"href":"https:\/\/www.koonings.com\/de\/wp-json\/wp\/v2\/maat?post=57911"},{"taxonomy":"productsupplier","embeddable":true,"href":"https:\/\/www.koonings.com\/de\/wp-json\/wp\/v2\/productsupplier?post=57911"},{"taxonomy":"productsleeve","embeddable":true,"href":"https:\/\/www.koonings.com\/de\/wp-json\/wp\/v2\/productsleeve?post=57911"},{"taxonomy":"productcategory","embeddable":true,"href":"https:\/\/www.koonings.com\/de\/wp-json\/wp\/v2\/productcategory?post=57911"},{"taxonomy":"productsilhouette","embeddable":true,"href":"https:\/\/www.koonings.com\/de\/wp-json\/wp\/v2\/productsilhouette?post=57911"},{"taxonomy":"productstyle","embeddable":true,"href":"https:\/\/www.koonings.com\/de\/wp-json\/wp\/v2\/productstyle?post=57911"}],"curies":[{"name":"wp","href":"https:\/\/api.w.org\/{rel}","templated":true}]}}