{"id":57904,"date":"2026-04-28T18:14:40","date_gmt":"2026-04-28T16:14:40","guid":{"rendered":"https:\/\/www.koonings.com\/product\/enzoani-tessa\/"},"modified":"2025-06-05T12:44:00","modified_gmt":"2025-06-05T10:44:00","slug":"enzoani-tessa","status":"publish","type":"product","link":"https:\/\/www.koonings.com\/de\/product\/enzoani-tessa\/","title":{"rendered":"Enzoani Tessa"},"content":{"rendered":"<p>Tessa ist eine magnetische Kraft und das ultimative Showkleid! Diese atemberaubende Meerjungfrau-Silhouette verf\u00fcgt \u00fcber ein herzf\u00f6rmiges Korsett-Mieder mit detailliert gearbeiteten, perlenbesetzten Tr\u00e4gern. Die perlenbesetzte Wirbelspitze wird zweifellos aus jedem Blickwinkel die Aufmerksamkeit auf sich ziehen, ebenso wie die schimmernde Glitzert\u00fcllschicht. Die vielen Schichten von Godets auf dem glitzernden, strukturierten T\u00fcllrock sorgen f\u00fcr einen schillernden und glamour\u00f6sen Look. Der vollst\u00e4ndig verzierte Korsettr\u00fccken mit eleganter Perlenstickerei rundet dieses spektakul\u00e4re Kleid ab.    <\/p>\n","protected":false},"featured_media":42107,"template":"","meta":{"_acf_changed":false,"ghostkit_customizer_options":"","ghostkit_custom_css":"","ghostkit_custom_js_head":"","ghostkit_custom_js_foot":"","ghostkit_typography":""},"productdetails":[380,376,381],"productneck":[355],"productcolor":[393,392],"maat":[],"productsupplier":[406],"productsleeve":[359],"productcategory":[18],"productsilhouette":[387],"productstyle":[369],"class_list":["post-57904","product","type-product","status-publish","has-post-thumbnail","hentry","productdetails-380","productdetails-376","productdetails-381","productneck-355","productcolor-393","productcolor-392","productsupplier-enzoani","productsleeve-359","productcategory-trouwjurken","productsilhouette-387","productstyle-369"],"acf":[],"yoast_head":"<!-- This site is optimized with the Yoast SEO plugin v27.3 - https:\/\/yoast.com\/product\/yoast-seo-wordpress\/ -->\n<title>Enzoani Tessa | Koonings<\/title>\n<meta name=\"description\" content=\"Tessa ist eine magnetische Kraft und das ultimative Showkleid! Diese atemberaubende Meerjungfrau-Silhouette verf\u00fcgt \u00fcber ein herzf\u00f6rmiges Korsett-Mieder mit detailliert gearbeiteten, perlenbesetzten Tr\u00e4gern. Die perlenbesetzte Wirbelspitze wird zweifellos aus jedem Blickwinkel die Aufmerksamkeit auf sich ziehen, ebenso wie die schimmernde Glitzert\u00fcllschicht. Die vielen Schichten von Godets auf dem glitzernden, strukturierten T\u00fcllrock sorgen f\u00fcr einen schillernden und glamour\u00f6sen Look. Der vollst\u00e4ndig verzierte Korsettr\u00fccken mit eleganter Perlenstickerei rundet dieses spektakul\u00e4re Kleid ab.\" \/>\n<meta name=\"robots\" content=\"index, follow, max-snippet:-1, max-image-preview:large, max-video-preview:-1\" \/>\n<link rel=\"canonical\" href=\"https:\/\/www.koonings.com\/de\/product\/enzoani-tessa\/\" \/>\n<meta property=\"og:locale\" content=\"de_DE\" \/>\n<meta property=\"og:type\" content=\"article\" \/>\n<meta property=\"og:title\" content=\"Enzoani Tessa | Koonings\" \/>\n<meta property=\"og:description\" content=\"Tessa ist eine magnetische Kraft und das ultimative Showkleid! Diese atemberaubende Meerjungfrau-Silhouette verf\u00fcgt \u00fcber ein herzf\u00f6rmiges Korsett-Mieder mit detailliert gearbeiteten, perlenbesetzten Tr\u00e4gern. Die perlenbesetzte Wirbelspitze wird zweifellos aus jedem Blickwinkel die Aufmerksamkeit auf sich ziehen, ebenso wie die schimmernde Glitzert\u00fcllschicht. Die vielen Schichten von Godets auf dem glitzernden, strukturierten T\u00fcllrock sorgen f\u00fcr einen schillernden und glamour\u00f6sen Look. Der vollst\u00e4ndig verzierte Korsettr\u00fccken mit eleganter Perlenstickerei rundet dieses spektakul\u00e4re Kleid ab.\" \/>\n<meta property=\"og:url\" content=\"https:\/\/www.koonings.com\/de\/product\/enzoani-tessa\/\" \/>\n<meta property=\"og:site_name\" content=\"Koonings\" \/>\n<meta property=\"article:publisher\" content=\"https:\/\/www.facebook.com\/kooningstheweddingpalace\" \/>\n<meta property=\"og:image\" content=\"https:\/\/www.koonings.com\/wp-content\/uploads\/2024\/11\/39733_68c20185e9e4b56a07eee9006114a3ae09babdbbb72c8c82f6eff6fa257f4bf2038ea13f.jpeg\" \/>\n\t<meta property=\"og:image:width\" content=\"1035\" \/>\n\t<meta property=\"og:image:height\" content=\"1380\" \/>\n\t<meta property=\"og:image:type\" content=\"image\/jpeg\" \/>\n<meta name=\"twitter:card\" content=\"summary_large_image\" \/>\n<script type=\"application\/ld+json\" class=\"yoast-schema-graph\">{\"@context\":\"https:\\\/\\\/schema.org\",\"@graph\":[{\"@type\":\"WebPage\",\"@id\":\"https:\\\/\\\/www.koonings.com\\\/de\\\/product\\\/enzoani-tessa\\\/\",\"url\":\"https:\\\/\\\/www.koonings.com\\\/de\\\/product\\\/enzoani-tessa\\\/\",\"name\":\"Enzoani Tessa | Koonings\",\"isPartOf\":{\"@id\":\"https:\\\/\\\/www.koonings.com\\\/de\\\/#website\"},\"primaryImageOfPage\":{\"@id\":\"https:\\\/\\\/www.koonings.com\\\/de\\\/product\\\/enzoani-tessa\\\/#primaryimage\"},\"image\":{\"@id\":\"https:\\\/\\\/www.koonings.com\\\/de\\\/product\\\/enzoani-tessa\\\/#primaryimage\"},\"thumbnailUrl\":\"https:\\\/\\\/www.koonings.com\\\/wp-content\\\/uploads\\\/2024\\\/11\\\/39733_68c20185e9e4b56a07eee9006114a3ae09babdbbb72c8c82f6eff6fa257f4bf2038ea13f.jpeg\",\"datePublished\":\"2026-04-28T16:14:40+00:00\",\"description\":\"Tessa ist eine magnetische Kraft und das ultimative Showkleid! Diese atemberaubende Meerjungfrau-Silhouette verf\u00fcgt \u00fcber ein herzf\u00f6rmiges Korsett-Mieder mit detailliert gearbeiteten, perlenbesetzten Tr\u00e4gern. Die perlenbesetzte Wirbelspitze wird zweifellos aus jedem Blickwinkel die Aufmerksamkeit auf sich ziehen, ebenso wie die schimmernde Glitzert\u00fcllschicht. Die vielen Schichten von Godets auf dem glitzernden, strukturierten T\u00fcllrock sorgen f\u00fcr einen schillernden und glamour\u00f6sen Look. Der vollst\u00e4ndig verzierte Korsettr\u00fccken mit eleganter Perlenstickerei rundet dieses spektakul\u00e4re Kleid ab.\",\"breadcrumb\":{\"@id\":\"https:\\\/\\\/www.koonings.com\\\/de\\\/product\\\/enzoani-tessa\\\/#breadcrumb\"},\"inLanguage\":\"de\",\"potentialAction\":[{\"@type\":\"ReadAction\",\"target\":[\"https:\\\/\\\/www.koonings.com\\\/de\\\/product\\\/enzoani-tessa\\\/\"]}]},{\"@type\":\"ImageObject\",\"inLanguage\":\"de\",\"@id\":\"https:\\\/\\\/www.koonings.com\\\/de\\\/product\\\/enzoani-tessa\\\/#primaryimage\",\"url\":\"https:\\\/\\\/www.koonings.com\\\/wp-content\\\/uploads\\\/2024\\\/11\\\/39733_68c20185e9e4b56a07eee9006114a3ae09babdbbb72c8c82f6eff6fa257f4bf2038ea13f.jpeg\",\"contentUrl\":\"https:\\\/\\\/www.koonings.com\\\/wp-content\\\/uploads\\\/2024\\\/11\\\/39733_68c20185e9e4b56a07eee9006114a3ae09babdbbb72c8c82f6eff6fa257f4bf2038ea13f.jpeg\",\"width\":1035,\"height\":1380},{\"@type\":\"BreadcrumbList\",\"@id\":\"https:\\\/\\\/www.koonings.com\\\/de\\\/product\\\/enzoani-tessa\\\/#breadcrumb\",\"itemListElement\":[{\"@type\":\"ListItem\",\"position\":1,\"name\":\"Home\",\"item\":\"https:\\\/\\\/www.koonings.com\\\/de\\\/\"},{\"@type\":\"ListItem\",\"position\":2,\"name\":\"Enzoani Tessa\"}]},{\"@type\":\"WebSite\",\"@id\":\"https:\\\/\\\/www.koonings.com\\\/de\\\/#website\",\"url\":\"https:\\\/\\\/www.koonings.com\\\/de\\\/\",\"name\":\"Koonings\",\"description\":\"De grootste bruidsmodewinkel ter wereld\",\"publisher\":{\"@id\":\"https:\\\/\\\/www.koonings.com\\\/de\\\/#organization\"},\"potentialAction\":[{\"@type\":\"SearchAction\",\"target\":{\"@type\":\"EntryPoint\",\"urlTemplate\":\"https:\\\/\\\/www.koonings.com\\\/de\\\/?s={search_term_string}\"},\"query-input\":{\"@type\":\"PropertyValueSpecification\",\"valueRequired\":true,\"valueName\":\"search_term_string\"}}],\"inLanguage\":\"de\"},{\"@type\":\"Organization\",\"@id\":\"https:\\\/\\\/www.koonings.com\\\/de\\\/#organization\",\"name\":\"Koonings\",\"url\":\"https:\\\/\\\/www.koonings.com\\\/de\\\/\",\"logo\":{\"@type\":\"ImageObject\",\"inLanguage\":\"de\",\"@id\":\"https:\\\/\\\/www.koonings.com\\\/de\\\/#\\\/schema\\\/logo\\\/image\\\/\",\"url\":\"https:\\\/\\\/www.koonings.com\\\/wp-content\\\/uploads\\\/2024\\\/07\\\/logo.png\",\"contentUrl\":\"https:\\\/\\\/www.koonings.com\\\/wp-content\\\/uploads\\\/2024\\\/07\\\/logo.png\",\"width\":600,\"height\":428,\"caption\":\"Koonings\"},\"image\":{\"@id\":\"https:\\\/\\\/www.koonings.com\\\/de\\\/#\\\/schema\\\/logo\\\/image\\\/\"},\"sameAs\":[\"https:\\\/\\\/www.facebook.com\\\/kooningstheweddingpalace\",\"https:\\\/\\\/www.instagram.com\\\/kooningstheweddingpalace\",\"https:\\\/\\\/www.pinterest.com\\\/koonings\",\"https:\\\/\\\/www.youtube.com\\\/kooningstheweddingpalace\"]}]}<\/script>\n<!-- \/ Yoast SEO plugin. -->","yoast_head_json":{"title":"Enzoani Tessa | Koonings","description":"Tessa ist eine magnetische Kraft und das ultimative Showkleid! Diese atemberaubende Meerjungfrau-Silhouette verf\u00fcgt \u00fcber ein herzf\u00f6rmiges Korsett-Mieder mit detailliert gearbeiteten, perlenbesetzten Tr\u00e4gern. Die perlenbesetzte Wirbelspitze wird zweifellos aus jedem Blickwinkel die Aufmerksamkeit auf sich ziehen, ebenso wie die schimmernde Glitzert\u00fcllschicht. Die vielen Schichten von Godets auf dem glitzernden, strukturierten T\u00fcllrock sorgen f\u00fcr einen schillernden und glamour\u00f6sen Look. Der vollst\u00e4ndig verzierte Korsettr\u00fccken mit eleganter Perlenstickerei rundet dieses spektakul\u00e4re Kleid ab.","robots":{"index":"index","follow":"follow","max-snippet":"max-snippet:-1","max-image-preview":"max-image-preview:large","max-video-preview":"max-video-preview:-1"},"canonical":"https:\/\/www.koonings.com\/de\/product\/enzoani-tessa\/","og_locale":"de_DE","og_type":"article","og_title":"Enzoani Tessa | Koonings","og_description":"Tessa ist eine magnetische Kraft und das ultimative Showkleid! Diese atemberaubende Meerjungfrau-Silhouette verf\u00fcgt \u00fcber ein herzf\u00f6rmiges Korsett-Mieder mit detailliert gearbeiteten, perlenbesetzten Tr\u00e4gern. Die perlenbesetzte Wirbelspitze wird zweifellos aus jedem Blickwinkel die Aufmerksamkeit auf sich ziehen, ebenso wie die schimmernde Glitzert\u00fcllschicht. Die vielen Schichten von Godets auf dem glitzernden, strukturierten T\u00fcllrock sorgen f\u00fcr einen schillernden und glamour\u00f6sen Look. Der vollst\u00e4ndig verzierte Korsettr\u00fccken mit eleganter Perlenstickerei rundet dieses spektakul\u00e4re Kleid ab.","og_url":"https:\/\/www.koonings.com\/de\/product\/enzoani-tessa\/","og_site_name":"Koonings","article_publisher":"https:\/\/www.facebook.com\/kooningstheweddingpalace","og_image":[{"width":1035,"height":1380,"url":"https:\/\/www.koonings.com\/wp-content\/uploads\/2024\/11\/39733_68c20185e9e4b56a07eee9006114a3ae09babdbbb72c8c82f6eff6fa257f4bf2038ea13f.jpeg","type":"image\/jpeg"}],"twitter_card":"summary_large_image","schema":{"@context":"https:\/\/schema.org","@graph":[{"@type":"WebPage","@id":"https:\/\/www.koonings.com\/de\/product\/enzoani-tessa\/","url":"https:\/\/www.koonings.com\/de\/product\/enzoani-tessa\/","name":"Enzoani Tessa | Koonings","isPartOf":{"@id":"https:\/\/www.koonings.com\/de\/#website"},"primaryImageOfPage":{"@id":"https:\/\/www.koonings.com\/de\/product\/enzoani-tessa\/#primaryimage"},"image":{"@id":"https:\/\/www.koonings.com\/de\/product\/enzoani-tessa\/#primaryimage"},"thumbnailUrl":"https:\/\/www.koonings.com\/wp-content\/uploads\/2024\/11\/39733_68c20185e9e4b56a07eee9006114a3ae09babdbbb72c8c82f6eff6fa257f4bf2038ea13f.jpeg","datePublished":"2026-04-28T16:14:40+00:00","description":"Tessa ist eine magnetische Kraft und das ultimative Showkleid! Diese atemberaubende Meerjungfrau-Silhouette verf\u00fcgt \u00fcber ein herzf\u00f6rmiges Korsett-Mieder mit detailliert gearbeiteten, perlenbesetzten Tr\u00e4gern. Die perlenbesetzte Wirbelspitze wird zweifellos aus jedem Blickwinkel die Aufmerksamkeit auf sich ziehen, ebenso wie die schimmernde Glitzert\u00fcllschicht. Die vielen Schichten von Godets auf dem glitzernden, strukturierten T\u00fcllrock sorgen f\u00fcr einen schillernden und glamour\u00f6sen Look. Der vollst\u00e4ndig verzierte Korsettr\u00fccken mit eleganter Perlenstickerei rundet dieses spektakul\u00e4re Kleid ab.","breadcrumb":{"@id":"https:\/\/www.koonings.com\/de\/product\/enzoani-tessa\/#breadcrumb"},"inLanguage":"de","potentialAction":[{"@type":"ReadAction","target":["https:\/\/www.koonings.com\/de\/product\/enzoani-tessa\/"]}]},{"@type":"ImageObject","inLanguage":"de","@id":"https:\/\/www.koonings.com\/de\/product\/enzoani-tessa\/#primaryimage","url":"https:\/\/www.koonings.com\/wp-content\/uploads\/2024\/11\/39733_68c20185e9e4b56a07eee9006114a3ae09babdbbb72c8c82f6eff6fa257f4bf2038ea13f.jpeg","contentUrl":"https:\/\/www.koonings.com\/wp-content\/uploads\/2024\/11\/39733_68c20185e9e4b56a07eee9006114a3ae09babdbbb72c8c82f6eff6fa257f4bf2038ea13f.jpeg","width":1035,"height":1380},{"@type":"BreadcrumbList","@id":"https:\/\/www.koonings.com\/de\/product\/enzoani-tessa\/#breadcrumb","itemListElement":[{"@type":"ListItem","position":1,"name":"Home","item":"https:\/\/www.koonings.com\/de\/"},{"@type":"ListItem","position":2,"name":"Enzoani Tessa"}]},{"@type":"WebSite","@id":"https:\/\/www.koonings.com\/de\/#website","url":"https:\/\/www.koonings.com\/de\/","name":"Koonings","description":"De grootste bruidsmodewinkel ter wereld","publisher":{"@id":"https:\/\/www.koonings.com\/de\/#organization"},"potentialAction":[{"@type":"SearchAction","target":{"@type":"EntryPoint","urlTemplate":"https:\/\/www.koonings.com\/de\/?s={search_term_string}"},"query-input":{"@type":"PropertyValueSpecification","valueRequired":true,"valueName":"search_term_string"}}],"inLanguage":"de"},{"@type":"Organization","@id":"https:\/\/www.koonings.com\/de\/#organization","name":"Koonings","url":"https:\/\/www.koonings.com\/de\/","logo":{"@type":"ImageObject","inLanguage":"de","@id":"https:\/\/www.koonings.com\/de\/#\/schema\/logo\/image\/","url":"https:\/\/www.koonings.com\/wp-content\/uploads\/2024\/07\/logo.png","contentUrl":"https:\/\/www.koonings.com\/wp-content\/uploads\/2024\/07\/logo.png","width":600,"height":428,"caption":"Koonings"},"image":{"@id":"https:\/\/www.koonings.com\/de\/#\/schema\/logo\/image\/"},"sameAs":["https:\/\/www.facebook.com\/kooningstheweddingpalace","https:\/\/www.instagram.com\/kooningstheweddingpalace","https:\/\/www.pinterest.com\/koonings","https:\/\/www.youtube.com\/kooningstheweddingpalace"]}]}},"_links":{"self":[{"href":"https:\/\/www.koonings.com\/de\/wp-json\/wp\/v2\/product\/57904","targetHints":{"allow":["GET"]}}],"collection":[{"href":"https:\/\/www.koonings.com\/de\/wp-json\/wp\/v2\/product"}],"about":[{"href":"https:\/\/www.koonings.com\/de\/wp-json\/wp\/v2\/types\/product"}],"wp:featuredmedia":[{"embeddable":true,"href":"https:\/\/www.koonings.com\/de\/wp-json\/wp\/v2\/media\/42107"}],"wp:attachment":[{"href":"https:\/\/www.koonings.com\/de\/wp-json\/wp\/v2\/media?parent=57904"}],"wp:term":[{"taxonomy":"productdetails","embeddable":true,"href":"https:\/\/www.koonings.com\/de\/wp-json\/wp\/v2\/productdetails?post=57904"},{"taxonomy":"productneck","embeddable":true,"href":"https:\/\/www.koonings.com\/de\/wp-json\/wp\/v2\/productneck?post=57904"},{"taxonomy":"productcolor","embeddable":true,"href":"https:\/\/www.koonings.com\/de\/wp-json\/wp\/v2\/productcolor?post=57904"},{"taxonomy":"maat","embeddable":true,"href":"https:\/\/www.koonings.com\/de\/wp-json\/wp\/v2\/maat?post=57904"},{"taxonomy":"productsupplier","embeddable":true,"href":"https:\/\/www.koonings.com\/de\/wp-json\/wp\/v2\/productsupplier?post=57904"},{"taxonomy":"productsleeve","embeddable":true,"href":"https:\/\/www.koonings.com\/de\/wp-json\/wp\/v2\/productsleeve?post=57904"},{"taxonomy":"productcategory","embeddable":true,"href":"https:\/\/www.koonings.com\/de\/wp-json\/wp\/v2\/productcategory?post=57904"},{"taxonomy":"productsilhouette","embeddable":true,"href":"https:\/\/www.koonings.com\/de\/wp-json\/wp\/v2\/productsilhouette?post=57904"},{"taxonomy":"productstyle","embeddable":true,"href":"https:\/\/www.koonings.com\/de\/wp-json\/wp\/v2\/productstyle?post=57904"}],"curies":[{"name":"wp","href":"https:\/\/api.w.org\/{rel}","templated":true}]}}