{"id":57849,"date":"2026-04-28T18:14:50","date_gmt":"2026-04-28T16:14:50","guid":{"rendered":"https:\/\/www.koonings.com\/product\/demetrios-1231\/"},"modified":"2025-06-05T12:44:31","modified_gmt":"2025-06-05T10:44:31","slug":"demetrios-1231","status":"publish","type":"product","link":"https:\/\/www.koonings.com\/de\/product\/demetrios-1231\/","title":{"rendered":"Demetrios 1231"},"content":{"rendered":"<p>\u00c4therische Romantik trifft auf klassische Opulenz in Stil 1231. Zarte florale Spitze schm\u00fcckt ihr geb\u00fcndeltes Korsett, das Mieder mit herzf\u00f6rmigem Ausschnitt und den volumin\u00f6sen, schimmernden T\u00fcllrock. Eine wundersch\u00f6ne, spitzenverzierte Jacke mit langen \u00c4rmeln, durchsichtigem hohen Ausschnitt und Knopfverschluss verleiht dieser \u00dcbergangssch\u00f6nheit einen k\u00f6niglichen Touch. Passende Jacke JA03 (separat erh\u00e4ltlich).   <\/p>\n","protected":false},"featured_media":42519,"template":"","meta":{"_acf_changed":false,"ghostkit_customizer_options":"","ghostkit_custom_css":"","ghostkit_custom_js_head":"","ghostkit_custom_js_foot":"","ghostkit_typography":""},"productdetails":[379,376,381],"productneck":[350,351],"productcolor":[392],"maat":[],"productsupplier":[402],"productsleeve":[362],"productcategory":[18],"productsilhouette":[388],"productstyle":[372,366],"class_list":["post-57849","product","type-product","status-publish","has-post-thumbnail","hentry","productdetails-379","productdetails-376","productdetails-381","productneck-350","productneck-351","productcolor-392","productsupplier-demetrios","productsleeve-362","productcategory-trouwjurken","productsilhouette-388","productstyle-372","productstyle-366"],"acf":[],"yoast_head":"<!-- This site is optimized with the Yoast SEO plugin v27.3 - https:\/\/yoast.com\/product\/yoast-seo-wordpress\/ -->\n<title>Demetrios 1231 | Koonings<\/title>\n<meta name=\"description\" content=\"\u00c4therische Romantik trifft auf klassische Opulenz in Stil 1231. Zarte florale Spitze schm\u00fcckt ihr geb\u00fcndeltes Korsett, das Mieder mit herzf\u00f6rmigem Ausschnitt und den volumin\u00f6sen, schimmernden T\u00fcllrock. Eine wundersch\u00f6ne, spitzenverzierte Jacke mit langen \u00c4rmeln, durchsichtigem hohen Ausschnitt und Knopfverschluss verleiht dieser \u00dcbergangssch\u00f6nheit einen k\u00f6niglichen Touch. Passende Jacke JA03 (separat erh\u00e4ltlich).\" \/>\n<meta name=\"robots\" content=\"index, follow, max-snippet:-1, max-image-preview:large, max-video-preview:-1\" \/>\n<link rel=\"canonical\" href=\"https:\/\/www.koonings.com\/de\/product\/demetrios-1231\/\" \/>\n<meta property=\"og:locale\" content=\"de_DE\" \/>\n<meta property=\"og:type\" content=\"article\" \/>\n<meta property=\"og:title\" content=\"Demetrios 1231 | Koonings\" \/>\n<meta property=\"og:description\" content=\"\u00c4therische Romantik trifft auf klassische Opulenz in Stil 1231. Zarte florale Spitze schm\u00fcckt ihr geb\u00fcndeltes Korsett, das Mieder mit herzf\u00f6rmigem Ausschnitt und den volumin\u00f6sen, schimmernden T\u00fcllrock. Eine wundersch\u00f6ne, spitzenverzierte Jacke mit langen \u00c4rmeln, durchsichtigem hohen Ausschnitt und Knopfverschluss verleiht dieser \u00dcbergangssch\u00f6nheit einen k\u00f6niglichen Touch. Passende Jacke JA03 (separat erh\u00e4ltlich).\" \/>\n<meta property=\"og:url\" content=\"https:\/\/www.koonings.com\/de\/product\/demetrios-1231\/\" \/>\n<meta property=\"og:site_name\" content=\"Koonings\" \/>\n<meta property=\"article:publisher\" content=\"https:\/\/www.facebook.com\/kooningstheweddingpalace\" \/>\n<meta property=\"og:image\" content=\"https:\/\/www.koonings.com\/wp-content\/uploads\/2024\/11\/39777_3614cb4f9d63d75673f4553bf6635323656968e2f779115aeac2f7e3290f698af7ea6688-scaled.jpeg\" \/>\n\t<meta property=\"og:image:width\" content=\"1808\" \/>\n\t<meta property=\"og:image:height\" content=\"2560\" \/>\n\t<meta property=\"og:image:type\" content=\"image\/jpeg\" \/>\n<meta name=\"twitter:card\" content=\"summary_large_image\" \/>\n<script type=\"application\/ld+json\" class=\"yoast-schema-graph\">{\"@context\":\"https:\\\/\\\/schema.org\",\"@graph\":[{\"@type\":\"WebPage\",\"@id\":\"https:\\\/\\\/www.koonings.com\\\/de\\\/product\\\/demetrios-1231\\\/\",\"url\":\"https:\\\/\\\/www.koonings.com\\\/de\\\/product\\\/demetrios-1231\\\/\",\"name\":\"Demetrios 1231 | Koonings\",\"isPartOf\":{\"@id\":\"https:\\\/\\\/www.koonings.com\\\/de\\\/#website\"},\"primaryImageOfPage\":{\"@id\":\"https:\\\/\\\/www.koonings.com\\\/de\\\/product\\\/demetrios-1231\\\/#primaryimage\"},\"image\":{\"@id\":\"https:\\\/\\\/www.koonings.com\\\/de\\\/product\\\/demetrios-1231\\\/#primaryimage\"},\"thumbnailUrl\":\"https:\\\/\\\/www.koonings.com\\\/wp-content\\\/uploads\\\/2024\\\/11\\\/39777_3614cb4f9d63d75673f4553bf6635323656968e2f779115aeac2f7e3290f698af7ea6688-scaled.jpeg\",\"datePublished\":\"2026-04-28T16:14:50+00:00\",\"description\":\"\u00c4therische Romantik trifft auf klassische Opulenz in Stil 1231. Zarte florale Spitze schm\u00fcckt ihr geb\u00fcndeltes Korsett, das Mieder mit herzf\u00f6rmigem Ausschnitt und den volumin\u00f6sen, schimmernden T\u00fcllrock. Eine wundersch\u00f6ne, spitzenverzierte Jacke mit langen \u00c4rmeln, durchsichtigem hohen Ausschnitt und Knopfverschluss verleiht dieser \u00dcbergangssch\u00f6nheit einen k\u00f6niglichen Touch. Passende Jacke JA03 (separat erh\u00e4ltlich).\",\"breadcrumb\":{\"@id\":\"https:\\\/\\\/www.koonings.com\\\/de\\\/product\\\/demetrios-1231\\\/#breadcrumb\"},\"inLanguage\":\"de\",\"potentialAction\":[{\"@type\":\"ReadAction\",\"target\":[\"https:\\\/\\\/www.koonings.com\\\/de\\\/product\\\/demetrios-1231\\\/\"]}]},{\"@type\":\"ImageObject\",\"inLanguage\":\"de\",\"@id\":\"https:\\\/\\\/www.koonings.com\\\/de\\\/product\\\/demetrios-1231\\\/#primaryimage\",\"url\":\"https:\\\/\\\/www.koonings.com\\\/wp-content\\\/uploads\\\/2024\\\/11\\\/39777_3614cb4f9d63d75673f4553bf6635323656968e2f779115aeac2f7e3290f698af7ea6688-scaled.jpeg\",\"contentUrl\":\"https:\\\/\\\/www.koonings.com\\\/wp-content\\\/uploads\\\/2024\\\/11\\\/39777_3614cb4f9d63d75673f4553bf6635323656968e2f779115aeac2f7e3290f698af7ea6688-scaled.jpeg\",\"width\":1808,\"height\":2560},{\"@type\":\"BreadcrumbList\",\"@id\":\"https:\\\/\\\/www.koonings.com\\\/de\\\/product\\\/demetrios-1231\\\/#breadcrumb\",\"itemListElement\":[{\"@type\":\"ListItem\",\"position\":1,\"name\":\"Home\",\"item\":\"https:\\\/\\\/www.koonings.com\\\/de\\\/\"},{\"@type\":\"ListItem\",\"position\":2,\"name\":\"Demetrios 1231\"}]},{\"@type\":\"WebSite\",\"@id\":\"https:\\\/\\\/www.koonings.com\\\/de\\\/#website\",\"url\":\"https:\\\/\\\/www.koonings.com\\\/de\\\/\",\"name\":\"Koonings\",\"description\":\"De grootste bruidsmodewinkel ter wereld\",\"publisher\":{\"@id\":\"https:\\\/\\\/www.koonings.com\\\/de\\\/#organization\"},\"potentialAction\":[{\"@type\":\"SearchAction\",\"target\":{\"@type\":\"EntryPoint\",\"urlTemplate\":\"https:\\\/\\\/www.koonings.com\\\/de\\\/?s={search_term_string}\"},\"query-input\":{\"@type\":\"PropertyValueSpecification\",\"valueRequired\":true,\"valueName\":\"search_term_string\"}}],\"inLanguage\":\"de\"},{\"@type\":\"Organization\",\"@id\":\"https:\\\/\\\/www.koonings.com\\\/de\\\/#organization\",\"name\":\"Koonings\",\"url\":\"https:\\\/\\\/www.koonings.com\\\/de\\\/\",\"logo\":{\"@type\":\"ImageObject\",\"inLanguage\":\"de\",\"@id\":\"https:\\\/\\\/www.koonings.com\\\/de\\\/#\\\/schema\\\/logo\\\/image\\\/\",\"url\":\"https:\\\/\\\/www.koonings.com\\\/wp-content\\\/uploads\\\/2024\\\/07\\\/logo.png\",\"contentUrl\":\"https:\\\/\\\/www.koonings.com\\\/wp-content\\\/uploads\\\/2024\\\/07\\\/logo.png\",\"width\":600,\"height\":428,\"caption\":\"Koonings\"},\"image\":{\"@id\":\"https:\\\/\\\/www.koonings.com\\\/de\\\/#\\\/schema\\\/logo\\\/image\\\/\"},\"sameAs\":[\"https:\\\/\\\/www.facebook.com\\\/kooningstheweddingpalace\",\"https:\\\/\\\/www.instagram.com\\\/kooningstheweddingpalace\",\"https:\\\/\\\/www.pinterest.com\\\/koonings\",\"https:\\\/\\\/www.youtube.com\\\/kooningstheweddingpalace\"]}]}<\/script>\n<!-- \/ Yoast SEO plugin. -->","yoast_head_json":{"title":"Demetrios 1231 | Koonings","description":"\u00c4therische Romantik trifft auf klassische Opulenz in Stil 1231. Zarte florale Spitze schm\u00fcckt ihr geb\u00fcndeltes Korsett, das Mieder mit herzf\u00f6rmigem Ausschnitt und den volumin\u00f6sen, schimmernden T\u00fcllrock. Eine wundersch\u00f6ne, spitzenverzierte Jacke mit langen \u00c4rmeln, durchsichtigem hohen Ausschnitt und Knopfverschluss verleiht dieser \u00dcbergangssch\u00f6nheit einen k\u00f6niglichen Touch. Passende Jacke JA03 (separat erh\u00e4ltlich).","robots":{"index":"index","follow":"follow","max-snippet":"max-snippet:-1","max-image-preview":"max-image-preview:large","max-video-preview":"max-video-preview:-1"},"canonical":"https:\/\/www.koonings.com\/de\/product\/demetrios-1231\/","og_locale":"de_DE","og_type":"article","og_title":"Demetrios 1231 | Koonings","og_description":"\u00c4therische Romantik trifft auf klassische Opulenz in Stil 1231. Zarte florale Spitze schm\u00fcckt ihr geb\u00fcndeltes Korsett, das Mieder mit herzf\u00f6rmigem Ausschnitt und den volumin\u00f6sen, schimmernden T\u00fcllrock. Eine wundersch\u00f6ne, spitzenverzierte Jacke mit langen \u00c4rmeln, durchsichtigem hohen Ausschnitt und Knopfverschluss verleiht dieser \u00dcbergangssch\u00f6nheit einen k\u00f6niglichen Touch. Passende Jacke JA03 (separat erh\u00e4ltlich).","og_url":"https:\/\/www.koonings.com\/de\/product\/demetrios-1231\/","og_site_name":"Koonings","article_publisher":"https:\/\/www.facebook.com\/kooningstheweddingpalace","og_image":[{"width":1808,"height":2560,"url":"https:\/\/www.koonings.com\/wp-content\/uploads\/2024\/11\/39777_3614cb4f9d63d75673f4553bf6635323656968e2f779115aeac2f7e3290f698af7ea6688-scaled.jpeg","type":"image\/jpeg"}],"twitter_card":"summary_large_image","schema":{"@context":"https:\/\/schema.org","@graph":[{"@type":"WebPage","@id":"https:\/\/www.koonings.com\/de\/product\/demetrios-1231\/","url":"https:\/\/www.koonings.com\/de\/product\/demetrios-1231\/","name":"Demetrios 1231 | Koonings","isPartOf":{"@id":"https:\/\/www.koonings.com\/de\/#website"},"primaryImageOfPage":{"@id":"https:\/\/www.koonings.com\/de\/product\/demetrios-1231\/#primaryimage"},"image":{"@id":"https:\/\/www.koonings.com\/de\/product\/demetrios-1231\/#primaryimage"},"thumbnailUrl":"https:\/\/www.koonings.com\/wp-content\/uploads\/2024\/11\/39777_3614cb4f9d63d75673f4553bf6635323656968e2f779115aeac2f7e3290f698af7ea6688-scaled.jpeg","datePublished":"2026-04-28T16:14:50+00:00","description":"\u00c4therische Romantik trifft auf klassische Opulenz in Stil 1231. Zarte florale Spitze schm\u00fcckt ihr geb\u00fcndeltes Korsett, das Mieder mit herzf\u00f6rmigem Ausschnitt und den volumin\u00f6sen, schimmernden T\u00fcllrock. Eine wundersch\u00f6ne, spitzenverzierte Jacke mit langen \u00c4rmeln, durchsichtigem hohen Ausschnitt und Knopfverschluss verleiht dieser \u00dcbergangssch\u00f6nheit einen k\u00f6niglichen Touch. Passende Jacke JA03 (separat erh\u00e4ltlich).","breadcrumb":{"@id":"https:\/\/www.koonings.com\/de\/product\/demetrios-1231\/#breadcrumb"},"inLanguage":"de","potentialAction":[{"@type":"ReadAction","target":["https:\/\/www.koonings.com\/de\/product\/demetrios-1231\/"]}]},{"@type":"ImageObject","inLanguage":"de","@id":"https:\/\/www.koonings.com\/de\/product\/demetrios-1231\/#primaryimage","url":"https:\/\/www.koonings.com\/wp-content\/uploads\/2024\/11\/39777_3614cb4f9d63d75673f4553bf6635323656968e2f779115aeac2f7e3290f698af7ea6688-scaled.jpeg","contentUrl":"https:\/\/www.koonings.com\/wp-content\/uploads\/2024\/11\/39777_3614cb4f9d63d75673f4553bf6635323656968e2f779115aeac2f7e3290f698af7ea6688-scaled.jpeg","width":1808,"height":2560},{"@type":"BreadcrumbList","@id":"https:\/\/www.koonings.com\/de\/product\/demetrios-1231\/#breadcrumb","itemListElement":[{"@type":"ListItem","position":1,"name":"Home","item":"https:\/\/www.koonings.com\/de\/"},{"@type":"ListItem","position":2,"name":"Demetrios 1231"}]},{"@type":"WebSite","@id":"https:\/\/www.koonings.com\/de\/#website","url":"https:\/\/www.koonings.com\/de\/","name":"Koonings","description":"De grootste bruidsmodewinkel ter wereld","publisher":{"@id":"https:\/\/www.koonings.com\/de\/#organization"},"potentialAction":[{"@type":"SearchAction","target":{"@type":"EntryPoint","urlTemplate":"https:\/\/www.koonings.com\/de\/?s={search_term_string}"},"query-input":{"@type":"PropertyValueSpecification","valueRequired":true,"valueName":"search_term_string"}}],"inLanguage":"de"},{"@type":"Organization","@id":"https:\/\/www.koonings.com\/de\/#organization","name":"Koonings","url":"https:\/\/www.koonings.com\/de\/","logo":{"@type":"ImageObject","inLanguage":"de","@id":"https:\/\/www.koonings.com\/de\/#\/schema\/logo\/image\/","url":"https:\/\/www.koonings.com\/wp-content\/uploads\/2024\/07\/logo.png","contentUrl":"https:\/\/www.koonings.com\/wp-content\/uploads\/2024\/07\/logo.png","width":600,"height":428,"caption":"Koonings"},"image":{"@id":"https:\/\/www.koonings.com\/de\/#\/schema\/logo\/image\/"},"sameAs":["https:\/\/www.facebook.com\/kooningstheweddingpalace","https:\/\/www.instagram.com\/kooningstheweddingpalace","https:\/\/www.pinterest.com\/koonings","https:\/\/www.youtube.com\/kooningstheweddingpalace"]}]}},"_links":{"self":[{"href":"https:\/\/www.koonings.com\/de\/wp-json\/wp\/v2\/product\/57849","targetHints":{"allow":["GET"]}}],"collection":[{"href":"https:\/\/www.koonings.com\/de\/wp-json\/wp\/v2\/product"}],"about":[{"href":"https:\/\/www.koonings.com\/de\/wp-json\/wp\/v2\/types\/product"}],"wp:featuredmedia":[{"embeddable":true,"href":"https:\/\/www.koonings.com\/de\/wp-json\/wp\/v2\/media\/42519"}],"wp:attachment":[{"href":"https:\/\/www.koonings.com\/de\/wp-json\/wp\/v2\/media?parent=57849"}],"wp:term":[{"taxonomy":"productdetails","embeddable":true,"href":"https:\/\/www.koonings.com\/de\/wp-json\/wp\/v2\/productdetails?post=57849"},{"taxonomy":"productneck","embeddable":true,"href":"https:\/\/www.koonings.com\/de\/wp-json\/wp\/v2\/productneck?post=57849"},{"taxonomy":"productcolor","embeddable":true,"href":"https:\/\/www.koonings.com\/de\/wp-json\/wp\/v2\/productcolor?post=57849"},{"taxonomy":"maat","embeddable":true,"href":"https:\/\/www.koonings.com\/de\/wp-json\/wp\/v2\/maat?post=57849"},{"taxonomy":"productsupplier","embeddable":true,"href":"https:\/\/www.koonings.com\/de\/wp-json\/wp\/v2\/productsupplier?post=57849"},{"taxonomy":"productsleeve","embeddable":true,"href":"https:\/\/www.koonings.com\/de\/wp-json\/wp\/v2\/productsleeve?post=57849"},{"taxonomy":"productcategory","embeddable":true,"href":"https:\/\/www.koonings.com\/de\/wp-json\/wp\/v2\/productcategory?post=57849"},{"taxonomy":"productsilhouette","embeddable":true,"href":"https:\/\/www.koonings.com\/de\/wp-json\/wp\/v2\/productsilhouette?post=57849"},{"taxonomy":"productstyle","embeddable":true,"href":"https:\/\/www.koonings.com\/de\/wp-json\/wp\/v2\/productstyle?post=57849"}],"curies":[{"name":"wp","href":"https:\/\/api.w.org\/{rel}","templated":true}]}}