{"id":57848,"date":"2026-04-28T18:14:52","date_gmt":"2026-04-28T16:14:52","guid":{"rendered":"https:\/\/www.koonings.com\/product\/demetrios-1238\/"},"modified":"2026-02-16T14:38:30","modified_gmt":"2026-02-16T13:38:30","slug":"demetrios-1238","status":"publish","type":"product","link":"https:\/\/www.koonings.com\/de\/product\/demetrios-1238\/","title":{"rendered":"Demetrios 1238"},"content":{"rendered":"<p>Style 1238 bringt Sie mit seinen zwei bezaubernden Looks stilvoll vom Brautpfad auf die Tanzfl\u00e4che. Luxuri\u00f6se bestickte Spitze ziert dieses \u00e4therische tr\u00e4gerlose Kleid mit zartem herzf\u00f6rmigen Ausschnitt. Eine bezaubernde, schulterfreie, lang\u00e4rmelige Jacke verleiht dem Kleid einen glamour\u00f6sen Look f\u00fcr die \u00dcbergangszeit. Passende Jacke JA04 (separat erh\u00e4ltlich).   <\/p>\n","protected":false},"featured_media":42561,"template":"","meta":{"_acf_changed":false,"ghostkit_customizer_options":"","ghostkit_custom_css":"","ghostkit_custom_js_head":"","ghostkit_custom_js_foot":"","ghostkit_typography":""},"productdetails":[379,376],"productneck":[354,356],"productcolor":[392],"maat":[],"productsupplier":[402],"productsleeve":[],"productcategory":[18],"productsilhouette":[388],"productstyle":[372,366],"class_list":["post-57848","product","type-product","status-publish","has-post-thumbnail","hentry","productdetails-379","productdetails-376","productneck-354","productneck-356","productcolor-392","productsupplier-demetrios","productcategory-trouwjurken","productsilhouette-388","productstyle-372","productstyle-366"],"acf":[],"yoast_head":"<!-- This site is optimized with the Yoast SEO plugin v27.3 - https:\/\/yoast.com\/product\/yoast-seo-wordpress\/ -->\n<title>Demetrios 1238 | Koonings<\/title>\n<meta name=\"description\" content=\"Style 1238 bringt Sie mit seinen zwei bezaubernden Looks stilvoll vom Brautpfad auf die Tanzfl\u00e4che. Luxuri\u00f6se bestickte Spitze ziert dieses \u00e4therische tr\u00e4gerlose Kleid mit zartem herzf\u00f6rmigen Ausschnitt. Eine bezaubernde, schulterfreie, lang\u00e4rmelige Jacke verleiht dem Kleid einen glamour\u00f6sen Look f\u00fcr die \u00dcbergangszeit. Passende Jacke JA04 (separat erh\u00e4ltlich).\" \/>\n<meta name=\"robots\" content=\"index, follow, max-snippet:-1, max-image-preview:large, max-video-preview:-1\" \/>\n<link rel=\"canonical\" href=\"https:\/\/www.koonings.com\/de\/product\/demetrios-1238\/\" \/>\n<meta property=\"og:locale\" content=\"de_DE\" \/>\n<meta property=\"og:type\" content=\"article\" \/>\n<meta property=\"og:title\" content=\"Demetrios 1238 | Koonings\" \/>\n<meta property=\"og:description\" content=\"Style 1238 bringt Sie mit seinen zwei bezaubernden Looks stilvoll vom Brautpfad auf die Tanzfl\u00e4che. Luxuri\u00f6se bestickte Spitze ziert dieses \u00e4therische tr\u00e4gerlose Kleid mit zartem herzf\u00f6rmigen Ausschnitt. Eine bezaubernde, schulterfreie, lang\u00e4rmelige Jacke verleiht dem Kleid einen glamour\u00f6sen Look f\u00fcr die \u00dcbergangszeit. Passende Jacke JA04 (separat erh\u00e4ltlich).\" \/>\n<meta property=\"og:url\" content=\"https:\/\/www.koonings.com\/de\/product\/demetrios-1238\/\" \/>\n<meta property=\"og:site_name\" content=\"Koonings\" \/>\n<meta property=\"article:publisher\" content=\"https:\/\/www.facebook.com\/kooningstheweddingpalace\" \/>\n<meta property=\"og:image\" content=\"https:\/\/www.koonings.com\/wp-content\/uploads\/2024\/11\/39779_d8700f0e77a260c8a97f43172f2ec70e64b4ca530961221eb1d23ae78b3584f3580e927a-scaled.jpeg\" \/>\n\t<meta property=\"og:image:width\" content=\"1811\" \/>\n\t<meta property=\"og:image:height\" content=\"2560\" \/>\n\t<meta property=\"og:image:type\" content=\"image\/jpeg\" \/>\n<meta name=\"twitter:card\" content=\"summary_large_image\" \/>\n<script type=\"application\/ld+json\" class=\"yoast-schema-graph\">{\"@context\":\"https:\\\/\\\/schema.org\",\"@graph\":[{\"@type\":\"WebPage\",\"@id\":\"https:\\\/\\\/www.koonings.com\\\/de\\\/product\\\/demetrios-1238\\\/\",\"url\":\"https:\\\/\\\/www.koonings.com\\\/de\\\/product\\\/demetrios-1238\\\/\",\"name\":\"Demetrios 1238 | Koonings\",\"isPartOf\":{\"@id\":\"https:\\\/\\\/www.koonings.com\\\/de\\\/#website\"},\"primaryImageOfPage\":{\"@id\":\"https:\\\/\\\/www.koonings.com\\\/de\\\/product\\\/demetrios-1238\\\/#primaryimage\"},\"image\":{\"@id\":\"https:\\\/\\\/www.koonings.com\\\/de\\\/product\\\/demetrios-1238\\\/#primaryimage\"},\"thumbnailUrl\":\"https:\\\/\\\/www.koonings.com\\\/wp-content\\\/uploads\\\/2024\\\/11\\\/39779_d8700f0e77a260c8a97f43172f2ec70e64b4ca530961221eb1d23ae78b3584f3580e927a-scaled.jpeg\",\"datePublished\":\"2026-04-28T16:14:52+00:00\",\"description\":\"Style 1238 bringt Sie mit seinen zwei bezaubernden Looks stilvoll vom Brautpfad auf die Tanzfl\u00e4che. Luxuri\u00f6se bestickte Spitze ziert dieses \u00e4therische tr\u00e4gerlose Kleid mit zartem herzf\u00f6rmigen Ausschnitt. Eine bezaubernde, schulterfreie, lang\u00e4rmelige Jacke verleiht dem Kleid einen glamour\u00f6sen Look f\u00fcr die \u00dcbergangszeit. Passende Jacke JA04 (separat erh\u00e4ltlich).\",\"breadcrumb\":{\"@id\":\"https:\\\/\\\/www.koonings.com\\\/de\\\/product\\\/demetrios-1238\\\/#breadcrumb\"},\"inLanguage\":\"de\",\"potentialAction\":[{\"@type\":\"ReadAction\",\"target\":[\"https:\\\/\\\/www.koonings.com\\\/de\\\/product\\\/demetrios-1238\\\/\"]}]},{\"@type\":\"ImageObject\",\"inLanguage\":\"de\",\"@id\":\"https:\\\/\\\/www.koonings.com\\\/de\\\/product\\\/demetrios-1238\\\/#primaryimage\",\"url\":\"https:\\\/\\\/www.koonings.com\\\/wp-content\\\/uploads\\\/2024\\\/11\\\/39779_d8700f0e77a260c8a97f43172f2ec70e64b4ca530961221eb1d23ae78b3584f3580e927a-scaled.jpeg\",\"contentUrl\":\"https:\\\/\\\/www.koonings.com\\\/wp-content\\\/uploads\\\/2024\\\/11\\\/39779_d8700f0e77a260c8a97f43172f2ec70e64b4ca530961221eb1d23ae78b3584f3580e927a-scaled.jpeg\",\"width\":1811,\"height\":2560},{\"@type\":\"BreadcrumbList\",\"@id\":\"https:\\\/\\\/www.koonings.com\\\/de\\\/product\\\/demetrios-1238\\\/#breadcrumb\",\"itemListElement\":[{\"@type\":\"ListItem\",\"position\":1,\"name\":\"Home\",\"item\":\"https:\\\/\\\/www.koonings.com\\\/de\\\/\"},{\"@type\":\"ListItem\",\"position\":2,\"name\":\"Demetrios 1238\"}]},{\"@type\":\"WebSite\",\"@id\":\"https:\\\/\\\/www.koonings.com\\\/de\\\/#website\",\"url\":\"https:\\\/\\\/www.koonings.com\\\/de\\\/\",\"name\":\"Koonings\",\"description\":\"De grootste bruidsmodewinkel ter wereld\",\"publisher\":{\"@id\":\"https:\\\/\\\/www.koonings.com\\\/de\\\/#organization\"},\"potentialAction\":[{\"@type\":\"SearchAction\",\"target\":{\"@type\":\"EntryPoint\",\"urlTemplate\":\"https:\\\/\\\/www.koonings.com\\\/de\\\/?s={search_term_string}\"},\"query-input\":{\"@type\":\"PropertyValueSpecification\",\"valueRequired\":true,\"valueName\":\"search_term_string\"}}],\"inLanguage\":\"de\"},{\"@type\":\"Organization\",\"@id\":\"https:\\\/\\\/www.koonings.com\\\/de\\\/#organization\",\"name\":\"Koonings\",\"url\":\"https:\\\/\\\/www.koonings.com\\\/de\\\/\",\"logo\":{\"@type\":\"ImageObject\",\"inLanguage\":\"de\",\"@id\":\"https:\\\/\\\/www.koonings.com\\\/de\\\/#\\\/schema\\\/logo\\\/image\\\/\",\"url\":\"https:\\\/\\\/www.koonings.com\\\/wp-content\\\/uploads\\\/2024\\\/07\\\/logo.png\",\"contentUrl\":\"https:\\\/\\\/www.koonings.com\\\/wp-content\\\/uploads\\\/2024\\\/07\\\/logo.png\",\"width\":600,\"height\":428,\"caption\":\"Koonings\"},\"image\":{\"@id\":\"https:\\\/\\\/www.koonings.com\\\/de\\\/#\\\/schema\\\/logo\\\/image\\\/\"},\"sameAs\":[\"https:\\\/\\\/www.facebook.com\\\/kooningstheweddingpalace\",\"https:\\\/\\\/www.instagram.com\\\/kooningstheweddingpalace\",\"https:\\\/\\\/www.pinterest.com\\\/koonings\",\"https:\\\/\\\/www.youtube.com\\\/kooningstheweddingpalace\"]}]}<\/script>\n<!-- \/ Yoast SEO plugin. -->","yoast_head_json":{"title":"Demetrios 1238 | Koonings","description":"Style 1238 bringt Sie mit seinen zwei bezaubernden Looks stilvoll vom Brautpfad auf die Tanzfl\u00e4che. Luxuri\u00f6se bestickte Spitze ziert dieses \u00e4therische tr\u00e4gerlose Kleid mit zartem herzf\u00f6rmigen Ausschnitt. Eine bezaubernde, schulterfreie, lang\u00e4rmelige Jacke verleiht dem Kleid einen glamour\u00f6sen Look f\u00fcr die \u00dcbergangszeit. Passende Jacke JA04 (separat erh\u00e4ltlich).","robots":{"index":"index","follow":"follow","max-snippet":"max-snippet:-1","max-image-preview":"max-image-preview:large","max-video-preview":"max-video-preview:-1"},"canonical":"https:\/\/www.koonings.com\/de\/product\/demetrios-1238\/","og_locale":"de_DE","og_type":"article","og_title":"Demetrios 1238 | Koonings","og_description":"Style 1238 bringt Sie mit seinen zwei bezaubernden Looks stilvoll vom Brautpfad auf die Tanzfl\u00e4che. Luxuri\u00f6se bestickte Spitze ziert dieses \u00e4therische tr\u00e4gerlose Kleid mit zartem herzf\u00f6rmigen Ausschnitt. Eine bezaubernde, schulterfreie, lang\u00e4rmelige Jacke verleiht dem Kleid einen glamour\u00f6sen Look f\u00fcr die \u00dcbergangszeit. Passende Jacke JA04 (separat erh\u00e4ltlich).","og_url":"https:\/\/www.koonings.com\/de\/product\/demetrios-1238\/","og_site_name":"Koonings","article_publisher":"https:\/\/www.facebook.com\/kooningstheweddingpalace","og_image":[{"width":1811,"height":2560,"url":"https:\/\/www.koonings.com\/wp-content\/uploads\/2024\/11\/39779_d8700f0e77a260c8a97f43172f2ec70e64b4ca530961221eb1d23ae78b3584f3580e927a-scaled.jpeg","type":"image\/jpeg"}],"twitter_card":"summary_large_image","schema":{"@context":"https:\/\/schema.org","@graph":[{"@type":"WebPage","@id":"https:\/\/www.koonings.com\/de\/product\/demetrios-1238\/","url":"https:\/\/www.koonings.com\/de\/product\/demetrios-1238\/","name":"Demetrios 1238 | Koonings","isPartOf":{"@id":"https:\/\/www.koonings.com\/de\/#website"},"primaryImageOfPage":{"@id":"https:\/\/www.koonings.com\/de\/product\/demetrios-1238\/#primaryimage"},"image":{"@id":"https:\/\/www.koonings.com\/de\/product\/demetrios-1238\/#primaryimage"},"thumbnailUrl":"https:\/\/www.koonings.com\/wp-content\/uploads\/2024\/11\/39779_d8700f0e77a260c8a97f43172f2ec70e64b4ca530961221eb1d23ae78b3584f3580e927a-scaled.jpeg","datePublished":"2026-04-28T16:14:52+00:00","description":"Style 1238 bringt Sie mit seinen zwei bezaubernden Looks stilvoll vom Brautpfad auf die Tanzfl\u00e4che. Luxuri\u00f6se bestickte Spitze ziert dieses \u00e4therische tr\u00e4gerlose Kleid mit zartem herzf\u00f6rmigen Ausschnitt. Eine bezaubernde, schulterfreie, lang\u00e4rmelige Jacke verleiht dem Kleid einen glamour\u00f6sen Look f\u00fcr die \u00dcbergangszeit. Passende Jacke JA04 (separat erh\u00e4ltlich).","breadcrumb":{"@id":"https:\/\/www.koonings.com\/de\/product\/demetrios-1238\/#breadcrumb"},"inLanguage":"de","potentialAction":[{"@type":"ReadAction","target":["https:\/\/www.koonings.com\/de\/product\/demetrios-1238\/"]}]},{"@type":"ImageObject","inLanguage":"de","@id":"https:\/\/www.koonings.com\/de\/product\/demetrios-1238\/#primaryimage","url":"https:\/\/www.koonings.com\/wp-content\/uploads\/2024\/11\/39779_d8700f0e77a260c8a97f43172f2ec70e64b4ca530961221eb1d23ae78b3584f3580e927a-scaled.jpeg","contentUrl":"https:\/\/www.koonings.com\/wp-content\/uploads\/2024\/11\/39779_d8700f0e77a260c8a97f43172f2ec70e64b4ca530961221eb1d23ae78b3584f3580e927a-scaled.jpeg","width":1811,"height":2560},{"@type":"BreadcrumbList","@id":"https:\/\/www.koonings.com\/de\/product\/demetrios-1238\/#breadcrumb","itemListElement":[{"@type":"ListItem","position":1,"name":"Home","item":"https:\/\/www.koonings.com\/de\/"},{"@type":"ListItem","position":2,"name":"Demetrios 1238"}]},{"@type":"WebSite","@id":"https:\/\/www.koonings.com\/de\/#website","url":"https:\/\/www.koonings.com\/de\/","name":"Koonings","description":"De grootste bruidsmodewinkel ter wereld","publisher":{"@id":"https:\/\/www.koonings.com\/de\/#organization"},"potentialAction":[{"@type":"SearchAction","target":{"@type":"EntryPoint","urlTemplate":"https:\/\/www.koonings.com\/de\/?s={search_term_string}"},"query-input":{"@type":"PropertyValueSpecification","valueRequired":true,"valueName":"search_term_string"}}],"inLanguage":"de"},{"@type":"Organization","@id":"https:\/\/www.koonings.com\/de\/#organization","name":"Koonings","url":"https:\/\/www.koonings.com\/de\/","logo":{"@type":"ImageObject","inLanguage":"de","@id":"https:\/\/www.koonings.com\/de\/#\/schema\/logo\/image\/","url":"https:\/\/www.koonings.com\/wp-content\/uploads\/2024\/07\/logo.png","contentUrl":"https:\/\/www.koonings.com\/wp-content\/uploads\/2024\/07\/logo.png","width":600,"height":428,"caption":"Koonings"},"image":{"@id":"https:\/\/www.koonings.com\/de\/#\/schema\/logo\/image\/"},"sameAs":["https:\/\/www.facebook.com\/kooningstheweddingpalace","https:\/\/www.instagram.com\/kooningstheweddingpalace","https:\/\/www.pinterest.com\/koonings","https:\/\/www.youtube.com\/kooningstheweddingpalace"]}]}},"_links":{"self":[{"href":"https:\/\/www.koonings.com\/de\/wp-json\/wp\/v2\/product\/57848","targetHints":{"allow":["GET"]}}],"collection":[{"href":"https:\/\/www.koonings.com\/de\/wp-json\/wp\/v2\/product"}],"about":[{"href":"https:\/\/www.koonings.com\/de\/wp-json\/wp\/v2\/types\/product"}],"wp:featuredmedia":[{"embeddable":true,"href":"https:\/\/www.koonings.com\/de\/wp-json\/wp\/v2\/media\/42561"}],"wp:attachment":[{"href":"https:\/\/www.koonings.com\/de\/wp-json\/wp\/v2\/media?parent=57848"}],"wp:term":[{"taxonomy":"productdetails","embeddable":true,"href":"https:\/\/www.koonings.com\/de\/wp-json\/wp\/v2\/productdetails?post=57848"},{"taxonomy":"productneck","embeddable":true,"href":"https:\/\/www.koonings.com\/de\/wp-json\/wp\/v2\/productneck?post=57848"},{"taxonomy":"productcolor","embeddable":true,"href":"https:\/\/www.koonings.com\/de\/wp-json\/wp\/v2\/productcolor?post=57848"},{"taxonomy":"maat","embeddable":true,"href":"https:\/\/www.koonings.com\/de\/wp-json\/wp\/v2\/maat?post=57848"},{"taxonomy":"productsupplier","embeddable":true,"href":"https:\/\/www.koonings.com\/de\/wp-json\/wp\/v2\/productsupplier?post=57848"},{"taxonomy":"productsleeve","embeddable":true,"href":"https:\/\/www.koonings.com\/de\/wp-json\/wp\/v2\/productsleeve?post=57848"},{"taxonomy":"productcategory","embeddable":true,"href":"https:\/\/www.koonings.com\/de\/wp-json\/wp\/v2\/productcategory?post=57848"},{"taxonomy":"productsilhouette","embeddable":true,"href":"https:\/\/www.koonings.com\/de\/wp-json\/wp\/v2\/productsilhouette?post=57848"},{"taxonomy":"productstyle","embeddable":true,"href":"https:\/\/www.koonings.com\/de\/wp-json\/wp\/v2\/productstyle?post=57848"}],"curies":[{"name":"wp","href":"https:\/\/api.w.org\/{rel}","templated":true}]}}