{"id":57844,"date":"2026-04-21T18:16:16","date_gmt":"2026-04-21T16:16:16","guid":{"rendered":"https:\/\/www.koonings.com\/product\/demetrios-1242\/"},"modified":"2025-06-05T12:44:38","modified_gmt":"2025-06-05T10:44:38","slug":"demetrios-1242","status":"publish","type":"product","link":"https:\/\/www.koonings.com\/de\/product\/demetrios-1242\/","title":{"rendered":"Demetrios 1242"},"content":{"rendered":"<p>Eine wundersch\u00f6ne, mit Spitze verzierte, abnehmbare Schleppe ist das Herzst\u00fcck des hinrei\u00dfenden Stils 1242. Das tr\u00e4gerlose, herzf\u00f6rmige Mieder mit durchsichtigen Akzenten am sexy tiefen R\u00fccken passt perfekt zu ihrer schw\u00fclen Fit &amp; Flare Silhouette. Passende abnehmbare Schleppe (separat erh\u00e4ltlich).  <\/p>\n","protected":false},"featured_media":42578,"template":"","meta":{"_acf_changed":false,"ghostkit_customizer_options":"","ghostkit_custom_css":"","ghostkit_custom_js_head":"","ghostkit_custom_js_foot":"","ghostkit_typography":""},"productdetails":[376,381],"productneck":[355],"productcolor":[392],"maat":[],"productsupplier":[402],"productsleeve":[359],"productcategory":[18],"productsilhouette":[389],"productstyle":[366],"class_list":["post-57844","product","type-product","status-publish","has-post-thumbnail","hentry","productdetails-376","productdetails-381","productneck-355","productcolor-392","productsupplier-demetrios","productsleeve-359","productcategory-trouwjurken","productsilhouette-389","productstyle-366"],"acf":[],"yoast_head":"<!-- This site is optimized with the Yoast SEO plugin v27.3 - https:\/\/yoast.com\/product\/yoast-seo-wordpress\/ -->\n<title>Demetrios 1242 | Koonings<\/title>\n<meta name=\"description\" content=\"Eine wundersch\u00f6ne, mit Spitze verzierte, abnehmbare Schleppe ist das Herzst\u00fcck des hinrei\u00dfenden Stils 1242. Das tr\u00e4gerlose, herzf\u00f6rmige Mieder mit durchsichtigen Akzenten am sexy tiefen R\u00fccken passt perfekt zu ihrer schw\u00fclen Fit &amp; Flare Silhouette. Passende abnehmbare Schleppe (separat erh\u00e4ltlich).\" \/>\n<meta name=\"robots\" content=\"index, follow, max-snippet:-1, max-image-preview:large, max-video-preview:-1\" \/>\n<link rel=\"canonical\" href=\"https:\/\/www.koonings.com\/de\/product\/demetrios-1242\/\" \/>\n<meta property=\"og:locale\" content=\"de_DE\" \/>\n<meta property=\"og:type\" content=\"article\" \/>\n<meta property=\"og:title\" content=\"Demetrios 1242 | Koonings\" \/>\n<meta property=\"og:description\" content=\"Eine wundersch\u00f6ne, mit Spitze verzierte, abnehmbare Schleppe ist das Herzst\u00fcck des hinrei\u00dfenden Stils 1242. Das tr\u00e4gerlose, herzf\u00f6rmige Mieder mit durchsichtigen Akzenten am sexy tiefen R\u00fccken passt perfekt zu ihrer schw\u00fclen Fit &amp; Flare Silhouette. Passende abnehmbare Schleppe (separat erh\u00e4ltlich).\" \/>\n<meta property=\"og:url\" content=\"https:\/\/www.koonings.com\/de\/product\/demetrios-1242\/\" \/>\n<meta property=\"og:site_name\" content=\"Koonings\" \/>\n<meta property=\"article:publisher\" content=\"https:\/\/www.facebook.com\/kooningstheweddingpalace\" \/>\n<meta property=\"og:image\" content=\"https:\/\/www.koonings.com\/wp-content\/uploads\/2024\/11\/39781_3aa9fe99a178806371ecb2d31bf748c336f92610ea9e262e6f833a204bf03fb5c2cf9fd8.jpeg\" \/>\n\t<meta property=\"og:image:width\" content=\"698\" \/>\n\t<meta property=\"og:image:height\" content=\"987\" \/>\n\t<meta property=\"og:image:type\" content=\"image\/jpeg\" \/>\n<meta name=\"twitter:card\" content=\"summary_large_image\" \/>\n<script type=\"application\/ld+json\" class=\"yoast-schema-graph\">{\"@context\":\"https:\\\/\\\/schema.org\",\"@graph\":[{\"@type\":\"WebPage\",\"@id\":\"https:\\\/\\\/www.koonings.com\\\/de\\\/product\\\/demetrios-1242\\\/\",\"url\":\"https:\\\/\\\/www.koonings.com\\\/de\\\/product\\\/demetrios-1242\\\/\",\"name\":\"Demetrios 1242 | Koonings\",\"isPartOf\":{\"@id\":\"https:\\\/\\\/www.koonings.com\\\/de\\\/#website\"},\"primaryImageOfPage\":{\"@id\":\"https:\\\/\\\/www.koonings.com\\\/de\\\/product\\\/demetrios-1242\\\/#primaryimage\"},\"image\":{\"@id\":\"https:\\\/\\\/www.koonings.com\\\/de\\\/product\\\/demetrios-1242\\\/#primaryimage\"},\"thumbnailUrl\":\"https:\\\/\\\/www.koonings.com\\\/wp-content\\\/uploads\\\/2024\\\/11\\\/39781_3aa9fe99a178806371ecb2d31bf748c336f92610ea9e262e6f833a204bf03fb5c2cf9fd8.jpeg\",\"datePublished\":\"2026-04-21T16:16:16+00:00\",\"description\":\"Eine wundersch\u00f6ne, mit Spitze verzierte, abnehmbare Schleppe ist das Herzst\u00fcck des hinrei\u00dfenden Stils 1242. Das tr\u00e4gerlose, herzf\u00f6rmige Mieder mit durchsichtigen Akzenten am sexy tiefen R\u00fccken passt perfekt zu ihrer schw\u00fclen Fit & Flare Silhouette. Passende abnehmbare Schleppe (separat erh\u00e4ltlich).\",\"breadcrumb\":{\"@id\":\"https:\\\/\\\/www.koonings.com\\\/de\\\/product\\\/demetrios-1242\\\/#breadcrumb\"},\"inLanguage\":\"de\",\"potentialAction\":[{\"@type\":\"ReadAction\",\"target\":[\"https:\\\/\\\/www.koonings.com\\\/de\\\/product\\\/demetrios-1242\\\/\"]}]},{\"@type\":\"ImageObject\",\"inLanguage\":\"de\",\"@id\":\"https:\\\/\\\/www.koonings.com\\\/de\\\/product\\\/demetrios-1242\\\/#primaryimage\",\"url\":\"https:\\\/\\\/www.koonings.com\\\/wp-content\\\/uploads\\\/2024\\\/11\\\/39781_3aa9fe99a178806371ecb2d31bf748c336f92610ea9e262e6f833a204bf03fb5c2cf9fd8.jpeg\",\"contentUrl\":\"https:\\\/\\\/www.koonings.com\\\/wp-content\\\/uploads\\\/2024\\\/11\\\/39781_3aa9fe99a178806371ecb2d31bf748c336f92610ea9e262e6f833a204bf03fb5c2cf9fd8.jpeg\",\"width\":698,\"height\":987},{\"@type\":\"BreadcrumbList\",\"@id\":\"https:\\\/\\\/www.koonings.com\\\/de\\\/product\\\/demetrios-1242\\\/#breadcrumb\",\"itemListElement\":[{\"@type\":\"ListItem\",\"position\":1,\"name\":\"Home\",\"item\":\"https:\\\/\\\/www.koonings.com\\\/de\\\/\"},{\"@type\":\"ListItem\",\"position\":2,\"name\":\"Demetrios 1242\"}]},{\"@type\":\"WebSite\",\"@id\":\"https:\\\/\\\/www.koonings.com\\\/de\\\/#website\",\"url\":\"https:\\\/\\\/www.koonings.com\\\/de\\\/\",\"name\":\"Koonings\",\"description\":\"De grootste bruidsmodewinkel ter wereld\",\"publisher\":{\"@id\":\"https:\\\/\\\/www.koonings.com\\\/de\\\/#organization\"},\"potentialAction\":[{\"@type\":\"SearchAction\",\"target\":{\"@type\":\"EntryPoint\",\"urlTemplate\":\"https:\\\/\\\/www.koonings.com\\\/de\\\/?s={search_term_string}\"},\"query-input\":{\"@type\":\"PropertyValueSpecification\",\"valueRequired\":true,\"valueName\":\"search_term_string\"}}],\"inLanguage\":\"de\"},{\"@type\":\"Organization\",\"@id\":\"https:\\\/\\\/www.koonings.com\\\/de\\\/#organization\",\"name\":\"Koonings\",\"url\":\"https:\\\/\\\/www.koonings.com\\\/de\\\/\",\"logo\":{\"@type\":\"ImageObject\",\"inLanguage\":\"de\",\"@id\":\"https:\\\/\\\/www.koonings.com\\\/de\\\/#\\\/schema\\\/logo\\\/image\\\/\",\"url\":\"https:\\\/\\\/www.koonings.com\\\/wp-content\\\/uploads\\\/2024\\\/07\\\/logo.png\",\"contentUrl\":\"https:\\\/\\\/www.koonings.com\\\/wp-content\\\/uploads\\\/2024\\\/07\\\/logo.png\",\"width\":600,\"height\":428,\"caption\":\"Koonings\"},\"image\":{\"@id\":\"https:\\\/\\\/www.koonings.com\\\/de\\\/#\\\/schema\\\/logo\\\/image\\\/\"},\"sameAs\":[\"https:\\\/\\\/www.facebook.com\\\/kooningstheweddingpalace\",\"https:\\\/\\\/www.instagram.com\\\/kooningstheweddingpalace\",\"https:\\\/\\\/www.pinterest.com\\\/koonings\",\"https:\\\/\\\/www.youtube.com\\\/kooningstheweddingpalace\"]}]}<\/script>\n<!-- \/ Yoast SEO plugin. -->","yoast_head_json":{"title":"Demetrios 1242 | Koonings","description":"Eine wundersch\u00f6ne, mit Spitze verzierte, abnehmbare Schleppe ist das Herzst\u00fcck des hinrei\u00dfenden Stils 1242. Das tr\u00e4gerlose, herzf\u00f6rmige Mieder mit durchsichtigen Akzenten am sexy tiefen R\u00fccken passt perfekt zu ihrer schw\u00fclen Fit & Flare Silhouette. Passende abnehmbare Schleppe (separat erh\u00e4ltlich).","robots":{"index":"index","follow":"follow","max-snippet":"max-snippet:-1","max-image-preview":"max-image-preview:large","max-video-preview":"max-video-preview:-1"},"canonical":"https:\/\/www.koonings.com\/de\/product\/demetrios-1242\/","og_locale":"de_DE","og_type":"article","og_title":"Demetrios 1242 | Koonings","og_description":"Eine wundersch\u00f6ne, mit Spitze verzierte, abnehmbare Schleppe ist das Herzst\u00fcck des hinrei\u00dfenden Stils 1242. Das tr\u00e4gerlose, herzf\u00f6rmige Mieder mit durchsichtigen Akzenten am sexy tiefen R\u00fccken passt perfekt zu ihrer schw\u00fclen Fit & Flare Silhouette. Passende abnehmbare Schleppe (separat erh\u00e4ltlich).","og_url":"https:\/\/www.koonings.com\/de\/product\/demetrios-1242\/","og_site_name":"Koonings","article_publisher":"https:\/\/www.facebook.com\/kooningstheweddingpalace","og_image":[{"width":698,"height":987,"url":"https:\/\/www.koonings.com\/wp-content\/uploads\/2024\/11\/39781_3aa9fe99a178806371ecb2d31bf748c336f92610ea9e262e6f833a204bf03fb5c2cf9fd8.jpeg","type":"image\/jpeg"}],"twitter_card":"summary_large_image","schema":{"@context":"https:\/\/schema.org","@graph":[{"@type":"WebPage","@id":"https:\/\/www.koonings.com\/de\/product\/demetrios-1242\/","url":"https:\/\/www.koonings.com\/de\/product\/demetrios-1242\/","name":"Demetrios 1242 | Koonings","isPartOf":{"@id":"https:\/\/www.koonings.com\/de\/#website"},"primaryImageOfPage":{"@id":"https:\/\/www.koonings.com\/de\/product\/demetrios-1242\/#primaryimage"},"image":{"@id":"https:\/\/www.koonings.com\/de\/product\/demetrios-1242\/#primaryimage"},"thumbnailUrl":"https:\/\/www.koonings.com\/wp-content\/uploads\/2024\/11\/39781_3aa9fe99a178806371ecb2d31bf748c336f92610ea9e262e6f833a204bf03fb5c2cf9fd8.jpeg","datePublished":"2026-04-21T16:16:16+00:00","description":"Eine wundersch\u00f6ne, mit Spitze verzierte, abnehmbare Schleppe ist das Herzst\u00fcck des hinrei\u00dfenden Stils 1242. Das tr\u00e4gerlose, herzf\u00f6rmige Mieder mit durchsichtigen Akzenten am sexy tiefen R\u00fccken passt perfekt zu ihrer schw\u00fclen Fit & Flare Silhouette. Passende abnehmbare Schleppe (separat erh\u00e4ltlich).","breadcrumb":{"@id":"https:\/\/www.koonings.com\/de\/product\/demetrios-1242\/#breadcrumb"},"inLanguage":"de","potentialAction":[{"@type":"ReadAction","target":["https:\/\/www.koonings.com\/de\/product\/demetrios-1242\/"]}]},{"@type":"ImageObject","inLanguage":"de","@id":"https:\/\/www.koonings.com\/de\/product\/demetrios-1242\/#primaryimage","url":"https:\/\/www.koonings.com\/wp-content\/uploads\/2024\/11\/39781_3aa9fe99a178806371ecb2d31bf748c336f92610ea9e262e6f833a204bf03fb5c2cf9fd8.jpeg","contentUrl":"https:\/\/www.koonings.com\/wp-content\/uploads\/2024\/11\/39781_3aa9fe99a178806371ecb2d31bf748c336f92610ea9e262e6f833a204bf03fb5c2cf9fd8.jpeg","width":698,"height":987},{"@type":"BreadcrumbList","@id":"https:\/\/www.koonings.com\/de\/product\/demetrios-1242\/#breadcrumb","itemListElement":[{"@type":"ListItem","position":1,"name":"Home","item":"https:\/\/www.koonings.com\/de\/"},{"@type":"ListItem","position":2,"name":"Demetrios 1242"}]},{"@type":"WebSite","@id":"https:\/\/www.koonings.com\/de\/#website","url":"https:\/\/www.koonings.com\/de\/","name":"Koonings","description":"De grootste bruidsmodewinkel ter wereld","publisher":{"@id":"https:\/\/www.koonings.com\/de\/#organization"},"potentialAction":[{"@type":"SearchAction","target":{"@type":"EntryPoint","urlTemplate":"https:\/\/www.koonings.com\/de\/?s={search_term_string}"},"query-input":{"@type":"PropertyValueSpecification","valueRequired":true,"valueName":"search_term_string"}}],"inLanguage":"de"},{"@type":"Organization","@id":"https:\/\/www.koonings.com\/de\/#organization","name":"Koonings","url":"https:\/\/www.koonings.com\/de\/","logo":{"@type":"ImageObject","inLanguage":"de","@id":"https:\/\/www.koonings.com\/de\/#\/schema\/logo\/image\/","url":"https:\/\/www.koonings.com\/wp-content\/uploads\/2024\/07\/logo.png","contentUrl":"https:\/\/www.koonings.com\/wp-content\/uploads\/2024\/07\/logo.png","width":600,"height":428,"caption":"Koonings"},"image":{"@id":"https:\/\/www.koonings.com\/de\/#\/schema\/logo\/image\/"},"sameAs":["https:\/\/www.facebook.com\/kooningstheweddingpalace","https:\/\/www.instagram.com\/kooningstheweddingpalace","https:\/\/www.pinterest.com\/koonings","https:\/\/www.youtube.com\/kooningstheweddingpalace"]}]}},"_links":{"self":[{"href":"https:\/\/www.koonings.com\/de\/wp-json\/wp\/v2\/product\/57844","targetHints":{"allow":["GET"]}}],"collection":[{"href":"https:\/\/www.koonings.com\/de\/wp-json\/wp\/v2\/product"}],"about":[{"href":"https:\/\/www.koonings.com\/de\/wp-json\/wp\/v2\/types\/product"}],"wp:featuredmedia":[{"embeddable":true,"href":"https:\/\/www.koonings.com\/de\/wp-json\/wp\/v2\/media\/42578"}],"wp:attachment":[{"href":"https:\/\/www.koonings.com\/de\/wp-json\/wp\/v2\/media?parent=57844"}],"wp:term":[{"taxonomy":"productdetails","embeddable":true,"href":"https:\/\/www.koonings.com\/de\/wp-json\/wp\/v2\/productdetails?post=57844"},{"taxonomy":"productneck","embeddable":true,"href":"https:\/\/www.koonings.com\/de\/wp-json\/wp\/v2\/productneck?post=57844"},{"taxonomy":"productcolor","embeddable":true,"href":"https:\/\/www.koonings.com\/de\/wp-json\/wp\/v2\/productcolor?post=57844"},{"taxonomy":"maat","embeddable":true,"href":"https:\/\/www.koonings.com\/de\/wp-json\/wp\/v2\/maat?post=57844"},{"taxonomy":"productsupplier","embeddable":true,"href":"https:\/\/www.koonings.com\/de\/wp-json\/wp\/v2\/productsupplier?post=57844"},{"taxonomy":"productsleeve","embeddable":true,"href":"https:\/\/www.koonings.com\/de\/wp-json\/wp\/v2\/productsleeve?post=57844"},{"taxonomy":"productcategory","embeddable":true,"href":"https:\/\/www.koonings.com\/de\/wp-json\/wp\/v2\/productcategory?post=57844"},{"taxonomy":"productsilhouette","embeddable":true,"href":"https:\/\/www.koonings.com\/de\/wp-json\/wp\/v2\/productsilhouette?post=57844"},{"taxonomy":"productstyle","embeddable":true,"href":"https:\/\/www.koonings.com\/de\/wp-json\/wp\/v2\/productstyle?post=57844"}],"curies":[{"name":"wp","href":"https:\/\/api.w.org\/{rel}","templated":true}]}}