{"id":57818,"date":"2026-04-10T16:16:07","date_gmt":"2026-04-10T14:16:07","guid":{"rendered":"https:\/\/www.koonings.com\/product\/demetrios-platinum-dp488-sl46\/"},"modified":"2025-06-05T12:44:46","modified_gmt":"2025-06-05T10:44:46","slug":"demetrios-platinum-dp488-sl46","status":"publish","type":"product","link":"https:\/\/www.koonings.com\/de\/product\/demetrios-platinum-dp488-sl46\/","title":{"rendered":"Demetrios Platinum DP488 + SL46"},"content":{"rendered":"<p>Lernen Sie das Nessa Kleid kennen, ein Kleid im Meerjungfrauenstil, das den K\u00f6rper als Leinwand nutzt. Entdecken Sie ein tr\u00e4gerloses Mieder mit V-Ausschnitt vorne und ein Korsett mit Schn\u00fcrung am R\u00fccken. Nessa ist ein sehr dynamisches Design, das eine breite Palette von \u00dcbergangslooks bietet. Erg\u00e4nzen Sie das Kleid mit den passenden \u00c4rmeln SL46, der Jacke JA06 und der Schleppe (alle separat erh\u00e4ltlich).   <\/p>\n","protected":false},"featured_media":42800,"template":"","meta":{"_acf_changed":false,"ghostkit_customizer_options":"","ghostkit_custom_css":"","ghostkit_custom_js_head":"","ghostkit_custom_js_foot":"","ghostkit_typography":""},"productdetails":[379,380,376,381],"productneck":[354,356],"productcolor":[393,392],"maat":[],"productsupplier":[403],"productsleeve":[362],"productcategory":[18],"productsilhouette":[389],"productstyle":[366],"class_list":["post-57818","product","type-product","status-publish","has-post-thumbnail","hentry","productdetails-379","productdetails-380","productdetails-376","productdetails-381","productneck-354","productneck-356","productcolor-393","productcolor-392","productsupplier-demetrios-platinum","productsleeve-362","productcategory-trouwjurken","productsilhouette-389","productstyle-366"],"acf":[],"yoast_head":"<!-- This site is optimized with the Yoast SEO plugin v27.3 - https:\/\/yoast.com\/product\/yoast-seo-wordpress\/ -->\n<title>Demetrios Platinum DP488 + SL46 | Koonings<\/title>\n<meta name=\"description\" content=\"Lernen Sie das Nessa Kleid kennen, ein Kleid im Meerjungfrauenstil, das den K\u00f6rper als Leinwand nutzt. Entdecken Sie ein tr\u00e4gerloses Mieder mit V-Ausschnitt vorne und ein Korsett mit Schn\u00fcrung am R\u00fccken. Nessa ist ein sehr dynamisches Design, das eine breite Palette von \u00dcbergangslooks bietet. Erg\u00e4nzen Sie das Kleid mit den passenden \u00c4rmeln SL46, der Jacke JA06 und der Schleppe (alle separat erh\u00e4ltlich).\" \/>\n<meta name=\"robots\" content=\"index, follow, max-snippet:-1, max-image-preview:large, max-video-preview:-1\" \/>\n<link rel=\"canonical\" href=\"https:\/\/www.koonings.com\/de\/product\/demetrios-platinum-dp488-sl46\/\" \/>\n<meta property=\"og:locale\" content=\"de_DE\" \/>\n<meta property=\"og:type\" content=\"article\" \/>\n<meta property=\"og:title\" content=\"Demetrios Platinum DP488 + SL46 | Koonings\" \/>\n<meta property=\"og:description\" content=\"Lernen Sie das Nessa Kleid kennen, ein Kleid im Meerjungfrauenstil, das den K\u00f6rper als Leinwand nutzt. Entdecken Sie ein tr\u00e4gerloses Mieder mit V-Ausschnitt vorne und ein Korsett mit Schn\u00fcrung am R\u00fccken. Nessa ist ein sehr dynamisches Design, das eine breite Palette von \u00dcbergangslooks bietet. Erg\u00e4nzen Sie das Kleid mit den passenden \u00c4rmeln SL46, der Jacke JA06 und der Schleppe (alle separat erh\u00e4ltlich).\" \/>\n<meta property=\"og:url\" content=\"https:\/\/www.koonings.com\/de\/product\/demetrios-platinum-dp488-sl46\/\" \/>\n<meta property=\"og:site_name\" content=\"Koonings\" \/>\n<meta property=\"article:publisher\" content=\"https:\/\/www.facebook.com\/kooningstheweddingpalace\" \/>\n<meta property=\"og:image\" content=\"https:\/\/www.koonings.com\/wp-content\/uploads\/2024\/11\/39798_892fa7248aad94c321dcffd3111c8a0345e8a69b99bacd1e294d4a0d93a25f73caf120d0-725x1024.jpeg\" \/>\n\t<meta property=\"og:image:width\" content=\"725\" \/>\n\t<meta property=\"og:image:height\" content=\"1024\" \/>\n\t<meta property=\"og:image:type\" content=\"image\/jpeg\" \/>\n<meta name=\"twitter:card\" content=\"summary_large_image\" \/>\n<script type=\"application\/ld+json\" class=\"yoast-schema-graph\">{\"@context\":\"https:\\\/\\\/schema.org\",\"@graph\":[{\"@type\":\"WebPage\",\"@id\":\"https:\\\/\\\/www.koonings.com\\\/de\\\/product\\\/demetrios-platinum-dp488-sl46\\\/\",\"url\":\"https:\\\/\\\/www.koonings.com\\\/de\\\/product\\\/demetrios-platinum-dp488-sl46\\\/\",\"name\":\"Demetrios Platinum DP488 + SL46 | Koonings\",\"isPartOf\":{\"@id\":\"https:\\\/\\\/www.koonings.com\\\/de\\\/#website\"},\"primaryImageOfPage\":{\"@id\":\"https:\\\/\\\/www.koonings.com\\\/de\\\/product\\\/demetrios-platinum-dp488-sl46\\\/#primaryimage\"},\"image\":{\"@id\":\"https:\\\/\\\/www.koonings.com\\\/de\\\/product\\\/demetrios-platinum-dp488-sl46\\\/#primaryimage\"},\"thumbnailUrl\":\"https:\\\/\\\/www.koonings.com\\\/wp-content\\\/uploads\\\/2024\\\/11\\\/39798_892fa7248aad94c321dcffd3111c8a0345e8a69b99bacd1e294d4a0d93a25f73caf120d0.jpeg\",\"datePublished\":\"2026-04-10T14:16:07+00:00\",\"description\":\"Lernen Sie das Nessa Kleid kennen, ein Kleid im Meerjungfrauenstil, das den K\u00f6rper als Leinwand nutzt. Entdecken Sie ein tr\u00e4gerloses Mieder mit V-Ausschnitt vorne und ein Korsett mit Schn\u00fcrung am R\u00fccken. Nessa ist ein sehr dynamisches Design, das eine breite Palette von \u00dcbergangslooks bietet. Erg\u00e4nzen Sie das Kleid mit den passenden \u00c4rmeln SL46, der Jacke JA06 und der Schleppe (alle separat erh\u00e4ltlich).\",\"breadcrumb\":{\"@id\":\"https:\\\/\\\/www.koonings.com\\\/de\\\/product\\\/demetrios-platinum-dp488-sl46\\\/#breadcrumb\"},\"inLanguage\":\"de\",\"potentialAction\":[{\"@type\":\"ReadAction\",\"target\":[\"https:\\\/\\\/www.koonings.com\\\/de\\\/product\\\/demetrios-platinum-dp488-sl46\\\/\"]}]},{\"@type\":\"ImageObject\",\"inLanguage\":\"de\",\"@id\":\"https:\\\/\\\/www.koonings.com\\\/de\\\/product\\\/demetrios-platinum-dp488-sl46\\\/#primaryimage\",\"url\":\"https:\\\/\\\/www.koonings.com\\\/wp-content\\\/uploads\\\/2024\\\/11\\\/39798_892fa7248aad94c321dcffd3111c8a0345e8a69b99bacd1e294d4a0d93a25f73caf120d0.jpeg\",\"contentUrl\":\"https:\\\/\\\/www.koonings.com\\\/wp-content\\\/uploads\\\/2024\\\/11\\\/39798_892fa7248aad94c321dcffd3111c8a0345e8a69b99bacd1e294d4a0d93a25f73caf120d0.jpeg\",\"width\":1743,\"height\":2461},{\"@type\":\"BreadcrumbList\",\"@id\":\"https:\\\/\\\/www.koonings.com\\\/de\\\/product\\\/demetrios-platinum-dp488-sl46\\\/#breadcrumb\",\"itemListElement\":[{\"@type\":\"ListItem\",\"position\":1,\"name\":\"Home\",\"item\":\"https:\\\/\\\/www.koonings.com\\\/de\\\/\"},{\"@type\":\"ListItem\",\"position\":2,\"name\":\"Demetrios Platinum DP488 + SL46\"}]},{\"@type\":\"WebSite\",\"@id\":\"https:\\\/\\\/www.koonings.com\\\/de\\\/#website\",\"url\":\"https:\\\/\\\/www.koonings.com\\\/de\\\/\",\"name\":\"Koonings\",\"description\":\"De grootste bruidsmodewinkel ter wereld\",\"publisher\":{\"@id\":\"https:\\\/\\\/www.koonings.com\\\/de\\\/#organization\"},\"potentialAction\":[{\"@type\":\"SearchAction\",\"target\":{\"@type\":\"EntryPoint\",\"urlTemplate\":\"https:\\\/\\\/www.koonings.com\\\/de\\\/?s={search_term_string}\"},\"query-input\":{\"@type\":\"PropertyValueSpecification\",\"valueRequired\":true,\"valueName\":\"search_term_string\"}}],\"inLanguage\":\"de\"},{\"@type\":\"Organization\",\"@id\":\"https:\\\/\\\/www.koonings.com\\\/de\\\/#organization\",\"name\":\"Koonings\",\"url\":\"https:\\\/\\\/www.koonings.com\\\/de\\\/\",\"logo\":{\"@type\":\"ImageObject\",\"inLanguage\":\"de\",\"@id\":\"https:\\\/\\\/www.koonings.com\\\/de\\\/#\\\/schema\\\/logo\\\/image\\\/\",\"url\":\"https:\\\/\\\/www.koonings.com\\\/wp-content\\\/uploads\\\/2024\\\/07\\\/logo.png\",\"contentUrl\":\"https:\\\/\\\/www.koonings.com\\\/wp-content\\\/uploads\\\/2024\\\/07\\\/logo.png\",\"width\":600,\"height\":428,\"caption\":\"Koonings\"},\"image\":{\"@id\":\"https:\\\/\\\/www.koonings.com\\\/de\\\/#\\\/schema\\\/logo\\\/image\\\/\"},\"sameAs\":[\"https:\\\/\\\/www.facebook.com\\\/kooningstheweddingpalace\",\"https:\\\/\\\/www.instagram.com\\\/kooningstheweddingpalace\",\"https:\\\/\\\/www.pinterest.com\\\/koonings\",\"https:\\\/\\\/www.youtube.com\\\/kooningstheweddingpalace\"]}]}<\/script>\n<!-- \/ Yoast SEO plugin. -->","yoast_head_json":{"title":"Demetrios Platinum DP488 + SL46 | Koonings","description":"Lernen Sie das Nessa Kleid kennen, ein Kleid im Meerjungfrauenstil, das den K\u00f6rper als Leinwand nutzt. Entdecken Sie ein tr\u00e4gerloses Mieder mit V-Ausschnitt vorne und ein Korsett mit Schn\u00fcrung am R\u00fccken. Nessa ist ein sehr dynamisches Design, das eine breite Palette von \u00dcbergangslooks bietet. Erg\u00e4nzen Sie das Kleid mit den passenden \u00c4rmeln SL46, der Jacke JA06 und der Schleppe (alle separat erh\u00e4ltlich).","robots":{"index":"index","follow":"follow","max-snippet":"max-snippet:-1","max-image-preview":"max-image-preview:large","max-video-preview":"max-video-preview:-1"},"canonical":"https:\/\/www.koonings.com\/de\/product\/demetrios-platinum-dp488-sl46\/","og_locale":"de_DE","og_type":"article","og_title":"Demetrios Platinum DP488 + SL46 | Koonings","og_description":"Lernen Sie das Nessa Kleid kennen, ein Kleid im Meerjungfrauenstil, das den K\u00f6rper als Leinwand nutzt. Entdecken Sie ein tr\u00e4gerloses Mieder mit V-Ausschnitt vorne und ein Korsett mit Schn\u00fcrung am R\u00fccken. Nessa ist ein sehr dynamisches Design, das eine breite Palette von \u00dcbergangslooks bietet. Erg\u00e4nzen Sie das Kleid mit den passenden \u00c4rmeln SL46, der Jacke JA06 und der Schleppe (alle separat erh\u00e4ltlich).","og_url":"https:\/\/www.koonings.com\/de\/product\/demetrios-platinum-dp488-sl46\/","og_site_name":"Koonings","article_publisher":"https:\/\/www.facebook.com\/kooningstheweddingpalace","og_image":[{"width":725,"height":1024,"url":"https:\/\/www.koonings.com\/wp-content\/uploads\/2024\/11\/39798_892fa7248aad94c321dcffd3111c8a0345e8a69b99bacd1e294d4a0d93a25f73caf120d0-725x1024.jpeg","type":"image\/jpeg"}],"twitter_card":"summary_large_image","schema":{"@context":"https:\/\/schema.org","@graph":[{"@type":"WebPage","@id":"https:\/\/www.koonings.com\/de\/product\/demetrios-platinum-dp488-sl46\/","url":"https:\/\/www.koonings.com\/de\/product\/demetrios-platinum-dp488-sl46\/","name":"Demetrios Platinum DP488 + SL46 | Koonings","isPartOf":{"@id":"https:\/\/www.koonings.com\/de\/#website"},"primaryImageOfPage":{"@id":"https:\/\/www.koonings.com\/de\/product\/demetrios-platinum-dp488-sl46\/#primaryimage"},"image":{"@id":"https:\/\/www.koonings.com\/de\/product\/demetrios-platinum-dp488-sl46\/#primaryimage"},"thumbnailUrl":"https:\/\/www.koonings.com\/wp-content\/uploads\/2024\/11\/39798_892fa7248aad94c321dcffd3111c8a0345e8a69b99bacd1e294d4a0d93a25f73caf120d0.jpeg","datePublished":"2026-04-10T14:16:07+00:00","description":"Lernen Sie das Nessa Kleid kennen, ein Kleid im Meerjungfrauenstil, das den K\u00f6rper als Leinwand nutzt. Entdecken Sie ein tr\u00e4gerloses Mieder mit V-Ausschnitt vorne und ein Korsett mit Schn\u00fcrung am R\u00fccken. Nessa ist ein sehr dynamisches Design, das eine breite Palette von \u00dcbergangslooks bietet. Erg\u00e4nzen Sie das Kleid mit den passenden \u00c4rmeln SL46, der Jacke JA06 und der Schleppe (alle separat erh\u00e4ltlich).","breadcrumb":{"@id":"https:\/\/www.koonings.com\/de\/product\/demetrios-platinum-dp488-sl46\/#breadcrumb"},"inLanguage":"de","potentialAction":[{"@type":"ReadAction","target":["https:\/\/www.koonings.com\/de\/product\/demetrios-platinum-dp488-sl46\/"]}]},{"@type":"ImageObject","inLanguage":"de","@id":"https:\/\/www.koonings.com\/de\/product\/demetrios-platinum-dp488-sl46\/#primaryimage","url":"https:\/\/www.koonings.com\/wp-content\/uploads\/2024\/11\/39798_892fa7248aad94c321dcffd3111c8a0345e8a69b99bacd1e294d4a0d93a25f73caf120d0.jpeg","contentUrl":"https:\/\/www.koonings.com\/wp-content\/uploads\/2024\/11\/39798_892fa7248aad94c321dcffd3111c8a0345e8a69b99bacd1e294d4a0d93a25f73caf120d0.jpeg","width":1743,"height":2461},{"@type":"BreadcrumbList","@id":"https:\/\/www.koonings.com\/de\/product\/demetrios-platinum-dp488-sl46\/#breadcrumb","itemListElement":[{"@type":"ListItem","position":1,"name":"Home","item":"https:\/\/www.koonings.com\/de\/"},{"@type":"ListItem","position":2,"name":"Demetrios Platinum DP488 + SL46"}]},{"@type":"WebSite","@id":"https:\/\/www.koonings.com\/de\/#website","url":"https:\/\/www.koonings.com\/de\/","name":"Koonings","description":"De grootste bruidsmodewinkel ter wereld","publisher":{"@id":"https:\/\/www.koonings.com\/de\/#organization"},"potentialAction":[{"@type":"SearchAction","target":{"@type":"EntryPoint","urlTemplate":"https:\/\/www.koonings.com\/de\/?s={search_term_string}"},"query-input":{"@type":"PropertyValueSpecification","valueRequired":true,"valueName":"search_term_string"}}],"inLanguage":"de"},{"@type":"Organization","@id":"https:\/\/www.koonings.com\/de\/#organization","name":"Koonings","url":"https:\/\/www.koonings.com\/de\/","logo":{"@type":"ImageObject","inLanguage":"de","@id":"https:\/\/www.koonings.com\/de\/#\/schema\/logo\/image\/","url":"https:\/\/www.koonings.com\/wp-content\/uploads\/2024\/07\/logo.png","contentUrl":"https:\/\/www.koonings.com\/wp-content\/uploads\/2024\/07\/logo.png","width":600,"height":428,"caption":"Koonings"},"image":{"@id":"https:\/\/www.koonings.com\/de\/#\/schema\/logo\/image\/"},"sameAs":["https:\/\/www.facebook.com\/kooningstheweddingpalace","https:\/\/www.instagram.com\/kooningstheweddingpalace","https:\/\/www.pinterest.com\/koonings","https:\/\/www.youtube.com\/kooningstheweddingpalace"]}]}},"_links":{"self":[{"href":"https:\/\/www.koonings.com\/de\/wp-json\/wp\/v2\/product\/57818","targetHints":{"allow":["GET"]}}],"collection":[{"href":"https:\/\/www.koonings.com\/de\/wp-json\/wp\/v2\/product"}],"about":[{"href":"https:\/\/www.koonings.com\/de\/wp-json\/wp\/v2\/types\/product"}],"wp:featuredmedia":[{"embeddable":true,"href":"https:\/\/www.koonings.com\/de\/wp-json\/wp\/v2\/media\/42800"}],"wp:attachment":[{"href":"https:\/\/www.koonings.com\/de\/wp-json\/wp\/v2\/media?parent=57818"}],"wp:term":[{"taxonomy":"productdetails","embeddable":true,"href":"https:\/\/www.koonings.com\/de\/wp-json\/wp\/v2\/productdetails?post=57818"},{"taxonomy":"productneck","embeddable":true,"href":"https:\/\/www.koonings.com\/de\/wp-json\/wp\/v2\/productneck?post=57818"},{"taxonomy":"productcolor","embeddable":true,"href":"https:\/\/www.koonings.com\/de\/wp-json\/wp\/v2\/productcolor?post=57818"},{"taxonomy":"maat","embeddable":true,"href":"https:\/\/www.koonings.com\/de\/wp-json\/wp\/v2\/maat?post=57818"},{"taxonomy":"productsupplier","embeddable":true,"href":"https:\/\/www.koonings.com\/de\/wp-json\/wp\/v2\/productsupplier?post=57818"},{"taxonomy":"productsleeve","embeddable":true,"href":"https:\/\/www.koonings.com\/de\/wp-json\/wp\/v2\/productsleeve?post=57818"},{"taxonomy":"productcategory","embeddable":true,"href":"https:\/\/www.koonings.com\/de\/wp-json\/wp\/v2\/productcategory?post=57818"},{"taxonomy":"productsilhouette","embeddable":true,"href":"https:\/\/www.koonings.com\/de\/wp-json\/wp\/v2\/productsilhouette?post=57818"},{"taxonomy":"productstyle","embeddable":true,"href":"https:\/\/www.koonings.com\/de\/wp-json\/wp\/v2\/productstyle?post=57818"}],"curies":[{"name":"wp","href":"https:\/\/api.w.org\/{rel}","templated":true}]}}