{"id":57812,"date":"2026-04-14T16:16:34","date_gmt":"2026-04-14T14:16:34","guid":{"rendered":"https:\/\/www.koonings.com\/product\/demetrios-platinum-dp494\/"},"modified":"2025-06-05T12:44:54","modified_gmt":"2025-06-05T10:44:54","slug":"demetrios-platinum-dp494","status":"publish","type":"product","link":"https:\/\/www.koonings.com\/de\/product\/demetrios-platinum-dp494\/","title":{"rendered":"Demetrios Platinum DP494"},"content":{"rendered":"<p>Das IDA-Kleid, das von Bl\u00fctenbl\u00e4ttern b\u00f6hmischer Eleganz trieft, ist ein schmeichelhaftes Kunstwerk. Jedes Detail dieses Kleides ist perfekt, von der Meerjungfrauen-Silhouette \u00fcber den s\u00fc\u00dfen herzf\u00f6rmigen Ausschnitt bis hin zu der auff\u00e4lligen Schn\u00fcrung am R\u00fccken. Das Kleid kann mit ausladenden \u00c4rmeln geliefert werden. Erg\u00e4nzen Sie das Kleid mit den passenden \u00c4rmeln SL48 (separat erh\u00e4ltlich).   <\/p>\n","protected":false},"featured_media":42829,"template":"","meta":{"_acf_changed":false,"ghostkit_customizer_options":"","ghostkit_custom_css":"","ghostkit_custom_js_head":"","ghostkit_custom_js_foot":"","ghostkit_typography":""},"productdetails":[379,380,376,381],"productneck":[354,355],"productcolor":[393,392],"maat":[],"productsupplier":[403],"productsleeve":[362],"productcategory":[18],"productsilhouette":[389],"productstyle":[364,366],"class_list":["post-57812","product","type-product","status-publish","has-post-thumbnail","hentry","productdetails-379","productdetails-380","productdetails-376","productdetails-381","productneck-354","productneck-355","productcolor-393","productcolor-392","productsupplier-demetrios-platinum","productsleeve-362","productcategory-trouwjurken","productsilhouette-389","productstyle-364","productstyle-366"],"acf":[],"yoast_head":"<!-- This site is optimized with the Yoast SEO plugin v27.3 - https:\/\/yoast.com\/product\/yoast-seo-wordpress\/ -->\n<title>Demetrios Platinum DP494 | Koonings<\/title>\n<meta name=\"description\" content=\"Das IDA-Kleid, das von Bl\u00fctenbl\u00e4ttern b\u00f6hmischer Eleganz trieft, ist ein schmeichelhaftes Kunstwerk. Jedes Detail dieses Kleides ist perfekt, von der Meerjungfrauen-Silhouette \u00fcber den s\u00fc\u00dfen herzf\u00f6rmigen Ausschnitt bis hin zu der auff\u00e4lligen Schn\u00fcrung am R\u00fccken. Das Kleid kann mit ausladenden \u00c4rmeln geliefert werden. Erg\u00e4nzen Sie das Kleid mit den passenden \u00c4rmeln SL48 (separat erh\u00e4ltlich).\" \/>\n<meta name=\"robots\" content=\"index, follow, max-snippet:-1, max-image-preview:large, max-video-preview:-1\" \/>\n<link rel=\"canonical\" href=\"https:\/\/www.koonings.com\/de\/product\/demetrios-platinum-dp494\/\" \/>\n<meta property=\"og:locale\" content=\"de_DE\" \/>\n<meta property=\"og:type\" content=\"article\" \/>\n<meta property=\"og:title\" content=\"Demetrios Platinum DP494 | Koonings\" \/>\n<meta property=\"og:description\" content=\"Das IDA-Kleid, das von Bl\u00fctenbl\u00e4ttern b\u00f6hmischer Eleganz trieft, ist ein schmeichelhaftes Kunstwerk. Jedes Detail dieses Kleides ist perfekt, von der Meerjungfrauen-Silhouette \u00fcber den s\u00fc\u00dfen herzf\u00f6rmigen Ausschnitt bis hin zu der auff\u00e4lligen Schn\u00fcrung am R\u00fccken. Das Kleid kann mit ausladenden \u00c4rmeln geliefert werden. Erg\u00e4nzen Sie das Kleid mit den passenden \u00c4rmeln SL48 (separat erh\u00e4ltlich).\" \/>\n<meta property=\"og:url\" content=\"https:\/\/www.koonings.com\/de\/product\/demetrios-platinum-dp494\/\" \/>\n<meta property=\"og:site_name\" content=\"Koonings\" \/>\n<meta property=\"article:publisher\" content=\"https:\/\/www.facebook.com\/kooningstheweddingpalace\" \/>\n<meta property=\"og:image\" content=\"https:\/\/www.koonings.com\/wp-content\/uploads\/2024\/11\/39800_711a005015928aca64e9ae612bf36f459a58b4d8e9ca7714381585de01bb4bfc83739a30.jpeg\" \/>\n\t<meta property=\"og:image:width\" content=\"300\" \/>\n\t<meta property=\"og:image:height\" content=\"450\" \/>\n\t<meta property=\"og:image:type\" content=\"image\/jpeg\" \/>\n<meta name=\"twitter:card\" content=\"summary_large_image\" \/>\n<script type=\"application\/ld+json\" class=\"yoast-schema-graph\">{\"@context\":\"https:\\\/\\\/schema.org\",\"@graph\":[{\"@type\":\"WebPage\",\"@id\":\"https:\\\/\\\/www.koonings.com\\\/de\\\/product\\\/demetrios-platinum-dp494\\\/\",\"url\":\"https:\\\/\\\/www.koonings.com\\\/de\\\/product\\\/demetrios-platinum-dp494\\\/\",\"name\":\"Demetrios Platinum DP494 | Koonings\",\"isPartOf\":{\"@id\":\"https:\\\/\\\/www.koonings.com\\\/de\\\/#website\"},\"primaryImageOfPage\":{\"@id\":\"https:\\\/\\\/www.koonings.com\\\/de\\\/product\\\/demetrios-platinum-dp494\\\/#primaryimage\"},\"image\":{\"@id\":\"https:\\\/\\\/www.koonings.com\\\/de\\\/product\\\/demetrios-platinum-dp494\\\/#primaryimage\"},\"thumbnailUrl\":\"https:\\\/\\\/www.koonings.com\\\/wp-content\\\/uploads\\\/2024\\\/11\\\/39800_711a005015928aca64e9ae612bf36f459a58b4d8e9ca7714381585de01bb4bfc83739a30.jpeg\",\"datePublished\":\"2026-04-14T14:16:34+00:00\",\"description\":\"Das IDA-Kleid, das von Bl\u00fctenbl\u00e4ttern b\u00f6hmischer Eleganz trieft, ist ein schmeichelhaftes Kunstwerk. Jedes Detail dieses Kleides ist perfekt, von der Meerjungfrauen-Silhouette \u00fcber den s\u00fc\u00dfen herzf\u00f6rmigen Ausschnitt bis hin zu der auff\u00e4lligen Schn\u00fcrung am R\u00fccken. Das Kleid kann mit ausladenden \u00c4rmeln geliefert werden. Erg\u00e4nzen Sie das Kleid mit den passenden \u00c4rmeln SL48 (separat erh\u00e4ltlich).\",\"breadcrumb\":{\"@id\":\"https:\\\/\\\/www.koonings.com\\\/de\\\/product\\\/demetrios-platinum-dp494\\\/#breadcrumb\"},\"inLanguage\":\"de\",\"potentialAction\":[{\"@type\":\"ReadAction\",\"target\":[\"https:\\\/\\\/www.koonings.com\\\/de\\\/product\\\/demetrios-platinum-dp494\\\/\"]}]},{\"@type\":\"ImageObject\",\"inLanguage\":\"de\",\"@id\":\"https:\\\/\\\/www.koonings.com\\\/de\\\/product\\\/demetrios-platinum-dp494\\\/#primaryimage\",\"url\":\"https:\\\/\\\/www.koonings.com\\\/wp-content\\\/uploads\\\/2024\\\/11\\\/39800_711a005015928aca64e9ae612bf36f459a58b4d8e9ca7714381585de01bb4bfc83739a30.jpeg\",\"contentUrl\":\"https:\\\/\\\/www.koonings.com\\\/wp-content\\\/uploads\\\/2024\\\/11\\\/39800_711a005015928aca64e9ae612bf36f459a58b4d8e9ca7714381585de01bb4bfc83739a30.jpeg\",\"width\":300,\"height\":450},{\"@type\":\"BreadcrumbList\",\"@id\":\"https:\\\/\\\/www.koonings.com\\\/de\\\/product\\\/demetrios-platinum-dp494\\\/#breadcrumb\",\"itemListElement\":[{\"@type\":\"ListItem\",\"position\":1,\"name\":\"Home\",\"item\":\"https:\\\/\\\/www.koonings.com\\\/de\\\/\"},{\"@type\":\"ListItem\",\"position\":2,\"name\":\"Demetrios Platinum DP494\"}]},{\"@type\":\"WebSite\",\"@id\":\"https:\\\/\\\/www.koonings.com\\\/de\\\/#website\",\"url\":\"https:\\\/\\\/www.koonings.com\\\/de\\\/\",\"name\":\"Koonings\",\"description\":\"De grootste bruidsmodewinkel ter wereld\",\"publisher\":{\"@id\":\"https:\\\/\\\/www.koonings.com\\\/de\\\/#organization\"},\"potentialAction\":[{\"@type\":\"SearchAction\",\"target\":{\"@type\":\"EntryPoint\",\"urlTemplate\":\"https:\\\/\\\/www.koonings.com\\\/de\\\/?s={search_term_string}\"},\"query-input\":{\"@type\":\"PropertyValueSpecification\",\"valueRequired\":true,\"valueName\":\"search_term_string\"}}],\"inLanguage\":\"de\"},{\"@type\":\"Organization\",\"@id\":\"https:\\\/\\\/www.koonings.com\\\/de\\\/#organization\",\"name\":\"Koonings\",\"url\":\"https:\\\/\\\/www.koonings.com\\\/de\\\/\",\"logo\":{\"@type\":\"ImageObject\",\"inLanguage\":\"de\",\"@id\":\"https:\\\/\\\/www.koonings.com\\\/de\\\/#\\\/schema\\\/logo\\\/image\\\/\",\"url\":\"https:\\\/\\\/www.koonings.com\\\/wp-content\\\/uploads\\\/2024\\\/07\\\/logo.png\",\"contentUrl\":\"https:\\\/\\\/www.koonings.com\\\/wp-content\\\/uploads\\\/2024\\\/07\\\/logo.png\",\"width\":600,\"height\":428,\"caption\":\"Koonings\"},\"image\":{\"@id\":\"https:\\\/\\\/www.koonings.com\\\/de\\\/#\\\/schema\\\/logo\\\/image\\\/\"},\"sameAs\":[\"https:\\\/\\\/www.facebook.com\\\/kooningstheweddingpalace\",\"https:\\\/\\\/www.instagram.com\\\/kooningstheweddingpalace\",\"https:\\\/\\\/www.pinterest.com\\\/koonings\",\"https:\\\/\\\/www.youtube.com\\\/kooningstheweddingpalace\"]}]}<\/script>\n<!-- \/ Yoast SEO plugin. -->","yoast_head_json":{"title":"Demetrios Platinum DP494 | Koonings","description":"Das IDA-Kleid, das von Bl\u00fctenbl\u00e4ttern b\u00f6hmischer Eleganz trieft, ist ein schmeichelhaftes Kunstwerk. Jedes Detail dieses Kleides ist perfekt, von der Meerjungfrauen-Silhouette \u00fcber den s\u00fc\u00dfen herzf\u00f6rmigen Ausschnitt bis hin zu der auff\u00e4lligen Schn\u00fcrung am R\u00fccken. Das Kleid kann mit ausladenden \u00c4rmeln geliefert werden. Erg\u00e4nzen Sie das Kleid mit den passenden \u00c4rmeln SL48 (separat erh\u00e4ltlich).","robots":{"index":"index","follow":"follow","max-snippet":"max-snippet:-1","max-image-preview":"max-image-preview:large","max-video-preview":"max-video-preview:-1"},"canonical":"https:\/\/www.koonings.com\/de\/product\/demetrios-platinum-dp494\/","og_locale":"de_DE","og_type":"article","og_title":"Demetrios Platinum DP494 | Koonings","og_description":"Das IDA-Kleid, das von Bl\u00fctenbl\u00e4ttern b\u00f6hmischer Eleganz trieft, ist ein schmeichelhaftes Kunstwerk. Jedes Detail dieses Kleides ist perfekt, von der Meerjungfrauen-Silhouette \u00fcber den s\u00fc\u00dfen herzf\u00f6rmigen Ausschnitt bis hin zu der auff\u00e4lligen Schn\u00fcrung am R\u00fccken. Das Kleid kann mit ausladenden \u00c4rmeln geliefert werden. Erg\u00e4nzen Sie das Kleid mit den passenden \u00c4rmeln SL48 (separat erh\u00e4ltlich).","og_url":"https:\/\/www.koonings.com\/de\/product\/demetrios-platinum-dp494\/","og_site_name":"Koonings","article_publisher":"https:\/\/www.facebook.com\/kooningstheweddingpalace","og_image":[{"width":300,"height":450,"url":"https:\/\/www.koonings.com\/wp-content\/uploads\/2024\/11\/39800_711a005015928aca64e9ae612bf36f459a58b4d8e9ca7714381585de01bb4bfc83739a30.jpeg","type":"image\/jpeg"}],"twitter_card":"summary_large_image","schema":{"@context":"https:\/\/schema.org","@graph":[{"@type":"WebPage","@id":"https:\/\/www.koonings.com\/de\/product\/demetrios-platinum-dp494\/","url":"https:\/\/www.koonings.com\/de\/product\/demetrios-platinum-dp494\/","name":"Demetrios Platinum DP494 | Koonings","isPartOf":{"@id":"https:\/\/www.koonings.com\/de\/#website"},"primaryImageOfPage":{"@id":"https:\/\/www.koonings.com\/de\/product\/demetrios-platinum-dp494\/#primaryimage"},"image":{"@id":"https:\/\/www.koonings.com\/de\/product\/demetrios-platinum-dp494\/#primaryimage"},"thumbnailUrl":"https:\/\/www.koonings.com\/wp-content\/uploads\/2024\/11\/39800_711a005015928aca64e9ae612bf36f459a58b4d8e9ca7714381585de01bb4bfc83739a30.jpeg","datePublished":"2026-04-14T14:16:34+00:00","description":"Das IDA-Kleid, das von Bl\u00fctenbl\u00e4ttern b\u00f6hmischer Eleganz trieft, ist ein schmeichelhaftes Kunstwerk. Jedes Detail dieses Kleides ist perfekt, von der Meerjungfrauen-Silhouette \u00fcber den s\u00fc\u00dfen herzf\u00f6rmigen Ausschnitt bis hin zu der auff\u00e4lligen Schn\u00fcrung am R\u00fccken. Das Kleid kann mit ausladenden \u00c4rmeln geliefert werden. Erg\u00e4nzen Sie das Kleid mit den passenden \u00c4rmeln SL48 (separat erh\u00e4ltlich).","breadcrumb":{"@id":"https:\/\/www.koonings.com\/de\/product\/demetrios-platinum-dp494\/#breadcrumb"},"inLanguage":"de","potentialAction":[{"@type":"ReadAction","target":["https:\/\/www.koonings.com\/de\/product\/demetrios-platinum-dp494\/"]}]},{"@type":"ImageObject","inLanguage":"de","@id":"https:\/\/www.koonings.com\/de\/product\/demetrios-platinum-dp494\/#primaryimage","url":"https:\/\/www.koonings.com\/wp-content\/uploads\/2024\/11\/39800_711a005015928aca64e9ae612bf36f459a58b4d8e9ca7714381585de01bb4bfc83739a30.jpeg","contentUrl":"https:\/\/www.koonings.com\/wp-content\/uploads\/2024\/11\/39800_711a005015928aca64e9ae612bf36f459a58b4d8e9ca7714381585de01bb4bfc83739a30.jpeg","width":300,"height":450},{"@type":"BreadcrumbList","@id":"https:\/\/www.koonings.com\/de\/product\/demetrios-platinum-dp494\/#breadcrumb","itemListElement":[{"@type":"ListItem","position":1,"name":"Home","item":"https:\/\/www.koonings.com\/de\/"},{"@type":"ListItem","position":2,"name":"Demetrios Platinum DP494"}]},{"@type":"WebSite","@id":"https:\/\/www.koonings.com\/de\/#website","url":"https:\/\/www.koonings.com\/de\/","name":"Koonings","description":"De grootste bruidsmodewinkel ter wereld","publisher":{"@id":"https:\/\/www.koonings.com\/de\/#organization"},"potentialAction":[{"@type":"SearchAction","target":{"@type":"EntryPoint","urlTemplate":"https:\/\/www.koonings.com\/de\/?s={search_term_string}"},"query-input":{"@type":"PropertyValueSpecification","valueRequired":true,"valueName":"search_term_string"}}],"inLanguage":"de"},{"@type":"Organization","@id":"https:\/\/www.koonings.com\/de\/#organization","name":"Koonings","url":"https:\/\/www.koonings.com\/de\/","logo":{"@type":"ImageObject","inLanguage":"de","@id":"https:\/\/www.koonings.com\/de\/#\/schema\/logo\/image\/","url":"https:\/\/www.koonings.com\/wp-content\/uploads\/2024\/07\/logo.png","contentUrl":"https:\/\/www.koonings.com\/wp-content\/uploads\/2024\/07\/logo.png","width":600,"height":428,"caption":"Koonings"},"image":{"@id":"https:\/\/www.koonings.com\/de\/#\/schema\/logo\/image\/"},"sameAs":["https:\/\/www.facebook.com\/kooningstheweddingpalace","https:\/\/www.instagram.com\/kooningstheweddingpalace","https:\/\/www.pinterest.com\/koonings","https:\/\/www.youtube.com\/kooningstheweddingpalace"]}]}},"_links":{"self":[{"href":"https:\/\/www.koonings.com\/de\/wp-json\/wp\/v2\/product\/57812","targetHints":{"allow":["GET"]}}],"collection":[{"href":"https:\/\/www.koonings.com\/de\/wp-json\/wp\/v2\/product"}],"about":[{"href":"https:\/\/www.koonings.com\/de\/wp-json\/wp\/v2\/types\/product"}],"wp:featuredmedia":[{"embeddable":true,"href":"https:\/\/www.koonings.com\/de\/wp-json\/wp\/v2\/media\/42829"}],"wp:attachment":[{"href":"https:\/\/www.koonings.com\/de\/wp-json\/wp\/v2\/media?parent=57812"}],"wp:term":[{"taxonomy":"productdetails","embeddable":true,"href":"https:\/\/www.koonings.com\/de\/wp-json\/wp\/v2\/productdetails?post=57812"},{"taxonomy":"productneck","embeddable":true,"href":"https:\/\/www.koonings.com\/de\/wp-json\/wp\/v2\/productneck?post=57812"},{"taxonomy":"productcolor","embeddable":true,"href":"https:\/\/www.koonings.com\/de\/wp-json\/wp\/v2\/productcolor?post=57812"},{"taxonomy":"maat","embeddable":true,"href":"https:\/\/www.koonings.com\/de\/wp-json\/wp\/v2\/maat?post=57812"},{"taxonomy":"productsupplier","embeddable":true,"href":"https:\/\/www.koonings.com\/de\/wp-json\/wp\/v2\/productsupplier?post=57812"},{"taxonomy":"productsleeve","embeddable":true,"href":"https:\/\/www.koonings.com\/de\/wp-json\/wp\/v2\/productsleeve?post=57812"},{"taxonomy":"productcategory","embeddable":true,"href":"https:\/\/www.koonings.com\/de\/wp-json\/wp\/v2\/productcategory?post=57812"},{"taxonomy":"productsilhouette","embeddable":true,"href":"https:\/\/www.koonings.com\/de\/wp-json\/wp\/v2\/productsilhouette?post=57812"},{"taxonomy":"productstyle","embeddable":true,"href":"https:\/\/www.koonings.com\/de\/wp-json\/wp\/v2\/productstyle?post=57812"}],"curies":[{"name":"wp","href":"https:\/\/api.w.org\/{rel}","templated":true}]}}