{"id":57811,"date":"2025-12-15T00:26:32","date_gmt":"2025-12-14T23:26:32","guid":{"rendered":"https:\/\/www.koonings.com\/product\/demetrios-platinum-dp486\/"},"modified":"2026-02-03T18:33:00","modified_gmt":"2026-02-03T17:33:00","slug":"demetrios-platinum-dp486","status":"publish","type":"product","link":"https:\/\/www.koonings.com\/de\/product\/demetrios-platinum-dp486\/","title":{"rendered":"Demetrios Platin DP486"},"content":{"rendered":"<p>Das Kleid Anelli ist mit pr\u00e4chtiger Perlenspitze und glitzerndem T\u00fcll verziert. Der weiche V-Ausschnitt und das durchsichtige Mieder von Anelli sind die ideale Erg\u00e4nzung f\u00fcr Ihre volumin\u00f6se Figur. Ein Ballkleid, das von allen Prinzessinnen inspiriert wurde. <\/p>\n","protected":false},"featured_media":42779,"template":"","meta":{"_acf_changed":false,"ghostkit_customizer_options":"","ghostkit_custom_css":"","ghostkit_custom_js_head":"","ghostkit_custom_js_foot":"","ghostkit_typography":""},"productdetails":[379,376,381],"productneck":[356],"productcolor":[392],"maat":[],"productsupplier":[403],"productsleeve":[359],"productcategory":[18],"productsilhouette":[388],"productstyle":[372,366],"class_list":["post-57811","product","type-product","status-publish","has-post-thumbnail","hentry","productdetails-379","productdetails-376","productdetails-381","productneck-356","productcolor-392","productsupplier-demetrios-platinum","productsleeve-359","productcategory-trouwjurken","productsilhouette-388","productstyle-372","productstyle-366"],"acf":[],"yoast_head":"<!-- This site is optimized with the Yoast SEO plugin v26.8 - https:\/\/yoast.com\/product\/yoast-seo-wordpress\/ -->\n<title>Demetrios Platin DP486 | Koonings<\/title>\n<meta name=\"description\" content=\"Das Kleid Anelli ist mit pr\u00e4chtiger Perlenspitze und glitzerndem T\u00fcll verziert. Der weiche V-Ausschnitt und das durchsichtige Mieder von Anelli sind die ideale Erg\u00e4nzung f\u00fcr Ihre volumin\u00f6se Figur. Ein Ballkleid, das von allen Prinzessinnen inspiriert wurde.\" \/>\n<meta name=\"robots\" content=\"index, follow, max-snippet:-1, max-image-preview:large, max-video-preview:-1\" \/>\n<link rel=\"canonical\" href=\"https:\/\/www.koonings.com\/de\/product\/demetrios-platinum-dp486\/\" \/>\n<meta property=\"og:locale\" content=\"de_DE\" \/>\n<meta property=\"og:type\" content=\"article\" \/>\n<meta property=\"og:title\" content=\"Demetrios Platin DP486 | Koonings\" \/>\n<meta property=\"og:description\" content=\"Das Kleid Anelli ist mit pr\u00e4chtiger Perlenspitze und glitzerndem T\u00fcll verziert. Der weiche V-Ausschnitt und das durchsichtige Mieder von Anelli sind die ideale Erg\u00e4nzung f\u00fcr Ihre volumin\u00f6se Figur. Ein Ballkleid, das von allen Prinzessinnen inspiriert wurde.\" \/>\n<meta property=\"og:url\" content=\"https:\/\/www.koonings.com\/de\/product\/demetrios-platinum-dp486\/\" \/>\n<meta property=\"og:site_name\" content=\"Koonings\" \/>\n<meta property=\"article:publisher\" content=\"https:\/\/www.facebook.com\/kooningstheweddingpalace\" \/>\n<meta property=\"article:modified_time\" content=\"2026-02-03T17:33:00+00:00\" \/>\n<meta property=\"og:image\" content=\"https:\/\/www.koonings.com\/wp-content\/uploads\/2024\/11\/39796_84307d56731da4acc0cee6fd4126e3a4a9e11030e90f51551418ab6cb2eade8ac8f42adf-724x1024.jpeg\" \/>\n\t<meta property=\"og:image:width\" content=\"724\" \/>\n\t<meta property=\"og:image:height\" content=\"1024\" \/>\n\t<meta property=\"og:image:type\" content=\"image\/jpeg\" \/>\n<meta name=\"twitter:card\" content=\"summary_large_image\" \/>\n<script type=\"application\/ld+json\" class=\"yoast-schema-graph\">{\"@context\":\"https:\/\/schema.org\",\"@graph\":[{\"@type\":\"WebPage\",\"@id\":\"https:\/\/www.koonings.com\/de\/product\/demetrios-platinum-dp486\/\",\"url\":\"https:\/\/www.koonings.com\/de\/product\/demetrios-platinum-dp486\/\",\"name\":\"Demetrios Platin DP486 | Koonings\",\"isPartOf\":{\"@id\":\"https:\/\/www.koonings.com\/de\/#website\"},\"primaryImageOfPage\":{\"@id\":\"https:\/\/www.koonings.com\/de\/product\/demetrios-platinum-dp486\/#primaryimage\"},\"image\":{\"@id\":\"https:\/\/www.koonings.com\/de\/product\/demetrios-platinum-dp486\/#primaryimage\"},\"thumbnailUrl\":\"https:\/\/www.koonings.com\/wp-content\/uploads\/2024\/11\/39796_84307d56731da4acc0cee6fd4126e3a4a9e11030e90f51551418ab6cb2eade8ac8f42adf.jpeg\",\"datePublished\":\"2025-12-14T23:26:32+00:00\",\"dateModified\":\"2026-02-03T17:33:00+00:00\",\"description\":\"Das Kleid Anelli ist mit pr\u00e4chtiger Perlenspitze und glitzerndem T\u00fcll verziert. Der weiche V-Ausschnitt und das durchsichtige Mieder von Anelli sind die ideale Erg\u00e4nzung f\u00fcr Ihre volumin\u00f6se Figur. Ein Ballkleid, das von allen Prinzessinnen inspiriert wurde.\",\"breadcrumb\":{\"@id\":\"https:\/\/www.koonings.com\/de\/product\/demetrios-platinum-dp486\/#breadcrumb\"},\"inLanguage\":\"de\",\"potentialAction\":[{\"@type\":\"ReadAction\",\"target\":[\"https:\/\/www.koonings.com\/de\/product\/demetrios-platinum-dp486\/\"]}]},{\"@type\":\"ImageObject\",\"inLanguage\":\"de\",\"@id\":\"https:\/\/www.koonings.com\/de\/product\/demetrios-platinum-dp486\/#primaryimage\",\"url\":\"https:\/\/www.koonings.com\/wp-content\/uploads\/2024\/11\/39796_84307d56731da4acc0cee6fd4126e3a4a9e11030e90f51551418ab6cb2eade8ac8f42adf.jpeg\",\"contentUrl\":\"https:\/\/www.koonings.com\/wp-content\/uploads\/2024\/11\/39796_84307d56731da4acc0cee6fd4126e3a4a9e11030e90f51551418ab6cb2eade8ac8f42adf.jpeg\",\"width\":1357,\"height\":1920},{\"@type\":\"BreadcrumbList\",\"@id\":\"https:\/\/www.koonings.com\/de\/product\/demetrios-platinum-dp486\/#breadcrumb\",\"itemListElement\":[{\"@type\":\"ListItem\",\"position\":1,\"name\":\"Home\",\"item\":\"https:\/\/www.koonings.com\/de\/\"},{\"@type\":\"ListItem\",\"position\":2,\"name\":\"Demetrios Platin DP486\"}]},{\"@type\":\"WebSite\",\"@id\":\"https:\/\/www.koonings.com\/de\/#website\",\"url\":\"https:\/\/www.koonings.com\/de\/\",\"name\":\"Koonings\",\"description\":\"De grootste bruidsmodewinkel ter wereld\",\"publisher\":{\"@id\":\"https:\/\/www.koonings.com\/de\/#organization\"},\"potentialAction\":[{\"@type\":\"SearchAction\",\"target\":{\"@type\":\"EntryPoint\",\"urlTemplate\":\"https:\/\/www.koonings.com\/de\/?s={search_term_string}\"},\"query-input\":{\"@type\":\"PropertyValueSpecification\",\"valueRequired\":true,\"valueName\":\"search_term_string\"}}],\"inLanguage\":\"de\"},{\"@type\":\"Organization\",\"@id\":\"https:\/\/www.koonings.com\/de\/#organization\",\"name\":\"Koonings\",\"url\":\"https:\/\/www.koonings.com\/de\/\",\"logo\":{\"@type\":\"ImageObject\",\"inLanguage\":\"de\",\"@id\":\"https:\/\/www.koonings.com\/de\/#\/schema\/logo\/image\/\",\"url\":\"https:\/\/www.koonings.com\/wp-content\/uploads\/2024\/07\/logo.png\",\"contentUrl\":\"https:\/\/www.koonings.com\/wp-content\/uploads\/2024\/07\/logo.png\",\"width\":600,\"height\":428,\"caption\":\"Koonings\"},\"image\":{\"@id\":\"https:\/\/www.koonings.com\/de\/#\/schema\/logo\/image\/\"},\"sameAs\":[\"https:\/\/www.facebook.com\/kooningstheweddingpalace\",\"https:\/\/www.instagram.com\/kooningstheweddingpalace\",\"https:\/\/www.pinterest.com\/koonings\",\"https:\/\/www.youtube.com\/kooningstheweddingpalace\"]}]}<\/script>\n<!-- \/ Yoast SEO plugin. -->","yoast_head_json":{"title":"Demetrios Platin DP486 | Koonings","description":"Das Kleid Anelli ist mit pr\u00e4chtiger Perlenspitze und glitzerndem T\u00fcll verziert. Der weiche V-Ausschnitt und das durchsichtige Mieder von Anelli sind die ideale Erg\u00e4nzung f\u00fcr Ihre volumin\u00f6se Figur. Ein Ballkleid, das von allen Prinzessinnen inspiriert wurde.","robots":{"index":"index","follow":"follow","max-snippet":"max-snippet:-1","max-image-preview":"max-image-preview:large","max-video-preview":"max-video-preview:-1"},"canonical":"https:\/\/www.koonings.com\/de\/product\/demetrios-platinum-dp486\/","og_locale":"de_DE","og_type":"article","og_title":"Demetrios Platin DP486 | Koonings","og_description":"Das Kleid Anelli ist mit pr\u00e4chtiger Perlenspitze und glitzerndem T\u00fcll verziert. Der weiche V-Ausschnitt und das durchsichtige Mieder von Anelli sind die ideale Erg\u00e4nzung f\u00fcr Ihre volumin\u00f6se Figur. Ein Ballkleid, das von allen Prinzessinnen inspiriert wurde.","og_url":"https:\/\/www.koonings.com\/de\/product\/demetrios-platinum-dp486\/","og_site_name":"Koonings","article_publisher":"https:\/\/www.facebook.com\/kooningstheweddingpalace","article_modified_time":"2026-02-03T17:33:00+00:00","og_image":[{"width":724,"height":1024,"url":"https:\/\/www.koonings.com\/wp-content\/uploads\/2024\/11\/39796_84307d56731da4acc0cee6fd4126e3a4a9e11030e90f51551418ab6cb2eade8ac8f42adf-724x1024.jpeg","type":"image\/jpeg"}],"twitter_card":"summary_large_image","schema":{"@context":"https:\/\/schema.org","@graph":[{"@type":"WebPage","@id":"https:\/\/www.koonings.com\/de\/product\/demetrios-platinum-dp486\/","url":"https:\/\/www.koonings.com\/de\/product\/demetrios-platinum-dp486\/","name":"Demetrios Platin DP486 | Koonings","isPartOf":{"@id":"https:\/\/www.koonings.com\/de\/#website"},"primaryImageOfPage":{"@id":"https:\/\/www.koonings.com\/de\/product\/demetrios-platinum-dp486\/#primaryimage"},"image":{"@id":"https:\/\/www.koonings.com\/de\/product\/demetrios-platinum-dp486\/#primaryimage"},"thumbnailUrl":"https:\/\/www.koonings.com\/wp-content\/uploads\/2024\/11\/39796_84307d56731da4acc0cee6fd4126e3a4a9e11030e90f51551418ab6cb2eade8ac8f42adf.jpeg","datePublished":"2025-12-14T23:26:32+00:00","dateModified":"2026-02-03T17:33:00+00:00","description":"Das Kleid Anelli ist mit pr\u00e4chtiger Perlenspitze und glitzerndem T\u00fcll verziert. Der weiche V-Ausschnitt und das durchsichtige Mieder von Anelli sind die ideale Erg\u00e4nzung f\u00fcr Ihre volumin\u00f6se Figur. Ein Ballkleid, das von allen Prinzessinnen inspiriert wurde.","breadcrumb":{"@id":"https:\/\/www.koonings.com\/de\/product\/demetrios-platinum-dp486\/#breadcrumb"},"inLanguage":"de","potentialAction":[{"@type":"ReadAction","target":["https:\/\/www.koonings.com\/de\/product\/demetrios-platinum-dp486\/"]}]},{"@type":"ImageObject","inLanguage":"de","@id":"https:\/\/www.koonings.com\/de\/product\/demetrios-platinum-dp486\/#primaryimage","url":"https:\/\/www.koonings.com\/wp-content\/uploads\/2024\/11\/39796_84307d56731da4acc0cee6fd4126e3a4a9e11030e90f51551418ab6cb2eade8ac8f42adf.jpeg","contentUrl":"https:\/\/www.koonings.com\/wp-content\/uploads\/2024\/11\/39796_84307d56731da4acc0cee6fd4126e3a4a9e11030e90f51551418ab6cb2eade8ac8f42adf.jpeg","width":1357,"height":1920},{"@type":"BreadcrumbList","@id":"https:\/\/www.koonings.com\/de\/product\/demetrios-platinum-dp486\/#breadcrumb","itemListElement":[{"@type":"ListItem","position":1,"name":"Home","item":"https:\/\/www.koonings.com\/de\/"},{"@type":"ListItem","position":2,"name":"Demetrios Platin DP486"}]},{"@type":"WebSite","@id":"https:\/\/www.koonings.com\/de\/#website","url":"https:\/\/www.koonings.com\/de\/","name":"Koonings","description":"De grootste bruidsmodewinkel ter wereld","publisher":{"@id":"https:\/\/www.koonings.com\/de\/#organization"},"potentialAction":[{"@type":"SearchAction","target":{"@type":"EntryPoint","urlTemplate":"https:\/\/www.koonings.com\/de\/?s={search_term_string}"},"query-input":{"@type":"PropertyValueSpecification","valueRequired":true,"valueName":"search_term_string"}}],"inLanguage":"de"},{"@type":"Organization","@id":"https:\/\/www.koonings.com\/de\/#organization","name":"Koonings","url":"https:\/\/www.koonings.com\/de\/","logo":{"@type":"ImageObject","inLanguage":"de","@id":"https:\/\/www.koonings.com\/de\/#\/schema\/logo\/image\/","url":"https:\/\/www.koonings.com\/wp-content\/uploads\/2024\/07\/logo.png","contentUrl":"https:\/\/www.koonings.com\/wp-content\/uploads\/2024\/07\/logo.png","width":600,"height":428,"caption":"Koonings"},"image":{"@id":"https:\/\/www.koonings.com\/de\/#\/schema\/logo\/image\/"},"sameAs":["https:\/\/www.facebook.com\/kooningstheweddingpalace","https:\/\/www.instagram.com\/kooningstheweddingpalace","https:\/\/www.pinterest.com\/koonings","https:\/\/www.youtube.com\/kooningstheweddingpalace"]}]}},"_links":{"self":[{"href":"https:\/\/www.koonings.com\/de\/wp-json\/wp\/v2\/product\/57811","targetHints":{"allow":["GET"]}}],"collection":[{"href":"https:\/\/www.koonings.com\/de\/wp-json\/wp\/v2\/product"}],"about":[{"href":"https:\/\/www.koonings.com\/de\/wp-json\/wp\/v2\/types\/product"}],"wp:featuredmedia":[{"embeddable":true,"href":"https:\/\/www.koonings.com\/de\/wp-json\/wp\/v2\/media\/42779"}],"wp:attachment":[{"href":"https:\/\/www.koonings.com\/de\/wp-json\/wp\/v2\/media?parent=57811"}],"wp:term":[{"taxonomy":"productdetails","embeddable":true,"href":"https:\/\/www.koonings.com\/de\/wp-json\/wp\/v2\/productdetails?post=57811"},{"taxonomy":"productneck","embeddable":true,"href":"https:\/\/www.koonings.com\/de\/wp-json\/wp\/v2\/productneck?post=57811"},{"taxonomy":"productcolor","embeddable":true,"href":"https:\/\/www.koonings.com\/de\/wp-json\/wp\/v2\/productcolor?post=57811"},{"taxonomy":"maat","embeddable":true,"href":"https:\/\/www.koonings.com\/de\/wp-json\/wp\/v2\/maat?post=57811"},{"taxonomy":"productsupplier","embeddable":true,"href":"https:\/\/www.koonings.com\/de\/wp-json\/wp\/v2\/productsupplier?post=57811"},{"taxonomy":"productsleeve","embeddable":true,"href":"https:\/\/www.koonings.com\/de\/wp-json\/wp\/v2\/productsleeve?post=57811"},{"taxonomy":"productcategory","embeddable":true,"href":"https:\/\/www.koonings.com\/de\/wp-json\/wp\/v2\/productcategory?post=57811"},{"taxonomy":"productsilhouette","embeddable":true,"href":"https:\/\/www.koonings.com\/de\/wp-json\/wp\/v2\/productsilhouette?post=57811"},{"taxonomy":"productstyle","embeddable":true,"href":"https:\/\/www.koonings.com\/de\/wp-json\/wp\/v2\/productstyle?post=57811"}],"curies":[{"name":"wp","href":"https:\/\/api.w.org\/{rel}","templated":true}]}}