{"id":57810,"date":"2026-04-28T18:14:57","date_gmt":"2026-04-28T16:14:57","guid":{"rendered":"https:\/\/www.koonings.com\/product\/demetrios-platinum-dp501\/"},"modified":"2025-06-05T12:44:57","modified_gmt":"2025-06-05T10:44:57","slug":"demetrios-platinum-dp501","status":"publish","type":"product","link":"https:\/\/www.koonings.com\/de\/product\/demetrios-platinum-dp501\/","title":{"rendered":"Demetrios Platinum DP501"},"content":{"rendered":"<p>Freya ist ein Statement-Kleid von Kopf bis Fu\u00df und wurde f\u00fcr die selbstbewusste Fashionista entworfen. Glamour\u00f6se, von den 80er Jahren inspirierte Schafs\u00e4rmel und eine geschwungene Meerjungfrauenform werden durch die Wahl romantischer Spitze und funkelnder Details spielerisch ausgeglichen. <\/p>\n","protected":false},"featured_media":42839,"template":"","meta":{"_acf_changed":false,"ghostkit_customizer_options":"","ghostkit_custom_css":"","ghostkit_custom_js_head":"","ghostkit_custom_js_foot":"","ghostkit_typography":""},"productdetails":[379,380,376,381],"productneck":[356],"productcolor":[393,392],"maat":[],"productsupplier":[403],"productsleeve":[362],"productcategory":[18],"productsilhouette":[387,389],"productstyle":[366],"class_list":["post-57810","product","type-product","status-publish","has-post-thumbnail","hentry","productdetails-379","productdetails-380","productdetails-376","productdetails-381","productneck-356","productcolor-393","productcolor-392","productsupplier-demetrios-platinum","productsleeve-362","productcategory-trouwjurken","productsilhouette-387","productsilhouette-389","productstyle-366"],"acf":[],"yoast_head":"<!-- This site is optimized with the Yoast SEO plugin v27.3 - https:\/\/yoast.com\/product\/yoast-seo-wordpress\/ -->\n<title>Demetrios Platinum DP501 | Koonings<\/title>\n<meta name=\"description\" content=\"Freya ist ein Statement-Kleid von Kopf bis Fu\u00df und wurde f\u00fcr die selbstbewusste Fashionista entworfen. Glamour\u00f6se, von den 80er Jahren inspirierte Schafs\u00e4rmel und eine geschwungene Meerjungfrauenform werden durch die Wahl romantischer Spitze und funkelnder Details spielerisch ausgeglichen.\" \/>\n<meta name=\"robots\" content=\"index, follow, max-snippet:-1, max-image-preview:large, max-video-preview:-1\" \/>\n<link rel=\"canonical\" href=\"https:\/\/www.koonings.com\/de\/product\/demetrios-platinum-dp501\/\" \/>\n<meta property=\"og:locale\" content=\"de_DE\" \/>\n<meta property=\"og:type\" content=\"article\" \/>\n<meta property=\"og:title\" content=\"Demetrios Platinum DP501 | Koonings\" \/>\n<meta property=\"og:description\" content=\"Freya ist ein Statement-Kleid von Kopf bis Fu\u00df und wurde f\u00fcr die selbstbewusste Fashionista entworfen. Glamour\u00f6se, von den 80er Jahren inspirierte Schafs\u00e4rmel und eine geschwungene Meerjungfrauenform werden durch die Wahl romantischer Spitze und funkelnder Details spielerisch ausgeglichen.\" \/>\n<meta property=\"og:url\" content=\"https:\/\/www.koonings.com\/de\/product\/demetrios-platinum-dp501\/\" \/>\n<meta property=\"og:site_name\" content=\"Koonings\" \/>\n<meta property=\"article:publisher\" content=\"https:\/\/www.facebook.com\/kooningstheweddingpalace\" \/>\n<meta property=\"og:image\" content=\"https:\/\/www.koonings.com\/wp-content\/uploads\/2024\/11\/39802_027f8910205d29792c4d2b4c7228c63b7265da64b7221498c10eeaab3ba5aaf23135965a.jpeg\" \/>\n\t<meta property=\"og:image:width\" content=\"300\" \/>\n\t<meta property=\"og:image:height\" content=\"450\" \/>\n\t<meta property=\"og:image:type\" content=\"image\/jpeg\" \/>\n<meta name=\"twitter:card\" content=\"summary_large_image\" \/>\n<script type=\"application\/ld+json\" class=\"yoast-schema-graph\">{\"@context\":\"https:\\\/\\\/schema.org\",\"@graph\":[{\"@type\":\"WebPage\",\"@id\":\"https:\\\/\\\/www.koonings.com\\\/de\\\/product\\\/demetrios-platinum-dp501\\\/\",\"url\":\"https:\\\/\\\/www.koonings.com\\\/de\\\/product\\\/demetrios-platinum-dp501\\\/\",\"name\":\"Demetrios Platinum DP501 | Koonings\",\"isPartOf\":{\"@id\":\"https:\\\/\\\/www.koonings.com\\\/de\\\/#website\"},\"primaryImageOfPage\":{\"@id\":\"https:\\\/\\\/www.koonings.com\\\/de\\\/product\\\/demetrios-platinum-dp501\\\/#primaryimage\"},\"image\":{\"@id\":\"https:\\\/\\\/www.koonings.com\\\/de\\\/product\\\/demetrios-platinum-dp501\\\/#primaryimage\"},\"thumbnailUrl\":\"https:\\\/\\\/www.koonings.com\\\/wp-content\\\/uploads\\\/2024\\\/11\\\/39802_027f8910205d29792c4d2b4c7228c63b7265da64b7221498c10eeaab3ba5aaf23135965a.jpeg\",\"datePublished\":\"2026-04-28T16:14:57+00:00\",\"description\":\"Freya ist ein Statement-Kleid von Kopf bis Fu\u00df und wurde f\u00fcr die selbstbewusste Fashionista entworfen. Glamour\u00f6se, von den 80er Jahren inspirierte Schafs\u00e4rmel und eine geschwungene Meerjungfrauenform werden durch die Wahl romantischer Spitze und funkelnder Details spielerisch ausgeglichen.\",\"breadcrumb\":{\"@id\":\"https:\\\/\\\/www.koonings.com\\\/de\\\/product\\\/demetrios-platinum-dp501\\\/#breadcrumb\"},\"inLanguage\":\"de\",\"potentialAction\":[{\"@type\":\"ReadAction\",\"target\":[\"https:\\\/\\\/www.koonings.com\\\/de\\\/product\\\/demetrios-platinum-dp501\\\/\"]}]},{\"@type\":\"ImageObject\",\"inLanguage\":\"de\",\"@id\":\"https:\\\/\\\/www.koonings.com\\\/de\\\/product\\\/demetrios-platinum-dp501\\\/#primaryimage\",\"url\":\"https:\\\/\\\/www.koonings.com\\\/wp-content\\\/uploads\\\/2024\\\/11\\\/39802_027f8910205d29792c4d2b4c7228c63b7265da64b7221498c10eeaab3ba5aaf23135965a.jpeg\",\"contentUrl\":\"https:\\\/\\\/www.koonings.com\\\/wp-content\\\/uploads\\\/2024\\\/11\\\/39802_027f8910205d29792c4d2b4c7228c63b7265da64b7221498c10eeaab3ba5aaf23135965a.jpeg\",\"width\":300,\"height\":450},{\"@type\":\"BreadcrumbList\",\"@id\":\"https:\\\/\\\/www.koonings.com\\\/de\\\/product\\\/demetrios-platinum-dp501\\\/#breadcrumb\",\"itemListElement\":[{\"@type\":\"ListItem\",\"position\":1,\"name\":\"Home\",\"item\":\"https:\\\/\\\/www.koonings.com\\\/de\\\/\"},{\"@type\":\"ListItem\",\"position\":2,\"name\":\"Demetrios Platinum DP501\"}]},{\"@type\":\"WebSite\",\"@id\":\"https:\\\/\\\/www.koonings.com\\\/de\\\/#website\",\"url\":\"https:\\\/\\\/www.koonings.com\\\/de\\\/\",\"name\":\"Koonings\",\"description\":\"De grootste bruidsmodewinkel ter wereld\",\"publisher\":{\"@id\":\"https:\\\/\\\/www.koonings.com\\\/de\\\/#organization\"},\"potentialAction\":[{\"@type\":\"SearchAction\",\"target\":{\"@type\":\"EntryPoint\",\"urlTemplate\":\"https:\\\/\\\/www.koonings.com\\\/de\\\/?s={search_term_string}\"},\"query-input\":{\"@type\":\"PropertyValueSpecification\",\"valueRequired\":true,\"valueName\":\"search_term_string\"}}],\"inLanguage\":\"de\"},{\"@type\":\"Organization\",\"@id\":\"https:\\\/\\\/www.koonings.com\\\/de\\\/#organization\",\"name\":\"Koonings\",\"url\":\"https:\\\/\\\/www.koonings.com\\\/de\\\/\",\"logo\":{\"@type\":\"ImageObject\",\"inLanguage\":\"de\",\"@id\":\"https:\\\/\\\/www.koonings.com\\\/de\\\/#\\\/schema\\\/logo\\\/image\\\/\",\"url\":\"https:\\\/\\\/www.koonings.com\\\/wp-content\\\/uploads\\\/2024\\\/07\\\/logo.png\",\"contentUrl\":\"https:\\\/\\\/www.koonings.com\\\/wp-content\\\/uploads\\\/2024\\\/07\\\/logo.png\",\"width\":600,\"height\":428,\"caption\":\"Koonings\"},\"image\":{\"@id\":\"https:\\\/\\\/www.koonings.com\\\/de\\\/#\\\/schema\\\/logo\\\/image\\\/\"},\"sameAs\":[\"https:\\\/\\\/www.facebook.com\\\/kooningstheweddingpalace\",\"https:\\\/\\\/www.instagram.com\\\/kooningstheweddingpalace\",\"https:\\\/\\\/www.pinterest.com\\\/koonings\",\"https:\\\/\\\/www.youtube.com\\\/kooningstheweddingpalace\"]}]}<\/script>\n<!-- \/ Yoast SEO plugin. -->","yoast_head_json":{"title":"Demetrios Platinum DP501 | Koonings","description":"Freya ist ein Statement-Kleid von Kopf bis Fu\u00df und wurde f\u00fcr die selbstbewusste Fashionista entworfen. Glamour\u00f6se, von den 80er Jahren inspirierte Schafs\u00e4rmel und eine geschwungene Meerjungfrauenform werden durch die Wahl romantischer Spitze und funkelnder Details spielerisch ausgeglichen.","robots":{"index":"index","follow":"follow","max-snippet":"max-snippet:-1","max-image-preview":"max-image-preview:large","max-video-preview":"max-video-preview:-1"},"canonical":"https:\/\/www.koonings.com\/de\/product\/demetrios-platinum-dp501\/","og_locale":"de_DE","og_type":"article","og_title":"Demetrios Platinum DP501 | Koonings","og_description":"Freya ist ein Statement-Kleid von Kopf bis Fu\u00df und wurde f\u00fcr die selbstbewusste Fashionista entworfen. Glamour\u00f6se, von den 80er Jahren inspirierte Schafs\u00e4rmel und eine geschwungene Meerjungfrauenform werden durch die Wahl romantischer Spitze und funkelnder Details spielerisch ausgeglichen.","og_url":"https:\/\/www.koonings.com\/de\/product\/demetrios-platinum-dp501\/","og_site_name":"Koonings","article_publisher":"https:\/\/www.facebook.com\/kooningstheweddingpalace","og_image":[{"width":300,"height":450,"url":"https:\/\/www.koonings.com\/wp-content\/uploads\/2024\/11\/39802_027f8910205d29792c4d2b4c7228c63b7265da64b7221498c10eeaab3ba5aaf23135965a.jpeg","type":"image\/jpeg"}],"twitter_card":"summary_large_image","schema":{"@context":"https:\/\/schema.org","@graph":[{"@type":"WebPage","@id":"https:\/\/www.koonings.com\/de\/product\/demetrios-platinum-dp501\/","url":"https:\/\/www.koonings.com\/de\/product\/demetrios-platinum-dp501\/","name":"Demetrios Platinum DP501 | Koonings","isPartOf":{"@id":"https:\/\/www.koonings.com\/de\/#website"},"primaryImageOfPage":{"@id":"https:\/\/www.koonings.com\/de\/product\/demetrios-platinum-dp501\/#primaryimage"},"image":{"@id":"https:\/\/www.koonings.com\/de\/product\/demetrios-platinum-dp501\/#primaryimage"},"thumbnailUrl":"https:\/\/www.koonings.com\/wp-content\/uploads\/2024\/11\/39802_027f8910205d29792c4d2b4c7228c63b7265da64b7221498c10eeaab3ba5aaf23135965a.jpeg","datePublished":"2026-04-28T16:14:57+00:00","description":"Freya ist ein Statement-Kleid von Kopf bis Fu\u00df und wurde f\u00fcr die selbstbewusste Fashionista entworfen. Glamour\u00f6se, von den 80er Jahren inspirierte Schafs\u00e4rmel und eine geschwungene Meerjungfrauenform werden durch die Wahl romantischer Spitze und funkelnder Details spielerisch ausgeglichen.","breadcrumb":{"@id":"https:\/\/www.koonings.com\/de\/product\/demetrios-platinum-dp501\/#breadcrumb"},"inLanguage":"de","potentialAction":[{"@type":"ReadAction","target":["https:\/\/www.koonings.com\/de\/product\/demetrios-platinum-dp501\/"]}]},{"@type":"ImageObject","inLanguage":"de","@id":"https:\/\/www.koonings.com\/de\/product\/demetrios-platinum-dp501\/#primaryimage","url":"https:\/\/www.koonings.com\/wp-content\/uploads\/2024\/11\/39802_027f8910205d29792c4d2b4c7228c63b7265da64b7221498c10eeaab3ba5aaf23135965a.jpeg","contentUrl":"https:\/\/www.koonings.com\/wp-content\/uploads\/2024\/11\/39802_027f8910205d29792c4d2b4c7228c63b7265da64b7221498c10eeaab3ba5aaf23135965a.jpeg","width":300,"height":450},{"@type":"BreadcrumbList","@id":"https:\/\/www.koonings.com\/de\/product\/demetrios-platinum-dp501\/#breadcrumb","itemListElement":[{"@type":"ListItem","position":1,"name":"Home","item":"https:\/\/www.koonings.com\/de\/"},{"@type":"ListItem","position":2,"name":"Demetrios Platinum DP501"}]},{"@type":"WebSite","@id":"https:\/\/www.koonings.com\/de\/#website","url":"https:\/\/www.koonings.com\/de\/","name":"Koonings","description":"De grootste bruidsmodewinkel ter wereld","publisher":{"@id":"https:\/\/www.koonings.com\/de\/#organization"},"potentialAction":[{"@type":"SearchAction","target":{"@type":"EntryPoint","urlTemplate":"https:\/\/www.koonings.com\/de\/?s={search_term_string}"},"query-input":{"@type":"PropertyValueSpecification","valueRequired":true,"valueName":"search_term_string"}}],"inLanguage":"de"},{"@type":"Organization","@id":"https:\/\/www.koonings.com\/de\/#organization","name":"Koonings","url":"https:\/\/www.koonings.com\/de\/","logo":{"@type":"ImageObject","inLanguage":"de","@id":"https:\/\/www.koonings.com\/de\/#\/schema\/logo\/image\/","url":"https:\/\/www.koonings.com\/wp-content\/uploads\/2024\/07\/logo.png","contentUrl":"https:\/\/www.koonings.com\/wp-content\/uploads\/2024\/07\/logo.png","width":600,"height":428,"caption":"Koonings"},"image":{"@id":"https:\/\/www.koonings.com\/de\/#\/schema\/logo\/image\/"},"sameAs":["https:\/\/www.facebook.com\/kooningstheweddingpalace","https:\/\/www.instagram.com\/kooningstheweddingpalace","https:\/\/www.pinterest.com\/koonings","https:\/\/www.youtube.com\/kooningstheweddingpalace"]}]}},"_links":{"self":[{"href":"https:\/\/www.koonings.com\/de\/wp-json\/wp\/v2\/product\/57810","targetHints":{"allow":["GET"]}}],"collection":[{"href":"https:\/\/www.koonings.com\/de\/wp-json\/wp\/v2\/product"}],"about":[{"href":"https:\/\/www.koonings.com\/de\/wp-json\/wp\/v2\/types\/product"}],"wp:featuredmedia":[{"embeddable":true,"href":"https:\/\/www.koonings.com\/de\/wp-json\/wp\/v2\/media\/42839"}],"wp:attachment":[{"href":"https:\/\/www.koonings.com\/de\/wp-json\/wp\/v2\/media?parent=57810"}],"wp:term":[{"taxonomy":"productdetails","embeddable":true,"href":"https:\/\/www.koonings.com\/de\/wp-json\/wp\/v2\/productdetails?post=57810"},{"taxonomy":"productneck","embeddable":true,"href":"https:\/\/www.koonings.com\/de\/wp-json\/wp\/v2\/productneck?post=57810"},{"taxonomy":"productcolor","embeddable":true,"href":"https:\/\/www.koonings.com\/de\/wp-json\/wp\/v2\/productcolor?post=57810"},{"taxonomy":"maat","embeddable":true,"href":"https:\/\/www.koonings.com\/de\/wp-json\/wp\/v2\/maat?post=57810"},{"taxonomy":"productsupplier","embeddable":true,"href":"https:\/\/www.koonings.com\/de\/wp-json\/wp\/v2\/productsupplier?post=57810"},{"taxonomy":"productsleeve","embeddable":true,"href":"https:\/\/www.koonings.com\/de\/wp-json\/wp\/v2\/productsleeve?post=57810"},{"taxonomy":"productcategory","embeddable":true,"href":"https:\/\/www.koonings.com\/de\/wp-json\/wp\/v2\/productcategory?post=57810"},{"taxonomy":"productsilhouette","embeddable":true,"href":"https:\/\/www.koonings.com\/de\/wp-json\/wp\/v2\/productsilhouette?post=57810"},{"taxonomy":"productstyle","embeddable":true,"href":"https:\/\/www.koonings.com\/de\/wp-json\/wp\/v2\/productstyle?post=57810"}],"curies":[{"name":"wp","href":"https:\/\/api.w.org\/{rel}","templated":true}]}}