{"id":57768,"date":"2026-04-21T18:12:44","date_gmt":"2026-04-21T16:12:44","guid":{"rendered":"https:\/\/www.koonings.com\/product\/ladybird-pavi-ly124ad1\/"},"modified":"2026-02-16T14:37:47","modified_gmt":"2026-02-16T13:37:47","slug":"ladybird-pavi-ly124ad1","status":"publish","type":"product","link":"https:\/\/www.koonings.com\/de\/product\/ladybird-pavi-ly124ad1\/","title":{"rendered":"Marienk\u00e4fer Pavi LY124AD1"},"content":{"rendered":"<p>Versetzen Sie sich in diesem bezaubernden Hochzeitskleid in A-Linie in Ihre eigene M\u00e4rchenwelt. Mit einem halbtransparenten Mieder mit zarten Spitzenapplikationen und einem tiefen V-Ausschnitt, der einen bleibenden Eindruck hinterlassen wird. Die florale Spitze f\u00e4llt elegant entlang des Mieders zu einem leichten, flie\u00dfenden Rock aus funkelndem Glitzer und T\u00fcll. Koonings The Wedding Palace hat einen eigenen Showroom f\u00fcr seine Ladybird Kollektion!   <\/p>\n","protected":false},"featured_media":39070,"template":"","meta":{"_acf_changed":false,"ghostkit_customizer_options":"","ghostkit_custom_css":"","ghostkit_custom_js_head":"","ghostkit_custom_js_foot":"","ghostkit_typography":""},"productdetails":[379,378],"productneck":[351],"productcolor":[393,392],"maat":[],"productsupplier":[437],"productsleeve":[362],"productcategory":[18],"productsilhouette":[384],"productstyle":[366],"class_list":["post-57768","product","type-product","status-publish","has-post-thumbnail","hentry","productdetails-379","productdetails-378","productneck-351","productcolor-393","productcolor-392","productsupplier-ladybird","productsleeve-362","productcategory-trouwjurken","productsilhouette-384","productstyle-366"],"acf":[],"yoast_head":"<!-- This site is optimized with the Yoast SEO plugin v27.3 - https:\/\/yoast.com\/product\/yoast-seo-wordpress\/ -->\n<title>Marienk\u00e4fer Pavi LY124AD1 | Koonings<\/title>\n<meta name=\"description\" content=\"Versetzen Sie sich in diesem bezaubernden Hochzeitskleid in A-Linie in Ihre eigene M\u00e4rchenwelt. Mit einem halbtransparenten Mieder mit zarten Spitzenapplikationen und einem tiefen V-Ausschnitt, der einen bleibenden Eindruck hinterlassen wird. Die florale Spitze f\u00e4llt elegant entlang des Mieders zu einem leichten, flie\u00dfenden Rock aus funkelndem Glitzer und T\u00fcll. Koonings The Wedding Palace hat einen eigenen Showroom f\u00fcr seine Ladybird Kollektion!\" \/>\n<meta name=\"robots\" content=\"index, follow, max-snippet:-1, max-image-preview:large, max-video-preview:-1\" \/>\n<link rel=\"canonical\" href=\"https:\/\/www.koonings.com\/de\/product\/ladybird-pavi-ly124ad1\/\" \/>\n<meta property=\"og:locale\" content=\"de_DE\" \/>\n<meta property=\"og:type\" content=\"article\" \/>\n<meta property=\"og:title\" content=\"Marienk\u00e4fer Pavi LY124AD1 | Koonings\" \/>\n<meta property=\"og:description\" content=\"Versetzen Sie sich in diesem bezaubernden Hochzeitskleid in A-Linie in Ihre eigene M\u00e4rchenwelt. Mit einem halbtransparenten Mieder mit zarten Spitzenapplikationen und einem tiefen V-Ausschnitt, der einen bleibenden Eindruck hinterlassen wird. Die florale Spitze f\u00e4llt elegant entlang des Mieders zu einem leichten, flie\u00dfenden Rock aus funkelndem Glitzer und T\u00fcll. Koonings The Wedding Palace hat einen eigenen Showroom f\u00fcr seine Ladybird Kollektion!\" \/>\n<meta property=\"og:url\" content=\"https:\/\/www.koonings.com\/de\/product\/ladybird-pavi-ly124ad1\/\" \/>\n<meta property=\"og:site_name\" content=\"Koonings\" \/>\n<meta property=\"article:publisher\" content=\"https:\/\/www.facebook.com\/kooningstheweddingpalace\" \/>\n<meta property=\"og:image\" content=\"https:\/\/www.koonings.com\/wp-content\/uploads\/2024\/11\/39200_b2178c9a478565bab2d46b8a4294e7166822c8f64f52cb0dfaa0ce8cd86185b2806863a2.jpeg\" \/>\n\t<meta property=\"og:image:width\" content=\"300\" \/>\n\t<meta property=\"og:image:height\" content=\"450\" \/>\n\t<meta property=\"og:image:type\" content=\"image\/jpeg\" \/>\n<meta name=\"twitter:card\" content=\"summary_large_image\" \/>\n<script type=\"application\/ld+json\" class=\"yoast-schema-graph\">{\"@context\":\"https:\\\/\\\/schema.org\",\"@graph\":[{\"@type\":\"WebPage\",\"@id\":\"https:\\\/\\\/www.koonings.com\\\/de\\\/product\\\/ladybird-pavi-ly124ad1\\\/\",\"url\":\"https:\\\/\\\/www.koonings.com\\\/de\\\/product\\\/ladybird-pavi-ly124ad1\\\/\",\"name\":\"Marienk\u00e4fer Pavi LY124AD1 | Koonings\",\"isPartOf\":{\"@id\":\"https:\\\/\\\/www.koonings.com\\\/de\\\/#website\"},\"primaryImageOfPage\":{\"@id\":\"https:\\\/\\\/www.koonings.com\\\/de\\\/product\\\/ladybird-pavi-ly124ad1\\\/#primaryimage\"},\"image\":{\"@id\":\"https:\\\/\\\/www.koonings.com\\\/de\\\/product\\\/ladybird-pavi-ly124ad1\\\/#primaryimage\"},\"thumbnailUrl\":\"https:\\\/\\\/www.koonings.com\\\/wp-content\\\/uploads\\\/2024\\\/11\\\/39200_b2178c9a478565bab2d46b8a4294e7166822c8f64f52cb0dfaa0ce8cd86185b2806863a2.jpeg\",\"datePublished\":\"2026-04-21T16:12:44+00:00\",\"description\":\"Versetzen Sie sich in diesem bezaubernden Hochzeitskleid in A-Linie in Ihre eigene M\u00e4rchenwelt. Mit einem halbtransparenten Mieder mit zarten Spitzenapplikationen und einem tiefen V-Ausschnitt, der einen bleibenden Eindruck hinterlassen wird. Die florale Spitze f\u00e4llt elegant entlang des Mieders zu einem leichten, flie\u00dfenden Rock aus funkelndem Glitzer und T\u00fcll. Koonings The Wedding Palace hat einen eigenen Showroom f\u00fcr seine Ladybird Kollektion!\",\"breadcrumb\":{\"@id\":\"https:\\\/\\\/www.koonings.com\\\/de\\\/product\\\/ladybird-pavi-ly124ad1\\\/#breadcrumb\"},\"inLanguage\":\"de\",\"potentialAction\":[{\"@type\":\"ReadAction\",\"target\":[\"https:\\\/\\\/www.koonings.com\\\/de\\\/product\\\/ladybird-pavi-ly124ad1\\\/\"]}]},{\"@type\":\"ImageObject\",\"inLanguage\":\"de\",\"@id\":\"https:\\\/\\\/www.koonings.com\\\/de\\\/product\\\/ladybird-pavi-ly124ad1\\\/#primaryimage\",\"url\":\"https:\\\/\\\/www.koonings.com\\\/wp-content\\\/uploads\\\/2024\\\/11\\\/39200_b2178c9a478565bab2d46b8a4294e7166822c8f64f52cb0dfaa0ce8cd86185b2806863a2.jpeg\",\"contentUrl\":\"https:\\\/\\\/www.koonings.com\\\/wp-content\\\/uploads\\\/2024\\\/11\\\/39200_b2178c9a478565bab2d46b8a4294e7166822c8f64f52cb0dfaa0ce8cd86185b2806863a2.jpeg\",\"width\":300,\"height\":450},{\"@type\":\"BreadcrumbList\",\"@id\":\"https:\\\/\\\/www.koonings.com\\\/de\\\/product\\\/ladybird-pavi-ly124ad1\\\/#breadcrumb\",\"itemListElement\":[{\"@type\":\"ListItem\",\"position\":1,\"name\":\"Home\",\"item\":\"https:\\\/\\\/www.koonings.com\\\/de\\\/\"},{\"@type\":\"ListItem\",\"position\":2,\"name\":\"Marienk\u00e4fer Pavi LY124AD1\"}]},{\"@type\":\"WebSite\",\"@id\":\"https:\\\/\\\/www.koonings.com\\\/de\\\/#website\",\"url\":\"https:\\\/\\\/www.koonings.com\\\/de\\\/\",\"name\":\"Koonings\",\"description\":\"De grootste bruidsmodewinkel ter wereld\",\"publisher\":{\"@id\":\"https:\\\/\\\/www.koonings.com\\\/de\\\/#organization\"},\"potentialAction\":[{\"@type\":\"SearchAction\",\"target\":{\"@type\":\"EntryPoint\",\"urlTemplate\":\"https:\\\/\\\/www.koonings.com\\\/de\\\/?s={search_term_string}\"},\"query-input\":{\"@type\":\"PropertyValueSpecification\",\"valueRequired\":true,\"valueName\":\"search_term_string\"}}],\"inLanguage\":\"de\"},{\"@type\":\"Organization\",\"@id\":\"https:\\\/\\\/www.koonings.com\\\/de\\\/#organization\",\"name\":\"Koonings\",\"url\":\"https:\\\/\\\/www.koonings.com\\\/de\\\/\",\"logo\":{\"@type\":\"ImageObject\",\"inLanguage\":\"de\",\"@id\":\"https:\\\/\\\/www.koonings.com\\\/de\\\/#\\\/schema\\\/logo\\\/image\\\/\",\"url\":\"https:\\\/\\\/www.koonings.com\\\/wp-content\\\/uploads\\\/2024\\\/07\\\/logo.png\",\"contentUrl\":\"https:\\\/\\\/www.koonings.com\\\/wp-content\\\/uploads\\\/2024\\\/07\\\/logo.png\",\"width\":600,\"height\":428,\"caption\":\"Koonings\"},\"image\":{\"@id\":\"https:\\\/\\\/www.koonings.com\\\/de\\\/#\\\/schema\\\/logo\\\/image\\\/\"},\"sameAs\":[\"https:\\\/\\\/www.facebook.com\\\/kooningstheweddingpalace\",\"https:\\\/\\\/www.instagram.com\\\/kooningstheweddingpalace\",\"https:\\\/\\\/www.pinterest.com\\\/koonings\",\"https:\\\/\\\/www.youtube.com\\\/kooningstheweddingpalace\"]}]}<\/script>\n<!-- \/ Yoast SEO plugin. -->","yoast_head_json":{"title":"Marienk\u00e4fer Pavi LY124AD1 | Koonings","description":"Versetzen Sie sich in diesem bezaubernden Hochzeitskleid in A-Linie in Ihre eigene M\u00e4rchenwelt. Mit einem halbtransparenten Mieder mit zarten Spitzenapplikationen und einem tiefen V-Ausschnitt, der einen bleibenden Eindruck hinterlassen wird. Die florale Spitze f\u00e4llt elegant entlang des Mieders zu einem leichten, flie\u00dfenden Rock aus funkelndem Glitzer und T\u00fcll. Koonings The Wedding Palace hat einen eigenen Showroom f\u00fcr seine Ladybird Kollektion!","robots":{"index":"index","follow":"follow","max-snippet":"max-snippet:-1","max-image-preview":"max-image-preview:large","max-video-preview":"max-video-preview:-1"},"canonical":"https:\/\/www.koonings.com\/de\/product\/ladybird-pavi-ly124ad1\/","og_locale":"de_DE","og_type":"article","og_title":"Marienk\u00e4fer Pavi LY124AD1 | Koonings","og_description":"Versetzen Sie sich in diesem bezaubernden Hochzeitskleid in A-Linie in Ihre eigene M\u00e4rchenwelt. Mit einem halbtransparenten Mieder mit zarten Spitzenapplikationen und einem tiefen V-Ausschnitt, der einen bleibenden Eindruck hinterlassen wird. Die florale Spitze f\u00e4llt elegant entlang des Mieders zu einem leichten, flie\u00dfenden Rock aus funkelndem Glitzer und T\u00fcll. Koonings The Wedding Palace hat einen eigenen Showroom f\u00fcr seine Ladybird Kollektion!","og_url":"https:\/\/www.koonings.com\/de\/product\/ladybird-pavi-ly124ad1\/","og_site_name":"Koonings","article_publisher":"https:\/\/www.facebook.com\/kooningstheweddingpalace","og_image":[{"width":300,"height":450,"url":"https:\/\/www.koonings.com\/wp-content\/uploads\/2024\/11\/39200_b2178c9a478565bab2d46b8a4294e7166822c8f64f52cb0dfaa0ce8cd86185b2806863a2.jpeg","type":"image\/jpeg"}],"twitter_card":"summary_large_image","schema":{"@context":"https:\/\/schema.org","@graph":[{"@type":"WebPage","@id":"https:\/\/www.koonings.com\/de\/product\/ladybird-pavi-ly124ad1\/","url":"https:\/\/www.koonings.com\/de\/product\/ladybird-pavi-ly124ad1\/","name":"Marienk\u00e4fer Pavi LY124AD1 | Koonings","isPartOf":{"@id":"https:\/\/www.koonings.com\/de\/#website"},"primaryImageOfPage":{"@id":"https:\/\/www.koonings.com\/de\/product\/ladybird-pavi-ly124ad1\/#primaryimage"},"image":{"@id":"https:\/\/www.koonings.com\/de\/product\/ladybird-pavi-ly124ad1\/#primaryimage"},"thumbnailUrl":"https:\/\/www.koonings.com\/wp-content\/uploads\/2024\/11\/39200_b2178c9a478565bab2d46b8a4294e7166822c8f64f52cb0dfaa0ce8cd86185b2806863a2.jpeg","datePublished":"2026-04-21T16:12:44+00:00","description":"Versetzen Sie sich in diesem bezaubernden Hochzeitskleid in A-Linie in Ihre eigene M\u00e4rchenwelt. Mit einem halbtransparenten Mieder mit zarten Spitzenapplikationen und einem tiefen V-Ausschnitt, der einen bleibenden Eindruck hinterlassen wird. Die florale Spitze f\u00e4llt elegant entlang des Mieders zu einem leichten, flie\u00dfenden Rock aus funkelndem Glitzer und T\u00fcll. Koonings The Wedding Palace hat einen eigenen Showroom f\u00fcr seine Ladybird Kollektion!","breadcrumb":{"@id":"https:\/\/www.koonings.com\/de\/product\/ladybird-pavi-ly124ad1\/#breadcrumb"},"inLanguage":"de","potentialAction":[{"@type":"ReadAction","target":["https:\/\/www.koonings.com\/de\/product\/ladybird-pavi-ly124ad1\/"]}]},{"@type":"ImageObject","inLanguage":"de","@id":"https:\/\/www.koonings.com\/de\/product\/ladybird-pavi-ly124ad1\/#primaryimage","url":"https:\/\/www.koonings.com\/wp-content\/uploads\/2024\/11\/39200_b2178c9a478565bab2d46b8a4294e7166822c8f64f52cb0dfaa0ce8cd86185b2806863a2.jpeg","contentUrl":"https:\/\/www.koonings.com\/wp-content\/uploads\/2024\/11\/39200_b2178c9a478565bab2d46b8a4294e7166822c8f64f52cb0dfaa0ce8cd86185b2806863a2.jpeg","width":300,"height":450},{"@type":"BreadcrumbList","@id":"https:\/\/www.koonings.com\/de\/product\/ladybird-pavi-ly124ad1\/#breadcrumb","itemListElement":[{"@type":"ListItem","position":1,"name":"Home","item":"https:\/\/www.koonings.com\/de\/"},{"@type":"ListItem","position":2,"name":"Marienk\u00e4fer Pavi LY124AD1"}]},{"@type":"WebSite","@id":"https:\/\/www.koonings.com\/de\/#website","url":"https:\/\/www.koonings.com\/de\/","name":"Koonings","description":"De grootste bruidsmodewinkel ter wereld","publisher":{"@id":"https:\/\/www.koonings.com\/de\/#organization"},"potentialAction":[{"@type":"SearchAction","target":{"@type":"EntryPoint","urlTemplate":"https:\/\/www.koonings.com\/de\/?s={search_term_string}"},"query-input":{"@type":"PropertyValueSpecification","valueRequired":true,"valueName":"search_term_string"}}],"inLanguage":"de"},{"@type":"Organization","@id":"https:\/\/www.koonings.com\/de\/#organization","name":"Koonings","url":"https:\/\/www.koonings.com\/de\/","logo":{"@type":"ImageObject","inLanguage":"de","@id":"https:\/\/www.koonings.com\/de\/#\/schema\/logo\/image\/","url":"https:\/\/www.koonings.com\/wp-content\/uploads\/2024\/07\/logo.png","contentUrl":"https:\/\/www.koonings.com\/wp-content\/uploads\/2024\/07\/logo.png","width":600,"height":428,"caption":"Koonings"},"image":{"@id":"https:\/\/www.koonings.com\/de\/#\/schema\/logo\/image\/"},"sameAs":["https:\/\/www.facebook.com\/kooningstheweddingpalace","https:\/\/www.instagram.com\/kooningstheweddingpalace","https:\/\/www.pinterest.com\/koonings","https:\/\/www.youtube.com\/kooningstheweddingpalace"]}]}},"_links":{"self":[{"href":"https:\/\/www.koonings.com\/de\/wp-json\/wp\/v2\/product\/57768","targetHints":{"allow":["GET"]}}],"collection":[{"href":"https:\/\/www.koonings.com\/de\/wp-json\/wp\/v2\/product"}],"about":[{"href":"https:\/\/www.koonings.com\/de\/wp-json\/wp\/v2\/types\/product"}],"wp:featuredmedia":[{"embeddable":true,"href":"https:\/\/www.koonings.com\/de\/wp-json\/wp\/v2\/media\/39070"}],"wp:attachment":[{"href":"https:\/\/www.koonings.com\/de\/wp-json\/wp\/v2\/media?parent=57768"}],"wp:term":[{"taxonomy":"productdetails","embeddable":true,"href":"https:\/\/www.koonings.com\/de\/wp-json\/wp\/v2\/productdetails?post=57768"},{"taxonomy":"productneck","embeddable":true,"href":"https:\/\/www.koonings.com\/de\/wp-json\/wp\/v2\/productneck?post=57768"},{"taxonomy":"productcolor","embeddable":true,"href":"https:\/\/www.koonings.com\/de\/wp-json\/wp\/v2\/productcolor?post=57768"},{"taxonomy":"maat","embeddable":true,"href":"https:\/\/www.koonings.com\/de\/wp-json\/wp\/v2\/maat?post=57768"},{"taxonomy":"productsupplier","embeddable":true,"href":"https:\/\/www.koonings.com\/de\/wp-json\/wp\/v2\/productsupplier?post=57768"},{"taxonomy":"productsleeve","embeddable":true,"href":"https:\/\/www.koonings.com\/de\/wp-json\/wp\/v2\/productsleeve?post=57768"},{"taxonomy":"productcategory","embeddable":true,"href":"https:\/\/www.koonings.com\/de\/wp-json\/wp\/v2\/productcategory?post=57768"},{"taxonomy":"productsilhouette","embeddable":true,"href":"https:\/\/www.koonings.com\/de\/wp-json\/wp\/v2\/productsilhouette?post=57768"},{"taxonomy":"productstyle","embeddable":true,"href":"https:\/\/www.koonings.com\/de\/wp-json\/wp\/v2\/productstyle?post=57768"}],"curies":[{"name":"wp","href":"https:\/\/api.w.org\/{rel}","templated":true}]}}