{"id":57754,"date":"2026-04-28T18:12:25","date_gmt":"2026-04-28T16:12:25","guid":{"rendered":"https:\/\/www.koonings.com\/product\/st-patrick-magdalena-st124ar1\/"},"modified":"2026-02-16T14:37:47","modified_gmt":"2026-02-16T13:37:47","slug":"st-patrick-magdalena-st124ar1","status":"publish","type":"product","link":"https:\/\/www.koonings.com\/de\/product\/st-patrick-magdalena-st124ar1\/","title":{"rendered":"St. Patrick Magdalena ST124AR1"},"content":{"rendered":"<p>Dieses Kleid ist so wundersch\u00f6n, dass Sie es gar nicht mehr ausziehen m\u00f6chten. Das mit reicher Spitze verzierte Mieder bildet einen sch\u00f6nen Kontrast und erg\u00e4nzt den wallenden, durchsichtigen T\u00fcllrock. Der gekreuzte G\u00fcrtel auf der R\u00fcckseite ist einfach umwerfend.  <\/p>\n","protected":false},"featured_media":39164,"template":"","meta":{"_acf_changed":false,"ghostkit_customizer_options":"","ghostkit_custom_css":"","ghostkit_custom_js_head":"","ghostkit_custom_js_foot":"","ghostkit_typography":""},"productdetails":[],"productneck":[356],"productcolor":[393,392],"maat":[],"productsupplier":[415],"productsleeve":[359],"productcategory":[18],"productsilhouette":[384],"productstyle":[],"class_list":["post-57754","product","type-product","status-publish","has-post-thumbnail","hentry","productneck-356","productcolor-393","productcolor-392","productsupplier-st-patrick","productsleeve-359","productcategory-trouwjurken","productsilhouette-384"],"acf":[],"yoast_head":"<!-- This site is optimized with the Yoast SEO plugin v27.3 - https:\/\/yoast.com\/product\/yoast-seo-wordpress\/ -->\n<title>St. Patrick Magdalena ST124AR1 | Koonings<\/title>\n<meta name=\"description\" content=\"Dieses Kleid ist so wundersch\u00f6n, dass Sie es gar nicht mehr ausziehen m\u00f6chten. Das mit reicher Spitze verzierte Mieder bildet einen sch\u00f6nen Kontrast und erg\u00e4nzt den wallenden, durchsichtigen T\u00fcllrock. Der gekreuzte G\u00fcrtel auf der R\u00fcckseite ist einfach umwerfend.\" \/>\n<meta name=\"robots\" content=\"index, follow, max-snippet:-1, max-image-preview:large, max-video-preview:-1\" \/>\n<link rel=\"canonical\" href=\"https:\/\/www.koonings.com\/de\/product\/st-patrick-magdalena-st124ar1\/\" \/>\n<meta property=\"og:locale\" content=\"de_DE\" \/>\n<meta property=\"og:type\" content=\"article\" \/>\n<meta property=\"og:title\" content=\"St. Patrick Magdalena ST124AR1 | Koonings\" \/>\n<meta property=\"og:description\" content=\"Dieses Kleid ist so wundersch\u00f6n, dass Sie es gar nicht mehr ausziehen m\u00f6chten. Das mit reicher Spitze verzierte Mieder bildet einen sch\u00f6nen Kontrast und erg\u00e4nzt den wallenden, durchsichtigen T\u00fcllrock. Der gekreuzte G\u00fcrtel auf der R\u00fcckseite ist einfach umwerfend.\" \/>\n<meta property=\"og:url\" content=\"https:\/\/www.koonings.com\/de\/product\/st-patrick-magdalena-st124ar1\/\" \/>\n<meta property=\"og:site_name\" content=\"Koonings\" \/>\n<meta property=\"article:publisher\" content=\"https:\/\/www.facebook.com\/kooningstheweddingpalace\" \/>\n<meta property=\"og:image\" content=\"https:\/\/www.koonings.com\/wp-content\/uploads\/2024\/11\/39213_4dc72520ebaf03a5194a18fe8f6ee9161b009b5fd7006e8171a32cae7efad20204bb5429-scaled.jpeg\" \/>\n\t<meta property=\"og:image:width\" content=\"1811\" \/>\n\t<meta property=\"og:image:height\" content=\"2560\" \/>\n\t<meta property=\"og:image:type\" content=\"image\/jpeg\" \/>\n<meta name=\"twitter:card\" content=\"summary_large_image\" \/>\n<script type=\"application\/ld+json\" class=\"yoast-schema-graph\">{\"@context\":\"https:\\\/\\\/schema.org\",\"@graph\":[{\"@type\":\"WebPage\",\"@id\":\"https:\\\/\\\/www.koonings.com\\\/de\\\/product\\\/st-patrick-magdalena-st124ar1\\\/\",\"url\":\"https:\\\/\\\/www.koonings.com\\\/de\\\/product\\\/st-patrick-magdalena-st124ar1\\\/\",\"name\":\"St. Patrick Magdalena ST124AR1 | Koonings\",\"isPartOf\":{\"@id\":\"https:\\\/\\\/www.koonings.com\\\/de\\\/#website\"},\"primaryImageOfPage\":{\"@id\":\"https:\\\/\\\/www.koonings.com\\\/de\\\/product\\\/st-patrick-magdalena-st124ar1\\\/#primaryimage\"},\"image\":{\"@id\":\"https:\\\/\\\/www.koonings.com\\\/de\\\/product\\\/st-patrick-magdalena-st124ar1\\\/#primaryimage\"},\"thumbnailUrl\":\"https:\\\/\\\/www.koonings.com\\\/wp-content\\\/uploads\\\/2024\\\/11\\\/39213_4dc72520ebaf03a5194a18fe8f6ee9161b009b5fd7006e8171a32cae7efad20204bb5429-scaled.jpeg\",\"datePublished\":\"2026-04-28T16:12:25+00:00\",\"description\":\"Dieses Kleid ist so wundersch\u00f6n, dass Sie es gar nicht mehr ausziehen m\u00f6chten. Das mit reicher Spitze verzierte Mieder bildet einen sch\u00f6nen Kontrast und erg\u00e4nzt den wallenden, durchsichtigen T\u00fcllrock. Der gekreuzte G\u00fcrtel auf der R\u00fcckseite ist einfach umwerfend.\",\"breadcrumb\":{\"@id\":\"https:\\\/\\\/www.koonings.com\\\/de\\\/product\\\/st-patrick-magdalena-st124ar1\\\/#breadcrumb\"},\"inLanguage\":\"de\",\"potentialAction\":[{\"@type\":\"ReadAction\",\"target\":[\"https:\\\/\\\/www.koonings.com\\\/de\\\/product\\\/st-patrick-magdalena-st124ar1\\\/\"]}]},{\"@type\":\"ImageObject\",\"inLanguage\":\"de\",\"@id\":\"https:\\\/\\\/www.koonings.com\\\/de\\\/product\\\/st-patrick-magdalena-st124ar1\\\/#primaryimage\",\"url\":\"https:\\\/\\\/www.koonings.com\\\/wp-content\\\/uploads\\\/2024\\\/11\\\/39213_4dc72520ebaf03a5194a18fe8f6ee9161b009b5fd7006e8171a32cae7efad20204bb5429-scaled.jpeg\",\"contentUrl\":\"https:\\\/\\\/www.koonings.com\\\/wp-content\\\/uploads\\\/2024\\\/11\\\/39213_4dc72520ebaf03a5194a18fe8f6ee9161b009b5fd7006e8171a32cae7efad20204bb5429-scaled.jpeg\",\"width\":1811,\"height\":2560},{\"@type\":\"BreadcrumbList\",\"@id\":\"https:\\\/\\\/www.koonings.com\\\/de\\\/product\\\/st-patrick-magdalena-st124ar1\\\/#breadcrumb\",\"itemListElement\":[{\"@type\":\"ListItem\",\"position\":1,\"name\":\"Home\",\"item\":\"https:\\\/\\\/www.koonings.com\\\/de\\\/\"},{\"@type\":\"ListItem\",\"position\":2,\"name\":\"St. Patrick Magdalena ST124AR1\"}]},{\"@type\":\"WebSite\",\"@id\":\"https:\\\/\\\/www.koonings.com\\\/de\\\/#website\",\"url\":\"https:\\\/\\\/www.koonings.com\\\/de\\\/\",\"name\":\"Koonings\",\"description\":\"De grootste bruidsmodewinkel ter wereld\",\"publisher\":{\"@id\":\"https:\\\/\\\/www.koonings.com\\\/de\\\/#organization\"},\"potentialAction\":[{\"@type\":\"SearchAction\",\"target\":{\"@type\":\"EntryPoint\",\"urlTemplate\":\"https:\\\/\\\/www.koonings.com\\\/de\\\/?s={search_term_string}\"},\"query-input\":{\"@type\":\"PropertyValueSpecification\",\"valueRequired\":true,\"valueName\":\"search_term_string\"}}],\"inLanguage\":\"de\"},{\"@type\":\"Organization\",\"@id\":\"https:\\\/\\\/www.koonings.com\\\/de\\\/#organization\",\"name\":\"Koonings\",\"url\":\"https:\\\/\\\/www.koonings.com\\\/de\\\/\",\"logo\":{\"@type\":\"ImageObject\",\"inLanguage\":\"de\",\"@id\":\"https:\\\/\\\/www.koonings.com\\\/de\\\/#\\\/schema\\\/logo\\\/image\\\/\",\"url\":\"https:\\\/\\\/www.koonings.com\\\/wp-content\\\/uploads\\\/2024\\\/07\\\/logo.png\",\"contentUrl\":\"https:\\\/\\\/www.koonings.com\\\/wp-content\\\/uploads\\\/2024\\\/07\\\/logo.png\",\"width\":600,\"height\":428,\"caption\":\"Koonings\"},\"image\":{\"@id\":\"https:\\\/\\\/www.koonings.com\\\/de\\\/#\\\/schema\\\/logo\\\/image\\\/\"},\"sameAs\":[\"https:\\\/\\\/www.facebook.com\\\/kooningstheweddingpalace\",\"https:\\\/\\\/www.instagram.com\\\/kooningstheweddingpalace\",\"https:\\\/\\\/www.pinterest.com\\\/koonings\",\"https:\\\/\\\/www.youtube.com\\\/kooningstheweddingpalace\"]}]}<\/script>\n<!-- \/ Yoast SEO plugin. -->","yoast_head_json":{"title":"St. Patrick Magdalena ST124AR1 | Koonings","description":"Dieses Kleid ist so wundersch\u00f6n, dass Sie es gar nicht mehr ausziehen m\u00f6chten. Das mit reicher Spitze verzierte Mieder bildet einen sch\u00f6nen Kontrast und erg\u00e4nzt den wallenden, durchsichtigen T\u00fcllrock. Der gekreuzte G\u00fcrtel auf der R\u00fcckseite ist einfach umwerfend.","robots":{"index":"index","follow":"follow","max-snippet":"max-snippet:-1","max-image-preview":"max-image-preview:large","max-video-preview":"max-video-preview:-1"},"canonical":"https:\/\/www.koonings.com\/de\/product\/st-patrick-magdalena-st124ar1\/","og_locale":"de_DE","og_type":"article","og_title":"St. Patrick Magdalena ST124AR1 | Koonings","og_description":"Dieses Kleid ist so wundersch\u00f6n, dass Sie es gar nicht mehr ausziehen m\u00f6chten. Das mit reicher Spitze verzierte Mieder bildet einen sch\u00f6nen Kontrast und erg\u00e4nzt den wallenden, durchsichtigen T\u00fcllrock. Der gekreuzte G\u00fcrtel auf der R\u00fcckseite ist einfach umwerfend.","og_url":"https:\/\/www.koonings.com\/de\/product\/st-patrick-magdalena-st124ar1\/","og_site_name":"Koonings","article_publisher":"https:\/\/www.facebook.com\/kooningstheweddingpalace","og_image":[{"width":1811,"height":2560,"url":"https:\/\/www.koonings.com\/wp-content\/uploads\/2024\/11\/39213_4dc72520ebaf03a5194a18fe8f6ee9161b009b5fd7006e8171a32cae7efad20204bb5429-scaled.jpeg","type":"image\/jpeg"}],"twitter_card":"summary_large_image","schema":{"@context":"https:\/\/schema.org","@graph":[{"@type":"WebPage","@id":"https:\/\/www.koonings.com\/de\/product\/st-patrick-magdalena-st124ar1\/","url":"https:\/\/www.koonings.com\/de\/product\/st-patrick-magdalena-st124ar1\/","name":"St. Patrick Magdalena ST124AR1 | Koonings","isPartOf":{"@id":"https:\/\/www.koonings.com\/de\/#website"},"primaryImageOfPage":{"@id":"https:\/\/www.koonings.com\/de\/product\/st-patrick-magdalena-st124ar1\/#primaryimage"},"image":{"@id":"https:\/\/www.koonings.com\/de\/product\/st-patrick-magdalena-st124ar1\/#primaryimage"},"thumbnailUrl":"https:\/\/www.koonings.com\/wp-content\/uploads\/2024\/11\/39213_4dc72520ebaf03a5194a18fe8f6ee9161b009b5fd7006e8171a32cae7efad20204bb5429-scaled.jpeg","datePublished":"2026-04-28T16:12:25+00:00","description":"Dieses Kleid ist so wundersch\u00f6n, dass Sie es gar nicht mehr ausziehen m\u00f6chten. Das mit reicher Spitze verzierte Mieder bildet einen sch\u00f6nen Kontrast und erg\u00e4nzt den wallenden, durchsichtigen T\u00fcllrock. Der gekreuzte G\u00fcrtel auf der R\u00fcckseite ist einfach umwerfend.","breadcrumb":{"@id":"https:\/\/www.koonings.com\/de\/product\/st-patrick-magdalena-st124ar1\/#breadcrumb"},"inLanguage":"de","potentialAction":[{"@type":"ReadAction","target":["https:\/\/www.koonings.com\/de\/product\/st-patrick-magdalena-st124ar1\/"]}]},{"@type":"ImageObject","inLanguage":"de","@id":"https:\/\/www.koonings.com\/de\/product\/st-patrick-magdalena-st124ar1\/#primaryimage","url":"https:\/\/www.koonings.com\/wp-content\/uploads\/2024\/11\/39213_4dc72520ebaf03a5194a18fe8f6ee9161b009b5fd7006e8171a32cae7efad20204bb5429-scaled.jpeg","contentUrl":"https:\/\/www.koonings.com\/wp-content\/uploads\/2024\/11\/39213_4dc72520ebaf03a5194a18fe8f6ee9161b009b5fd7006e8171a32cae7efad20204bb5429-scaled.jpeg","width":1811,"height":2560},{"@type":"BreadcrumbList","@id":"https:\/\/www.koonings.com\/de\/product\/st-patrick-magdalena-st124ar1\/#breadcrumb","itemListElement":[{"@type":"ListItem","position":1,"name":"Home","item":"https:\/\/www.koonings.com\/de\/"},{"@type":"ListItem","position":2,"name":"St. Patrick Magdalena ST124AR1"}]},{"@type":"WebSite","@id":"https:\/\/www.koonings.com\/de\/#website","url":"https:\/\/www.koonings.com\/de\/","name":"Koonings","description":"De grootste bruidsmodewinkel ter wereld","publisher":{"@id":"https:\/\/www.koonings.com\/de\/#organization"},"potentialAction":[{"@type":"SearchAction","target":{"@type":"EntryPoint","urlTemplate":"https:\/\/www.koonings.com\/de\/?s={search_term_string}"},"query-input":{"@type":"PropertyValueSpecification","valueRequired":true,"valueName":"search_term_string"}}],"inLanguage":"de"},{"@type":"Organization","@id":"https:\/\/www.koonings.com\/de\/#organization","name":"Koonings","url":"https:\/\/www.koonings.com\/de\/","logo":{"@type":"ImageObject","inLanguage":"de","@id":"https:\/\/www.koonings.com\/de\/#\/schema\/logo\/image\/","url":"https:\/\/www.koonings.com\/wp-content\/uploads\/2024\/07\/logo.png","contentUrl":"https:\/\/www.koonings.com\/wp-content\/uploads\/2024\/07\/logo.png","width":600,"height":428,"caption":"Koonings"},"image":{"@id":"https:\/\/www.koonings.com\/de\/#\/schema\/logo\/image\/"},"sameAs":["https:\/\/www.facebook.com\/kooningstheweddingpalace","https:\/\/www.instagram.com\/kooningstheweddingpalace","https:\/\/www.pinterest.com\/koonings","https:\/\/www.youtube.com\/kooningstheweddingpalace"]}]}},"_links":{"self":[{"href":"https:\/\/www.koonings.com\/de\/wp-json\/wp\/v2\/product\/57754","targetHints":{"allow":["GET"]}}],"collection":[{"href":"https:\/\/www.koonings.com\/de\/wp-json\/wp\/v2\/product"}],"about":[{"href":"https:\/\/www.koonings.com\/de\/wp-json\/wp\/v2\/types\/product"}],"wp:featuredmedia":[{"embeddable":true,"href":"https:\/\/www.koonings.com\/de\/wp-json\/wp\/v2\/media\/39164"}],"wp:attachment":[{"href":"https:\/\/www.koonings.com\/de\/wp-json\/wp\/v2\/media?parent=57754"}],"wp:term":[{"taxonomy":"productdetails","embeddable":true,"href":"https:\/\/www.koonings.com\/de\/wp-json\/wp\/v2\/productdetails?post=57754"},{"taxonomy":"productneck","embeddable":true,"href":"https:\/\/www.koonings.com\/de\/wp-json\/wp\/v2\/productneck?post=57754"},{"taxonomy":"productcolor","embeddable":true,"href":"https:\/\/www.koonings.com\/de\/wp-json\/wp\/v2\/productcolor?post=57754"},{"taxonomy":"maat","embeddable":true,"href":"https:\/\/www.koonings.com\/de\/wp-json\/wp\/v2\/maat?post=57754"},{"taxonomy":"productsupplier","embeddable":true,"href":"https:\/\/www.koonings.com\/de\/wp-json\/wp\/v2\/productsupplier?post=57754"},{"taxonomy":"productsleeve","embeddable":true,"href":"https:\/\/www.koonings.com\/de\/wp-json\/wp\/v2\/productsleeve?post=57754"},{"taxonomy":"productcategory","embeddable":true,"href":"https:\/\/www.koonings.com\/de\/wp-json\/wp\/v2\/productcategory?post=57754"},{"taxonomy":"productsilhouette","embeddable":true,"href":"https:\/\/www.koonings.com\/de\/wp-json\/wp\/v2\/productsilhouette?post=57754"},{"taxonomy":"productstyle","embeddable":true,"href":"https:\/\/www.koonings.com\/de\/wp-json\/wp\/v2\/productstyle?post=57754"}],"curies":[{"name":"wp","href":"https:\/\/api.w.org\/{rel}","templated":true}]}}