{"id":57608,"date":"2026-04-28T18:12:46","date_gmt":"2026-04-28T16:12:46","guid":{"rendered":"https:\/\/www.koonings.com\/product\/pronovias-fashion-group-sherie-pr124bq4\/"},"modified":"2026-02-16T14:39:07","modified_gmt":"2026-02-16T13:39:07","slug":"pronovias-fashion-group-sherie-pr124bq4","status":"publish","type":"product","link":"https:\/\/www.koonings.com\/de\/product\/pronovias-fashion-group-sherie-pr124bq4\/","title":{"rendered":"Pronovias Mode Gruppe Sherie PR124BQ4"},"content":{"rendered":"<p>Bezauberndes Meerjungfrauenkleid mit glamour\u00f6sen Spitzendetails und einem tief ausgeschnittenen V-Ausschnitt. Das lange Kleid und die \u00c4rmel in Kombination mit dem schicken Schl\u00fcsselloch im R\u00fccken sorgen f\u00fcr einen zus\u00e4tzlichen Hauch von Glamour. Mit der abnehmbaren Schleppe k\u00f6nnen Sie zum Altar schreiten und sie sp\u00e4ter abnehmen, um zu tanzen und sich zu bewegen. St\u00f6bern Sie in den neuesten Kollektionen von Pronovias im wundersch\u00f6nen Shop-in-Shop von Koonings The Wedding Palace!   <\/p>\n","protected":false},"featured_media":39931,"template":"","meta":{"_acf_changed":false,"ghostkit_customizer_options":"","ghostkit_custom_css":"","ghostkit_custom_js_head":"","ghostkit_custom_js_foot":"","ghostkit_typography":""},"productdetails":[380,381],"productneck":[356],"productcolor":[393,392],"maat":[],"productsupplier":[430],"productsleeve":[362],"productcategory":[18],"productsilhouette":[387],"productstyle":[366,370],"class_list":["post-57608","product","type-product","status-publish","has-post-thumbnail","hentry","productdetails-380","productdetails-381","productneck-356","productcolor-393","productcolor-392","productsupplier-pronovias-fashion-group","productsleeve-362","productcategory-trouwjurken","productsilhouette-387","productstyle-366","productstyle-370"],"acf":[],"yoast_head":"<!-- This site is optimized with the Yoast SEO plugin v27.3 - https:\/\/yoast.com\/product\/yoast-seo-wordpress\/ -->\n<title>Pronovias Mode Gruppe Sherie PR124BQ4 | Koonings<\/title>\n<meta name=\"description\" content=\"Bezauberndes Meerjungfrauenkleid mit glamour\u00f6sen Spitzendetails und einem tief ausgeschnittenen V-Ausschnitt. Das lange Kleid und die \u00c4rmel in Kombination mit dem schicken Schl\u00fcsselloch im R\u00fccken sorgen f\u00fcr einen zus\u00e4tzlichen Hauch von Glamour. Mit der abnehmbaren Schleppe k\u00f6nnen Sie zum Altar schreiten und sie sp\u00e4ter abnehmen, um zu tanzen und sich zu bewegen. St\u00f6bern Sie in den neuesten Kollektionen von Pronovias im wundersch\u00f6nen Shop-in-Shop von Koonings The Wedding Palace!\" \/>\n<meta name=\"robots\" content=\"index, follow, max-snippet:-1, max-image-preview:large, max-video-preview:-1\" \/>\n<link rel=\"canonical\" href=\"https:\/\/www.koonings.com\/de\/product\/pronovias-fashion-group-sherie-pr124bq4\/\" \/>\n<meta property=\"og:locale\" content=\"de_DE\" \/>\n<meta property=\"og:type\" content=\"article\" \/>\n<meta property=\"og:title\" content=\"Pronovias Mode Gruppe Sherie PR124BQ4 | Koonings\" \/>\n<meta property=\"og:description\" content=\"Bezauberndes Meerjungfrauenkleid mit glamour\u00f6sen Spitzendetails und einem tief ausgeschnittenen V-Ausschnitt. Das lange Kleid und die \u00c4rmel in Kombination mit dem schicken Schl\u00fcsselloch im R\u00fccken sorgen f\u00fcr einen zus\u00e4tzlichen Hauch von Glamour. Mit der abnehmbaren Schleppe k\u00f6nnen Sie zum Altar schreiten und sie sp\u00e4ter abnehmen, um zu tanzen und sich zu bewegen. St\u00f6bern Sie in den neuesten Kollektionen von Pronovias im wundersch\u00f6nen Shop-in-Shop von Koonings The Wedding Palace!\" \/>\n<meta property=\"og:url\" content=\"https:\/\/www.koonings.com\/de\/product\/pronovias-fashion-group-sherie-pr124bq4\/\" \/>\n<meta property=\"og:site_name\" content=\"Koonings\" \/>\n<meta property=\"article:publisher\" content=\"https:\/\/www.facebook.com\/kooningstheweddingpalace\" \/>\n<meta property=\"og:image\" content=\"https:\/\/www.koonings.com\/wp-content\/uploads\/2024\/11\/39375_f54cdbe113a47c93221b02ba16f233a0d97c7692ebdeac851c32cdf3bcaee55d53934bcc-scaled.jpeg\" \/>\n\t<meta property=\"og:image:width\" content=\"1813\" \/>\n\t<meta property=\"og:image:height\" content=\"2560\" \/>\n\t<meta property=\"og:image:type\" content=\"image\/jpeg\" \/>\n<meta name=\"twitter:card\" content=\"summary_large_image\" \/>\n<script type=\"application\/ld+json\" class=\"yoast-schema-graph\">{\"@context\":\"https:\\\/\\\/schema.org\",\"@graph\":[{\"@type\":\"WebPage\",\"@id\":\"https:\\\/\\\/www.koonings.com\\\/de\\\/product\\\/pronovias-fashion-group-sherie-pr124bq4\\\/\",\"url\":\"https:\\\/\\\/www.koonings.com\\\/de\\\/product\\\/pronovias-fashion-group-sherie-pr124bq4\\\/\",\"name\":\"Pronovias Mode Gruppe Sherie PR124BQ4 | Koonings\",\"isPartOf\":{\"@id\":\"https:\\\/\\\/www.koonings.com\\\/de\\\/#website\"},\"primaryImageOfPage\":{\"@id\":\"https:\\\/\\\/www.koonings.com\\\/de\\\/product\\\/pronovias-fashion-group-sherie-pr124bq4\\\/#primaryimage\"},\"image\":{\"@id\":\"https:\\\/\\\/www.koonings.com\\\/de\\\/product\\\/pronovias-fashion-group-sherie-pr124bq4\\\/#primaryimage\"},\"thumbnailUrl\":\"https:\\\/\\\/www.koonings.com\\\/wp-content\\\/uploads\\\/2024\\\/11\\\/39375_f54cdbe113a47c93221b02ba16f233a0d97c7692ebdeac851c32cdf3bcaee55d53934bcc-scaled.jpeg\",\"datePublished\":\"2026-04-28T16:12:46+00:00\",\"description\":\"Bezauberndes Meerjungfrauenkleid mit glamour\u00f6sen Spitzendetails und einem tief ausgeschnittenen V-Ausschnitt. Das lange Kleid und die \u00c4rmel in Kombination mit dem schicken Schl\u00fcsselloch im R\u00fccken sorgen f\u00fcr einen zus\u00e4tzlichen Hauch von Glamour. Mit der abnehmbaren Schleppe k\u00f6nnen Sie zum Altar schreiten und sie sp\u00e4ter abnehmen, um zu tanzen und sich zu bewegen. St\u00f6bern Sie in den neuesten Kollektionen von Pronovias im wundersch\u00f6nen Shop-in-Shop von Koonings The Wedding Palace!\",\"breadcrumb\":{\"@id\":\"https:\\\/\\\/www.koonings.com\\\/de\\\/product\\\/pronovias-fashion-group-sherie-pr124bq4\\\/#breadcrumb\"},\"inLanguage\":\"de\",\"potentialAction\":[{\"@type\":\"ReadAction\",\"target\":[\"https:\\\/\\\/www.koonings.com\\\/de\\\/product\\\/pronovias-fashion-group-sherie-pr124bq4\\\/\"]}]},{\"@type\":\"ImageObject\",\"inLanguage\":\"de\",\"@id\":\"https:\\\/\\\/www.koonings.com\\\/de\\\/product\\\/pronovias-fashion-group-sherie-pr124bq4\\\/#primaryimage\",\"url\":\"https:\\\/\\\/www.koonings.com\\\/wp-content\\\/uploads\\\/2024\\\/11\\\/39375_f54cdbe113a47c93221b02ba16f233a0d97c7692ebdeac851c32cdf3bcaee55d53934bcc-scaled.jpeg\",\"contentUrl\":\"https:\\\/\\\/www.koonings.com\\\/wp-content\\\/uploads\\\/2024\\\/11\\\/39375_f54cdbe113a47c93221b02ba16f233a0d97c7692ebdeac851c32cdf3bcaee55d53934bcc-scaled.jpeg\",\"width\":1813,\"height\":2560},{\"@type\":\"BreadcrumbList\",\"@id\":\"https:\\\/\\\/www.koonings.com\\\/de\\\/product\\\/pronovias-fashion-group-sherie-pr124bq4\\\/#breadcrumb\",\"itemListElement\":[{\"@type\":\"ListItem\",\"position\":1,\"name\":\"Home\",\"item\":\"https:\\\/\\\/www.koonings.com\\\/de\\\/\"},{\"@type\":\"ListItem\",\"position\":2,\"name\":\"Pronovias Mode Gruppe Sherie PR124BQ4\"}]},{\"@type\":\"WebSite\",\"@id\":\"https:\\\/\\\/www.koonings.com\\\/de\\\/#website\",\"url\":\"https:\\\/\\\/www.koonings.com\\\/de\\\/\",\"name\":\"Koonings\",\"description\":\"De grootste bruidsmodewinkel ter wereld\",\"publisher\":{\"@id\":\"https:\\\/\\\/www.koonings.com\\\/de\\\/#organization\"},\"potentialAction\":[{\"@type\":\"SearchAction\",\"target\":{\"@type\":\"EntryPoint\",\"urlTemplate\":\"https:\\\/\\\/www.koonings.com\\\/de\\\/?s={search_term_string}\"},\"query-input\":{\"@type\":\"PropertyValueSpecification\",\"valueRequired\":true,\"valueName\":\"search_term_string\"}}],\"inLanguage\":\"de\"},{\"@type\":\"Organization\",\"@id\":\"https:\\\/\\\/www.koonings.com\\\/de\\\/#organization\",\"name\":\"Koonings\",\"url\":\"https:\\\/\\\/www.koonings.com\\\/de\\\/\",\"logo\":{\"@type\":\"ImageObject\",\"inLanguage\":\"de\",\"@id\":\"https:\\\/\\\/www.koonings.com\\\/de\\\/#\\\/schema\\\/logo\\\/image\\\/\",\"url\":\"https:\\\/\\\/www.koonings.com\\\/wp-content\\\/uploads\\\/2024\\\/07\\\/logo.png\",\"contentUrl\":\"https:\\\/\\\/www.koonings.com\\\/wp-content\\\/uploads\\\/2024\\\/07\\\/logo.png\",\"width\":600,\"height\":428,\"caption\":\"Koonings\"},\"image\":{\"@id\":\"https:\\\/\\\/www.koonings.com\\\/de\\\/#\\\/schema\\\/logo\\\/image\\\/\"},\"sameAs\":[\"https:\\\/\\\/www.facebook.com\\\/kooningstheweddingpalace\",\"https:\\\/\\\/www.instagram.com\\\/kooningstheweddingpalace\",\"https:\\\/\\\/www.pinterest.com\\\/koonings\",\"https:\\\/\\\/www.youtube.com\\\/kooningstheweddingpalace\"]}]}<\/script>\n<!-- \/ Yoast SEO plugin. -->","yoast_head_json":{"title":"Pronovias Mode Gruppe Sherie PR124BQ4 | Koonings","description":"Bezauberndes Meerjungfrauenkleid mit glamour\u00f6sen Spitzendetails und einem tief ausgeschnittenen V-Ausschnitt. Das lange Kleid und die \u00c4rmel in Kombination mit dem schicken Schl\u00fcsselloch im R\u00fccken sorgen f\u00fcr einen zus\u00e4tzlichen Hauch von Glamour. Mit der abnehmbaren Schleppe k\u00f6nnen Sie zum Altar schreiten und sie sp\u00e4ter abnehmen, um zu tanzen und sich zu bewegen. St\u00f6bern Sie in den neuesten Kollektionen von Pronovias im wundersch\u00f6nen Shop-in-Shop von Koonings The Wedding Palace!","robots":{"index":"index","follow":"follow","max-snippet":"max-snippet:-1","max-image-preview":"max-image-preview:large","max-video-preview":"max-video-preview:-1"},"canonical":"https:\/\/www.koonings.com\/de\/product\/pronovias-fashion-group-sherie-pr124bq4\/","og_locale":"de_DE","og_type":"article","og_title":"Pronovias Mode Gruppe Sherie PR124BQ4 | Koonings","og_description":"Bezauberndes Meerjungfrauenkleid mit glamour\u00f6sen Spitzendetails und einem tief ausgeschnittenen V-Ausschnitt. Das lange Kleid und die \u00c4rmel in Kombination mit dem schicken Schl\u00fcsselloch im R\u00fccken sorgen f\u00fcr einen zus\u00e4tzlichen Hauch von Glamour. Mit der abnehmbaren Schleppe k\u00f6nnen Sie zum Altar schreiten und sie sp\u00e4ter abnehmen, um zu tanzen und sich zu bewegen. St\u00f6bern Sie in den neuesten Kollektionen von Pronovias im wundersch\u00f6nen Shop-in-Shop von Koonings The Wedding Palace!","og_url":"https:\/\/www.koonings.com\/de\/product\/pronovias-fashion-group-sherie-pr124bq4\/","og_site_name":"Koonings","article_publisher":"https:\/\/www.facebook.com\/kooningstheweddingpalace","og_image":[{"width":1813,"height":2560,"url":"https:\/\/www.koonings.com\/wp-content\/uploads\/2024\/11\/39375_f54cdbe113a47c93221b02ba16f233a0d97c7692ebdeac851c32cdf3bcaee55d53934bcc-scaled.jpeg","type":"image\/jpeg"}],"twitter_card":"summary_large_image","schema":{"@context":"https:\/\/schema.org","@graph":[{"@type":"WebPage","@id":"https:\/\/www.koonings.com\/de\/product\/pronovias-fashion-group-sherie-pr124bq4\/","url":"https:\/\/www.koonings.com\/de\/product\/pronovias-fashion-group-sherie-pr124bq4\/","name":"Pronovias Mode Gruppe Sherie PR124BQ4 | Koonings","isPartOf":{"@id":"https:\/\/www.koonings.com\/de\/#website"},"primaryImageOfPage":{"@id":"https:\/\/www.koonings.com\/de\/product\/pronovias-fashion-group-sherie-pr124bq4\/#primaryimage"},"image":{"@id":"https:\/\/www.koonings.com\/de\/product\/pronovias-fashion-group-sherie-pr124bq4\/#primaryimage"},"thumbnailUrl":"https:\/\/www.koonings.com\/wp-content\/uploads\/2024\/11\/39375_f54cdbe113a47c93221b02ba16f233a0d97c7692ebdeac851c32cdf3bcaee55d53934bcc-scaled.jpeg","datePublished":"2026-04-28T16:12:46+00:00","description":"Bezauberndes Meerjungfrauenkleid mit glamour\u00f6sen Spitzendetails und einem tief ausgeschnittenen V-Ausschnitt. Das lange Kleid und die \u00c4rmel in Kombination mit dem schicken Schl\u00fcsselloch im R\u00fccken sorgen f\u00fcr einen zus\u00e4tzlichen Hauch von Glamour. Mit der abnehmbaren Schleppe k\u00f6nnen Sie zum Altar schreiten und sie sp\u00e4ter abnehmen, um zu tanzen und sich zu bewegen. St\u00f6bern Sie in den neuesten Kollektionen von Pronovias im wundersch\u00f6nen Shop-in-Shop von Koonings The Wedding Palace!","breadcrumb":{"@id":"https:\/\/www.koonings.com\/de\/product\/pronovias-fashion-group-sherie-pr124bq4\/#breadcrumb"},"inLanguage":"de","potentialAction":[{"@type":"ReadAction","target":["https:\/\/www.koonings.com\/de\/product\/pronovias-fashion-group-sherie-pr124bq4\/"]}]},{"@type":"ImageObject","inLanguage":"de","@id":"https:\/\/www.koonings.com\/de\/product\/pronovias-fashion-group-sherie-pr124bq4\/#primaryimage","url":"https:\/\/www.koonings.com\/wp-content\/uploads\/2024\/11\/39375_f54cdbe113a47c93221b02ba16f233a0d97c7692ebdeac851c32cdf3bcaee55d53934bcc-scaled.jpeg","contentUrl":"https:\/\/www.koonings.com\/wp-content\/uploads\/2024\/11\/39375_f54cdbe113a47c93221b02ba16f233a0d97c7692ebdeac851c32cdf3bcaee55d53934bcc-scaled.jpeg","width":1813,"height":2560},{"@type":"BreadcrumbList","@id":"https:\/\/www.koonings.com\/de\/product\/pronovias-fashion-group-sherie-pr124bq4\/#breadcrumb","itemListElement":[{"@type":"ListItem","position":1,"name":"Home","item":"https:\/\/www.koonings.com\/de\/"},{"@type":"ListItem","position":2,"name":"Pronovias Mode Gruppe Sherie PR124BQ4"}]},{"@type":"WebSite","@id":"https:\/\/www.koonings.com\/de\/#website","url":"https:\/\/www.koonings.com\/de\/","name":"Koonings","description":"De grootste bruidsmodewinkel ter wereld","publisher":{"@id":"https:\/\/www.koonings.com\/de\/#organization"},"potentialAction":[{"@type":"SearchAction","target":{"@type":"EntryPoint","urlTemplate":"https:\/\/www.koonings.com\/de\/?s={search_term_string}"},"query-input":{"@type":"PropertyValueSpecification","valueRequired":true,"valueName":"search_term_string"}}],"inLanguage":"de"},{"@type":"Organization","@id":"https:\/\/www.koonings.com\/de\/#organization","name":"Koonings","url":"https:\/\/www.koonings.com\/de\/","logo":{"@type":"ImageObject","inLanguage":"de","@id":"https:\/\/www.koonings.com\/de\/#\/schema\/logo\/image\/","url":"https:\/\/www.koonings.com\/wp-content\/uploads\/2024\/07\/logo.png","contentUrl":"https:\/\/www.koonings.com\/wp-content\/uploads\/2024\/07\/logo.png","width":600,"height":428,"caption":"Koonings"},"image":{"@id":"https:\/\/www.koonings.com\/de\/#\/schema\/logo\/image\/"},"sameAs":["https:\/\/www.facebook.com\/kooningstheweddingpalace","https:\/\/www.instagram.com\/kooningstheweddingpalace","https:\/\/www.pinterest.com\/koonings","https:\/\/www.youtube.com\/kooningstheweddingpalace"]}]}},"_links":{"self":[{"href":"https:\/\/www.koonings.com\/de\/wp-json\/wp\/v2\/product\/57608","targetHints":{"allow":["GET"]}}],"collection":[{"href":"https:\/\/www.koonings.com\/de\/wp-json\/wp\/v2\/product"}],"about":[{"href":"https:\/\/www.koonings.com\/de\/wp-json\/wp\/v2\/types\/product"}],"wp:featuredmedia":[{"embeddable":true,"href":"https:\/\/www.koonings.com\/de\/wp-json\/wp\/v2\/media\/39931"}],"wp:attachment":[{"href":"https:\/\/www.koonings.com\/de\/wp-json\/wp\/v2\/media?parent=57608"}],"wp:term":[{"taxonomy":"productdetails","embeddable":true,"href":"https:\/\/www.koonings.com\/de\/wp-json\/wp\/v2\/productdetails?post=57608"},{"taxonomy":"productneck","embeddable":true,"href":"https:\/\/www.koonings.com\/de\/wp-json\/wp\/v2\/productneck?post=57608"},{"taxonomy":"productcolor","embeddable":true,"href":"https:\/\/www.koonings.com\/de\/wp-json\/wp\/v2\/productcolor?post=57608"},{"taxonomy":"maat","embeddable":true,"href":"https:\/\/www.koonings.com\/de\/wp-json\/wp\/v2\/maat?post=57608"},{"taxonomy":"productsupplier","embeddable":true,"href":"https:\/\/www.koonings.com\/de\/wp-json\/wp\/v2\/productsupplier?post=57608"},{"taxonomy":"productsleeve","embeddable":true,"href":"https:\/\/www.koonings.com\/de\/wp-json\/wp\/v2\/productsleeve?post=57608"},{"taxonomy":"productcategory","embeddable":true,"href":"https:\/\/www.koonings.com\/de\/wp-json\/wp\/v2\/productcategory?post=57608"},{"taxonomy":"productsilhouette","embeddable":true,"href":"https:\/\/www.koonings.com\/de\/wp-json\/wp\/v2\/productsilhouette?post=57608"},{"taxonomy":"productstyle","embeddable":true,"href":"https:\/\/www.koonings.com\/de\/wp-json\/wp\/v2\/productstyle?post=57608"}],"curies":[{"name":"wp","href":"https:\/\/api.w.org\/{rel}","templated":true}]}}