{"id":57575,"date":"2026-05-06T15:14:04","date_gmt":"2026-05-06T13:14:04","guid":{"rendered":"https:\/\/www.koonings.com\/product\/milla-nova-eridana\/"},"modified":"2026-02-16T14:39:37","modified_gmt":"2026-02-16T13:39:37","slug":"milla-nova-eridana","status":"publish","type":"product","link":"https:\/\/www.koonings.com\/de\/product\/milla-nova-eridana\/","title":{"rendered":"Milla Nova Eridana"},"content":{"rendered":"<p>Elegantes A-Linien-Hochzeitskleid aus Mikado. Das \u00e4rmellose Design zeichnet sich durch einen geometrischen Ausschnitt und eine drapierte Taille aus, die in einen sch\u00f6nen vollen Rock \u00fcbergeht. Das Kleid wird durch einen schulterfreien Bolero von mikado mit durchscheinenden, mit Kristallen besetzten langen \u00c4rmeln erg\u00e4nzt.  <\/p>\n","protected":false},"featured_media":40168,"template":"","meta":{"_acf_changed":false,"ghostkit_customizer_options":"","ghostkit_custom_css":"","ghostkit_custom_js_head":"","ghostkit_custom_js_foot":"","ghostkit_typography":""},"productdetails":[],"productneck":[354,355],"productcolor":[392],"maat":[],"productsupplier":[446],"productsleeve":[357,363],"productcategory":[18],"productsilhouette":[384,388],"productstyle":[],"class_list":["post-57575","product","type-product","status-publish","has-post-thumbnail","hentry","productneck-354","productneck-355","productcolor-392","productsupplier-milla-nova","productsleeve-357","productsleeve-363","productcategory-trouwjurken","productsilhouette-384","productsilhouette-388"],"acf":[],"yoast_head":"<!-- This site is optimized with the Yoast SEO plugin v27.3 - https:\/\/yoast.com\/product\/yoast-seo-wordpress\/ -->\n<title>Milla Nova Eridana | Koonings<\/title>\n<meta name=\"description\" content=\"Elegantes A-Linien-Hochzeitskleid aus Mikado. Das \u00e4rmellose Design zeichnet sich durch einen geometrischen Ausschnitt und eine drapierte Taille aus, die in einen sch\u00f6nen vollen Rock \u00fcbergeht. Das Kleid wird durch einen schulterfreien Bolero von mikado mit durchscheinenden, mit Kristallen besetzten langen \u00c4rmeln erg\u00e4nzt.\" \/>\n<meta name=\"robots\" content=\"index, follow, max-snippet:-1, max-image-preview:large, max-video-preview:-1\" \/>\n<link rel=\"canonical\" href=\"https:\/\/www.koonings.com\/de\/product\/milla-nova-eridana\/\" \/>\n<meta property=\"og:locale\" content=\"de_DE\" \/>\n<meta property=\"og:type\" content=\"article\" \/>\n<meta property=\"og:title\" content=\"Milla Nova Eridana | Koonings\" \/>\n<meta property=\"og:description\" content=\"Elegantes A-Linien-Hochzeitskleid aus Mikado. Das \u00e4rmellose Design zeichnet sich durch einen geometrischen Ausschnitt und eine drapierte Taille aus, die in einen sch\u00f6nen vollen Rock \u00fcbergeht. Das Kleid wird durch einen schulterfreien Bolero von mikado mit durchscheinenden, mit Kristallen besetzten langen \u00c4rmeln erg\u00e4nzt.\" \/>\n<meta property=\"og:url\" content=\"https:\/\/www.koonings.com\/de\/product\/milla-nova-eridana\/\" \/>\n<meta property=\"og:site_name\" content=\"Koonings\" \/>\n<meta property=\"article:publisher\" content=\"https:\/\/www.facebook.com\/kooningstheweddingpalace\" \/>\n<meta property=\"og:image\" content=\"https:\/\/www.koonings.com\/wp-content\/uploads\/2024\/11\/39414_7744264777408af73faa02744104b24a5238e886a8c1e062c9f5d7e7019c9273852fc388-scaled.jpeg\" \/>\n\t<meta property=\"og:image:width\" content=\"1809\" \/>\n\t<meta property=\"og:image:height\" content=\"2560\" \/>\n\t<meta property=\"og:image:type\" content=\"image\/jpeg\" \/>\n<meta name=\"twitter:card\" content=\"summary_large_image\" \/>\n<script type=\"application\/ld+json\" class=\"yoast-schema-graph\">{\"@context\":\"https:\\\/\\\/schema.org\",\"@graph\":[{\"@type\":\"WebPage\",\"@id\":\"https:\\\/\\\/www.koonings.com\\\/de\\\/product\\\/milla-nova-eridana\\\/\",\"url\":\"https:\\\/\\\/www.koonings.com\\\/de\\\/product\\\/milla-nova-eridana\\\/\",\"name\":\"Milla Nova Eridana | Koonings\",\"isPartOf\":{\"@id\":\"https:\\\/\\\/www.koonings.com\\\/de\\\/#website\"},\"primaryImageOfPage\":{\"@id\":\"https:\\\/\\\/www.koonings.com\\\/de\\\/product\\\/milla-nova-eridana\\\/#primaryimage\"},\"image\":{\"@id\":\"https:\\\/\\\/www.koonings.com\\\/de\\\/product\\\/milla-nova-eridana\\\/#primaryimage\"},\"thumbnailUrl\":\"https:\\\/\\\/www.koonings.com\\\/wp-content\\\/uploads\\\/2024\\\/11\\\/39414_7744264777408af73faa02744104b24a5238e886a8c1e062c9f5d7e7019c9273852fc388-scaled.jpeg\",\"datePublished\":\"2026-05-06T13:14:04+00:00\",\"description\":\"Elegantes A-Linien-Hochzeitskleid aus Mikado. Das \u00e4rmellose Design zeichnet sich durch einen geometrischen Ausschnitt und eine drapierte Taille aus, die in einen sch\u00f6nen vollen Rock \u00fcbergeht. Das Kleid wird durch einen schulterfreien Bolero von mikado mit durchscheinenden, mit Kristallen besetzten langen \u00c4rmeln erg\u00e4nzt.\",\"breadcrumb\":{\"@id\":\"https:\\\/\\\/www.koonings.com\\\/de\\\/product\\\/milla-nova-eridana\\\/#breadcrumb\"},\"inLanguage\":\"de\",\"potentialAction\":[{\"@type\":\"ReadAction\",\"target\":[\"https:\\\/\\\/www.koonings.com\\\/de\\\/product\\\/milla-nova-eridana\\\/\"]}]},{\"@type\":\"ImageObject\",\"inLanguage\":\"de\",\"@id\":\"https:\\\/\\\/www.koonings.com\\\/de\\\/product\\\/milla-nova-eridana\\\/#primaryimage\",\"url\":\"https:\\\/\\\/www.koonings.com\\\/wp-content\\\/uploads\\\/2024\\\/11\\\/39414_7744264777408af73faa02744104b24a5238e886a8c1e062c9f5d7e7019c9273852fc388-scaled.jpeg\",\"contentUrl\":\"https:\\\/\\\/www.koonings.com\\\/wp-content\\\/uploads\\\/2024\\\/11\\\/39414_7744264777408af73faa02744104b24a5238e886a8c1e062c9f5d7e7019c9273852fc388-scaled.jpeg\",\"width\":1809,\"height\":2560},{\"@type\":\"BreadcrumbList\",\"@id\":\"https:\\\/\\\/www.koonings.com\\\/de\\\/product\\\/milla-nova-eridana\\\/#breadcrumb\",\"itemListElement\":[{\"@type\":\"ListItem\",\"position\":1,\"name\":\"Home\",\"item\":\"https:\\\/\\\/www.koonings.com\\\/de\\\/\"},{\"@type\":\"ListItem\",\"position\":2,\"name\":\"Milla Nova Eridana\"}]},{\"@type\":\"WebSite\",\"@id\":\"https:\\\/\\\/www.koonings.com\\\/de\\\/#website\",\"url\":\"https:\\\/\\\/www.koonings.com\\\/de\\\/\",\"name\":\"Koonings\",\"description\":\"De grootste bruidsmodewinkel ter wereld\",\"publisher\":{\"@id\":\"https:\\\/\\\/www.koonings.com\\\/de\\\/#organization\"},\"potentialAction\":[{\"@type\":\"SearchAction\",\"target\":{\"@type\":\"EntryPoint\",\"urlTemplate\":\"https:\\\/\\\/www.koonings.com\\\/de\\\/?s={search_term_string}\"},\"query-input\":{\"@type\":\"PropertyValueSpecification\",\"valueRequired\":true,\"valueName\":\"search_term_string\"}}],\"inLanguage\":\"de\"},{\"@type\":\"Organization\",\"@id\":\"https:\\\/\\\/www.koonings.com\\\/de\\\/#organization\",\"name\":\"Koonings\",\"url\":\"https:\\\/\\\/www.koonings.com\\\/de\\\/\",\"logo\":{\"@type\":\"ImageObject\",\"inLanguage\":\"de\",\"@id\":\"https:\\\/\\\/www.koonings.com\\\/de\\\/#\\\/schema\\\/logo\\\/image\\\/\",\"url\":\"https:\\\/\\\/www.koonings.com\\\/wp-content\\\/uploads\\\/2024\\\/07\\\/logo.png\",\"contentUrl\":\"https:\\\/\\\/www.koonings.com\\\/wp-content\\\/uploads\\\/2024\\\/07\\\/logo.png\",\"width\":600,\"height\":428,\"caption\":\"Koonings\"},\"image\":{\"@id\":\"https:\\\/\\\/www.koonings.com\\\/de\\\/#\\\/schema\\\/logo\\\/image\\\/\"},\"sameAs\":[\"https:\\\/\\\/www.facebook.com\\\/kooningstheweddingpalace\",\"https:\\\/\\\/www.instagram.com\\\/kooningstheweddingpalace\",\"https:\\\/\\\/www.pinterest.com\\\/koonings\",\"https:\\\/\\\/www.youtube.com\\\/kooningstheweddingpalace\"]}]}<\/script>\n<!-- \/ Yoast SEO plugin. -->","yoast_head_json":{"title":"Milla Nova Eridana | Koonings","description":"Elegantes A-Linien-Hochzeitskleid aus Mikado. Das \u00e4rmellose Design zeichnet sich durch einen geometrischen Ausschnitt und eine drapierte Taille aus, die in einen sch\u00f6nen vollen Rock \u00fcbergeht. Das Kleid wird durch einen schulterfreien Bolero von mikado mit durchscheinenden, mit Kristallen besetzten langen \u00c4rmeln erg\u00e4nzt.","robots":{"index":"index","follow":"follow","max-snippet":"max-snippet:-1","max-image-preview":"max-image-preview:large","max-video-preview":"max-video-preview:-1"},"canonical":"https:\/\/www.koonings.com\/de\/product\/milla-nova-eridana\/","og_locale":"de_DE","og_type":"article","og_title":"Milla Nova Eridana | Koonings","og_description":"Elegantes A-Linien-Hochzeitskleid aus Mikado. Das \u00e4rmellose Design zeichnet sich durch einen geometrischen Ausschnitt und eine drapierte Taille aus, die in einen sch\u00f6nen vollen Rock \u00fcbergeht. Das Kleid wird durch einen schulterfreien Bolero von mikado mit durchscheinenden, mit Kristallen besetzten langen \u00c4rmeln erg\u00e4nzt.","og_url":"https:\/\/www.koonings.com\/de\/product\/milla-nova-eridana\/","og_site_name":"Koonings","article_publisher":"https:\/\/www.facebook.com\/kooningstheweddingpalace","og_image":[{"width":1809,"height":2560,"url":"https:\/\/www.koonings.com\/wp-content\/uploads\/2024\/11\/39414_7744264777408af73faa02744104b24a5238e886a8c1e062c9f5d7e7019c9273852fc388-scaled.jpeg","type":"image\/jpeg"}],"twitter_card":"summary_large_image","schema":{"@context":"https:\/\/schema.org","@graph":[{"@type":"WebPage","@id":"https:\/\/www.koonings.com\/de\/product\/milla-nova-eridana\/","url":"https:\/\/www.koonings.com\/de\/product\/milla-nova-eridana\/","name":"Milla Nova Eridana | Koonings","isPartOf":{"@id":"https:\/\/www.koonings.com\/de\/#website"},"primaryImageOfPage":{"@id":"https:\/\/www.koonings.com\/de\/product\/milla-nova-eridana\/#primaryimage"},"image":{"@id":"https:\/\/www.koonings.com\/de\/product\/milla-nova-eridana\/#primaryimage"},"thumbnailUrl":"https:\/\/www.koonings.com\/wp-content\/uploads\/2024\/11\/39414_7744264777408af73faa02744104b24a5238e886a8c1e062c9f5d7e7019c9273852fc388-scaled.jpeg","datePublished":"2026-05-06T13:14:04+00:00","description":"Elegantes A-Linien-Hochzeitskleid aus Mikado. Das \u00e4rmellose Design zeichnet sich durch einen geometrischen Ausschnitt und eine drapierte Taille aus, die in einen sch\u00f6nen vollen Rock \u00fcbergeht. Das Kleid wird durch einen schulterfreien Bolero von mikado mit durchscheinenden, mit Kristallen besetzten langen \u00c4rmeln erg\u00e4nzt.","breadcrumb":{"@id":"https:\/\/www.koonings.com\/de\/product\/milla-nova-eridana\/#breadcrumb"},"inLanguage":"de","potentialAction":[{"@type":"ReadAction","target":["https:\/\/www.koonings.com\/de\/product\/milla-nova-eridana\/"]}]},{"@type":"ImageObject","inLanguage":"de","@id":"https:\/\/www.koonings.com\/de\/product\/milla-nova-eridana\/#primaryimage","url":"https:\/\/www.koonings.com\/wp-content\/uploads\/2024\/11\/39414_7744264777408af73faa02744104b24a5238e886a8c1e062c9f5d7e7019c9273852fc388-scaled.jpeg","contentUrl":"https:\/\/www.koonings.com\/wp-content\/uploads\/2024\/11\/39414_7744264777408af73faa02744104b24a5238e886a8c1e062c9f5d7e7019c9273852fc388-scaled.jpeg","width":1809,"height":2560},{"@type":"BreadcrumbList","@id":"https:\/\/www.koonings.com\/de\/product\/milla-nova-eridana\/#breadcrumb","itemListElement":[{"@type":"ListItem","position":1,"name":"Home","item":"https:\/\/www.koonings.com\/de\/"},{"@type":"ListItem","position":2,"name":"Milla Nova Eridana"}]},{"@type":"WebSite","@id":"https:\/\/www.koonings.com\/de\/#website","url":"https:\/\/www.koonings.com\/de\/","name":"Koonings","description":"De grootste bruidsmodewinkel ter wereld","publisher":{"@id":"https:\/\/www.koonings.com\/de\/#organization"},"potentialAction":[{"@type":"SearchAction","target":{"@type":"EntryPoint","urlTemplate":"https:\/\/www.koonings.com\/de\/?s={search_term_string}"},"query-input":{"@type":"PropertyValueSpecification","valueRequired":true,"valueName":"search_term_string"}}],"inLanguage":"de"},{"@type":"Organization","@id":"https:\/\/www.koonings.com\/de\/#organization","name":"Koonings","url":"https:\/\/www.koonings.com\/de\/","logo":{"@type":"ImageObject","inLanguage":"de","@id":"https:\/\/www.koonings.com\/de\/#\/schema\/logo\/image\/","url":"https:\/\/www.koonings.com\/wp-content\/uploads\/2024\/07\/logo.png","contentUrl":"https:\/\/www.koonings.com\/wp-content\/uploads\/2024\/07\/logo.png","width":600,"height":428,"caption":"Koonings"},"image":{"@id":"https:\/\/www.koonings.com\/de\/#\/schema\/logo\/image\/"},"sameAs":["https:\/\/www.facebook.com\/kooningstheweddingpalace","https:\/\/www.instagram.com\/kooningstheweddingpalace","https:\/\/www.pinterest.com\/koonings","https:\/\/www.youtube.com\/kooningstheweddingpalace"]}]}},"_links":{"self":[{"href":"https:\/\/www.koonings.com\/de\/wp-json\/wp\/v2\/product\/57575","targetHints":{"allow":["GET"]}}],"collection":[{"href":"https:\/\/www.koonings.com\/de\/wp-json\/wp\/v2\/product"}],"about":[{"href":"https:\/\/www.koonings.com\/de\/wp-json\/wp\/v2\/types\/product"}],"wp:featuredmedia":[{"embeddable":true,"href":"https:\/\/www.koonings.com\/de\/wp-json\/wp\/v2\/media\/40168"}],"wp:attachment":[{"href":"https:\/\/www.koonings.com\/de\/wp-json\/wp\/v2\/media?parent=57575"}],"wp:term":[{"taxonomy":"productdetails","embeddable":true,"href":"https:\/\/www.koonings.com\/de\/wp-json\/wp\/v2\/productdetails?post=57575"},{"taxonomy":"productneck","embeddable":true,"href":"https:\/\/www.koonings.com\/de\/wp-json\/wp\/v2\/productneck?post=57575"},{"taxonomy":"productcolor","embeddable":true,"href":"https:\/\/www.koonings.com\/de\/wp-json\/wp\/v2\/productcolor?post=57575"},{"taxonomy":"maat","embeddable":true,"href":"https:\/\/www.koonings.com\/de\/wp-json\/wp\/v2\/maat?post=57575"},{"taxonomy":"productsupplier","embeddable":true,"href":"https:\/\/www.koonings.com\/de\/wp-json\/wp\/v2\/productsupplier?post=57575"},{"taxonomy":"productsleeve","embeddable":true,"href":"https:\/\/www.koonings.com\/de\/wp-json\/wp\/v2\/productsleeve?post=57575"},{"taxonomy":"productcategory","embeddable":true,"href":"https:\/\/www.koonings.com\/de\/wp-json\/wp\/v2\/productcategory?post=57575"},{"taxonomy":"productsilhouette","embeddable":true,"href":"https:\/\/www.koonings.com\/de\/wp-json\/wp\/v2\/productsilhouette?post=57575"},{"taxonomy":"productstyle","embeddable":true,"href":"https:\/\/www.koonings.com\/de\/wp-json\/wp\/v2\/productstyle?post=57575"}],"curies":[{"name":"wp","href":"https:\/\/api.w.org\/{rel}","templated":true}]}}