{"id":57564,"date":"2026-04-14T16:14:28","date_gmt":"2026-04-14T14:14:28","guid":{"rendered":"https:\/\/www.koonings.com\/product\/milla-nova-evelyn\/"},"modified":"2025-06-05T12:41:34","modified_gmt":"2025-06-05T10:41:34","slug":"milla-nova-evelyn","status":"publish","type":"product","link":"https:\/\/www.koonings.com\/de\/product\/milla-nova-evelyn\/","title":{"rendered":"Milla Nova Evelyn"},"content":{"rendered":"<p>Romantisch und m\u00e4rchenhaft, das ist das Brautkleid Evelyn von Milla Nova. Ein wundersch\u00f6n verarbeitetes Korsettmieder mit 3D-Blumen, die in den volumin\u00f6sen T\u00fcllrock mit langer Schleppe \u00fcbergehen. Das Kleid wird mit abnehmbaren transparenten Puff\u00e4rmeln geliefert, so dass Sie das Kleid tr\u00e4gerlos tragen oder sich f\u00fcr einen einzigartigen Look entscheiden k\u00f6nnen.  <\/p>\n","protected":false},"featured_media":40338,"template":"","meta":{"_acf_changed":false,"ghostkit_customizer_options":"","ghostkit_custom_css":"","ghostkit_custom_js_head":"","ghostkit_custom_js_foot":"","ghostkit_typography":""},"productdetails":[379,377],"productneck":[354,355],"productcolor":[392],"maat":[],"productsupplier":[446],"productsleeve":[357,363],"productcategory":[18],"productsilhouette":[384],"productstyle":[372,366],"class_list":["post-57564","product","type-product","status-publish","has-post-thumbnail","hentry","productdetails-379","productdetails-377","productneck-354","productneck-355","productcolor-392","productsupplier-milla-nova","productsleeve-357","productsleeve-363","productcategory-trouwjurken","productsilhouette-384","productstyle-372","productstyle-366"],"acf":[],"yoast_head":"<!-- This site is optimized with the Yoast SEO plugin v27.3 - https:\/\/yoast.com\/product\/yoast-seo-wordpress\/ -->\n<title>Milla Nova Evelyn | Koonings<\/title>\n<meta name=\"description\" content=\"Romantisch und m\u00e4rchenhaft, das ist das Brautkleid Evelyn von Milla Nova. Ein wundersch\u00f6n verarbeitetes Korsettmieder mit 3D-Blumen, die in den volumin\u00f6sen T\u00fcllrock mit langer Schleppe \u00fcbergehen. Das Kleid wird mit abnehmbaren transparenten Puff\u00e4rmeln geliefert, so dass Sie das Kleid tr\u00e4gerlos tragen oder sich f\u00fcr einen einzigartigen Look entscheiden k\u00f6nnen.\" \/>\n<meta name=\"robots\" content=\"index, follow, max-snippet:-1, max-image-preview:large, max-video-preview:-1\" \/>\n<link rel=\"canonical\" href=\"https:\/\/www.koonings.com\/de\/product\/milla-nova-evelyn\/\" \/>\n<meta property=\"og:locale\" content=\"de_DE\" \/>\n<meta property=\"og:type\" content=\"article\" \/>\n<meta property=\"og:title\" content=\"Milla Nova Evelyn | Koonings\" \/>\n<meta property=\"og:description\" content=\"Romantisch und m\u00e4rchenhaft, das ist das Brautkleid Evelyn von Milla Nova. Ein wundersch\u00f6n verarbeitetes Korsettmieder mit 3D-Blumen, die in den volumin\u00f6sen T\u00fcllrock mit langer Schleppe \u00fcbergehen. Das Kleid wird mit abnehmbaren transparenten Puff\u00e4rmeln geliefert, so dass Sie das Kleid tr\u00e4gerlos tragen oder sich f\u00fcr einen einzigartigen Look entscheiden k\u00f6nnen.\" \/>\n<meta property=\"og:url\" content=\"https:\/\/www.koonings.com\/de\/product\/milla-nova-evelyn\/\" \/>\n<meta property=\"og:site_name\" content=\"Koonings\" \/>\n<meta property=\"article:publisher\" content=\"https:\/\/www.facebook.com\/kooningstheweddingpalace\" \/>\n<meta property=\"og:image\" content=\"https:\/\/www.koonings.com\/wp-content\/uploads\/2024\/11\/39429_59b8f299f8b1a3b83d9b5321aadb62baba2cb41908875a8e30c59b8f77619058234f1cf7-scaled.jpeg\" \/>\n\t<meta property=\"og:image:width\" content=\"1811\" \/>\n\t<meta property=\"og:image:height\" content=\"2560\" \/>\n\t<meta property=\"og:image:type\" content=\"image\/jpeg\" \/>\n<meta name=\"twitter:card\" content=\"summary_large_image\" \/>\n<script type=\"application\/ld+json\" class=\"yoast-schema-graph\">{\"@context\":\"https:\\\/\\\/schema.org\",\"@graph\":[{\"@type\":\"WebPage\",\"@id\":\"https:\\\/\\\/www.koonings.com\\\/de\\\/product\\\/milla-nova-evelyn\\\/\",\"url\":\"https:\\\/\\\/www.koonings.com\\\/de\\\/product\\\/milla-nova-evelyn\\\/\",\"name\":\"Milla Nova Evelyn | Koonings\",\"isPartOf\":{\"@id\":\"https:\\\/\\\/www.koonings.com\\\/de\\\/#website\"},\"primaryImageOfPage\":{\"@id\":\"https:\\\/\\\/www.koonings.com\\\/de\\\/product\\\/milla-nova-evelyn\\\/#primaryimage\"},\"image\":{\"@id\":\"https:\\\/\\\/www.koonings.com\\\/de\\\/product\\\/milla-nova-evelyn\\\/#primaryimage\"},\"thumbnailUrl\":\"https:\\\/\\\/www.koonings.com\\\/wp-content\\\/uploads\\\/2024\\\/11\\\/39429_59b8f299f8b1a3b83d9b5321aadb62baba2cb41908875a8e30c59b8f77619058234f1cf7-scaled.jpeg\",\"datePublished\":\"2026-04-14T14:14:28+00:00\",\"description\":\"Romantisch und m\u00e4rchenhaft, das ist das Brautkleid Evelyn von Milla Nova. Ein wundersch\u00f6n verarbeitetes Korsettmieder mit 3D-Blumen, die in den volumin\u00f6sen T\u00fcllrock mit langer Schleppe \u00fcbergehen. Das Kleid wird mit abnehmbaren transparenten Puff\u00e4rmeln geliefert, so dass Sie das Kleid tr\u00e4gerlos tragen oder sich f\u00fcr einen einzigartigen Look entscheiden k\u00f6nnen.\",\"breadcrumb\":{\"@id\":\"https:\\\/\\\/www.koonings.com\\\/de\\\/product\\\/milla-nova-evelyn\\\/#breadcrumb\"},\"inLanguage\":\"de\",\"potentialAction\":[{\"@type\":\"ReadAction\",\"target\":[\"https:\\\/\\\/www.koonings.com\\\/de\\\/product\\\/milla-nova-evelyn\\\/\"]}]},{\"@type\":\"ImageObject\",\"inLanguage\":\"de\",\"@id\":\"https:\\\/\\\/www.koonings.com\\\/de\\\/product\\\/milla-nova-evelyn\\\/#primaryimage\",\"url\":\"https:\\\/\\\/www.koonings.com\\\/wp-content\\\/uploads\\\/2024\\\/11\\\/39429_59b8f299f8b1a3b83d9b5321aadb62baba2cb41908875a8e30c59b8f77619058234f1cf7-scaled.jpeg\",\"contentUrl\":\"https:\\\/\\\/www.koonings.com\\\/wp-content\\\/uploads\\\/2024\\\/11\\\/39429_59b8f299f8b1a3b83d9b5321aadb62baba2cb41908875a8e30c59b8f77619058234f1cf7-scaled.jpeg\",\"width\":1811,\"height\":2560},{\"@type\":\"BreadcrumbList\",\"@id\":\"https:\\\/\\\/www.koonings.com\\\/de\\\/product\\\/milla-nova-evelyn\\\/#breadcrumb\",\"itemListElement\":[{\"@type\":\"ListItem\",\"position\":1,\"name\":\"Home\",\"item\":\"https:\\\/\\\/www.koonings.com\\\/de\\\/\"},{\"@type\":\"ListItem\",\"position\":2,\"name\":\"Milla Nova Evelyn\"}]},{\"@type\":\"WebSite\",\"@id\":\"https:\\\/\\\/www.koonings.com\\\/de\\\/#website\",\"url\":\"https:\\\/\\\/www.koonings.com\\\/de\\\/\",\"name\":\"Koonings\",\"description\":\"De grootste bruidsmodewinkel ter wereld\",\"publisher\":{\"@id\":\"https:\\\/\\\/www.koonings.com\\\/de\\\/#organization\"},\"potentialAction\":[{\"@type\":\"SearchAction\",\"target\":{\"@type\":\"EntryPoint\",\"urlTemplate\":\"https:\\\/\\\/www.koonings.com\\\/de\\\/?s={search_term_string}\"},\"query-input\":{\"@type\":\"PropertyValueSpecification\",\"valueRequired\":true,\"valueName\":\"search_term_string\"}}],\"inLanguage\":\"de\"},{\"@type\":\"Organization\",\"@id\":\"https:\\\/\\\/www.koonings.com\\\/de\\\/#organization\",\"name\":\"Koonings\",\"url\":\"https:\\\/\\\/www.koonings.com\\\/de\\\/\",\"logo\":{\"@type\":\"ImageObject\",\"inLanguage\":\"de\",\"@id\":\"https:\\\/\\\/www.koonings.com\\\/de\\\/#\\\/schema\\\/logo\\\/image\\\/\",\"url\":\"https:\\\/\\\/www.koonings.com\\\/wp-content\\\/uploads\\\/2024\\\/07\\\/logo.png\",\"contentUrl\":\"https:\\\/\\\/www.koonings.com\\\/wp-content\\\/uploads\\\/2024\\\/07\\\/logo.png\",\"width\":600,\"height\":428,\"caption\":\"Koonings\"},\"image\":{\"@id\":\"https:\\\/\\\/www.koonings.com\\\/de\\\/#\\\/schema\\\/logo\\\/image\\\/\"},\"sameAs\":[\"https:\\\/\\\/www.facebook.com\\\/kooningstheweddingpalace\",\"https:\\\/\\\/www.instagram.com\\\/kooningstheweddingpalace\",\"https:\\\/\\\/www.pinterest.com\\\/koonings\",\"https:\\\/\\\/www.youtube.com\\\/kooningstheweddingpalace\"]}]}<\/script>\n<!-- \/ Yoast SEO plugin. -->","yoast_head_json":{"title":"Milla Nova Evelyn | Koonings","description":"Romantisch und m\u00e4rchenhaft, das ist das Brautkleid Evelyn von Milla Nova. Ein wundersch\u00f6n verarbeitetes Korsettmieder mit 3D-Blumen, die in den volumin\u00f6sen T\u00fcllrock mit langer Schleppe \u00fcbergehen. Das Kleid wird mit abnehmbaren transparenten Puff\u00e4rmeln geliefert, so dass Sie das Kleid tr\u00e4gerlos tragen oder sich f\u00fcr einen einzigartigen Look entscheiden k\u00f6nnen.","robots":{"index":"index","follow":"follow","max-snippet":"max-snippet:-1","max-image-preview":"max-image-preview:large","max-video-preview":"max-video-preview:-1"},"canonical":"https:\/\/www.koonings.com\/de\/product\/milla-nova-evelyn\/","og_locale":"de_DE","og_type":"article","og_title":"Milla Nova Evelyn | Koonings","og_description":"Romantisch und m\u00e4rchenhaft, das ist das Brautkleid Evelyn von Milla Nova. Ein wundersch\u00f6n verarbeitetes Korsettmieder mit 3D-Blumen, die in den volumin\u00f6sen T\u00fcllrock mit langer Schleppe \u00fcbergehen. Das Kleid wird mit abnehmbaren transparenten Puff\u00e4rmeln geliefert, so dass Sie das Kleid tr\u00e4gerlos tragen oder sich f\u00fcr einen einzigartigen Look entscheiden k\u00f6nnen.","og_url":"https:\/\/www.koonings.com\/de\/product\/milla-nova-evelyn\/","og_site_name":"Koonings","article_publisher":"https:\/\/www.facebook.com\/kooningstheweddingpalace","og_image":[{"width":1811,"height":2560,"url":"https:\/\/www.koonings.com\/wp-content\/uploads\/2024\/11\/39429_59b8f299f8b1a3b83d9b5321aadb62baba2cb41908875a8e30c59b8f77619058234f1cf7-scaled.jpeg","type":"image\/jpeg"}],"twitter_card":"summary_large_image","schema":{"@context":"https:\/\/schema.org","@graph":[{"@type":"WebPage","@id":"https:\/\/www.koonings.com\/de\/product\/milla-nova-evelyn\/","url":"https:\/\/www.koonings.com\/de\/product\/milla-nova-evelyn\/","name":"Milla Nova Evelyn | Koonings","isPartOf":{"@id":"https:\/\/www.koonings.com\/de\/#website"},"primaryImageOfPage":{"@id":"https:\/\/www.koonings.com\/de\/product\/milla-nova-evelyn\/#primaryimage"},"image":{"@id":"https:\/\/www.koonings.com\/de\/product\/milla-nova-evelyn\/#primaryimage"},"thumbnailUrl":"https:\/\/www.koonings.com\/wp-content\/uploads\/2024\/11\/39429_59b8f299f8b1a3b83d9b5321aadb62baba2cb41908875a8e30c59b8f77619058234f1cf7-scaled.jpeg","datePublished":"2026-04-14T14:14:28+00:00","description":"Romantisch und m\u00e4rchenhaft, das ist das Brautkleid Evelyn von Milla Nova. Ein wundersch\u00f6n verarbeitetes Korsettmieder mit 3D-Blumen, die in den volumin\u00f6sen T\u00fcllrock mit langer Schleppe \u00fcbergehen. Das Kleid wird mit abnehmbaren transparenten Puff\u00e4rmeln geliefert, so dass Sie das Kleid tr\u00e4gerlos tragen oder sich f\u00fcr einen einzigartigen Look entscheiden k\u00f6nnen.","breadcrumb":{"@id":"https:\/\/www.koonings.com\/de\/product\/milla-nova-evelyn\/#breadcrumb"},"inLanguage":"de","potentialAction":[{"@type":"ReadAction","target":["https:\/\/www.koonings.com\/de\/product\/milla-nova-evelyn\/"]}]},{"@type":"ImageObject","inLanguage":"de","@id":"https:\/\/www.koonings.com\/de\/product\/milla-nova-evelyn\/#primaryimage","url":"https:\/\/www.koonings.com\/wp-content\/uploads\/2024\/11\/39429_59b8f299f8b1a3b83d9b5321aadb62baba2cb41908875a8e30c59b8f77619058234f1cf7-scaled.jpeg","contentUrl":"https:\/\/www.koonings.com\/wp-content\/uploads\/2024\/11\/39429_59b8f299f8b1a3b83d9b5321aadb62baba2cb41908875a8e30c59b8f77619058234f1cf7-scaled.jpeg","width":1811,"height":2560},{"@type":"BreadcrumbList","@id":"https:\/\/www.koonings.com\/de\/product\/milla-nova-evelyn\/#breadcrumb","itemListElement":[{"@type":"ListItem","position":1,"name":"Home","item":"https:\/\/www.koonings.com\/de\/"},{"@type":"ListItem","position":2,"name":"Milla Nova Evelyn"}]},{"@type":"WebSite","@id":"https:\/\/www.koonings.com\/de\/#website","url":"https:\/\/www.koonings.com\/de\/","name":"Koonings","description":"De grootste bruidsmodewinkel ter wereld","publisher":{"@id":"https:\/\/www.koonings.com\/de\/#organization"},"potentialAction":[{"@type":"SearchAction","target":{"@type":"EntryPoint","urlTemplate":"https:\/\/www.koonings.com\/de\/?s={search_term_string}"},"query-input":{"@type":"PropertyValueSpecification","valueRequired":true,"valueName":"search_term_string"}}],"inLanguage":"de"},{"@type":"Organization","@id":"https:\/\/www.koonings.com\/de\/#organization","name":"Koonings","url":"https:\/\/www.koonings.com\/de\/","logo":{"@type":"ImageObject","inLanguage":"de","@id":"https:\/\/www.koonings.com\/de\/#\/schema\/logo\/image\/","url":"https:\/\/www.koonings.com\/wp-content\/uploads\/2024\/07\/logo.png","contentUrl":"https:\/\/www.koonings.com\/wp-content\/uploads\/2024\/07\/logo.png","width":600,"height":428,"caption":"Koonings"},"image":{"@id":"https:\/\/www.koonings.com\/de\/#\/schema\/logo\/image\/"},"sameAs":["https:\/\/www.facebook.com\/kooningstheweddingpalace","https:\/\/www.instagram.com\/kooningstheweddingpalace","https:\/\/www.pinterest.com\/koonings","https:\/\/www.youtube.com\/kooningstheweddingpalace"]}]}},"_links":{"self":[{"href":"https:\/\/www.koonings.com\/de\/wp-json\/wp\/v2\/product\/57564","targetHints":{"allow":["GET"]}}],"collection":[{"href":"https:\/\/www.koonings.com\/de\/wp-json\/wp\/v2\/product"}],"about":[{"href":"https:\/\/www.koonings.com\/de\/wp-json\/wp\/v2\/types\/product"}],"wp:featuredmedia":[{"embeddable":true,"href":"https:\/\/www.koonings.com\/de\/wp-json\/wp\/v2\/media\/40338"}],"wp:attachment":[{"href":"https:\/\/www.koonings.com\/de\/wp-json\/wp\/v2\/media?parent=57564"}],"wp:term":[{"taxonomy":"productdetails","embeddable":true,"href":"https:\/\/www.koonings.com\/de\/wp-json\/wp\/v2\/productdetails?post=57564"},{"taxonomy":"productneck","embeddable":true,"href":"https:\/\/www.koonings.com\/de\/wp-json\/wp\/v2\/productneck?post=57564"},{"taxonomy":"productcolor","embeddable":true,"href":"https:\/\/www.koonings.com\/de\/wp-json\/wp\/v2\/productcolor?post=57564"},{"taxonomy":"maat","embeddable":true,"href":"https:\/\/www.koonings.com\/de\/wp-json\/wp\/v2\/maat?post=57564"},{"taxonomy":"productsupplier","embeddable":true,"href":"https:\/\/www.koonings.com\/de\/wp-json\/wp\/v2\/productsupplier?post=57564"},{"taxonomy":"productsleeve","embeddable":true,"href":"https:\/\/www.koonings.com\/de\/wp-json\/wp\/v2\/productsleeve?post=57564"},{"taxonomy":"productcategory","embeddable":true,"href":"https:\/\/www.koonings.com\/de\/wp-json\/wp\/v2\/productcategory?post=57564"},{"taxonomy":"productsilhouette","embeddable":true,"href":"https:\/\/www.koonings.com\/de\/wp-json\/wp\/v2\/productsilhouette?post=57564"},{"taxonomy":"productstyle","embeddable":true,"href":"https:\/\/www.koonings.com\/de\/wp-json\/wp\/v2\/productstyle?post=57564"}],"curies":[{"name":"wp","href":"https:\/\/api.w.org\/{rel}","templated":true}]}}