{"id":57514,"date":"2026-04-14T16:14:32","date_gmt":"2026-04-14T14:14:32","guid":{"rendered":"https:\/\/www.koonings.com\/product\/milla-nova-persa\/"},"modified":"2025-06-05T12:42:01","modified_gmt":"2025-06-05T10:42:01","slug":"milla-nova-persa","status":"publish","type":"product","link":"https:\/\/www.koonings.com\/de\/product\/milla-nova-persa\/","title":{"rendered":"Milla Nova Persa"},"content":{"rendered":"<p>Zartes, vollst\u00e4ndig mit Spitze verziertes Etuikleid. Es hat ein schulterfreies Mieder, durchsichtige Puff\u00e4rmel aus T\u00fcll und einen abnehmbaren bestickten Rock mit beigem Futter. Vervollst\u00e4ndigen Sie Ihren Hochzeitslook mit einem abnehmbaren, halbtransparenten T\u00fcll-\u00dcberwurfrock.  <\/p>\n","protected":false},"featured_media":40606,"template":"","meta":{"_acf_changed":false,"ghostkit_customizer_options":"","ghostkit_custom_css":"","ghostkit_custom_js_head":"","ghostkit_custom_js_foot":"","ghostkit_typography":""},"productdetails":[379],"productneck":[352,354],"productcolor":[392],"maat":[],"productsupplier":[446],"productsleeve":[357,362],"productcategory":[18],"productsilhouette":[387],"productstyle":[366],"class_list":["post-57514","product","type-product","status-publish","has-post-thumbnail","hentry","productdetails-379","productneck-352","productneck-354","productcolor-392","productsupplier-milla-nova","productsleeve-357","productsleeve-362","productcategory-trouwjurken","productsilhouette-387","productstyle-366"],"acf":[],"yoast_head":"<!-- This site is optimized with the Yoast SEO plugin v27.3 - https:\/\/yoast.com\/product\/yoast-seo-wordpress\/ -->\n<title>Milla Nova Persa | Koonings<\/title>\n<meta name=\"description\" content=\"Zartes, vollst\u00e4ndig mit Spitze verziertes Etuikleid. Es hat ein schulterfreies Mieder, durchsichtige Puff\u00e4rmel aus T\u00fcll und einen abnehmbaren bestickten Rock mit beigem Futter. Vervollst\u00e4ndigen Sie Ihren Hochzeitslook mit einem abnehmbaren, halbtransparenten T\u00fcll-\u00dcberwurfrock.\" \/>\n<meta name=\"robots\" content=\"index, follow, max-snippet:-1, max-image-preview:large, max-video-preview:-1\" \/>\n<link rel=\"canonical\" href=\"https:\/\/www.koonings.com\/de\/product\/milla-nova-persa\/\" \/>\n<meta property=\"og:locale\" content=\"de_DE\" \/>\n<meta property=\"og:type\" content=\"article\" \/>\n<meta property=\"og:title\" content=\"Milla Nova Persa | Koonings\" \/>\n<meta property=\"og:description\" content=\"Zartes, vollst\u00e4ndig mit Spitze verziertes Etuikleid. Es hat ein schulterfreies Mieder, durchsichtige Puff\u00e4rmel aus T\u00fcll und einen abnehmbaren bestickten Rock mit beigem Futter. Vervollst\u00e4ndigen Sie Ihren Hochzeitslook mit einem abnehmbaren, halbtransparenten T\u00fcll-\u00dcberwurfrock.\" \/>\n<meta property=\"og:url\" content=\"https:\/\/www.koonings.com\/de\/product\/milla-nova-persa\/\" \/>\n<meta property=\"og:site_name\" content=\"Koonings\" \/>\n<meta property=\"article:publisher\" content=\"https:\/\/www.facebook.com\/kooningstheweddingpalace\" \/>\n<meta property=\"og:image\" content=\"https:\/\/www.koonings.com\/wp-content\/uploads\/2024\/11\/39451_61aadafc2c809e783ef01c7e206afbbe983de89100aa80d40d84a61255ef07f7b22846d7.jpeg\" \/>\n\t<meta property=\"og:image:width\" content=\"1076\" \/>\n\t<meta property=\"og:image:height\" content=\"1524\" \/>\n\t<meta property=\"og:image:type\" content=\"image\/jpeg\" \/>\n<meta name=\"twitter:card\" content=\"summary_large_image\" \/>\n<script type=\"application\/ld+json\" class=\"yoast-schema-graph\">{\"@context\":\"https:\\\/\\\/schema.org\",\"@graph\":[{\"@type\":\"WebPage\",\"@id\":\"https:\\\/\\\/www.koonings.com\\\/de\\\/product\\\/milla-nova-persa\\\/\",\"url\":\"https:\\\/\\\/www.koonings.com\\\/de\\\/product\\\/milla-nova-persa\\\/\",\"name\":\"Milla Nova Persa | Koonings\",\"isPartOf\":{\"@id\":\"https:\\\/\\\/www.koonings.com\\\/de\\\/#website\"},\"primaryImageOfPage\":{\"@id\":\"https:\\\/\\\/www.koonings.com\\\/de\\\/product\\\/milla-nova-persa\\\/#primaryimage\"},\"image\":{\"@id\":\"https:\\\/\\\/www.koonings.com\\\/de\\\/product\\\/milla-nova-persa\\\/#primaryimage\"},\"thumbnailUrl\":\"https:\\\/\\\/www.koonings.com\\\/wp-content\\\/uploads\\\/2024\\\/11\\\/39451_61aadafc2c809e783ef01c7e206afbbe983de89100aa80d40d84a61255ef07f7b22846d7.jpeg\",\"datePublished\":\"2026-04-14T14:14:32+00:00\",\"description\":\"Zartes, vollst\u00e4ndig mit Spitze verziertes Etuikleid. Es hat ein schulterfreies Mieder, durchsichtige Puff\u00e4rmel aus T\u00fcll und einen abnehmbaren bestickten Rock mit beigem Futter. Vervollst\u00e4ndigen Sie Ihren Hochzeitslook mit einem abnehmbaren, halbtransparenten T\u00fcll-\u00dcberwurfrock.\",\"breadcrumb\":{\"@id\":\"https:\\\/\\\/www.koonings.com\\\/de\\\/product\\\/milla-nova-persa\\\/#breadcrumb\"},\"inLanguage\":\"de\",\"potentialAction\":[{\"@type\":\"ReadAction\",\"target\":[\"https:\\\/\\\/www.koonings.com\\\/de\\\/product\\\/milla-nova-persa\\\/\"]}]},{\"@type\":\"ImageObject\",\"inLanguage\":\"de\",\"@id\":\"https:\\\/\\\/www.koonings.com\\\/de\\\/product\\\/milla-nova-persa\\\/#primaryimage\",\"url\":\"https:\\\/\\\/www.koonings.com\\\/wp-content\\\/uploads\\\/2024\\\/11\\\/39451_61aadafc2c809e783ef01c7e206afbbe983de89100aa80d40d84a61255ef07f7b22846d7.jpeg\",\"contentUrl\":\"https:\\\/\\\/www.koonings.com\\\/wp-content\\\/uploads\\\/2024\\\/11\\\/39451_61aadafc2c809e783ef01c7e206afbbe983de89100aa80d40d84a61255ef07f7b22846d7.jpeg\",\"width\":1076,\"height\":1524},{\"@type\":\"BreadcrumbList\",\"@id\":\"https:\\\/\\\/www.koonings.com\\\/de\\\/product\\\/milla-nova-persa\\\/#breadcrumb\",\"itemListElement\":[{\"@type\":\"ListItem\",\"position\":1,\"name\":\"Home\",\"item\":\"https:\\\/\\\/www.koonings.com\\\/de\\\/\"},{\"@type\":\"ListItem\",\"position\":2,\"name\":\"Milla Nova Persa\"}]},{\"@type\":\"WebSite\",\"@id\":\"https:\\\/\\\/www.koonings.com\\\/de\\\/#website\",\"url\":\"https:\\\/\\\/www.koonings.com\\\/de\\\/\",\"name\":\"Koonings\",\"description\":\"De grootste bruidsmodewinkel ter wereld\",\"publisher\":{\"@id\":\"https:\\\/\\\/www.koonings.com\\\/de\\\/#organization\"},\"potentialAction\":[{\"@type\":\"SearchAction\",\"target\":{\"@type\":\"EntryPoint\",\"urlTemplate\":\"https:\\\/\\\/www.koonings.com\\\/de\\\/?s={search_term_string}\"},\"query-input\":{\"@type\":\"PropertyValueSpecification\",\"valueRequired\":true,\"valueName\":\"search_term_string\"}}],\"inLanguage\":\"de\"},{\"@type\":\"Organization\",\"@id\":\"https:\\\/\\\/www.koonings.com\\\/de\\\/#organization\",\"name\":\"Koonings\",\"url\":\"https:\\\/\\\/www.koonings.com\\\/de\\\/\",\"logo\":{\"@type\":\"ImageObject\",\"inLanguage\":\"de\",\"@id\":\"https:\\\/\\\/www.koonings.com\\\/de\\\/#\\\/schema\\\/logo\\\/image\\\/\",\"url\":\"https:\\\/\\\/www.koonings.com\\\/wp-content\\\/uploads\\\/2024\\\/07\\\/logo.png\",\"contentUrl\":\"https:\\\/\\\/www.koonings.com\\\/wp-content\\\/uploads\\\/2024\\\/07\\\/logo.png\",\"width\":600,\"height\":428,\"caption\":\"Koonings\"},\"image\":{\"@id\":\"https:\\\/\\\/www.koonings.com\\\/de\\\/#\\\/schema\\\/logo\\\/image\\\/\"},\"sameAs\":[\"https:\\\/\\\/www.facebook.com\\\/kooningstheweddingpalace\",\"https:\\\/\\\/www.instagram.com\\\/kooningstheweddingpalace\",\"https:\\\/\\\/www.pinterest.com\\\/koonings\",\"https:\\\/\\\/www.youtube.com\\\/kooningstheweddingpalace\"]}]}<\/script>\n<!-- \/ Yoast SEO plugin. -->","yoast_head_json":{"title":"Milla Nova Persa | Koonings","description":"Zartes, vollst\u00e4ndig mit Spitze verziertes Etuikleid. Es hat ein schulterfreies Mieder, durchsichtige Puff\u00e4rmel aus T\u00fcll und einen abnehmbaren bestickten Rock mit beigem Futter. Vervollst\u00e4ndigen Sie Ihren Hochzeitslook mit einem abnehmbaren, halbtransparenten T\u00fcll-\u00dcberwurfrock.","robots":{"index":"index","follow":"follow","max-snippet":"max-snippet:-1","max-image-preview":"max-image-preview:large","max-video-preview":"max-video-preview:-1"},"canonical":"https:\/\/www.koonings.com\/de\/product\/milla-nova-persa\/","og_locale":"de_DE","og_type":"article","og_title":"Milla Nova Persa | Koonings","og_description":"Zartes, vollst\u00e4ndig mit Spitze verziertes Etuikleid. Es hat ein schulterfreies Mieder, durchsichtige Puff\u00e4rmel aus T\u00fcll und einen abnehmbaren bestickten Rock mit beigem Futter. Vervollst\u00e4ndigen Sie Ihren Hochzeitslook mit einem abnehmbaren, halbtransparenten T\u00fcll-\u00dcberwurfrock.","og_url":"https:\/\/www.koonings.com\/de\/product\/milla-nova-persa\/","og_site_name":"Koonings","article_publisher":"https:\/\/www.facebook.com\/kooningstheweddingpalace","og_image":[{"width":1076,"height":1524,"url":"https:\/\/www.koonings.com\/wp-content\/uploads\/2024\/11\/39451_61aadafc2c809e783ef01c7e206afbbe983de89100aa80d40d84a61255ef07f7b22846d7.jpeg","type":"image\/jpeg"}],"twitter_card":"summary_large_image","schema":{"@context":"https:\/\/schema.org","@graph":[{"@type":"WebPage","@id":"https:\/\/www.koonings.com\/de\/product\/milla-nova-persa\/","url":"https:\/\/www.koonings.com\/de\/product\/milla-nova-persa\/","name":"Milla Nova Persa | Koonings","isPartOf":{"@id":"https:\/\/www.koonings.com\/de\/#website"},"primaryImageOfPage":{"@id":"https:\/\/www.koonings.com\/de\/product\/milla-nova-persa\/#primaryimage"},"image":{"@id":"https:\/\/www.koonings.com\/de\/product\/milla-nova-persa\/#primaryimage"},"thumbnailUrl":"https:\/\/www.koonings.com\/wp-content\/uploads\/2024\/11\/39451_61aadafc2c809e783ef01c7e206afbbe983de89100aa80d40d84a61255ef07f7b22846d7.jpeg","datePublished":"2026-04-14T14:14:32+00:00","description":"Zartes, vollst\u00e4ndig mit Spitze verziertes Etuikleid. Es hat ein schulterfreies Mieder, durchsichtige Puff\u00e4rmel aus T\u00fcll und einen abnehmbaren bestickten Rock mit beigem Futter. Vervollst\u00e4ndigen Sie Ihren Hochzeitslook mit einem abnehmbaren, halbtransparenten T\u00fcll-\u00dcberwurfrock.","breadcrumb":{"@id":"https:\/\/www.koonings.com\/de\/product\/milla-nova-persa\/#breadcrumb"},"inLanguage":"de","potentialAction":[{"@type":"ReadAction","target":["https:\/\/www.koonings.com\/de\/product\/milla-nova-persa\/"]}]},{"@type":"ImageObject","inLanguage":"de","@id":"https:\/\/www.koonings.com\/de\/product\/milla-nova-persa\/#primaryimage","url":"https:\/\/www.koonings.com\/wp-content\/uploads\/2024\/11\/39451_61aadafc2c809e783ef01c7e206afbbe983de89100aa80d40d84a61255ef07f7b22846d7.jpeg","contentUrl":"https:\/\/www.koonings.com\/wp-content\/uploads\/2024\/11\/39451_61aadafc2c809e783ef01c7e206afbbe983de89100aa80d40d84a61255ef07f7b22846d7.jpeg","width":1076,"height":1524},{"@type":"BreadcrumbList","@id":"https:\/\/www.koonings.com\/de\/product\/milla-nova-persa\/#breadcrumb","itemListElement":[{"@type":"ListItem","position":1,"name":"Home","item":"https:\/\/www.koonings.com\/de\/"},{"@type":"ListItem","position":2,"name":"Milla Nova Persa"}]},{"@type":"WebSite","@id":"https:\/\/www.koonings.com\/de\/#website","url":"https:\/\/www.koonings.com\/de\/","name":"Koonings","description":"De grootste bruidsmodewinkel ter wereld","publisher":{"@id":"https:\/\/www.koonings.com\/de\/#organization"},"potentialAction":[{"@type":"SearchAction","target":{"@type":"EntryPoint","urlTemplate":"https:\/\/www.koonings.com\/de\/?s={search_term_string}"},"query-input":{"@type":"PropertyValueSpecification","valueRequired":true,"valueName":"search_term_string"}}],"inLanguage":"de"},{"@type":"Organization","@id":"https:\/\/www.koonings.com\/de\/#organization","name":"Koonings","url":"https:\/\/www.koonings.com\/de\/","logo":{"@type":"ImageObject","inLanguage":"de","@id":"https:\/\/www.koonings.com\/de\/#\/schema\/logo\/image\/","url":"https:\/\/www.koonings.com\/wp-content\/uploads\/2024\/07\/logo.png","contentUrl":"https:\/\/www.koonings.com\/wp-content\/uploads\/2024\/07\/logo.png","width":600,"height":428,"caption":"Koonings"},"image":{"@id":"https:\/\/www.koonings.com\/de\/#\/schema\/logo\/image\/"},"sameAs":["https:\/\/www.facebook.com\/kooningstheweddingpalace","https:\/\/www.instagram.com\/kooningstheweddingpalace","https:\/\/www.pinterest.com\/koonings","https:\/\/www.youtube.com\/kooningstheweddingpalace"]}]}},"_links":{"self":[{"href":"https:\/\/www.koonings.com\/de\/wp-json\/wp\/v2\/product\/57514","targetHints":{"allow":["GET"]}}],"collection":[{"href":"https:\/\/www.koonings.com\/de\/wp-json\/wp\/v2\/product"}],"about":[{"href":"https:\/\/www.koonings.com\/de\/wp-json\/wp\/v2\/types\/product"}],"wp:featuredmedia":[{"embeddable":true,"href":"https:\/\/www.koonings.com\/de\/wp-json\/wp\/v2\/media\/40606"}],"wp:attachment":[{"href":"https:\/\/www.koonings.com\/de\/wp-json\/wp\/v2\/media?parent=57514"}],"wp:term":[{"taxonomy":"productdetails","embeddable":true,"href":"https:\/\/www.koonings.com\/de\/wp-json\/wp\/v2\/productdetails?post=57514"},{"taxonomy":"productneck","embeddable":true,"href":"https:\/\/www.koonings.com\/de\/wp-json\/wp\/v2\/productneck?post=57514"},{"taxonomy":"productcolor","embeddable":true,"href":"https:\/\/www.koonings.com\/de\/wp-json\/wp\/v2\/productcolor?post=57514"},{"taxonomy":"maat","embeddable":true,"href":"https:\/\/www.koonings.com\/de\/wp-json\/wp\/v2\/maat?post=57514"},{"taxonomy":"productsupplier","embeddable":true,"href":"https:\/\/www.koonings.com\/de\/wp-json\/wp\/v2\/productsupplier?post=57514"},{"taxonomy":"productsleeve","embeddable":true,"href":"https:\/\/www.koonings.com\/de\/wp-json\/wp\/v2\/productsleeve?post=57514"},{"taxonomy":"productcategory","embeddable":true,"href":"https:\/\/www.koonings.com\/de\/wp-json\/wp\/v2\/productcategory?post=57514"},{"taxonomy":"productsilhouette","embeddable":true,"href":"https:\/\/www.koonings.com\/de\/wp-json\/wp\/v2\/productsilhouette?post=57514"},{"taxonomy":"productstyle","embeddable":true,"href":"https:\/\/www.koonings.com\/de\/wp-json\/wp\/v2\/productstyle?post=57514"}],"curies":[{"name":"wp","href":"https:\/\/api.w.org\/{rel}","templated":true}]}}