{"id":57478,"date":"2026-05-06T15:10:55","date_gmt":"2026-05-06T13:10:55","guid":{"rendered":"https:\/\/www.koonings.com\/product\/julia-kontogruni-jk-couture-174\/"},"modified":"2026-02-16T14:36:50","modified_gmt":"2026-02-16T13:36:50","slug":"julia-kontogruni-jk-couture-174","status":"publish","type":"product","link":"https:\/\/www.koonings.com\/de\/product\/julia-kontogruni-jk-couture-174\/","title":{"rendered":"Julia Kontogruni JK Couture 174"},"content":{"rendered":"<p>Dieses elfenbeinfarbene Hochzeitskleid von Julia Kontogruni ist ein echtes Ballkleid. Das Kleid ist ein Couture-Kleid und ist perfekt, wenn Sie sich an Ihrem Hochzeitstag wie eine Prinzessin f\u00fchlen m\u00f6chten. Die Schleppe ist enorm lang. Das Kleid hat au\u00dferdem einen V-Ausschnitt, einen wundersch\u00f6nen durchsichtigen R\u00fccken mit Kn\u00f6pfen und Spitze und das ganze Kleid ist mit Glitzer, Spitze und Pailletten verziert. Die Puff\u00e4rmel und die Schleife auf dem R\u00fccken machen das Kleid zu einem echten M\u00e4rchen.    <\/p>\n","protected":false},"featured_media":37210,"template":"","meta":{"_acf_changed":false,"ghostkit_customizer_options":"","ghostkit_custom_css":"","ghostkit_custom_js_head":"","ghostkit_custom_js_foot":"","ghostkit_typography":""},"productdetails":[],"productneck":[356],"productcolor":[392],"maat":[],"productsupplier":[409],"productsleeve":[362],"productcategory":[18],"productsilhouette":[388],"productstyle":[367,366],"class_list":["post-57478","product","type-product","status-publish","has-post-thumbnail","hentry","productneck-356","productcolor-392","productsupplier-julia-kontogruni","productsleeve-362","productcategory-trouwjurken","productsilhouette-388","productstyle-367","productstyle-366"],"acf":[],"yoast_head":"<!-- This site is optimized with the Yoast SEO plugin v27.3 - https:\/\/yoast.com\/product\/yoast-seo-wordpress\/ -->\n<title>Julia Kontogruni JK Couture 174 | Koonings<\/title>\n<meta name=\"description\" content=\"Dieses elfenbeinfarbene Hochzeitskleid von Julia Kontogruni ist ein echtes Ballkleid. Das Kleid ist ein Couture-Kleid und ist perfekt, wenn Sie sich an Ihrem Hochzeitstag wie eine Prinzessin f\u00fchlen m\u00f6chten. Die Schleppe ist enorm lang. Das Kleid hat au\u00dferdem einen V-Ausschnitt, einen wundersch\u00f6nen durchsichtigen R\u00fccken mit Kn\u00f6pfen und Spitze und das ganze Kleid ist mit Glitzer, Spitze und Pailletten verziert. Die Puff\u00e4rmel und die Schleife auf dem R\u00fccken machen das Kleid zu einem echten M\u00e4rchen.\" \/>\n<meta name=\"robots\" content=\"index, follow, max-snippet:-1, max-image-preview:large, max-video-preview:-1\" \/>\n<link rel=\"canonical\" href=\"https:\/\/www.koonings.com\/de\/product\/julia-kontogruni-jk-couture-174\/\" \/>\n<meta property=\"og:locale\" content=\"de_DE\" \/>\n<meta property=\"og:type\" content=\"article\" \/>\n<meta property=\"og:title\" content=\"Julia Kontogruni JK Couture 174 | Koonings\" \/>\n<meta property=\"og:description\" content=\"Dieses elfenbeinfarbene Hochzeitskleid von Julia Kontogruni ist ein echtes Ballkleid. Das Kleid ist ein Couture-Kleid und ist perfekt, wenn Sie sich an Ihrem Hochzeitstag wie eine Prinzessin f\u00fchlen m\u00f6chten. Die Schleppe ist enorm lang. Das Kleid hat au\u00dferdem einen V-Ausschnitt, einen wundersch\u00f6nen durchsichtigen R\u00fccken mit Kn\u00f6pfen und Spitze und das ganze Kleid ist mit Glitzer, Spitze und Pailletten verziert. Die Puff\u00e4rmel und die Schleife auf dem R\u00fccken machen das Kleid zu einem echten M\u00e4rchen.\" \/>\n<meta property=\"og:url\" content=\"https:\/\/www.koonings.com\/de\/product\/julia-kontogruni-jk-couture-174\/\" \/>\n<meta property=\"og:site_name\" content=\"Koonings\" \/>\n<meta property=\"article:publisher\" content=\"https:\/\/www.facebook.com\/kooningstheweddingpalace\" \/>\n<meta property=\"og:image\" content=\"https:\/\/www.koonings.com\/wp-content\/uploads\/2024\/11\/38652_34b15a17aa53c48d7874c6926d5a9be6e0aab2bf4234cc98cb8d9677206bee57c0fad87e.jpeg\" \/>\n\t<meta property=\"og:image:width\" content=\"792\" \/>\n\t<meta property=\"og:image:height\" content=\"1120\" \/>\n\t<meta property=\"og:image:type\" content=\"image\/jpeg\" \/>\n<meta name=\"twitter:card\" content=\"summary_large_image\" \/>\n<script type=\"application\/ld+json\" class=\"yoast-schema-graph\">{\"@context\":\"https:\\\/\\\/schema.org\",\"@graph\":[{\"@type\":\"WebPage\",\"@id\":\"https:\\\/\\\/www.koonings.com\\\/de\\\/product\\\/julia-kontogruni-jk-couture-174\\\/\",\"url\":\"https:\\\/\\\/www.koonings.com\\\/de\\\/product\\\/julia-kontogruni-jk-couture-174\\\/\",\"name\":\"Julia Kontogruni JK Couture 174 | Koonings\",\"isPartOf\":{\"@id\":\"https:\\\/\\\/www.koonings.com\\\/de\\\/#website\"},\"primaryImageOfPage\":{\"@id\":\"https:\\\/\\\/www.koonings.com\\\/de\\\/product\\\/julia-kontogruni-jk-couture-174\\\/#primaryimage\"},\"image\":{\"@id\":\"https:\\\/\\\/www.koonings.com\\\/de\\\/product\\\/julia-kontogruni-jk-couture-174\\\/#primaryimage\"},\"thumbnailUrl\":\"https:\\\/\\\/www.koonings.com\\\/wp-content\\\/uploads\\\/2024\\\/11\\\/38652_34b15a17aa53c48d7874c6926d5a9be6e0aab2bf4234cc98cb8d9677206bee57c0fad87e.jpeg\",\"datePublished\":\"2026-05-06T13:10:55+00:00\",\"description\":\"Dieses elfenbeinfarbene Hochzeitskleid von Julia Kontogruni ist ein echtes Ballkleid. Das Kleid ist ein Couture-Kleid und ist perfekt, wenn Sie sich an Ihrem Hochzeitstag wie eine Prinzessin f\u00fchlen m\u00f6chten. Die Schleppe ist enorm lang. Das Kleid hat au\u00dferdem einen V-Ausschnitt, einen wundersch\u00f6nen durchsichtigen R\u00fccken mit Kn\u00f6pfen und Spitze und das ganze Kleid ist mit Glitzer, Spitze und Pailletten verziert. Die Puff\u00e4rmel und die Schleife auf dem R\u00fccken machen das Kleid zu einem echten M\u00e4rchen.\",\"breadcrumb\":{\"@id\":\"https:\\\/\\\/www.koonings.com\\\/de\\\/product\\\/julia-kontogruni-jk-couture-174\\\/#breadcrumb\"},\"inLanguage\":\"de\",\"potentialAction\":[{\"@type\":\"ReadAction\",\"target\":[\"https:\\\/\\\/www.koonings.com\\\/de\\\/product\\\/julia-kontogruni-jk-couture-174\\\/\"]}]},{\"@type\":\"ImageObject\",\"inLanguage\":\"de\",\"@id\":\"https:\\\/\\\/www.koonings.com\\\/de\\\/product\\\/julia-kontogruni-jk-couture-174\\\/#primaryimage\",\"url\":\"https:\\\/\\\/www.koonings.com\\\/wp-content\\\/uploads\\\/2024\\\/11\\\/38652_34b15a17aa53c48d7874c6926d5a9be6e0aab2bf4234cc98cb8d9677206bee57c0fad87e.jpeg\",\"contentUrl\":\"https:\\\/\\\/www.koonings.com\\\/wp-content\\\/uploads\\\/2024\\\/11\\\/38652_34b15a17aa53c48d7874c6926d5a9be6e0aab2bf4234cc98cb8d9677206bee57c0fad87e.jpeg\",\"width\":792,\"height\":1120},{\"@type\":\"BreadcrumbList\",\"@id\":\"https:\\\/\\\/www.koonings.com\\\/de\\\/product\\\/julia-kontogruni-jk-couture-174\\\/#breadcrumb\",\"itemListElement\":[{\"@type\":\"ListItem\",\"position\":1,\"name\":\"Home\",\"item\":\"https:\\\/\\\/www.koonings.com\\\/de\\\/\"},{\"@type\":\"ListItem\",\"position\":2,\"name\":\"Julia Kontogruni JK Couture 174\"}]},{\"@type\":\"WebSite\",\"@id\":\"https:\\\/\\\/www.koonings.com\\\/de\\\/#website\",\"url\":\"https:\\\/\\\/www.koonings.com\\\/de\\\/\",\"name\":\"Koonings\",\"description\":\"De grootste bruidsmodewinkel ter wereld\",\"publisher\":{\"@id\":\"https:\\\/\\\/www.koonings.com\\\/de\\\/#organization\"},\"potentialAction\":[{\"@type\":\"SearchAction\",\"target\":{\"@type\":\"EntryPoint\",\"urlTemplate\":\"https:\\\/\\\/www.koonings.com\\\/de\\\/?s={search_term_string}\"},\"query-input\":{\"@type\":\"PropertyValueSpecification\",\"valueRequired\":true,\"valueName\":\"search_term_string\"}}],\"inLanguage\":\"de\"},{\"@type\":\"Organization\",\"@id\":\"https:\\\/\\\/www.koonings.com\\\/de\\\/#organization\",\"name\":\"Koonings\",\"url\":\"https:\\\/\\\/www.koonings.com\\\/de\\\/\",\"logo\":{\"@type\":\"ImageObject\",\"inLanguage\":\"de\",\"@id\":\"https:\\\/\\\/www.koonings.com\\\/de\\\/#\\\/schema\\\/logo\\\/image\\\/\",\"url\":\"https:\\\/\\\/www.koonings.com\\\/wp-content\\\/uploads\\\/2024\\\/07\\\/logo.png\",\"contentUrl\":\"https:\\\/\\\/www.koonings.com\\\/wp-content\\\/uploads\\\/2024\\\/07\\\/logo.png\",\"width\":600,\"height\":428,\"caption\":\"Koonings\"},\"image\":{\"@id\":\"https:\\\/\\\/www.koonings.com\\\/de\\\/#\\\/schema\\\/logo\\\/image\\\/\"},\"sameAs\":[\"https:\\\/\\\/www.facebook.com\\\/kooningstheweddingpalace\",\"https:\\\/\\\/www.instagram.com\\\/kooningstheweddingpalace\",\"https:\\\/\\\/www.pinterest.com\\\/koonings\",\"https:\\\/\\\/www.youtube.com\\\/kooningstheweddingpalace\"]}]}<\/script>\n<!-- \/ Yoast SEO plugin. -->","yoast_head_json":{"title":"Julia Kontogruni JK Couture 174 | Koonings","description":"Dieses elfenbeinfarbene Hochzeitskleid von Julia Kontogruni ist ein echtes Ballkleid. Das Kleid ist ein Couture-Kleid und ist perfekt, wenn Sie sich an Ihrem Hochzeitstag wie eine Prinzessin f\u00fchlen m\u00f6chten. Die Schleppe ist enorm lang. Das Kleid hat au\u00dferdem einen V-Ausschnitt, einen wundersch\u00f6nen durchsichtigen R\u00fccken mit Kn\u00f6pfen und Spitze und das ganze Kleid ist mit Glitzer, Spitze und Pailletten verziert. Die Puff\u00e4rmel und die Schleife auf dem R\u00fccken machen das Kleid zu einem echten M\u00e4rchen.","robots":{"index":"index","follow":"follow","max-snippet":"max-snippet:-1","max-image-preview":"max-image-preview:large","max-video-preview":"max-video-preview:-1"},"canonical":"https:\/\/www.koonings.com\/de\/product\/julia-kontogruni-jk-couture-174\/","og_locale":"de_DE","og_type":"article","og_title":"Julia Kontogruni JK Couture 174 | Koonings","og_description":"Dieses elfenbeinfarbene Hochzeitskleid von Julia Kontogruni ist ein echtes Ballkleid. Das Kleid ist ein Couture-Kleid und ist perfekt, wenn Sie sich an Ihrem Hochzeitstag wie eine Prinzessin f\u00fchlen m\u00f6chten. Die Schleppe ist enorm lang. Das Kleid hat au\u00dferdem einen V-Ausschnitt, einen wundersch\u00f6nen durchsichtigen R\u00fccken mit Kn\u00f6pfen und Spitze und das ganze Kleid ist mit Glitzer, Spitze und Pailletten verziert. Die Puff\u00e4rmel und die Schleife auf dem R\u00fccken machen das Kleid zu einem echten M\u00e4rchen.","og_url":"https:\/\/www.koonings.com\/de\/product\/julia-kontogruni-jk-couture-174\/","og_site_name":"Koonings","article_publisher":"https:\/\/www.facebook.com\/kooningstheweddingpalace","og_image":[{"width":792,"height":1120,"url":"https:\/\/www.koonings.com\/wp-content\/uploads\/2024\/11\/38652_34b15a17aa53c48d7874c6926d5a9be6e0aab2bf4234cc98cb8d9677206bee57c0fad87e.jpeg","type":"image\/jpeg"}],"twitter_card":"summary_large_image","schema":{"@context":"https:\/\/schema.org","@graph":[{"@type":"WebPage","@id":"https:\/\/www.koonings.com\/de\/product\/julia-kontogruni-jk-couture-174\/","url":"https:\/\/www.koonings.com\/de\/product\/julia-kontogruni-jk-couture-174\/","name":"Julia Kontogruni JK Couture 174 | Koonings","isPartOf":{"@id":"https:\/\/www.koonings.com\/de\/#website"},"primaryImageOfPage":{"@id":"https:\/\/www.koonings.com\/de\/product\/julia-kontogruni-jk-couture-174\/#primaryimage"},"image":{"@id":"https:\/\/www.koonings.com\/de\/product\/julia-kontogruni-jk-couture-174\/#primaryimage"},"thumbnailUrl":"https:\/\/www.koonings.com\/wp-content\/uploads\/2024\/11\/38652_34b15a17aa53c48d7874c6926d5a9be6e0aab2bf4234cc98cb8d9677206bee57c0fad87e.jpeg","datePublished":"2026-05-06T13:10:55+00:00","description":"Dieses elfenbeinfarbene Hochzeitskleid von Julia Kontogruni ist ein echtes Ballkleid. Das Kleid ist ein Couture-Kleid und ist perfekt, wenn Sie sich an Ihrem Hochzeitstag wie eine Prinzessin f\u00fchlen m\u00f6chten. Die Schleppe ist enorm lang. Das Kleid hat au\u00dferdem einen V-Ausschnitt, einen wundersch\u00f6nen durchsichtigen R\u00fccken mit Kn\u00f6pfen und Spitze und das ganze Kleid ist mit Glitzer, Spitze und Pailletten verziert. Die Puff\u00e4rmel und die Schleife auf dem R\u00fccken machen das Kleid zu einem echten M\u00e4rchen.","breadcrumb":{"@id":"https:\/\/www.koonings.com\/de\/product\/julia-kontogruni-jk-couture-174\/#breadcrumb"},"inLanguage":"de","potentialAction":[{"@type":"ReadAction","target":["https:\/\/www.koonings.com\/de\/product\/julia-kontogruni-jk-couture-174\/"]}]},{"@type":"ImageObject","inLanguage":"de","@id":"https:\/\/www.koonings.com\/de\/product\/julia-kontogruni-jk-couture-174\/#primaryimage","url":"https:\/\/www.koonings.com\/wp-content\/uploads\/2024\/11\/38652_34b15a17aa53c48d7874c6926d5a9be6e0aab2bf4234cc98cb8d9677206bee57c0fad87e.jpeg","contentUrl":"https:\/\/www.koonings.com\/wp-content\/uploads\/2024\/11\/38652_34b15a17aa53c48d7874c6926d5a9be6e0aab2bf4234cc98cb8d9677206bee57c0fad87e.jpeg","width":792,"height":1120},{"@type":"BreadcrumbList","@id":"https:\/\/www.koonings.com\/de\/product\/julia-kontogruni-jk-couture-174\/#breadcrumb","itemListElement":[{"@type":"ListItem","position":1,"name":"Home","item":"https:\/\/www.koonings.com\/de\/"},{"@type":"ListItem","position":2,"name":"Julia Kontogruni JK Couture 174"}]},{"@type":"WebSite","@id":"https:\/\/www.koonings.com\/de\/#website","url":"https:\/\/www.koonings.com\/de\/","name":"Koonings","description":"De grootste bruidsmodewinkel ter wereld","publisher":{"@id":"https:\/\/www.koonings.com\/de\/#organization"},"potentialAction":[{"@type":"SearchAction","target":{"@type":"EntryPoint","urlTemplate":"https:\/\/www.koonings.com\/de\/?s={search_term_string}"},"query-input":{"@type":"PropertyValueSpecification","valueRequired":true,"valueName":"search_term_string"}}],"inLanguage":"de"},{"@type":"Organization","@id":"https:\/\/www.koonings.com\/de\/#organization","name":"Koonings","url":"https:\/\/www.koonings.com\/de\/","logo":{"@type":"ImageObject","inLanguage":"de","@id":"https:\/\/www.koonings.com\/de\/#\/schema\/logo\/image\/","url":"https:\/\/www.koonings.com\/wp-content\/uploads\/2024\/07\/logo.png","contentUrl":"https:\/\/www.koonings.com\/wp-content\/uploads\/2024\/07\/logo.png","width":600,"height":428,"caption":"Koonings"},"image":{"@id":"https:\/\/www.koonings.com\/de\/#\/schema\/logo\/image\/"},"sameAs":["https:\/\/www.facebook.com\/kooningstheweddingpalace","https:\/\/www.instagram.com\/kooningstheweddingpalace","https:\/\/www.pinterest.com\/koonings","https:\/\/www.youtube.com\/kooningstheweddingpalace"]}]}},"_links":{"self":[{"href":"https:\/\/www.koonings.com\/de\/wp-json\/wp\/v2\/product\/57478","targetHints":{"allow":["GET"]}}],"collection":[{"href":"https:\/\/www.koonings.com\/de\/wp-json\/wp\/v2\/product"}],"about":[{"href":"https:\/\/www.koonings.com\/de\/wp-json\/wp\/v2\/types\/product"}],"wp:featuredmedia":[{"embeddable":true,"href":"https:\/\/www.koonings.com\/de\/wp-json\/wp\/v2\/media\/37210"}],"wp:attachment":[{"href":"https:\/\/www.koonings.com\/de\/wp-json\/wp\/v2\/media?parent=57478"}],"wp:term":[{"taxonomy":"productdetails","embeddable":true,"href":"https:\/\/www.koonings.com\/de\/wp-json\/wp\/v2\/productdetails?post=57478"},{"taxonomy":"productneck","embeddable":true,"href":"https:\/\/www.koonings.com\/de\/wp-json\/wp\/v2\/productneck?post=57478"},{"taxonomy":"productcolor","embeddable":true,"href":"https:\/\/www.koonings.com\/de\/wp-json\/wp\/v2\/productcolor?post=57478"},{"taxonomy":"maat","embeddable":true,"href":"https:\/\/www.koonings.com\/de\/wp-json\/wp\/v2\/maat?post=57478"},{"taxonomy":"productsupplier","embeddable":true,"href":"https:\/\/www.koonings.com\/de\/wp-json\/wp\/v2\/productsupplier?post=57478"},{"taxonomy":"productsleeve","embeddable":true,"href":"https:\/\/www.koonings.com\/de\/wp-json\/wp\/v2\/productsleeve?post=57478"},{"taxonomy":"productcategory","embeddable":true,"href":"https:\/\/www.koonings.com\/de\/wp-json\/wp\/v2\/productcategory?post=57478"},{"taxonomy":"productsilhouette","embeddable":true,"href":"https:\/\/www.koonings.com\/de\/wp-json\/wp\/v2\/productsilhouette?post=57478"},{"taxonomy":"productstyle","embeddable":true,"href":"https:\/\/www.koonings.com\/de\/wp-json\/wp\/v2\/productstyle?post=57478"}],"curies":[{"name":"wp","href":"https:\/\/api.w.org\/{rel}","templated":true}]}}