{"id":57468,"date":"2024-11-18T15:18:17","date_gmt":"2024-11-18T14:18:17","guid":{"rendered":"https:\/\/www.koonings.com\/product\/enzoani-blue-collection-ryder\/"},"modified":"2026-02-03T18:15:42","modified_gmt":"2026-02-03T17:15:42","slug":"enzoani-blue-collection-ryder","status":"publish","type":"product","link":"https:\/\/www.koonings.com\/de\/product\/enzoani-blue-collection-ryder\/","title":{"rendered":"Enzoani Blaue Kollektion Ryder"},"content":{"rendered":"<p>Sie k\u00f6nnen alles haben mit diesem sexy und raffinierten Meerjungfrauenkleid mit einem herzzerrei\u00dfenden Mieder im Korsettstil und verf\u00fchrerischen seitlichen Ausschnitten, die Ihre Kurven akzentuieren. Florale Paillettenspitze ist sorgf\u00e4ltig entlang des Dekollet\u00e9s, des Mieders und des Illusionsr\u00fcckens platziert. Die h\u00fcbschen Spitzendetails laufen am R\u00fccken in einen zierlichen Spitzensaum aus, der m\u00fchelos alle Blicke auf sich zieht.  <\/p>\n","protected":false},"featured_media":37260,"template":"","meta":{"_acf_changed":false,"ghostkit_customizer_options":"","ghostkit_custom_css":"","ghostkit_custom_js_head":"","ghostkit_custom_js_foot":"","ghostkit_typography":""},"productdetails":[],"productneck":[],"productcolor":[],"maat":[],"productsupplier":[405],"productsleeve":[],"productcategory":[426],"productsilhouette":[],"productstyle":[],"class_list":["post-57468","product","type-product","status-publish","has-post-thumbnail","hentry","productsupplier-enzoani-blue-collection","productcategory-trouwjurk-c"],"acf":[],"yoast_head":"<!-- This site is optimized with the Yoast SEO plugin v27.3 - https:\/\/yoast.com\/product\/yoast-seo-wordpress\/ -->\n<title>Enzoani Blaue Kollektion Ryder | Koonings<\/title>\n<meta name=\"description\" content=\"Sie k\u00f6nnen alles haben mit diesem sexy und raffinierten Meerjungfrauenkleid mit einem herzzerrei\u00dfenden Mieder im Korsettstil und verf\u00fchrerischen seitlichen Ausschnitten, die Ihre Kurven akzentuieren. Florale Paillettenspitze ist sorgf\u00e4ltig entlang des Dekollet\u00e9s, des Mieders und des Illusionsr\u00fcckens platziert. Die h\u00fcbschen Spitzendetails laufen am R\u00fccken in einen zierlichen Spitzensaum aus, der m\u00fchelos alle Blicke auf sich zieht.\" \/>\n<meta name=\"robots\" content=\"index, follow, max-snippet:-1, max-image-preview:large, max-video-preview:-1\" \/>\n<link rel=\"canonical\" href=\"https:\/\/www.koonings.com\/de\/product\/enzoani-blue-collection-ryder\/\" \/>\n<meta property=\"og:locale\" content=\"de_DE\" \/>\n<meta property=\"og:type\" content=\"article\" \/>\n<meta property=\"og:title\" content=\"Enzoani Blaue Kollektion Ryder | Koonings\" \/>\n<meta property=\"og:description\" content=\"Sie k\u00f6nnen alles haben mit diesem sexy und raffinierten Meerjungfrauenkleid mit einem herzzerrei\u00dfenden Mieder im Korsettstil und verf\u00fchrerischen seitlichen Ausschnitten, die Ihre Kurven akzentuieren. Florale Paillettenspitze ist sorgf\u00e4ltig entlang des Dekollet\u00e9s, des Mieders und des Illusionsr\u00fcckens platziert. Die h\u00fcbschen Spitzendetails laufen am R\u00fccken in einen zierlichen Spitzensaum aus, der m\u00fchelos alle Blicke auf sich zieht.\" \/>\n<meta property=\"og:url\" content=\"https:\/\/www.koonings.com\/de\/product\/enzoani-blue-collection-ryder\/\" \/>\n<meta property=\"og:site_name\" content=\"Koonings\" \/>\n<meta property=\"article:publisher\" content=\"https:\/\/www.facebook.com\/kooningstheweddingpalace\" \/>\n<meta property=\"article:modified_time\" content=\"2026-02-03T17:15:42+00:00\" \/>\n<meta property=\"og:image\" content=\"https:\/\/www.koonings.com\/wp-content\/uploads\/2024\/11\/38665_9220da43019cd3a9a41960dd557a6397a81ea8bc4bd0d05614ae5f2477ff337fafb89f58.jpeg\" \/>\n\t<meta property=\"og:image:width\" content=\"1035\" \/>\n\t<meta property=\"og:image:height\" content=\"1380\" \/>\n\t<meta property=\"og:image:type\" content=\"image\/jpeg\" \/>\n<meta name=\"twitter:card\" content=\"summary_large_image\" \/>\n<script type=\"application\/ld+json\" class=\"yoast-schema-graph\">{\"@context\":\"https:\\\/\\\/schema.org\",\"@graph\":[{\"@type\":\"WebPage\",\"@id\":\"https:\\\/\\\/www.koonings.com\\\/de\\\/product\\\/enzoani-blue-collection-ryder\\\/\",\"url\":\"https:\\\/\\\/www.koonings.com\\\/de\\\/product\\\/enzoani-blue-collection-ryder\\\/\",\"name\":\"Enzoani Blaue Kollektion Ryder | Koonings\",\"isPartOf\":{\"@id\":\"https:\\\/\\\/www.koonings.com\\\/de\\\/#website\"},\"primaryImageOfPage\":{\"@id\":\"https:\\\/\\\/www.koonings.com\\\/de\\\/product\\\/enzoani-blue-collection-ryder\\\/#primaryimage\"},\"image\":{\"@id\":\"https:\\\/\\\/www.koonings.com\\\/de\\\/product\\\/enzoani-blue-collection-ryder\\\/#primaryimage\"},\"thumbnailUrl\":\"https:\\\/\\\/www.koonings.com\\\/wp-content\\\/uploads\\\/2024\\\/11\\\/38665_9220da43019cd3a9a41960dd557a6397a81ea8bc4bd0d05614ae5f2477ff337fafb89f58.jpeg\",\"datePublished\":\"2024-11-18T14:18:17+00:00\",\"dateModified\":\"2026-02-03T17:15:42+00:00\",\"description\":\"Sie k\u00f6nnen alles haben mit diesem sexy und raffinierten Meerjungfrauenkleid mit einem herzzerrei\u00dfenden Mieder im Korsettstil und verf\u00fchrerischen seitlichen Ausschnitten, die Ihre Kurven akzentuieren. Florale Paillettenspitze ist sorgf\u00e4ltig entlang des Dekollet\u00e9s, des Mieders und des Illusionsr\u00fcckens platziert. Die h\u00fcbschen Spitzendetails laufen am R\u00fccken in einen zierlichen Spitzensaum aus, der m\u00fchelos alle Blicke auf sich zieht.\",\"breadcrumb\":{\"@id\":\"https:\\\/\\\/www.koonings.com\\\/de\\\/product\\\/enzoani-blue-collection-ryder\\\/#breadcrumb\"},\"inLanguage\":\"de\",\"potentialAction\":[{\"@type\":\"ReadAction\",\"target\":[\"https:\\\/\\\/www.koonings.com\\\/de\\\/product\\\/enzoani-blue-collection-ryder\\\/\"]}]},{\"@type\":\"ImageObject\",\"inLanguage\":\"de\",\"@id\":\"https:\\\/\\\/www.koonings.com\\\/de\\\/product\\\/enzoani-blue-collection-ryder\\\/#primaryimage\",\"url\":\"https:\\\/\\\/www.koonings.com\\\/wp-content\\\/uploads\\\/2024\\\/11\\\/38665_9220da43019cd3a9a41960dd557a6397a81ea8bc4bd0d05614ae5f2477ff337fafb89f58.jpeg\",\"contentUrl\":\"https:\\\/\\\/www.koonings.com\\\/wp-content\\\/uploads\\\/2024\\\/11\\\/38665_9220da43019cd3a9a41960dd557a6397a81ea8bc4bd0d05614ae5f2477ff337fafb89f58.jpeg\",\"width\":1035,\"height\":1380},{\"@type\":\"BreadcrumbList\",\"@id\":\"https:\\\/\\\/www.koonings.com\\\/de\\\/product\\\/enzoani-blue-collection-ryder\\\/#breadcrumb\",\"itemListElement\":[{\"@type\":\"ListItem\",\"position\":1,\"name\":\"Home\",\"item\":\"https:\\\/\\\/www.koonings.com\\\/de\\\/\"},{\"@type\":\"ListItem\",\"position\":2,\"name\":\"Enzoani Blaue Kollektion Ryder\"}]},{\"@type\":\"WebSite\",\"@id\":\"https:\\\/\\\/www.koonings.com\\\/de\\\/#website\",\"url\":\"https:\\\/\\\/www.koonings.com\\\/de\\\/\",\"name\":\"Koonings\",\"description\":\"De grootste bruidsmodewinkel ter wereld\",\"publisher\":{\"@id\":\"https:\\\/\\\/www.koonings.com\\\/de\\\/#organization\"},\"potentialAction\":[{\"@type\":\"SearchAction\",\"target\":{\"@type\":\"EntryPoint\",\"urlTemplate\":\"https:\\\/\\\/www.koonings.com\\\/de\\\/?s={search_term_string}\"},\"query-input\":{\"@type\":\"PropertyValueSpecification\",\"valueRequired\":true,\"valueName\":\"search_term_string\"}}],\"inLanguage\":\"de\"},{\"@type\":\"Organization\",\"@id\":\"https:\\\/\\\/www.koonings.com\\\/de\\\/#organization\",\"name\":\"Koonings\",\"url\":\"https:\\\/\\\/www.koonings.com\\\/de\\\/\",\"logo\":{\"@type\":\"ImageObject\",\"inLanguage\":\"de\",\"@id\":\"https:\\\/\\\/www.koonings.com\\\/de\\\/#\\\/schema\\\/logo\\\/image\\\/\",\"url\":\"https:\\\/\\\/www.koonings.com\\\/wp-content\\\/uploads\\\/2024\\\/07\\\/logo.png\",\"contentUrl\":\"https:\\\/\\\/www.koonings.com\\\/wp-content\\\/uploads\\\/2024\\\/07\\\/logo.png\",\"width\":600,\"height\":428,\"caption\":\"Koonings\"},\"image\":{\"@id\":\"https:\\\/\\\/www.koonings.com\\\/de\\\/#\\\/schema\\\/logo\\\/image\\\/\"},\"sameAs\":[\"https:\\\/\\\/www.facebook.com\\\/kooningstheweddingpalace\",\"https:\\\/\\\/www.instagram.com\\\/kooningstheweddingpalace\",\"https:\\\/\\\/www.pinterest.com\\\/koonings\",\"https:\\\/\\\/www.youtube.com\\\/kooningstheweddingpalace\"]}]}<\/script>\n<!-- \/ Yoast SEO plugin. -->","yoast_head_json":{"title":"Enzoani Blaue Kollektion Ryder | Koonings","description":"Sie k\u00f6nnen alles haben mit diesem sexy und raffinierten Meerjungfrauenkleid mit einem herzzerrei\u00dfenden Mieder im Korsettstil und verf\u00fchrerischen seitlichen Ausschnitten, die Ihre Kurven akzentuieren. Florale Paillettenspitze ist sorgf\u00e4ltig entlang des Dekollet\u00e9s, des Mieders und des Illusionsr\u00fcckens platziert. Die h\u00fcbschen Spitzendetails laufen am R\u00fccken in einen zierlichen Spitzensaum aus, der m\u00fchelos alle Blicke auf sich zieht.","robots":{"index":"index","follow":"follow","max-snippet":"max-snippet:-1","max-image-preview":"max-image-preview:large","max-video-preview":"max-video-preview:-1"},"canonical":"https:\/\/www.koonings.com\/de\/product\/enzoani-blue-collection-ryder\/","og_locale":"de_DE","og_type":"article","og_title":"Enzoani Blaue Kollektion Ryder | Koonings","og_description":"Sie k\u00f6nnen alles haben mit diesem sexy und raffinierten Meerjungfrauenkleid mit einem herzzerrei\u00dfenden Mieder im Korsettstil und verf\u00fchrerischen seitlichen Ausschnitten, die Ihre Kurven akzentuieren. Florale Paillettenspitze ist sorgf\u00e4ltig entlang des Dekollet\u00e9s, des Mieders und des Illusionsr\u00fcckens platziert. Die h\u00fcbschen Spitzendetails laufen am R\u00fccken in einen zierlichen Spitzensaum aus, der m\u00fchelos alle Blicke auf sich zieht.","og_url":"https:\/\/www.koonings.com\/de\/product\/enzoani-blue-collection-ryder\/","og_site_name":"Koonings","article_publisher":"https:\/\/www.facebook.com\/kooningstheweddingpalace","article_modified_time":"2026-02-03T17:15:42+00:00","og_image":[{"width":1035,"height":1380,"url":"https:\/\/www.koonings.com\/wp-content\/uploads\/2024\/11\/38665_9220da43019cd3a9a41960dd557a6397a81ea8bc4bd0d05614ae5f2477ff337fafb89f58.jpeg","type":"image\/jpeg"}],"twitter_card":"summary_large_image","schema":{"@context":"https:\/\/schema.org","@graph":[{"@type":"WebPage","@id":"https:\/\/www.koonings.com\/de\/product\/enzoani-blue-collection-ryder\/","url":"https:\/\/www.koonings.com\/de\/product\/enzoani-blue-collection-ryder\/","name":"Enzoani Blaue Kollektion Ryder | Koonings","isPartOf":{"@id":"https:\/\/www.koonings.com\/de\/#website"},"primaryImageOfPage":{"@id":"https:\/\/www.koonings.com\/de\/product\/enzoani-blue-collection-ryder\/#primaryimage"},"image":{"@id":"https:\/\/www.koonings.com\/de\/product\/enzoani-blue-collection-ryder\/#primaryimage"},"thumbnailUrl":"https:\/\/www.koonings.com\/wp-content\/uploads\/2024\/11\/38665_9220da43019cd3a9a41960dd557a6397a81ea8bc4bd0d05614ae5f2477ff337fafb89f58.jpeg","datePublished":"2024-11-18T14:18:17+00:00","dateModified":"2026-02-03T17:15:42+00:00","description":"Sie k\u00f6nnen alles haben mit diesem sexy und raffinierten Meerjungfrauenkleid mit einem herzzerrei\u00dfenden Mieder im Korsettstil und verf\u00fchrerischen seitlichen Ausschnitten, die Ihre Kurven akzentuieren. Florale Paillettenspitze ist sorgf\u00e4ltig entlang des Dekollet\u00e9s, des Mieders und des Illusionsr\u00fcckens platziert. Die h\u00fcbschen Spitzendetails laufen am R\u00fccken in einen zierlichen Spitzensaum aus, der m\u00fchelos alle Blicke auf sich zieht.","breadcrumb":{"@id":"https:\/\/www.koonings.com\/de\/product\/enzoani-blue-collection-ryder\/#breadcrumb"},"inLanguage":"de","potentialAction":[{"@type":"ReadAction","target":["https:\/\/www.koonings.com\/de\/product\/enzoani-blue-collection-ryder\/"]}]},{"@type":"ImageObject","inLanguage":"de","@id":"https:\/\/www.koonings.com\/de\/product\/enzoani-blue-collection-ryder\/#primaryimage","url":"https:\/\/www.koonings.com\/wp-content\/uploads\/2024\/11\/38665_9220da43019cd3a9a41960dd557a6397a81ea8bc4bd0d05614ae5f2477ff337fafb89f58.jpeg","contentUrl":"https:\/\/www.koonings.com\/wp-content\/uploads\/2024\/11\/38665_9220da43019cd3a9a41960dd557a6397a81ea8bc4bd0d05614ae5f2477ff337fafb89f58.jpeg","width":1035,"height":1380},{"@type":"BreadcrumbList","@id":"https:\/\/www.koonings.com\/de\/product\/enzoani-blue-collection-ryder\/#breadcrumb","itemListElement":[{"@type":"ListItem","position":1,"name":"Home","item":"https:\/\/www.koonings.com\/de\/"},{"@type":"ListItem","position":2,"name":"Enzoani Blaue Kollektion Ryder"}]},{"@type":"WebSite","@id":"https:\/\/www.koonings.com\/de\/#website","url":"https:\/\/www.koonings.com\/de\/","name":"Koonings","description":"De grootste bruidsmodewinkel ter wereld","publisher":{"@id":"https:\/\/www.koonings.com\/de\/#organization"},"potentialAction":[{"@type":"SearchAction","target":{"@type":"EntryPoint","urlTemplate":"https:\/\/www.koonings.com\/de\/?s={search_term_string}"},"query-input":{"@type":"PropertyValueSpecification","valueRequired":true,"valueName":"search_term_string"}}],"inLanguage":"de"},{"@type":"Organization","@id":"https:\/\/www.koonings.com\/de\/#organization","name":"Koonings","url":"https:\/\/www.koonings.com\/de\/","logo":{"@type":"ImageObject","inLanguage":"de","@id":"https:\/\/www.koonings.com\/de\/#\/schema\/logo\/image\/","url":"https:\/\/www.koonings.com\/wp-content\/uploads\/2024\/07\/logo.png","contentUrl":"https:\/\/www.koonings.com\/wp-content\/uploads\/2024\/07\/logo.png","width":600,"height":428,"caption":"Koonings"},"image":{"@id":"https:\/\/www.koonings.com\/de\/#\/schema\/logo\/image\/"},"sameAs":["https:\/\/www.facebook.com\/kooningstheweddingpalace","https:\/\/www.instagram.com\/kooningstheweddingpalace","https:\/\/www.pinterest.com\/koonings","https:\/\/www.youtube.com\/kooningstheweddingpalace"]}]}},"_links":{"self":[{"href":"https:\/\/www.koonings.com\/de\/wp-json\/wp\/v2\/product\/57468","targetHints":{"allow":["GET"]}}],"collection":[{"href":"https:\/\/www.koonings.com\/de\/wp-json\/wp\/v2\/product"}],"about":[{"href":"https:\/\/www.koonings.com\/de\/wp-json\/wp\/v2\/types\/product"}],"wp:featuredmedia":[{"embeddable":true,"href":"https:\/\/www.koonings.com\/de\/wp-json\/wp\/v2\/media\/37260"}],"wp:attachment":[{"href":"https:\/\/www.koonings.com\/de\/wp-json\/wp\/v2\/media?parent=57468"}],"wp:term":[{"taxonomy":"productdetails","embeddable":true,"href":"https:\/\/www.koonings.com\/de\/wp-json\/wp\/v2\/productdetails?post=57468"},{"taxonomy":"productneck","embeddable":true,"href":"https:\/\/www.koonings.com\/de\/wp-json\/wp\/v2\/productneck?post=57468"},{"taxonomy":"productcolor","embeddable":true,"href":"https:\/\/www.koonings.com\/de\/wp-json\/wp\/v2\/productcolor?post=57468"},{"taxonomy":"maat","embeddable":true,"href":"https:\/\/www.koonings.com\/de\/wp-json\/wp\/v2\/maat?post=57468"},{"taxonomy":"productsupplier","embeddable":true,"href":"https:\/\/www.koonings.com\/de\/wp-json\/wp\/v2\/productsupplier?post=57468"},{"taxonomy":"productsleeve","embeddable":true,"href":"https:\/\/www.koonings.com\/de\/wp-json\/wp\/v2\/productsleeve?post=57468"},{"taxonomy":"productcategory","embeddable":true,"href":"https:\/\/www.koonings.com\/de\/wp-json\/wp\/v2\/productcategory?post=57468"},{"taxonomy":"productsilhouette","embeddable":true,"href":"https:\/\/www.koonings.com\/de\/wp-json\/wp\/v2\/productsilhouette?post=57468"},{"taxonomy":"productstyle","embeddable":true,"href":"https:\/\/www.koonings.com\/de\/wp-json\/wp\/v2\/productstyle?post=57468"}],"curies":[{"name":"wp","href":"https:\/\/api.w.org\/{rel}","templated":true}]}}