{"id":57465,"date":"2026-04-14T16:12:18","date_gmt":"2026-04-14T14:12:18","guid":{"rendered":"https:\/\/www.koonings.com\/product\/elysee-ciel-l\/"},"modified":"2026-02-16T14:44:18","modified_gmt":"2026-02-16T13:44:18","slug":"elysee-ciel-l","status":"publish","type":"product","link":"https:\/\/www.koonings.com\/de\/product\/elysee-ciel-l\/","title":{"rendered":"Elysee Ciel-L"},"content":{"rendered":"<p>Modell Ciel ist das Kleid, das alles hat! Dieses sexy, schimmernde Meerjungfrauen-Hochzeitskleid hat einen tiefen, herzf\u00f6rmigen Ausschnitt und barocke Spitze mit Pailletten auf dem Mieder, die jeden zum Staunen bringen wird.  Dieses atemberaubende Kleid verf\u00fcgt au\u00dferdem \u00fcber ein auff\u00e4lliges, sichtbares Illusionskorsett am R\u00fccken mit einer Schleppe aus weichem T\u00fcll. Die einzigartigen abnehmbaren Blouson\u00e4rmel verleihen diesem eleganten Brautlook genau die richtige Portion Drama. <\/p>\n","protected":false},"featured_media":37294,"template":"","meta":{"_acf_changed":false,"ghostkit_customizer_options":"","ghostkit_custom_css":"","ghostkit_custom_js_head":"","ghostkit_custom_js_foot":"","ghostkit_typography":""},"productdetails":[379,376,381],"productneck":[354,355],"productcolor":[393,392],"maat":[],"productsupplier":[427],"productsleeve":[],"productcategory":[18],"productsilhouette":[387],"productstyle":[366,370],"class_list":["post-57465","product","type-product","status-publish","has-post-thumbnail","hentry","productdetails-379","productdetails-376","productdetails-381","productneck-354","productneck-355","productcolor-393","productcolor-392","productsupplier-elysee","productcategory-trouwjurken","productsilhouette-387","productstyle-366","productstyle-370"],"acf":[],"yoast_head":"<!-- This site is optimized with the Yoast SEO plugin v27.3 - https:\/\/yoast.com\/product\/yoast-seo-wordpress\/ -->\n<title>Elysee Ciel-L | Koonings<\/title>\n<meta name=\"description\" content=\"Modell Ciel ist das Kleid, das alles hat! Dieses sexy, schimmernde Meerjungfrauen-Hochzeitskleid hat einen tiefen, herzf\u00f6rmigen Ausschnitt und barocke Spitze mit Pailletten auf dem Mieder, die jeden zum Staunen bringen wird. Dieses atemberaubende Kleid verf\u00fcgt au\u00dferdem \u00fcber ein auff\u00e4lliges, sichtbares Illusionskorsett am R\u00fccken mit einer Schleppe aus weichem T\u00fcll. Die einzigartigen abnehmbaren Blouson\u00e4rmel verleihen diesem eleganten Brautlook genau die richtige Portion Drama.\" \/>\n<meta name=\"robots\" content=\"index, follow, max-snippet:-1, max-image-preview:large, max-video-preview:-1\" \/>\n<link rel=\"canonical\" href=\"https:\/\/www.koonings.com\/de\/product\/elysee-ciel-l\/\" \/>\n<meta property=\"og:locale\" content=\"de_DE\" \/>\n<meta property=\"og:type\" content=\"article\" \/>\n<meta property=\"og:title\" content=\"Elysee Ciel-L | Koonings\" \/>\n<meta property=\"og:description\" content=\"Modell Ciel ist das Kleid, das alles hat! Dieses sexy, schimmernde Meerjungfrauen-Hochzeitskleid hat einen tiefen, herzf\u00f6rmigen Ausschnitt und barocke Spitze mit Pailletten auf dem Mieder, die jeden zum Staunen bringen wird. Dieses atemberaubende Kleid verf\u00fcgt au\u00dferdem \u00fcber ein auff\u00e4lliges, sichtbares Illusionskorsett am R\u00fccken mit einer Schleppe aus weichem T\u00fcll. Die einzigartigen abnehmbaren Blouson\u00e4rmel verleihen diesem eleganten Brautlook genau die richtige Portion Drama.\" \/>\n<meta property=\"og:url\" content=\"https:\/\/www.koonings.com\/de\/product\/elysee-ciel-l\/\" \/>\n<meta property=\"og:site_name\" content=\"Koonings\" \/>\n<meta property=\"article:publisher\" content=\"https:\/\/www.facebook.com\/kooningstheweddingpalace\" \/>\n<meta property=\"og:image\" content=\"https:\/\/www.koonings.com\/wp-content\/uploads\/2024\/11\/38668_e13dc6e42468a9a3e05a21d32ece5a0c9f75910d95377a05fd3979d06609a5ba474ba3ed.jpeg\" \/>\n\t<meta property=\"og:image:width\" content=\"1035\" \/>\n\t<meta property=\"og:image:height\" content=\"1380\" \/>\n\t<meta property=\"og:image:type\" content=\"image\/jpeg\" \/>\n<meta name=\"twitter:card\" content=\"summary_large_image\" \/>\n<script type=\"application\/ld+json\" class=\"yoast-schema-graph\">{\"@context\":\"https:\\\/\\\/schema.org\",\"@graph\":[{\"@type\":\"WebPage\",\"@id\":\"https:\\\/\\\/www.koonings.com\\\/de\\\/product\\\/elysee-ciel-l\\\/\",\"url\":\"https:\\\/\\\/www.koonings.com\\\/de\\\/product\\\/elysee-ciel-l\\\/\",\"name\":\"Elysee Ciel-L | Koonings\",\"isPartOf\":{\"@id\":\"https:\\\/\\\/www.koonings.com\\\/de\\\/#website\"},\"primaryImageOfPage\":{\"@id\":\"https:\\\/\\\/www.koonings.com\\\/de\\\/product\\\/elysee-ciel-l\\\/#primaryimage\"},\"image\":{\"@id\":\"https:\\\/\\\/www.koonings.com\\\/de\\\/product\\\/elysee-ciel-l\\\/#primaryimage\"},\"thumbnailUrl\":\"https:\\\/\\\/www.koonings.com\\\/wp-content\\\/uploads\\\/2024\\\/11\\\/38668_e13dc6e42468a9a3e05a21d32ece5a0c9f75910d95377a05fd3979d06609a5ba474ba3ed.jpeg\",\"datePublished\":\"2026-04-14T14:12:18+00:00\",\"description\":\"Modell Ciel ist das Kleid, das alles hat! Dieses sexy, schimmernde Meerjungfrauen-Hochzeitskleid hat einen tiefen, herzf\u00f6rmigen Ausschnitt und barocke Spitze mit Pailletten auf dem Mieder, die jeden zum Staunen bringen wird. Dieses atemberaubende Kleid verf\u00fcgt au\u00dferdem \u00fcber ein auff\u00e4lliges, sichtbares Illusionskorsett am R\u00fccken mit einer Schleppe aus weichem T\u00fcll. Die einzigartigen abnehmbaren Blouson\u00e4rmel verleihen diesem eleganten Brautlook genau die richtige Portion Drama.\",\"breadcrumb\":{\"@id\":\"https:\\\/\\\/www.koonings.com\\\/de\\\/product\\\/elysee-ciel-l\\\/#breadcrumb\"},\"inLanguage\":\"de\",\"potentialAction\":[{\"@type\":\"ReadAction\",\"target\":[\"https:\\\/\\\/www.koonings.com\\\/de\\\/product\\\/elysee-ciel-l\\\/\"]}]},{\"@type\":\"ImageObject\",\"inLanguage\":\"de\",\"@id\":\"https:\\\/\\\/www.koonings.com\\\/de\\\/product\\\/elysee-ciel-l\\\/#primaryimage\",\"url\":\"https:\\\/\\\/www.koonings.com\\\/wp-content\\\/uploads\\\/2024\\\/11\\\/38668_e13dc6e42468a9a3e05a21d32ece5a0c9f75910d95377a05fd3979d06609a5ba474ba3ed.jpeg\",\"contentUrl\":\"https:\\\/\\\/www.koonings.com\\\/wp-content\\\/uploads\\\/2024\\\/11\\\/38668_e13dc6e42468a9a3e05a21d32ece5a0c9f75910d95377a05fd3979d06609a5ba474ba3ed.jpeg\",\"width\":1035,\"height\":1380},{\"@type\":\"BreadcrumbList\",\"@id\":\"https:\\\/\\\/www.koonings.com\\\/de\\\/product\\\/elysee-ciel-l\\\/#breadcrumb\",\"itemListElement\":[{\"@type\":\"ListItem\",\"position\":1,\"name\":\"Home\",\"item\":\"https:\\\/\\\/www.koonings.com\\\/de\\\/\"},{\"@type\":\"ListItem\",\"position\":2,\"name\":\"Elysee Ciel-L\"}]},{\"@type\":\"WebSite\",\"@id\":\"https:\\\/\\\/www.koonings.com\\\/de\\\/#website\",\"url\":\"https:\\\/\\\/www.koonings.com\\\/de\\\/\",\"name\":\"Koonings\",\"description\":\"De grootste bruidsmodewinkel ter wereld\",\"publisher\":{\"@id\":\"https:\\\/\\\/www.koonings.com\\\/de\\\/#organization\"},\"potentialAction\":[{\"@type\":\"SearchAction\",\"target\":{\"@type\":\"EntryPoint\",\"urlTemplate\":\"https:\\\/\\\/www.koonings.com\\\/de\\\/?s={search_term_string}\"},\"query-input\":{\"@type\":\"PropertyValueSpecification\",\"valueRequired\":true,\"valueName\":\"search_term_string\"}}],\"inLanguage\":\"de\"},{\"@type\":\"Organization\",\"@id\":\"https:\\\/\\\/www.koonings.com\\\/de\\\/#organization\",\"name\":\"Koonings\",\"url\":\"https:\\\/\\\/www.koonings.com\\\/de\\\/\",\"logo\":{\"@type\":\"ImageObject\",\"inLanguage\":\"de\",\"@id\":\"https:\\\/\\\/www.koonings.com\\\/de\\\/#\\\/schema\\\/logo\\\/image\\\/\",\"url\":\"https:\\\/\\\/www.koonings.com\\\/wp-content\\\/uploads\\\/2024\\\/07\\\/logo.png\",\"contentUrl\":\"https:\\\/\\\/www.koonings.com\\\/wp-content\\\/uploads\\\/2024\\\/07\\\/logo.png\",\"width\":600,\"height\":428,\"caption\":\"Koonings\"},\"image\":{\"@id\":\"https:\\\/\\\/www.koonings.com\\\/de\\\/#\\\/schema\\\/logo\\\/image\\\/\"},\"sameAs\":[\"https:\\\/\\\/www.facebook.com\\\/kooningstheweddingpalace\",\"https:\\\/\\\/www.instagram.com\\\/kooningstheweddingpalace\",\"https:\\\/\\\/www.pinterest.com\\\/koonings\",\"https:\\\/\\\/www.youtube.com\\\/kooningstheweddingpalace\"]}]}<\/script>\n<!-- \/ Yoast SEO plugin. -->","yoast_head_json":{"title":"Elysee Ciel-L | Koonings","description":"Modell Ciel ist das Kleid, das alles hat! Dieses sexy, schimmernde Meerjungfrauen-Hochzeitskleid hat einen tiefen, herzf\u00f6rmigen Ausschnitt und barocke Spitze mit Pailletten auf dem Mieder, die jeden zum Staunen bringen wird. Dieses atemberaubende Kleid verf\u00fcgt au\u00dferdem \u00fcber ein auff\u00e4lliges, sichtbares Illusionskorsett am R\u00fccken mit einer Schleppe aus weichem T\u00fcll. Die einzigartigen abnehmbaren Blouson\u00e4rmel verleihen diesem eleganten Brautlook genau die richtige Portion Drama.","robots":{"index":"index","follow":"follow","max-snippet":"max-snippet:-1","max-image-preview":"max-image-preview:large","max-video-preview":"max-video-preview:-1"},"canonical":"https:\/\/www.koonings.com\/de\/product\/elysee-ciel-l\/","og_locale":"de_DE","og_type":"article","og_title":"Elysee Ciel-L | Koonings","og_description":"Modell Ciel ist das Kleid, das alles hat! Dieses sexy, schimmernde Meerjungfrauen-Hochzeitskleid hat einen tiefen, herzf\u00f6rmigen Ausschnitt und barocke Spitze mit Pailletten auf dem Mieder, die jeden zum Staunen bringen wird. Dieses atemberaubende Kleid verf\u00fcgt au\u00dferdem \u00fcber ein auff\u00e4lliges, sichtbares Illusionskorsett am R\u00fccken mit einer Schleppe aus weichem T\u00fcll. Die einzigartigen abnehmbaren Blouson\u00e4rmel verleihen diesem eleganten Brautlook genau die richtige Portion Drama.","og_url":"https:\/\/www.koonings.com\/de\/product\/elysee-ciel-l\/","og_site_name":"Koonings","article_publisher":"https:\/\/www.facebook.com\/kooningstheweddingpalace","og_image":[{"width":1035,"height":1380,"url":"https:\/\/www.koonings.com\/wp-content\/uploads\/2024\/11\/38668_e13dc6e42468a9a3e05a21d32ece5a0c9f75910d95377a05fd3979d06609a5ba474ba3ed.jpeg","type":"image\/jpeg"}],"twitter_card":"summary_large_image","schema":{"@context":"https:\/\/schema.org","@graph":[{"@type":"WebPage","@id":"https:\/\/www.koonings.com\/de\/product\/elysee-ciel-l\/","url":"https:\/\/www.koonings.com\/de\/product\/elysee-ciel-l\/","name":"Elysee Ciel-L | Koonings","isPartOf":{"@id":"https:\/\/www.koonings.com\/de\/#website"},"primaryImageOfPage":{"@id":"https:\/\/www.koonings.com\/de\/product\/elysee-ciel-l\/#primaryimage"},"image":{"@id":"https:\/\/www.koonings.com\/de\/product\/elysee-ciel-l\/#primaryimage"},"thumbnailUrl":"https:\/\/www.koonings.com\/wp-content\/uploads\/2024\/11\/38668_e13dc6e42468a9a3e05a21d32ece5a0c9f75910d95377a05fd3979d06609a5ba474ba3ed.jpeg","datePublished":"2026-04-14T14:12:18+00:00","description":"Modell Ciel ist das Kleid, das alles hat! Dieses sexy, schimmernde Meerjungfrauen-Hochzeitskleid hat einen tiefen, herzf\u00f6rmigen Ausschnitt und barocke Spitze mit Pailletten auf dem Mieder, die jeden zum Staunen bringen wird. Dieses atemberaubende Kleid verf\u00fcgt au\u00dferdem \u00fcber ein auff\u00e4lliges, sichtbares Illusionskorsett am R\u00fccken mit einer Schleppe aus weichem T\u00fcll. Die einzigartigen abnehmbaren Blouson\u00e4rmel verleihen diesem eleganten Brautlook genau die richtige Portion Drama.","breadcrumb":{"@id":"https:\/\/www.koonings.com\/de\/product\/elysee-ciel-l\/#breadcrumb"},"inLanguage":"de","potentialAction":[{"@type":"ReadAction","target":["https:\/\/www.koonings.com\/de\/product\/elysee-ciel-l\/"]}]},{"@type":"ImageObject","inLanguage":"de","@id":"https:\/\/www.koonings.com\/de\/product\/elysee-ciel-l\/#primaryimage","url":"https:\/\/www.koonings.com\/wp-content\/uploads\/2024\/11\/38668_e13dc6e42468a9a3e05a21d32ece5a0c9f75910d95377a05fd3979d06609a5ba474ba3ed.jpeg","contentUrl":"https:\/\/www.koonings.com\/wp-content\/uploads\/2024\/11\/38668_e13dc6e42468a9a3e05a21d32ece5a0c9f75910d95377a05fd3979d06609a5ba474ba3ed.jpeg","width":1035,"height":1380},{"@type":"BreadcrumbList","@id":"https:\/\/www.koonings.com\/de\/product\/elysee-ciel-l\/#breadcrumb","itemListElement":[{"@type":"ListItem","position":1,"name":"Home","item":"https:\/\/www.koonings.com\/de\/"},{"@type":"ListItem","position":2,"name":"Elysee Ciel-L"}]},{"@type":"WebSite","@id":"https:\/\/www.koonings.com\/de\/#website","url":"https:\/\/www.koonings.com\/de\/","name":"Koonings","description":"De grootste bruidsmodewinkel ter wereld","publisher":{"@id":"https:\/\/www.koonings.com\/de\/#organization"},"potentialAction":[{"@type":"SearchAction","target":{"@type":"EntryPoint","urlTemplate":"https:\/\/www.koonings.com\/de\/?s={search_term_string}"},"query-input":{"@type":"PropertyValueSpecification","valueRequired":true,"valueName":"search_term_string"}}],"inLanguage":"de"},{"@type":"Organization","@id":"https:\/\/www.koonings.com\/de\/#organization","name":"Koonings","url":"https:\/\/www.koonings.com\/de\/","logo":{"@type":"ImageObject","inLanguage":"de","@id":"https:\/\/www.koonings.com\/de\/#\/schema\/logo\/image\/","url":"https:\/\/www.koonings.com\/wp-content\/uploads\/2024\/07\/logo.png","contentUrl":"https:\/\/www.koonings.com\/wp-content\/uploads\/2024\/07\/logo.png","width":600,"height":428,"caption":"Koonings"},"image":{"@id":"https:\/\/www.koonings.com\/de\/#\/schema\/logo\/image\/"},"sameAs":["https:\/\/www.facebook.com\/kooningstheweddingpalace","https:\/\/www.instagram.com\/kooningstheweddingpalace","https:\/\/www.pinterest.com\/koonings","https:\/\/www.youtube.com\/kooningstheweddingpalace"]}]}},"_links":{"self":[{"href":"https:\/\/www.koonings.com\/de\/wp-json\/wp\/v2\/product\/57465","targetHints":{"allow":["GET"]}}],"collection":[{"href":"https:\/\/www.koonings.com\/de\/wp-json\/wp\/v2\/product"}],"about":[{"href":"https:\/\/www.koonings.com\/de\/wp-json\/wp\/v2\/types\/product"}],"wp:featuredmedia":[{"embeddable":true,"href":"https:\/\/www.koonings.com\/de\/wp-json\/wp\/v2\/media\/37294"}],"wp:attachment":[{"href":"https:\/\/www.koonings.com\/de\/wp-json\/wp\/v2\/media?parent=57465"}],"wp:term":[{"taxonomy":"productdetails","embeddable":true,"href":"https:\/\/www.koonings.com\/de\/wp-json\/wp\/v2\/productdetails?post=57465"},{"taxonomy":"productneck","embeddable":true,"href":"https:\/\/www.koonings.com\/de\/wp-json\/wp\/v2\/productneck?post=57465"},{"taxonomy":"productcolor","embeddable":true,"href":"https:\/\/www.koonings.com\/de\/wp-json\/wp\/v2\/productcolor?post=57465"},{"taxonomy":"maat","embeddable":true,"href":"https:\/\/www.koonings.com\/de\/wp-json\/wp\/v2\/maat?post=57465"},{"taxonomy":"productsupplier","embeddable":true,"href":"https:\/\/www.koonings.com\/de\/wp-json\/wp\/v2\/productsupplier?post=57465"},{"taxonomy":"productsleeve","embeddable":true,"href":"https:\/\/www.koonings.com\/de\/wp-json\/wp\/v2\/productsleeve?post=57465"},{"taxonomy":"productcategory","embeddable":true,"href":"https:\/\/www.koonings.com\/de\/wp-json\/wp\/v2\/productcategory?post=57465"},{"taxonomy":"productsilhouette","embeddable":true,"href":"https:\/\/www.koonings.com\/de\/wp-json\/wp\/v2\/productsilhouette?post=57465"},{"taxonomy":"productstyle","embeddable":true,"href":"https:\/\/www.koonings.com\/de\/wp-json\/wp\/v2\/productstyle?post=57465"}],"curies":[{"name":"wp","href":"https:\/\/api.w.org\/{rel}","templated":true}]}}