{"id":57459,"date":"2025-12-15T00:16:13","date_gmt":"2025-12-14T23:16:13","guid":{"rendered":"https:\/\/www.koonings.com\/product\/enzoani-blue-collection-rosemary-l\/"},"modified":"2026-02-03T18:15:58","modified_gmt":"2026-02-03T17:15:58","slug":"enzoani-blue-collection-rosemary-l","status":"publish","type":"product","link":"https:\/\/www.koonings.com\/de\/product\/enzoani-blue-collection-rosemary-l\/","title":{"rendered":"Enzoani Blaue Kollektion Rosemary-L"},"content":{"rendered":"<p>Strahlen Sie aus jedem Blickwinkel mit dieser sexy und funkelnden Silhouette. Dieses k\u00f6stliche Kleid verf\u00fcgt \u00fcber einen quadratischen Ausschnitt, st\u00fctzende Tr\u00e4ger und einen R\u00fccken im Korsettstil mit einem wundersch\u00f6nen Perlenbesatz f\u00fcr einen glamour\u00f6sen Touch. Die auff\u00e4llige bestickte Spitze ist sorgf\u00e4ltig entlang des Mieders und des Rocks platziert, zusammen mit den seitlichen Illusionsausschnitten, die Ihre Kurven betonen.  <\/p>\n","protected":false},"featured_media":37315,"template":"","meta":{"_acf_changed":false,"ghostkit_customizer_options":"","ghostkit_custom_css":"","ghostkit_custom_js_head":"","ghostkit_custom_js_foot":"","ghostkit_typography":""},"productdetails":[379,376],"productneck":[352],"productcolor":[393,392],"maat":[],"productsupplier":[405],"productsleeve":[359],"productcategory":[18],"productsilhouette":[387],"productstyle":[366,370],"class_list":["post-57459","product","type-product","status-publish","has-post-thumbnail","hentry","productdetails-379","productdetails-376","productneck-352","productcolor-393","productcolor-392","productsupplier-enzoani-blue-collection","productsleeve-359","productcategory-trouwjurken","productsilhouette-387","productstyle-366","productstyle-370"],"acf":[],"yoast_head":"<!-- This site is optimized with the Yoast SEO plugin v27.3 - https:\/\/yoast.com\/product\/yoast-seo-wordpress\/ -->\n<title>Enzoani Blaue Kollektion Rosemary-L | Koonings<\/title>\n<meta name=\"description\" content=\"Strahlen Sie aus jedem Blickwinkel mit dieser sexy und funkelnden Silhouette. Dieses k\u00f6stliche Kleid verf\u00fcgt \u00fcber einen quadratischen Ausschnitt, st\u00fctzende Tr\u00e4ger und einen R\u00fccken im Korsettstil mit einem wundersch\u00f6nen Perlenbesatz f\u00fcr einen glamour\u00f6sen Touch. Die auff\u00e4llige bestickte Spitze ist sorgf\u00e4ltig entlang des Mieders und des Rocks platziert, zusammen mit den seitlichen Illusionsausschnitten, die Ihre Kurven betonen.\" \/>\n<meta name=\"robots\" content=\"index, follow, max-snippet:-1, max-image-preview:large, max-video-preview:-1\" \/>\n<link rel=\"canonical\" href=\"https:\/\/www.koonings.com\/de\/product\/enzoani-blue-collection-rosemary-l\/\" \/>\n<meta property=\"og:locale\" content=\"de_DE\" \/>\n<meta property=\"og:type\" content=\"article\" \/>\n<meta property=\"og:title\" content=\"Enzoani Blaue Kollektion Rosemary-L | Koonings\" \/>\n<meta property=\"og:description\" content=\"Strahlen Sie aus jedem Blickwinkel mit dieser sexy und funkelnden Silhouette. Dieses k\u00f6stliche Kleid verf\u00fcgt \u00fcber einen quadratischen Ausschnitt, st\u00fctzende Tr\u00e4ger und einen R\u00fccken im Korsettstil mit einem wundersch\u00f6nen Perlenbesatz f\u00fcr einen glamour\u00f6sen Touch. Die auff\u00e4llige bestickte Spitze ist sorgf\u00e4ltig entlang des Mieders und des Rocks platziert, zusammen mit den seitlichen Illusionsausschnitten, die Ihre Kurven betonen.\" \/>\n<meta property=\"og:url\" content=\"https:\/\/www.koonings.com\/de\/product\/enzoani-blue-collection-rosemary-l\/\" \/>\n<meta property=\"og:site_name\" content=\"Koonings\" \/>\n<meta property=\"article:publisher\" content=\"https:\/\/www.facebook.com\/kooningstheweddingpalace\" \/>\n<meta property=\"article:modified_time\" content=\"2026-02-03T17:15:58+00:00\" \/>\n<meta property=\"og:image\" content=\"https:\/\/www.koonings.com\/wp-content\/uploads\/2024\/11\/38669_654abec3d8d9538ac832f9ae85412b8bd23f00de8a7f48d87a97e11ce08f7b0ec0b7f847.jpeg\" \/>\n\t<meta property=\"og:image:width\" content=\"1035\" \/>\n\t<meta property=\"og:image:height\" content=\"1380\" \/>\n\t<meta property=\"og:image:type\" content=\"image\/jpeg\" \/>\n<meta name=\"twitter:card\" content=\"summary_large_image\" \/>\n<script type=\"application\/ld+json\" class=\"yoast-schema-graph\">{\"@context\":\"https:\\\/\\\/schema.org\",\"@graph\":[{\"@type\":\"WebPage\",\"@id\":\"https:\\\/\\\/www.koonings.com\\\/de\\\/product\\\/enzoani-blue-collection-rosemary-l\\\/\",\"url\":\"https:\\\/\\\/www.koonings.com\\\/de\\\/product\\\/enzoani-blue-collection-rosemary-l\\\/\",\"name\":\"Enzoani Blaue Kollektion Rosemary-L | Koonings\",\"isPartOf\":{\"@id\":\"https:\\\/\\\/www.koonings.com\\\/de\\\/#website\"},\"primaryImageOfPage\":{\"@id\":\"https:\\\/\\\/www.koonings.com\\\/de\\\/product\\\/enzoani-blue-collection-rosemary-l\\\/#primaryimage\"},\"image\":{\"@id\":\"https:\\\/\\\/www.koonings.com\\\/de\\\/product\\\/enzoani-blue-collection-rosemary-l\\\/#primaryimage\"},\"thumbnailUrl\":\"https:\\\/\\\/www.koonings.com\\\/wp-content\\\/uploads\\\/2024\\\/11\\\/38669_654abec3d8d9538ac832f9ae85412b8bd23f00de8a7f48d87a97e11ce08f7b0ec0b7f847.jpeg\",\"datePublished\":\"2025-12-14T23:16:13+00:00\",\"dateModified\":\"2026-02-03T17:15:58+00:00\",\"description\":\"Strahlen Sie aus jedem Blickwinkel mit dieser sexy und funkelnden Silhouette. Dieses k\u00f6stliche Kleid verf\u00fcgt \u00fcber einen quadratischen Ausschnitt, st\u00fctzende Tr\u00e4ger und einen R\u00fccken im Korsettstil mit einem wundersch\u00f6nen Perlenbesatz f\u00fcr einen glamour\u00f6sen Touch. Die auff\u00e4llige bestickte Spitze ist sorgf\u00e4ltig entlang des Mieders und des Rocks platziert, zusammen mit den seitlichen Illusionsausschnitten, die Ihre Kurven betonen.\",\"breadcrumb\":{\"@id\":\"https:\\\/\\\/www.koonings.com\\\/de\\\/product\\\/enzoani-blue-collection-rosemary-l\\\/#breadcrumb\"},\"inLanguage\":\"de\",\"potentialAction\":[{\"@type\":\"ReadAction\",\"target\":[\"https:\\\/\\\/www.koonings.com\\\/de\\\/product\\\/enzoani-blue-collection-rosemary-l\\\/\"]}]},{\"@type\":\"ImageObject\",\"inLanguage\":\"de\",\"@id\":\"https:\\\/\\\/www.koonings.com\\\/de\\\/product\\\/enzoani-blue-collection-rosemary-l\\\/#primaryimage\",\"url\":\"https:\\\/\\\/www.koonings.com\\\/wp-content\\\/uploads\\\/2024\\\/11\\\/38669_654abec3d8d9538ac832f9ae85412b8bd23f00de8a7f48d87a97e11ce08f7b0ec0b7f847.jpeg\",\"contentUrl\":\"https:\\\/\\\/www.koonings.com\\\/wp-content\\\/uploads\\\/2024\\\/11\\\/38669_654abec3d8d9538ac832f9ae85412b8bd23f00de8a7f48d87a97e11ce08f7b0ec0b7f847.jpeg\",\"width\":1035,\"height\":1380},{\"@type\":\"BreadcrumbList\",\"@id\":\"https:\\\/\\\/www.koonings.com\\\/de\\\/product\\\/enzoani-blue-collection-rosemary-l\\\/#breadcrumb\",\"itemListElement\":[{\"@type\":\"ListItem\",\"position\":1,\"name\":\"Home\",\"item\":\"https:\\\/\\\/www.koonings.com\\\/de\\\/\"},{\"@type\":\"ListItem\",\"position\":2,\"name\":\"Enzoani Blaue Kollektion Rosemary-L\"}]},{\"@type\":\"WebSite\",\"@id\":\"https:\\\/\\\/www.koonings.com\\\/de\\\/#website\",\"url\":\"https:\\\/\\\/www.koonings.com\\\/de\\\/\",\"name\":\"Koonings\",\"description\":\"De grootste bruidsmodewinkel ter wereld\",\"publisher\":{\"@id\":\"https:\\\/\\\/www.koonings.com\\\/de\\\/#organization\"},\"potentialAction\":[{\"@type\":\"SearchAction\",\"target\":{\"@type\":\"EntryPoint\",\"urlTemplate\":\"https:\\\/\\\/www.koonings.com\\\/de\\\/?s={search_term_string}\"},\"query-input\":{\"@type\":\"PropertyValueSpecification\",\"valueRequired\":true,\"valueName\":\"search_term_string\"}}],\"inLanguage\":\"de\"},{\"@type\":\"Organization\",\"@id\":\"https:\\\/\\\/www.koonings.com\\\/de\\\/#organization\",\"name\":\"Koonings\",\"url\":\"https:\\\/\\\/www.koonings.com\\\/de\\\/\",\"logo\":{\"@type\":\"ImageObject\",\"inLanguage\":\"de\",\"@id\":\"https:\\\/\\\/www.koonings.com\\\/de\\\/#\\\/schema\\\/logo\\\/image\\\/\",\"url\":\"https:\\\/\\\/www.koonings.com\\\/wp-content\\\/uploads\\\/2024\\\/07\\\/logo.png\",\"contentUrl\":\"https:\\\/\\\/www.koonings.com\\\/wp-content\\\/uploads\\\/2024\\\/07\\\/logo.png\",\"width\":600,\"height\":428,\"caption\":\"Koonings\"},\"image\":{\"@id\":\"https:\\\/\\\/www.koonings.com\\\/de\\\/#\\\/schema\\\/logo\\\/image\\\/\"},\"sameAs\":[\"https:\\\/\\\/www.facebook.com\\\/kooningstheweddingpalace\",\"https:\\\/\\\/www.instagram.com\\\/kooningstheweddingpalace\",\"https:\\\/\\\/www.pinterest.com\\\/koonings\",\"https:\\\/\\\/www.youtube.com\\\/kooningstheweddingpalace\"]}]}<\/script>\n<!-- \/ Yoast SEO plugin. -->","yoast_head_json":{"title":"Enzoani Blaue Kollektion Rosemary-L | Koonings","description":"Strahlen Sie aus jedem Blickwinkel mit dieser sexy und funkelnden Silhouette. Dieses k\u00f6stliche Kleid verf\u00fcgt \u00fcber einen quadratischen Ausschnitt, st\u00fctzende Tr\u00e4ger und einen R\u00fccken im Korsettstil mit einem wundersch\u00f6nen Perlenbesatz f\u00fcr einen glamour\u00f6sen Touch. Die auff\u00e4llige bestickte Spitze ist sorgf\u00e4ltig entlang des Mieders und des Rocks platziert, zusammen mit den seitlichen Illusionsausschnitten, die Ihre Kurven betonen.","robots":{"index":"index","follow":"follow","max-snippet":"max-snippet:-1","max-image-preview":"max-image-preview:large","max-video-preview":"max-video-preview:-1"},"canonical":"https:\/\/www.koonings.com\/de\/product\/enzoani-blue-collection-rosemary-l\/","og_locale":"de_DE","og_type":"article","og_title":"Enzoani Blaue Kollektion Rosemary-L | Koonings","og_description":"Strahlen Sie aus jedem Blickwinkel mit dieser sexy und funkelnden Silhouette. Dieses k\u00f6stliche Kleid verf\u00fcgt \u00fcber einen quadratischen Ausschnitt, st\u00fctzende Tr\u00e4ger und einen R\u00fccken im Korsettstil mit einem wundersch\u00f6nen Perlenbesatz f\u00fcr einen glamour\u00f6sen Touch. Die auff\u00e4llige bestickte Spitze ist sorgf\u00e4ltig entlang des Mieders und des Rocks platziert, zusammen mit den seitlichen Illusionsausschnitten, die Ihre Kurven betonen.","og_url":"https:\/\/www.koonings.com\/de\/product\/enzoani-blue-collection-rosemary-l\/","og_site_name":"Koonings","article_publisher":"https:\/\/www.facebook.com\/kooningstheweddingpalace","article_modified_time":"2026-02-03T17:15:58+00:00","og_image":[{"width":1035,"height":1380,"url":"https:\/\/www.koonings.com\/wp-content\/uploads\/2024\/11\/38669_654abec3d8d9538ac832f9ae85412b8bd23f00de8a7f48d87a97e11ce08f7b0ec0b7f847.jpeg","type":"image\/jpeg"}],"twitter_card":"summary_large_image","schema":{"@context":"https:\/\/schema.org","@graph":[{"@type":"WebPage","@id":"https:\/\/www.koonings.com\/de\/product\/enzoani-blue-collection-rosemary-l\/","url":"https:\/\/www.koonings.com\/de\/product\/enzoani-blue-collection-rosemary-l\/","name":"Enzoani Blaue Kollektion Rosemary-L | Koonings","isPartOf":{"@id":"https:\/\/www.koonings.com\/de\/#website"},"primaryImageOfPage":{"@id":"https:\/\/www.koonings.com\/de\/product\/enzoani-blue-collection-rosemary-l\/#primaryimage"},"image":{"@id":"https:\/\/www.koonings.com\/de\/product\/enzoani-blue-collection-rosemary-l\/#primaryimage"},"thumbnailUrl":"https:\/\/www.koonings.com\/wp-content\/uploads\/2024\/11\/38669_654abec3d8d9538ac832f9ae85412b8bd23f00de8a7f48d87a97e11ce08f7b0ec0b7f847.jpeg","datePublished":"2025-12-14T23:16:13+00:00","dateModified":"2026-02-03T17:15:58+00:00","description":"Strahlen Sie aus jedem Blickwinkel mit dieser sexy und funkelnden Silhouette. Dieses k\u00f6stliche Kleid verf\u00fcgt \u00fcber einen quadratischen Ausschnitt, st\u00fctzende Tr\u00e4ger und einen R\u00fccken im Korsettstil mit einem wundersch\u00f6nen Perlenbesatz f\u00fcr einen glamour\u00f6sen Touch. Die auff\u00e4llige bestickte Spitze ist sorgf\u00e4ltig entlang des Mieders und des Rocks platziert, zusammen mit den seitlichen Illusionsausschnitten, die Ihre Kurven betonen.","breadcrumb":{"@id":"https:\/\/www.koonings.com\/de\/product\/enzoani-blue-collection-rosemary-l\/#breadcrumb"},"inLanguage":"de","potentialAction":[{"@type":"ReadAction","target":["https:\/\/www.koonings.com\/de\/product\/enzoani-blue-collection-rosemary-l\/"]}]},{"@type":"ImageObject","inLanguage":"de","@id":"https:\/\/www.koonings.com\/de\/product\/enzoani-blue-collection-rosemary-l\/#primaryimage","url":"https:\/\/www.koonings.com\/wp-content\/uploads\/2024\/11\/38669_654abec3d8d9538ac832f9ae85412b8bd23f00de8a7f48d87a97e11ce08f7b0ec0b7f847.jpeg","contentUrl":"https:\/\/www.koonings.com\/wp-content\/uploads\/2024\/11\/38669_654abec3d8d9538ac832f9ae85412b8bd23f00de8a7f48d87a97e11ce08f7b0ec0b7f847.jpeg","width":1035,"height":1380},{"@type":"BreadcrumbList","@id":"https:\/\/www.koonings.com\/de\/product\/enzoani-blue-collection-rosemary-l\/#breadcrumb","itemListElement":[{"@type":"ListItem","position":1,"name":"Home","item":"https:\/\/www.koonings.com\/de\/"},{"@type":"ListItem","position":2,"name":"Enzoani Blaue Kollektion Rosemary-L"}]},{"@type":"WebSite","@id":"https:\/\/www.koonings.com\/de\/#website","url":"https:\/\/www.koonings.com\/de\/","name":"Koonings","description":"De grootste bruidsmodewinkel ter wereld","publisher":{"@id":"https:\/\/www.koonings.com\/de\/#organization"},"potentialAction":[{"@type":"SearchAction","target":{"@type":"EntryPoint","urlTemplate":"https:\/\/www.koonings.com\/de\/?s={search_term_string}"},"query-input":{"@type":"PropertyValueSpecification","valueRequired":true,"valueName":"search_term_string"}}],"inLanguage":"de"},{"@type":"Organization","@id":"https:\/\/www.koonings.com\/de\/#organization","name":"Koonings","url":"https:\/\/www.koonings.com\/de\/","logo":{"@type":"ImageObject","inLanguage":"de","@id":"https:\/\/www.koonings.com\/de\/#\/schema\/logo\/image\/","url":"https:\/\/www.koonings.com\/wp-content\/uploads\/2024\/07\/logo.png","contentUrl":"https:\/\/www.koonings.com\/wp-content\/uploads\/2024\/07\/logo.png","width":600,"height":428,"caption":"Koonings"},"image":{"@id":"https:\/\/www.koonings.com\/de\/#\/schema\/logo\/image\/"},"sameAs":["https:\/\/www.facebook.com\/kooningstheweddingpalace","https:\/\/www.instagram.com\/kooningstheweddingpalace","https:\/\/www.pinterest.com\/koonings","https:\/\/www.youtube.com\/kooningstheweddingpalace"]}]}},"_links":{"self":[{"href":"https:\/\/www.koonings.com\/de\/wp-json\/wp\/v2\/product\/57459","targetHints":{"allow":["GET"]}}],"collection":[{"href":"https:\/\/www.koonings.com\/de\/wp-json\/wp\/v2\/product"}],"about":[{"href":"https:\/\/www.koonings.com\/de\/wp-json\/wp\/v2\/types\/product"}],"wp:featuredmedia":[{"embeddable":true,"href":"https:\/\/www.koonings.com\/de\/wp-json\/wp\/v2\/media\/37315"}],"wp:attachment":[{"href":"https:\/\/www.koonings.com\/de\/wp-json\/wp\/v2\/media?parent=57459"}],"wp:term":[{"taxonomy":"productdetails","embeddable":true,"href":"https:\/\/www.koonings.com\/de\/wp-json\/wp\/v2\/productdetails?post=57459"},{"taxonomy":"productneck","embeddable":true,"href":"https:\/\/www.koonings.com\/de\/wp-json\/wp\/v2\/productneck?post=57459"},{"taxonomy":"productcolor","embeddable":true,"href":"https:\/\/www.koonings.com\/de\/wp-json\/wp\/v2\/productcolor?post=57459"},{"taxonomy":"maat","embeddable":true,"href":"https:\/\/www.koonings.com\/de\/wp-json\/wp\/v2\/maat?post=57459"},{"taxonomy":"productsupplier","embeddable":true,"href":"https:\/\/www.koonings.com\/de\/wp-json\/wp\/v2\/productsupplier?post=57459"},{"taxonomy":"productsleeve","embeddable":true,"href":"https:\/\/www.koonings.com\/de\/wp-json\/wp\/v2\/productsleeve?post=57459"},{"taxonomy":"productcategory","embeddable":true,"href":"https:\/\/www.koonings.com\/de\/wp-json\/wp\/v2\/productcategory?post=57459"},{"taxonomy":"productsilhouette","embeddable":true,"href":"https:\/\/www.koonings.com\/de\/wp-json\/wp\/v2\/productsilhouette?post=57459"},{"taxonomy":"productstyle","embeddable":true,"href":"https:\/\/www.koonings.com\/de\/wp-json\/wp\/v2\/productstyle?post=57459"}],"curies":[{"name":"wp","href":"https:\/\/api.w.org\/{rel}","templated":true}]}}