{"id":57447,"date":"2026-04-28T18:10:48","date_gmt":"2026-04-28T16:10:48","guid":{"rendered":"https:\/\/www.koonings.com\/product\/elysee-celine\/"},"modified":"2026-02-16T14:36:56","modified_gmt":"2026-02-16T13:36:56","slug":"elysee-celine","status":"publish","type":"product","link":"https:\/\/www.koonings.com\/de\/product\/elysee-celine\/","title":{"rendered":"Elysee Celine"},"content":{"rendered":"<p>Sie suchen ein bezauberndes Hochzeitskleid f\u00fcr Ihre M\u00e4rchenhochzeit? Das Modell C\u00e9line ist ein glitzerndes Kleid in A-Linie mit einem einzigartig geformten Rundhalsausschnitt auf mehreren Lagen von Spitze und T\u00fcll sowie niedlichen, abnehmbaren Off-the-Shoulder-T\u00fcll\u00e4rmeln. Schimmernde florale Spitze ist dezent auf dem Mieder platziert und flie\u00dft hinunter zum weichen T\u00fcllrock mit einem sexy Schlitz. Lassen Sie die M\u00fcnder Ihrer Hochzeitsg\u00e4ste offen stehen, wenn sie das atemberaubende, sichtbare Illusionskorsett am R\u00fccken und die tadellos geformte Schleppe sehen.<\/p>\n","protected":false},"featured_media":37379,"template":"","meta":{"_acf_changed":false,"ghostkit_customizer_options":"","ghostkit_custom_css":"","ghostkit_custom_js_head":"","ghostkit_custom_js_foot":"","ghostkit_typography":""},"productdetails":[379,376,381],"productneck":[353,354],"productcolor":[393,392],"maat":[],"productsupplier":[427],"productsleeve":[357],"productcategory":[18],"productsilhouette":[384,388],"productstyle":[366,370],"class_list":["post-57447","product","type-product","status-publish","has-post-thumbnail","hentry","productdetails-379","productdetails-376","productdetails-381","productneck-353","productneck-354","productcolor-393","productcolor-392","productsupplier-elysee","productsleeve-357","productcategory-trouwjurken","productsilhouette-384","productsilhouette-388","productstyle-366","productstyle-370"],"acf":[],"yoast_head":"<!-- This site is optimized with the Yoast SEO plugin v27.3 - https:\/\/yoast.com\/product\/yoast-seo-wordpress\/ -->\n<title>Elysee Celine | Koonings<\/title>\n<meta name=\"description\" content=\"Sie suchen ein bezauberndes Hochzeitskleid f\u00fcr Ihre M\u00e4rchenhochzeit? Das Modell C\u00e9line ist ein glitzerndes Kleid in A-Linie mit einem einzigartig geformten Rundhalsausschnitt auf mehreren Lagen von Spitze und T\u00fcll sowie niedlichen, abnehmbaren Off-the-Shoulder-T\u00fcll\u00e4rmeln. Schimmernde florale Spitze ist dezent auf dem Mieder platziert und flie\u00dft hinunter zum weichen T\u00fcllrock mit einem sexy Schlitz. Lassen Sie die M\u00fcnder Ihrer Hochzeitsg\u00e4ste offen stehen, wenn sie das atemberaubende, sichtbare Illusionskorsett am R\u00fccken und die tadellos geformte Schleppe sehen.\" \/>\n<meta name=\"robots\" content=\"index, follow, max-snippet:-1, max-image-preview:large, max-video-preview:-1\" \/>\n<link rel=\"canonical\" href=\"https:\/\/www.koonings.com\/de\/product\/elysee-celine\/\" \/>\n<meta property=\"og:locale\" content=\"de_DE\" \/>\n<meta property=\"og:type\" content=\"article\" \/>\n<meta property=\"og:title\" content=\"Elysee Celine | Koonings\" \/>\n<meta property=\"og:description\" content=\"Sie suchen ein bezauberndes Hochzeitskleid f\u00fcr Ihre M\u00e4rchenhochzeit? Das Modell C\u00e9line ist ein glitzerndes Kleid in A-Linie mit einem einzigartig geformten Rundhalsausschnitt auf mehreren Lagen von Spitze und T\u00fcll sowie niedlichen, abnehmbaren Off-the-Shoulder-T\u00fcll\u00e4rmeln. Schimmernde florale Spitze ist dezent auf dem Mieder platziert und flie\u00dft hinunter zum weichen T\u00fcllrock mit einem sexy Schlitz. Lassen Sie die M\u00fcnder Ihrer Hochzeitsg\u00e4ste offen stehen, wenn sie das atemberaubende, sichtbare Illusionskorsett am R\u00fccken und die tadellos geformte Schleppe sehen.\" \/>\n<meta property=\"og:url\" content=\"https:\/\/www.koonings.com\/de\/product\/elysee-celine\/\" \/>\n<meta property=\"og:site_name\" content=\"Koonings\" \/>\n<meta property=\"article:publisher\" content=\"https:\/\/www.facebook.com\/kooningstheweddingpalace\" \/>\n<meta property=\"og:image\" content=\"https:\/\/www.koonings.com\/wp-content\/uploads\/2024\/11\/38674_1d6b356090b76fe71b04d80a4259393f68b6696b1f7878b64713de6eeb80c4f2345ff88c.jpeg\" \/>\n\t<meta property=\"og:image:width\" content=\"1035\" \/>\n\t<meta property=\"og:image:height\" content=\"1380\" \/>\n\t<meta property=\"og:image:type\" content=\"image\/jpeg\" \/>\n<meta name=\"twitter:card\" content=\"summary_large_image\" \/>\n<script type=\"application\/ld+json\" class=\"yoast-schema-graph\">{\"@context\":\"https:\\\/\\\/schema.org\",\"@graph\":[{\"@type\":\"WebPage\",\"@id\":\"https:\\\/\\\/www.koonings.com\\\/de\\\/product\\\/elysee-celine\\\/\",\"url\":\"https:\\\/\\\/www.koonings.com\\\/de\\\/product\\\/elysee-celine\\\/\",\"name\":\"Elysee Celine | Koonings\",\"isPartOf\":{\"@id\":\"https:\\\/\\\/www.koonings.com\\\/de\\\/#website\"},\"primaryImageOfPage\":{\"@id\":\"https:\\\/\\\/www.koonings.com\\\/de\\\/product\\\/elysee-celine\\\/#primaryimage\"},\"image\":{\"@id\":\"https:\\\/\\\/www.koonings.com\\\/de\\\/product\\\/elysee-celine\\\/#primaryimage\"},\"thumbnailUrl\":\"https:\\\/\\\/www.koonings.com\\\/wp-content\\\/uploads\\\/2024\\\/11\\\/38674_1d6b356090b76fe71b04d80a4259393f68b6696b1f7878b64713de6eeb80c4f2345ff88c.jpeg\",\"datePublished\":\"2026-04-28T16:10:48+00:00\",\"description\":\"Sie suchen ein bezauberndes Hochzeitskleid f\u00fcr Ihre M\u00e4rchenhochzeit? Das Modell C\u00e9line ist ein glitzerndes Kleid in A-Linie mit einem einzigartig geformten Rundhalsausschnitt auf mehreren Lagen von Spitze und T\u00fcll sowie niedlichen, abnehmbaren Off-the-Shoulder-T\u00fcll\u00e4rmeln. Schimmernde florale Spitze ist dezent auf dem Mieder platziert und flie\u00dft hinunter zum weichen T\u00fcllrock mit einem sexy Schlitz. Lassen Sie die M\u00fcnder Ihrer Hochzeitsg\u00e4ste offen stehen, wenn sie das atemberaubende, sichtbare Illusionskorsett am R\u00fccken und die tadellos geformte Schleppe sehen.\",\"breadcrumb\":{\"@id\":\"https:\\\/\\\/www.koonings.com\\\/de\\\/product\\\/elysee-celine\\\/#breadcrumb\"},\"inLanguage\":\"de\",\"potentialAction\":[{\"@type\":\"ReadAction\",\"target\":[\"https:\\\/\\\/www.koonings.com\\\/de\\\/product\\\/elysee-celine\\\/\"]}]},{\"@type\":\"ImageObject\",\"inLanguage\":\"de\",\"@id\":\"https:\\\/\\\/www.koonings.com\\\/de\\\/product\\\/elysee-celine\\\/#primaryimage\",\"url\":\"https:\\\/\\\/www.koonings.com\\\/wp-content\\\/uploads\\\/2024\\\/11\\\/38674_1d6b356090b76fe71b04d80a4259393f68b6696b1f7878b64713de6eeb80c4f2345ff88c.jpeg\",\"contentUrl\":\"https:\\\/\\\/www.koonings.com\\\/wp-content\\\/uploads\\\/2024\\\/11\\\/38674_1d6b356090b76fe71b04d80a4259393f68b6696b1f7878b64713de6eeb80c4f2345ff88c.jpeg\",\"width\":1035,\"height\":1380},{\"@type\":\"BreadcrumbList\",\"@id\":\"https:\\\/\\\/www.koonings.com\\\/de\\\/product\\\/elysee-celine\\\/#breadcrumb\",\"itemListElement\":[{\"@type\":\"ListItem\",\"position\":1,\"name\":\"Home\",\"item\":\"https:\\\/\\\/www.koonings.com\\\/de\\\/\"},{\"@type\":\"ListItem\",\"position\":2,\"name\":\"Elysee Celine\"}]},{\"@type\":\"WebSite\",\"@id\":\"https:\\\/\\\/www.koonings.com\\\/de\\\/#website\",\"url\":\"https:\\\/\\\/www.koonings.com\\\/de\\\/\",\"name\":\"Koonings\",\"description\":\"De grootste bruidsmodewinkel ter wereld\",\"publisher\":{\"@id\":\"https:\\\/\\\/www.koonings.com\\\/de\\\/#organization\"},\"potentialAction\":[{\"@type\":\"SearchAction\",\"target\":{\"@type\":\"EntryPoint\",\"urlTemplate\":\"https:\\\/\\\/www.koonings.com\\\/de\\\/?s={search_term_string}\"},\"query-input\":{\"@type\":\"PropertyValueSpecification\",\"valueRequired\":true,\"valueName\":\"search_term_string\"}}],\"inLanguage\":\"de\"},{\"@type\":\"Organization\",\"@id\":\"https:\\\/\\\/www.koonings.com\\\/de\\\/#organization\",\"name\":\"Koonings\",\"url\":\"https:\\\/\\\/www.koonings.com\\\/de\\\/\",\"logo\":{\"@type\":\"ImageObject\",\"inLanguage\":\"de\",\"@id\":\"https:\\\/\\\/www.koonings.com\\\/de\\\/#\\\/schema\\\/logo\\\/image\\\/\",\"url\":\"https:\\\/\\\/www.koonings.com\\\/wp-content\\\/uploads\\\/2024\\\/07\\\/logo.png\",\"contentUrl\":\"https:\\\/\\\/www.koonings.com\\\/wp-content\\\/uploads\\\/2024\\\/07\\\/logo.png\",\"width\":600,\"height\":428,\"caption\":\"Koonings\"},\"image\":{\"@id\":\"https:\\\/\\\/www.koonings.com\\\/de\\\/#\\\/schema\\\/logo\\\/image\\\/\"},\"sameAs\":[\"https:\\\/\\\/www.facebook.com\\\/kooningstheweddingpalace\",\"https:\\\/\\\/www.instagram.com\\\/kooningstheweddingpalace\",\"https:\\\/\\\/www.pinterest.com\\\/koonings\",\"https:\\\/\\\/www.youtube.com\\\/kooningstheweddingpalace\"]}]}<\/script>\n<!-- \/ Yoast SEO plugin. -->","yoast_head_json":{"title":"Elysee Celine | Koonings","description":"Sie suchen ein bezauberndes Hochzeitskleid f\u00fcr Ihre M\u00e4rchenhochzeit? Das Modell C\u00e9line ist ein glitzerndes Kleid in A-Linie mit einem einzigartig geformten Rundhalsausschnitt auf mehreren Lagen von Spitze und T\u00fcll sowie niedlichen, abnehmbaren Off-the-Shoulder-T\u00fcll\u00e4rmeln. Schimmernde florale Spitze ist dezent auf dem Mieder platziert und flie\u00dft hinunter zum weichen T\u00fcllrock mit einem sexy Schlitz. Lassen Sie die M\u00fcnder Ihrer Hochzeitsg\u00e4ste offen stehen, wenn sie das atemberaubende, sichtbare Illusionskorsett am R\u00fccken und die tadellos geformte Schleppe sehen.","robots":{"index":"index","follow":"follow","max-snippet":"max-snippet:-1","max-image-preview":"max-image-preview:large","max-video-preview":"max-video-preview:-1"},"canonical":"https:\/\/www.koonings.com\/de\/product\/elysee-celine\/","og_locale":"de_DE","og_type":"article","og_title":"Elysee Celine | Koonings","og_description":"Sie suchen ein bezauberndes Hochzeitskleid f\u00fcr Ihre M\u00e4rchenhochzeit? Das Modell C\u00e9line ist ein glitzerndes Kleid in A-Linie mit einem einzigartig geformten Rundhalsausschnitt auf mehreren Lagen von Spitze und T\u00fcll sowie niedlichen, abnehmbaren Off-the-Shoulder-T\u00fcll\u00e4rmeln. Schimmernde florale Spitze ist dezent auf dem Mieder platziert und flie\u00dft hinunter zum weichen T\u00fcllrock mit einem sexy Schlitz. Lassen Sie die M\u00fcnder Ihrer Hochzeitsg\u00e4ste offen stehen, wenn sie das atemberaubende, sichtbare Illusionskorsett am R\u00fccken und die tadellos geformte Schleppe sehen.","og_url":"https:\/\/www.koonings.com\/de\/product\/elysee-celine\/","og_site_name":"Koonings","article_publisher":"https:\/\/www.facebook.com\/kooningstheweddingpalace","og_image":[{"width":1035,"height":1380,"url":"https:\/\/www.koonings.com\/wp-content\/uploads\/2024\/11\/38674_1d6b356090b76fe71b04d80a4259393f68b6696b1f7878b64713de6eeb80c4f2345ff88c.jpeg","type":"image\/jpeg"}],"twitter_card":"summary_large_image","schema":{"@context":"https:\/\/schema.org","@graph":[{"@type":"WebPage","@id":"https:\/\/www.koonings.com\/de\/product\/elysee-celine\/","url":"https:\/\/www.koonings.com\/de\/product\/elysee-celine\/","name":"Elysee Celine | Koonings","isPartOf":{"@id":"https:\/\/www.koonings.com\/de\/#website"},"primaryImageOfPage":{"@id":"https:\/\/www.koonings.com\/de\/product\/elysee-celine\/#primaryimage"},"image":{"@id":"https:\/\/www.koonings.com\/de\/product\/elysee-celine\/#primaryimage"},"thumbnailUrl":"https:\/\/www.koonings.com\/wp-content\/uploads\/2024\/11\/38674_1d6b356090b76fe71b04d80a4259393f68b6696b1f7878b64713de6eeb80c4f2345ff88c.jpeg","datePublished":"2026-04-28T16:10:48+00:00","description":"Sie suchen ein bezauberndes Hochzeitskleid f\u00fcr Ihre M\u00e4rchenhochzeit? Das Modell C\u00e9line ist ein glitzerndes Kleid in A-Linie mit einem einzigartig geformten Rundhalsausschnitt auf mehreren Lagen von Spitze und T\u00fcll sowie niedlichen, abnehmbaren Off-the-Shoulder-T\u00fcll\u00e4rmeln. Schimmernde florale Spitze ist dezent auf dem Mieder platziert und flie\u00dft hinunter zum weichen T\u00fcllrock mit einem sexy Schlitz. Lassen Sie die M\u00fcnder Ihrer Hochzeitsg\u00e4ste offen stehen, wenn sie das atemberaubende, sichtbare Illusionskorsett am R\u00fccken und die tadellos geformte Schleppe sehen.","breadcrumb":{"@id":"https:\/\/www.koonings.com\/de\/product\/elysee-celine\/#breadcrumb"},"inLanguage":"de","potentialAction":[{"@type":"ReadAction","target":["https:\/\/www.koonings.com\/de\/product\/elysee-celine\/"]}]},{"@type":"ImageObject","inLanguage":"de","@id":"https:\/\/www.koonings.com\/de\/product\/elysee-celine\/#primaryimage","url":"https:\/\/www.koonings.com\/wp-content\/uploads\/2024\/11\/38674_1d6b356090b76fe71b04d80a4259393f68b6696b1f7878b64713de6eeb80c4f2345ff88c.jpeg","contentUrl":"https:\/\/www.koonings.com\/wp-content\/uploads\/2024\/11\/38674_1d6b356090b76fe71b04d80a4259393f68b6696b1f7878b64713de6eeb80c4f2345ff88c.jpeg","width":1035,"height":1380},{"@type":"BreadcrumbList","@id":"https:\/\/www.koonings.com\/de\/product\/elysee-celine\/#breadcrumb","itemListElement":[{"@type":"ListItem","position":1,"name":"Home","item":"https:\/\/www.koonings.com\/de\/"},{"@type":"ListItem","position":2,"name":"Elysee Celine"}]},{"@type":"WebSite","@id":"https:\/\/www.koonings.com\/de\/#website","url":"https:\/\/www.koonings.com\/de\/","name":"Koonings","description":"De grootste bruidsmodewinkel ter wereld","publisher":{"@id":"https:\/\/www.koonings.com\/de\/#organization"},"potentialAction":[{"@type":"SearchAction","target":{"@type":"EntryPoint","urlTemplate":"https:\/\/www.koonings.com\/de\/?s={search_term_string}"},"query-input":{"@type":"PropertyValueSpecification","valueRequired":true,"valueName":"search_term_string"}}],"inLanguage":"de"},{"@type":"Organization","@id":"https:\/\/www.koonings.com\/de\/#organization","name":"Koonings","url":"https:\/\/www.koonings.com\/de\/","logo":{"@type":"ImageObject","inLanguage":"de","@id":"https:\/\/www.koonings.com\/de\/#\/schema\/logo\/image\/","url":"https:\/\/www.koonings.com\/wp-content\/uploads\/2024\/07\/logo.png","contentUrl":"https:\/\/www.koonings.com\/wp-content\/uploads\/2024\/07\/logo.png","width":600,"height":428,"caption":"Koonings"},"image":{"@id":"https:\/\/www.koonings.com\/de\/#\/schema\/logo\/image\/"},"sameAs":["https:\/\/www.facebook.com\/kooningstheweddingpalace","https:\/\/www.instagram.com\/kooningstheweddingpalace","https:\/\/www.pinterest.com\/koonings","https:\/\/www.youtube.com\/kooningstheweddingpalace"]}]}},"_links":{"self":[{"href":"https:\/\/www.koonings.com\/de\/wp-json\/wp\/v2\/product\/57447","targetHints":{"allow":["GET"]}}],"collection":[{"href":"https:\/\/www.koonings.com\/de\/wp-json\/wp\/v2\/product"}],"about":[{"href":"https:\/\/www.koonings.com\/de\/wp-json\/wp\/v2\/types\/product"}],"wp:featuredmedia":[{"embeddable":true,"href":"https:\/\/www.koonings.com\/de\/wp-json\/wp\/v2\/media\/37379"}],"wp:attachment":[{"href":"https:\/\/www.koonings.com\/de\/wp-json\/wp\/v2\/media?parent=57447"}],"wp:term":[{"taxonomy":"productdetails","embeddable":true,"href":"https:\/\/www.koonings.com\/de\/wp-json\/wp\/v2\/productdetails?post=57447"},{"taxonomy":"productneck","embeddable":true,"href":"https:\/\/www.koonings.com\/de\/wp-json\/wp\/v2\/productneck?post=57447"},{"taxonomy":"productcolor","embeddable":true,"href":"https:\/\/www.koonings.com\/de\/wp-json\/wp\/v2\/productcolor?post=57447"},{"taxonomy":"maat","embeddable":true,"href":"https:\/\/www.koonings.com\/de\/wp-json\/wp\/v2\/maat?post=57447"},{"taxonomy":"productsupplier","embeddable":true,"href":"https:\/\/www.koonings.com\/de\/wp-json\/wp\/v2\/productsupplier?post=57447"},{"taxonomy":"productsleeve","embeddable":true,"href":"https:\/\/www.koonings.com\/de\/wp-json\/wp\/v2\/productsleeve?post=57447"},{"taxonomy":"productcategory","embeddable":true,"href":"https:\/\/www.koonings.com\/de\/wp-json\/wp\/v2\/productcategory?post=57447"},{"taxonomy":"productsilhouette","embeddable":true,"href":"https:\/\/www.koonings.com\/de\/wp-json\/wp\/v2\/productsilhouette?post=57447"},{"taxonomy":"productstyle","embeddable":true,"href":"https:\/\/www.koonings.com\/de\/wp-json\/wp\/v2\/productstyle?post=57447"}],"curies":[{"name":"wp","href":"https:\/\/api.w.org\/{rel}","templated":true}]}}