{"id":57443,"date":"2026-05-06T15:10:59","date_gmt":"2026-05-06T13:10:59","guid":{"rendered":"https:\/\/www.koonings.com\/product\/enzoani-blue-collection-rebel-l\/"},"modified":"2026-02-16T14:37:09","modified_gmt":"2026-02-16T13:37:09","slug":"enzoani-blue-collection-rebel-l","status":"publish","type":"product","link":"https:\/\/www.koonings.com\/de\/product\/enzoani-blue-collection-rebel-l\/","title":{"rendered":"Enzoani Blaue Kollektion Rebel-L"},"content":{"rendered":"<p>Die k\u00fchnen Details sind das A und O. Zeigen Sie all Ihre wundersch\u00f6nen Kurven mit den k\u00fchnen seitlichen Illusionsspitzenausschnitten, die durch die h\u00fcbschen Korsettst\u00e4bchen am Mieder erg\u00e4nzt werden. Die zierlichen Spaghettitr\u00e4ger, das Schleifendetail und der Illusionsr\u00fccken vervollst\u00e4ndigen dieses auff\u00e4llige Kleid f\u00fcr einen bezaubernden Brautlook.  <\/p>\n","protected":false},"featured_media":37421,"template":"","meta":{"_acf_changed":false,"ghostkit_customizer_options":"","ghostkit_custom_css":"","ghostkit_custom_js_head":"","ghostkit_custom_js_foot":"","ghostkit_typography":""},"productdetails":[379,376,383],"productneck":[355],"productcolor":[393,392],"maat":[],"productsupplier":[405],"productsleeve":[359],"productcategory":[18],"productsilhouette":[387],"productstyle":[366,370],"class_list":["post-57443","product","type-product","status-publish","has-post-thumbnail","hentry","productdetails-379","productdetails-376","productdetails-383","productneck-355","productcolor-393","productcolor-392","productsupplier-enzoani-blue-collection","productsleeve-359","productcategory-trouwjurken","productsilhouette-387","productstyle-366","productstyle-370"],"acf":[],"yoast_head":"<!-- This site is optimized with the Yoast SEO plugin v27.3 - https:\/\/yoast.com\/product\/yoast-seo-wordpress\/ -->\n<title>Enzoani Blaue Kollektion Rebel-L | Koonings<\/title>\n<meta name=\"description\" content=\"Die k\u00fchnen Details sind das A und O. Zeigen Sie all Ihre wundersch\u00f6nen Kurven mit den k\u00fchnen seitlichen Illusionsspitzenausschnitten, die durch die h\u00fcbschen Korsettst\u00e4bchen am Mieder erg\u00e4nzt werden. Die zierlichen Spaghettitr\u00e4ger, das Schleifendetail und der Illusionsr\u00fccken vervollst\u00e4ndigen dieses auff\u00e4llige Kleid f\u00fcr einen bezaubernden Brautlook.\" \/>\n<meta name=\"robots\" content=\"index, follow, max-snippet:-1, max-image-preview:large, max-video-preview:-1\" \/>\n<link rel=\"canonical\" href=\"https:\/\/www.koonings.com\/de\/product\/enzoani-blue-collection-rebel-l\/\" \/>\n<meta property=\"og:locale\" content=\"de_DE\" \/>\n<meta property=\"og:type\" content=\"article\" \/>\n<meta property=\"og:title\" content=\"Enzoani Blaue Kollektion Rebel-L | Koonings\" \/>\n<meta property=\"og:description\" content=\"Die k\u00fchnen Details sind das A und O. Zeigen Sie all Ihre wundersch\u00f6nen Kurven mit den k\u00fchnen seitlichen Illusionsspitzenausschnitten, die durch die h\u00fcbschen Korsettst\u00e4bchen am Mieder erg\u00e4nzt werden. Die zierlichen Spaghettitr\u00e4ger, das Schleifendetail und der Illusionsr\u00fccken vervollst\u00e4ndigen dieses auff\u00e4llige Kleid f\u00fcr einen bezaubernden Brautlook.\" \/>\n<meta property=\"og:url\" content=\"https:\/\/www.koonings.com\/de\/product\/enzoani-blue-collection-rebel-l\/\" \/>\n<meta property=\"og:site_name\" content=\"Koonings\" \/>\n<meta property=\"article:publisher\" content=\"https:\/\/www.facebook.com\/kooningstheweddingpalace\" \/>\n<meta property=\"og:image\" content=\"https:\/\/www.koonings.com\/wp-content\/uploads\/2024\/11\/38682_0c253389f2d07d2b74ae70bddead127970223e3350bda4ae3d7eb0ebd6cbed44ef2a343f.jpeg\" \/>\n\t<meta property=\"og:image:width\" content=\"1035\" \/>\n\t<meta property=\"og:image:height\" content=\"1380\" \/>\n\t<meta property=\"og:image:type\" content=\"image\/jpeg\" \/>\n<meta name=\"twitter:card\" content=\"summary_large_image\" \/>\n<script type=\"application\/ld+json\" class=\"yoast-schema-graph\">{\"@context\":\"https:\\\/\\\/schema.org\",\"@graph\":[{\"@type\":\"WebPage\",\"@id\":\"https:\\\/\\\/www.koonings.com\\\/de\\\/product\\\/enzoani-blue-collection-rebel-l\\\/\",\"url\":\"https:\\\/\\\/www.koonings.com\\\/de\\\/product\\\/enzoani-blue-collection-rebel-l\\\/\",\"name\":\"Enzoani Blaue Kollektion Rebel-L | Koonings\",\"isPartOf\":{\"@id\":\"https:\\\/\\\/www.koonings.com\\\/de\\\/#website\"},\"primaryImageOfPage\":{\"@id\":\"https:\\\/\\\/www.koonings.com\\\/de\\\/product\\\/enzoani-blue-collection-rebel-l\\\/#primaryimage\"},\"image\":{\"@id\":\"https:\\\/\\\/www.koonings.com\\\/de\\\/product\\\/enzoani-blue-collection-rebel-l\\\/#primaryimage\"},\"thumbnailUrl\":\"https:\\\/\\\/www.koonings.com\\\/wp-content\\\/uploads\\\/2024\\\/11\\\/38682_0c253389f2d07d2b74ae70bddead127970223e3350bda4ae3d7eb0ebd6cbed44ef2a343f.jpeg\",\"datePublished\":\"2026-05-06T13:10:59+00:00\",\"description\":\"Die k\u00fchnen Details sind das A und O. Zeigen Sie all Ihre wundersch\u00f6nen Kurven mit den k\u00fchnen seitlichen Illusionsspitzenausschnitten, die durch die h\u00fcbschen Korsettst\u00e4bchen am Mieder erg\u00e4nzt werden. Die zierlichen Spaghettitr\u00e4ger, das Schleifendetail und der Illusionsr\u00fccken vervollst\u00e4ndigen dieses auff\u00e4llige Kleid f\u00fcr einen bezaubernden Brautlook.\",\"breadcrumb\":{\"@id\":\"https:\\\/\\\/www.koonings.com\\\/de\\\/product\\\/enzoani-blue-collection-rebel-l\\\/#breadcrumb\"},\"inLanguage\":\"de\",\"potentialAction\":[{\"@type\":\"ReadAction\",\"target\":[\"https:\\\/\\\/www.koonings.com\\\/de\\\/product\\\/enzoani-blue-collection-rebel-l\\\/\"]}]},{\"@type\":\"ImageObject\",\"inLanguage\":\"de\",\"@id\":\"https:\\\/\\\/www.koonings.com\\\/de\\\/product\\\/enzoani-blue-collection-rebel-l\\\/#primaryimage\",\"url\":\"https:\\\/\\\/www.koonings.com\\\/wp-content\\\/uploads\\\/2024\\\/11\\\/38682_0c253389f2d07d2b74ae70bddead127970223e3350bda4ae3d7eb0ebd6cbed44ef2a343f.jpeg\",\"contentUrl\":\"https:\\\/\\\/www.koonings.com\\\/wp-content\\\/uploads\\\/2024\\\/11\\\/38682_0c253389f2d07d2b74ae70bddead127970223e3350bda4ae3d7eb0ebd6cbed44ef2a343f.jpeg\",\"width\":1035,\"height\":1380},{\"@type\":\"BreadcrumbList\",\"@id\":\"https:\\\/\\\/www.koonings.com\\\/de\\\/product\\\/enzoani-blue-collection-rebel-l\\\/#breadcrumb\",\"itemListElement\":[{\"@type\":\"ListItem\",\"position\":1,\"name\":\"Home\",\"item\":\"https:\\\/\\\/www.koonings.com\\\/de\\\/\"},{\"@type\":\"ListItem\",\"position\":2,\"name\":\"Enzoani Blaue Kollektion Rebel-L\"}]},{\"@type\":\"WebSite\",\"@id\":\"https:\\\/\\\/www.koonings.com\\\/de\\\/#website\",\"url\":\"https:\\\/\\\/www.koonings.com\\\/de\\\/\",\"name\":\"Koonings\",\"description\":\"De grootste bruidsmodewinkel ter wereld\",\"publisher\":{\"@id\":\"https:\\\/\\\/www.koonings.com\\\/de\\\/#organization\"},\"potentialAction\":[{\"@type\":\"SearchAction\",\"target\":{\"@type\":\"EntryPoint\",\"urlTemplate\":\"https:\\\/\\\/www.koonings.com\\\/de\\\/?s={search_term_string}\"},\"query-input\":{\"@type\":\"PropertyValueSpecification\",\"valueRequired\":true,\"valueName\":\"search_term_string\"}}],\"inLanguage\":\"de\"},{\"@type\":\"Organization\",\"@id\":\"https:\\\/\\\/www.koonings.com\\\/de\\\/#organization\",\"name\":\"Koonings\",\"url\":\"https:\\\/\\\/www.koonings.com\\\/de\\\/\",\"logo\":{\"@type\":\"ImageObject\",\"inLanguage\":\"de\",\"@id\":\"https:\\\/\\\/www.koonings.com\\\/de\\\/#\\\/schema\\\/logo\\\/image\\\/\",\"url\":\"https:\\\/\\\/www.koonings.com\\\/wp-content\\\/uploads\\\/2024\\\/07\\\/logo.png\",\"contentUrl\":\"https:\\\/\\\/www.koonings.com\\\/wp-content\\\/uploads\\\/2024\\\/07\\\/logo.png\",\"width\":600,\"height\":428,\"caption\":\"Koonings\"},\"image\":{\"@id\":\"https:\\\/\\\/www.koonings.com\\\/de\\\/#\\\/schema\\\/logo\\\/image\\\/\"},\"sameAs\":[\"https:\\\/\\\/www.facebook.com\\\/kooningstheweddingpalace\",\"https:\\\/\\\/www.instagram.com\\\/kooningstheweddingpalace\",\"https:\\\/\\\/www.pinterest.com\\\/koonings\",\"https:\\\/\\\/www.youtube.com\\\/kooningstheweddingpalace\"]}]}<\/script>\n<!-- \/ Yoast SEO plugin. -->","yoast_head_json":{"title":"Enzoani Blaue Kollektion Rebel-L | Koonings","description":"Die k\u00fchnen Details sind das A und O. Zeigen Sie all Ihre wundersch\u00f6nen Kurven mit den k\u00fchnen seitlichen Illusionsspitzenausschnitten, die durch die h\u00fcbschen Korsettst\u00e4bchen am Mieder erg\u00e4nzt werden. Die zierlichen Spaghettitr\u00e4ger, das Schleifendetail und der Illusionsr\u00fccken vervollst\u00e4ndigen dieses auff\u00e4llige Kleid f\u00fcr einen bezaubernden Brautlook.","robots":{"index":"index","follow":"follow","max-snippet":"max-snippet:-1","max-image-preview":"max-image-preview:large","max-video-preview":"max-video-preview:-1"},"canonical":"https:\/\/www.koonings.com\/de\/product\/enzoani-blue-collection-rebel-l\/","og_locale":"de_DE","og_type":"article","og_title":"Enzoani Blaue Kollektion Rebel-L | Koonings","og_description":"Die k\u00fchnen Details sind das A und O. Zeigen Sie all Ihre wundersch\u00f6nen Kurven mit den k\u00fchnen seitlichen Illusionsspitzenausschnitten, die durch die h\u00fcbschen Korsettst\u00e4bchen am Mieder erg\u00e4nzt werden. Die zierlichen Spaghettitr\u00e4ger, das Schleifendetail und der Illusionsr\u00fccken vervollst\u00e4ndigen dieses auff\u00e4llige Kleid f\u00fcr einen bezaubernden Brautlook.","og_url":"https:\/\/www.koonings.com\/de\/product\/enzoani-blue-collection-rebel-l\/","og_site_name":"Koonings","article_publisher":"https:\/\/www.facebook.com\/kooningstheweddingpalace","og_image":[{"width":1035,"height":1380,"url":"https:\/\/www.koonings.com\/wp-content\/uploads\/2024\/11\/38682_0c253389f2d07d2b74ae70bddead127970223e3350bda4ae3d7eb0ebd6cbed44ef2a343f.jpeg","type":"image\/jpeg"}],"twitter_card":"summary_large_image","schema":{"@context":"https:\/\/schema.org","@graph":[{"@type":"WebPage","@id":"https:\/\/www.koonings.com\/de\/product\/enzoani-blue-collection-rebel-l\/","url":"https:\/\/www.koonings.com\/de\/product\/enzoani-blue-collection-rebel-l\/","name":"Enzoani Blaue Kollektion Rebel-L | Koonings","isPartOf":{"@id":"https:\/\/www.koonings.com\/de\/#website"},"primaryImageOfPage":{"@id":"https:\/\/www.koonings.com\/de\/product\/enzoani-blue-collection-rebel-l\/#primaryimage"},"image":{"@id":"https:\/\/www.koonings.com\/de\/product\/enzoani-blue-collection-rebel-l\/#primaryimage"},"thumbnailUrl":"https:\/\/www.koonings.com\/wp-content\/uploads\/2024\/11\/38682_0c253389f2d07d2b74ae70bddead127970223e3350bda4ae3d7eb0ebd6cbed44ef2a343f.jpeg","datePublished":"2026-05-06T13:10:59+00:00","description":"Die k\u00fchnen Details sind das A und O. Zeigen Sie all Ihre wundersch\u00f6nen Kurven mit den k\u00fchnen seitlichen Illusionsspitzenausschnitten, die durch die h\u00fcbschen Korsettst\u00e4bchen am Mieder erg\u00e4nzt werden. Die zierlichen Spaghettitr\u00e4ger, das Schleifendetail und der Illusionsr\u00fccken vervollst\u00e4ndigen dieses auff\u00e4llige Kleid f\u00fcr einen bezaubernden Brautlook.","breadcrumb":{"@id":"https:\/\/www.koonings.com\/de\/product\/enzoani-blue-collection-rebel-l\/#breadcrumb"},"inLanguage":"de","potentialAction":[{"@type":"ReadAction","target":["https:\/\/www.koonings.com\/de\/product\/enzoani-blue-collection-rebel-l\/"]}]},{"@type":"ImageObject","inLanguage":"de","@id":"https:\/\/www.koonings.com\/de\/product\/enzoani-blue-collection-rebel-l\/#primaryimage","url":"https:\/\/www.koonings.com\/wp-content\/uploads\/2024\/11\/38682_0c253389f2d07d2b74ae70bddead127970223e3350bda4ae3d7eb0ebd6cbed44ef2a343f.jpeg","contentUrl":"https:\/\/www.koonings.com\/wp-content\/uploads\/2024\/11\/38682_0c253389f2d07d2b74ae70bddead127970223e3350bda4ae3d7eb0ebd6cbed44ef2a343f.jpeg","width":1035,"height":1380},{"@type":"BreadcrumbList","@id":"https:\/\/www.koonings.com\/de\/product\/enzoani-blue-collection-rebel-l\/#breadcrumb","itemListElement":[{"@type":"ListItem","position":1,"name":"Home","item":"https:\/\/www.koonings.com\/de\/"},{"@type":"ListItem","position":2,"name":"Enzoani Blaue Kollektion Rebel-L"}]},{"@type":"WebSite","@id":"https:\/\/www.koonings.com\/de\/#website","url":"https:\/\/www.koonings.com\/de\/","name":"Koonings","description":"De grootste bruidsmodewinkel ter wereld","publisher":{"@id":"https:\/\/www.koonings.com\/de\/#organization"},"potentialAction":[{"@type":"SearchAction","target":{"@type":"EntryPoint","urlTemplate":"https:\/\/www.koonings.com\/de\/?s={search_term_string}"},"query-input":{"@type":"PropertyValueSpecification","valueRequired":true,"valueName":"search_term_string"}}],"inLanguage":"de"},{"@type":"Organization","@id":"https:\/\/www.koonings.com\/de\/#organization","name":"Koonings","url":"https:\/\/www.koonings.com\/de\/","logo":{"@type":"ImageObject","inLanguage":"de","@id":"https:\/\/www.koonings.com\/de\/#\/schema\/logo\/image\/","url":"https:\/\/www.koonings.com\/wp-content\/uploads\/2024\/07\/logo.png","contentUrl":"https:\/\/www.koonings.com\/wp-content\/uploads\/2024\/07\/logo.png","width":600,"height":428,"caption":"Koonings"},"image":{"@id":"https:\/\/www.koonings.com\/de\/#\/schema\/logo\/image\/"},"sameAs":["https:\/\/www.facebook.com\/kooningstheweddingpalace","https:\/\/www.instagram.com\/kooningstheweddingpalace","https:\/\/www.pinterest.com\/koonings","https:\/\/www.youtube.com\/kooningstheweddingpalace"]}]}},"_links":{"self":[{"href":"https:\/\/www.koonings.com\/de\/wp-json\/wp\/v2\/product\/57443","targetHints":{"allow":["GET"]}}],"collection":[{"href":"https:\/\/www.koonings.com\/de\/wp-json\/wp\/v2\/product"}],"about":[{"href":"https:\/\/www.koonings.com\/de\/wp-json\/wp\/v2\/types\/product"}],"wp:featuredmedia":[{"embeddable":true,"href":"https:\/\/www.koonings.com\/de\/wp-json\/wp\/v2\/media\/37421"}],"wp:attachment":[{"href":"https:\/\/www.koonings.com\/de\/wp-json\/wp\/v2\/media?parent=57443"}],"wp:term":[{"taxonomy":"productdetails","embeddable":true,"href":"https:\/\/www.koonings.com\/de\/wp-json\/wp\/v2\/productdetails?post=57443"},{"taxonomy":"productneck","embeddable":true,"href":"https:\/\/www.koonings.com\/de\/wp-json\/wp\/v2\/productneck?post=57443"},{"taxonomy":"productcolor","embeddable":true,"href":"https:\/\/www.koonings.com\/de\/wp-json\/wp\/v2\/productcolor?post=57443"},{"taxonomy":"maat","embeddable":true,"href":"https:\/\/www.koonings.com\/de\/wp-json\/wp\/v2\/maat?post=57443"},{"taxonomy":"productsupplier","embeddable":true,"href":"https:\/\/www.koonings.com\/de\/wp-json\/wp\/v2\/productsupplier?post=57443"},{"taxonomy":"productsleeve","embeddable":true,"href":"https:\/\/www.koonings.com\/de\/wp-json\/wp\/v2\/productsleeve?post=57443"},{"taxonomy":"productcategory","embeddable":true,"href":"https:\/\/www.koonings.com\/de\/wp-json\/wp\/v2\/productcategory?post=57443"},{"taxonomy":"productsilhouette","embeddable":true,"href":"https:\/\/www.koonings.com\/de\/wp-json\/wp\/v2\/productsilhouette?post=57443"},{"taxonomy":"productstyle","embeddable":true,"href":"https:\/\/www.koonings.com\/de\/wp-json\/wp\/v2\/productstyle?post=57443"}],"curies":[{"name":"wp","href":"https:\/\/api.w.org\/{rel}","templated":true}]}}